{"id":18966,"date":"2025-04-07T06:04:37","date_gmt":"2025-04-07T06:04:37","guid":{"rendered":"https:\/\/www.hydraulic-cylinders.net\/product\/boom-cylinder-for-caterpillar-large-excavator-e330b330c\/"},"modified":"2025-04-07T06:04:39","modified_gmt":"2025-04-07T06:04:39","slug":"boom-cylinder-for-caterpillar-large-excavator-e330b330c","status":"publish","type":"product","link":"https:\/\/www.hydraulic-cylinders.net\/ro\/produs\/boom-cylinder-for-caterpillar-large-excavator-e330b330c\/","title":{"rendered":"Cilindru de bra\u021b pentru excavator mare Caterpillar E330B330C"},"content":{"rendered":"<h1>Cilindru de bra\u021b pentru excavator mare Caterpillar E330B330C<\/h1>\n<h2>Prezentare general\u0103 a produsului<\/h2>\n<p>Cilindrul bra\u021bului pentru excavatorul mare Caterpillar E330B330C este un cilindru hidraulic special conceput pentru controlul mi\u0219c\u0103rii bra\u021bului \u00een utilaje grele, cum ar fi excavatoarele, \u00eenc\u0103rc\u0103toarele excavatoare \u0219i \u00eenc\u0103rc\u0103toarele frontale. Aceast\u0103 component\u0103 joac\u0103 un rol crucial \u00een sarcinile de manipulare a materialelor, permi\u021b\u00e2nd ridicarea, cobor\u00e2rea \u0219i \u00eenclinarea eficient\u0103 a bra\u021bului. Ca cilindru hidraulic, func\u021bia sa principal\u0103 este de a utiliza presiunea hidraulic\u0103 pentru a facilita mi\u0219c\u0103ri line \u0219i puternice, ceea ce \u00eel face indispensabil \u00een diverse contexte opera\u021bionale.<\/p>\n<p><img decoding=\"async\" src=\"https:\/\/www.hydraulic-cylinders.net\/wp-content\/uploads\/2025\/04\/songte-company-1.webp\" alt=\"Cilindru de bra\u021b pentru excavator\"><\/p>\n<h2>Caracteristicile cilindrului bra\u021bului<\/h2>\n<ul>\n<li><strong>Rezisten\u021b\u0103 \u0219i durabilitate ridicate:<\/strong> Fabrica\u021bi din o\u021bel sau aluminiu de \u00eenalt\u0103 rezisten\u021b\u0103, ace\u0219ti cilindri pot rezista la presiuni ridicate \u0219i sarcini grele, adapt\u00e2ndu-se \u00een acela\u0219i timp la condi\u021bii dure de lucru, cu designuri care iau \u00een considerare rezisten\u021ba la uzur\u0103 \u0219i protec\u021bia \u00eempotriva coroziunii pentru o durat\u0103 de via\u021b\u0103 extins\u0103.<\/li>\n<li><strong>Func\u021bionare hidraulic\u0103 eficient\u0103:<\/strong> Cilindrul utilizeaz\u0103 presiunea uleiului hidraulic pentru o extensie \u0219i retragere lin\u0103, permi\u021b\u00e2nd un r\u0103spuns rapid la comenzile de control, oferind \u00een acela\u0219i timp o for\u021b\u0103 puternic\u0103 de \u00eempingere \u0219i tragere, potrivit\u0103 pentru manipularea obiectelor grele \u0219i a sarcinilor complexe.<\/li>\n<li><strong>Diverse tipuri:<\/strong> \u00cen func\u021bie de nevoile opera\u021bionale, pute\u021bi alege \u00eentre cilindri cu ac\u021biune simpl\u0103 (folosind puterea hidraulic\u0103 \u00eentr-o singur\u0103 direc\u021bie) sau cu ac\u021biune dubl\u0103 (folosind puterea hidraulic\u0103 \u00een ambele direc\u021bii). Unele modele sunt telescopice, permi\u021b\u00e2nd o extensie mai mare f\u0103r\u0103 a cre\u0219te dimensiunile exterioare, perfecte pentru spa\u021bii restr\u00e2nse.<\/li>\n<li><strong>Fabrica\u021bie personalizat\u0103:<\/strong> Capacit\u0103\u021bile noastre de produc\u021bie ne permit s\u0103 cre\u0103m cilindri care \u00eenlocuiesc perfect cilindrii hidraulici existen\u021bi, asigur\u00e2nd compatibilitate \u0219i performan\u021b\u0103.<\/li>\n<\/ul>\n<p><img decoding=\"async\" src=\"https:\/\/www.hydraulic-cylinders.net\/wp-content\/uploads\/2025\/04\/songte-cylinder-head-with-all-kinds-excavator-models.webp\" alt=\"Diverse modele de excavatoare\"><\/p>\n<h2>Aplica\u021bii ale cilindrului bra\u021bului<\/h2>\n<h3>Echipamente de construc\u021bii<\/h3>\n<p>\u00cen cadrul excavatoarelor, cilindrii bra\u021bului sunt esen\u021biali pentru s\u0103pare, \u00eenc\u0103rcare \u0219i transportul solului sau al resturilor. Ace\u0219tia permit extinderea bra\u021bului spre exterior \u0219i \u00een jos, facilit\u00e2nd procesul de excavare. \u00cen cazul \u00eenc\u0103rc\u0103toarelor excavatoare, cilindrul bra\u021bului ajut\u0103 at\u00e2t la s\u0103pare, c\u00e2t \u0219i la ridicare, dovedindu-se esen\u021bial pentru o func\u021bionare eficient\u0103.<\/p>\n<h3>Ma\u0219ini agricole<\/h3>\n<p>\u00cen cazul \u00eenc\u0103rc\u0103toarelor frontale, cilindrii bra\u021bului permit ridicarea, transportul solului, f\u00e2nului \u0219i altor materiale. Designul lor robust asigur\u0103 c\u0103 pot face fa\u021b\u0103 cerin\u021belor sarcinilor agricole, reduc\u00e2nd \u00een acela\u0219i timp la minimum timpii de nefunc\u021bionare cauza\u021bi de defec\u021biunile mecanice.<\/p>\n<h3>Excavatoare<\/h3>\n<p>Ace\u0219ti cilindri permit cupei s\u0103 p\u0103trund\u0103 \u00een sol, facilit\u00e2nd ac\u021biunile de s\u0103pare esen\u021biale pentru diverse proiecte de construc\u021bii. Eficien\u021ba cilindrului bra\u021bului \u00eembun\u0103t\u0103\u021be\u0219te semnificativ productivitatea general\u0103 a excavatoarelor, f\u0103c\u00e2ndu-le vitale \u00een opera\u021biunile grele.<\/p>\n<h3>\u00cenc\u0103rc\u0103toare<\/h3>\n<p>\u00cen cazul \u00eenc\u0103rc\u0103toarelor frontale, cilindrii bra\u021bului ajut\u0103 la ridicarea \u0219i desc\u0103rcarea eficient\u0103 a materialelor. Capacitatea lor de a oferi capacit\u0103\u021bi puternice de ridicare permite manipularea eficient\u0103 a materialelor \u00een aplica\u021bii de construc\u021bii \u0219i amenaj\u0103ri peisagistice.<\/p>\n<h2>Considera\u021bii de proiectare \u0219i criterii de selec\u021bie<\/h2>\n<h3>Capacitate de \u00eenc\u0103rcare<\/h3>\n<p>Atunci c\u00e2nd selecta\u021bi un cilindru pentru bra\u021b, este esen\u021bial s\u0103 lua\u021bi \u00een considerare capacitatea sa de \u00eenc\u0103rcare. Cilindrul trebuie s\u0103 fie capabil s\u0103 suporte greutatea maxim\u0103 a sarcinilor pe care le va ridica \u0219i manipula. Acest lucru necesit\u0103 cunoa\u0219terea cerin\u021belor specifice ale utilajelor dumneavoastr\u0103 \u0219i a sarcinilor de \u00eendeplinit.<\/p>\n<h3>Etan\u0219are \u0219i durabilitate<\/h3>\n<p>Etan\u0219area este esen\u021bial\u0103 pentru func\u021bionarea eficient\u0103 a cilindrilor hidraulici. Etan\u0219\u0103rile de \u00eenalt\u0103 calitate previn scurgerile de fluid hidraulic, ceea ce poate duce la defec\u021biuni opera\u021bionale \u0219i la cre\u0219terea costurilor de \u00eentre\u021binere. Alegerea de materiale precum poliuretanul \u0219i cauciucul nitrilic spore\u0219te durabilitatea \u0219i rezisten\u021ba la uzur\u0103 \u0219i la factorii de mediu.<\/p>\n<h3>Caracteristici de siguran\u021b\u0103<\/h3>\n<p>Siguran\u021ba este primordial\u0103 \u00een proiectarea cilindrilor hidraulici. Ace\u0219tia ar trebui s\u0103 includ\u0103 caracteristici precum supape de suprapresiune \u0219i blocaje de siguran\u021b\u0103 pentru a preveni mi\u0219c\u0103rile accidentale \u0219i pentru a proteja operatorul \u0219i echipamentul \u00een timpul func\u021bion\u0103rii.<\/p>\n<h3>Considera\u021bii privind \u00eentre\u021binerea<\/h3>\n<p>Proiectarea pentru u\u0219urin\u021ba \u00eentre\u021binerii poate avea un impact semnificativ asupra longevit\u0103\u021bii cilindrului bra\u021bului. Caracteristicile care permit accesul facil la garnituri \u0219i puncte de lubrifiere pot reduce timpul de nefunc\u021bionare \u0219i pot face \u00eentre\u021binerea de rutin\u0103 mai u\u0219or de gestionat pentru operatori.<\/p>\n<p><img decoding=\"async\" src=\"https:\/\/www.hydraulic-cylinders.net\/wp-content\/uploads\/2025\/04\/songte-oil-pipes-and-spare-parts.webp\" alt=\"Conducte de petrol \u0219i piese de schimb\"><\/p>\n<h2>Etan\u0219are \u0219i lubrifiere<\/h2>\n<p>Fiabilitatea cilindrului bra\u021bului depinde \u00een mare m\u0103sur\u0103 de utilizarea eficient\u0103 a etan\u0219\u0103rilor \u0219i lubrifierii. Diverse solu\u021bii de etan\u0219are, cum ar fi etan\u0219\u0103rile pistonului \u0219i etan\u0219\u0103rile tijei, sunt esen\u021biale pentru men\u021binerea integrit\u0103\u021bii hidraulice. Etan\u0219\u0103rile fabricate din materiale durabile, precum poliuretanul \u0219i cauciucul nitrilic, rezist\u0103 uzurii \u0219i degrad\u0103rii mediului. \u00cen plus, corpul cilindrului \u0219i suprafe\u021bele filetate ale cap\u0103tului trebuie s\u0103 fie supuse unor prelucr\u0103ri fine pentru a spori rezisten\u021ba la uzur\u0103.<\/p>\n<p>Lubrifierea regulat\u0103 cu o cantitate adecvat\u0103 de ulei hidraulic este crucial\u0103 pentru o performan\u021b\u0103 optim\u0103. Lubrifierea adecvat\u0103 reduce frecarea dintre piesele mobile, prelungind durata de via\u021b\u0103 a cilindrului \u0219i asigur\u00e2nd o func\u021bionare lin\u0103.<\/p>\n<h2>M\u0103suri de \u00eentre\u021binere preventiv\u0103<\/h2>\n<ul>\n<li><strong>Inspec\u021bii regulate:<\/strong> Efectuarea inspec\u021biilor periodice ale cilindrului pentru a depista semne de uzur\u0103 sau deteriorare poate preveni defec\u021biunile catastrofale \u0219i poate men\u021bine eficien\u021ba opera\u021bional\u0103.<\/li>\n<li><strong>Lubrifiere adecvat\u0103:<\/strong> Asigurarea lubrifierii adecvate a cilindrului cu uleiul hidraulic potrivit va \u00eembun\u0103t\u0103\u021bi performan\u021ba \u0219i durabilitatea acestuia.<\/li>\n<li><strong>\u00cenlocuirea garniturii:<\/strong> \u00cenlocuirea prompt\u0103 a garniturilor uzate poate preveni scurgerile \u0219i poate men\u021bine eficien\u021ba sistemului hidraulic.<\/li>\n<\/ul>\n<h2>Instruc\u021biuni de instalare corect\u0103<\/h2>\n<p>Instalarea corect\u0103 a cilindrului bra\u021bului este vital\u0103 pentru performan\u021ba \u0219i longevitatea acestuia. \u00cencepe\u021bi prin a v\u0103 asigura c\u0103 cilindrul este aliniat corect cu punctul de instalare. Folosi\u021bi suporturi de montare adecvate pentru a fixa cilindrul, prevenind nealinierile care ar putea duce la uzur\u0103 prematur\u0103. Este important s\u0103 respecta\u021bi specifica\u021biile produc\u0103torului privind set\u0103rile de cuplu \u0219i conexiuni pentru a evita scurgerile hidraulice.<\/p>\n<p>\u00cenainte de utilizare, verifica\u021bi de dou\u0103 ori toate conexiunile \u0219i asigura\u021bi-v\u0103 c\u0103 garniturile sunt intacte. Func\u021bionarea sistemului f\u0103r\u0103 o instalare corect\u0103 poate duce la daune grave \u0219i la cre\u0219terea costurilor de \u00eentre\u021binere. Revizui\u021bi periodic procesul de instalare pentru a asigura respectarea celor mai bune practici.<\/p>\n<h2>Sarcini comune de \u00eentre\u021binere<\/h2>\n<h3>Inspec\u021bii regulate<\/h3>\n<p>Efectuarea inspec\u021biilor regulate este crucial\u0103 pentru identificarea poten\u021bialelor probleme \u00eenainte ca acestea s\u0103 se agraveze. C\u0103uta\u021bi semne de uzur\u0103, cum ar fi scurgeri sau deteriorarea garniturilor. Verific\u0103rile frecvente pot economisi timp \u0219i resurse pe termen lung.<\/p>\n<h3>Lubrifiere adecvat\u0103<\/h3>\n<p>Asigurarea lubrifierii adecvate a cilindrului bra\u021bului este esen\u021bial\u0103 pentru o func\u021bionare f\u0103r\u0103 probleme \u0219i o lung\u0103 durat\u0103 de via\u021b\u0103. Folosi\u021bi uleiul hidraulic recomandat de produc\u0103tor \u0219i urma\u021bi programul de lubrifiere pentru a preveni frecarea \u0219i uzura.<\/p>\n<h3>\u00cenlocuirea garniturii<\/h3>\n<p>\u00cenlocuirea regulat\u0103 a garniturilor poate preveni scurgerile \u0219i poate men\u021bine eficien\u021ba sistemului hidraulic. Acorda\u021bi aten\u021bie st\u0103rii garniturilor \u00een timpul inspec\u021biilor \u0219i \u00eenlocui\u021bi-le dup\u0103 cum este necesar pentru a asigura o performan\u021b\u0103 optim\u0103.<\/p>\n<p><img decoding=\"async\" src=\"https:\/\/www.hydraulic-cylinders.net\/wp-content\/uploads\/2025\/04\/songte-chushion-collar.webp\" alt=\"Guler de pern\u0103\"><\/p>\n<h2>Considera\u021bii de siguran\u021b\u0103 \u0219i factori de mediu<\/h2>\n<p>Atunci c\u00e2nd se utilizeaz\u0103 cilindri hidraulici, m\u0103surile de siguran\u021b\u0103 sunt primordiale. Operatorii trebuie s\u0103 fie instrui\u021bi cu privire la func\u021bionarea \u00een siguran\u021b\u0103 a utilajelor \u0219i la poten\u021bialele pericole asociate sistemelor hidraulice. Asigurarea instal\u0103rii corecte \u0219i func\u021bionalit\u0103\u021bii dispozitivelor de siguran\u021b\u0103 este vital\u0103 pentru prevenirea accidentelor \u0219i a v\u0103t\u0103m\u0103rilor corporale. Mai mult, considera\u021biile de mediu, cum ar fi eliminarea corect\u0103 a fluidelor hidraulice \u0219i minimizarea scurgerilor, ar trebui s\u0103 fie prioritizate pentru a proteja ecosistemul.<\/p>\n<h2>Depanare \u0219i probleme frecvente<\/h2>\n<ul>\n<li><strong>Scurgere:<\/strong> Scurgerile pot ap\u0103rea din cauza garniturilor uzate sau a componentelor deteriorate. Inspec\u021biile regulate pot ajuta la identificarea \u0219i rectificarea unor astfel de probleme.<\/li>\n<li><strong>Performan\u021b\u0103 inconsistent\u0103:<\/strong> Dac\u0103 cilindrul bra\u021bului nu r\u0103spunde constant, acesta poate fi un semn al unui nivel sc\u0103zut de lichid hidraulic sau al unor deterior\u0103ri interne.<\/li>\n<li><strong>Supra\u00eenc\u0103lzire:<\/strong> Func\u021bionarea continu\u0103 la presiuni ridicate poate cauza supra\u00eenc\u0103lzirea. \u00centre\u021binerea regulat\u0103 \u0219i monitorizarea nivelurilor de fluid pot preveni aceast\u0103 problem\u0103.<\/li>\n<\/ul>\n<h2>Sfaturi pentru rezolvarea erorilor<\/h2>\n<p>Pentru a depana eficient problemele, \u021bine\u021bi un jurnal al performan\u021bei opera\u021bionale \u0219i al activit\u0103\u021bilor de \u00eentre\u021binere. Acest jurnal poate ajuta la identificarea timpurie a tiparelor \u0219i a poten\u021bialelor probleme. \u00cen cazul scurgerilor, opri\u021bi imediat opera\u021biunile \u0219i inspecta\u021bi etan\u0219\u0103rile \u0219i fitingurile. Pentru performan\u021be inconsistente, verifica\u021bi nivelurile fluidului hidraulic \u0219i c\u0103uta\u021bi blocaje \u00een conducte.<\/p>\n<p>Implementarea unor m\u0103suri preventive, cum ar fi \u00eentre\u021binerea de rutin\u0103 \u0219i repara\u021biile la timp, minimizeaz\u0103 riscul unor poten\u021biale probleme \u0219i spore\u0219te fiabilitatea cilindrului bra\u021bului.<\/p>\n<p><img decoding=\"async\" src=\"https:\/\/www.hydraulic-cylinders.net\/wp-content\/uploads\/2025\/04\/songte-bushings-with-all-kinds-of-excavator-models.webp\" alt=\"Buc\u0219e pentru modele de excavatoare\"><\/p>\n<h2>Prezentare general\u0103 a companiei<\/h2>\n<p>Suntem un produc\u0103tor \u0219i distribuitor angro de top de cilindri hidraulici de schimb, cu o gam\u0103 larg\u0103 de produse pe pia\u021b\u0103. Concentrarea noastr\u0103 pe o calitate excep\u021bional\u0103 este sus\u021binut\u0103 de strategii precise de management al produc\u021biei. Compania noastr\u0103 valorific\u0103 talentul tehnic, echipamentele digitale avansate de produc\u021bie \u0219i sistemele profesionale de testare pentru a \u00eembun\u0103t\u0103\u021bi continuu platforma noastr\u0103 de produc\u021bie, asigur\u00e2nd un flux de produc\u021bie de \u00eenalt\u0103 calitate. Cu capacit\u0103\u021bi creative robuste, ader\u0103m la principiile de eficien\u021b\u0103 ridicat\u0103, precizie \u0219i calitate pentru a satisface nevoile diverse ale clien\u021bilor.<\/p>\n<h3>Expertiz\u0103 \u0219i specializare<\/h3>\n<p>Echipa noastr\u0103 este format\u0103 din profesioni\u0219ti cu experien\u021b\u0103, dedica\u021bi producerii de cilindri hidraulici de \u00eenalt\u0103 performan\u021b\u0103, adapta\u021bi specifica\u021biilor clien\u021bilor. Oferim solu\u021bii personalizate pentru a satisface cerin\u021bele opera\u021bionale specifice, pun\u00e2nd accent pe calitate \u0219i fiabilitate.<\/p>\n<h3>Certificare interna\u021bional\u0103<\/h3>\n<p>Produsele noastre respect\u0103 standardele interna\u021bionale de calitate, asigur\u00e2nd fiabilitate \u0219i performan\u021b\u0103 \u00een diverse aplica\u021bii. Prioritiz\u0103m ob\u021binerea de certific\u0103ri care s\u0103 consolideze angajamentul nostru fa\u021b\u0103 de calitate \u0219i siguran\u021b\u0103.<\/p>\n<h3>Servicii personalizate<\/h3>\n<p>Oferim servicii personalizate pentru a dezvolta cilindri hidraulici care \u00eendeplinesc specifica\u021bii unice. Echipa noastr\u0103 de ingineri lucreaz\u0103 \u00eendeaproape cu clien\u021bii pentru a proiecta cilindri care se potrivesc nevoilor lor specifice de utilaje \u0219i operare.<\/p>\n<h3>Echipamente de produc\u021bie<\/h3>\n<p>Utiliz\u00e2nd cele mai noi tehnologii de fabrica\u021bie, asigur\u0103m precizie ridicat\u0103 \u0219i durabilitate \u00een produsele noastre. Facilit\u0103\u021bile noastre sunt dotate cu utilaje avansate care sporesc eficien\u021ba produc\u021biei \u0219i calitatea produselor.<\/p>\n<h3>Servicii post-v\u00e2nzare<\/h3>\n<p>Angajamentul nostru fa\u021b\u0103 de satisfac\u021bia clien\u021bilor se extinde dincolo de v\u00e2nzare. Oferim asisten\u021b\u0103 post-v\u00e2nzare complet\u0103, inclusiv consultan\u021b\u0103 pentru \u00eentre\u021binere \u0219i asisten\u021b\u0103 pentru depanare, asigur\u00e2ndu-ne c\u0103 to\u021bi clien\u021bii primesc cea mai bun\u0103 valoare de la produsele noastre.<\/p>\n<p><img decoding=\"async\" src=\"https:\/\/www.hydraulic-cylinders.net\/wp-content\/uploads\/2025\/04\/songte-company-4.webp\" alt=\"Prezentare general\u0103 a companiei\"><br \/>\n<img decoding=\"async\" src=\"https:\/\/www.hydraulic-cylinders.net\/wp-content\/uploads\/2025\/04\/songte-company-3.webp\" alt=\"Procesul de fabrica\u021bie al companiei\"><\/p>\n<p>Autor: lyl<\/p>","protected":false},"excerpt":{"rendered":"<p>Boom Cylinder For Caterpillar Large Excavator E330B330C Product Overview The Boom Cylinder for Caterpillar Large Excavator E330B330C is a hydraulic cylinder specifically designed for controlling the movement of the boom in heavy machinery such as excavators, backhoe loaders, and front-end loaders. This component plays a crucial role in material handling tasks, enabling the boom to [&hellip;]<\/p>","protected":false},"featured_media":17878,"comment_status":"open","ping_status":"closed","template":"","meta":{"_et_pb_use_builder":"","_et_pb_old_content":"","_et_gb_content_width":""},"product_brand":[],"product_cat":[1546],"product_tag":[1547,1496],"class_list":{"0":"post-18966","1":"product","2":"type-product","3":"status-publish","4":"has-post-thumbnail","6":"product_cat-boom-cylinders","7":"product_tag-boom-cylinders","8":"product_tag-hydraulic-cylinders","10":"first","11":"instock","12":"shipping-taxable","13":"product-type-simple"},"amp_enabled":true,"_links":{"self":[{"href":"https:\/\/www.hydraulic-cylinders.net\/ro\/wp-json\/wp\/v2\/product\/18966","targetHints":{"allow":["GET"]}}],"collection":[{"href":"https:\/\/www.hydraulic-cylinders.net\/ro\/wp-json\/wp\/v2\/product"}],"about":[{"href":"https:\/\/www.hydraulic-cylinders.net\/ro\/wp-json\/wp\/v2\/types\/product"}],"replies":[{"embeddable":true,"href":"https:\/\/www.hydraulic-cylinders.net\/ro\/wp-json\/wp\/v2\/comments?post=18966"}],"wp:featuredmedia":[{"embeddable":true,"href":"https:\/\/www.hydraulic-cylinders.net\/ro\/wp-json\/wp\/v2\/media\/17878"}],"wp:attachment":[{"href":"https:\/\/www.hydraulic-cylinders.net\/ro\/wp-json\/wp\/v2\/media?parent=18966"}],"wp:term":[{"taxonomy":"product_brand","embeddable":true,"href":"https:\/\/www.hydraulic-cylinders.net\/ro\/wp-json\/wp\/v2\/product_brand?post=18966"},{"taxonomy":"product_cat","embeddable":true,"href":"https:\/\/www.hydraulic-cylinders.net\/ro\/wp-json\/wp\/v2\/product_cat?post=18966"},{"taxonomy":"product_tag","embeddable":true,"href":"https:\/\/www.hydraulic-cylinders.net\/ro\/wp-json\/wp\/v2\/product_tag?post=18966"}],"curies":[{"name":"wp","href":"https:\/\/api.w.org\/{rel}","templated":true}]}}