{"id":18967,"date":"2025-04-07T06:04:39","date_gmt":"2025-04-07T06:04:39","guid":{"rendered":"https:\/\/www.hydraulic-cylinders.net\/product\/boom-cylinder-for-caterpillar-large-excavator-e336dl\/"},"modified":"2025-04-07T06:04:41","modified_gmt":"2025-04-07T06:04:41","slug":"boom-cylinder-for-caterpillar-large-excavator-e336dl","status":"publish","type":"product","link":"https:\/\/www.hydraulic-cylinders.net\/ro\/produs\/boom-cylinder-for-caterpillar-large-excavator-e336dl\/","title":{"rendered":"Cilindru de bra\u021b pentru excavatorul mare Caterpillar E336DL"},"content":{"rendered":"<h1>Cilindru de bra\u021b pentru excavatorul mare Caterpillar E336DL<\/h1>\n<h2>\u00cen\u021belegerea cilindrului bra\u021bului<\/h2>\n<p>Cilindrul bra\u021bului este o component\u0103 vital\u0103 \u00een sistemul hidraulic al utilajelor grele, \u00een special \u00een excavatoarele precum Caterpillar E336DL. Acest cilindru hidraulic este special conceput pentru a controla mi\u0219carea bra\u021bului, care este responsabil pentru ridicarea, cobor\u00e2rea \u0219i \u00eenclinarea cupei. Acesta permite sarcini eficiente de manipulare a materialelor \u00een construc\u021bii \u0219i alte aplica\u021bii industriale. Func\u021bionarea cilindrului bra\u021bului se bazeaz\u0103 \u00een principal pe principii hidraulice, unde se utilizeaz\u0103 fluid sub presiune pentru a crea mi\u0219care. Acest lucru nu numai c\u0103 spore\u0219te eficien\u021ba echipamentului, dar asigur\u0103 \u0219i un control lin \u0219i precis \u00een timpul opera\u021biunilor.<\/p>\n<p><img decoding=\"async\" src=\"https:\/\/www.hydraulic-cylinders.net\/wp-content\/uploads\/2025\/04\/songte-company-1.webp\" alt=\"Imaginea cilindrului bra\u021bului\"><\/p>\n<h3>Caracteristici cheie ale cilindrului bra\u021bului<\/h3>\n<ul>\n<li><strong>Rezisten\u021b\u0103 \u0219i durabilitate ridicate:<\/strong> Construit din o\u021bel sau aluminiu de \u00eenalt\u0103 rezisten\u021b\u0103, cilindrul bra\u021bului poate rezista la presiuni ridicate \u0219i sarcini grele, fiind potrivit pentru medii de lucru dure.<\/li>\n<li><strong>Func\u021bionare hidraulic\u0103 eficient\u0103:<\/strong> Utilizeaz\u0103 presiunea uleiului hidraulic pentru o extindere \u0219i retragere lin\u0103, r\u0103spunz\u00e2nd rapid la comenzile opera\u021bionale \u0219i oferind o for\u021b\u0103 semnificativ\u0103 de \u00eempingere \u0219i tragere.<\/li>\n<li><strong>Varietate de tipuri:<\/strong> Cilindrii bra\u021bului sunt disponibili \u00een variante cu ac\u021biune simpl\u0103 \u0219i dubl\u0103 pentru a satisface diferite nevoi opera\u021bionale, unele modele av\u00e2nd designuri telescopice pentru o raz\u0103 de ac\u021biune extins\u0103 f\u0103r\u0103 a cre\u0219te dimensiunea exterioar\u0103.<\/li>\n<li><strong>Rezisten\u021b\u0103 la coroziune:<\/strong> Mul\u021bi cilindri ai bra\u021bului sunt proiecta\u021bi s\u0103 reziste la uzur\u0103 \u0219i coroziune, prelungindu-le durata de via\u021b\u0103 \u0219i asigur\u00e2nd performan\u021be constante \u00een diverse condi\u021bii.<\/li>\n<li><strong>Fabrica\u021bie personalizat\u0103:<\/strong> Producem cilindri hidraulici de \u00eenalt\u0103 calitate care pot \u00eenlocui perfect pe cei existen\u021bi, asigur\u00e2nd compatibilitate \u0219i performan\u021b\u0103.<\/li>\n<\/ul>\n<p><img decoding=\"async\" src=\"https:\/\/www.hydraulic-cylinders.net\/wp-content\/uploads\/2025\/04\/songte-cylinder-head-with-all-kinds-excavator-models.webp\" alt=\"Imaginea chiulasei\"><\/p>\n<h2>Aplica\u021bii ale cilindrului bra\u021bului<\/h2>\n<h3>Echipamente de construc\u021bii<\/h3>\n<p>\u00cen excavatoare, cilindrii bra\u021bului joac\u0103 un rol crucial \u00een s\u0103parea, \u00eenc\u0103rcarea \u0219i transportul solului sau al resturilor. Ace\u0219tia ofer\u0103 for\u021ba necesar\u0103 pentru ridicarea \u0219i cobor\u00e2rea bra\u021bului, permi\u021b\u00e2nd operatorilor s\u0103 efectueze sarcinile eficient. \u00cen cazul \u00eenc\u0103rc\u0103toarelor excavatoare, ace\u0219ti cilindri ajut\u0103 at\u00e2t la opera\u021biunile de s\u0103pare, c\u00e2t \u0219i la cele de ridicare, ceea ce \u00eei face esen\u021biali pentru utilizarea versatil\u0103 a utilajelor.<\/p>\n<h3>Ma\u0219ini agricole<\/h3>\n<p>\u00cen \u00eenc\u0103rc\u0103toarele frontale, cilindrii bra\u021bului sunt utiliza\u021bi pentru \u00eenc\u0103rcarea, ridicarea \u0219i transportul materialelor precum p\u0103m\u00e2nt, f\u00e2n \u0219i alte provizii. Designul lor permite mi\u0219carea \u0219i manipularea eficient\u0103 a diferitelor produse agricole, sporind productivitatea \u00een ferme.<\/p>\n<h3>Lucr\u0103ri de excavare<\/h3>\n<p>Cilindrul bra\u021bului permite excavatoarelor s\u0103 p\u0103trund\u0103 eficient \u00een sol. Permi\u021b\u00e2nd cupei s\u0103 sape \u00een sol, ace\u0219ti cilindri sunt integra\u021bi \u00een proiectele de construc\u021bii, amenaj\u0103ri peisagistice \u0219i miniere, unde sunt necesare excava\u021bii ad\u00e2nci.<\/p>\n<h3>Opera\u021biuni de \u00eenc\u0103rcare<\/h3>\n<p>La \u00eenc\u0103rc\u0103toarele frontale, cilindrii bra\u021bului faciliteaz\u0103 ridicarea \u0219i desc\u0103rcarea materialelor. Rezisten\u021ba \u0219i eficien\u021ba lor sunt vitale pentru manipularea sarcinilor grele, asigur\u00e2nd c\u0103 materialele pot fi mutate rapid \u0219i eficient dintr-o loca\u021bie \u00een alta.<\/p>\n<h2>Considera\u021bii de proiectare pentru cilindrii bra\u021bului<\/h2>\n<h3>Capacitate de \u00eenc\u0103rcare<\/h3>\n<p>Capacitatea de \u00eenc\u0103rcare a unui cilindru al bra\u021bului este o considera\u021bie critic\u0103 de proiectare. Acesta trebuie s\u0103 fie capabil s\u0103 suporte greutatea maxim\u0103 pe care excavatorul o va \u00eent\u00e2lni \u00een timpul opera\u021biunilor. Un cilindru bine proiectat va lua \u00een considerare marjele de siguran\u021b\u0103 pentru a preveni defec\u021biunile sub sarcini nea\u0219teptate.<\/p>\n<h3>Etan\u0219are \u0219i durabilitate<\/h3>\n<p>Etan\u0219area eficient\u0103 este esen\u021bial\u0103 pentru prevenirea scurgerilor de fluid hidraulic. Aceasta include utilizarea unor garnituri de \u00eenalt\u0103 calitate, fabricate din materiale durabile, precum poliuretanul \u0219i cauciucul nitrilic. Etan\u0219area adecvat\u0103 nu numai c\u0103 \u00eembun\u0103t\u0103\u021be\u0219te eficien\u021ba, dar contribuie \u0219i la longevitatea cilindrului.<\/p>\n<h3>Caracteristici de siguran\u021b\u0103<\/h3>\n<p>Incorporarea caracteristicilor de siguran\u021b\u0103 \u00een proiectare este crucial\u0103 pentru protejarea operatorilor \u0219i a utilajelor. Acestea includ supape de suprapresiune \u0219i \u00eencuietori de siguran\u021b\u0103 pentru a atenua riscurile \u00een timpul func\u021bion\u0103rii.<\/p>\n<h3>Accesibilitate pentru \u00eentre\u021binere<\/h3>\n<p>Proiectarea cilindrilor bra\u021bului pentru o \u00eentre\u021binere u\u0219oar\u0103 este important\u0103. Acest lucru permite inspec\u021bii, repara\u021bii \u0219i \u00eenlocuiri rapide, reduc\u00e2nd la minimum timpul de nefunc\u021bionare \u0219i sporind productivitatea.<\/p>\n<p><img decoding=\"async\" src=\"https:\/\/www.hydraulic-cylinders.net\/wp-content\/uploads\/2025\/04\/songte-oil-pipes-and-spare-parts.webp\" alt=\"Imagine cu conducte de petrol\"><\/p>\n<h2>Etan\u0219are \u0219i lubrifiere<\/h2>\n<p>Etan\u0219area \u0219i lubrifierea corespunz\u0103toare sunt vitale pentru performan\u021ba cilindrilor bra\u021bului. Diverse componente de etan\u0219are, inclusiv etan\u0219\u0103rile pistonului \u0219i etan\u0219\u0103rile tijei, sunt utilizate pentru a preveni scurgerile de fluid. Etan\u0219\u0103rile fabricate din materiale durabile, precum poliuretanul \u0219i cauciucul nitrilic, ofer\u0103 rezisten\u021b\u0103 la uzur\u0103. Corpul cilindrului \u0219i capetele filetate sunt supuse unor prelucr\u0103ri fine pentru a cre\u0219te durabilitatea \u0219i rezisten\u021ba la uzur\u0103. Lubrifierea regulat\u0103 cu fluid hidraulic adecvat este necesar\u0103 pentru a men\u021bine func\u021bionalitatea \u0219i longevitatea cilindrului, asigur\u00e2nd o func\u021bionare lin\u0103 \u0219i prevenind uzura \u00een timp.<\/p>\n<h2>M\u0103suri de \u00eentre\u021binere preventiv\u0103<\/h2>\n<ul>\n<li><strong>Inspec\u021bii regulate:<\/strong> Efectua\u021bi inspec\u021bii vizuale regulate pentru a identifica orice semne de uzur\u0103 sau scurgeri. Depistarea problemelor din timp poate preveni repara\u021bii costisitoare \u0219i perioade lungi de nefunc\u021bionare.<\/li>\n<li><strong>Verific\u0103ri ale lubrifierii:<\/strong> Asigura\u021bi-v\u0103 c\u0103 nivelurile fluidului hidraulic sunt adecvate \u0219i c\u0103 se utilizeaz\u0103 tipul corect de fluid. Lubrifierea adecvat\u0103 minimizeaz\u0103 frecarea \u0219i uzura pieselor mobile.<\/li>\n<li><strong>\u00cenlocuiri de garnituri:<\/strong> \u00cenlocui\u021bi garniturile atunci c\u00e2nd apar semne evidente de uzur\u0103 sau scurgeri. \u00centre\u021binerea regulat\u0103 a garniturilor prelunge\u0219te durata de via\u021b\u0103 a cilindrului \u0219i men\u021bine eficien\u021ba hidraulic\u0103.<\/li>\n<\/ul>\n<h2>Instruc\u021biuni de instalare<\/h2>\n<p>Instalarea corect\u0103 a cilindrilor bra\u021bului este esen\u021bial\u0103 pentru o func\u021bionare eficient\u0103. \u00cencepe\u021bi prin a v\u0103 asigura c\u0103 cilindrul este aliniat corect cu suporturile de montare. Folosi\u021bi accesoriile de montare adecvate pentru a fixa cilindrul \u0219i a preveni mi\u0219carea \u00een timpul func\u021bion\u0103rii. Asigura\u021bi-v\u0103 c\u0103 conecta\u021bi conductele hidraulice conform specifica\u021biilor produc\u0103torului, asigur\u00e2nd direc\u021bia corect\u0103 a fluxului. Dup\u0103 instalare, verifica\u021bi dac\u0103 exist\u0103 scurgeri \u0219i testa\u021bi func\u021bionarea cilindrului pentru a asigura func\u021bionalitatea. Inspecta\u021bi periodic instala\u021bia pentru a men\u021bine standardele de performan\u021b\u0103 \u0219i siguran\u021b\u0103.<\/p>\n<h2>Sarcini comune de \u00eentre\u021binere<\/h2>\n<ul>\n<li><strong>Inspec\u021bii regulate:<\/strong> Verific\u0103rile de rutin\u0103 pentru uzur\u0103 sunt cruciale. Acestea implic\u0103 c\u0103utarea oric\u0103ror semne de scurgeri de fluid hidraulic, verificarea st\u0103rii garniturilor de etan\u0219are \u0219i asigurarea integrit\u0103\u021bii structurii cilindrului. Identificarea la timp a problemelor poten\u021biale poate preveni defec\u021biunile majore.<\/li>\n<li><strong>Lubrifiere adecvat\u0103:<\/strong> Asigura\u021bi-v\u0103 c\u0103 fluidul hidraulic este la nivelurile recomandate \u0219i de tipul corect. Lubrifierea reduce frecarea \u0219i previne uzura, ceea ce este esen\u021bial pentru men\u021binerea eficien\u021bei sistemului hidraulic.<\/li>\n<li><strong>\u00cenlocuiri de garnituri:<\/strong> Monitoriza\u021bi starea garniturilor \u0219i \u00eenlocui\u021bi-le dup\u0103 cum este necesar. Garniturile vechi sau uzate pot duce la scurgeri de fluid hidraulic, compromi\u021b\u00e2nd performan\u021ba \u0219i eficien\u021ba cilindrului.<\/li>\n<\/ul>\n<h2>Considera\u021bii de siguran\u021b\u0103 \u0219i factori de mediu<\/h2>\n<p>Atunci c\u00e2nd lucra\u021bi cu sisteme hidraulice, implementarea m\u0103surilor de siguran\u021b\u0103 este crucial\u0103. Respecta\u021bi \u00eentotdeauna instruc\u021biunile produc\u0103torului privind presiunile de func\u021bionare \u0219i capacit\u0103\u021bile de \u00eenc\u0103rcare. Instruirea adecvat\u0103 a operatorilor \u0219i verific\u0103rile regulate de \u00eentre\u021binere sunt necesare pentru a asigura siguran\u021ba. \u00cen plus, lua\u021bi \u00een considerare impactul fluidelor hidraulice asupra mediului \u0219i asigura\u021bi metode adecvate de eliminare a oric\u0103ror de\u0219euri generate \u00een timpul \u00eentre\u021binerii.<\/p>\n<h2>Depanare \u0219i probleme frecvente<\/h2>\n<ul>\n<li><strong>Scurgere:<\/strong> Identifica\u021bi sursa scurgerii, care apare adesea la garnituri sau fitinguri. Str\u00e2ngerea conexiunilor sau \u00eenlocuirea garniturilor uzate poate rezolva adesea problema.<\/li>\n<li><strong>Cilindru nereactiv:<\/strong> Dac\u0103 cilindrul nu r\u0103spunde, verifica\u021bi nivelurile fluidului hidraulic \u0219i c\u0103uta\u021bi blocaje \u00een conductele hidraulice. Asigurarea unui flux adecvat de fluid este esen\u021bial\u0103 pentru o reac\u021bie rapid\u0103.<\/li>\n<li><strong>Zgomot excesiv:<\/strong> Zgomotele din timpul func\u021bion\u0103rii pot indica niveluri sc\u0103zute de ulei sau aer \u00een sistem. Aerisirea sistemului \u0219i asigurarea unor niveluri adecvate de lichid pot remedia adesea aceast\u0103 problem\u0103.<\/li>\n<\/ul>\n<p>Luarea de m\u0103suri proactive pentru diagnosticarea \u0219i abordarea acestor probleme poate reduce la minimum timpul de nefunc\u021bionare \u0219i poate spori eficien\u021ba opera\u021biunilor dumneavoastr\u0103.<\/p>\n<p><img decoding=\"async\" src=\"https:\/\/www.hydraulic-cylinders.net\/wp-content\/uploads\/2025\/04\/songte-bushings-with-all-kinds-of-excavator-models.webp\" alt=\"Imagine buc\u0219e\"><\/p>\n<h2>Prezentare general\u0103 a companiei<\/h2>\n<p>Suntem un produc\u0103tor \u0219i distribuitor angro de top de cilindri hidraulici, specializa\u021bi \u00een furnizarea de cilindri alternativi de \u00eenalt\u0103 calitate pentru diverse aplica\u021bii. Angajamentul nostru fa\u021b\u0103 de excelen\u021b\u0103 este subliniat de strategiile noastre avansate de management al produc\u021biei, care valorific\u0103 personal calificat \u0219i echipamente de fabrica\u021bie de ultim\u0103 genera\u021bie. Ne \u00eembun\u0103t\u0103\u021bim continuu procesele de fabrica\u021bie pentru a satisface diversele nevoi ale clien\u021bilor cu eficien\u021b\u0103 \u0219i precizie. Certific\u0103rile noastre reflect\u0103 integritatea \u0219i dedicarea noastr\u0103 fa\u021b\u0103 de calitate, \u00een timp ce serviciile noastre personalizate asigur\u0103 c\u0103 putem \u00eendeplini \u00een mod eficient cerin\u021bele specifice ale clien\u021bilor.<\/p>\n<p><img decoding=\"async\" src=\"https:\/\/www.hydraulic-cylinders.net\/wp-content\/uploads\/2025\/04\/songte-company-4.webp\" alt=\"Imagine de prezentare general\u0103 a companiei\"><br \/>\n<img decoding=\"async\" src=\"https:\/\/www.hydraulic-cylinders.net\/wp-content\/uploads\/2025\/04\/songte-company-3.webp\" alt=\"Imaginea de produc\u021bie a companiei\"><\/p>\n<p>Autor: lyl<\/p>","protected":false},"excerpt":{"rendered":"<p>Boom Cylinder For Caterpillar Large Excavator E336DL Understanding the Boom Cylinder The boom cylinder is a vital component in the hydraulic system of heavy machinery, particularly in excavators like the Caterpillar E336DL. This hydraulic cylinder is specifically designed to control the movement of the boom, which is responsible for lifting, lowering, and tilting the bucket. [&hellip;]<\/p>","protected":false},"featured_media":17879,"comment_status":"open","ping_status":"closed","template":"","meta":{"_et_pb_use_builder":"","_et_pb_old_content":"","_et_gb_content_width":""},"product_brand":[],"product_cat":[1546],"product_tag":[1547,1496],"class_list":{"0":"post-18967","1":"product","2":"type-product","3":"status-publish","4":"has-post-thumbnail","6":"product_cat-boom-cylinders","7":"product_tag-boom-cylinders","8":"product_tag-hydraulic-cylinders","10":"first","11":"instock","12":"shipping-taxable","13":"product-type-simple"},"amp_enabled":true,"_links":{"self":[{"href":"https:\/\/www.hydraulic-cylinders.net\/ro\/wp-json\/wp\/v2\/product\/18967","targetHints":{"allow":["GET"]}}],"collection":[{"href":"https:\/\/www.hydraulic-cylinders.net\/ro\/wp-json\/wp\/v2\/product"}],"about":[{"href":"https:\/\/www.hydraulic-cylinders.net\/ro\/wp-json\/wp\/v2\/types\/product"}],"replies":[{"embeddable":true,"href":"https:\/\/www.hydraulic-cylinders.net\/ro\/wp-json\/wp\/v2\/comments?post=18967"}],"wp:featuredmedia":[{"embeddable":true,"href":"https:\/\/www.hydraulic-cylinders.net\/ro\/wp-json\/wp\/v2\/media\/17879"}],"wp:attachment":[{"href":"https:\/\/www.hydraulic-cylinders.net\/ro\/wp-json\/wp\/v2\/media?parent=18967"}],"wp:term":[{"taxonomy":"product_brand","embeddable":true,"href":"https:\/\/www.hydraulic-cylinders.net\/ro\/wp-json\/wp\/v2\/product_brand?post=18967"},{"taxonomy":"product_cat","embeddable":true,"href":"https:\/\/www.hydraulic-cylinders.net\/ro\/wp-json\/wp\/v2\/product_cat?post=18967"},{"taxonomy":"product_tag","embeddable":true,"href":"https:\/\/www.hydraulic-cylinders.net\/ro\/wp-json\/wp\/v2\/product_tag?post=18967"}],"curies":[{"name":"wp","href":"https:\/\/api.w.org\/{rel}","templated":true}]}}