{"id":18968,"date":"2025-04-07T06:04:41","date_gmt":"2025-04-07T06:04:41","guid":{"rendered":"https:\/\/www.hydraulic-cylinders.net\/product\/boom-cylinder-for-caterpillar-large-excavator-e345d\/"},"modified":"2025-04-07T06:04:44","modified_gmt":"2025-04-07T06:04:44","slug":"boom-cylinder-for-caterpillar-large-excavator-e345d","status":"publish","type":"product","link":"https:\/\/www.hydraulic-cylinders.net\/ro\/produs\/boom-cylinder-for-caterpillar-large-excavator-e345d\/","title":{"rendered":"Cilindru bra\u021b pentru excavator mare Caterpillar E345D"},"content":{"rendered":"<h1>Cilindru bra\u021b pentru excavator mare Caterpillar E345D<\/h1>\n<h2>Prezentare general\u0103 a produsului<\/h2>\n<p>Cilindrul bra\u021bului pentru excavatorul mare Caterpillar E345D este o component\u0103 hidraulic\u0103 esen\u021bial\u0103, conceput\u0103 pentru a controla mi\u0219carea bra\u021bului \u00een utilajele grele. Acest cilindru hidraulic joac\u0103 un rol crucial \u00een facilitarea diverselor sarcini, cum ar fi ridicarea, cobor\u00e2rea \u0219i \u00eenclinarea bra\u021bului excavatoarelor, \u00eenc\u0103rc\u0103toarelor excavatoare \u0219i \u00eenc\u0103rc\u0103toarelor frontale. Acesta permite opera\u021biuni eficiente de manipulare a materialelor, sporind productivitatea general\u0103 a proceselor de construc\u021bie \u0219i excavare.<\/p>\n<p><img decoding=\"async\" src=\"https:\/\/www.hydraulic-cylinders.net\/wp-content\/uploads\/2025\/04\/songte-company-1.webp\" alt=\"Cilindru de bra\u021b pentru excavatorul Caterpillar E345D\" \/><\/p>\n<h3>Defini\u021bie \u0219i func\u021bionalitate<\/h3>\n<p>Un cilindru hidraulic este un tip de cilindru hidraulic special conceput pentru a gestiona mi\u0219carea cupelor \u00een utilajele grele. Ace\u0219ti cilindri permit controlul precis necesar pentru ridicarea materialelor, asigur\u00e2nd c\u0103 sarcinile grele pot fi manipulate cu u\u0219urin\u021b\u0103. \u00cen sistemele hidraulice, cilindrul cupei prime\u0219te fluid hidraulic sub presiune ridicat\u0103, care activeaz\u0103 mecanismul s\u0103u, permi\u021b\u00e2nd o func\u021bionare lin\u0103 chiar \u0219i \u00een condi\u021bii dificile. Prin transformarea energiei hidraulice \u00een energie mecanic\u0103, ace\u0219ti cilindri \u00eembun\u0103t\u0103\u021besc capacit\u0103\u021bile opera\u021bionale ale excavatoarelor \u0219i ale altor utilaje, f\u0103c\u00e2ndu-le indispensabile \u00een sectoarele construc\u021biilor \u0219i agriculturii.<\/p>\n<h2>Caracteristici cheie<\/h2>\n<ul>\n<li><strong>Rezisten\u021b\u0103 \u0219i durabilitate ridicate:<\/strong> Construi\u021bi din o\u021bel sau aluminiu de \u00eenalt\u0103 rezisten\u021b\u0103, ace\u0219ti cilindri sunt concepu\u021bi pentru a rezista la presiuni ridicate \u0219i sarcini grele, asigur\u00e2nd performan\u021be de lung\u0103 durat\u0103 \u00een medii de lucru dure.<\/li>\n<li><strong>Func\u021bionare hidraulic\u0103 eficient\u0103:<\/strong> Cilindrul utilizeaz\u0103 presiunea uleiului hidraulic pentru a asigura o extensie \u0219i retragere lin\u0103 \u0219i rapid\u0103, oferind capacit\u0103\u021bi puternice de \u00eempingere \u0219i tragere, potrivite pentru manipularea materialelor grele.<\/li>\n<li><strong>Op\u021biuni diverse:<\/strong> Disponibil \u00een configura\u021bii cu ac\u021biune simpl\u0103 \u0219i dubl\u0103, \u00een func\u021bie de nevoile opera\u021bionale, anumite modele fiind dotate cu design telescopic pentru o raz\u0103 de ac\u021biune \u00eembun\u0103t\u0103\u021bit\u0103 f\u0103r\u0103 a cre\u0219te dimensiunile exterioare.<\/li>\n<li><strong>Rezisten\u021b\u0103 la coroziune:<\/strong> Proiectat cu materiale rezistente la coroziune, asigur\u00e2nd longevitate \u0219i fiabilitate chiar \u0219i \u00een medii umede sau corozive.<\/li>\n<li><strong>Instalare u\u0219oar\u0103:<\/strong> Proiectat pentru o instalare simpl\u0103, permi\u021b\u00e2nd operatorilor s\u0103 integreze perfect cilindrul \u00een sistemele lor de utilaje existente.<\/li>\n<\/ul>\n<h3>Excelen\u021b\u0103 \u00een produc\u021bie<\/h3>\n<p>Ne specializ\u0103m \u00een producerea de cilindri hidraulici de \u00eenalt\u0103 calitate pentru bra\u021b, care \u00eenlocuiesc perfect cilindrii hidraulici existen\u021bi, asigur\u00e2nd compatibilitate \u0219i performan\u021b\u0103. Procesele noastre de fabrica\u021bie respect\u0103 standarde stricte de calitate, ceea ce face ca produsele noastre s\u0103 fie o alegere fiabil\u0103 pentru diverse aplica\u021bii \u00een domeniul utilajelor grele.<\/p>\n<p><img decoding=\"async\" src=\"https:\/\/www.hydraulic-cylinders.net\/wp-content\/uploads\/2025\/04\/songte-cylinder-head-with-all-kinds-excavator-models.webp\" alt=\"Fabricarea cilindrilor hidraulici\" \/><\/p>\n<h2>Aplica\u021bii ale cilindrilor bra\u021bului<\/h2>\n<h3>Echipamente de construc\u021bii<\/h3>\n<p>\u00cen excavatoare, cilindrii bra\u021bului sunt vitali pentru s\u0103pare, \u00eenc\u0103rcare \u0219i mutarea p\u0103m\u00e2ntului sau a molozului. Ace\u0219tia permit bra\u021bului s\u0103 efectueze mi\u0219c\u0103ri specifice, facilit\u00e2nd excavarea \u0219i manipularea eficient\u0103 a materialelor. Fiabilitatea acestor cilindri \u00eembun\u0103t\u0103\u021be\u0219te productivitatea general\u0103 pe \u0219antierele de construc\u021bii.<\/p>\n<h3>Ma\u0219ini agricole<\/h3>\n<p>Utiliza\u021bi \u00een \u00eenc\u0103rc\u0103toarele frontale, cilindrii bra\u021bului gestioneaz\u0103 ridicarea \u0219i transportul solului, f\u00e2nului \u0219i diverselor materiale. Robuste\u021bea lor permite o func\u021bionare eficient\u0103 \u00een sarcinile agricole, \u00eembun\u0103t\u0103\u021bind eficien\u021ba \u0219i reduc\u00e2nd munca manual\u0103.<\/p>\n<h3>Excavatoare<\/h3>\n<p>La excavatoare, cilindrul bra\u021bului permite cupei s\u0103 p\u0103trund\u0103 eficient \u00een sol, f\u0103c\u00e2nd posibil\u0103 s\u0103parea ad\u00e2nc\u0103. Aceast\u0103 capacitate este crucial\u0103 pentru proiectele care necesit\u0103 excavare precis\u0103, asigur\u00e2nd finalizarea eficient\u0103 \u0219i precis\u0103 a sarcinilor.<\/p>\n<h3>\u00cenc\u0103rc\u0103toare<\/h3>\n<p>\u00cen cazul \u00eenc\u0103rc\u0103toarelor frontale, cilindrii bra\u021bului ajut\u0103 la ridicarea \u0219i desc\u0103rcarea eficient\u0103 a sarcinilor. Ace\u0219tia ofer\u0103 for\u021ba necesar\u0103 pentru manipularea materialelor grele, contribuind la timpi de finalizare mai rapizi a proiectelor \u0219i la o eficien\u021b\u0103 opera\u021bional\u0103 sporit\u0103.<\/p>\n<h2>Considera\u021bii de proiectare \u0219i criterii de selec\u021bie<\/h2>\n<h3>Capacitate de \u00eenc\u0103rcare<\/h3>\n<p>Atunci c\u00e2nd se selecteaz\u0103 un cilindru pentru bra\u021b, capacitatea de \u00eenc\u0103rcare este un factor critic. Cilindrul trebuie s\u0103 poat\u0103 sus\u021bine greutatea sarcinilor manipulate f\u0103r\u0103 riscul de defec\u021biune. Inginerii trebuie s\u0103 calculeze sarcina maxim\u0103 pentru a se asigura c\u0103 rezisten\u021ba cilindrului corespunde cerin\u021belor opera\u021bionale. Un cilindru cu o capacitate de \u00eenc\u0103rcare insuficient\u0103 poate duce la defec\u021biuni catastrofale, prezent\u00e2nd riscuri de siguran\u021b\u0103 \u0219i duc\u00e2nd la timpi de nefunc\u021bionare costisitori.<\/p>\n<h3>Performan\u021ba de etan\u0219are<\/h3>\n<p>Etan\u0219area este esen\u021bial\u0103 pentru cilindrii hidraulici pentru a men\u021bine presiunea \u0219i a preveni scurgerile. Etan\u0219\u0103rile de \u00eenalt\u0103 calitate, cum ar fi etan\u0219\u0103rile pistonului \u0219i etan\u0219\u0103rile tijei, fabricate din materiale durabile precum poliuretanul sau cauciucul nitrilic, sunt cruciale pentru asigurarea performan\u021bei pe termen lung. Etan\u0219area corect\u0103 minimizeaz\u0103 pierderile de fluide \u0219i maximizeaz\u0103 eficien\u021ba, prelungind durata de via\u021b\u0103 a sistemului hidraulic.<\/p>\n<h3>Durabilitate \u0219i \u00eentre\u021binere<\/h3>\n<p>Durabilitatea este primordial\u0103 \u00een proiectarea cilindrilor hidraulici. Ace\u0219tia trebuie s\u0103 reziste la condi\u021bii dure de lucru, inclusiv expunerea la murd\u0103rie, umiditate \u0219i temperaturi extreme. Selectarea materialelor care rezist\u0103 la uzur\u0103 \u0219i coroziune va cre\u0219te semnificativ longevitatea cilindrului. \u00centre\u021binerea regulat\u0103 joac\u0103, de asemenea, un rol vital \u00een asigurarea durabilit\u0103\u021bii, necesit\u00e2nd ca operatorii s\u0103 respecte programele de \u00eentre\u021binere recomandate.<\/p>\n<h3>Caracteristici de siguran\u021b\u0103<\/h3>\n<p>Siguran\u021ba este o preocupare critic\u0103 atunci c\u00e2nd se utilizeaz\u0103 cilindri hidraulici. Incorporarea caracteristicilor de siguran\u021b\u0103, cum ar fi supapele de suprasarcin\u0103, poate \u00eempiedica sistemul s\u0103 dep\u0103\u0219easc\u0103 limitele de presiune sigure. \u00cen plus, instruirea adecvat\u0103 a operatorilor cu privire la practicile de manipulare \u00een siguran\u021b\u0103 este esen\u021bial\u0103 pentru a reduce la minimum accidentele \u0219i r\u0103nirile.<\/p>\n<h3>U\u0219urin\u021b\u0103 \u00een \u00eentre\u021binere<\/h3>\n<p>Proiectarea pentru o \u00eentre\u021binere u\u0219oar\u0103 poate reduce semnificativ timpul de nefunc\u021bionare. Caracteristici precum orificiile de acces pentru lubrifiere \u0219i procesele simple de dezasamblare vor facilita inspec\u021biile \u0219i repara\u021biile regulate. Un cilindru bine \u00eentre\u021binut va func\u021biona fiabil, reduc\u00e2nd la minimum riscul de defec\u021biuni nea\u0219teptate \u0219i costurile asociate.<\/p>\n<p><img decoding=\"async\" src=\"https:\/\/www.hydraulic-cylinders.net\/wp-content\/uploads\/2025\/04\/songte-oil-pipes-and-spare-parts.webp\" alt=\"Piese cilindru hidraulic\" \/><\/p>\n<h2>Etan\u0219are \u0219i lubrifiere<\/h2>\n<p>Asigurarea unei etan\u0219\u0103ri \u0219i lubrifieri corespunz\u0103toare este crucial\u0103 pentru func\u021bionarea eficient\u0103 a cilindrilor hidraulici. Diverse etan\u0219\u0103ri, cum ar fi etan\u0219\u0103rile pistonului \u0219i etan\u0219\u0103rile tijei, sunt utilizate pentru a men\u021bine presiunea \u0219i a preveni scurgerile de fluid. Aceste etan\u0219\u0103ri ar trebui s\u0103 fie fabricate din materiale rezistente la abraziune, cum ar fi poliuretanul sau cauciucul nitrilic, pentru a rezista rigorilor opera\u021biunilor hidraulice.<\/p>\n<p>Corpul cilindrului \u0219i capetele filetate trebuie supuse unor prelucr\u0103ri mecanice de precizie pentru a spori rezisten\u021ba la uzur\u0103, asigur\u00e2nd o fixare str\u00e2ns\u0103 \u0219i reduc\u00e2nd \u0219ansele de scurgeri. Lubrifierea regulat\u0103 cu uleiul hidraulic adecvat este necesar\u0103 pentru a men\u021bine o func\u021bionare optim\u0103, deoarece reduce frecarea \u0219i uzura, sporind longevitatea cilindrului.<\/p>\n<h2>Inspec\u021bie regulat\u0103 \u0219i \u00eentre\u021binere preventiv\u0103<\/h2>\n<ul>\n<li><strong>Inspec\u021bii de rutin\u0103:<\/strong> Inspecta\u021bi periodic cilindrii hidraulici pentru a depista semne de uzur\u0103 sau deteriorare. Aceasta include verificarea scurgerilor, fisurilor sau oric\u0103rei deform\u0103ri a corpului cilindrului. Depistarea timpurie a problemelor poate preveni defec\u021biunile catastrofale.<\/li>\n<li><strong>Lubrifiere adecvat\u0103:<\/strong> Asigura\u021bi-v\u0103 c\u0103 uleiul hidraulic este la nivelul corect \u0219i nu con\u021bine contaminan\u021bi. Verifica\u021bi \u0219i \u00eenlocui\u021bi uleiul \u00een mod regulat, dup\u0103 cum este necesar, pentru a men\u021bine performan\u021be optime.<\/li>\n<li><strong>\u00cenlocuirea garniturii:<\/strong> \u00cen timp, garniturile se pot uza \u0219i pot necesita \u00eenlocuire. Verifica\u021bi periodic garniturile pentru a depista semne de deteriorare \u0219i \u00eenlocui\u021bi-le pentru a preveni scurgerile \u0219i a men\u021bine presiunea.<\/li>\n<\/ul>\n<h2>Instruc\u021biuni de instalare<\/h2>\n<p>Instalarea corect\u0103 a cilindrului bra\u021bului este esen\u021bial\u0103 pentru performan\u021ba \u0219i longevitatea acestuia. \u00cencepe\u021bi prin alinierea cu aten\u021bie a cilindrului cu punctele de montare de pe utilaj. Este esen\u021bial s\u0103 utiliza\u021bi console de montare adecvate pentru a fixa cilindrul \u00een pozi\u021bie, asigur\u00e2ndu-v\u0103 c\u0103 este aliniat corect pentru a preveni stresul excesiv asupra cilindrului \u00een timpul func\u021bion\u0103rii.<\/p>\n<p>\u00cenainte de a fixa cilindrul, asigura\u021bi-v\u0103 c\u0103 toate conexiunile hidraulice sunt str\u00e2nse corect pentru a preveni scurgerile. Dup\u0103 ce cilindrul este montat, verifica\u021bi dac\u0103 liniile hidraulice sunt pozate corect \u0219i nu prezint\u0103 \u00eendoiri sau obstruc\u021bii. Dup\u0103 instalare, este recomandabil s\u0103 efectua\u021bi o opera\u021biune de prob\u0103 pentru a verifica dac\u0103 exist\u0103 scurgeri \u0219i pentru a asigura o func\u021bionare f\u0103r\u0103 probleme.<\/p>\n<h2>Sarcini de \u00eentre\u021binere<\/h2>\n<h3>Inspec\u021bii regulate<\/h3>\n<p>Efectuarea inspec\u021biilor regulate este vital\u0103 pentru identificarea timpurie a poten\u021bialelor probleme. Verifica\u021bi dac\u0103 exist\u0103 semne de scurgeri sau uzur\u0103 \u0219i remedia\u021bi-le prompt pentru a evita probleme mai mari pe viitor. Inspec\u021biile regulate ajut\u0103 la men\u021binerea fiabilit\u0103\u021bii \u0219i performan\u021bei sistemului hidraulic.<\/p>\n<h3>Lubrifiere adecvat\u0103<\/h3>\n<p>Aplicarea tipului \u0219i cantit\u0103\u021bii corecte de ulei hidraulic este crucial\u0103 pentru o func\u021bionare eficient\u0103. Lubrifierea regulat\u0103 reduce frecarea \u0219i uzura pieselor mobile, contribuind la men\u021binerea integrit\u0103\u021bii sistemului hidraulic. Urma\u021bi instruc\u021biunile produc\u0103torului privind intervalele de lubrifiere \u0219i specifica\u021biile fluidelor.<\/p>\n<h3>\u00cenlocuirea garniturii<\/h3>\n<p>\u00cen timp, garniturile se pot degrada \u0219i pot cauza scurgeri. Verifica\u021bi periodic garniturile pentru uzur\u0103 \u0219i \u00eenlocui\u021bi-le dup\u0103 cum este necesar. Neglijarea \u00eentre\u021binerii garniturilor poate duce la pierderi de fluid hidraulic \u0219i la sc\u0103derea eficien\u021bei, afect\u00e2nd performan\u021ba general\u0103 a ma\u0219inii.<\/p>\n<p><img decoding=\"async\" src=\"https:\/\/www.hydraulic-cylinders.net\/wp-content\/uploads\/2025\/04\/songte-chushion-collar.webp\" alt=\"Instalarea \u0219i \u00eentre\u021binerea cilindrilor hidraulici\" \/><\/p>\n<h2>Considera\u021bii de siguran\u021b\u0103 \u0219i factori de mediu<\/h2>\n<p>Atunci c\u00e2nd se lucreaz\u0103 cu cilindri hidraulici, m\u0103surile de siguran\u021b\u0103 sunt primordiale pentru a asigura bun\u0103starea operatorilor \u0219i a trec\u0103torilor. O instruire adecvat\u0103 privind utilizarea utilajelor hidraulice \u0219i respectarea protocoalelor de siguran\u021b\u0103 pot atenua riscurile. De asemenea, este important s\u0103 se inspecteze periodic sistemele hidraulice pentru a depista scurgeri sau deterior\u0103ri care ar putea reprezenta pericole pentru siguran\u021b\u0103. \u00cen plus, ar trebui luate \u00een considerare practici ecologice, cum ar fi eliminarea corect\u0103 a fluidelor hidraulice \u0219i reciclarea materialelor ori de c\u00e2te ori este posibil.<\/p>\n<h2>Depanare \u0219i probleme frecvente<\/h2>\n<ul>\n<li><strong>Scurgere:<\/strong> Scurgerile pot ap\u0103rea din cauza garniturilor uzate sau a corpurilor cilindrilor deteriorate. \u00centre\u021binerea \u0219i inspec\u021bia regulat\u0103 pot ajuta la identificarea timpurie a scurgerilor \u0219i la prevenirea unor daune ulterioare.<\/li>\n<li><strong>Performan\u021b\u0103 redus\u0103:<\/strong> Dac\u0103 cilindrul nu se extinde sau nu se retrage lin, acest lucru se poate datora unui nivel sc\u0103zut de lichid hidraulic sau contamin\u0103rii. Asigura\u021bi-v\u0103 c\u0103 nivelurile \u0219i calitatea uleiului hidraulic sunt adecvate.<\/li>\n<li><strong>Supra\u00eenc\u0103lzire:<\/strong> Supra\u00eenc\u0103lzirea poate rezulta din presiune excesiv\u0103 sau lubrifiere inadecvat\u0103. Monitorizarea temperaturilor de func\u021bionare \u0219i men\u021binerea unor niveluri adecvate de lubrifiere sunt esen\u021biale pentru prevenirea supra\u00eenc\u0103lzirii.<\/li>\n<\/ul>\n<h3>Sfaturi de depanare<\/h3>\n<p>Pentru a diagnostica \u0219i rezolva eficient problemele legate de cilindrii hidraulici, operatorii ar trebui s\u0103 \u021bin\u0103 o list\u0103 de verificare a poten\u021bialelor probleme. Inspec\u021biile regulate pot ajuta la identificarea problemelor \u00eenainte ca acestea s\u0103 se agraveze. Dac\u0103 se detecteaz\u0103 scurgeri, verifica\u021bi imediat etan\u0219\u0103rile \u0219i conexiunile pentru a depista eventualele deterior\u0103ri. Pentru problemele de performan\u021b\u0103, verificarea nivelurilor \u0219i calit\u0103\u021bii fluidului hidraulic poate adesea dezv\u0103lui probleme subiacente. Implementarea unor m\u0103suri preventive, cum ar fi \u00eentre\u021binerea regulat\u0103, ajut\u0103 la reducerea probabilit\u0103\u021bii apari\u021biei unor probleme viitoare.<\/p>\n<p><img decoding=\"async\" src=\"https:\/\/www.hydraulic-cylinders.net\/wp-content\/uploads\/2025\/04\/songte-bushings-with-all-kinds-of-excavator-models.webp\" alt=\"Depanarea cilindrilor hidraulici\" \/><\/p>\n<h2>Prezentare general\u0103 a companiei<\/h2>\n<p>Suntem un produc\u0103tor important de cilindri hidraulici de schimb, oferind o gam\u0103 larg\u0103 de produse care deservesc at\u00e2t pie\u021bele interne, c\u00e2t \u0219i cele interna\u021bionale. Angajamentul nostru fa\u021b\u0103 de excelen\u021b\u0103 se reflect\u0103 \u00een procesele noastre de asigurare a calit\u0103\u021bii \u0219i \u00een facilit\u0103\u021bile avansate de produc\u021bie. Concentr\u00e2ndu-ne pe ingineria de precizie, utiliz\u0103m echipamente digitale de produc\u021bie de ultim\u0103 genera\u021bie \u0219i sisteme profesionale de testare pentru a ne asigura c\u0103 produsele noastre \u00eendeplinesc standardele stricte ale industriei.<\/p>\n<p>Expertiza noastr\u0103 \u00een tehnologia hidraulic\u0103 ne permite s\u0103 oferim solu\u021bii personalizate, adaptate cerin\u021belor specifice ale clien\u021bilor. Cu un sistem robust de asisten\u021b\u0103 post-v\u00e2nzare, ne asigur\u0103m c\u0103 clien\u021bii no\u0219tri primesc servicii \u0219i asisten\u021b\u0103 excep\u021bionale, consolid\u00e2ndu-ne reputa\u021bia de partener de \u00eencredere \u00een industria componentelor hidraulice.<\/p>\n<p><img decoding=\"async\" src=\"https:\/\/www.hydraulic-cylinders.net\/wp-content\/uploads\/2025\/04\/songte-company-4.webp\" alt=\"Unitatea de produc\u021bie a companiei\" \/><br \/>\n<img decoding=\"async\" src=\"https:\/\/www.hydraulic-cylinders.net\/wp-content\/uploads\/2025\/04\/songte-company-3.webp\" alt=\"Prezentare general\u0103 a companiei\" \/><\/p>\n<p>Autor: lyl<\/p>","protected":false},"excerpt":{"rendered":"<p>Boom Cylinder For Caterpillar Large Excavator E345D Product Overview The Boom Cylinder for Caterpillar Large Excavator E345D is an essential hydraulic component designed to control the movement of the boom in heavy machinery. This hydraulic cylinder plays a crucial role in facilitating various tasks, such as lifting, lowering, and tilting the boom of excavators, backhoe [&hellip;]<\/p>","protected":false},"featured_media":17880,"comment_status":"open","ping_status":"closed","template":"","meta":{"_et_pb_use_builder":"","_et_pb_old_content":"","_et_gb_content_width":""},"product_brand":[],"product_cat":[1546],"product_tag":[1547,1496],"class_list":{"0":"post-18968","1":"product","2":"type-product","3":"status-publish","4":"has-post-thumbnail","6":"product_cat-boom-cylinders","7":"product_tag-boom-cylinders","8":"product_tag-hydraulic-cylinders","10":"first","11":"instock","12":"shipping-taxable","13":"product-type-simple"},"amp_enabled":true,"_links":{"self":[{"href":"https:\/\/www.hydraulic-cylinders.net\/ro\/wp-json\/wp\/v2\/product\/18968","targetHints":{"allow":["GET"]}}],"collection":[{"href":"https:\/\/www.hydraulic-cylinders.net\/ro\/wp-json\/wp\/v2\/product"}],"about":[{"href":"https:\/\/www.hydraulic-cylinders.net\/ro\/wp-json\/wp\/v2\/types\/product"}],"replies":[{"embeddable":true,"href":"https:\/\/www.hydraulic-cylinders.net\/ro\/wp-json\/wp\/v2\/comments?post=18968"}],"wp:featuredmedia":[{"embeddable":true,"href":"https:\/\/www.hydraulic-cylinders.net\/ro\/wp-json\/wp\/v2\/media\/17880"}],"wp:attachment":[{"href":"https:\/\/www.hydraulic-cylinders.net\/ro\/wp-json\/wp\/v2\/media?parent=18968"}],"wp:term":[{"taxonomy":"product_brand","embeddable":true,"href":"https:\/\/www.hydraulic-cylinders.net\/ro\/wp-json\/wp\/v2\/product_brand?post=18968"},{"taxonomy":"product_cat","embeddable":true,"href":"https:\/\/www.hydraulic-cylinders.net\/ro\/wp-json\/wp\/v2\/product_cat?post=18968"},{"taxonomy":"product_tag","embeddable":true,"href":"https:\/\/www.hydraulic-cylinders.net\/ro\/wp-json\/wp\/v2\/product_tag?post=18968"}],"curies":[{"name":"wp","href":"https:\/\/api.w.org\/{rel}","templated":true}]}}