{"id":18969,"date":"2025-04-07T06:04:45","date_gmt":"2025-04-07T06:04:45","guid":{"rendered":"https:\/\/www.hydraulic-cylinders.net\/product\/boom-cylinder-for-caterpillar-large-excavator-d2l-374dl\/"},"modified":"2025-04-07T06:04:48","modified_gmt":"2025-04-07T06:04:48","slug":"boom-cylinder-for-caterpillar-large-excavator-d2l-374dl","status":"publish","type":"product","link":"https:\/\/www.hydraulic-cylinders.net\/ro\/produs\/boom-cylinder-for-caterpillar-large-excavator-d2l-374dl\/","title":{"rendered":"Cilindru bra\u021b pentru excavator mare Caterpillar D2L\/374DL"},"content":{"rendered":"<h1>Cilindru bra\u021b pentru excavator mare Caterpillar D2L\/374DL<\/h1>\n<h2>Prezentare general\u0103 a cilindrilor bra\u021bului<\/h2>\n<p>Cilindrul bra\u021bului este o component\u0103 hidraulic\u0103 vital\u0103 utilizat\u0103 \u00een utilajele grele, \u00een special \u00een excavatoarele precum Caterpillar D2L\/374DL. Acest cilindru hidraulic specializat este conceput pentru a controla mi\u0219c\u0103rile cupei pe diverse echipamente grele, cum ar fi excavatoarele, excavatoarele \u0219i \u00eenc\u0103rc\u0103toarele frontale. Acesta permite ridicarea, cobor\u00e2rea \u0219i \u00eenclinarea cupei, facilit\u00e2nd sarcinile de manipulare a materialelor cu precizie \u0219i eficien\u021b\u0103.<\/p>\n<p>\u00cen esen\u021b\u0103, cilindrul cupei joac\u0103 un rol crucial \u00een sistemele hidraulice. Acesta transform\u0103 presiunea hidraulic\u0103 \u00een for\u021b\u0103 mecanic\u0103, permi\u021b\u00e2nd operatorilor s\u0103 efectueze sarcini solicitante, cum ar fi s\u0103parea, ridicarea \u0219i transportul materialelor. Ace\u0219ti cilindri sunt proiecta\u021bi pentru rezisten\u021b\u0103 \u0219i fiabilitate, asigur\u00e2ndu-se c\u0103 pot rezista condi\u021biilor dure \u00eent\u00e2lnite adesea pe \u0219antierele de construc\u021bii.<\/p>\n<p><img decoding=\"async\" src=\"https:\/\/www.hydraulic-cylinders.net\/wp-content\/uploads\/2025\/04\/songte-company-1.webp\" alt=\"Cilindru de bra\u021b\"><\/p>\n<h2>Caracteristicile cilindrului bra\u021bului<\/h2>\n<ul>\n<li>\n<h3>Rezisten\u021b\u0103 \u0219i durabilitate ridicate<\/h3>\n<p>Construit din o\u021bel sau aluminiu de \u00eenalt\u0103 rezisten\u021b\u0103, cilindrul bra\u021bului poate rezista la presiuni ridicate \u0219i sarcini grele, fiind potrivit pentru medii de lucru dure. Designul s\u0103u \u00eencorporeaz\u0103 rezisten\u021b\u0103 la uzur\u0103 \u0219i protec\u021bie \u00eempotriva coroziunii, promov\u00e2nd o durat\u0103 de via\u021b\u0103 extins\u0103.<\/p>\n<\/li>\n<li>\n<h3>Func\u021bionare hidraulic\u0103 eficient\u0103<\/h3>\n<p>Utiliz\u00e2nd presiunea uleiului hidraulic, cilindrul realizeaz\u0103 o extensie \u0219i o retragere lin\u0103. Acesta r\u0103spunde rapid la comenzile de control, oferind o for\u021b\u0103 robust\u0103 de \u00eempingere \u0219i tragere, ideal\u0103 pentru manipularea obiectelor grele \u0219i a sarcinilor complexe.<\/p>\n<\/li>\n<li>\n<h3>Diverse tipuri<\/h3>\n<p>Disponibil \u00een configura\u021bii cu ac\u021biune simpl\u0103 (utilizare hidraulic\u0103 \u00eentr-o singur\u0103 direc\u021bie) sau cu ac\u021biune dubl\u0103 (utilizare hidraulic\u0103 \u00een ambele direc\u021bii), cilindrul bra\u021bului poate fi adaptat pentru a satisface diverse nevoi opera\u021bionale. Unele modele sunt telescopice, permi\u021b\u00e2nd o extensie mai mare f\u0103r\u0103 a cre\u0219te dimensiunile exterioare, perfecte pentru aplica\u021bii cu spa\u021biu limitat.<\/p>\n<\/li>\n<li>\n<h3>Capacit\u0103\u021bi de produc\u021bie personalizate<\/h3>\n<p>Capacit\u0103\u021bile noastre de produc\u021bie garanteaz\u0103 c\u0103 putem fabrica acest produs pentru a se potrivi perfect ca \u00eenlocuitor pentru cilindrii hidraulici existen\u021bi, men\u021bin\u00e2nd specifica\u021biile \u0219i standardele necesare.<\/p>\n<\/li>\n<li>\n<h3>Integrare tehnologic\u0103 avansat\u0103<\/h3>\n<p>\u00cencorpor\u00e2nd cea mai recent\u0103 tehnologie \u00een proiectarea hidraulic\u0103 \u0219i procesele de fabrica\u021bie, cilindrul nostru pentru bra\u021b este proiectat pentru performan\u021b\u0103 \u0219i fiabilitate, r\u0103spunz\u00e2nd nevoilor exigente ale industriilor actuale de construc\u021bii \u0219i excava\u021bii.<\/p>\n<\/li>\n<\/ul>\n<p><img decoding=\"async\" src=\"https:\/\/www.hydraulic-cylinders.net\/wp-content\/uploads\/2025\/04\/songte-cylinder-head-with-all-kinds-excavator-models.webp\" alt=\"Modele de excavatoare\"><\/p>\n<h2>Scenarii de aplica\u021bii<\/h2>\n<h3>Echipamente de construc\u021bii<\/h3>\n<p>\u00cen excavatoare, cilindrul bra\u021bului este crucial pentru s\u0103pare, \u00eenc\u0103rcare \u0219i mutarea p\u0103m\u00e2ntului sau a resturilor. Acesta permite operatorilor s\u0103 controleze eficient mi\u0219carea cupei, asigur\u00e2nd sarcini de excavare precise \u0219i eficiente. \u00cen cazul \u00eenc\u0103rc\u0103toarelor excavatoare, cilindrul cupei ajut\u0103 at\u00e2t la opera\u021biunile de s\u0103pare, c\u00e2t \u0219i la cele de ridicare, eficientiz\u00e2nd fluxul de lucru pe \u0219antierele de construc\u021bii, sporind \u00een cele din urm\u0103 productivitatea.<\/p>\n<h3>Ma\u0219ini agricole<\/h3>\n<p>Utilizat la \u00eenc\u0103rc\u0103toarele frontale, cilindrul bra\u021bului faciliteaz\u0103 scoberea, ridicarea \u0219i transportul solului, f\u00e2nului \u0219i altor materiale, optimiz\u00e2nd opera\u021biunile agricole. Datorit\u0103 designului s\u0103u robust, acesta rezist\u0103 condi\u021biilor dificile ale lucr\u0103rilor agricole \u0219i \u00eembun\u0103t\u0103\u021be\u0219te eficien\u021ba diferitelor sarcini agricole, de la gestionarea solului p\u00e2n\u0103 la transportul materialelor.<\/p>\n<h3>Excavatoare<\/h3>\n<p>Cilindrul bra\u021bului permite cupei s\u0103 p\u0103trund\u0103 f\u0103r\u0103 probleme \u00een sol, permi\u021b\u00e2nd ac\u021biuni eficiente de s\u0103pare. Acest lucru este esen\u021bial pentru diverse aplica\u021bii, inclusiv amenajarea peisagistic\u0103, preg\u0103tirea \u0219antierului \u0219i lucr\u0103ri de utilit\u0103\u021bi, ceea ce \u00eel face o component\u0103 indispensabil\u0103 \u00een practicile moderne de excavare.<\/p>\n<h3>\u00cenc\u0103rc\u0103toare<\/h3>\n<p>La \u00eenc\u0103rc\u0103toarele frontale, cilindrul bra\u021bului ajut\u0103 la ridicarea \u0219i desc\u0103rcarea eficient\u0103 a \u00eenc\u0103rc\u0103turilor. Acest mecanism hidraulic ofer\u0103 for\u021ba necesar\u0103 pentru ridicarea materialelor grele, asigur\u00e2nd o func\u021bionare lin\u0103 \u00een timpul proceselor de \u00eenc\u0103rcare \u0219i desc\u0103rcare, sporind eficien\u021ba general\u0103 a utilajului.<\/p>\n<h2>Considera\u021bii de proiectare \u0219i criterii de selec\u021bie<\/h2>\n<h3>Capacitate de \u00eenc\u0103rcare<\/h3>\n<p>Capacitatea de \u00eenc\u0103rcare a cilindrului bra\u021bului este esen\u021bial\u0103 pentru a asigura c\u0103 acesta poate gestiona greutatea \u0219i cerin\u021bele opera\u021bionale necesare. Evaluarea corect\u0103 a limitelor de \u00eenc\u0103rcare ajut\u0103 la prevenirea defec\u021biunii cilindrului \u0219i asigur\u0103 siguran\u021ba \u00een timpul func\u021bion\u0103rii.<\/p>\n<h3>Mecanisme de etan\u0219are<\/h3>\n<p>Etan\u0219area eficient\u0103 este esen\u021bial\u0103 pentru men\u021binerea presiunii hidraulice \u0219i prevenirea scurgerilor. Etan\u0219\u0103rile de \u00eenalt\u0103 calitate, cum ar fi etan\u0219\u0103rile pistonului \u0219i etan\u0219\u0103rile tijei, sunt cruciale pentru longevitatea \u0219i fiabilitatea cilindrului.<\/p>\n<h3>Durabilitate<\/h3>\n<p>Durabilitatea cilindrului bra\u021bului este vital\u0103, deoarece acesta trebuie s\u0103 reziste la condi\u021bii extreme, inclusiv temperaturi ridicate \u0219i materiale abrazive. Selec\u021bia materialelor \u0219i proiectarea inginereasc\u0103 joac\u0103 un rol semnificativ \u00een cre\u0219terea longevit\u0103\u021bii cilindrului.<\/p>\n<h3>Caracteristici de siguran\u021b\u0103<\/h3>\n<p>Siguran\u021ba este o prioritate absolut\u0103 \u00een proiectarea cilindrului bra\u021bului. Caracteristicile de siguran\u021b\u0103 integrate, cum ar fi supapele de suprapresiune \u0219i mecanismele de siguran\u021b\u0103, sunt esen\u021biale pentru a asigura o func\u021bionare sigur\u0103 \u0219i a minimiza riscul de accidente.<\/p>\n<h3>Mentenabilitate<\/h3>\n<p>Proiectarea cilindrului bra\u021bului pentru o \u00eentre\u021binere u\u0219oar\u0103 este crucial\u0103 pentru minimizarea timpilor de nefunc\u021bionare. Caracteristicile care faciliteaz\u0103 inspec\u021biile regulate, lubrifierea \u0219i \u00eenlocuirea pieselor contribuie la eficien\u021ba \u0219i fiabilitatea general\u0103 a sistemelor hidraulice.<\/p>\n<p><img decoding=\"async\" src=\"https:\/\/www.hydraulic-cylinders.net\/wp-content\/uploads\/2025\/04\/songte-oil-pipes-and-spare-parts.webp\" alt=\"Piese hidraulice\"><\/p>\n<h2>Etan\u0219are \u0219i lubrifiere<\/h2>\n<p>Etan\u0219area \u0219i lubrifierea eficiente sunt esen\u021biale pentru performan\u021ba optim\u0103 a cilindrului bra\u021bului. Diverse etan\u0219\u0103ri, cum ar fi etan\u0219\u0103rile pistonului \u0219i tijei, sunt esen\u021biale pentru men\u021binerea presiunii hidraulice \u0219i prevenirea scurgerilor. Etan\u0219\u0103rile fabricate din materiale durabile, precum poliuretanul \u0219i cauciucul nitrilic, ofer\u0103 o rezisten\u021b\u0103 excelent\u0103 la uzur\u0103 \u0219i o longevitate sporit\u0103.<\/p>\n<p>Corpul cilindrului \u0219i capetele filetate sunt supuse unor prelucr\u0103ri de precizie pentru a spori rezisten\u021ba la uzur\u0103, asigur\u00e2nd func\u021bionarea ne\u00eentrerupt\u0103 a cilindrului \u00een timp. Lubrifierea regulat\u0103 cu ulei hidraulic este necesar\u0103 pentru a reduce frecarea \u0219i uzura, prelungind durata de via\u021b\u0103 a componentelor hidraulice.<\/p>\n<h2>M\u0103suri de \u00eentre\u021binere preventiv\u0103<\/h2>\n<ul>\n<li>Inspec\u021bii regulate: Efectuarea unor verific\u0103ri periodice pentru uzur\u0103 \u0219i deteriorare poate preveni defec\u021biuni majore \u0219i poate prelungi durata de via\u021b\u0103 a cilindrului.<\/li>\n<li>Lubrifiere: Asigurarea lubrifierii adecvate a cilindrului reduce frecarea \u0219i previne supra\u00eenc\u0103lzirea, men\u021bin\u00e2nd performan\u021ba optim\u0103.<\/li>\n<li>\u00cenlocuirea garniturilor: Monitorizarea st\u0103rii garniturilor \u0219i \u00eenlocuirea acestora, dup\u0103 cum este necesar, poate preveni scurgerile \u0219i poate men\u021bine presiunea hidraulic\u0103.<\/li>\n<\/ul>\n<h2>Instruc\u021biuni de instalare<\/h2>\n<p>Instalarea corect\u0103 a cilindrului bra\u021bului este esen\u021bial\u0103 pentru asigurarea func\u021bion\u0103rii eficiente \u0219i a longevit\u0103\u021bii sale. \u00cencepe\u021bi prin preg\u0103tirea zonei de montare, asigur\u00e2ndu-v\u0103 c\u0103 este curat\u0103 \u0219i f\u0103r\u0103 resturi. Alinia\u021bi cilindrul cu suporturile de montare, asigur\u00e2nd o potrivire corect\u0103. Fixa\u021bi cilindrul folosind elementele de fixare corespunz\u0103toare \u0219i verifica\u021bi dac\u0103 exist\u0103 vreo nealiniere.<\/p>\n<p>Este esen\u021bial s\u0103 se utilizeze suporturi de montare adecvate pentru stabilizarea cilindrului \u00een timpul instal\u0103rii. Dup\u0103 fixarea cilindrului, conecta\u021bi conductele hidraulice, asigur\u00e2ndu-v\u0103 c\u0103 acestea sunt etan\u0219e \u0219i f\u0103r\u0103 scurgeri. \u00cen cele din urm\u0103, \u00eenainte de utilizare, efectua\u021bi o verificare am\u0103nun\u021bit\u0103 pentru a v\u0103 asigura c\u0103 toate componentele sunt instalate corect \u0219i func\u021bioneaz\u0103 conform destina\u021biei.<\/p>\n<h2>Sarcini comune de \u00eentre\u021binere<\/h2>\n<h3>Inspec\u021bii regulate<\/h3>\n<p>Inspec\u021biile frecvente ale cilindrului bra\u021bului sunt esen\u021biale pentru identificarea uzurii, scurgerilor \u0219i a poten\u021bialelor probleme \u00eenainte ca acestea s\u0103 se transforme \u00een probleme mai mari. Inspectarea etan\u0219\u0103rilor, a punctelor de montare \u0219i a conductelor hidraulice ajut\u0103 la men\u021binerea func\u021bionalit\u0103\u021bii \u0219i siguran\u021bei cilindrului.<\/p>\n<h3>Lubrifiere adecvat\u0103<\/h3>\n<p>Asigurarea lubrifierii corespunz\u0103toare a cilindrului bra\u021bului este vital\u0103 pentru reducerea frec\u0103rii \u0219i a uzurii. Verifica\u021bi periodic nivelurile de lubrifiere \u0219i completa\u021bi uleiul hidraulic dup\u0103 cum este necesar. Lubrifierea corespunz\u0103toare prelunge\u0219te durata de via\u021b\u0103 a cilindrului \u0219i \u00eei \u00eembun\u0103t\u0103\u021be\u0219te performan\u021ba.<\/p>\n<h3>\u00cenlocuirea \u0219i calibrarea etan\u0219\u0103rii<\/h3>\n<p>Verificarea \u0219i \u00eenlocuirea regulat\u0103 a garniturilor, ca parte a rutinei de \u00eentre\u021binere, este crucial\u0103 pentru prevenirea scurgerilor de fluid hidraulic. \u00cen plus, calibrarea cilindrului asigur\u0103 func\u021bionarea acestuia \u00een parametrii specifica\u021bi, men\u021bin\u00e2nd eficien\u021ba \u0219i siguran\u021ba \u00een timpul utiliz\u0103rii.<\/p>\n<p><img decoding=\"async\" src=\"https:\/\/www.hydraulic-cylinders.net\/wp-content\/uploads\/2025\/04\/songte-chushion-collar.webp\" alt=\"Guler de pern\u0103\"><\/p>\n<h2>Considera\u021bii de siguran\u021b\u0103 \u0219i factori de mediu<\/h2>\n<p>Atunci c\u00e2nd se utilizeaz\u0103 cilindri hidraulici, m\u0103surile de siguran\u021b\u0103 sunt primordiale. Operatorii trebuie s\u0103 fie instrui\u021bi \u00een utilizarea corect\u0103 a sistemelor hidraulice pentru a preveni accidentele. Asigurarea faptului c\u0103 toate caracteristicile de siguran\u021b\u0103 sunt func\u021bionale \u00eenainte de operare este esen\u021bial\u0103 pentru a minimiza riscurile. \u00cen plus, considera\u021biile de mediu, cum ar fi eliminarea corect\u0103 a fluidelor hidraulice \u0219i a de\u0219eurilor de \u00eentre\u021binere, sunt esen\u021biale pentru a preveni poluarea \u0219i a respecta reglement\u0103rile.<\/p>\n<h2>Diagnosticarea defec\u021biunilor \u0219i probleme frecvente<\/h2>\n<ul>\n<li>\n<h3>Scurgeri hidraulice<\/h3>\n<p>Scurgerile pot ap\u0103rea din cauza garniturilor uzate sau a furtunurilor deteriorate. Sunt necesare inspec\u021bii regulate pentru a identifica \u0219i remedia rapid scurgerile. Folosi\u021bi materiale de etan\u0219are adecvate pentru a repara scurgerile minore \u0219i \u00eenlocui\u021bi componentele defecte, dup\u0103 cum este necesar.<\/p>\n<\/li>\n<li>\n<h3>Performan\u021b\u0103 redus\u0103<\/h3>\n<p>O sc\u0103dere a performan\u021bei poate indica niveluri sc\u0103zute de lichid hidraulic sau contaminare. Verifica\u021bi periodic nivelurile de lichid \u0219i \u00eenlocui\u021bi fluidele vechi sau contaminate pentru a men\u021bine o func\u021bionare optim\u0103.<\/p>\n<\/li>\n<li>\n<h3>E\u0219ecul de extindere\/retragere<\/h3>\n<p>Dac\u0103 cilindrul nu se extinde sau nu se retrage, verifica\u021bi dac\u0103 exist\u0103 blocaje hidraulice sau obstruc\u021bii mecanice. Inspecta\u021bi conductele hidraulice pentru a depista \u00eendoituri sau scurgeri \u0219i asigura\u021bi-v\u0103 c\u0103 nivelurile fluidului hidraulic sunt adecvate.<\/p>\n<\/li>\n<\/ul>\n<p>Pentru a ajuta cititorii s\u0103 diagnosticheze \u0219i s\u0103 rezolve eficient problemele, ar trebui furnizat un ghid clar de depanare. \u00centre\u021binerea \u0219i monitorizarea regulat\u0103 pot reduce poten\u021bialele probleme \u0219i pot asigura func\u021bionarea eficient\u0103 a sistemului hidraulic.<\/p>\n<p><img decoding=\"async\" src=\"https:\/\/www.hydraulic-cylinders.net\/wp-content\/uploads\/2025\/04\/songte-bushings-with-all-kinds-of-excavator-models.webp\" alt=\"Buc\u0219e pentru excavator\"><\/p>\n<h2>Despre compania noastr\u0103<\/h2>\n<p>Suntem un produc\u0103tor \u0219i distribuitor angro de top de cilindri hidraulici, specializa\u021bi \u00een furnizarea de piese de schimb de \u00eenalt\u0103 calitate pentru sistemele hidraulice. Gama noastr\u0103 extins\u0103 de produse \u0219i angajamentul fa\u021b\u0103 de excelen\u021b\u0103 ne-au pozi\u021bionat ca lider at\u00e2t pe pie\u021bele interne, c\u00e2t \u0219i pe cele interna\u021bionale. Respect\u0103m standarde riguroase de calitate \u0219i folosim procese de fabrica\u021bie rafinate.<\/p>\n<p>Facilit\u0103\u021bile noastre utilizeaz\u0103 tehnologii avansate de fabrica\u021bie, asigur\u00e2nd precizie \u0219i calitate \u00een fiecare etap\u0103. Pun\u00e2nd un accent puternic pe cercetare \u0219i dezvoltare, ne \u00eembun\u0103t\u0103\u021bim continuu oferta de produse pentru a satisface nevoile diverse ale clien\u021bilor. Angajamentul nostru se extinde dincolo de produc\u021bie; oferim solu\u021bii personalizate, certific\u0103ri interna\u021bionale \u0219i asisten\u021b\u0103 post-v\u00e2nzare excep\u021bional\u0103, asigur\u00e2ndu-ne c\u0103 clien\u021bii no\u0219tri beneficiaz\u0103 de servicii complete.<\/p>\n<p><img decoding=\"async\" src=\"https:\/\/www.hydraulic-cylinders.net\/wp-content\/uploads\/2025\/04\/songte-company-4.webp\" alt=\"Prezentare general\u0103 a companiei\"><br \/>\n<img decoding=\"async\" src=\"https:\/\/www.hydraulic-cylinders.net\/wp-content\/uploads\/2025\/04\/songte-company-3.webp\" alt=\"Companie de produc\u021bie\"><\/p>\n<p>Autor: lyl<\/p>","protected":false},"excerpt":{"rendered":"<p>Boom Cylinder For Caterpillar Large Excavator D2L\/374DL Overview of Boom Cylinders The Boom Cylinder is a vital hydraulic component used in heavy machinery, particularly in excavators like the Caterpillar D2L\/374DL. This specialized hydraulic cylinder is designed to control the movements of the bucket on various heavy equipment such as excavators, backhoes, and front loaders. It [&hellip;]<\/p>","protected":false},"featured_media":17881,"comment_status":"open","ping_status":"closed","template":"","meta":{"_et_pb_use_builder":"","_et_pb_old_content":"","_et_gb_content_width":""},"product_brand":[],"product_cat":[1546],"product_tag":[1547,1496],"class_list":{"0":"post-18969","1":"product","2":"type-product","3":"status-publish","4":"has-post-thumbnail","6":"product_cat-boom-cylinders","7":"product_tag-boom-cylinders","8":"product_tag-hydraulic-cylinders","10":"first","11":"instock","12":"shipping-taxable","13":"product-type-simple"},"amp_enabled":true,"_links":{"self":[{"href":"https:\/\/www.hydraulic-cylinders.net\/ro\/wp-json\/wp\/v2\/product\/18969","targetHints":{"allow":["GET"]}}],"collection":[{"href":"https:\/\/www.hydraulic-cylinders.net\/ro\/wp-json\/wp\/v2\/product"}],"about":[{"href":"https:\/\/www.hydraulic-cylinders.net\/ro\/wp-json\/wp\/v2\/types\/product"}],"replies":[{"embeddable":true,"href":"https:\/\/www.hydraulic-cylinders.net\/ro\/wp-json\/wp\/v2\/comments?post=18969"}],"wp:featuredmedia":[{"embeddable":true,"href":"https:\/\/www.hydraulic-cylinders.net\/ro\/wp-json\/wp\/v2\/media\/17881"}],"wp:attachment":[{"href":"https:\/\/www.hydraulic-cylinders.net\/ro\/wp-json\/wp\/v2\/media?parent=18969"}],"wp:term":[{"taxonomy":"product_brand","embeddable":true,"href":"https:\/\/www.hydraulic-cylinders.net\/ro\/wp-json\/wp\/v2\/product_brand?post=18969"},{"taxonomy":"product_cat","embeddable":true,"href":"https:\/\/www.hydraulic-cylinders.net\/ro\/wp-json\/wp\/v2\/product_cat?post=18969"},{"taxonomy":"product_tag","embeddable":true,"href":"https:\/\/www.hydraulic-cylinders.net\/ro\/wp-json\/wp\/v2\/product_tag?post=18969"}],"curies":[{"name":"wp","href":"https:\/\/api.w.org\/{rel}","templated":true}]}}