{"id":18974,"date":"2025-04-07T06:04:58","date_gmt":"2025-04-07T06:04:58","guid":{"rendered":"https:\/\/www.hydraulic-cylinders.net\/product\/boom-cylinder-for-caterpillar-large-excavator-e349d\/"},"modified":"2025-04-07T06:05:00","modified_gmt":"2025-04-07T06:05:00","slug":"boom-cylinder-for-caterpillar-large-excavator-e349d","status":"publish","type":"product","link":"https:\/\/www.hydraulic-cylinders.net\/ro\/produs\/boom-cylinder-for-caterpillar-large-excavator-e349d\/","title":{"rendered":"Cilindru bra\u021b pentru excavator mare Caterpillar E349D"},"content":{"rendered":"<h1>Cilindru bra\u021b pentru excavator mare Caterpillar E349D<\/h1>\n<h2>Introducere \u00een cilindrul bra\u021bului<\/h2>\n<p>Cilindrul bra\u021bului este o component\u0103 hidraulic\u0103 esen\u021bial\u0103, conceput\u0103 special pentru utilaje grele, \u00een special pentru excavatorul Caterpillar E349D. Acest cilindru hidraulic este responsabil pentru controlul mi\u0219c\u0103rii bra\u021bului, permi\u021b\u00e2nd excavatorului s\u0103 \u00ee\u0219i \u00eendeplineasc\u0103 func\u021biile principale cu precizie \u0219i eficien\u021b\u0103. Cilindrul bra\u021bului faciliteaz\u0103 ridicarea, cobor\u00e2rea \u0219i \u00eenclinarea bra\u021bului, ceea ce este crucial pentru diverse sarcini de manipulare a materialelor \u00een aplica\u021bii de construc\u021bii \u0219i excavare.<\/p>\n<p><img decoding=\"async\" src=\"https:\/\/www.hydraulic-cylinders.net\/wp-content\/uploads\/2025\/04\/songte-company-1.webp\" alt=\"Imaginea cilindrului bra\u021bului\"><\/p>\n<h3>Defini\u021bie \u0219i prezentare general\u0103<\/h3>\n<p>Cilindrii hidraulici, inclusiv cilindrul bra\u021bului, sunt dispozitive mecanice care transform\u0103 energia hidraulic\u0103 \u00een energie mecanic\u0103. \u00cen cazul cilindrului bra\u021bului, acesta permite articularea bra\u021bului excavatorului. Aceast\u0103 mi\u0219care permite operatorilor s\u0103 sape, s\u0103 ridice \u0219i s\u0103 transporte materiale eficient. Sistemul hidraulic utilizeaz\u0103 fluid sub presiune pentru a crea mi\u0219care, permi\u021b\u00e2nd o func\u021bionare lin\u0103 \u0219i controlat\u0103, ceea ce este esen\u021bial \u00een sarcinile complexe \u00een care precizia este esen\u021bial\u0103.<\/p>\n<h2>Caracteristicile cilindrului bra\u021bului<\/h2>\n<ul>\n<li><strong>Rezisten\u021b\u0103 \u0219i durabilitate ridicate:<\/strong> De obicei, construite din o\u021bel sau aluminiu de \u00eenalt\u0103 rezisten\u021b\u0103 pentru a rezista la presiuni mari \u0219i sarcini grele, asigur\u00e2nd longevitatea \u00een medii de lucru dure.<\/li>\n<li><strong>Func\u021bionare hidraulic\u0103 eficient\u0103:<\/strong> Utilizeaz\u0103 presiunea uleiului hidraulic pentru a ob\u021bine o extensie \u0219i o retragere lin\u0103, oferind un r\u0103spuns rapid la comenzile operatorului \u0219i produc\u00e2nd o for\u021b\u0103 semnificativ\u0103 de \u00eempingere \u0219i tragere.<\/li>\n<li><strong>Diverse tipuri:<\/strong> Disponibile \u00een modele cu ac\u021biune simpl\u0103 sau dubl\u0103 pentru a satisface diverse nevoi opera\u021bionale, unele modele fiind dotate cu designuri telescopice care permit o raz\u0103 de ac\u021biune extins\u0103 f\u0103r\u0103 a cre\u0219te dimensiunile exterioare.<\/li>\n<li><strong>Rezisten\u021b\u0103 \u00eembun\u0103t\u0103\u021bit\u0103 la uzur\u0103:<\/strong> Proiectat \u021bin\u00e2nd cont de rezisten\u021ba la uzur\u0103 \u0219i coroziune, prelungind durata de via\u021b\u0103 a produsului \u00een condi\u021bii dificile.<\/li>\n<li><strong>\u00centre\u021binere u\u0219oar\u0103:<\/strong> Proiectat pentru o \u00eentre\u021binere u\u0219oar\u0103, permi\u021b\u00e2nd inspec\u021bii rapide \u0219i service de rutin\u0103 pentru a asigura o func\u021bionare optim\u0103.<\/li>\n<\/ul>\n<h2>Capacit\u0103\u021bi de produc\u021bie<\/h2>\n<p>Avem capacitatea de a fabrica cilindri hidraulici pentru bra\u021b \u0219i al\u021bi cilindri hidraulici care \u00eenlocuiesc perfect modelele existente. Produsele noastre sunt proiectate av\u00e2nd \u00een vedere precizia \u0219i calitatea, asigur\u00e2nd compatibilitate \u0219i performan\u021b\u0103 care \u00eendeplinesc sau dep\u0103\u0219esc standardele industriei.<\/p>\n<p><img decoding=\"async\" src=\"https:\/\/www.hydraulic-cylinders.net\/wp-content\/uploads\/2025\/04\/songte-cylinder-head-with-all-kinds-excavator-models.webp\" alt=\"Cilindri pentru modele de excavatoare\"><\/p>\n<h2>Scenarii de aplica\u021bii<\/h2>\n<h3>Echipamente de construc\u021bii<\/h3>\n<p>\u00cen utilajele de construc\u021bii, cum ar fi excavatoarele, cilindrii bra\u021bului sunt vitali pentru s\u0103pare, \u00eenc\u0103rcare \u0219i mutarea p\u0103m\u00e2ntului sau a resturilor. Controlul precis oferit de ace\u0219ti cilindri permite operatorilor s\u0103 execute sarcini complexe, sporind productivitatea pe \u0219antier.<\/p>\n<h3>Ma\u0219ini agricole<\/h3>\n<p>Cilindrii bra\u021bului sunt utiliza\u021bi \u0219i \u00een \u00eenc\u0103rc\u0103toarele frontale, unde ajut\u0103 la scoberea, ridicarea \u0219i transportul solului, f\u00e2nului \u0219i altor materiale, ceea ce \u00eei face indispensabili \u00een opera\u021biunile agricole.<\/p>\n<h3>Excavatoare<\/h3>\n<p>La excavatoare, cilindrul bra\u021bului faciliteaz\u0103 ac\u021biunile de s\u0103pare permi\u021b\u00e2nd cupei s\u0103 p\u0103trund\u0103 eficient \u00een teren, ceea ce este crucial pentru proiectele de excavare.<\/p>\n<h3>\u00cenc\u0103rc\u0103toare<\/h3>\n<p>La \u00eenc\u0103rc\u0103toarele frontale, cilindrii bra\u021bului ajut\u0103 la ridicarea \u0219i desc\u0103rcarea eficient\u0103 a sarcinilor, ceea ce este esen\u021bial pentru sarcinile de manipulare a materialelor \u00een diverse industrii.<\/p>\n<h2>Considera\u021bii de proiectare<\/h2>\n<h3>Capacitate de \u00eenc\u0103rcare<\/h3>\n<p>Una dintre principalele considera\u021bii \u00een proiectarea unui cilindru de bra\u021b este capacitatea sa de \u00eenc\u0103rcare. Acesta trebuie s\u0103 poat\u0103 suporta greutatea \u0219i stresul sarcinilor pe care le va gestiona f\u0103r\u0103 a compromite siguran\u021ba sau performan\u021ba. Acest lucru necesit\u0103 o selec\u021bie atent\u0103 a materialelor \u0219i a practicilor inginere\u0219ti pentru a se asigura c\u0103 cilindrul poate rezista for\u021belor dinamice \u00eent\u00e2lnite \u00een timpul func\u021bion\u0103rii.<\/p>\n<h3>Performan\u021ba de etan\u0219are<\/h3>\n<p>Etan\u0219area eficient\u0103 este crucial\u0103 pentru prevenirea scurgerilor de fluid hidraulic \u0219i asigurarea eficien\u021bei opera\u021bionale. Alegerea garniturilor \u0219i a garniturilor trebuie s\u0103 \u021bin\u0103 cont de mediul de lucru, de fluctua\u021biile de temperatur\u0103 \u0219i de tipul de fluid hidraulic utilizat. Garniturile de \u00eenalt\u0103 calitate pot prelungi semnificativ durata de via\u021b\u0103 a cilindrului hidraulic.<\/p>\n<h3>Durabilitate<\/h3>\n<p>Durabilitatea cilindrului bra\u021bului este primordial\u0103, av\u00e2nd \u00een vedere condi\u021biile dificile \u00een care func\u021bioneaz\u0103. Factori precum selec\u021bia materialelor, tratamentul suprafe\u021bei \u0219i caracteristicile de design joac\u0103 un rol esen\u021bial \u00een cre\u0219terea durabilit\u0103\u021bii, permi\u021b\u00e2nd cilindrului s\u0103 reziste la materiale abrazive \u0219i elemente corozive.<\/p>\n<h3>Caracteristici de siguran\u021b\u0103<\/h3>\n<p>Siguran\u021ba este o considera\u021bie primordial\u0103 \u00een proiectarea cilindrilor hidraulici. Incorporarea de caracteristici precum supapele de suprapresiune \u0219i discurile de rupere poate preveni defec\u021biunile catastrofale, asigur\u00e2nd siguran\u021ba operatorilor \u0219i a utilajelor \u00een timpul func\u021bion\u0103rii.<\/p>\n<h3>Accesibilitate pentru \u00eentre\u021binere<\/h3>\n<p>Proiectarea pentru accesibilitate \u00een timpul \u00eentre\u021binerii este esen\u021bial\u0103 pentru cilindrii hidraulici. Incorporarea de caracteristici care permit inspec\u021bia \u0219i \u00eentre\u021binerea u\u0219oar\u0103 poate reduce timpii de nefunc\u021bionare \u0219i poate prelungi durata de via\u021b\u0103 a echipamentului.<\/p>\n<p><img decoding=\"async\" src=\"https:\/\/www.hydraulic-cylinders.net\/wp-content\/uploads\/2025\/04\/songte-oil-pipes-and-spare-parts.webp\" alt=\"Piese \u0219i garnituri hidraulice\"><\/p>\n<h2>Etan\u0219are \u0219i lubrifiere<\/h2>\n<p>Etan\u0219area \u0219i lubrifierea corespunz\u0103toare sunt vitale pentru func\u021bionarea eficient\u0103 a cilindrilor hidraulici. Diverse componente de etan\u0219are, cum ar fi etan\u0219\u0103rile pistonului \u0219i etan\u0219\u0103rile tijei, joac\u0103 un rol crucial \u00een men\u021binerea integrit\u0103\u021bii hidraulice. Garniturile fabricate din materiale durabile, precum poliuretanul \u0219i cauciucul nitrilic, sunt adesea utilizate pentru a rezista la uzur\u0103. \u00cen plus, corpul cilindrului \u0219i capetele filetate sunt prelucrate cu precizie pentru a spori rezisten\u021ba la uzur\u0103. Lubrifierea regulat\u0103 cu ulei hidraulic este necesar\u0103 pentru a asigura o func\u021bionare lin\u0103 \u0219i pentru a preveni daunele legate de frecare.<\/p>\n<h2>M\u0103suri de \u00eentre\u021binere preventiv\u0103<\/h2>\n<ul>\n<li><strong>Inspec\u021bii regulate:<\/strong> Efectuarea inspec\u021biilor de rutin\u0103 ale cilindrului pentru semne de uzur\u0103, scurgeri sau deteriorare poate ajuta la identificarea problemelor \u00eenainte ca acestea s\u0103 escaladeze, asigur\u00e2nd fiabilitatea continu\u0103 a utilajelor.<\/li>\n<li><strong>Lubrifiere:<\/strong> Asigurarea lubrifierii adecvate a cilindrului reduce frecarea \u0219i uzura, contribuind la longevitatea general\u0103 a componentei.<\/li>\n<li><strong>\u00cenlocuirea garniturii:<\/strong> Verificarea \u0219i \u00eenlocuirea regulat\u0103 a garniturilor, dup\u0103 cum este necesar, previne scurgerile \u0219i men\u021bine presiunea hidraulic\u0103 din cilindru.<\/li>\n<\/ul>\n<h2>Instruc\u021biuni de instalare<\/h2>\n<p>Instalarea corect\u0103 a cilindrului bra\u021bului este crucial\u0103 pentru performan\u021ba acestuia. Urma\u021bi aceste instruc\u021biuni pentru rezultate optime:<\/p>\n<ul>\n<li>Asigura\u021bi-v\u0103 c\u0103 cilindrul este aliniat corect cu bra\u021bul pentru a preveni func\u021bionarea defectuoas\u0103.<\/li>\n<li>Folosi\u021bi suporturi de montare adecvate pentru a fixa cilindrul \u00een pozi\u021bie, reduc\u00e2nd la minimum mi\u0219carea \u00een timpul func\u021bion\u0103rii.<\/li>\n<li>Verifica\u021bi dac\u0103 toate conexiunile hidraulice sunt sigure \u0219i nu prezint\u0103 scurgeri \u00eenainte de utilizare.<\/li>\n<li>Verifica\u021bi nivelul fluidului hidraulic \u0219i asigura\u021bi-v\u0103 c\u0103 acesta corespunde specifica\u021biilor produc\u0103torului.<\/li>\n<li>Efectua\u021bi un test func\u021bional dup\u0103 instalare pentru a confirma c\u0103 cilindrul func\u021bioneaz\u0103 corect.<\/li>\n<\/ul>\n<h2>Sarcini comune de \u00eentre\u021binere<\/h2>\n<h3>Inspec\u021bii regulate<\/h3>\n<p>Inspec\u021biile regulate ale cilindrului bra\u021bului sunt esen\u021biale pentru a depista din timp poten\u021bialele probleme. Aceasta include verificarea semnelor de scurgeri, uzur\u0103 sau nealiniere. Asigurarea faptului c\u0103 cilindrul este \u00een stare bun\u0103 poate reduce semnificativ riscul de defec\u021biuni opera\u021bionale.<\/p>\n<h3>Lubrifiere adecvat\u0103<\/h3>\n<p>Men\u021binerea unei lubrifieri adecvate este vital\u0103 pentru func\u021bionarea f\u0103r\u0103 probleme a cilindrului hidraulic. Aplicarea regulat\u0103 a tipului \u0219i cantit\u0103\u021bii corecte de ulei hidraulic asigur\u0103 eficien\u021ba etan\u0219\u0103rilor \u0219i reducerea la minimum a frec\u0103rii, ceea ce contribuie la o durat\u0103 de via\u021b\u0103 mai lung\u0103 a cilindrului.<\/p>\n<h3>\u00cenlocuirea garniturii \u0219i verific\u0103ri ale calibr\u0103rii<\/h3>\n<p>\u00cen timp, garniturile se pot uza \u0219i pot necesita \u00eenlocuire. Verificarea regulat\u0103 a garniturilor pentru a depista semne de uzur\u0103 \u0219i \u00eenlocuirea lor, dup\u0103 cum este necesar, ajut\u0103 la men\u021binerea eficien\u021bei hidraulice. Verific\u0103rile de calibrare asigur\u0103 c\u0103 cilindrul func\u021bioneaz\u0103 \u00een parametrii specifica\u021bi, prevenind poten\u021bialele deterior\u0103ri \u0219i asigur\u00e2nd performan\u021be optime.<\/p>\n<p><img decoding=\"async\" src=\"https:\/\/www.hydraulic-cylinders.net\/wp-content\/uploads\/2025\/04\/songte-chushion-collar.webp\" alt=\"Imagine cu guler de pern\u0103\"><\/p>\n<h2>Considera\u021bii de siguran\u021b\u0103<\/h2>\n<p>M\u0103surile de siguran\u021b\u0103 sunt primordiale atunci c\u00e2nd se lucreaz\u0103 cu cilindri hidraulici. Instruirea adecvat\u0103 a operatorilor, respectarea protocoalelor de siguran\u021b\u0103 \u0219i utilizarea echipamentului individual de protec\u021bie (EIP) sunt esen\u021biale. Asigurarea faptului c\u0103 toate caracteristicile de siguran\u021b\u0103 ale sistemului hidraulic sunt func\u021bionale poate preveni accidentele \u0219i v\u0103t\u0103m\u0103rile corporale \u00een timpul func\u021bion\u0103rii.<\/p>\n<h2>Diagnosticarea defec\u021biunilor \u0219i probleme frecvente<\/h2>\n<ul>\n<li><strong>Scurgere:<\/strong> Una dintre cele mai frecvente probleme este scurgerea de fluid hidraulic, care poate rezulta din uzura garniturilor de etan\u0219are sau a componentelor deteriorate. Inspec\u021biile regulate pot ajuta la identificarea \u0219i remedierea prompt\u0103 a scurgerilor.<\/li>\n<li><strong>Performan\u021b\u0103 slab\u0103:<\/strong> Dac\u0103 cilindrul nu se extinde sau nu se retrage lin, acest lucru poate indica un nivel sc\u0103zut de lichid hidraulic sau deterior\u0103ri interne. Depanarea rapid\u0103 a acestor probleme este crucial\u0103 pentru a evita deteriorarea ulterioar\u0103.<\/li>\n<li><strong>Supra\u00eenc\u0103lzire:<\/strong> C\u0103ldura excesiv\u0103 poate cauza descompunerea fluidului hidraulic, ceea ce duce la performan\u021be slabe. Monitorizarea regulat\u0103 a temperaturilor de func\u021bionare poate ajuta la atenuarea acestei probleme.<\/li>\n<\/ul>\n<h2>Sfaturi de depanare<\/h2>\n<p>Pentru a diagnostica \u0219i rezolva eficient problemele legate de cilindrul bra\u021bului, lua\u021bi \u00een considerare urm\u0103toarele sfaturi:<\/p>\n<ul>\n<li>Efectua\u021bi o inspec\u021bie vizual\u0103 pentru a depista orice semne de deteriorare sau uzur\u0103.<\/li>\n<li>Verifica\u021bi nivelurile lichidului hidraulic \u0219i completa\u021bi dup\u0103 cum este necesar.<\/li>\n<li>Verifica\u021bi garniturile pentru orice semne de degradare \u0219i \u00eenlocui\u021bi-le dup\u0103 cum este necesar.<\/li>\n<li>Consulta\u021bi instruc\u021biunile de depanare ale produc\u0103torului pentru probleme specifice legate de cilindru.<\/li>\n<\/ul>\n<p><img decoding=\"async\" src=\"https:\/\/www.hydraulic-cylinders.net\/wp-content\/uploads\/2025\/04\/songte-bushings-with-all-kinds-of-excavator-models.webp\" alt=\"Buc\u0219\u0103 pentru modele de excavatoare\"><\/p>\n<h2>Prezentare general\u0103 a companiei<\/h2>\n<p>Suntem un produc\u0103tor important de cilindri hidraulici de schimb, oferind o gam\u0103 larg\u0103 de produse pentru a satisface nevoile pie\u021belor interne \u0219i interna\u021bionale. Angajamentul nostru fa\u021b\u0103 de excelen\u021b\u0103 \u00een calitate \u0219i practici de fabrica\u021bie precise ne-a pozi\u021bionat ca un partener de \u00eencredere \u00een industria cilindrilor hidraulici. Utiliz\u0103m tehnologii avansate de fabrica\u021bie, personal tehnic calificat \u0219i un sistem robust de asigurare a calit\u0103\u021bii pentru a ne \u00eembun\u0103t\u0103\u021bi capacit\u0103\u021bile de produc\u021bie \u0219i a ne asigura c\u0103 produsele noastre \u00eendeplinesc cele mai \u00eenalte standarde.<\/p>\n<p><img decoding=\"async\" src=\"https:\/\/www.hydraulic-cylinders.net\/wp-content\/uploads\/2025\/04\/songte-company-4.webp\" alt=\"Unitatea de produc\u021bie a companiei\"><br \/>\n<img decoding=\"async\" src=\"https:\/\/www.hydraulic-cylinders.net\/wp-content\/uploads\/2025\/04\/songte-company-3.webp\" alt=\"Echipamente de produc\u021bie ale companiei\"><\/p>\n<h3>Profesionalism \u0219i certific\u0103ri<\/h3>\n<p>Echipa noastr\u0103 este format\u0103 din profesioni\u0219ti cu \u00eenalt\u0103 calificare, dedica\u021bi livr\u0103rii de produse de cea mai bun\u0103 calitate. De\u021binem certific\u0103ri interna\u021bionale care atest\u0103 angajamentul nostru fa\u021b\u0103 de calitate \u0219i fiabilitate, asigur\u00e2ndu-ne c\u0103 clien\u021bii no\u0219tri primesc produse \u00een care pot avea \u00eencredere.<\/p>\n<h3>Servicii personalizate<\/h3>\n<p>Oferim solu\u021bii personalizate de cilindri hidraulici, adaptate pentru a satisface cerin\u021bele specifice ale clien\u021bilor, asigur\u00e2ndu-ne c\u0103 putem aborda eficient aplica\u021bii unice.<\/p>\n<h3>Echipamente de produc\u021bie<\/h3>\n<p>Utiliz\u00e2nd echipamente de produc\u021bie de ultim\u0103 genera\u021bie, men\u021binem niveluri ridicate de eficien\u021b\u0103 opera\u021bional\u0103 \u0219i precizie \u00een procesele noastre de produc\u021bie, facilit\u00e2nd livrarea rapid\u0103 a unor produse de \u00eenalt\u0103 calitate.<\/p>\n<h3>Asisten\u021b\u0103 post-v\u00e2nzare<\/h3>\n<p>Angajamentul nostru fa\u021b\u0103 de satisfac\u021bia clien\u021bilor se extinde dincolo de v\u00e2nzare. Oferim asisten\u021b\u0103 post-v\u00e2nzare complet\u0103, inclusiv consultan\u021b\u0103 pentru \u00eentre\u021binere \u0219i asisten\u021b\u0103 pentru depanare, pentru a ne asigura c\u0103 clien\u021bii no\u0219tri profit\u0103 la maximum de produsele lor.<\/p>\n<p>Autor: lyl<\/p>","protected":false},"excerpt":{"rendered":"<p>Boom Cylinder For Caterpillar Large Excavator E349D Introduction to Boom Cylinder The Boom Cylinder is an essential hydraulic component designed specifically for heavy machinery, particularly the Caterpillar E349D excavator. This hydraulic cylinder is responsible for controlling the movement of the boom, enabling the excavator to perform its primary functions with precision and efficiency. The boom [&hellip;]<\/p>","protected":false},"featured_media":17871,"comment_status":"open","ping_status":"closed","template":"","meta":{"_et_pb_use_builder":"","_et_pb_old_content":"","_et_gb_content_width":""},"product_brand":[],"product_cat":[1546],"product_tag":[1547,1496],"class_list":{"0":"post-18974","1":"product","2":"type-product","3":"status-publish","4":"has-post-thumbnail","6":"product_cat-boom-cylinders","7":"product_tag-boom-cylinders","8":"product_tag-hydraulic-cylinders","10":"first","11":"instock","12":"shipping-taxable","13":"product-type-simple"},"amp_enabled":true,"_links":{"self":[{"href":"https:\/\/www.hydraulic-cylinders.net\/ro\/wp-json\/wp\/v2\/product\/18974","targetHints":{"allow":["GET"]}}],"collection":[{"href":"https:\/\/www.hydraulic-cylinders.net\/ro\/wp-json\/wp\/v2\/product"}],"about":[{"href":"https:\/\/www.hydraulic-cylinders.net\/ro\/wp-json\/wp\/v2\/types\/product"}],"replies":[{"embeddable":true,"href":"https:\/\/www.hydraulic-cylinders.net\/ro\/wp-json\/wp\/v2\/comments?post=18974"}],"wp:featuredmedia":[{"embeddable":true,"href":"https:\/\/www.hydraulic-cylinders.net\/ro\/wp-json\/wp\/v2\/media\/17871"}],"wp:attachment":[{"href":"https:\/\/www.hydraulic-cylinders.net\/ro\/wp-json\/wp\/v2\/media?parent=18974"}],"wp:term":[{"taxonomy":"product_brand","embeddable":true,"href":"https:\/\/www.hydraulic-cylinders.net\/ro\/wp-json\/wp\/v2\/product_brand?post=18974"},{"taxonomy":"product_cat","embeddable":true,"href":"https:\/\/www.hydraulic-cylinders.net\/ro\/wp-json\/wp\/v2\/product_cat?post=18974"},{"taxonomy":"product_tag","embeddable":true,"href":"https:\/\/www.hydraulic-cylinders.net\/ro\/wp-json\/wp\/v2\/product_tag?post=18974"}],"curies":[{"name":"wp","href":"https:\/\/api.w.org\/{rel}","templated":true}]}}