{"id":18975,"date":"2025-04-07T06:05:00","date_gmt":"2025-04-07T06:05:00","guid":{"rendered":"https:\/\/www.hydraulic-cylinders.net\/product\/boom-cylinder-for-caterpillar-large-excavator-e345dl\/"},"modified":"2025-04-07T06:05:21","modified_gmt":"2025-04-07T06:05:21","slug":"boom-cylinder-for-caterpillar-large-excavator-e345dl","status":"publish","type":"product","link":"https:\/\/www.hydraulic-cylinders.net\/ro\/produs\/boom-cylinder-for-caterpillar-large-excavator-e345dl\/","title":{"rendered":"Cilindru bra\u021b pentru excavator mare Caterpillar E345DL"},"content":{"rendered":"<h1>Cilindru bra\u021b pentru excavator mare Caterpillar E345DL<\/h1>\n<h2>Introducere \u00een cilindrul bra\u021bului<\/h2>\n<p>Cilindrul bra\u021bului este o component\u0103 critic\u0103 \u00een sistemele hidraulice, special conceput pentru a gestiona mi\u0219carea cupelor \u00een utilaje grele, cum ar fi excavatoarele, \u00eenc\u0103rc\u0103toarele cu excavator \u0219i \u00eenc\u0103rc\u0103toarele frontale. Acest cilindru hidraulic permite ridicarea, cobor\u00e2rea \u0219i \u00eenclinarea cupei, facilit\u00e2nd sarcini eficiente de manipulare a materialelor. Designul \u0219i func\u021bionalitatea cilindrilor bra\u021bului sunt esen\u021biale pentru optimizarea performan\u021bei echipamentelor de excavare.<\/p>\n<p>\u00cen sistemele hidraulice, cilindrul bra\u021bului func\u021bioneaz\u0103 prin transformarea presiunii hidraulice \u00een for\u021b\u0103 mecanic\u0103, permi\u021b\u00e2nd mi\u0219c\u0103ri line \u0219i precise. Aceast\u0103 opera\u021biune este crucial\u0103 \u00een situa\u021biile de construc\u021bie \u0219i demolare, unde sunt necesare ridic\u0103ri grele \u0219i plasarea precis\u0103 a materialelor. Cu cilindrul bra\u021bului potrivit, operatorii pot maximiza productivitatea, reduc\u00e2nd \u00een acela\u0219i timp timpii de nefunc\u021bionare \u0219i problemele de \u00eentre\u021binere.<\/p>\n<p><img decoding=\"async\" src=\"https:\/\/www.hydraulic-cylinders.net\/wp-content\/uploads\/2025\/04\/songte-company-1.webp\" alt=\"Cilindru de bra\u021b\" \/><\/p>\n<h2>Caracteristicile cilindrului bra\u021bului<\/h2>\n<ul>\n<li><strong>Rezisten\u021b\u0103 \u0219i durabilitate ridicate:<\/strong> Fabricat de obicei din o\u021bel sau aluminiu de \u00eenalt\u0103 rezisten\u021b\u0103, cilindrul bra\u021bului este proiectat s\u0103 reziste la presiuni ridicate \u0219i sarcini grele, fiind ideal pentru medii de lucru dure.<\/li>\n<li><strong>Func\u021bionare hidraulic\u0103 eficient\u0103:<\/strong> Cilindrul utilizeaz\u0103 presiunea uleiului hidraulic pentru o extensie \u0219i retragere lin\u0103, oferind un r\u0103spuns rapid la comenzile opera\u021bionale \u0219i furniz\u00e2nd for\u021be puternice de \u00eempingere \u0219i tragere.<\/li>\n<li><strong>Diverse tipuri:<\/strong> Disponibil cu ac\u021biune simpl\u0103 (func\u021bioneaz\u0103 \u00eentr-o singur\u0103 direc\u021bie) sau cu ac\u021biune dubl\u0103 (func\u021bioneaz\u0103 \u00een ambele direc\u021bii), cilindrul bra\u021bului poate fi adaptat pentru a satisface diverse nevoi opera\u021bionale, inclusiv modele telescopice pentru o raz\u0103 de ac\u021biune sporit\u0103 f\u0103r\u0103 a m\u0103ri dimensiunile exterioare.<\/li>\n<li><strong>Design u\u0219or de \u00eentre\u021binut:<\/strong> Construc\u021bia cilindrului bra\u021bului ia \u00een considerare u\u0219urin\u021ba \u00eentre\u021binerii, asigur\u00e2nd c\u0103 acesta r\u0103m\u00e2ne opera\u021bional cu un timp de nefunc\u021bionare minim.<\/li>\n<li><strong>Rezisten\u021b\u0103 la coroziune:<\/strong> Concepu\u021bi pentru a rezista la expunerea la diverse elemente, cilindrii bra\u021bului sunt dotati cu caracteristici care protejeaz\u0103 \u00eempotriva coroziunii \u0219i uzurii, prelungindu-le astfel durata de via\u021b\u0103.<\/li>\n<\/ul>\n<p>Compania noastr\u0103 fabric\u0103 acest produs \u00een baza unor controale stricte de calitate, asigur\u00e2ndu-se c\u0103 cilindrii no\u0219tri pentru bra\u021b sunt \u00eenlocuitori perfec\u021bi pentru cilindrii hidraulici existen\u021bi.<\/p>\n<p><img decoding=\"async\" src=\"https:\/\/www.hydraulic-cylinders.net\/wp-content\/uploads\/2025\/04\/songte-cylinder-head-with-all-kinds-excavator-models.webp\" alt=\"Modele de excavatoare\" \/><\/p>\n<h2>Aplica\u021bii ale cilindrului bra\u021bului<\/h2>\n<h3>Echipamente de construc\u021bii<\/h3>\n<p>\u00cen excavatoare, cilindrii bra\u021bului sunt vitali pentru s\u0103pare, \u00eenc\u0103rcare \u0219i mutarea p\u0103m\u00e2ntului sau a resturilor. Ace\u0219tia permit cupei s\u0103 p\u0103trund\u0103 eficient \u00een sol, permi\u021b\u00e2nd opera\u021biuni eficiente de excavare. Designul cilindrului bra\u021bului asigur\u0103 c\u0103 acesta poate face fa\u021b\u0103 rigorilor \u0219antierelor de construc\u021bii, unde sarcinile grele \u0219i condi\u021biile dificile sunt frecvente.<\/p>\n<h3>Ma\u0219ini agricole<\/h3>\n<p>\u00cen \u00eenc\u0103rc\u0103toarele frontale, cilindrii bra\u021bului permit ridicarea, transportul \u0219i transportul materialelor precum solul \u0219i f\u00e2nul. Rolul lor \u00een utilajele agricole este crucial, deoarece sporesc capacitatea utilajelor de a \u00eendeplini sarcini multiple, cresc\u00e2nd eficient productivitatea \u00een ferme \u0219i pe terenuri agricole.<\/p>\n<h3>Excavatoare<\/h3>\n<p>La excavatoare, cilindrul bra\u021bului permite cupei s\u0103 p\u0103trund\u0103 \u00een sol, facilit\u00e2nd procesul de s\u0103pare. Prin reglarea pozi\u021biei cupei, operatorii pot ob\u021bine ad\u00e2ncimi \u0219i unghiuri precise de s\u0103pare, \u00eembun\u0103t\u0103\u021bind eficien\u021ba general\u0103 a sarcinilor de excavare.<\/p>\n<h3>\u00cenc\u0103rc\u0103toare<\/h3>\n<p>La \u00eenc\u0103rc\u0103toarele frontale, cilindrii bra\u021bului ajut\u0103 la ridicarea \u0219i desc\u0103rcarea eficient\u0103 a \u00eenc\u0103rc\u0103turilor. Capacit\u0103\u021bile lor puternice de extensie permit operatorilor s\u0103 manevreze materialele cu u\u0219urin\u021b\u0103, simplific\u00e2nd astfel procesul de \u00eenc\u0103rcare \u0219i desc\u0103rcare.<\/p>\n<h2>Considera\u021bii de proiectare \u0219i criterii de selec\u021bie<\/h2>\n<h3>Capacitate de \u00eenc\u0103rcare<\/h3>\n<p>Atunci c\u00e2nd se selecteaz\u0103 un cilindru pentru bra\u021b, una dintre principalele considera\u021bii este capacitatea sa de \u00eenc\u0103rcare. Cilindrul trebuie s\u0103 fie capabil s\u0103 suporte sarcina maxim\u0103 a\u0219teptat\u0103 f\u0103r\u0103 a compromite siguran\u021ba sau performan\u021ba. Produc\u0103torii specific\u0103 adesea valorile de \u00eenc\u0103rcare pe baza unor teste extinse, asigur\u00e2ndu-se c\u0103 cilindrul poate rezista condi\u021biilor extreme ale opera\u021biunilor cu utilaje grele. \u00cen\u021belegerea greut\u0103\u021bii materialelor manipulate \u0219i a frecven\u021belor de func\u021bionare este esen\u021bial\u0103 pentru determinarea capacit\u0103\u021bii de \u00eenc\u0103rcare adecvate pentru cilindru.<\/p>\n<h3>Mecanisme de etan\u0219are<\/h3>\n<p>Etan\u0219area eficient\u0103 este o alt\u0103 considera\u021bie critic\u0103 \u00een ceea ce prive\u0219te proiectarea. Cilindrul bra\u021bului trebuie s\u0103 fie echipat cu etan\u0219\u0103ri de \u00eenalt\u0103 calitate pentru a preveni scurgerile de fluid hidraulic, care pot duce la sc\u0103derea eficien\u021bei \u0219i la poten\u021biale daune. Materialele utilizate pentru etan\u0219\u0103ri, cum ar fi poliuretanul sau cauciucul nitrilic, trebuie s\u0103 reziste la uzur\u0103 \u0219i coroziune, men\u021bin\u00e2nd \u00een acela\u0219i timp o etan\u0219are fiabil\u0103 sub presiune. \u00centre\u021binerea acestor etan\u0219\u0103ri este vital\u0103 pentru asigurarea func\u021bionalit\u0103\u021bii pe termen lung a sistemului hidraulic.<\/p>\n<h3>Durabilitate<\/h3>\n<p>Durabilitatea este crucial\u0103 atunci c\u00e2nd se alege un cilindru pentru bra\u021b. Cilindrul trebuie s\u0103 fie construit din materiale care pot rezista la medii de lucru dure, inclusiv expunerea la temperaturi extreme, umiditate \u0219i materiale abrazive. Designul trebuie s\u0103 includ\u0103 caracteristici care sporesc rezisten\u021ba la uzur\u0103, asigur\u00e2ndu-se c\u0103 cilindrul \u00ee\u0219i men\u021bine performan\u021ba \u00een condi\u021bii solicitante \u00een timp.<\/p>\n<h3>Caracteristici de siguran\u021b\u0103<\/h3>\n<p>Siguran\u021ba este primordial\u0103 \u00een sistemele hidraulice. Proiectarea cilindrului bra\u021bului ar trebui s\u0103 includ\u0103 caracteristici de siguran\u021b\u0103, cum ar fi supapele de suprapresiune, care previn supra\u00eenc\u0103rcarea sistemului, \u0219i sisteme robuste de montare care asigur\u0103 o fixare sigur\u0103 la utilaje. Operatorii trebuie s\u0103 fie con\u0219tien\u021bi de aceste caracteristici de siguran\u021b\u0103 \u0219i s\u0103 se asigure c\u0103 acestea func\u021bioneaz\u0103 corect pentru a preveni accidentele \u0219i v\u0103t\u0103m\u0103rile corporale la \u0219antier.<\/p>\n<h3>Accesibilitate pentru \u00eentre\u021binere<\/h3>\n<p>U\u0219urin\u021ba \u00eentre\u021binerii este, de asemenea, o considera\u021bie critic\u0103 \u00een ceea ce prive\u0219te designul. Cilindrul bra\u021bului ar trebui proiectat astfel \u00eenc\u00e2t componentele s\u0103 fie u\u0219or accesibile pentru inspec\u021bii \u0219i repara\u021bii de rutin\u0103. Acest aspect de design ajut\u0103 la minimizarea timpilor de nefunc\u021bionare \u0219i asigur\u0103 c\u0103 utilajele r\u0103m\u00e2n opera\u021bionale, \u00eembun\u0103t\u0103\u021bind \u00een cele din urm\u0103 productivitatea pe \u0219antiere. Produc\u0103torii ar trebui s\u0103 ia \u00een considerare furnizarea de manuale de service detaliate care s\u0103 prezinte procedurile \u0219i intervalele de \u00eentre\u021binere, ajut\u00e2nd operatorii s\u0103 men\u021bin\u0103 echipamentele \u00een stare optim\u0103.<\/p>\n<p><img decoding=\"async\" src=\"https:\/\/www.hydraulic-cylinders.net\/wp-content\/uploads\/2025\/04\/songte-oil-pipes-and-spare-parts.webp\" alt=\"Conducte de petrol \u0219i piese de schimb\" \/><\/p>\n<h2>Etan\u0219area \u0219i lubrifierea cilindrului bra\u021bului<\/h2>\n<p>Etan\u0219area \u0219i lubrifierea cilindrilor bra\u021bului sunt esen\u021biale pentru asigurarea func\u021bion\u0103rii lor eficiente. Diverse componente de etan\u0219are, cum ar fi etan\u0219\u0103rile pistonului \u0219i etan\u0219\u0103rile tijei, joac\u0103 un rol crucial \u00een men\u021binerea re\u021binerii fluidului hidraulic. Etan\u0219\u0103rile fabricate din materiale durabile, precum poliuretanul \u0219i cauciucul nitrilic, ofer\u0103 o rezisten\u021b\u0103 excep\u021bional\u0103 la uzur\u0103 \u0219i pot rezista condi\u021biilor dure din mediile de construc\u021bii \u0219i industriale.<\/p>\n<p>Corpul cilindrului \u0219i suprafe\u021bele filetate ale cap\u0103tului sunt supuse unor prelucr\u0103ri de precizie pentru a \u00eembun\u0103t\u0103\u021bi rezisten\u021ba la uzur\u0103, aspect esen\u021bial pentru minimizarea scurgerilor \u0219i prelungirea duratei de via\u021b\u0103 a cilindrului. Lubrifierea regulat\u0103 cu uleiul hidraulic adecvat este necesar\u0103 pentru a asigura o func\u021bionare lin\u0103 \u0219i a reduce frecarea dintre piesele \u00een mi\u0219care. Aceast\u0103 lubrifiere trebuie efectuat\u0103 \u00een mod regulat pentru a men\u021bine performan\u021be optime \u0219i a preveni poten\u021biale probleme legate de uzur\u0103.<\/p>\n<h2>Inspec\u021bie regulat\u0103 \u0219i \u00eentre\u021binere preventiv\u0103<\/h2>\n<ul>\n<li><strong>Inspec\u021bie vizual\u0103:<\/strong> Efectua\u021bi inspec\u021bii vizuale regulate pentru a depista semne de uzur\u0103, scurgeri sau deteriorare. Acest lucru ajut\u0103 la identificarea problemelor \u00eenainte ca acestea s\u0103 se transforme \u00een probleme mai semnificative.<\/li>\n<li><strong>Lubrifiere:<\/strong> Asigura\u021bi-v\u0103 c\u0103 toate piesele mobile sunt lubrifiate corespunz\u0103tor pentru a reduce frecarea \u0219i uzura. Programa\u021bi lubrifierea \u00een func\u021bie de frecven\u021ba de utilizare pentru a men\u021bine performan\u021be optime.<\/li>\n<li><strong>\u00cenlocuirea garniturii:<\/strong> Verifica\u021bi periodic starea garniturilor de etan\u0219are \u0219i \u00eenlocui\u021bi-le dup\u0103 cum este necesar pentru a preveni scurgerile de fluid hidraulic care ar putea compromite integritatea sistemului.<\/li>\n<\/ul>\n<h2>Instruc\u021biuni de instalare pentru cilindrul bra\u021bului<\/h2>\n<p>Instalarea corect\u0103 a cilindrului bra\u021bului este crucial\u0103 pentru performan\u021ba \u0219i longevitatea sa optim\u0103. Asigura\u021bi-v\u0103 c\u0103 sunt urma\u021bi urm\u0103torii pa\u0219i \u00een timpul instal\u0103rii:<\/p>\n<ol>\n<li><strong>Preg\u0103ti\u021bi zona de montare:<\/strong> \u00cenainte de instalare, cur\u0103\u021ba\u021bi zona de montare pentru a \u00eendep\u0103rta orice resturi sau material de etan\u0219are vechi care ar putea interfera cu alinierea corect\u0103.<\/li>\n<li><strong>Alinia\u021bi cilindrul:<\/strong> Alinia\u021bi cu grij\u0103 cilindrul hidraulic cu punctele de montare. Folosi\u021bi unelte de aliniere, dac\u0103 este necesar, pentru a asigura precizia.<\/li>\n<li><strong>Fixa\u021bi cilindrul:<\/strong> Folosi\u021bi console de montare \u0219i elemente de fixare adecvate pentru a fixa \u00een siguran\u021b\u0103 cilindrul. Asigura\u021bi-v\u0103 c\u0103 toate conexiunile sunt str\u00e2nse pentru a preveni mi\u0219carea \u00een timpul func\u021bion\u0103rii.<\/li>\n<li><strong>Conectarea conductelor hidraulice:<\/strong> Conecta\u021bi conductele hidraulice la cilindru, asigur\u00e2ndu-v\u0103 c\u0103 sunt montate corect pentru a preveni scurgerile.<\/li>\n<li><strong>Opera\u021biune de testare:<\/strong> Dup\u0103 instalare, efectua\u021bi o prob\u0103 de func\u021bionare pentru a v\u0103 asigura c\u0103 cilindrul func\u021bioneaz\u0103 conform a\u0219tept\u0103rilor. Verifica\u021bi dac\u0103 exist\u0103 scurgeri \u0219i efectua\u021bi ajust\u0103rile necesare.<\/li>\n<\/ol>\n<h2>Sarcini comune de \u00eentre\u021binere<\/h2>\n<ul>\n<li><strong>Inspec\u021bii regulate:<\/strong> Programa\u021bi inspec\u021bii de rutin\u0103 pentru a verifica dac\u0103 exist\u0103 scurgeri, uzur\u0103 \u0219i deterior\u0103ri. Depistarea timpurie poate preveni repara\u021bii costisitoare.<\/li>\n<li><strong>Lubrifiere adecvat\u0103:<\/strong> Asigura\u021bi-v\u0103 c\u0103 cilindrul este lubrifiat conform specifica\u021biilor produc\u0103torului pentru a men\u021bine o func\u021bionare f\u0103r\u0103 probleme \u0219i a prelungi durata de via\u021b\u0103.<\/li>\n<li><strong>\u00cenlocuirea garniturii:<\/strong> \u00cenlocui\u021bi prompt garniturile uzate sau deteriorate pentru a preveni scurgerile de fluid hidraulic \u0219i a men\u021bine eficien\u021ba sistemului.<\/li>\n<\/ul>\n<p>Instalarea \u0219i alinierea corect\u0103 a cilindrului sunt vitale pentru o func\u021bionare f\u0103r\u0103 probleme. Folosi\u021bi suporturi de montare adecvate pentru a fixa cilindrul \u0219i asigura\u021bi-v\u0103 c\u0103 toate conexiunile hidraulice sunt str\u00e2nse. Verifica\u021bi, repara\u021bi \u0219i \u00eenlocui\u021bi periodic componentele, dup\u0103 cum este necesar, pentru a men\u021bine func\u021bionalitatea sistemului hidraulic. Respectarea acestor proceduri poate \u00eembun\u0103t\u0103\u021bi semnificativ durata de via\u021b\u0103 a cilindrului bra\u021bului dumneavoastr\u0103.<\/p>\n<p><img decoding=\"async\" src=\"https:\/\/www.hydraulic-cylinders.net\/wp-content\/uploads\/2025\/04\/songte-chushion-collar.webp\" alt=\"Guler de pern\u0103\" \/><\/p>\n<h2>Considera\u021bii de siguran\u021b\u0103 \u0219i factori de mediu<\/h2>\n<p>M\u0103surile de siguran\u021b\u0103 sunt cruciale atunci c\u00e2nd se utilizeaz\u0103 cilindri ai bra\u021bului \u00een sistemele hidraulice. Operatorii trebuie s\u0103 fie instrui\u021bi pentru a \u00een\u021belege riscurile asociate cu utilajele hidraulice \u0219i importan\u021ba respect\u0103rii protocoalelor de siguran\u021b\u0103. Utilizarea echipamentului individual de protec\u021bie (EIP) este esen\u021bial\u0103 pentru a proteja lucr\u0103torii de poten\u021bialele pericole, cum ar fi scurgerile de fluid hidraulic, care pot prezenta riscuri de siguran\u021b\u0103 \u0219i probleme de mediu.<\/p>\n<p>De asemenea, este important s\u0103 fim con\u0219tien\u021bi de impactul fluidului hidraulic asupra mediului. Eliminarea \u0219i gestionarea corespunz\u0103toare a fluidelor hidraulice sunt necesare pentru a preveni contaminarea solului \u0219i a surselor de ap\u0103. Respectarea reglement\u0103rilor de mediu \u0219i a celor mai bune practici poate ajuta la atenuarea impactului sistemelor hidraulice asupra mediului.<\/p>\n<h2>Diagnosticarea defec\u021biunilor \u0219i probleme frecvente<\/h2>\n<ul>\n<li><strong>Scurgere de fluide:<\/strong> Aceasta este una dintre cele mai frecvente probleme ale cilindrilor hidraulici. Inspecta\u021bi garniturile \u0219i conexiunile pentru uzur\u0103 sau deteriorare care ar putea duce la scurgeri.<\/li>\n<li><strong>Func\u021bionare lent\u0103:<\/strong> Dac\u0103 cilindrul func\u021bioneaz\u0103 lent, acest lucru poate indica un nivel sc\u0103zut de lichid hidraulic sau o problem\u0103 cu pompa hidraulic\u0103. Verifica\u021bi nivelurile de lichid \u0219i inspecta\u021bi pompa pentru a depista eventualele probleme.<\/li>\n<li><strong>Zgomote neobi\u0219nuite:<\/strong> Zgomotele neobi\u0219nuite \u00een timpul func\u021bion\u0103rii pot indica probleme mecanice, cum ar fi rulmen\u021bi uza\u021bi sau lubrifiere insuficient\u0103. Investiga\u021bi sursa zgomotului \u0219i lua\u021bi m\u0103suri corective.<\/li>\n<\/ul>\n<h2>Sfaturi \u0219i solu\u021bii pentru depanare<\/h2>\n<p>Depanarea eficient\u0103 \u00eencepe cu identificarea simptomelor problemei. \u00cen cazul scurgerilor de lichid, inspecta\u021bi garniturile \u0219i fitingurile pentru a depista eventualele deterior\u0103ri \u0219i \u00eenlocui\u021bi-le dup\u0103 cum este necesar. Dac\u0103 cilindrul func\u021bioneaz\u0103 lent, verifica\u021bi nivelul fluidului hidraulic \u0219i reumple\u021bi-l dac\u0103 este sc\u0103zut. \u00cen plus, inspecta\u021bi pompa hidraulic\u0103 pentru probleme de performan\u021b\u0103.<\/p>\n<p>Pentru a minimiza poten\u021bialele probleme, stabili\u021bi un program de \u00eentre\u021binere regulat\u0103 care include inspec\u021bii, lubrifiere \u0219i repararea prompt\u0103 a oric\u0103ror probleme identificate. Educarea operatorilor cu privire la recunoa\u0219terea semnelor timpurii ale problemelor poate reduce \u0219i mai mult riscul unor defec\u021biuni semnificative.<\/p>\n<p><img decoding=\"async\" src=\"https:\/\/www.hydraulic-cylinders.net\/wp-content\/uploads\/2025\/04\/songte-bushings-with-all-kinds-of-excavator-models.webp\" alt=\"Buc\u0219e pentru modele de excavatoare\" \/><\/p>\n<h2>Despre compania noastr\u0103<\/h2>\n<p>Suntem un produc\u0103tor \u0219i distribuitor angro de top de cilindri hidraulici de schimb, oferind o gam\u0103 larg\u0103 de produse pe pie\u021bele interne \u0219i interna\u021bionale. Angajamentul nostru fa\u021b\u0103 de excelen\u021b\u0103 se reflect\u0103 \u00een strategiile noastre meticuloase de management al produc\u021biei, care valorific\u0103 tehnologia de ultim\u0103 genera\u021bie \u0219i for\u021ba de munc\u0103 calificat\u0103.<\/p>\n<p>Facilit\u0103\u021bile noastre dispun de echipamente digitale avansate de produc\u021bie \u0219i un sistem complet de control al calit\u0103\u021bii. Aceast\u0103 combina\u021bie ne permite s\u0103 ne \u00eembun\u0103t\u0103\u021bim continuu capacit\u0103\u021bile de produc\u021bie, satisf\u0103c\u00e2nd \u00een acela\u0219i timp diversele nevoi ale clien\u021bilor. Prioritiz\u0103m eficien\u021ba ridicat\u0103, precizia \u0219i calitatea pentru a ne asigura c\u0103 produsele noastre dep\u0103\u0219esc a\u0219tept\u0103rile clien\u021bilor.<\/p>\n<p>Pe l\u00e2ng\u0103 capacit\u0103\u021bile noastre de produc\u021bie, oferim servicii personalizate, adaptate pentru a satisface cerin\u021bele specifice ale clien\u021bilor. Certific\u0103rile noastre interna\u021bionale confirm\u0103 angajamentul nostru fa\u021b\u0103 de standardele de calitate \u0219i siguran\u021b\u0103. De asemenea, oferim asisten\u021b\u0103 post-v\u00e2nzare excep\u021bional\u0103, asigur\u00e2ndu-ne c\u0103 clien\u021bii no\u0219tri au acces la asisten\u021ba de care au nevoie pe tot parcursul ciclului de via\u021b\u0103 al produselor noastre.<\/p>\n<p><img decoding=\"async\" src=\"https:\/\/www.hydraulic-cylinders.net\/wp-content\/uploads\/2025\/04\/songte-company-4.webp\" alt=\"Imaginea companiei 1\" \/><br \/>\n<img decoding=\"async\" src=\"https:\/\/www.hydraulic-cylinders.net\/wp-content\/uploads\/2025\/04\/songte-company-3.webp\" alt=\"Imaginea companiei 2\" \/><\/p>\n<p>Autor: lyl<\/p>","protected":false},"excerpt":{"rendered":"<p>Boom Cylinder For Caterpillar Large Excavator E345DL Introduction to Boom Cylinder The Boom Cylinder is a critical component in hydraulic systems, specifically designed to manage the movement of buckets in heavy machinery such as excavators, backhoe loaders, and front loaders. This hydraulic cylinder enables the bucket to lift, lower, and tilt, facilitating efficient material handling [&hellip;]<\/p>","protected":false},"featured_media":17872,"comment_status":"open","ping_status":"closed","template":"","meta":{"_et_pb_use_builder":"","_et_pb_old_content":"","_et_gb_content_width":""},"product_brand":[],"product_cat":[1546],"product_tag":[1547,1496],"class_list":{"0":"post-18975","1":"product","2":"type-product","3":"status-publish","4":"has-post-thumbnail","6":"product_cat-boom-cylinders","7":"product_tag-boom-cylinders","8":"product_tag-hydraulic-cylinders","10":"first","11":"instock","12":"shipping-taxable","13":"product-type-simple"},"amp_enabled":true,"_links":{"self":[{"href":"https:\/\/www.hydraulic-cylinders.net\/ro\/wp-json\/wp\/v2\/product\/18975","targetHints":{"allow":["GET"]}}],"collection":[{"href":"https:\/\/www.hydraulic-cylinders.net\/ro\/wp-json\/wp\/v2\/product"}],"about":[{"href":"https:\/\/www.hydraulic-cylinders.net\/ro\/wp-json\/wp\/v2\/types\/product"}],"replies":[{"embeddable":true,"href":"https:\/\/www.hydraulic-cylinders.net\/ro\/wp-json\/wp\/v2\/comments?post=18975"}],"wp:featuredmedia":[{"embeddable":true,"href":"https:\/\/www.hydraulic-cylinders.net\/ro\/wp-json\/wp\/v2\/media\/17872"}],"wp:attachment":[{"href":"https:\/\/www.hydraulic-cylinders.net\/ro\/wp-json\/wp\/v2\/media?parent=18975"}],"wp:term":[{"taxonomy":"product_brand","embeddable":true,"href":"https:\/\/www.hydraulic-cylinders.net\/ro\/wp-json\/wp\/v2\/product_brand?post=18975"},{"taxonomy":"product_cat","embeddable":true,"href":"https:\/\/www.hydraulic-cylinders.net\/ro\/wp-json\/wp\/v2\/product_cat?post=18975"},{"taxonomy":"product_tag","embeddable":true,"href":"https:\/\/www.hydraulic-cylinders.net\/ro\/wp-json\/wp\/v2\/product_tag?post=18975"}],"curies":[{"name":"wp","href":"https:\/\/api.w.org\/{rel}","templated":true}]}}