{"id":18976,"date":"2025-04-07T06:05:22","date_gmt":"2025-04-07T06:05:22","guid":{"rendered":"https:\/\/www.hydraulic-cylinders.net\/product\/boom-cylinder-for-caterpillar-large-excavator-e374fl\/"},"modified":"2025-04-07T06:05:25","modified_gmt":"2025-04-07T06:05:25","slug":"boom-cylinder-for-caterpillar-large-excavator-e374fl","status":"publish","type":"product","link":"https:\/\/www.hydraulic-cylinders.net\/ro\/produs\/boom-cylinder-for-caterpillar-large-excavator-e374fl\/","title":{"rendered":"Cilindru bra\u021b pentru excavator mare Caterpillar E374FL"},"content":{"rendered":"<h1>Cilindru bra\u021b pentru excavator mare Caterpillar E374FL<\/h1>\n<h2>Introducere \u00een cilindrul bra\u021bului<\/h2>\n<p>Cilindrul bra\u021bului este o component\u0103 critic\u0103 \u00een utilajele grele, \u00een special \u00een excavatoarele precum Caterpillar E374FL. Acest cilindru hidraulic este conceput pentru a controla mi\u0219carea bra\u021bului, permi\u021b\u00e2ndu-i ridicarea, cobor\u00e2rea \u0219i \u00eenclinarea. Func\u021bia unui cilindru al bra\u021bului este esen\u021bial\u0103 pentru sarcinile de manipulare a materialelor, deoarece permite mi\u0219c\u0103ri precise necesare pentru s\u0103parea, ridicarea \u0219i pozi\u021bionarea eficient\u0103 a bra\u021bului excavatorului.<\/p>\n<p>\u00cen sistemele hidraulice, cilindrul bra\u021bului prime\u0219te fluid hidraulic, care genereaz\u0103 for\u021ba necesar\u0103 pentru a \u00eendeplini diverse sarcini. Acest mecanism este crucial \u00eentr-o gam\u0103 larg\u0103 de aplica\u021bii, de la construc\u021bii la agricultur\u0103. Un cilindru al bra\u021bului bine proiectat asigur\u0103 performan\u021be optime, fiabilitate \u0219i eficien\u021b\u0103, fiind indispensabil pentru operatorii din medii solicitante.<\/p>\n<p><img decoding=\"async\" src=\"https:\/\/www.hydraulic-cylinders.net\/wp-content\/uploads\/2025\/04\/songte-company-1.webp\" alt=\"Cilindru hidraulic\" \/><\/p>\n<h2>Caracteristici cheie ale cilindrului bra\u021bului<\/h2>\n<ul>\n<li><strong>Rezisten\u021b\u0103 \u0219i durabilitate ridicate:<\/strong> Construit de obicei din o\u021bel sau aluminiu de \u00eenalt\u0103 rezisten\u021b\u0103, cilindrul bra\u021bului este proiectat s\u0103 reziste la presiuni ridicate \u0219i sarcini grele, asigur\u00e2nd longevitatea chiar \u0219i \u00een condi\u021bii dificile de lucru.<\/li>\n<li><strong>Func\u021bionare hidraulic\u0103 eficient\u0103:<\/strong> Utiliz\u00e2nd presiunea fluidului hidraulic, cilindrul faciliteaz\u0103 extinderea \u0219i retragerea lin\u0103, r\u0103spunz\u00e2nd rapid la comenzile operatorului, oferind \u00een acela\u0219i timp capacit\u0103\u021bi substan\u021biale de \u00eempingere \u0219i tragere.<\/li>\n<li><strong>Diverse tipuri:<\/strong> Cilindrii bra\u021bului sunt disponibili \u00een variante cu ac\u021biune simpl\u0103 (func\u021bioneaz\u0103 \u00eentr-o singur\u0103 direc\u021bie) sau cu ac\u021biune dubl\u0103 (func\u021bioneaz\u0103 \u00een ambele direc\u021bii), r\u0103spunz\u00e2nd diferitelor nevoi opera\u021bionale. Unele modele sunt dotate cu design telescopic, permi\u021b\u00e2nd o extensie mai mare f\u0103r\u0103 a cre\u0219te dimensiunile exterioare, ideale pentru spa\u021bii \u00eenguste.<\/li>\n<li><strong>Fabrica\u021bie personalizat\u0103:<\/strong> Compania noastr\u0103 este specializat\u0103 \u00een producerea de cilindri hidraulici de \u00eenalt\u0103 calitate pentru bra\u021b, care \u00eenlocuiesc perfect cilindrii hidraulici existen\u021bi, asigur\u00e2nd o integrare \u0219i o performan\u021b\u0103 f\u0103r\u0103 probleme.<\/li>\n<li><strong>Tehnologie avansat\u0103 a materialelor:<\/strong> Utilizarea materialelor inovatoare spore\u0219te rezisten\u021ba produsului la uzur\u0103 \u0219i coroziune, prelungindu-i semnificativ durata de via\u021b\u0103 chiar \u0219i \u00een cele mai solicitante aplica\u021bii.<\/li>\n<\/ul>\n<p><img decoding=\"async\" src=\"https:\/\/www.hydraulic-cylinders.net\/wp-content\/uploads\/2025\/04\/songte-cylinder-head-with-all-kinds-excavator-models.webp\" alt=\"Modele de excavatoare\" \/><\/p>\n<h2>Aplica\u021bii ale cilindrului bra\u021bului<\/h2>\n<h3>Echipamente de construc\u021bii<\/h3>\n<p>\u00cen excavatoare, cilindrii bra\u021bului joac\u0103 un rol esen\u021bial \u00een s\u0103parea, \u00eenc\u0103rcarea \u0219i mutarea p\u0103m\u00e2ntului sau a resturilor. Ace\u0219ti cilindri asigur\u0103 c\u0103 bra\u021bul poate atinge ad\u00e2ncimile \u0219i unghiurile necesare pentru o excavare eficient\u0103, oferind for\u021ba necesar\u0103 pentru ridicarea sarcinilor grele \u0219i pozi\u021bionarea precis\u0103 a bra\u021bului. F\u0103r\u0103 un cilindru bra\u021b fiabil, sarcinile de excavare ar fi ineficiente \u0219i laborioase.<\/p>\n<h3>Ma\u0219ini agricole<\/h3>\n<p>\u00cen cazul \u00eenc\u0103rc\u0103toarelor frontale, cilindrii bra\u021bului sunt esen\u021biali pentru scobere, ridicare \u0219i transportul solului, f\u00e2nului \u0219i altor materiale. Ace\u0219tia permit operatorilor s\u0103 gestioneze eficient materialele vrac, f\u0103c\u00e2nd sarcinile agricole mai u\u0219oare \u0219i mai eficiente. Capacit\u0103\u021bile de ridicare ale cilindrului bra\u021bului contribuie semnificativ la productivitatea opera\u021biunilor agricole.<\/p>\n<h3>Excavatoare<\/h3>\n<p>La excavatoare, cilindrii bra\u021bului faciliteaz\u0103 ac\u021biunea de s\u0103pare permi\u021b\u00e2nd cupei s\u0103 p\u0103trund\u0103 \u00een sol. Aceast\u0103 func\u021bie este esen\u021bial\u0103 pentru o s\u0103pare eficient\u0103, deoarece ofer\u0103 operatorilor p\u00e2rghia necesar\u0103 pentru a str\u0103punge terenul dificil. Controlul hidraulic al bra\u021bului permite mi\u0219c\u0103ri precise esen\u021biale pentru sarcinile de s\u0103pare.<\/p>\n<h3>\u00cenc\u0103rc\u0103toare<\/h3>\n<p>\u00cen cazul \u00eenc\u0103rc\u0103toarelor frontale, cilindrii bra\u021bului ajut\u0103 la ridicarea \u0219i desc\u0103rcarea eficient\u0103 a \u00eenc\u0103rc\u0103turilor. Ace\u0219tia ofer\u0103 for\u021ba necesar\u0103 pentru a ridica materialele la \u00een\u0103l\u021bimea dorit\u0103 pentru desc\u0103rcare, asigur\u00e2ndu-se c\u0103 operatorii pot gestiona \u0219i transporta eficient \u00eenc\u0103rc\u0103turile f\u0103r\u0103 dificultate. Fiabilitatea acestor cilindri este vital\u0103 pentru men\u021binerea productivit\u0103\u021bii pe \u0219antierele de construc\u021bii \u0219i amenaj\u0103ri peisagistice.<\/p>\n<h2>Considera\u021bii de proiectare \u0219i criterii de selec\u021bie<\/h2>\n<h3>Capacitate de \u00eenc\u0103rcare<\/h3>\n<p>Atunci c\u00e2nd selecta\u021bi un cilindru pentru bra\u021b, este vital s\u0103 lua\u021bi \u00een considerare capacitatea sa de \u00eenc\u0103rcare. Cilindrul trebuie s\u0103 fie capabil s\u0103 suporte greutatea maxim\u0103 la care va fi supus \u00een timpul func\u021bion\u0103rii. Aceasta implic\u0103 \u00een\u021belegerea avantajelor mecanice oferite de excavator, inclusiv efectul de levier oferit de bra\u021bul bra\u021bului. Asigurarea faptului c\u0103 cilindrul poate func\u021biona \u00een siguran\u021b\u0103 \u00een limitele sale de \u00eenc\u0103rcare este crucial\u0103 pentru a preveni defec\u021biunile mecanice \u0219i a asigura siguran\u021ba operatorului.<\/p>\n<h3>Mecanisme de etan\u0219are<\/h3>\n<p>Etan\u0219area eficient\u0103 este esen\u021bial\u0103 \u00een cilindrii hidraulici pentru a preveni scurgerile de fluid \u0219i a men\u021bine presiunea. Produsele trebuie s\u0103 utilizeze etan\u0219\u0103ri de \u00eenalt\u0103 calitate pentru a rezista uzurii din func\u021bionarea normal\u0103. Tehnologiile avansate de etan\u0219are, cum ar fi etan\u0219\u0103rile pistonului \u0219i etan\u0219\u0103rile tijei, fabricate din materiale durabile precum poliuretanul, asigur\u0103 longevitatea \u0219i fiabilitatea, reduc\u00e2nd riscul de pierdere a fluidului hidraulic \u0219i sporind eficien\u021ba.<\/p>\n<h3>Durabilitate<\/h3>\n<p>Durabilitatea unui cilindru hidraulic este determinat\u0103 de materialele utilizate \u00een construc\u021bia sa \u0219i de rezisten\u021ba sa la factorii de mediu. Alegerea unor materiale de \u00eenalt\u0103 rezisten\u021b\u0103, care pot rezista la coroziune \u0219i abraziune, este vital\u0103, \u00een special \u00een \u0219antierele solicitante. Inspectarea regulat\u0103 pentru uzur\u0103 \u0219i utilizarea unor straturi de protec\u021bie pot prelungi durata de via\u021b\u0103 \u0219i fiabilitatea cilindrilor hidraulici.<\/p>\n<h3>Caracteristici de siguran\u021b\u0103<\/h3>\n<p>Siguran\u021ba este primordial\u0103 \u00een proiectarea cilindrilor hidraulici. Caracteristici precum supapele de suprapresiune \u0219i montajele adecvate ajut\u0103 la atenuarea riscurilor asociate cu defec\u021biunile hidraulice. Asigurarea faptului c\u0103 cilindrul este proiectat av\u00e2nd \u00een vedere siguran\u021ba protejeaz\u0103 operatorii \u0219i echipamentele, reduc\u00e2nd probabilitatea accidentelor sau incidentelor \u00een timpul func\u021bion\u0103rii.<\/p>\n<p><img decoding=\"async\" src=\"https:\/\/www.hydraulic-cylinders.net\/wp-content\/uploads\/2025\/04\/songte-oil-pipes-and-spare-parts.webp\" alt=\"Conducte de petrol \u0219i piese de schimb\" \/><\/p>\n<h2>Etan\u0219area \u0219i lubrifierea cilindrului hidraulic<\/h2>\n<p>Etan\u0219area \u0219i lubrifierea corespunz\u0103toare sunt esen\u021biale pentru func\u021bionarea eficient\u0103 a unui cilindru al bra\u021bului. Diverse etan\u0219\u0103ri, inclusiv etan\u0219\u0103ri pentru piston \u0219i etan\u0219\u0103ri pentru tij\u0103, sunt utilizate pentru a men\u021bine presiunea hidraulic\u0103, prevenind \u00een acela\u0219i timp scurgerile. Aceste etan\u0219\u0103ri sunt adesea fabricate din materiale rezistente la abraziune, cum ar fi poliuretanul \u0219i cauciucul nitrilic, care sporesc durabilitatea \u0219i performan\u021ba.<\/p>\n<p>Suprafe\u021bele corpului cilindrului \u0219i capetele filetate sunt prelucrate cu aten\u021bie pentru a \u00eembun\u0103t\u0103\u021bi rezisten\u021ba la uzur\u0103. Lubrifierea regulat\u0103 este necesar\u0103, deoarece trebuie ad\u0103ugat ulei hidraulic pentru a asigura o func\u021bionare lin\u0103 \u0219i a preveni supra\u00eenc\u0103lzirea. Aceast\u0103 practic\u0103 de \u00eentre\u021binere ajut\u0103 la atenuarea uzurii componentelor interne, asigur\u00e2nd longevitatea \u0219i eficien\u021ba sistemului hidraulic.<\/p>\n<h2>Inspec\u021bie de rutin\u0103 \u0219i m\u0103suri de \u00eentre\u021binere preventiv\u0103<\/h2>\n<ul>\n<li><strong>Inspec\u021bii regulate:<\/strong> Programa\u021bi inspec\u021bii frecvente ale cilindrului bra\u021bului pentru a verifica dac\u0103 exist\u0103 semne de uzur\u0103, deteriorare sau scurgeri. Depistarea timpurie a problemelor permite repara\u021bii la timp, reduc\u00e2nd riscul de defec\u021biuni catastrofale.<\/li>\n<li><strong>Lubrifiere adecvat\u0103:<\/strong> Asigura\u021bi-v\u0103 c\u0103 cilindrul hidraulic este lubrifiat corespunz\u0103tor. Aceasta implic\u0103 verificarea nivelului de lichid \u0219i completarea uleiului hidraulic, dup\u0103 cum este necesar, pentru a men\u021bine o func\u021bionare lin\u0103 \u0219i a preveni uzura.<\/li>\n<li><strong>\u00cenlocuirea garniturii:<\/strong> Inspecta\u021bi garniturile \u00een mod regulat pentru a depista semne de uzur\u0103 sau deteriorare. \u00cenlocuirea prompt\u0103 a garniturilor ajut\u0103 la men\u021binerea presiunii hidraulice \u0219i la prevenirea scurgerilor, asigur\u00e2nd o func\u021bionare eficient\u0103.<\/li>\n<\/ul>\n<h2>Instruc\u021biuni de instalare pentru cilindrul bra\u021bului<\/h2>\n<p>Instalarea corect\u0103 a unui cilindru al bra\u021bului este vital\u0103 pentru o performan\u021b\u0103 optim\u0103. \u00cencepe\u021bi prin a v\u0103 asigura c\u0103 toate punctele de montare sunt aliniate corect; nealinierea poate duce la uzur\u0103 neuniform\u0103 \u0219i la poten\u021biale defec\u021biuni. Folosi\u021bi console de montare adecvate pentru a fixa cilindrul \u00een pozi\u021bie, asigur\u00e2nd stabilitate \u00een timpul func\u021bion\u0103rii.<\/p>\n<p>\u00cenainte de a conecta conductele hidraulice, verifica\u021bi de dou\u0103 ori dac\u0103 toate filetele sunt lipsite de resturi \u0219i dac\u0103 garniturile sunt \u00een stare bun\u0103. Dup\u0103 conectare, testa\u021bi sistemul rul\u00e2nd func\u021biile hidraulice la \u00eentreaga lor gam\u0103 pentru a verifica dac\u0103 exist\u0103 scurgeri \u0219i a asigura o func\u021bionare f\u0103r\u0103 probleme. Respectarea instruc\u021biunilor produc\u0103torului \u00een timpul instal\u0103rii este esen\u021bial\u0103 pentru a ob\u021bine cele mai bune performan\u021be ale cilindrului hidraulic.<\/p>\n<h2>Sarcini comune de \u00eentre\u021binere<\/h2>\n<h3>Verific\u0103ri regulate<\/h3>\n<p>Efectuarea unor verific\u0103ri regulate ale cilindrului bra\u021bului este crucial\u0103 pentru men\u021binerea eficien\u021bei acestuia. Aceasta include monitorizarea nivelului de lichid, inspec\u021bia pentru scurgeri \u0219i evaluarea st\u0103rii generale a cilindrului. Verific\u0103rile regulate ajut\u0103 la identificarea problemelor poten\u021biale \u00eenainte ca acestea s\u0103 se transforme \u00een probleme mai semnificative, asigur\u00e2nd longevitatea cilindrului hidraulic.<\/p>\n<h3>Lubrifiere adecvat\u0103<\/h3>\n<p>Men\u021binerea unei lubrifieri corespunz\u0103toare \u00een interiorul cilindrului hidraulic este vital\u0103 pentru o func\u021bionare f\u0103r\u0103 probleme. Asigura\u021bi-v\u0103 c\u0103 uleiul hidraulic este completat \u00een mod regulat \u0219i c\u0103 garniturile sunt intacte pentru a preveni pierderea de fluid. Lubrifierea adecvat\u0103 minimizeaz\u0103 frecarea dintre piesele \u00een mi\u0219care, prelungind durata de via\u021b\u0103 a cilindrului \u0219i \u00eembun\u0103t\u0103\u021bind performan\u021ba acestuia.<\/p>\n<h3>\u00cenlocuirea garniturii \u0219i verific\u0103ri ale calibr\u0103rii<\/h3>\n<p>\u00cenlocuirea regulat\u0103 a garniturilor este esen\u021bial\u0103 pentru men\u021binerea integrit\u0103\u021bii sistemului hidraulic. Garniturile uzate sau deteriorate pot duce la scurgeri \u0219i la sc\u0103derea performan\u021bei. \u00cen plus, verific\u0103rile periodice de calibrare asigur\u0103 c\u0103 cilindrul func\u021bioneaz\u0103 \u00een parametrii specifica\u021bi, sporind fiabilitatea \u0219i siguran\u021ba \u00een timpul utiliz\u0103rii.<\/p>\n<p><img decoding=\"async\" src=\"https:\/\/www.hydraulic-cylinders.net\/wp-content\/uploads\/2025\/04\/songte-chushion-collar.webp\" alt=\"Guler de pern\u0103\" \/><\/p>\n<h2>Considera\u021bii de siguran\u021b\u0103 \u0219i factori de mediu<\/h2>\n<p>Atunci c\u00e2nd se utilizeaz\u0103 cilindri hidraulici, m\u0103surile de siguran\u021b\u0103 trebuie s\u0103 fie o prioritate. Operatorii trebuie instrui\u021bi s\u0103 \u00een\u021beleag\u0103 riscurile asociate cu sistemele hidraulice, inclusiv poten\u021bialele scurgeri de fluide \u0219i pericolele de presiune. Implementarea protocoalelor de siguran\u021b\u0103, cum ar fi utilizarea echipamentului de protec\u021bie \u0219i men\u021binerea zonelor opera\u021bionale libere, este crucial\u0103 pentru minimizarea accidentelor.<\/p>\n<h2>Diagnosticarea defec\u021biunilor \u0219i probleme frecvente<\/h2>\n<ul>\n<li><strong>Scurgere:<\/strong> Scurgerile de fluid hidraulic pot indica o defec\u021biune sau o deteriorare a garniturilor. Inspecta\u021bi periodic garniturile \u0219i conexiunile pentru a preveni pierderea de fluid \u0219i a men\u021bine presiunea.<\/li>\n<li><strong>Mi\u0219care inconsistent\u0103:<\/strong> Orice neregularit\u0103\u021bi \u00een mi\u0219carea cilindrului pot semnala deterior\u0103ri interne sau contaminarea fluidului hidraulic. Verifica\u021bi dac\u0103 exist\u0103 blocaje \u0219i asigura\u021bi-v\u0103 c\u0103 fluidul hidraulic este curat \u0219i la nivelul corect.<\/li>\n<li><strong>Sunete neobi\u0219nuite:<\/strong> Zgomotele ciudate din timpul func\u021bion\u0103rii pot fi un semn de uzur\u0103 sau deteriorare. Investiga\u021bi imediat orice sunete anormale pentru a preveni deteriorarea ulterioar\u0103.<\/li>\n<\/ul>\n<h2>Sfaturi \u0219i solu\u021bii pentru depanare<\/h2>\n<p>Pentru a depana eficient problemele legate de cilindrul bra\u021bului, \u00eencepe\u021bi prin efectuarea unei inspec\u021bii am\u0103nun\u021bite. C\u0103uta\u021bi semne de uzur\u0103 sau deteriorare \u0219i verifica\u021bi nivelurile fluidului. Dac\u0103 exist\u0103 scurgeri, \u00eenlocui\u021bi garniturile \u0219i asigura\u021bi-v\u0103 c\u0103 toate conexiunile sunt fixate. Men\u021binerea fluidului hidraulic curat \u0219i la niveluri optime ajut\u0103 la prevenirea contamin\u0103rii \u0219i asigur\u0103 o func\u021bionare f\u0103r\u0103 probleme.<\/p>\n<p>Implementa\u021bi m\u0103suri preventive, cum ar fi verific\u0103ri regulate de \u00eentre\u021binere \u0219i repara\u021bii la timp, pentru a minimiza riscul unor probleme viitoare. Instruirea operatorilor \u00een recunoa\u0219terea semnelor de avertizare timpurie poate ajuta la evitarea defec\u021biunilor majore \u0219i la prelungirea duratei de via\u021b\u0103 a cilindrilor hidraulici.<\/p>\n<p><img decoding=\"async\" src=\"https:\/\/www.hydraulic-cylinders.net\/wp-content\/uploads\/2025\/04\/songte-bushings-with-all-kinds-of-excavator-models.webp\" alt=\"Buc\u0219e pentru modele de excavatoare\" \/><\/p>\n<h2>Despre compania noastr\u0103<\/h2>\n<p>Suntem un produc\u0103tor important de cilindri hidraulici de schimb, oferind o gam\u0103 complet\u0103 de produse pentru a satisface diversele cerin\u021be ale pie\u021bei. Angajamentul nostru fa\u021b\u0103 de excelen\u021b\u0103 se reflect\u0103 \u00een procesele noastre de fabrica\u021bie detaliate \u0219i \u00een respectarea standardelor de \u00eenalt\u0103 calitate. Concentr\u00e2ndu-ne pe ingineria de precizie \u0219i tehnologia inovatoare, ne \u00eembun\u0103t\u0103\u021bim continuu capacit\u0103\u021bile de produc\u021bie.<\/p>\n<p>Ne-am impus ca un furnizor de \u00eencredere at\u00e2t pe plan intern, c\u00e2t \u0219i interna\u021bional. Certific\u0103rile noastre interna\u021bionale garanteaz\u0103 c\u0103 produsele noastre \u00eendeplinesc standardele globale de calitate. De asemenea, oferim solu\u021bii personalizate pentru a satisface nevoile specifice ale clien\u021bilor, valorific\u00e2nd echipamente avansate de fabrica\u021bie \u0219i expertiz\u0103.<\/p>\n<p>Serviciul nostru post-v\u00e2nzare dedicat garanteaz\u0103 clien\u021bilor sprijin \u0219i asisten\u021b\u0103 continu\u0103, consolid\u00e2nd \u0219i mai mult reputa\u021bia noastr\u0103 \u00een industrie.<\/p>\n<p><img decoding=\"async\" src=\"https:\/\/www.hydraulic-cylinders.net\/wp-content\/uploads\/2025\/04\/songte-company-4.webp\" alt=\"Prezentare general\u0103 a companiei\" \/><br \/>\n<img decoding=\"async\" src=\"https:\/\/www.hydraulic-cylinders.net\/wp-content\/uploads\/2025\/04\/songte-company-3.webp\" alt=\"Unitate de produc\u021bie\" \/><\/p>\n<p>Autor: lyl<\/p>","protected":false},"excerpt":{"rendered":"<p>Boom Cylinder For Caterpillar Large Excavator E374FL Introduction to Boom Cylinder The boom cylinder is a critical component in heavy machinery, especially in excavators like the Caterpillar E374FL. This hydraulic cylinder is designed to control the movement of the boom, allowing it to lift, lower, and tilt. The function of a boom cylinder is essential [&hellip;]<\/p>","protected":false},"featured_media":17873,"comment_status":"open","ping_status":"closed","template":"","meta":{"_et_pb_use_builder":"","_et_pb_old_content":"","_et_gb_content_width":""},"product_brand":[],"product_cat":[1546],"product_tag":[1547,1496],"class_list":{"0":"post-18976","1":"product","2":"type-product","3":"status-publish","4":"has-post-thumbnail","6":"product_cat-boom-cylinders","7":"product_tag-boom-cylinders","8":"product_tag-hydraulic-cylinders","10":"first","11":"instock","12":"shipping-taxable","13":"product-type-simple"},"amp_enabled":true,"_links":{"self":[{"href":"https:\/\/www.hydraulic-cylinders.net\/ro\/wp-json\/wp\/v2\/product\/18976","targetHints":{"allow":["GET"]}}],"collection":[{"href":"https:\/\/www.hydraulic-cylinders.net\/ro\/wp-json\/wp\/v2\/product"}],"about":[{"href":"https:\/\/www.hydraulic-cylinders.net\/ro\/wp-json\/wp\/v2\/types\/product"}],"replies":[{"embeddable":true,"href":"https:\/\/www.hydraulic-cylinders.net\/ro\/wp-json\/wp\/v2\/comments?post=18976"}],"wp:featuredmedia":[{"embeddable":true,"href":"https:\/\/www.hydraulic-cylinders.net\/ro\/wp-json\/wp\/v2\/media\/17873"}],"wp:attachment":[{"href":"https:\/\/www.hydraulic-cylinders.net\/ro\/wp-json\/wp\/v2\/media?parent=18976"}],"wp:term":[{"taxonomy":"product_brand","embeddable":true,"href":"https:\/\/www.hydraulic-cylinders.net\/ro\/wp-json\/wp\/v2\/product_brand?post=18976"},{"taxonomy":"product_cat","embeddable":true,"href":"https:\/\/www.hydraulic-cylinders.net\/ro\/wp-json\/wp\/v2\/product_cat?post=18976"},{"taxonomy":"product_tag","embeddable":true,"href":"https:\/\/www.hydraulic-cylinders.net\/ro\/wp-json\/wp\/v2\/product_tag?post=18976"}],"curies":[{"name":"wp","href":"https:\/\/api.w.org\/{rel}","templated":true}]}}