{"id":18978,"date":"2025-04-07T06:05:27","date_gmt":"2025-04-07T06:05:27","guid":{"rendered":"https:\/\/www.hydraulic-cylinders.net\/product\/boom-cylinder-for-caterpillar-wheel-excavator-m320dz\/"},"modified":"2025-04-07T06:05:30","modified_gmt":"2025-04-07T06:05:30","slug":"boom-cylinder-for-caterpillar-wheel-excavator-m320dz","status":"publish","type":"product","link":"https:\/\/www.hydraulic-cylinders.net\/ro\/produs\/boom-cylinder-for-caterpillar-wheel-excavator-m320dz\/","title":{"rendered":"Cilindru bra\u021b pentru excavator pe ro\u021bi Caterpillar M320DZ"},"content":{"rendered":"<h1>Cilindru bra\u021b pentru excavator pe ro\u021bi Caterpillar M320DZ<\/h1>\n<h2>Prezentare general\u0103 a produsului<\/h2>\n<p>Cilindrul bra\u021bului pentru excavatorul pe ro\u021bi Caterpillar M320DZ este o component\u0103 vital\u0103 conceput\u0103 pentru a controla mi\u0219carea cupei \u00een utilajele grele. Ca tip de cilindru hidraulic, acesta joac\u0103 un rol crucial \u00een sistemele hidraulice, facilit\u00e2nd ridicarea, cobor\u00e2rea \u0219i \u00eenclinarea precis\u0103 a cupelor, fiind esen\u021bial pentru sarcinile de manipulare a materialelor. Cilindrul cupei este special conceput pentru diverse aplica\u021bii pentru echipamente grele, inclusiv excavatoare, \u00eenc\u0103rc\u0103toare frontale \u0219i \u00eenc\u0103rc\u0103toare frontale. Func\u021bionarea sa hidraulic\u0103 permite manipularea eficient\u0103 a cupei, sporind astfel productivitatea pe \u0219antierele de construc\u021bii \u0219i \u00een alte aplica\u021bii grele.<\/p>\n<p><img decoding=\"async\" src=\"https:\/\/www.hydraulic-cylinders.net\/wp-content\/uploads\/2025\/04\/songte-company-1.webp\" alt=\"Cilindru bra\u021b pentru excavator pe ro\u021bi Caterpillar M320DZ\"><\/p>\n<h3>Caracteristicile cilindrului bra\u021bului<\/h3>\n<ul>\n<li><strong>Rezisten\u021b\u0103 \u0219i durabilitate ridicate:<\/strong> Fabrica\u021bi din o\u021bel sau aluminiu de \u00eenalt\u0103 rezisten\u021b\u0103, ace\u0219ti cilindri sunt proiecta\u021bi s\u0103 reziste la presiuni ridicate \u0219i sarcini grele, fiind potrivi\u021bi pentru medii de lucru dure.<\/li>\n<li><strong>Func\u021bionare hidraulic\u0103 eficient\u0103:<\/strong> Cilindrul utilizeaz\u0103 presiunea uleiului hidraulic pentru o extensie \u0219i retragere lin\u0103, permi\u021b\u00e2nd un r\u0103spuns rapid la comenzile opera\u021bionale, oferind \u00een acela\u0219i timp o putere substan\u021bial\u0103 de \u00eempingere \u0219i tragere.<\/li>\n<li><strong>Diverse tipuri disponibile:<\/strong> Clien\u021bii pot alege \u00eentre cilindri cu ac\u021biune simpl\u0103 (func\u021bioneaz\u0103 \u00eentr-o singur\u0103 direc\u021bie) sau cu ac\u021biune dubl\u0103 (func\u021bioneaz\u0103 \u00een ambele direc\u021bii), pentru a satisface diverse nevoi opera\u021bionale.<\/li>\n<li><strong>Designuri care economisesc spa\u021biu:<\/strong> Unele modele sunt telescopice, permi\u021b\u00e2nd o extindere mai mare f\u0103r\u0103 a cre\u0219te dimensiunile exterioare, ideale pentru aplica\u021bii cu spa\u021biu limitat.<\/li>\n<li><strong>Rezisten\u021b\u0103 la coroziune \u0219i uzur\u0103:<\/strong> Proiectat din materiale rezistente la uzur\u0103, cilindrul bra\u021bului prezint\u0103 o durabilitate \u0219i o longevitate excep\u021bionale, reduc\u00e2nd nevoile de \u00eentre\u021binere \u00een timp.<\/li>\n<\/ul>\n<h2>Aplica\u021bii ale cilindrului bra\u021bului<\/h2>\n<h3>Echipamente de construc\u021bii<\/h3>\n<p>\u00cen excavatoare, cilindrii bra\u021bului joac\u0103 un rol vital \u00een s\u0103parea, \u00eenc\u0103rcarea \u0219i mutarea p\u0103m\u00e2ntului sau a molozului. Ace\u0219tia permit cupei s\u0103 p\u0103trund\u0103 eficient \u00een sol, facilit\u00e2nd diverse sarcini de construc\u021bie, cum ar fi s\u0103parea de \u0219an\u021buri \u0219i excavarea materialelor. \u00cen cazul \u00eenc\u0103rc\u0103toarelor excavatoare, ace\u0219ti cilindri contribuie nu numai la s\u0103pare, ci \u0219i la opera\u021biunile de ridicare, ceea ce \u00eei face indispensabili pentru preg\u0103tirea \u0219antierului.<\/p>\n<h3>Ma\u0219ini agricole<\/h3>\n<p>\u00cenc\u0103rc\u0103toarele frontale utilizeaz\u0103 cilindri ai bra\u021bului pentru a transporta, transporta \u0219i transporta materiale precum p\u0103m\u00e2nt, f\u00e2n \u0219i alte produse agricole. Ac\u021biunea hidraulic\u0103 asigurat\u0103 de ace\u0219ti cilindri asigur\u0103 manipularea u\u0219oar\u0103 a \u00eenc\u0103rc\u0103turilor grele, sporind productivitatea \u00een ferme \u0219i pe terenurile agricole.<\/p>\n<h3>Excavatoare<\/h3>\n<p>Cilindrul bra\u021bului permite excavatoarelor s\u0103 efectueze ac\u021biuni de s\u0103pare, permi\u021b\u00e2nd cupei s\u0103 p\u0103trund\u0103 \u00een sol. Aceast\u0103 func\u021bionalitate este crucial\u0103 pentru o excavare eficient\u0103, permi\u021b\u00e2nd operatorilor s\u0103 finalizeze sarcinile cu precizie \u0219i eficien\u021b\u0103. For\u021ba hidraulic\u0103 puternic\u0103 furnizat\u0103 de cilindrul bra\u021bului asigur\u0103 o ad\u00e2ncime \u0219i o eficien\u021b\u0103 maxime de s\u0103pare.<\/p>\n<h3>\u00cenc\u0103rc\u0103toare<\/h3>\n<p>La \u00eenc\u0103rc\u0103toarele frontale, cilindrii bra\u021bului ajut\u0103 la ridicarea \u0219i desc\u0103rcarea eficient\u0103 a materialelor. Capacit\u0103\u021bile lor hidraulice permit operatorilor s\u0103 manipuleze sarcini grele f\u0103r\u0103 efort, \u00eembun\u0103t\u0103\u021bind eficien\u021ba opera\u021bional\u0103 \u0219i reduc\u00e2nd oboseala asociat\u0103 cu ridicarea manual\u0103.<\/p>\n<h2>Considera\u021bii de proiectare \u0219i criterii de selec\u021bie<\/h2>\n<h3>Capacitate de \u00eenc\u0103rcare<\/h3>\n<p>Atunci c\u00e2nd se selecteaz\u0103 un cilindru pentru bra\u021b, \u00een\u021belegerea capacit\u0103\u021bii sale de \u00eenc\u0103rcare este esen\u021bial\u0103. Capacitatea de \u00eenc\u0103rcare determin\u0103 greutatea maxim\u0103 pe care cilindrul o poate suporta f\u0103r\u0103 a compromite integritatea sa structural\u0103. O evaluare am\u0103nun\u021bit\u0103 a sarcinilor preconizate \u00een timpul func\u021bion\u0103rii poate preveni defectarea prematur\u0103 \u0219i poate prelungi durata de via\u021b\u0103 a cilindrului. Este esen\u021bial s\u0103 se potriveasc\u0103 capacitatea cilindrului cu cerin\u021bele opera\u021bionale ale ma\u0219inii pentru a asigura performan\u021be optime.<\/p>\n<h3>Etan\u0219are \u0219i durabilitate<\/h3>\n<p>Etan\u0219area eficient\u0103 este esen\u021bial\u0103 pentru cilindrii hidraulici, deoarece previne scurgerile de fluid \u0219i men\u021bine presiunea \u00een sistem. Garniturile de \u00eenalt\u0103 calitate, fabricate din materiale durabile, cum ar fi poliuretanul \u0219i cauciucul nitrilic, sunt de obicei utilizate pentru a asigura performan\u021be de lung\u0103 durat\u0103. \u00cen plus, designul cilindrului trebuie s\u0103 se adapteze la diferite condi\u021bii de mediu, cum ar fi fluctua\u021biile de temperatur\u0103 \u0219i expunerea la substan\u021be chimice dure, care \u00eei pot afecta durabilitatea.<\/p>\n<h3>M\u0103suri de siguran\u021b\u0103<\/h3>\n<p>Siguran\u021ba este o considera\u021bie primordial\u0103 la proiectarea cilindrilor bra\u021bului. Caracteristici precum supapele de suprapresiune \u0219i construc\u021bia robust\u0103 pot ajuta la atenuarea riscurilor asociate cu defec\u021biunile hidraulice. Este esen\u021bial s\u0103 se asigure respectarea tuturor protocoalelor de siguran\u021b\u0103 \u00een timpul instal\u0103rii \u0219i func\u021bion\u0103rii pentru a proteja at\u00e2t echipamentul, c\u00e2t \u0219i operatorii.<\/p>\n<h3>\u00centre\u021binere \u0219i reparabilitate<\/h3>\n<p>Alegerea unui cilindru pentru bra\u021b av\u00e2nd \u00een vedere u\u0219urin\u021ba \u00eentre\u021binerii poate reduce semnificativ timpul de nefunc\u021bionare \u0219i costurile opera\u021bionale. Caracteristicile care faciliteaz\u0103 accesul facil pentru repara\u021bii \u0219i inspec\u021bii, cum ar fi capacele deta\u0219abile \u0219i fitingurile standardizate, sporesc eficien\u021ba general\u0103 a rutinelor de \u00eentre\u021binere. Programele regulate de \u00eentre\u021binere ar trebui stabilite pe baza utiliz\u0103rii echipamentului pentru a asigura longevitatea \u0219i fiabilitatea.<\/p>\n<p><img decoding=\"async\" src=\"https:\/\/www.hydraulic-cylinders.net\/wp-content\/uploads\/2025\/04\/songte-oil-pipes-and-spare-parts.webp\" alt=\"Componente cilindru hidraulic\"><\/p>\n<h2>Etan\u0219are \u0219i lubrifiere<\/h2>\n<p>Etan\u0219area \u0219i lubrifierea eficiente joac\u0103 un rol vital \u00een performan\u021ba \u0219i longevitatea cilindrilor bra\u021bului. Diverse componente de etan\u0219are, inclusiv etan\u0219\u0103ri ale pistonului \u0219i etan\u0219\u0103ri ale tijei, sunt utilizate pentru a preveni scurgerile de fluid hidraulic. Aceste etan\u0219\u0103ri sunt de obicei fabricate din materiale rezistente la uzur\u0103, cum ar fi poliuretanul \u0219i cauciucul nitrilic, oferind o durabilitate excelent\u0103 \u00een condi\u021bii dificile. \u00cen plus, corpurile cilindrilor \u0219i capetele filetate sunt prelucrate meticulos pentru a spori rezisten\u021ba la uzur\u0103 \u0219i a prelungi durata de via\u021b\u0103.<\/p>\n<p>Lubrifierea regulat\u0103 este esen\u021bial\u0103 pentru a asigura o func\u021bionare f\u0103r\u0103 probleme. Este esen\u021bial s\u0103 se reumple periodic uleiul hidraulic pentru a men\u021bine niveluri optime de lubrifiere. Lubrifierea adecvat\u0103 previne uzura excesiv\u0103 a pieselor mobile \u0219i ajut\u0103 la men\u021binerea unei performan\u021be hidraulice constante.<\/p>\n<h2>M\u0103suri de \u00eentre\u021binere preventiv\u0103<\/h2>\n<ul>\n<li><strong>Inspec\u021bii regulate:<\/strong> Efectuarea unor verific\u0103ri de rutin\u0103 ale cilindrului bra\u021bului poate ajuta la identificarea uzurii \u0219i a poten\u021bialelor probleme \u00eenainte ca acestea s\u0103 se transforme \u00een probleme majore. Inspecta\u021bi garniturile, furtunurile \u0219i conexiunile pentru semne de deteriorare sau degradare.<\/li>\n<li><strong>Lubrifiere adecvat\u0103:<\/strong> Asigura\u021bi-v\u0103 c\u0103 sistemul hidraulic este lubrifiat corespunz\u0103tor pentru a preveni frecarea \u0219i uzura componentelor interne. Folosi\u021bi fluidul hidraulic recomandat \u0219i urma\u021bi instruc\u021biunile produc\u0103torului privind intervalele de lubrifiere.<\/li>\n<li><strong>\u00cenlocuirea garniturii:<\/strong> Verifica\u021bi periodic garniturile pentru uzur\u0103 \u0219i \u00eenlocui\u021bi-le dup\u0103 cum este necesar pentru a preveni scurgerile. Aceast\u0103 practic\u0103 ajut\u0103 la men\u021binerea eficien\u021bei sistemului \u0219i reduce riscul de defec\u021biuni hidraulice.<\/li>\n<\/ul>\n<h2>Instruc\u021biuni de instalare<\/h2>\n<p>Instalarea corect\u0103 a cilindrului bra\u021bului este crucial\u0103 pentru performan\u021ba \u0219i longevitatea sa optim\u0103. \u00cencepe\u021bi prin a v\u0103 asigura c\u0103 toate componentele sunt curate \u0219i f\u0103r\u0103 resturi. Pozi\u021biona\u021bi cilindrul cu precizie pentru a preveni nealinierea, care poate duce la uzur\u0103 prematur\u0103 \u0219i defec\u021biuni. \u00cen timpul instal\u0103rii, utiliza\u021bi console de montare adecvate pentru a fixa cilindrul ferm \u00een pozi\u021bie.<\/p>\n<p>Este important s\u0103 respecta\u021bi specifica\u021biile de cuplu furnizate de produc\u0103tor pentru a evita str\u00e2ngerea excesiv\u0103 sau insuficient\u0103 a conexiunilor. Dup\u0103 instalare, efectua\u021bi o inspec\u021bie am\u0103nun\u021bit\u0103 pentru a v\u0103 asigura c\u0103 toate conexiunile hidraulice sunt sigure \u0219i f\u0103r\u0103 scurgeri. \u00cen cele din urm\u0103, testa\u021bi func\u021bionarea sistemului hidraulic pentru a confirma c\u0103 cilindrul func\u021bioneaz\u0103 corect.<\/p>\n<h2>Sarcini comune de \u00eentre\u021binere<\/h2>\n<ul>\n<li><strong>Inspec\u021bii regulate:<\/strong> Inspec\u021biile de rutin\u0103 ajut\u0103 la identificarea timpurie a poten\u021bialelor probleme. Verifica\u021bi dac\u0103 exist\u0103 scurgeri, uzur\u0103 la garnituri \u0219i integritatea general\u0103 a cilindrului.<\/li>\n<li><strong>Lubrifiere adecvat\u0103:<\/strong> Asigura\u021bi-v\u0103 c\u0103 sistemul hidraulic este lubrifiat corespunz\u0103tor \u00een permanen\u021b\u0103. Urma\u021bi instruc\u021biunile produc\u0103torului privind tipul \u0219i frecven\u021ba lubrifierii.<\/li>\n<li><strong>\u00cenlocuirea garniturii:<\/strong> Examina\u021bi periodic garniturile pentru uzur\u0103 \u0219i \u00eenlocui\u021bi-le dup\u0103 cum este necesar. Men\u021binerea integrit\u0103\u021bii garniturilor este vital\u0103 pentru prevenirea scurgerilor de fluid hidraulic.<\/li>\n<\/ul>\n<h3>Importan\u021ba instal\u0103rii, lubrifierii \u0219i ajust\u0103rii corecte<\/h3>\n<p>Instalarea corect\u0103 a cilindrului bra\u021bului este esen\u021bial\u0103 pentru a asigura func\u021bionalitatea \u0219i longevitatea acestuia. Alinierea gre\u0219it\u0103 \u00een timpul instal\u0103rii poate duce la o uzur\u0103 crescut\u0103 \u0219i la o eficien\u021b\u0103 redus\u0103. Prin urmare, este crucial s\u0103 alinia\u021bi corect cilindrul \u0219i s\u0103 \u00eel fixa\u021bi folosind accesorii de montare adecvate.<\/p>\n<p>Lubrifierea regulat\u0103 este la fel de important\u0103. Lubrifierea insuficient\u0103 poate cauza uzura rapid\u0103 a componentelor interne, ceea ce duce la repara\u021bii costisitoare. Respectarea programelor de lubrifiere este vital\u0103 pentru men\u021binerea performan\u021bei optime.<\/p>\n<p>Reglarea sistemului hidraulic trebuie efectuat\u0103 conform specifica\u021biilor produc\u0103torului. Calibrarea \u0219i reglajele regulate ajut\u0103 la men\u021binerea presiunii hidraulice la nivelurile recomandate, asigur\u00e2nd eficien\u021ba opera\u021bional\u0103.<\/p>\n<p><img decoding=\"async\" src=\"https:\/\/www.hydraulic-cylinders.net\/wp-content\/uploads\/2025\/04\/songte-chushion-collar.webp\" alt=\"Instalarea cilindrului bra\u021bului\"><\/p>\n<h2>Considera\u021bii de siguran\u021b\u0103 \u0219i factori de mediu<\/h2>\n<p>Atunci c\u00e2nd se lucreaz\u0103 cu sisteme hidraulice, m\u0103surile de siguran\u021b\u0103 nu trebuie niciodat\u0103 trecute cu vederea. Operatorii trebuie s\u0103 fie instrui\u021bi cu privire la manipularea corect\u0103 a echipamentelor hidraulice \u0219i con\u0219tien\u021bi de poten\u021bialele pericole. Utilizarea echipamentului de siguran\u021b\u0103, cum ar fi m\u0103nu\u0219ile \u0219i ochelarii de protec\u021bie, poate atenua riscurile asociate cu scurgerile de fluid hidraulic sau defec\u021biunile cilindrilor. \u00cen plus, o \u00een\u021belegere aprofundat\u0103 a func\u021bion\u0103rii sistemului hidraulic poate ajuta la prevenirea accidentelor \u0219i la asigurarea utiliz\u0103rii \u00een siguran\u021b\u0103.<\/p>\n<h2>Depanarea problemelor comune<\/h2>\n<h3>Probleme \u0219i solu\u021bii comune<\/h3>\n<ul>\n<li><strong>Scurgere:<\/strong> Scurgerile sunt adesea cauzate de garnituri deteriorate sau instalare necorespunz\u0103toare. Inspec\u021biile regulate \u0219i \u00eenlocuirea la timp a garniturilor pot preveni aceast\u0103 problem\u0103.<\/li>\n<li><strong>Performan\u021b\u0103 inconsistent\u0103:<\/strong> Dac\u0103 cilindrul nu func\u021bioneaz\u0103 corect, verifica\u021bi dac\u0103 exist\u0103 aer \u00een conductele hidraulice sau dac\u0103 nivelurile de lichid sunt insuficiente. Aerisirea sistemului \u0219i asigurarea nivelurilor corecte de lichid pot rezolva aceast\u0103 problem\u0103.<\/li>\n<li><strong>Supra\u00eenc\u0103lzire:<\/strong> Supra\u00eenc\u0103lzirea cilindrului poate provoca c\u0103ldur\u0103 excesiv\u0103. Asigura\u021bi-v\u0103 c\u0103 sarcina se \u00eencadreaz\u0103 \u00een capacitatea cilindrului \u0219i monitoriza\u021bi temperaturile de func\u021bionare.<\/li>\n<\/ul>\n<h3>M\u0103suri preventive<\/h3>\n<p>Pentru a minimiza poten\u021bialele probleme cu cilindrul bra\u021bului, implementa\u021bi m\u0103suri preventive, cum ar fi programele de \u00eentre\u021binere regulat\u0103, instruirea operatorilor \u0219i respectarea instruc\u021biunilor privind capacitatea de \u00eenc\u0103rcare. Prin abordarea proactiv\u0103 a problemelor minore \u00eenainte ca acestea s\u0103 escaladeze, longevitatea \u0219i eficien\u021ba sistemului hidraulic pot fi \u00eembun\u0103t\u0103\u021bite semnificativ.<\/p>\n<p><img decoding=\"async\" src=\"https:\/\/www.hydraulic-cylinders.net\/wp-content\/uploads\/2025\/04\/songte-bushings-with-all-kinds-of-excavator-models.webp\" alt=\"Componente cilindru hidraulic\"><\/p>\n<h2>Despre compania noastr\u0103<\/h2>\n<p>Suntem un produc\u0103tor important de cilindri hidraulici, specializa\u021bi \u00een furnizarea de op\u021biuni alternative pentru diverse aplica\u021bii hidraulice. Gama noastr\u0103 divers\u0103 de produse ne-a consacrat ca un produc\u0103tor \u0219i distribuitor angro proeminent at\u00e2t pe pie\u021bele interne, c\u00e2t \u0219i pe cele interna\u021bionale. Ader\u0103m la o filozofie de excelen\u021b\u0103 \u00een calitate, sus\u021binut\u0103 de o strategie rafinat\u0103 de management al produc\u021biei. Expertiza noastr\u0103 tehnologic\u0103, combinat\u0103 cu echipamente digitale avansate de fabrica\u021bie \u0219i sisteme profesionale de testare, ne \u00eembun\u0103t\u0103\u021be\u0219te continuu capacit\u0103\u021bile de produc\u021bie.<\/p>\n<p>Angajamentul nostru fa\u021b\u0103 de eficien\u021b\u0103 ridicat\u0103, precizie \u0219i calitate garanteaz\u0103 c\u0103 satisfacem nevoile diverse ale clien\u021bilor no\u0219tri. Oferim servicii personalizate, certific\u0103ri interna\u021bionale \u0219i asisten\u021b\u0103 post-v\u00e2nzare excep\u021bional\u0103 pentru a garanta satisfac\u021bia clien\u021bilor.<\/p>\n<p><img decoding=\"async\" src=\"https:\/\/www.hydraulic-cylinders.net\/wp-content\/uploads\/2025\/04\/songte-company-4.webp\" alt=\"Prezentare general\u0103 a companiei\"><br \/>\n<img decoding=\"async\" src=\"https:\/\/www.hydraulic-cylinders.net\/wp-content\/uploads\/2025\/04\/songte-company-3.webp\" alt=\"Facilit\u0103\u021bi ale companiei\"><\/p>\n<p>Autor: lyl<\/p>","protected":false},"excerpt":{"rendered":"<p>Boom Cylinder For Caterpillar Wheel Excavator M320DZ Product Overview The Boom Cylinder for Caterpillar Wheel Excavator M320DZ is a vital component designed to control the movement of the bucket in heavy machinery. As a type of hydraulic cylinder, it plays a crucial role in hydraulic systems, facilitating the precise lifting, lowering, and tilting of buckets, [&hellip;]<\/p>","protected":false},"featured_media":17875,"comment_status":"open","ping_status":"closed","template":"","meta":{"_et_pb_use_builder":"","_et_pb_old_content":"","_et_gb_content_width":""},"product_brand":[],"product_cat":[1546],"product_tag":[1547,1496],"class_list":{"0":"post-18978","1":"product","2":"type-product","3":"status-publish","4":"has-post-thumbnail","6":"product_cat-boom-cylinders","7":"product_tag-boom-cylinders","8":"product_tag-hydraulic-cylinders","10":"first","11":"instock","12":"shipping-taxable","13":"product-type-simple"},"amp_enabled":true,"_links":{"self":[{"href":"https:\/\/www.hydraulic-cylinders.net\/ro\/wp-json\/wp\/v2\/product\/18978","targetHints":{"allow":["GET"]}}],"collection":[{"href":"https:\/\/www.hydraulic-cylinders.net\/ro\/wp-json\/wp\/v2\/product"}],"about":[{"href":"https:\/\/www.hydraulic-cylinders.net\/ro\/wp-json\/wp\/v2\/types\/product"}],"replies":[{"embeddable":true,"href":"https:\/\/www.hydraulic-cylinders.net\/ro\/wp-json\/wp\/v2\/comments?post=18978"}],"wp:featuredmedia":[{"embeddable":true,"href":"https:\/\/www.hydraulic-cylinders.net\/ro\/wp-json\/wp\/v2\/media\/17875"}],"wp:attachment":[{"href":"https:\/\/www.hydraulic-cylinders.net\/ro\/wp-json\/wp\/v2\/media?parent=18978"}],"wp:term":[{"taxonomy":"product_brand","embeddable":true,"href":"https:\/\/www.hydraulic-cylinders.net\/ro\/wp-json\/wp\/v2\/product_brand?post=18978"},{"taxonomy":"product_cat","embeddable":true,"href":"https:\/\/www.hydraulic-cylinders.net\/ro\/wp-json\/wp\/v2\/product_cat?post=18978"},{"taxonomy":"product_tag","embeddable":true,"href":"https:\/\/www.hydraulic-cylinders.net\/ro\/wp-json\/wp\/v2\/product_tag?post=18978"}],"curies":[{"name":"wp","href":"https:\/\/api.w.org\/{rel}","templated":true}]}}