{"id":18979,"date":"2025-04-07T06:05:30","date_gmt":"2025-04-07T06:05:30","guid":{"rendered":"https:\/\/www.hydraulic-cylinders.net\/product\/boom-cylinder-for-caterpillar-wheel-excavator-m326d\/"},"modified":"2025-04-07T06:05:32","modified_gmt":"2025-04-07T06:05:32","slug":"boom-cylinder-for-caterpillar-wheel-excavator-m326d","status":"publish","type":"product","link":"https:\/\/www.hydraulic-cylinders.net\/ro\/produs\/boom-cylinder-for-caterpillar-wheel-excavator-m326d\/","title":{"rendered":"Cilindru de bra\u021b pentru excavatorul pe ro\u021bi Caterpillar M326D"},"content":{"rendered":"<h1>Cilindru de bra\u021b pentru excavatorul pe ro\u021bi Caterpillar M326D<\/h1>\n<h2>Prezentare general\u0103 a produsului<\/h2>\n<p>Cel\/Cea\/Cei\/Cele <strong>Cilindru de bra\u021b pentru excavatorul pe ro\u021bi Caterpillar M326D<\/strong> este o component\u0103 hidraulic\u0103 esen\u021bial\u0103, conceput\u0103 pentru a controla mi\u0219c\u0103rile bra\u021bului excavatoarelor. Acest cilindru hidraulic permite ridicarea, cobor\u00e2rea \u0219i \u00eenclinarea bra\u021bului, facilit\u00e2nd sarcini eficiente de manipulare a materialelor. Fiind o parte crucial\u0103 a sistemului hidraulic, joac\u0103 un rol semnificativ \u00een \u00eembun\u0103t\u0103\u021birea performan\u021bei generale a utilajelor grele.<\/p>\n<p>Cilindrul cupei, mai exact, este un tip de cilindru hidraulic specializat pentru controlul mi\u0219c\u0103rii cupelor \u00een diverse utilaje grele, cum ar fi excavatoarele, \u00eenc\u0103rc\u0103toarele cu excavator \u0219i \u00eenc\u0103rc\u0103toarele frontale. Acesta permite cupei s\u0103 \u00eendeplineasc\u0103 func\u021bii critice, cum ar fi s\u0103parea, ridicarea \u0219i \u00eenclinarea, care sunt esen\u021biale pentru mi\u0219carea eficient\u0103 a materialelor \u0219i eficien\u021ba opera\u021bional\u0103.<\/p>\n<p><img decoding=\"async\" src=\"https:\/\/www.hydraulic-cylinders.net\/wp-content\/uploads\/2025\/04\/songte-company-1.webp\" alt=\"Cilindru de bra\u021b pentru excavator\" \/><\/p>\n<h2>Caracteristicile cilindrului bra\u021bului<\/h2>\n<ul>\n<li><strong>Rezisten\u021b\u0103 \u0219i durabilitate ridicate:<\/strong> De obicei, construi\u021bi din o\u021bel sau aluminiu de \u00eenalt\u0103 rezisten\u021b\u0103, ace\u0219ti cilindri sunt capabili s\u0103 reziste la presiuni ridicate \u0219i sarcini grele, adapt\u00e2ndu-se \u00een acela\u0219i timp la medii de lucru dure. Sunt proiecta\u021bi s\u0103 fie rezisten\u021bi la uzur\u0103 \u0219i coroziune, prelungind durata de via\u021b\u0103 a produsului.<\/li>\n<li><strong>Func\u021bionare hidraulic\u0103 eficient\u0103:<\/strong> Utiliz\u00e2nd presiunea uleiului hidraulic, cilindrul bra\u021bului realizeaz\u0103 o extensie \u0219i o retragere lin\u0103. Acesta r\u0103spunde rapid la comenzile de control, oferind o for\u021b\u0103 substan\u021bial\u0103 de \u00eempingere \u0219i tragere, potrivit\u0103 pentru manipularea materialelor grele \u0219i a sarcinilor opera\u021bionale complexe.<\/li>\n<li><strong>Diverse variante:<\/strong> Op\u021biunile includ cilindri cu ac\u021biune simpl\u0103 (utiliz\u00e2nd puterea hidraulic\u0103 \u00eentr-o singur\u0103 direc\u021bie) \u0219i cu ac\u021biune dubl\u0103 (utiliz\u00e2nd puterea hidraulic\u0103 \u00een ambele direc\u021bii), care r\u0103spund diverselor nevoi opera\u021bionale. Anumite modele sunt telescopice, permi\u021b\u00e2nd o extensie mai mare f\u0103r\u0103 a cre\u0219te dimensiunile exterioare, ideale pentru aplica\u021bii cu spa\u021biu limitat.<\/li>\n<li><strong>Inginerie de precizie:<\/strong> Concepu\u021bi pentru a \u00eembun\u0103t\u0103\u021bi performan\u021ba \u0219i fiabilitatea, ace\u0219ti cilindri sunt fabrica\u021bi folosind tehnici avansate pentru a asigura toleran\u021be str\u00e2nse \u0219i func\u021bionalitate optim\u0103.<\/li>\n<li><strong>Solu\u021bii personalizabile:<\/strong> Produsele noastre pot \u00eenlocui perfect cilindrii hidraulici existen\u021bi, oferind flexibilitate \u0219i adaptabilitate pentru diferite configura\u021bii de utilaje.<\/li>\n<\/ul>\n<p><img decoding=\"async\" src=\"https:\/\/www.hydraulic-cylinders.net\/wp-content\/uploads\/2025\/04\/songte-cylinder-head-with-all-kinds-excavator-models.webp\" alt=\"Modele de excavatoare\" \/><\/p>\n<h2>Aplica\u021bii ale cilindrului bra\u021bului<\/h2>\n<h3>Echipamente de construc\u021bii<\/h3>\n<p>\u00cen excavatoare, cilindrii bra\u021bului sunt vitali pentru s\u0103pare, \u00eenc\u0103rcare \u0219i mutarea solului sau a resturilor. Ace\u0219tia ofer\u0103 for\u021ba necesar\u0103 pentru excavare \u0219i ajut\u0103 la ridicarea materialelor, asigur\u00e2nd executarea eficient\u0103 a proiectelor de construc\u021bii. Adaptabilitatea acestor cilindri le permite s\u0103 sus\u021bin\u0103 diverse ata\u0219amente, f\u0103c\u00e2nd excavatoarele unelte versatile pe orice \u0219antier.<\/p>\n<h3>Ma\u0219ini agricole<\/h3>\n<p>\u00cen \u00eenc\u0103rc\u0103toarele frontale, cilindrii bra\u021bului sunt utiliza\u021bi pentru scoaterea, ridicarea \u0219i transportul solului, f\u00e2nului \u0219i altor materiale. Designul lor robust permite operatorilor s\u0103 gestioneze cu u\u0219urin\u021b\u0103 sarcini grele, ceea ce \u00eei face indispensabili \u00een opera\u021biunile agricole. Eficien\u021ba acestor cilindri contribuie la \u00eembun\u0103t\u0103\u021birea productivit\u0103\u021bii pe terenurile agricole.<\/p>\n<h3>Excavatoare<\/h3>\n<p>La excavatoarele standard, cilindrul bra\u021bului faciliteaz\u0103 ac\u021biunea de s\u0103pare permi\u021b\u00e2nd cupei s\u0103 p\u0103trund\u0103 eficient \u00een p\u0103m\u00e2nt. Permi\u021b\u00e2nd un control precis asupra mi\u0219c\u0103rii cupei, ace\u0219ti cilindri sporesc precizia opera\u021bional\u0103, duc\u00e2nd la rezultate mai bune ale excava\u021biei \u0219i la o risip\u0103 mai mic\u0103 de material.<\/p>\n<h3>\u00cenc\u0103rc\u0103toare<\/h3>\n<p>La \u00eenc\u0103rc\u0103toarele frontale, cilindrul bra\u021bului ajut\u0103 la ridicarea \u0219i desc\u0103rcarea eficient\u0103 a materialelor. Aceast\u0103 capacitate este crucial\u0103 pentru \u00eenc\u0103rcarea camioanelor, mutarea materialelor \u00een jurul \u0219antierelor \u0219i efectuarea diverselor sarcini de ridicare. Fiabilitatea cilindrului bra\u021bului asigur\u0103 o eficien\u021b\u0103 opera\u021bional\u0103 prelungit\u0103 \u00een medii solicitante.<\/p>\n<h2>Considera\u021bii de proiectare \u0219i criterii de selec\u021bie<\/h2>\n<h3>Capacitate de \u00eenc\u0103rcare<\/h3>\n<p>Atunci c\u00e2nd se selecteaz\u0103 un cilindru pentru bra\u021b, este esen\u021bial\u0103 \u00een\u021belegerea capacit\u0103\u021bii sale de \u00eenc\u0103rcare. Cilindrul trebuie s\u0103 fie capabil s\u0103 suporte sarcina maxim\u0103 a\u0219teptat\u0103 \u00een timpul opera\u021biunilor. Supra\u00eenc\u0103rcarea poate duce la defec\u021biuni premature, uzur\u0103 crescut\u0103 \u0219i riscuri de siguran\u021b\u0103. Inginerii efectueaz\u0103 adesea analize de \u00eenc\u0103rcare pentru a determina specifica\u021biile adecvate, asigur\u00e2ndu-se c\u0103 cilindrul va func\u021biona \u00een mod fiabil \u00een condi\u021biile a\u0219teptate.<\/p>\n<h3>Etan\u0219are \u0219i durabilitate<\/h3>\n<p>Etan\u0219area este o alt\u0103 considera\u021bie critic\u0103 pentru cilindrii bra\u021bului. Etan\u0219\u0103rile adecvate previn scurgerile de fluid hidraulic, men\u021bin\u00e2nd presiunea \u0219i eficien\u021ba sistemului. Etan\u0219\u0103rile de \u00eenalt\u0103 calitate, fabricate din materiale precum poliuretanul sau cauciucul nitrilic, asigur\u0103 durabilitate \u00eempotriva uzurii \u0219i a factorilor de mediu. Designul cilindrului trebuie s\u0103 \u021bin\u0103 cont \u0219i de poten\u021bialii contaminan\u021bi, asigur\u00e2nd performan\u021be de lung\u0103 durat\u0103 \u0219i reduc\u00e2nd nevoile de \u00eentre\u021binere.<\/p>\n<h3>Caracteristici de siguran\u021b\u0103<\/h3>\n<p>Siguran\u021ba este primordial\u0103 \u00een proiectarea cilindrilor hidraulici. Caracteristici precum supapele de suprapresiune \u0219i blocajele de siguran\u021b\u0103 ajut\u0103 la prevenirea accidentelor \u00een timpul func\u021bion\u0103rii. Asigurarea prezen\u021bei acestor mecanisme de siguran\u021b\u0103 poate proteja echipamentele \u0219i operatorii de defec\u021biuni sau defec\u021biuni nea\u0219teptate, promov\u00e2nd astfel un mediu de lucru mai sigur.<\/p>\n<h3>Accesibilitate pentru \u00eentre\u021binere<\/h3>\n<p>Proiectarea pentru o \u00eentre\u021binere u\u0219oar\u0103 este esen\u021bial\u0103 pentru cilindrii hidraulici. Componentele care permit o inspec\u021bie, lubrifiere \u0219i \u00eenlocuire simpl\u0103 pot reduce considerabil timpul de nefunc\u021bionare \u0219i costurile de \u00eentre\u021binere. Produc\u0103torii ar trebui s\u0103 ia \u00een considerare puncte de acces pentru sarcinile de \u00eentre\u021binere regulate pentru a asigura longevitatea \u0219i fiabilitatea cilindrului bra\u021bului.<\/p>\n<p><img decoding=\"async\" src=\"https:\/\/www.hydraulic-cylinders.net\/wp-content\/uploads\/2025\/04\/songte-oil-pipes-and-spare-parts.webp\" alt=\"Cilindri hidraulici \u0219i piese\" \/><\/p>\n<h2>Etan\u0219are \u0219i lubrifiere<\/h2>\n<p>Pentru a asigura performan\u021be optime, \u00een cilindrii hidraulici se utilizeaz\u0103 diverse componente de etan\u0219are, inclusiv etan\u0219\u0103ri pentru piston \u0219i etan\u0219\u0103ri pentru tij\u0103. Etan\u0219\u0103rile fabricate din materiale precum poliuretanul \u0219i cauciucul nitrilic sunt de obicei alese pentru rezisten\u021ba \u0219i durabilitatea lor la uzur\u0103. Corpul cilindrului \u0219i suprafe\u021bele filetate ale cap\u0103tului sunt supuse unor procese fine de prelucrare pentru a spori rezisten\u021ba la uzur\u0103. De asemenea, este necesar\u0103 o lubrifiere regulat\u0103 cu ulei hidraulic adecvat pentru a minimiza frecarea \u0219i a asigura o func\u021bionare lin\u0103.<\/p>\n<h2>M\u0103suri de \u00eentre\u021binere preventiv\u0103<\/h2>\n<ul>\n<li><strong>Inspec\u021bii regulate:<\/strong> Efectuarea unor verific\u0103ri de rutin\u0103 ale cilindrului bra\u021bului asigur\u0103 detectarea timpurie a oric\u0103ror semne de uzur\u0103 sau deteriorare. C\u0103uta\u021bi scurgeri, zgomote neobi\u0219nuite \u0219i semne de coroziune.<\/li>\n<li><strong>Lubrifiere adecvat\u0103:<\/strong> Asigura\u021bi-v\u0103 c\u0103 cilindrul este lubrifiat corespunz\u0103tor cu ulei hidraulic de \u00eenalt\u0103 calitate pentru a men\u021bine eficien\u021ba \u0219i a prelungi durata de via\u021b\u0103. Stabili\u021bi un program de lubrifiere bazat pe orele \u0219i condi\u021biile de func\u021bionare.<\/li>\n<li><strong>\u00cenlocuirea garniturii:<\/strong> Monitoriza\u021bi periodic starea garniturilor \u0219i \u00eenlocui\u021bi-le dup\u0103 cum este necesar pentru a preveni scurgerile \u0219i a men\u021bine performan\u021ba optim\u0103.<\/li>\n<\/ul>\n<h2>Instruc\u021biuni de instalare<\/h2>\n<p>Instalarea corect\u0103 a cilindrului bra\u021bului este esen\u021bial\u0103 pentru performan\u021ba \u0219i longevitatea acestuia. \u00cencepe\u021bi prin a v\u0103 asigura c\u0103 toate componentele sunt curate \u0219i f\u0103r\u0103 contaminan\u021bi. Alinia\u021bi cilindrul cu aten\u021bie \u00een timpul instal\u0103rii pentru a evita solicit\u0103rile excesive asupra componentelor. Se recomand\u0103 utilizarea unor console de montare adecvate pentru a fixa \u00een siguran\u021b\u0103 cilindrul \u00een pozi\u021bie. Respectarea specifica\u021biilor produc\u0103torului pentru set\u0103rile de cuplu \u0219i conectarea conductelor hidraulice va ajuta la asigurarea unei instal\u0103ri reu\u0219ite. Dup\u0103 instalare, este esen\u021bial s\u0103 testa\u021bi cilindrul \u00een condi\u021bii controlate pentru a-i verifica performan\u021ba \u0219i a efectua orice ajust\u0103ri necesare.<\/p>\n<h2>Sarcini comune de \u00eentre\u021binere<\/h2>\n<h3>Inspec\u021bii regulate<\/h3>\n<p>Efectuarea inspec\u021biilor regulate ale cilindrului bra\u021bului este vital\u0103 pentru identificarea din timp a poten\u021bialelor probleme. C\u0103uta\u021bi scurgeri, uzur\u0103 \u0219i orice semne de solicitare a componentelor. Inspec\u021biile trebuie documentate, iar orice nereguli trebuie remediate prompt pentru a preveni complica\u021bii ulterioare.<\/p>\n<h3>Lubrifiere adecvat\u0103<\/h3>\n<p>Asigura\u021bi-v\u0103 c\u0103 cilindrul bra\u021bului este lubrifiat conform recomand\u0103rilor produc\u0103torului. Lubrifierea adecvat\u0103 minimizeaz\u0103 frecarea, \u00eembun\u0103t\u0103\u021be\u0219te performan\u021ba \u0219i prelunge\u0219te durata de via\u021b\u0103 a cilindrului. Lua\u021bi \u00een considerare condi\u021biile de mediu care pot afecta frecven\u021ba lubrifierii \u0219i ajusta\u021bi programul de \u00eentre\u021binere \u00een consecin\u021b\u0103.<\/p>\n<h3>\u00cenlocuirea garniturii<\/h3>\n<p>Monitorizarea st\u0103rii garniturilor este esen\u021bial\u0103 pentru men\u021binerea integrit\u0103\u021bii sistemului hidraulic. C\u00e2nd garniturile prezint\u0103 semne de uzur\u0103 sau deteriorare, acestea trebuie \u00eenlocuite imediat pentru a preveni scurgerile de fluid \u0219i a asigura func\u021bionarea optim\u0103. Urma\u021bi procedurile adecvate pentru \u00eenlocuirea garniturilor pentru a minimiza timpii de nefunc\u021bionare.<\/p>\n<p><img decoding=\"async\" src=\"https:\/\/www.hydraulic-cylinders.net\/wp-content\/uploads\/2025\/04\/songte-chushion-collar.webp\" alt=\"Guler de pern\u0103\" \/><\/p>\n<h2>Considera\u021bii de siguran\u021b\u0103 \u0219i factori de mediu<\/h2>\n<p>Atunci c\u00e2nd se lucreaz\u0103 cu cilindri hidraulici, este esen\u021bial s\u0103 se implementeze m\u0103suri de siguran\u021b\u0103. Instruirea adecvat\u0103 a operatorilor \u0219i a personalului de \u00eentre\u021binere poate reduce semnificativ riscul de accidente. \u00cen plus, factorii de mediu, cum ar fi temperatura \u0219i expunerea la substan\u021be chimice, trebuie monitoriza\u021bi pentru a asigura integritatea sistemului hidraulic.<\/p>\n<h2>Diagnosticarea defec\u021biunilor \u0219i probleme frecvente<\/h2>\n<ul>\n<li><strong>Scurgere:<\/strong> Scurgerile sunt o problem\u0103 frecvent\u0103 care poate ap\u0103rea din cauza garniturilor uzate sau a componentelor deteriorate. Inspecta\u021bi garniturile \u00een mod regulat \u0219i \u00eenlocui\u021bi-le dup\u0103 cum este necesar pentru a preveni pierderea de fluid hidraulic.<\/li>\n<li><strong>Putere insuficient\u0103:<\/strong> Dac\u0103 cilindrul bra\u021bului nu r\u0103spunde corespunz\u0103tor, acest lucru poate indica niveluri sc\u0103zute de lichid hidraulic sau aer blocat \u00een sistem. Asigura\u021bi nivelurile corecte de lichid \u0219i aerisi\u021bi sistemul, dac\u0103 este necesar.<\/li>\n<li><strong>Zgomot \u00een timpul func\u021bion\u0103rii:<\/strong> Zgomotele neobi\u0219nuite pot semnala probleme mecanice \u00een interiorul cilindrului. Investiga\u021bi imediat orice sunete anormale pentru a evita deteriorarea suplimentar\u0103 a echipamentului.<\/li>\n<\/ul>\n<h2>Sfaturi de depanare<\/h2>\n<p>Pentru o depanare eficient\u0103, \u00eencepe\u021bi prin identificarea simptomelor prezentate de cilindrul bra\u021bului. Evalua\u021bi sistemul hidraulic pentru scurgeri, asigur\u00e2ndu-v\u0103 c\u0103 toate garniturile \u0219i conexiunile sunt intacte. Verifica\u021bi \u00eentotdeauna nivelurile \u0219i calitatea fluidului hidraulic, deoarece fluidul sc\u0103zut sau contaminat poate duce la probleme de performan\u021b\u0103. Implementa\u021bi m\u0103suri preventive, cum ar fi \u00eentre\u021binerea \u0219i inspec\u021biile regulate, pentru a minimiza riscul problemelor comune \u0219i a asigura longevitatea sistemului hidraulic.<\/p>\n<p><img decoding=\"async\" src=\"https:\/\/www.hydraulic-cylinders.net\/wp-content\/uploads\/2025\/04\/songte-bushings-with-all-kinds-of-excavator-models.webp\" alt=\"Buc\u0219e pentru modele de excavatoare\" \/><\/p>\n<h2>Despre compania noastr\u0103<\/h2>\n<p>Suntem un produc\u0103tor specializat \u00een cilindri hidraulici de schimb, oferind o gam\u0103 complet\u0103 de produse pentru a deveni unul dintre principalii produc\u0103tori \u0219i angrosi\u0219ti \u200b\u200bde cilindri hidraulici at\u00e2t pe pie\u021bele interne, c\u00e2t \u0219i interna\u021bionale. Ader\u0103m la principiul excelen\u021bei \u00een calitate, valorific\u00e2nd un atelier de fabrica\u021bie rafinat \u0219i strategii de management al produc\u021biei industriale. Compania noastr\u0103 \u00ee\u0219i \u00eembun\u0103t\u0103\u021be\u0219te continuu platforma de produc\u021bie prin utilizarea talentului tehnic, a echipamentelor digitale de fabrica\u021bie de ultim\u0103 genera\u021bie \u0219i a sistemelor profesionale de testare pentru a \u00eembun\u0103t\u0103\u021bi procesul de produc\u021bie a calit\u0103\u021bii produselor noastre. Acest lucru ne permite s\u0103 satisfacem diversele nevoi ale clien\u021bilor cu eficien\u021b\u0103, precizie \u0219i calitate \u00eenalt\u0103.<\/p>\n<p>De la profesionalism la certific\u0103ri interna\u021bionale, oferim servicii personalizate, adaptate pentru a satisface cerin\u021bele specifice ale clien\u021bilor. Echipamentele noastre avansate de produc\u021bie ne permit s\u0103 men\u021binem standarde \u00eenalte, \u00een timp ce echipa noastr\u0103 dedicat\u0103 de servicii post-v\u00e2nzare asigur\u0103 satisfac\u021bia clien\u021bilor \u0219i abordeaz\u0103 orice nel\u0103muriri care pot ap\u0103rea dup\u0103 achizi\u021bie.<\/p>\n<p><img decoding=\"async\" src=\"https:\/\/www.hydraulic-cylinders.net\/wp-content\/uploads\/2025\/04\/songte-company-4.webp\" alt=\"Prezentare general\u0103 a companiei\" \/><br \/>\n<img decoding=\"async\" src=\"https:\/\/www.hydraulic-cylinders.net\/wp-content\/uploads\/2025\/04\/songte-company-3.webp\" alt=\"Unitate de produc\u021bie\" \/><\/p>\n<p>Autor: lyl<\/p>","protected":false},"excerpt":{"rendered":"<p>Boom Cylinder For Caterpillar Wheel Excavator M326D Product Overview The Boom Cylinder for Caterpillar Wheel Excavator M326D is an essential hydraulic component designed to control the movements of the boom in excavators. This hydraulic cylinder enables the lifting, lowering, and tilting of the boom, facilitating efficient material handling tasks. As a crucial part of the [&hellip;]<\/p>","protected":false},"featured_media":17876,"comment_status":"open","ping_status":"closed","template":"","meta":{"_et_pb_use_builder":"","_et_pb_old_content":"","_et_gb_content_width":""},"product_brand":[],"product_cat":[1546],"product_tag":[1547,1496],"class_list":{"0":"post-18979","1":"product","2":"type-product","3":"status-publish","4":"has-post-thumbnail","6":"product_cat-boom-cylinders","7":"product_tag-boom-cylinders","8":"product_tag-hydraulic-cylinders","10":"first","11":"instock","12":"shipping-taxable","13":"product-type-simple"},"amp_enabled":true,"_links":{"self":[{"href":"https:\/\/www.hydraulic-cylinders.net\/ro\/wp-json\/wp\/v2\/product\/18979","targetHints":{"allow":["GET"]}}],"collection":[{"href":"https:\/\/www.hydraulic-cylinders.net\/ro\/wp-json\/wp\/v2\/product"}],"about":[{"href":"https:\/\/www.hydraulic-cylinders.net\/ro\/wp-json\/wp\/v2\/types\/product"}],"replies":[{"embeddable":true,"href":"https:\/\/www.hydraulic-cylinders.net\/ro\/wp-json\/wp\/v2\/comments?post=18979"}],"wp:featuredmedia":[{"embeddable":true,"href":"https:\/\/www.hydraulic-cylinders.net\/ro\/wp-json\/wp\/v2\/media\/17876"}],"wp:attachment":[{"href":"https:\/\/www.hydraulic-cylinders.net\/ro\/wp-json\/wp\/v2\/media?parent=18979"}],"wp:term":[{"taxonomy":"product_brand","embeddable":true,"href":"https:\/\/www.hydraulic-cylinders.net\/ro\/wp-json\/wp\/v2\/product_brand?post=18979"},{"taxonomy":"product_cat","embeddable":true,"href":"https:\/\/www.hydraulic-cylinders.net\/ro\/wp-json\/wp\/v2\/product_cat?post=18979"},{"taxonomy":"product_tag","embeddable":true,"href":"https:\/\/www.hydraulic-cylinders.net\/ro\/wp-json\/wp\/v2\/product_tag?post=18979"}],"curies":[{"name":"wp","href":"https:\/\/api.w.org\/{rel}","templated":true}]}}