{"id":18982,"date":"2025-04-07T06:05:37","date_gmt":"2025-04-07T06:05:37","guid":{"rendered":"https:\/\/www.hydraulic-cylinders.net\/product\/boom-cylinder-for-caterpillar-wheel-excavator-m315dz\/"},"modified":"2025-04-07T06:05:40","modified_gmt":"2025-04-07T06:05:40","slug":"boom-cylinder-for-caterpillar-wheel-excavator-m315dz","status":"publish","type":"product","link":"https:\/\/www.hydraulic-cylinders.net\/ro\/produs\/boom-cylinder-for-caterpillar-wheel-excavator-m315dz\/","title":{"rendered":"Cilindru bra\u021b pentru excavator pe ro\u021bi Caterpillar M315DZ"},"content":{"rendered":"<h1>Cilindru bra\u021b pentru excavator pe ro\u021bi Caterpillar M315DZ<\/h1>\n<h2>Prezentare general\u0103 a produsului<\/h2>\n<p>Cilindrul bra\u021bului pentru excavatorul pe ro\u021bi Caterpillar M315DZ este o component\u0103 hidraulic\u0103 esen\u021bial\u0103, conceput\u0103 pentru a \u00eembun\u0103t\u0103\u021bi func\u021bionalitatea excavatoarelor. Acest cilindru hidraulic joac\u0103 un rol vital \u00een controlul mi\u0219c\u0103rii bra\u021bului, facilit\u00e2nd diverse opera\u021biuni, cum ar fi ridicarea, cobor\u00e2rea \u0219i \u00eenclinarea cupei. Prin utilizarea fluidului hidraulic \u0219i a presiunii, cilindrul bra\u021bului permite utilajelor grele s\u0103 \u00eendeplineasc\u0103 sarcini esen\u021biale \u00een construc\u021bii, agricultur\u0103 \u0219i alte industrii.<\/p>\n<p><img decoding=\"async\" src=\"https:\/\/www.hydraulic-cylinders.net\/wp-content\/uploads\/2025\/04\/songte-company-1.webp\" alt=\"Cilindru de bra\u021b pentru excavator\" \/><\/p>\n<h2>Caracteristicile cilindrului bra\u021bului<\/h2>\n<ul>\n<li><strong>Rezisten\u021b\u0103 \u0219i durabilitate ridicate:<\/strong> Construit din o\u021bel sau aluminiu de \u00eenalt\u0103 rezisten\u021b\u0103, acest cilindru poate rezista la presiuni ridicate \u0219i sarcini grele, fiind potrivit pentru medii de lucru dificile. Designul s\u0103u ia \u00een considerare \u0219i rezisten\u021ba la uzur\u0103 \u0219i prevenirea coroziunii, prelungindu-i durata de via\u021b\u0103.<\/li>\n<li><strong>Func\u021bionare hidraulic\u0103 eficient\u0103:<\/strong> Cilindrul bra\u021bului utilizeaz\u0103 presiunea fluidului hidraulic pentru o extensie \u0219i retragere lin\u0103, r\u0103spunz\u00e2nd rapid la comenzile de control \u0219i oferind for\u021be puternice de \u00eempingere \u0219i tragere, ideale pentru manipularea sarcinilor grele \u0219i a opera\u021biunilor complexe.<\/li>\n<li><strong>Diverse tipuri:<\/strong> Disponibil \u00een configura\u021bii cu ac\u021biune simpl\u0103 (func\u021bioneaz\u0103 \u00eentr-o singur\u0103 direc\u021bie) sau cu ac\u021biune dubl\u0103 (func\u021bioneaz\u0103 \u00een ambele direc\u021bii), unele modele fiind telescopice pentru o raz\u0103 de ac\u021biune mai mare f\u0103r\u0103 a cre\u0219te dimensiunile exterioare, potrivite pentru spa\u021bii \u00eenguste.<\/li>\n<li><strong>\u00cenlocuitor compatibil:<\/strong> Produsele noastre pot \u00eenlocui perfect cilindrii hidraulici existen\u021bi, asigur\u00e2nd o integrare \u0219i func\u021bionalitate f\u0103r\u0103 probleme \u00een cadrul utilajelor dumneavoastr\u0103.<\/li>\n<\/ul>\n<p><img decoding=\"async\" src=\"https:\/\/www.hydraulic-cylinders.net\/wp-content\/uploads\/2025\/04\/songte-cylinder-head-with-all-kinds-excavator-models.webp\" alt=\"\u00cenlocuirea cilindrului hidraulic\" \/><\/p>\n<h2>Scenarii de aplica\u021bii<\/h2>\n<h3>Echipamente de construc\u021bii<\/h3>\n<p>\u00cen excavatoare, cilindrii bra\u021bului sunt esen\u021biali pentru s\u0103pare, \u00eenc\u0103rcare \u0219i mutarea solului sau a resturilor. Ace\u0219tia faciliteaz\u0103 procesul de excavare permi\u021b\u00e2nd bra\u021bului s\u0103 p\u0103trund\u0103 \u00een sol, ridic\u00e2nd materialele eficient. \u00cen cazul \u00eenc\u0103rc\u0103toarelor excavatoare, ace\u0219tia ajut\u0103 at\u00e2t la opera\u021biunile de s\u0103pare, c\u00e2t \u0219i la cele de ridicare, sporind productivitatea pe \u0219antierele de construc\u021bii.<\/p>\n<h3>Ma\u0219ini agricole<\/h3>\n<p>Utiliza\u021bi \u00een \u00eenc\u0103rc\u0103toarele frontale, cilindrii bra\u021bului sunt esen\u021biali pentru scobere, ridicare \u0219i transportul solului, f\u00e2nului \u0219i altor materiale. Ace\u0219tia ofer\u0103 rezisten\u021ba necesar\u0103 pentru efectuarea sarcinilor agricole, asigur\u00e2nd o manipulare eficient\u0103 a materialelor \u0219i \u00eembun\u0103t\u0103\u021bind eficien\u021ba general\u0103 a fermei.<\/p>\n<h3>Excavatoare<\/h3>\n<p>La excavatoare, cilindrul bra\u021bului permite cupei s\u0103 p\u0103trund\u0103 \u00een sol, permi\u021b\u00e2nd ac\u021biuni de s\u0103pare. Acest control hidraulic este vital pentru atingerea ad\u00e2ncimii \u0219i eficien\u021bei de s\u0103pare dorite, f\u0103c\u00e2nd excavatoarele indispensabile \u00een diverse industrii.<\/p>\n<h3>\u00cenc\u0103rc\u0103toare<\/h3>\n<p>La \u00eenc\u0103rc\u0103toarele frontale, cilindrii bra\u021bului ajut\u0103 la ridicarea \u0219i desc\u0103rcarea eficient\u0103 a \u00eenc\u0103rc\u0103turilor. Ace\u0219tia asigur\u0103 opera\u021biuni line, permi\u021b\u00e2nd operatorilor s\u0103 manipuleze diferite materiale cu u\u0219urin\u021b\u0103, \u00eembun\u0103t\u0103\u021bind semnificativ procesele de \u00eenc\u0103rcare \u0219i desc\u0103rcare.<\/p>\n<h2>Considera\u021bii de proiectare \u0219i criterii de selec\u021bie<\/h2>\n<h3>Capacitate de \u00eenc\u0103rcare<\/h3>\n<p>Capacitatea de \u00eenc\u0103rcare a unui cilindru al bra\u021bului este un factor critic pentru a asigura c\u0103 acesta poate suporta sarcinile maxime a\u0219teptate \u00een timpul func\u021bion\u0103rii. Aceasta implic\u0103 calcule \u0219i teste riguroase pentru a asigura fiabilitatea \u0219i siguran\u021ba \u00een diverse condi\u021bii de lucru.<\/p>\n<h3>Sigilare<\/h3>\n<p>Etan\u0219area eficient\u0103 este esen\u021bial\u0103 pentru a preveni scurgerile de fluid hidraulic, care pot compromite eficien\u021ba \u0219i siguran\u021ba cilindrului. Garniturile de \u00eenalt\u0103 calitate, fabricate din materiale durabile, trebuie selectate pentru a rezista for\u021belor active, asigur\u00e2nd longevitatea produsului.<\/p>\n<h3>Durabilitate<\/h3>\n<p>Durabilitatea cilindrului bra\u021bului este primordial\u0103, deoarece acesta func\u021bioneaz\u0103 \u00een medii solicitante. Materialele \u0219i designul trebuie alese cu grij\u0103 pentru a rezista la uzur\u0103, asigur\u00e2nd o durat\u0103 lung\u0103 de via\u021b\u0103 \u0219i reduc\u00e2nd frecven\u021ba \u00eenlocuirilor.<\/p>\n<h3>Siguran\u0163\u0103<\/h3>\n<p>Caracteristicile de siguran\u021b\u0103 trebuie integrate \u00een proiectare pentru a preveni accidentele \u00een timpul func\u021bion\u0103rii. Acestea includ mecanisme de protec\u021bie la suprasarcin\u0103 \u0219i supape de siguran\u021b\u0103 pentru gestionarea presiunii, asigur\u00e2nd siguran\u021ba at\u00e2t a echipamentului, c\u00e2t \u0219i a operatorului \u00een timpul utiliz\u0103rii.<\/p>\n<h3>\u00centre\u0163inere<\/h3>\n<p>U\u0219urin\u021ba \u00eentre\u021binerii este o alt\u0103 considera\u021bie critic\u0103. Designul ar trebui s\u0103 permit\u0103 accesul facil pentru inspec\u021bii, repara\u021bii \u0219i \u00eenlocuiri, facilit\u00e2nd rutinele regulate de \u00eentre\u021binere \u0219i reduc\u00e2nd la minimum timpul de nefunc\u021bionare.<\/p>\n<p><img decoding=\"async\" src=\"https:\/\/www.hydraulic-cylinders.net\/wp-content\/uploads\/2025\/04\/songte-oil-pipes-and-spare-parts.webp\" alt=\"Componente hidraulice\" \/><\/p>\n<h2>Etan\u0219are \u0219i lubrifiere<\/h2>\n<p>Performan\u021ba cilindrilor hidraulici se bazeaz\u0103 \u00een mare m\u0103sur\u0103 pe mecanisme eficiente de etan\u0219are \u0219i lubrifiere. Diverse tipuri de etan\u0219\u0103ri, cum ar fi etan\u0219\u0103rile pistonului \u0219i etan\u0219\u0103rile tijei, sunt cruciale pentru a preveni scurgerile de fluid hidraulic. Garniturile fabricate din poliuretan, cauciuc nitrilic \u0219i alte materiale rezistente la abraziune sunt preferate pentru durabilitatea lor. Mai mult, corpul cilindrului \u0219i capetele filetate trebuie s\u0103 fie supuse unor prelucr\u0103ri fine pentru a spori rezisten\u021ba la uzur\u0103. Lubrifierea regulat\u0103 cu uleiul hidraulic adecvat este esen\u021bial\u0103 pentru a reduce frecarea \u0219i a prelungi durata de via\u021b\u0103 a cilindrului.<\/p>\n<h2>Inspec\u021bie regulat\u0103 \u0219i \u00eentre\u021binere preventiv\u0103<\/h2>\n<ul>\n<li><strong>Verific\u0103ri de rutin\u0103:<\/strong> Trebuie efectuate inspec\u021bii regulate pentru a identifica orice semne de uzur\u0103 sau deteriorare. Rezolvarea prompt\u0103 a problemelor minore poate preveni repara\u021bii majore \u00een viitor.<\/li>\n<li><strong>Lubrifiere adecvat\u0103:<\/strong> Asigurarea faptului c\u0103 nivelurile de ulei hidraulic sunt adecvate \u0219i c\u0103 uleiul este de tipul corect este esen\u021bial\u0103 pentru performan\u021ba optim\u0103 a cilindrului.<\/li>\n<li><strong>\u00cenlocuirea garniturii:<\/strong> Garniturile trebuie \u00eenlocuite ca parte a \u00eentre\u021binerii de rutin\u0103 pentru a preveni scurgerile \u0219i a asigura func\u021bionarea eficient\u0103 a cilindrului.<\/li>\n<\/ul>\n<h2>Ghid de instalare<\/h2>\n<p>Instalarea corect\u0103 a cilindrului bra\u021bului este crucial\u0103 pentru o performan\u021b\u0103 optim\u0103. \u00cencepe\u021bi prin a v\u0103 asigura c\u0103 toate componentele sunt curate \u0219i f\u0103r\u0103 resturi. Alinia\u021bi corect cilindrul cu punctele de montare; nealinierea poate duce la uzur\u0103 prematur\u0103 \u0219i defec\u021biuni. Folosi\u021bi suporturi de montare adecvate pentru a fixa cilindrul \u00een pozi\u021bie. Asigura\u021bi-v\u0103 c\u0103 racordurile hidraulice sunt str\u00e2nse \u0219i f\u0103r\u0103 scurgeri. Dup\u0103 instalare, verifica\u021bi toate func\u021biile cilindrului pentru a confirma c\u0103 func\u021bioneaz\u0103 f\u0103r\u0103 probleme \u0219i conform destina\u021biei. Revizui\u021bi periodic instalarea pentru a v\u0103 asigura c\u0103 componentele r\u0103m\u00e2n fixate \u0219i aliniate.<\/p>\n<h2>Sarcini de \u00eentre\u021binere<\/h2>\n<ul>\n<li><strong>Inspec\u021bii regulate:<\/strong> Efectuarea verific\u0103rilor de rutin\u0103 ajut\u0103 la identificarea timpurie a poten\u021bialelor probleme. C\u0103uta\u021bi scurgeri, uzur\u0103 a garniturilor \u0219i orice zgomote anormale \u00een timpul func\u021bion\u0103rii.<\/li>\n<li><strong>Lubrifiere adecvat\u0103:<\/strong> Unge\u021bi cilindrul \u00een mod regulat cu uleiul hidraulic adecvat pentru a reduce la minimum frecarea care poate duce la uzur\u0103.<\/li>\n<li><strong>\u00cenlocuirea garniturii:<\/strong> Monitoriza\u021bi garniturile pentru semne de uzur\u0103 \u0219i \u00eenlocui\u021bi-le prompt pentru a preveni scurgerile de fluid hidraulic \u0219i a men\u021bine presiunea \u00een sistem.<\/li>\n<\/ul>\n<h2>Considera\u021bii de siguran\u021b\u0103 \u0219i factori de mediu<\/h2>\n<p>Atunci c\u00e2nd se utilizeaz\u0103 cilindri hidraulici, implementarea m\u0103surilor de siguran\u021b\u0103 este esen\u021bial\u0103. Operatorii trebuie instrui\u021bi cu privire la utilizarea corect\u0103 \u0219i protocoalele de siguran\u021b\u0103 pentru a evita accidentele. Considera\u021biile de mediu joac\u0103, de asemenea, un rol; asigurarea gestion\u0103rii corespunz\u0103toare a fluidelor hidraulice previne scurgerile \u0219i contaminarea.<\/p>\n<h2>Depanarea problemelor comune<\/h2>\n<ul>\n<li><strong>Scurgere:<\/strong> Verifica\u021bi garniturile \u0219i conexiunile pentru a depista eventuale deterior\u0103ri sau uzur\u0103. \u00cenlocui\u021bi orice garnituri defecte \u0219i asigura\u021bi-v\u0103 c\u0103 conexiunile sunt str\u00e2nse pentru a remedia scurgerile.<\/li>\n<li><strong>Mi\u0219care inconsistent\u0103:<\/strong> Verifica\u021bi nivelul fluidului hidraulic \u0219i c\u0103uta\u021bi aer \u00een sistem. Aerisi\u021bi sistemul dac\u0103 este necesar pentru a restabili func\u021bionarea consistent\u0103.<\/li>\n<li><strong>Putere redus\u0103:<\/strong> Acest lucru poate indica o problem\u0103 cu pompa hidraulic\u0103 sau filtrul. Inspecta\u021bi \u0219i \u00eenlocui\u021bi filtrele dup\u0103 cum este necesar \u0219i verifica\u021bi func\u021bionalitatea pompei.<\/li>\n<\/ul>\n<h2>Sfaturi de depanare<\/h2>\n<p>Pentru a diagnostica \u0219i rezolva eficient problemele, \u00eencepe\u021bi cu o \u00eentre\u021binere regulat\u0103 pentru a preveni apari\u021bia acestora. Men\u021binerea cur\u0103\u021beniei fluidului hidraulic este esen\u021bial\u0103 pentru a evita contaminarea care ar putea afecta performan\u021ba. Verifica\u021bi periodic dac\u0103 exist\u0103 scurgeri \u0219i asigura\u021bi-v\u0103 c\u0103 toate componentele func\u021bioneaz\u0103 corect. Dac\u0103 apar probleme, consulta\u021bi instruc\u021biunile produc\u0103torului pentru diagnostice \u0219i solu\u021bii specifice.<\/p>\n<p><img decoding=\"async\" src=\"https:\/\/www.hydraulic-cylinders.net\/wp-content\/uploads\/2025\/04\/songte-bushings-with-all-kinds-of-excavator-models.webp\" alt=\"Modele de excavatoare\" \/><\/p>\n<h2>Despre compania noastr\u0103<\/h2>\n<p>Suntem un produc\u0103tor important de cilindri hidraulici de schimb, oferind o gam\u0103 complet\u0103 de produse. Cu un angajament fa\u021b\u0103 de excelen\u021b\u0103, am devenit unul dintre cei mai importan\u021bi produc\u0103tori \u0219i angrosi\u0219ti \u200b\u200bde cilindri hidraulici at\u00e2t pe pie\u021bele interne, c\u00e2t \u0219i pe cele interna\u021bionale. Strategia noastr\u0103 se concentreaz\u0103 pe produc\u021bia de \u00eenalt\u0103 calitate, utiliz\u00e2nd tehnologii avansate de fabrica\u021bie \u0219i sisteme stricte de control al calit\u0103\u021bii. For\u021ba noastr\u0103 de munc\u0103 calificat\u0103, combinat\u0103 cu echipamente digitale de fabrica\u021bie de ultim\u0103 genera\u021bie, garanteaz\u0103 c\u0103 satisfacem diversele nevoi ale clien\u021bilor cu eficien\u021b\u0103, precizie \u0219i calitate ridicate.<\/p>\n<p><img decoding=\"async\" src=\"https:\/\/www.hydraulic-cylinders.net\/wp-content\/uploads\/2025\/04\/songte-company-4.webp\" alt=\"Compania noastr\u0103\" \/><br \/>\n<img decoding=\"async\" src=\"https:\/\/www.hydraulic-cylinders.net\/wp-content\/uploads\/2025\/04\/songte-company-3.webp\" alt=\"Compania noastr\u0103\" \/><\/p>\n<p>Ne m\u00e2ndrim cu expertiza noastr\u0103 profesional\u0103, certific\u0103rile interna\u021bionale \u0219i serviciile personalizate. Facilit\u0103\u021bile noastre de produc\u021bie sunt dotate cu cea mai recent\u0103 tehnologie \u0219i oferim asisten\u021b\u0103 post-v\u00e2nzare excep\u021bional\u0103 pentru a asigura satisfac\u021bia clien\u021bilor.<\/p>\n<p>Autor: lyl<\/p>","protected":false},"excerpt":{"rendered":"<p>Boom Cylinder For Caterpillar Wheel Excavator M315DZ Product Overview The Boom Cylinder for Caterpillar Wheel Excavator M315DZ is a critical hydraulic component designed to enhance the functionality of excavators. This hydraulic cylinder plays a vital role in controlling the movement of the boom, facilitating various operations such as lifting, lowering, and tilting the bucket. By [&hellip;]<\/p>","protected":false},"featured_media":17879,"comment_status":"open","ping_status":"closed","template":"","meta":{"_et_pb_use_builder":"","_et_pb_old_content":"","_et_gb_content_width":""},"product_brand":[],"product_cat":[1546],"product_tag":[1547,1496],"class_list":{"0":"post-18982","1":"product","2":"type-product","3":"status-publish","4":"has-post-thumbnail","6":"product_cat-boom-cylinders","7":"product_tag-boom-cylinders","8":"product_tag-hydraulic-cylinders","10":"first","11":"instock","12":"shipping-taxable","13":"product-type-simple"},"amp_enabled":true,"_links":{"self":[{"href":"https:\/\/www.hydraulic-cylinders.net\/ro\/wp-json\/wp\/v2\/product\/18982","targetHints":{"allow":["GET"]}}],"collection":[{"href":"https:\/\/www.hydraulic-cylinders.net\/ro\/wp-json\/wp\/v2\/product"}],"about":[{"href":"https:\/\/www.hydraulic-cylinders.net\/ro\/wp-json\/wp\/v2\/types\/product"}],"replies":[{"embeddable":true,"href":"https:\/\/www.hydraulic-cylinders.net\/ro\/wp-json\/wp\/v2\/comments?post=18982"}],"wp:featuredmedia":[{"embeddable":true,"href":"https:\/\/www.hydraulic-cylinders.net\/ro\/wp-json\/wp\/v2\/media\/17879"}],"wp:attachment":[{"href":"https:\/\/www.hydraulic-cylinders.net\/ro\/wp-json\/wp\/v2\/media?parent=18982"}],"wp:term":[{"taxonomy":"product_brand","embeddable":true,"href":"https:\/\/www.hydraulic-cylinders.net\/ro\/wp-json\/wp\/v2\/product_brand?post=18982"},{"taxonomy":"product_cat","embeddable":true,"href":"https:\/\/www.hydraulic-cylinders.net\/ro\/wp-json\/wp\/v2\/product_cat?post=18982"},{"taxonomy":"product_tag","embeddable":true,"href":"https:\/\/www.hydraulic-cylinders.net\/ro\/wp-json\/wp\/v2\/product_tag?post=18982"}],"curies":[{"name":"wp","href":"https:\/\/api.w.org\/{rel}","templated":true}]}}