{"id":18989,"date":"2025-04-07T06:05:56","date_gmt":"2025-04-07T06:05:56","guid":{"rendered":"https:\/\/www.hydraulic-cylinders.net\/product\/boom-cylinder-for-doosan-small-excavator-dh55-5\/"},"modified":"2025-04-07T06:05:58","modified_gmt":"2025-04-07T06:05:58","slug":"boom-cylinder-for-doosan-small-excavator-dh55-5","status":"publish","type":"product","link":"https:\/\/www.hydraulic-cylinders.net\/ro\/produs\/boom-cylinder-for-doosan-small-excavator-dh55-5\/","title":{"rendered":"Cilindru bra\u021b pentru excavatorul mic Doosan DH55-5"},"content":{"rendered":"<h1>Cilindru bra\u021b pentru excavatorul mic Doosan DH55-5<\/h1>\n<h2>Prezentare general\u0103 a produsului<\/h2>\n<p>Cilindrul bra\u021bului pentru excavatorul mic Doosan DH55-5 este o component\u0103 hidraulic\u0103 crucial\u0103, conceput\u0103 special pentru diverse utilaje grele, inclusiv excavatoare, \u00eenc\u0103rc\u0103toare frontale \u0219i \u00eenc\u0103rc\u0103toare frontale. Acest cilindru hidraulic este responsabil pentru controlul mi\u0219c\u0103rii cupei, permi\u021b\u00e2ndu-i ridicarea, cobor\u00e2rea \u0219i \u00eenclinarea eficient\u0103. Prin gestionarea acestor mi\u0219c\u0103ri, cilindrul bra\u021bului faciliteaz\u0103 sarcinile de manipulare a materialelor esen\u021biale \u00een opera\u021biunile de construc\u021bii \u0219i agricultur\u0103.<\/p>\n<p><img decoding=\"async\" src=\"https:\/\/www.hydraulic-cylinders.net\/wp-content\/uploads\/2025\/04\/songte-company-1.webp\" alt=\"Imaginea cilindrului bra\u021bului\"><\/p>\n<h3>Func\u021bia \u0219i aplicarea cilindrilor cu cup\u0103<\/h3>\n<p>Cilindrii cupei sunt cilindri hidraulici concepu\u021bi pentru a gestiona func\u021bionarea cupelor \u00een echipamentele grele. Ace\u0219tia joac\u0103 un rol semnificativ \u00een sistemele hidraulice, furniz\u00e2nd for\u021ba necesar\u0103 pentru a mi\u0219ca cupa, ceea ce \u00eei face indispensabili \u00een diverse aplica\u021bii. Ace\u0219ti cilindri permit operatorilor s\u0103 \u00eendeplineasc\u0103 eficient sarcini precum s\u0103parea, ridicarea \u0219i transportul materialelor. \u00cen plus, sunt construi\u021bi pentru a rezista la medii de \u00eenalt\u0103 presiune, men\u021bin\u00e2nd \u00een acela\u0219i timp fiabilitatea \u0219i performan\u021ba.<\/p>\n<h2>Caracteristicile cilindrului bra\u021bului<\/h2>\n<ul>\n<li><strong>Rezisten\u021b\u0103 \u0219i durabilitate ridicate:<\/strong> Construi\u021bi din o\u021bel sau aluminiu de \u00eenalt\u0103 rezisten\u021b\u0103, ace\u0219ti cilindri pot rezista la presiuni ridicate \u0219i sarcini grele, fiind potrivi\u021bi pentru condi\u021bii de lucru dure.<\/li>\n<li><strong>Func\u021bionare hidraulic\u0103 eficient\u0103:<\/strong> Utiliz\u00e2nd presiunea uleiului hidraulic, cilindrul asigur\u0103 o extensie \u0219i o retragere lin\u0103, oferind for\u021be puternice de \u00eempingere \u0219i tragere pentru manipularea obiectelor grele.<\/li>\n<li><strong>Diverse tipuri:<\/strong> Disponibil \u00een configura\u021bii cu ac\u021biune simpl\u0103 (func\u021bioneaz\u0103 \u00eentr-o singur\u0103 direc\u021bie) sau cu ac\u021biune dubl\u0103 (func\u021bioneaz\u0103 \u00een ambele direc\u021bii), unele modele av\u00e2nd un design telescopic pentru o raz\u0103 de ac\u021biune extins\u0103 f\u0103r\u0103 a cre\u0219te dimensiunile exterioare.<\/li>\n<\/ul>\n<h2>Capacitatea noastr\u0103 de produc\u021bie<\/h2>\n<p>Putem produce acest produs, asigur\u00e2ndu-ne c\u0103 cilindrii no\u0219tri hidraulici \u00eenlocuiesc perfect modelele existente. Procesele noastre de fabrica\u021bie sunt concepute pentru a \u00eendeplini standardele exigente ale industriei.<\/p>\n<p><img decoding=\"async\" src=\"https:\/\/www.hydraulic-cylinders.net\/wp-content\/uploads\/2025\/04\/songte-cylinder-head-with-all-kinds-excavator-models.webp\" alt=\"Imaginea chiulasei\"><\/p>\n<h2>Scenarii de aplica\u021bii<\/h2>\n<h3>Echipamente de construc\u021bii<\/h3>\n<p>\u00cen excavatoare, cilindrii bra\u021bului sunt cruciali pentru s\u0103pare, \u00eenc\u0103rcare \u0219i mutarea solului sau a resturilor. Ace\u0219tia contribuie semnificativ la eficien\u021ba sarcinilor de excavare \u0219i la performan\u021ba general\u0103 a utilajelor.<\/p>\n<h3>Ma\u0219ini agricole<\/h3>\n<p>La \u00eenc\u0103rc\u0103toarele frontale, ace\u0219ti cilindri ajut\u0103 la scoberea, ridicarea \u0219i transportul solului, f\u00e2nului \u0219i al altor materiale, sporind astfel productivitatea opera\u021biunilor agricole.<\/p>\n<h3>Excavatoare<\/h3>\n<p>La excavatoare, cilindrul cupei faciliteaz\u0103 ac\u021biunea de s\u0103pare permi\u021b\u00e2nd cupei s\u0103 p\u0103trund\u0103 eficient \u00een sol, ceea ce este fundamental pentru diverse sarcini de excavare.<\/p>\n<h3>\u00cenc\u0103rc\u0103toare<\/h3>\n<p>La \u00eenc\u0103rc\u0103toarele frontale, ace\u0219ti cilindri ajut\u0103 la ridicarea \u0219i desc\u0103rcarea eficient\u0103 a sarcinilor, aspecte esen\u021biale pentru manipularea materialelor \u00een \u0219antierele de construc\u021bii.<\/p>\n<h2>Considera\u021bii de proiectare \u0219i criterii de selec\u021bie<\/h2>\n<h3>Capacitate de \u00eenc\u0103rcare<\/h3>\n<p>Atunci c\u00e2nd selecta\u021bi un cilindru pentru bra\u021b, este esen\u021bial s\u0103 lua\u021bi \u00een considerare capacitatea sa de \u00eenc\u0103rcare, care este determinat\u0103 de materialele utilizate \u0219i de designul cilindrului. O capacitate de \u00eenc\u0103rcare mai mare asigur\u0103 c\u0103 cilindrul poate face fa\u021b\u0103 cerin\u021belor diverselor aplica\u021bii f\u0103r\u0103 defec\u021biuni.<\/p>\n<h3>Sigilare<\/h3>\n<p>Etan\u0219area eficient\u0103 este crucial\u0103 pentru longevitatea \u0219i eficien\u021ba cilindrilor hidraulici. Selec\u021bia garniturilor de \u00eenalt\u0103 calitate, fabricate din materiale durabile, reduce riscul de scurgeri \u0219i \u00eembun\u0103t\u0103\u021be\u0219te performan\u021ba.<\/p>\n<h3>Durabilitate<\/h3>\n<p>Durabilitatea este un factor cheie \u00een proiectarea cilindrilor bra\u021bului. Ace\u0219tia ar trebui s\u0103 fie rezisten\u021bi la uzur\u0103, ceea ce se realizeaz\u0103 prin utilizarea de materiale \u0219i acoperiri de \u00eenalt\u0103 calitate care protejeaz\u0103 \u00eempotriva coroziunii \u0219i abraziunii.<\/p>\n<h3>Siguran\u0163\u0103<\/h3>\n<p>Caracteristicile de siguran\u021b\u0103, cum ar fi supapele de suprapresiune \u0219i construc\u021bia robust\u0103, sunt esen\u021biale \u00een sistemele hidraulice pentru a preveni accidentele \u0219i a asigura siguran\u021ba operatorilor \u0219i a utilajelor.<\/p>\n<h3>\u00centre\u0163inere<\/h3>\n<p>U\u0219urin\u021ba \u00eentre\u021binerii este o alt\u0103 considera\u021bie vital\u0103. Un cilindru bine proiectat permite inspec\u021bia, lubrifierea \u0219i \u00eenlocuirea simpl\u0103 a pieselor, reduc\u00e2nd la minimum timpul de nefunc\u021bionare \u0219i costurile opera\u021bionale.<\/p>\n<p><img decoding=\"async\" src=\"https:\/\/www.hydraulic-cylinders.net\/wp-content\/uploads\/2025\/04\/songte-oil-pipes-and-spare-parts.webp\" alt=\"Imagine cu \u021bevi de petrol \u0219i piese de schimb\"><\/p>\n<h2>Etan\u0219are \u0219i lubrifiere<\/h2>\n<p>Etan\u0219area \u0219i lubrifierea eficiente sunt cruciale pentru performan\u021ba cilindrilor hidraulici. Aceasta include utilizarea diverselor elemente de etan\u0219are, cum ar fi etan\u0219\u0103rile pistonului \u0219i etan\u0219\u0103rile tijei, care sunt adesea fabricate din materiale rezistente la uzur\u0103, cum ar fi poliuretanul \u0219i cauciucul nitrilic. Suprafa\u021ba corpului cilindrului \u0219i capetele filetate sunt supuse unor prelucr\u0103ri fine pentru a spori rezisten\u021ba la uzur\u0103. \u00centre\u021binerea regulat\u0103, inclusiv ad\u0103ugarea la timp a uleiului hidraulic pentru lubrifiere, este necesar\u0103 pentru a preveni uzura \u0219i a asigura o func\u021bionare f\u0103r\u0103 probleme.<\/p>\n<h2>M\u0103suri de \u00eentre\u021binere preventiv\u0103<\/h2>\n<ul>\n<li><strong>Inspec\u021bii regulate:<\/strong> Efectua\u021bi verific\u0103ri de rutin\u0103 ale cilindrului hidraulic pentru a depista scurgeri, uzur\u0103 \u0219i deterior\u0103ri pentru a asigura o performan\u021b\u0103 optim\u0103.<\/li>\n<li><strong>Lubrifiere adecvat\u0103:<\/strong> Men\u021bine\u021bi niveluri adecvate de lubrifiere pentru a reduce frecarea \u0219i uzura pieselor mobile.<\/li>\n<li><strong>\u00cenlocuirea garniturii:<\/strong> \u00cenlocui\u021bi periodic garniturile pentru a preveni scurgerile \u0219i a men\u021bine presiunea hidraulic\u0103.<\/li>\n<\/ul>\n<h2>Instruc\u021biuni de instalare<\/h2>\n<p>Instalarea unui cilindru al bra\u021bului necesit\u0103 o aten\u021bie deosebit\u0103 detaliilor. Asigura\u021bi-v\u0103 c\u0103 cilindrul este aliniat corect cu punctele de montare. Folosi\u021bi console de montare adecvate pentru a fixa cilindrul \u00een pozi\u021bie. Este esen\u021bial s\u0103 respecta\u021bi specifica\u021biile produc\u0103torului privind set\u0103rile de cuplu \u0219i aplica\u021biile de etan\u0219are \u00een timpul procesului de instalare. Dup\u0103 instalare, verifica\u021bi conexiunile hidraulice pentru scurgeri \u0219i asigura\u021bi-v\u0103 c\u0103 cilindrul func\u021bioneaz\u0103 f\u0103r\u0103 probleme \u00eenainte de a \u00eencepe lucrul.<\/p>\n<h2>Sarcini comune de \u00eentre\u021binere<\/h2>\n<ul>\n<li><strong>Inspec\u021bii regulate:<\/strong> Efectuarea inspec\u021biilor de rutin\u0103 ajut\u0103 la identificarea din timp a poten\u021bialelor probleme \u0219i previne repara\u021biile costisitoare ulterioare. Verifica\u021bi dac\u0103 exist\u0103 daune vizibile \u0219i asigura\u021bi-v\u0103 c\u0103 toate componentele func\u021bioneaz\u0103 corect.<\/li>\n<li><strong>Lubrifiere adecvat\u0103:<\/strong> Unge\u021bi cilindrul \u0219i piesele sale mobile conform recomand\u0103rilor produc\u0103torului pentru a-i prelungi durata de via\u021b\u0103 \u0219i a men\u021bine performan\u021ba.<\/li>\n<li><strong>\u00cenlocuirea garniturii:<\/strong> \u00cenlocui\u021bi periodic garniturile \u0219i garniturile pentru a preveni scurgerile de fluid hidraulic, care pot duce la defectarea sistemului \u0219i la sc\u0103derea eficien\u021bei.<\/li>\n<\/ul>\n<p><img decoding=\"async\" src=\"https:\/\/www.hydraulic-cylinders.net\/wp-content\/uploads\/2025\/04\/songte-chushion-collar.webp\" alt=\"Imagine cu guler de pern\u0103\"><\/p>\n<h2>Considera\u021bii de siguran\u021b\u0103 \u0219i factori de mediu<\/h2>\n<p>Atunci c\u00e2nd se lucreaz\u0103 cu sisteme hidraulice, m\u0103surile de siguran\u021b\u0103 sunt primordiale. Operatorii trebuie s\u0103 poarte echipament individual de protec\u021bie (EIP) adecvat \u0219i s\u0103 respecte protocoalele de siguran\u021b\u0103 pentru a minimiza riscurile asociate cu scurgerile de fluid hidraulic \u0219i defec\u021biunile echipamentelor. \u00cen plus, trebuie luate \u00een considerare considera\u021biile de mediu, cum ar fi eliminarea corect\u0103 a fluidelor hidraulice, pentru a reduce impactul asupra mediului.<\/p>\n<h2>Depanarea problemelor comune<\/h2>\n<ul>\n<li><strong>Scurgere:<\/strong> Verifica\u021bi garniturile \u0219i fitingurile pentru uzur\u0103 sau deteriorare dac\u0103 observa\u021bi scurgeri de fluid hidraulic.<\/li>\n<li><strong>Mi\u0219care inconsistent\u0103:<\/strong> Verifica\u021bi nivelul fluidului hidraulic \u0219i verifica\u021bi dac\u0103 exist\u0103 blocaje \u00een conductele hidraulice dac\u0103 cilindrul nu func\u021bioneaz\u0103 corect.<\/li>\n<li><strong>Supra\u00eenc\u0103lzire:<\/strong> Asigura\u021bi-v\u0103 c\u0103 sistemul hidraulic nu este suprapresurizat \u0219i verifica\u021bi dac\u0103 nivelurile de lichid sunt adecvate pentru a preveni supra\u00eenc\u0103lzirea.<\/li>\n<\/ul>\n<h2>Sfaturi pentru depanare<\/h2>\n<p>Pentru a diagnostica \u0219i remedia eficient problemele legate de cilindrul bra\u021bului, asigura\u021bi-v\u0103 c\u0103 verifica\u021bi periodic nivelurile de lichid \u0219i c\u0103uta\u021bi semne de uzur\u0103. Rezolvarea din timp a problemelor minore poate preveni defec\u021biuni majore. Operatorii ar trebui s\u0103 urmeze m\u0103suri preventive, cum ar fi men\u021binerea cur\u0103\u021beniei \u00een sistemul hidraulic \u0219i asigurarea c\u0103 toate componentele sunt \u00een stare bun\u0103.<\/p>\n<p><img decoding=\"async\" src=\"https:\/\/www.hydraulic-cylinders.net\/wp-content\/uploads\/2025\/04\/songte-bushings-with-all-kinds-of-excavator-models.webp\" alt=\"Imagine buc\u0219e\"><\/p>\n<h2>Prezentare general\u0103 a companiei<\/h2>\n<p>Suntem un produc\u0103tor \u0219i distribuitor angro de top de cilindri hidraulici, specializa\u021bi \u00een furnizarea de solu\u021bii de \u00eenlocuire de \u00eenalt\u0103 calitate. Gama noastr\u0103 extins\u0103 de produse ne pozi\u021bioneaz\u0103 ca un juc\u0103tor cheie at\u00e2t pe pie\u021bele interne, c\u00e2t \u0219i pe cele interna\u021bionale. Punem accent pe excelen\u021ba \u00een calitate, sus\u021binut\u0103 de strategii sofisticate de management al produc\u021biei. Concentr\u00e2ndu-ne pe talentul tehnologic, echipamentele de produc\u021bie avansate \u0219i sistemele profesionale de testare, ne \u00eembun\u0103t\u0103\u021bim continuu capacit\u0103\u021bile de produc\u021bie. Angajamentul nostru fa\u021b\u0103 de eficien\u021b\u0103 ridicat\u0103, precizie \u0219i calitate ne permite s\u0103 satisfacem nevoile diverse ale clien\u021bilor.<\/p>\n<h3>Profesionalism \u0219i certificare<\/h3>\n<p>Produsele noastre sunt certificate interna\u021bional, asigur\u00e2nd respectarea standardelor globale de calitate. Oferim servicii personalizate pentru a satisface cerin\u021bele specifice ale clien\u021bilor, consolid\u00e2ndu-ne reputa\u021bia de furnizor de \u00eencredere.<\/p>\n<h3>Echipamente de produc\u021bie<\/h3>\n<p>Folosim echipamente de fabrica\u021bie de ultim\u0103 genera\u021bie care ne permit s\u0103 producem eficient cilindri hidraulici de \u00eenalt\u0103 calitate. Tehnologia noastr\u0103 avansat\u0103 asigur\u0103 men\u021binerea preciziei \u00een toate aspectele produc\u021biei.<\/p>\n<h3>Serviciu post-v\u00e2nzare<\/h3>\n<p>Angajamentul nostru fa\u021b\u0103 de satisfac\u021bia clien\u021bilor se extinde dincolo de v\u00e2nzare. Oferim servicii complete post-v\u00e2nzare, inclusiv asisten\u021b\u0103 pentru instalare \u0219i \u00eendrumare pentru \u00eentre\u021binere, pentru a asigura longevitatea \u0219i performan\u021ba produselor noastre.<\/p>\n<p><img decoding=\"async\" src=\"https:\/\/www.hydraulic-cylinders.net\/wp-content\/uploads\/2025\/04\/songte-company-4.webp\" alt=\"Imaginea companiei 1\"><br \/>\n<img decoding=\"async\" src=\"https:\/\/www.hydraulic-cylinders.net\/wp-content\/uploads\/2025\/04\/songte-company-3.webp\" alt=\"Imaginea companiei 2\"><\/p>\n<p>Autor: lyl<\/p>","protected":false},"excerpt":{"rendered":"<p>Boom Cylinder For Doosan Small Excavator DH55-5 Product Overview The Boom Cylinder for Doosan Small Excavator DH55-5 is a crucial hydraulic component designed specifically for various heavy machinery, including excavators, backhoe loaders, and front loaders. This hydraulic cylinder is responsible for controlling the movement of the bucket, allowing it to lift, lower, and tilt efficiently. [&hellip;]<\/p>","protected":false},"featured_media":17871,"comment_status":"open","ping_status":"closed","template":"","meta":{"_et_pb_use_builder":"","_et_pb_old_content":"","_et_gb_content_width":""},"product_brand":[],"product_cat":[1546],"product_tag":[1547,1496],"class_list":{"0":"post-18989","1":"product","2":"type-product","3":"status-publish","4":"has-post-thumbnail","6":"product_cat-boom-cylinders","7":"product_tag-boom-cylinders","8":"product_tag-hydraulic-cylinders","10":"first","11":"instock","12":"shipping-taxable","13":"product-type-simple"},"amp_enabled":true,"_links":{"self":[{"href":"https:\/\/www.hydraulic-cylinders.net\/ro\/wp-json\/wp\/v2\/product\/18989","targetHints":{"allow":["GET"]}}],"collection":[{"href":"https:\/\/www.hydraulic-cylinders.net\/ro\/wp-json\/wp\/v2\/product"}],"about":[{"href":"https:\/\/www.hydraulic-cylinders.net\/ro\/wp-json\/wp\/v2\/types\/product"}],"replies":[{"embeddable":true,"href":"https:\/\/www.hydraulic-cylinders.net\/ro\/wp-json\/wp\/v2\/comments?post=18989"}],"wp:featuredmedia":[{"embeddable":true,"href":"https:\/\/www.hydraulic-cylinders.net\/ro\/wp-json\/wp\/v2\/media\/17871"}],"wp:attachment":[{"href":"https:\/\/www.hydraulic-cylinders.net\/ro\/wp-json\/wp\/v2\/media?parent=18989"}],"wp:term":[{"taxonomy":"product_brand","embeddable":true,"href":"https:\/\/www.hydraulic-cylinders.net\/ro\/wp-json\/wp\/v2\/product_brand?post=18989"},{"taxonomy":"product_cat","embeddable":true,"href":"https:\/\/www.hydraulic-cylinders.net\/ro\/wp-json\/wp\/v2\/product_cat?post=18989"},{"taxonomy":"product_tag","embeddable":true,"href":"https:\/\/www.hydraulic-cylinders.net\/ro\/wp-json\/wp\/v2\/product_tag?post=18989"}],"curies":[{"name":"wp","href":"https:\/\/api.w.org\/{rel}","templated":true}]}}