{"id":18990,"date":"2025-04-07T06:05:58","date_gmt":"2025-04-07T06:05:58","guid":{"rendered":"https:\/\/www.hydraulic-cylinders.net\/product\/boom-cylinder-for-doosan-small-excavator-dh80g\/"},"modified":"2025-04-07T06:06:00","modified_gmt":"2025-04-07T06:06:00","slug":"boom-cylinder-for-doosan-small-excavator-dh80g","status":"publish","type":"product","link":"https:\/\/www.hydraulic-cylinders.net\/ro\/produs\/boom-cylinder-for-doosan-small-excavator-dh80g\/","title":{"rendered":"Cilindru bra\u021b pentru excavatorul mic Doosan DH80G"},"content":{"rendered":"<h1>Cilindru bra\u021b pentru excavatorul mic Doosan DH80G<\/h1>\n<h2>Prezentare general\u0103 a produsului<\/h2>\n<p>Cilindrul bra\u021bului pentru excavatorul mic Doosan DH80G este o component\u0103 vital\u0103 conceput\u0103 pentru a \u00eembun\u0103t\u0103\u021bi eficien\u021ba opera\u021bional\u0103 a excavatoarelor. Fiind un tip de cilindru hidraulic, este special conceput pentru a controla mi\u0219carea cupei \u00een diverse utilaje grele, cum ar fi excavatoarele, \u00eenc\u0103rc\u0103toarele cu buldoexcavatoare \u0219i \u00eenc\u0103rc\u0103toare frontale. Acest cilindru permite ridicarea, cobor\u00e2rea \u0219i \u00eenclinarea cupei, facilit\u00e2nd sarcinile de manipulare a materialelor cu precizie \u0219i u\u0219urin\u021b\u0103.<\/p>\n<p>\u00cen sistemele hidraulice, cilindrul cupei joac\u0103 un rol crucial prin transformarea energiei hidraulice \u00een energie mecanic\u0103, permi\u021b\u00e2nd mi\u0219c\u0103ri line \u0219i controlate. Acest lucru asigur\u0103 efectuarea eficient\u0103 a sarcinilor precum s\u0103parea, \u00eenc\u0103rcarea \u0219i transportul materialelor. Proiectarea cilindrului bra\u021bului ia \u00een considerare condi\u021biile dure de lucru din \u0219antierele de construc\u021bii, asigur\u00e2nd durabilitate \u0219i fiabilitate \u00een performan\u021b\u0103.<\/p>\n<p><img decoding=\"async\" src=\"https:\/\/www.hydraulic-cylinders.net\/wp-content\/uploads\/2025\/04\/songte-company-1.webp\" alt=\"Cilindru de bra\u021b pentru excavator\"><\/p>\n<h2>Caracteristicile cilindrului bra\u021bului<\/h2>\n<ul>\n<li><strong>Rezisten\u021b\u0103 \u0219i durabilitate ridicate:<\/strong> Construit din o\u021bel sau aluminiu de \u00eenalt\u0103 rezisten\u021b\u0103, cilindrul bra\u021bului poate rezista la presiuni ridicate \u0219i sarcini grele, fiind potrivit pentru medii de lucru dure. Designul s\u0103u ia \u00een considerare \u0219i rezisten\u021ba la uzur\u0103 \u0219i la coroziune, prelungindu-i durata de via\u021b\u0103.<\/li>\n<li><strong>Func\u021bionare hidraulic\u0103 eficient\u0103:<\/strong> Utiliz\u00e2nd presiunea uleiului hidraulic, cilindrul asigur\u0103 o extensie \u0219i o retragere lin\u0103, permi\u021b\u00e2nd un r\u0103spuns rapid la comenzile opera\u021bionale \u0219i furniz\u00e2nd for\u021be puternice de \u00eempingere \u0219i tragere pentru manipularea materialelor grele.<\/li>\n<li><strong>Diverse tipuri disponibile:<\/strong> Cilindrul bra\u021bului poate fi personalizat pentru a se potrivi diverselor nevoi opera\u021bionale, oferind op\u021biuni pentru cilindri cu ac\u021biune simpl\u0103 (utilizare hidraulic\u0103 \u00eentr-o singur\u0103 direc\u021bie) sau cu ac\u021biune dubl\u0103 (utilizare hidraulic\u0103 \u00een ambele direc\u021bii). Unele modele sunt dotate cu design telescopic, permi\u021b\u00e2nd o extensie mai mare f\u0103r\u0103 a cre\u0219te dimensiunile exterioare, ideal pentru aplica\u021bii cu spa\u021biu limitat.<\/li>\n<li><strong>Compatibilitate:<\/strong> Produsele noastre sunt proiectate meticulos pentru a \u00eenlocui perfect cilindrii hidraulici existen\u021bi, asigur\u00e2nd o integrare perfect\u0103 cu utilajele dumneavoastr\u0103.<\/li>\n<\/ul>\n<p><img decoding=\"async\" src=\"https:\/\/www.hydraulic-cylinders.net\/wp-content\/uploads\/2025\/04\/songte-cylinder-head-with-all-kinds-excavator-models.webp\" alt=\"Compatibilitatea cilindrilor excavatorului\"><\/p>\n<h2>Aplica\u021bii ale cilindrului bra\u021bului<\/h2>\n<h3>Echipamente de construc\u021bii<\/h3>\n<p>\u00cen domeniul echipamentelor de construc\u021bii, cilindrul bra\u021bului se g\u0103se\u0219te \u00een principal la excavatoare, juc\u00e2nd un rol esen\u021bial \u00een s\u0103pare, \u00eenc\u0103rcare \u0219i relocarea p\u0103m\u00e2ntului sau a resturilor. Eficacitatea sa permite operatorilor s\u0103 \u00eendeplineasc\u0103 sarcinile eficient, reduc\u00e2nd timpul \u0219i efortul. Pentru \u00eenc\u0103rc\u0103toarele cu excavator, cilindrul cupei ajut\u0103 nu numai la excavare, ci \u0219i la opera\u021biunile de ridicare, permi\u021b\u00e2nd un flux de lucru versatil \u00een diverse \u0219antiere.<\/p>\n<h3>Ma\u0219ini agricole<\/h3>\n<p>\u00cen utilajele agricole, cilindrul bra\u021bului este parte integrant\u0103 a \u00eenc\u0103rc\u0103toarelor frontale, asist\u00e2nd la scobere, ridicare \u0219i transportul solului, f\u00e2nului \u0219i altor materiale. Capacit\u0103\u021bile sale hidraulice sporesc productivitatea \u00een opera\u021biunile agricole, permi\u021b\u00e2nd o gestionare mai u\u0219oar\u0103 a sarcinilor agricole, contribuind astfel la eficien\u021ba opera\u021bional\u0103 general\u0103.<\/p>\n<h3>Excavatoare<\/h3>\n<p>\u00cen cazul excavatoarelor, designul cilindrului cupei permite cupei s\u0103 p\u0103trund\u0103 eficient \u00een sol, facilit\u00e2nd ac\u021biuni eficiente de s\u0103pare. Construc\u021bia sa robust\u0103 asigur\u0103 c\u0103 poate face fa\u021b\u0103 cerin\u021belor terenurilor dificile, f\u0103c\u00e2nd-o indispensabil\u0103 \u00een proiectele de construc\u021bii \u0219i excava\u021bii.<\/p>\n<h3>\u00cenc\u0103rc\u0103toare<\/h3>\n<p>\u00cen cazul \u00eenc\u0103rc\u0103toarelor frontale, cilindrii bra\u021bului contribuie semnificativ la ridicarea \u0219i desc\u0103rcarea materialelor. Func\u021bionalit\u0103\u021bile lor hidraulice permit operatorilor s\u0103 manevreze sarcinile cu precizie, optimiz\u00e2nd procesele de manipulare a materialelor \u00een diverse aplica\u021bii, de la construc\u021bii la amenajarea peisagistic\u0103.<\/p>\n<h2>Considera\u021bii de proiectare \u0219i criterii de selec\u021bie<\/h2>\n<h3>Capacitate de \u00eenc\u0103rcare<\/h3>\n<p>Capacitatea de \u00eenc\u0103rcare a cilindrului bra\u021bului este o considera\u021bie critic\u0103 \u00een proiectarea sa. Acesta trebuie s\u0103 poat\u0103 sus\u021bine greutatea materialelor manipulate, rezist\u00e2nd \u00een acela\u0219i timp for\u021belor exercitate \u00een timpul func\u021bion\u0103rii. Acest lucru necesit\u0103 o inginerie meticuloas\u0103 pentru a asigura c\u0103 cilindrul poate func\u021biona \u00een siguran\u021b\u0103 \u0219i eficient \u00een condi\u021bii de \u00eenc\u0103rcare variabile.<\/p>\n<h3>Sigilare<\/h3>\n<p>Etan\u0219area eficient\u0103 este vital\u0103 pentru men\u021binerea presiunii hidraulice \u00een interiorul cilindrului. Etan\u0219\u0103rile de \u00eenalt\u0103 calitate previn scurgerile \u0219i asigur\u0103 performan\u021be optime. Diverse materiale de etan\u0219are, cum ar fi poliuretanul \u0219i cauciucul nitrilic, sunt utilizate \u00een mod obi\u0219nuit, iar alegerea lor este esen\u021bial\u0103 pentru durabilitate \u0219i performan\u021b\u0103 \u00een diferite condi\u021bii de func\u021bionare.<\/p>\n<h3>Durabilitate<\/h3>\n<p>Durabilitatea este un factor cheie \u00een proiectarea cilindrului bra\u021bului. Acesta trebuie s\u0103 reziste uzurii rezultate \u00een urma utiliz\u0103rii continue \u00een medii dificile. Aceasta include rezisten\u021ba la abraziune, coroziune \u0219i oboseal\u0103, toate acestea fiind luate \u00een considerare \u00een timpul procesului de fabrica\u021bie pentru a prelungi durata de via\u021b\u0103 a cilindrului.<\/p>\n<h3>Siguran\u0163\u0103<\/h3>\n<p>Caracteristicile de siguran\u021b\u0103 sunt primordiale la proiectarea cilindrilor hidraulici. Implementarea unor mecanisme de siguran\u021b\u0103, cum ar fi supapele de suprapresiune, ajut\u0103 la prevenirea accidentelor \u0219i a defec\u021biunilor echipamentelor. Asigurarea faptului c\u0103 construc\u021bia cilindrului respect\u0103 standardele de siguran\u021b\u0103 din industrie este esen\u021bial\u0103 at\u00e2t pentru siguran\u021ba operatorului, c\u00e2t \u0219i pentru longevitatea echipamentelor.<\/p>\n<h3>\u00centre\u0163inere<\/h3>\n<p>U\u0219urin\u021ba \u00eentre\u021binerii este o alt\u0103 considera\u021bie crucial\u0103 \u00een ceea ce prive\u0219te designul. Un cilindru al bra\u021bului bine proiectat ar trebui s\u0103 permit\u0103 o inspec\u021bie \u0219i o \u00eentre\u021binere simple. Aceasta include accesul la componentele critice pentru sarcinile de \u00eentre\u021binere de rutin\u0103, asigur\u00e2ndu-se c\u0103 operatorii pot men\u021bine utilajele \u00een stare optim\u0103 f\u0103r\u0103 timpi de nefunc\u021bionare excesivi.<\/p>\n<p><img decoding=\"async\" src=\"https:\/\/www.hydraulic-cylinders.net\/wp-content\/uploads\/2025\/04\/songte-oil-pipes-and-spare-parts.webp\" alt=\"Piese cilindru hidraulic\"><\/p>\n<h2>Etan\u0219are \u0219i lubrifiere<\/h2>\n<p>Eficacitatea cilindrului bra\u021bului depinde \u00een mare m\u0103sur\u0103 de sistemele sale de etan\u0219are \u0219i lubrifiere. Diverse etan\u0219\u0103ri, cum ar fi etan\u0219\u0103rile pistonului \u0219i etan\u0219\u0103rile tijei, sunt utilizate pentru a men\u021bine integritatea hidraulic\u0103. Materiale precum poliuretanul \u0219i cauciucul nitrilic sunt alese pentru rezisten\u021ba \u0219i durabilitatea lor la uzur\u0103. \u00cen plus, corpul cilindrului \u0219i suprafe\u021bele filetate ale cap\u0103tului sunt supuse unor prelucr\u0103ri de precizie pentru a spori rezisten\u021ba la uzur\u0103 \u0219i a men\u021bine eficien\u021ba opera\u021bional\u0103.<\/p>\n<p>Lubrifierea regulat\u0103 este esen\u021bial\u0103 pentru longevitatea cilindrului bra\u021bului. Operatorii trebuie s\u0103 asigure niveluri adecvate de ulei hidraulic pentru a facilita o func\u021bionare lin\u0103 \u0219i a minimiza frecarea dintre piesele mobile. Verific\u0103rile de \u00eentre\u021binere programate ar trebui s\u0103 includ\u0103 verificarea nivelurilor \u0219i st\u0103rii uleiului pentru a preveni deteriorarea \u0219i a asigura performan\u021be optime.<\/p>\n<h2>M\u0103suri de \u00eentre\u021binere preventiv\u0103<\/h2>\n<ul>\n<li><strong>Inspec\u021bii regulate:<\/strong> Efectua\u021bi inspec\u021bii periodice pentru a identifica poten\u021bialele probleme \u00eenainte ca acestea s\u0103 escaladeze. Acestea includ verificarea scurgerilor, asigurarea integrit\u0103\u021bii etan\u0219\u0103rilor \u0219i evaluarea st\u0103rii generale a cilindrului.<\/li>\n<li><strong>Lubrifiere adecvat\u0103:<\/strong> Men\u021bine\u021bi nivelurile adecvate de lubrifiere \u0219i utiliza\u021bi ulei hidraulic adecvat pentru a asigura o func\u021bionare f\u0103r\u0103 probleme. Verifica\u021bi periodic calitatea uleiului \u0219i \u00eenlocui\u021bi-l dup\u0103 cum este necesar.<\/li>\n<li><strong>\u00cenlocuirea garniturii:<\/strong> Monitoriza\u021bi starea garniturilor de etan\u0219are \u0219i \u00eenlocui\u021bi-le atunci c\u00e2nd se observ\u0103 uzur\u0103 pentru a preveni scurgerile \u0219i a men\u021bine eficien\u021ba hidraulic\u0103.<\/li>\n<\/ul>\n<h2>Instruc\u021biuni de instalare<\/h2>\n<p>Instalarea corect\u0103 a cilindrului bra\u021bului este crucial\u0103 pentru performan\u021ba \u0219i longevitatea acestuia. Urma\u021bi aceste instruc\u021biuni pentru o instalare reu\u0219it\u0103:<\/p>\n<ul>\n<li><strong>Aliniere:<\/strong> Asigura\u021bi-v\u0103 c\u0103 cilindrul este aliniat corect cu punctele de montare pentru a evita solicit\u0103ri excesive \u00een timpul func\u021bion\u0103rii. Nealinierea poate duce la uzur\u0103 accelerat\u0103 \u0219i la o posibil\u0103 defec\u021biune.<\/li>\n<li><strong>Folosi\u021bi suporturi de montare adecvate:<\/strong> Folosi\u021bi console de montare adecvate pentru a fixa cilindrul \u00een pozi\u021bie. Acest lucru va oferi stabilitate \u0219i va preveni mi\u0219carea care ar putea deteriora cilindrul sau echipamentul.<\/li>\n<li><strong>Conexiuni hidraulice:<\/strong> Asigura\u021bi-v\u0103 c\u0103 toate conexiunile hidraulice sunt str\u00e2nse \u0219i f\u0103r\u0103 scurgeri. Verifica\u021bi furtunurile \u0219i fitingurile pentru a depista semne de uzur\u0103 \u00eenainte de a le conecta la cilindru.<\/li>\n<li><strong>Testare:<\/strong> Dup\u0103 instalare, efectua\u021bi un test am\u0103nun\u021bit pentru a verifica dac\u0103 cilindrul func\u021bioneaz\u0103 f\u0103r\u0103 probleme \u0219i f\u0103r\u0103 scurgeri. Monitoriza\u021bi performan\u021ba \u00een timpul opera\u021biunilor ini\u021biale pentru a depista din timp orice problem\u0103.<\/li>\n<\/ul>\n<h2>Sarcini comune de \u00eentre\u021binere<\/h2>\n<h3>Inspec\u021bii regulate<\/h3>\n<p>Inspec\u021biile regulate sunt vitale pentru identificarea poten\u021bialelor probleme ale cilindrului bra\u021bului. Inspectarea etan\u0219\u0103rilor, verificarea scurgerilor \u0219i evaluarea st\u0103rii generale a conexiunilor hidraulice pot preveni defec\u021biuni majore. Operatorii ar trebui s\u0103 creeze o list\u0103 de verificare pentru inspec\u021biile de rutin\u0103 pentru a se asigura c\u0103 toate componentele critice sunt examinate temeinic.<\/p>\n<h3>Lubrifiere adecvat\u0103<\/h3>\n<p>Aplicarea lubrifierii corecte este esen\u021bial\u0103 pentru men\u021binerea func\u021bionalit\u0103\u021bii cilindrului bra\u021bului. Operatorii ar trebui s\u0103 stabileasc\u0103 un program de lubrifiere, asigur\u00e2ndu-se c\u0103 nivelurile de ulei hidraulic sunt verificate \u0219i completate periodic. Lubrifierea adecvat\u0103 minimizeaz\u0103 frecarea \u0219i uzura, sporind performan\u021ba \u0219i durata de via\u021b\u0103 a cilindrului.<\/p>\n<h3>\u00cenlocuirea garniturii \u0219i verific\u0103ri ale calibr\u0103rii<\/h3>\n<p>\u00cenlocuirea la timp a garniturilor este crucial\u0103 pentru men\u021binerea integrit\u0103\u021bii hidraulice. Operatorii trebuie s\u0103 fie aten\u021bi la starea garniturilor \u0219i s\u0103 le \u00eenlocuiasc\u0103 la primul semn de uzur\u0103. \u00cen plus, efectuarea verific\u0103rilor de calibrare a presiunii hidraulice poate asigura c\u0103 cilindrul func\u021bioneaz\u0103 \u00een limitele specifica\u021biilor proiectate, prevenind problemele opera\u021bionale.<\/p>\n<p><img decoding=\"async\" src=\"https:\/\/www.hydraulic-cylinders.net\/wp-content\/uploads\/2025\/04\/songte-chushion-collar.webp\" alt=\"Guler de pern\u0103 pentru cilindru hidraulic\"><\/p>\n<h2>Considera\u021bii de siguran\u021b\u0103 \u0219i factori de mediu<\/h2>\n<p>Atunci c\u00e2nd se lucreaz\u0103 cu sisteme hidraulice, m\u0103surile de siguran\u021b\u0103 sunt primordiale. Operatorii trebuie s\u0103 fie con\u0219tien\u021bi de pericolele poten\u021biale asociate cu scurgerile de fluid hidraulic, sistemele de \u00eenalt\u0103 presiune \u0219i componentele \u00een mi\u0219care. Implementarea protocoalelor de siguran\u021b\u0103, cum ar fi purtarea echipamentului individual de protec\u021bie (EIP) adecvat \u0219i respectarea instruc\u021biunilor opera\u021bionale, poate atenua riscurile. Considera\u021biile de mediu, inclusiv eliminarea corect\u0103 a fluidelor hidraulice \u0219i minimizarea scurgerilor, sunt, de asemenea, cruciale pentru opera\u021biuni sustenabile.<\/p>\n<h2>Depanare \u0219i probleme frecvente<\/h2>\n<h3>Probleme comune<\/h3>\n<ul>\n<li><strong>Scurgeri hidraulice:<\/strong> Pot ap\u0103rea scurgeri din cauza garniturilor sau fitingurilor deteriorate. Verifica\u021bi periodic pentru a depista semne de acumulare de lichid \u0219i \u00eenlocui\u021bi prompt garniturile afectate.<\/li>\n<li><strong>Putere insuficient\u0103:<\/strong> Dac\u0103 cilindrul \u00eent\u00e2mpin\u0103 dificult\u0103\u021bi \u00een func\u021bionarea sub sarcin\u0103, verifica\u021bi nivelurile fluidului hidraulic \u0219i evalua\u021bi dac\u0103 exist\u0103 blocaje \u00een conductele hidraulice.<\/li>\n<li><strong>Zgomote neobi\u0219nuite:<\/strong> Sunetele ciudate din timpul func\u021bion\u0103rii pot indica probleme mecanice sau lubrifiere inadecvat\u0103. Verifica\u021bi imediat pentru a preveni deteriorarea ulterioar\u0103.<\/li>\n<\/ul>\n<h3>Sfaturi de depanare<\/h3>\n<p>Pentru a depana eficient problemele legate de cilindrul bra\u021bului, operatorii ar trebui s\u0103 adopte o abordare sistematic\u0103:<\/p>\n<ul>\n<li>\u00cencepe\u021bi prin a evalua nivelurile fluidului hidraulic \u0219i a verifica dac\u0103 exist\u0103 scurgeri \u00een jurul garniturilor \u0219i conexiunilor.<\/li>\n<li>Verifica\u021bi dac\u0103 exist\u0103 semne vizibile de uzur\u0103 sau deteriorare a cilindrului \u0219i a componentelor acestuia.<\/li>\n<li>Testa\u021bi presiunea sistemului hidraulic pentru a v\u0103 asigura c\u0103 se \u00eencadreaz\u0103 \u00een limitele acceptabile.<\/li>\n<li>Consulta\u021bi specifica\u021biile produc\u0103torului pentru \u00eendrum\u0103ri privind repara\u021biile sau \u00eenlocuirile, dup\u0103 cum este necesar.<\/li>\n<\/ul>\n<p><img decoding=\"async\" src=\"https:\/\/www.hydraulic-cylinders.net\/wp-content\/uploads\/2025\/04\/songte-bushings-with-all-kinds-of-excavator-models.webp\" alt=\"Buc\u0219e pentru excavator\"><\/p>\n<h2>Prezentare general\u0103 a companiei<\/h2>\n<p>Suntem un produc\u0103tor \u0219i distribuitor angro de top de cilindri hidraulici, specializa\u021bi \u00een furnizarea de solu\u021bii de \u00eenlocuire de \u00eenalt\u0103 calitate. Gama noastr\u0103 extins\u0103 de produse ne pozi\u021bioneaz\u0103 ca lider at\u00e2t pe pie\u021bele interne, c\u00e2t \u0219i pe cele interna\u021bionale. Cu un angajament fa\u021b\u0103 de excelen\u021b\u0103, folosim o strategie rafinat\u0103 de management al produc\u021biei care pune accent pe fabrica\u021bia de precizie.<\/p>\n<p>Compania noastr\u0103 se m\u00e2ndre\u0219te cu angajarea de personal tehnic calificat \u0219i utilizarea de echipamente digitale avansate de produc\u021bie, combinate cu un sistem robust de testare pentru a asigura calitatea produselor. Prin \u00eembun\u0103t\u0103\u021birea continu\u0103 a platformei noastre de produc\u021bie, satisfacem diversele cerin\u021be ale clien\u021bilor cu eficien\u021b\u0103, precizie \u0219i calitate ridicate.<\/p>\n<p>Ofertele noastre includ servicii personalizate, certific\u0103ri interna\u021bionale \u0219i asisten\u021b\u0103 post-v\u00e2nzare excep\u021bional\u0103, asigur\u00e2ndu-ne c\u0103 clien\u021bii no\u0219tri primesc cele mai bune solu\u021bii posibile pentru nevoile lor hidraulice.<\/p>\n<p><img decoding=\"async\" src=\"https:\/\/www.hydraulic-cylinders.net\/wp-content\/uploads\/2025\/04\/songte-company-4.webp\" alt=\"Imaginea companiei 1\"><br \/>\n<img decoding=\"async\" src=\"https:\/\/www.hydraulic-cylinders.net\/wp-content\/uploads\/2025\/04\/songte-company-3.webp\" alt=\"Imaginea companiei 2\"><\/p>\n<p>Autor: lyl<\/p>","protected":false},"excerpt":{"rendered":"<p>Boom Cylinder For Doosan Small Excavator DH80G Product Overview The Boom Cylinder for Doosan Small Excavator DH80G is a vital component designed to enhance the operational efficiency of excavators. As a type of hydraulic cylinder, it is specifically engineered to control the movement of the bucket in various heavy machinery, such as excavators, backhoe loaders, [&hellip;]<\/p>","protected":false},"featured_media":17872,"comment_status":"open","ping_status":"closed","template":"","meta":{"_et_pb_use_builder":"","_et_pb_old_content":"","_et_gb_content_width":""},"product_brand":[],"product_cat":[1546],"product_tag":[1547,1496],"class_list":{"0":"post-18990","1":"product","2":"type-product","3":"status-publish","4":"has-post-thumbnail","6":"product_cat-boom-cylinders","7":"product_tag-boom-cylinders","8":"product_tag-hydraulic-cylinders","10":"first","11":"instock","12":"shipping-taxable","13":"product-type-simple"},"amp_enabled":true,"_links":{"self":[{"href":"https:\/\/www.hydraulic-cylinders.net\/ro\/wp-json\/wp\/v2\/product\/18990","targetHints":{"allow":["GET"]}}],"collection":[{"href":"https:\/\/www.hydraulic-cylinders.net\/ro\/wp-json\/wp\/v2\/product"}],"about":[{"href":"https:\/\/www.hydraulic-cylinders.net\/ro\/wp-json\/wp\/v2\/types\/product"}],"replies":[{"embeddable":true,"href":"https:\/\/www.hydraulic-cylinders.net\/ro\/wp-json\/wp\/v2\/comments?post=18990"}],"wp:featuredmedia":[{"embeddable":true,"href":"https:\/\/www.hydraulic-cylinders.net\/ro\/wp-json\/wp\/v2\/media\/17872"}],"wp:attachment":[{"href":"https:\/\/www.hydraulic-cylinders.net\/ro\/wp-json\/wp\/v2\/media?parent=18990"}],"wp:term":[{"taxonomy":"product_brand","embeddable":true,"href":"https:\/\/www.hydraulic-cylinders.net\/ro\/wp-json\/wp\/v2\/product_brand?post=18990"},{"taxonomy":"product_cat","embeddable":true,"href":"https:\/\/www.hydraulic-cylinders.net\/ro\/wp-json\/wp\/v2\/product_cat?post=18990"},{"taxonomy":"product_tag","embeddable":true,"href":"https:\/\/www.hydraulic-cylinders.net\/ro\/wp-json\/wp\/v2\/product_tag?post=18990"}],"curies":[{"name":"wp","href":"https:\/\/api.w.org\/{rel}","templated":true}]}}