{"id":18994,"date":"2025-04-07T06:06:10","date_gmt":"2025-04-07T06:06:10","guid":{"rendered":"https:\/\/www.hydraulic-cylinders.net\/product\/boom-cylinder-for-doosan-middle-excavator-dh220-3-5-7\/"},"modified":"2025-04-07T06:06:14","modified_gmt":"2025-04-07T06:06:14","slug":"boom-cylinder-for-doosan-middle-excavator-dh220-3-5-7","status":"publish","type":"product","link":"https:\/\/www.hydraulic-cylinders.net\/ro\/produs\/boom-cylinder-for-doosan-middle-excavator-dh220-3-5-7\/","title":{"rendered":"Cilindru bra\u021b pentru excavatorul mijlociu Doosan DH220-3-5-7"},"content":{"rendered":"<h1>Cilindru bra\u021b pentru excavatorul mijlociu Doosan DH220-3-5-7<\/h1>\n<h2>Prezentare general\u0103 a produsului<\/h2>\n<p>Cel\/Cea\/Cei\/Cele <strong>Cilindru bra\u021b pentru excavatorul Doosan DH220-3-5-7<\/strong> este o component\u0103 esen\u021bial\u0103 \u00een sistemele hidraulice care joac\u0103 un rol crucial \u00een func\u021bionalitatea diverselor utilaje grele. Conceput special pentru excavatoare, \u00eenc\u0103rc\u0103toare frontale \u0219i \u00eenc\u0103rc\u0103toare, acest cilindru hidraulic faciliteaz\u0103 mi\u0219carea cupei, permi\u021b\u00e2ndu-i s\u0103 ridice, s\u0103 coboare \u0219i s\u0103 \u00eencline. Proced\u00e2nd astfel, simplific\u0103 sarcinile de manipulare a materialelor \u0219i \u00eembun\u0103t\u0103\u021be\u0219te eficien\u021ba opera\u021bional\u0103.<\/p>\n<p>Cilindrii hidraulici, inclusiv cilindrii cupei, sunt vitali pentru controlul mi\u0219c\u0103rilor mecanice ale echipamentelor grele. Ace\u0219tia transform\u0103 presiunea hidraulic\u0103 \u00een mi\u0219care liniar\u0103, permi\u021b\u00e2nd operatorilor s\u0103 gestioneze eficient sarcinile. Acest cilindru specific pentru bra\u021b este proiectat s\u0103 reziste la presiuni ridicate \u0219i sarcini grele, men\u021bin\u00e2nd \u00een acela\u0219i timp durabilitatea, fiind ideal pentru medii de lucru dificile.<\/p>\n<p><img decoding=\"async\" src=\"https:\/\/www.hydraulic-cylinders.net\/wp-content\/uploads\/2025\/04\/songte-company-1.webp\" alt=\"Cilindru de bra\u021b\" \/><\/p>\n<h2>Caracteristicile cilindrului bra\u021bului<\/h2>\n<ul>\n<li><strong>Rezisten\u021b\u0103 \u0219i durabilitate ridicate:<\/strong> Construit din o\u021bel sau aluminiu de \u00eenalt\u0103 rezisten\u021b\u0103, acest cilindru al bra\u021bului poate rezista la presiuni ridicate \u0219i sarcini grele, fiind potrivit pentru condi\u021bii de lucru dure. Este proiectat cu rezisten\u021b\u0103 la uzur\u0103 \u0219i protec\u021bie \u00eempotriva coroziunii pentru a-i prelungi durata de via\u021b\u0103.<\/li>\n<li><strong>Func\u021bionare hidraulic\u0103 eficient\u0103:<\/strong> Utiliz\u00e2nd presiunea uleiului hidraulic, acest cilindru asigur\u0103 o extensie \u0219i o retragere lin\u0103, oferind un r\u0103spuns rapid la comenzile de control \u0219i furniz\u00e2nd o for\u021b\u0103 puternic\u0103 de \u00eempingere \u0219i tragere, ideal\u0103 pentru manipularea obiectelor grele \u0219i a sarcinilor complexe.<\/li>\n<li><strong>Diverse variante:<\/strong> Disponibil \u00een variante cu ac\u021biune simpl\u0103 (func\u021bioneaz\u0103 \u00eentr-o singur\u0103 direc\u021bie) sau cu ac\u021biune dubl\u0103 (func\u021bioneaz\u0103 \u00een ambele direc\u021bii), acest cilindru \u00eendepline\u0219te diverse nevoi opera\u021bionale. Unele modele sunt telescopice, permi\u021b\u00e2nd o extensie mai mare f\u0103r\u0103 a cre\u0219te dimensiunile exterioare, fiind perfecte pentru aplica\u021bii cu spa\u021biu limitat.<\/li>\n<li><strong>Compatibilitate:<\/strong> Produsul nostru este conceput pentru a \u00eenlocui perfect cilindrii hidraulici existen\u021bi, asigur\u00e2nd o integrare perfect\u0103 \u00een utilajele dumneavoastr\u0103.<\/li>\n<li><strong>\u00centre\u021binere u\u0219oar\u0103:<\/strong> Designul ia \u00een considerare u\u0219urin\u021ba \u00eentre\u021binerii, permi\u021b\u00e2nd o inspec\u021bie \u0219i o service simple, ceea ce este crucial pentru fiabilitatea pe termen lung.<\/li>\n<\/ul>\n<p><img decoding=\"async\" src=\"https:\/\/www.hydraulic-cylinders.net\/wp-content\/uploads\/2025\/04\/songte-cylinder-head-with-all-kinds-excavator-models.webp\" alt=\"Chiulas\u0103\" \/><\/p>\n<h2>Scenarii de aplica\u021bii<\/h2>\n<h3>Echipamente de construc\u021bii<\/h3>\n<p>\u00cen excavatoare, cilindrii bra\u021bului sunt esen\u021biali pentru s\u0103parea, \u00eenc\u0103rcarea \u0219i transportul solului sau al resturilor. Ace\u0219tia faciliteaz\u0103 ac\u021biunea esen\u021bial\u0103 de s\u0103pare, permi\u021b\u00e2nd excavatorului s\u0103 p\u0103trund\u0103 eficient \u00een teren. \u00cen cazul \u00eenc\u0103rc\u0103toarelor basculante, cilindrul bra\u021bului contribuie nu numai la s\u0103pare, ci ajut\u0103 \u0219i la opera\u021biunile de ridicare, ceea ce \u00eel face o component\u0103 versatil\u0103 \u00een sarcinile de construc\u021bie.<\/p>\n<h3>Ma\u0219ini agricole<\/h3>\n<p>La \u00eenc\u0103rc\u0103toarele frontale, cilindrul bra\u021bului este crucial pentru \u00eenc\u0103rcarea, ridicarea \u0219i transportul materialelor precum solul \u0219i f\u00e2nul. Acesta permite fermierilor s\u0103 \u00ee\u0219i gestioneze eficient opera\u021biunile, \u00eembun\u0103t\u0103\u021bind productivitatea \u00een timpul diverselor sarcini agricole.<\/p>\n<h3>Sarcini de excavare<\/h3>\n<p>Cilindrul cupei este vital pentru excavatoare, permi\u021b\u00e2nd cupei s\u0103 p\u0103trund\u0103 \u0219i s\u0103 dezr\u0103d\u0103cineze solul. Aceast\u0103 func\u021bie este esen\u021bial\u0103 pentru lucr\u0103rile de funda\u021bie \u0219i modificarea peisajului, ceea ce o face un instrument indispensabil \u00een sarcinile de excavare.<\/p>\n<h3>Opera\u021biuni cu \u00eenc\u0103rc\u0103torul<\/h3>\n<p>\u00cen cazul \u00eenc\u0103rc\u0103toarelor frontale, cilindrii bra\u021bului ajut\u0103 la ridicarea \u0219i desc\u0103rcarea eficient\u0103 a \u00eenc\u0103rc\u0103turilor, optimiz\u00e2nd fluxul de lucru \u00een opera\u021biunile de \u00eenc\u0103rcare. Performan\u021ba lor fiabil\u0103 asigur\u0103 manipularea u\u0219oar\u0103 a materialelor grele, sporind productivitatea \u00een diverse aplica\u021bii industriale.<\/p>\n<h2>Considera\u021bii de proiectare<\/h2>\n<h3>Capacitate de \u00eenc\u0103rcare<\/h3>\n<p>La proiectarea cilindrilor hidraulici, capacitatea de \u00eenc\u0103rcare este o considera\u021bie primordial\u0103. Cilindrul bra\u021bului trebuie proiectat pentru a suporta greutatea maxim\u0103 pe care o va \u00eent\u00e2lni \u00een timpul func\u021bion\u0103rii. Aceasta implic\u0103 calcularea for\u021belor exercitate asupra cilindrului \u00een timpul diferitelor sarcini \u0219i asigurarea faptului c\u0103 materialele \u0219i designul pot rezista la aceste for\u021be f\u0103r\u0103 defec\u021biuni.<\/p>\n<h3>Eficien\u021ba de etan\u0219are<\/h3>\n<p>Etan\u0219area eficient\u0103 este esen\u021bial\u0103 \u00een sistemele hidraulice pentru a preveni scurgerile de fluid \u0219i a men\u021bine presiunea. Designul cilindrului bra\u021bului \u00eencorporeaz\u0103 etan\u0219\u0103ri de \u00eenalt\u0103 calitate, capabile s\u0103 fac\u0103 fa\u021b\u0103 varia\u021biilor extreme de presiune \u0219i temperatur\u0103, asigur\u00e2nd performan\u021be de lung\u0103 durat\u0103. Etan\u0219area adecvat\u0103 contribuie la eficien\u021ba sistemului hidraulic \u0219i minimizeaz\u0103 nevoile de \u00eentre\u021binere.<\/p>\n<h3>Durabilitate<\/h3>\n<p>Durabilitatea este esen\u021bial\u0103 pentru cilindrii hidraulici expu\u0219i la medii dure. Materialele selectate pentru construc\u021bia cilindrului bra\u021bului trebuie s\u0103 posede o rezisten\u021b\u0103 ridicat\u0103 la uzur\u0103 \u0219i coroziune. Acest lucru asigur\u0103 c\u0103 cilindrul \u00ee\u0219i va men\u021bine integritatea chiar \u0219i atunci c\u00e2nd este supus la materiale abrazive, condi\u021bii meteorologice extreme \u0219i solicit\u0103ri opera\u021bionale mari.<\/p>\n<h3>Caracteristici de siguran\u021b\u0103<\/h3>\n<p>Siguran\u021ba este un factor crucial \u00een proiectarea cilindrilor hidraulici. Caracteristici precum supapele de suprapresiune \u0219i construc\u021bia robust\u0103 pot preveni defec\u021biunile catastrofale \u0219i pot asigura siguran\u021ba operatorului. \u00cen plus, etichetarea clar\u0103 \u0219i instruc\u021biunile de utilizare sunt importante pentru o func\u021bionare \u0219i \u00eentre\u021binere corect\u0103.<\/p>\n<h3>Accesibilitate pentru \u00eentre\u021binere<\/h3>\n<p>Proiectarea cilindrului bra\u021bului av\u00e2nd \u00een vedere \u00eentre\u021binerea permite o inspec\u021bie \u0219i o service mai u\u0219oare. Componentele ar trebui s\u0103 fie accesibile pentru verific\u0103ri \u0219i repara\u021bii de rutin\u0103, ceea ce poate prelungi semnificativ durata de via\u021b\u0103 a echipamentului \u0219i poate reduce timpul de nefunc\u021bionare. Designul u\u0219or de \u00eentre\u021binut faciliteaz\u0103 interven\u021biile la timp, sporind eficien\u021ba opera\u021bional\u0103 general\u0103.<\/p>\n<p><img decoding=\"async\" src=\"https:\/\/www.hydraulic-cylinders.net\/wp-content\/uploads\/2025\/04\/songte-oil-pipes-and-spare-parts.webp\" alt=\"Conducte de petrol \u0219i piese de schimb\" \/><\/p>\n<h2>Etan\u0219are \u0219i lubrifiere<\/h2>\n<p>Etan\u0219area \u0219i lubrifierea corespunz\u0103toare sunt vitale pentru longevitatea \u0219i performan\u021ba cilindrilor hidraulici. Diverse etan\u0219\u0103ri, cum ar fi etan\u0219\u0103rile pistonului \u0219i etan\u0219\u0103rile tijei, sunt esen\u021biale pentru prevenirea scurgerilor de fluid \u0219i men\u021binerea presiunii interne. Etan\u0219\u0103rile fabricate din materiale durabile, cum ar fi poliuretanul \u0219i cauciucul nitrilic, sunt utilizate \u00een mod obi\u0219nuit datorit\u0103 rezisten\u021bei lor la uzur\u0103 \u0219i la factorii de mediu.<\/p>\n<p>Corpul cilindrului \u0219i suprafe\u021bele filetate ale cap\u0103tului sunt supuse unor procese meticuloase de finisare pentru a spori rezisten\u021ba la uzur\u0103. Lubrifierea regulat\u0103 cu uleiul hidraulic adecvat este esen\u021bial\u0103 pentru a minimiza frecarea dintre piesele mobile, asigur\u00e2nd o func\u021bionare lin\u0103.<\/p>\n<h2>M\u0103suri de \u00eentre\u021binere preventiv\u0103<\/h2>\n<ul>\n<li><strong>Inspec\u021bii regulate:<\/strong> Efectua\u021bi verific\u0103ri de rutin\u0103 pentru a identifica semne de uzur\u0103 sau deteriorare. C\u0103uta\u021bi scurgeri, zgomote neobi\u0219nuite sau probleme de performan\u021b\u0103, care pot indica necesitatea unor repara\u021bii.<\/li>\n<li><strong>Lubrifiere la timp:<\/strong> Asigura\u021bi-v\u0103 c\u0103 uleiul hidraulic este completat periodic \u0219i c\u0103 toate piesele mobile sunt lubrifiate corespunz\u0103tor pentru a preveni frecarea \u0219i supra\u00eenc\u0103lzirea.<\/li>\n<li><strong>\u00cenlocuirea garniturii:<\/strong> Monitoriza\u021bi starea garniturilor de etan\u0219are \u0219i \u00eenlocui\u021bi-le prompt dac\u0103 se detecteaz\u0103 semne de uzur\u0103 pentru a men\u021bine eficien\u021ba etan\u0219\u0103rii \u0219i a preveni scurgerile.<\/li>\n<\/ul>\n<h2>Instruc\u021biuni de instalare<\/h2>\n<p>La instalarea cilindrului bra\u021bului, este esen\u021bial s\u0103 urma\u021bi procedurile corecte pentru a asigura performan\u021be \u0219i siguran\u021b\u0103 optime. Mai \u00eent\u00e2i, asigura\u021bi-v\u0103 c\u0103 toate componentele sunt curate \u0219i f\u0103r\u0103 resturi \u00eenainte de instalare. Alinierea corect\u0103 a cilindrului cu punctele de montare este esen\u021bial\u0103; nealinierea poate duce la uzur\u0103 prematur\u0103 sau defec\u021biuni.<\/p>\n<p>Folosi\u021bi console de montare adecvate pentru a fixa cilindrul \u00een pozi\u021bie \u0219i asigura\u021bi-v\u0103 c\u0103 toate \u0219uruburile \u0219i fitingurile sunt str\u00e2nse conform specifica\u021biilor produc\u0103torului. Dup\u0103 instalare, verifica\u021bi sistemul hidraulic pentru scurgeri \u0219i efectua\u021bi o prob\u0103 de func\u021bionare pentru a confirma c\u0103 cilindrul func\u021bioneaz\u0103 corect. Monitorizarea regulat\u0103 dup\u0103 instalare este vital\u0103 pentru a depista din timp orice problem\u0103.<\/p>\n<h2>Sarcini comune de \u00eentre\u021binere<\/h2>\n<ul>\n<li><strong>Inspec\u021bii regulate:<\/strong> Pentru a depista din timp problemele, ar trebui efectuate verific\u0103ri de rutin\u0103 pentru detectare a scurgerilor, uzurii \u0219i func\u021bionalit\u0103\u021bii.<\/li>\n<li><strong>Lubrifiere adecvat\u0103:<\/strong> Asigura\u021bi-v\u0103 c\u0103 toate componentele mobile sunt lubrifiate cu uleiul hidraulic recomandat pentru a reduce la minimum uzura.<\/li>\n<li><strong>\u00cenlocuiri de garnituri:<\/strong> Verifica\u021bi periodic garniturile pentru a vedea dac\u0103 sunt deteriorate \u0219i \u00eenlocui\u021bi-le dup\u0103 cum este necesar pentru a men\u021bine integritatea sistemului.<\/li>\n<\/ul>\n<p>Instalarea, lubrifierea \u0219i reglarea corect\u0103 sunt esen\u021biale pentru asigurarea longevit\u0103\u021bii cilindrului bra\u021bului. \u00cen timpul instal\u0103rii, asigura\u021bi-v\u0103 c\u0103 cilindrul este aliniat corect cu sistemul hidraulic \u0219i utiliza\u021bi suporturi de montare adecvate pentru a-l fixa eficient. Urma\u021bi programul recomandat pentru verificarea, repararea \u0219i \u00eenlocuirea componentelor pentru a men\u021bine performan\u021be optime.<\/p>\n<p><img decoding=\"async\" src=\"https:\/\/www.hydraulic-cylinders.net\/wp-content\/uploads\/2025\/04\/songte-chushion-collar.webp\" alt=\"Guler de pern\u0103\" \/><\/p>\n<h2>Considera\u021bii de siguran\u021b\u0103 \u0219i factori de mediu<\/h2>\n<p>Este esen\u021bial s\u0103 se acorde prioritate m\u0103surilor de siguran\u021b\u0103 atunci c\u00e2nd se utilizeaz\u0103 cilindri hidraulici. Folosi\u021bi \u00eentotdeauna echipament individual de protec\u021bie (EIP) adecvat \u00een timpul sarcinilor de instalare \u0219i \u00eentre\u021binere. Asigura\u021bi-v\u0103 c\u0103 sunt respectate toate protocoalele de siguran\u021b\u0103 pentru a preveni accidentele sau r\u0103nirile. \u00cen plus, lua\u021bi \u00een considerare impactul asupra mediului al scurgerilor de fluid hidraulic \u0219i lua\u021bi m\u0103suri preventive pentru a re\u021bine \u0219i cur\u0103\u021ba prompt orice scurgeri, pentru a evita contaminarea.<\/p>\n<h2>Diagnosticarea defec\u021biunilor \u0219i probleme frecvente<\/h2>\n<ul>\n<li><strong>Scurgeri de fluide:<\/strong> Verifica\u021bi dac\u0103 exist\u0103 semne vizibile de scurgeri \u00een jurul garniturilor \u0219i fitingurilor. Scurgerile pot duce la pierderi de presiune \u0219i la o eficien\u021b\u0103 redus\u0103.<\/li>\n<li><strong>Func\u021bionare lent\u0103:<\/strong> Dac\u0103 cilindrul se extinde sau se retrage lent, acest lucru poate indica niveluri sc\u0103zute de lichid hidraulic sau aer \u00een sistem.<\/li>\n<li><strong>Zgomote neobi\u0219nuite:<\/strong> Sunetele de scr\u00e2\u0219net sau zdr\u0103ng\u0103nit \u00een timpul func\u021bion\u0103rii pot semnala o deteriorare intern\u0103 a cilindrului.<\/li>\n<\/ul>\n<p>Pentru a diagnostica \u0219i depana eficient problemele legate de cilindrul bra\u021bului, inspec\u021biile vizuale sunt cruciale. C\u0103uta\u021bi orice semne de uzur\u0103 sau deteriorare \u0219i verifica\u021bi regulat nivelurile fluidului hidraulic. Rezolvarea prompt\u0103 a problemelor minore poate preveni probleme mai semnificative pe viitor.<\/p>\n<h2>M\u0103suri preventive<\/h2>\n<p>Pentru a minimiza poten\u021bialele probleme, implementa\u021bi un program de \u00eentre\u021binere regulat\u0103, care s\u0103 includ\u0103 inspec\u021bii am\u0103nun\u021bite \u0219i repara\u021bii la timp. Men\u021binerea sistemului hidraulic f\u0103r\u0103 contaminan\u021bi \u0219i asigurarea unei lubrifieri adecvate vor spori eficien\u021ba \u0219i durata de via\u021b\u0103. \u00cen plus, instruirea operatorilor cu privire la utilizarea corect\u0103 a utilajelor poate reduce semnificativ riscul de utilizare necorespunz\u0103toare sau accidente.<\/p>\n<p><img decoding=\"async\" src=\"https:\/\/www.hydraulic-cylinders.net\/wp-content\/uploads\/2025\/04\/songte-bushings-with-all-kinds-of-excavator-models.webp\" alt=\"Buc\u0219e\" \/><\/p>\n<h2>Despre compania noastr\u0103<\/h2>\n<p>Suntem un produc\u0103tor important de cilindri hidraulici de schimb, cu o gam\u0103 complet\u0103 de produse care ne-a consacrat ca unul dintre cei mai importan\u021bi produc\u0103tori \u0219i distribuitori angro at\u00e2t pe pie\u021bele interne, c\u00e2t \u0219i pe cele interna\u021bionale. Angajamentul nostru fa\u021b\u0103 de excelen\u021b\u0103 se reflect\u0103 \u00een strategia noastr\u0103 rafinat\u0103 de management al produc\u021biei, sus\u021binut\u0103 de echipamente de fabrica\u021bie avansate \u0219i o for\u021b\u0103 de munc\u0103 calificat\u0103. \u00cembun\u0103t\u0103\u021bim continuu capacit\u0103\u021bile atelierului nostru, asigur\u00e2nd procese de produc\u021bie de \u00eenalt\u0103 calitate care r\u0103spund nevoilor diverse ale clien\u021bilor.<\/p>\n<p>Specializarea noastr\u0103 cuprinde certific\u0103ri interna\u021bionale \u0219i servicii personalizate, adaptate specifica\u021biilor clien\u021bilor. Ne asigur\u0103m c\u0103 unit\u0103\u021bile noastre de produc\u021bie sunt dotate cu tehnologie de ultim\u0103 genera\u021bie pentru a livra produse care respect\u0103 cele mai \u00eenalte standarde. Echipa noastr\u0103 dedicat\u0103 de servicii post-v\u00e2nzare este \u00eentotdeauna disponibil\u0103 pentru a ajuta clien\u021bii cu orice \u00eentreb\u0103ri sau probleme pe care le-ar putea \u00eent\u00e2mpina.<\/p>\n<p><img decoding=\"async\" src=\"https:\/\/www.hydraulic-cylinders.net\/wp-content\/uploads\/2025\/04\/songte-company-4.webp\" alt=\"Imaginea companiei 1\" \/><br \/>\n<img decoding=\"async\" src=\"https:\/\/www.hydraulic-cylinders.net\/wp-content\/uploads\/2025\/04\/songte-company-3.webp\" alt=\"Imaginea companiei 2\" \/><\/p>\n<p>Autor: lyl<\/p>","protected":false},"excerpt":{"rendered":"<p>Boom Cylinder For Doosan Middle Excavator DH220-3-5-7 Product Overview The Boom Cylinder for Doosan Middle Excavator DH220-3-5-7 is an essential component in hydraulic systems that plays a crucial role in the functionality of various heavy machinery. Specifically designed for excavators, backhoe loaders, and front-end loaders, this hydraulic cylinder facilitates the movement of the bucket, enabling [&hellip;]<\/p>","protected":false},"featured_media":17876,"comment_status":"open","ping_status":"closed","template":"","meta":{"_et_pb_use_builder":"","_et_pb_old_content":"","_et_gb_content_width":""},"product_brand":[],"product_cat":[1546],"product_tag":[1547,1496],"class_list":{"0":"post-18994","1":"product","2":"type-product","3":"status-publish","4":"has-post-thumbnail","6":"product_cat-boom-cylinders","7":"product_tag-boom-cylinders","8":"product_tag-hydraulic-cylinders","10":"first","11":"instock","12":"shipping-taxable","13":"product-type-simple"},"amp_enabled":true,"_links":{"self":[{"href":"https:\/\/www.hydraulic-cylinders.net\/ro\/wp-json\/wp\/v2\/product\/18994","targetHints":{"allow":["GET"]}}],"collection":[{"href":"https:\/\/www.hydraulic-cylinders.net\/ro\/wp-json\/wp\/v2\/product"}],"about":[{"href":"https:\/\/www.hydraulic-cylinders.net\/ro\/wp-json\/wp\/v2\/types\/product"}],"replies":[{"embeddable":true,"href":"https:\/\/www.hydraulic-cylinders.net\/ro\/wp-json\/wp\/v2\/comments?post=18994"}],"wp:featuredmedia":[{"embeddable":true,"href":"https:\/\/www.hydraulic-cylinders.net\/ro\/wp-json\/wp\/v2\/media\/17876"}],"wp:attachment":[{"href":"https:\/\/www.hydraulic-cylinders.net\/ro\/wp-json\/wp\/v2\/media?parent=18994"}],"wp:term":[{"taxonomy":"product_brand","embeddable":true,"href":"https:\/\/www.hydraulic-cylinders.net\/ro\/wp-json\/wp\/v2\/product_brand?post=18994"},{"taxonomy":"product_cat","embeddable":true,"href":"https:\/\/www.hydraulic-cylinders.net\/ro\/wp-json\/wp\/v2\/product_cat?post=18994"},{"taxonomy":"product_tag","embeddable":true,"href":"https:\/\/www.hydraulic-cylinders.net\/ro\/wp-json\/wp\/v2\/product_tag?post=18994"}],"curies":[{"name":"wp","href":"https:\/\/api.w.org\/{rel}","templated":true}]}}