{"id":19051,"date":"2025-04-07T06:10:24","date_gmt":"2025-04-07T06:10:24","guid":{"rendered":"https:\/\/www.hydraulic-cylinders.net\/product\/boom-cylinder-for-hyundai-large-excavator-r505lc-7\/"},"modified":"2025-04-07T06:10:27","modified_gmt":"2025-04-07T06:10:27","slug":"boom-cylinder-for-hyundai-large-excavator-r505lc-7","status":"publish","type":"product","link":"https:\/\/www.hydraulic-cylinders.net\/ro\/produs\/boom-cylinder-for-hyundai-large-excavator-r505lc-7\/","title":{"rendered":"Cilindru bra\u021b pentru excavator mare Hyundai R505LC-7"},"content":{"rendered":"<h1>Cilindru bra\u021b pentru excavator mare Hyundai R505LC-7<\/h1>\n<h2>Prezentare general\u0103 a produsului<\/h2>\n<p>Cilindrul bra\u021bului pentru excavatorul mare Hyundai R505LC-7 este o component\u0103 vital\u0103 \u00een sistemele hidraulice utilizate \u00een utilajele grele. Este special conceput pentru a controla mi\u0219carea cupei pe diverse echipamente de construc\u021bii, cum ar fi excavatoarele, \u00eenc\u0103rc\u0103toarele cu buldoexcavatoare \u0219i \u00eenc\u0103rc\u0103toarele frontale. Func\u021bia principal\u0103 a cilindrilor cupei const\u0103 \u00een permiterea ridic\u0103rii, cobor\u00e2rii \u0219i \u00eenclin\u0103rii cupei, ceea ce faciliteaz\u0103 sarcinile eficiente de manipulare a materialelor.<\/p>\n<p>Cilindrii hidraulici pentru cupe sunt cilindri hidraulici care func\u021bioneaz\u0103 utiliz\u00e2nd fluid hidraulic sub presiune pentru a crea mi\u0219care. Designul \u0219i mecanismul acestor cilindri sunt cruciale pentru performan\u021ba utilajelor grele, asigur\u00e2nd c\u0103 operatorii pot manevra echipamentul cu precizie \u0219i u\u0219urin\u021b\u0103. Construc\u021bia lor robust\u0103 le permite s\u0103 reziste rigorilor mediilor de lucru solicitante, ceea ce \u00eei face esen\u021biali pentru sectoarele construc\u021biilor \u0219i agriculturii.<\/p>\n<p><img decoding=\"async\" src=\"https:\/\/www.hydraulic-cylinders.net\/wp-content\/uploads\/2025\/04\/songte-company-1.webp\" alt=\"Imaginea cilindrului bra\u021bului\" \/><\/p>\n<h2>Caracteristicile cilindrului bra\u021bului<\/h2>\n<ul>\n<li><strong>Rezisten\u021b\u0103 \u0219i durabilitate ridicate:<\/strong> Construit din o\u021bel sau aluminiu de \u00eenalt\u0103 rezisten\u021b\u0103, cilindrul bra\u021bului este conceput s\u0103 reziste la presiuni ridicate \u0219i sarcini grele, fiind potrivit pentru condi\u021bii de lucru dure. Designul \u00eencorporeaz\u0103, de asemenea, rezisten\u021b\u0103 la uzur\u0103 \u0219i protec\u021bie \u00eempotriva coroziunii pentru a-i prelungi durata de via\u021b\u0103.<\/li>\n<li><strong>Func\u021bionare hidraulic\u0103 eficient\u0103:<\/strong> Cilindrul utilizeaz\u0103 presiunea fluidului hidraulic pentru a realiza o extensie \u0219i o retragere lin\u0103, oferind un r\u0103spuns rapid la comenzile opera\u021bionale \u0219i furniz\u00e2nd for\u021be puternice de \u00eempingere \u0219i tragere, ideale pentru manipularea materialelor grele \u0219i a sarcinilor complexe.<\/li>\n<li><strong>Diverse tipuri disponibile:<\/strong> Op\u021biunile includ cilindri cu ac\u021biune simpl\u0103 (func\u021bioneaz\u0103 \u00eentr-o singur\u0103 direc\u021bie) \u0219i cu ac\u021biune dubl\u0103 (func\u021bioneaz\u0103 \u00een ambele direc\u021bii), care r\u0103spund diferitelor nevoi opera\u021bionale. Unele modele au un design telescopic, permi\u021b\u00e2nd o extensie mai mare f\u0103r\u0103 a cre\u0219te dimensiunile externe, perfect pentru aplica\u021bii cu spa\u021biu limitat.<\/li>\n<li><strong>Solu\u021bii personalizabile:<\/strong> Putem fabrica acest produs pentru a corespunde cerin\u021belor dumneavoastr\u0103 specifice, asigur\u00e2nd compatibilitatea cu diverse sisteme \u0219i componente hidraulice.<\/li>\n<\/ul>\n<p><img decoding=\"async\" src=\"https:\/\/www.hydraulic-cylinders.net\/wp-content\/uploads\/2025\/04\/songte-cylinder-head-with-all-kinds-excavator-models.webp\" alt=\"Modele de excavatoare\" \/><\/p>\n<h2>Aplica\u021bii ale cilindrului bra\u021bului<\/h2>\n<ul>\n<li>\n<h3>Echipamente de construc\u021bii:<\/h3>\n<p>\u00cen excavatoare, cilindrul bra\u021bului este esen\u021bial pentru s\u0103pare, \u00eenc\u0103rcare \u0219i mutarea p\u0103m\u00e2ntului sau a resturilor. Cilindrul permite cupei s\u0103 \u00eendeplineasc\u0103 aceste func\u021bii eficient, ceea ce o face un element indispensabil \u00een proiectele de construc\u021bii.<\/p>\n<\/li>\n<li>\n<h3>Ma\u0219ini agricole:<\/h3>\n<p>\u00cen cazul \u00eenc\u0103rc\u0103toarelor frontale, cilindrul bra\u021bului este utilizat pentru scobere, ridicare \u0219i transportul solului, f\u00e2nului \u0219i altor materiale. Aceast\u0103 aplica\u021bie este vital\u0103 pentru activit\u0103\u021bile agricole, asigur\u00e2nd func\u021bionarea eficient\u0103 a utilajelor agricole.<\/p>\n<\/li>\n<li>\n<h3>Excavatoare:<\/h3>\n<p>Cilindrul bra\u021bului permite cupei s\u0103 p\u0103trund\u0103 \u00een sol, facilit\u00e2nd ac\u021biunile de s\u0103pare. Aceast\u0103 capacitate este esen\u021bial\u0103 pentru sarcinile de excavare din diverse industrii.<\/p>\n<\/li>\n<li>\n<h3>\u00cenc\u0103rc\u0103toare:<\/h3>\n<p>La \u00eenc\u0103rc\u0103toarele frontale, cilindrul bra\u021bului ajut\u0103 la ridicarea \u0219i desc\u0103rcarea eficient\u0103 a sarcinilor. Aceast\u0103 func\u021bie este crucial\u0103 pentru manipularea materialelor \u00een aplica\u021biile de construc\u021bii \u0219i industriale.<\/p>\n<\/li>\n<\/ul>\n<h2>Considera\u021bii de proiectare \u0219i criterii de selec\u021bie<\/h2>\n<ul>\n<li>\n<h3>Capacitate de \u00eenc\u0103rcare:<\/h3>\n<p>Capacitatea de \u00eenc\u0103rcare a cilindrului bra\u021bului este o considera\u021bie critic\u0103 de proiectare. Acesta trebuie s\u0103 fie capabil s\u0103 suporte cele mai mari sarcini a\u0219teptate \u00eentr-o anumit\u0103 aplica\u021bie. O \u00een\u021belegere aprofundat\u0103 a limitelor opera\u021bionale ale utilajului asigur\u0103 c\u0103 cilindrul bra\u021bului poate func\u021biona \u00een siguran\u021b\u0103 \u0219i eficient.<\/p>\n<\/li>\n<li>\n<h3>Etan\u0219are:<\/h3>\n<p>Etan\u0219area eficient\u0103 este esen\u021bial\u0103 pentru a preveni scurgerile \u0219i contaminarea fluidului hidraulic. Garnituri adecvate, cum ar fi garniturile pistonului \u0219i ale tijei, sunt necesare pentru a men\u021bine presiunea \u0219i a asigura longevitatea cilindrului. Alegerea materialelor, cum ar fi poliuretanul \u0219i cauciucul nitrilic, joac\u0103 un rol semnificativ \u00een ob\u021binerea performan\u021belor optime de etan\u0219are.<\/p>\n<\/li>\n<li>\n<h3>Durabilitate:<\/h3>\n<p>Durabilitatea cilindrului bra\u021bului este esen\u021bial\u0103 pentru reducerea costurilor de \u00eentre\u021binere \u0219i a timpilor de nefunc\u021bionare. Factorii care contribuie la durabilitate includ calitatea materialelor utilizate, precizia proceselor de fabrica\u021bie \u0219i caracteristicile de protec\u021bie \u00eempotriva uzurii \u0219i coroziunii.<\/p>\n<\/li>\n<li>\n<h3>Siguran\u0163\u0103:<\/h3>\n<p>Siguran\u021ba este o considera\u021bie vital\u0103 \u00een proiectarea cilindrilor hidraulici. Caracteristici precum supapele de suprapresiune \u0219i blocajele de siguran\u021b\u0103 ajut\u0103 la prevenirea accidentelor \u0219i asigur\u0103 siguran\u021ba operatorilor \u0219i a personalului din apropiere \u00een timpul func\u021bion\u0103rii.<\/p>\n<\/li>\n<li>\n<h3>\u00centre\u0163inere:<\/h3>\n<p>Designul ar trebui s\u0103 faciliteze \u00eentre\u021binerea \u0219i repara\u021biile. Componentele ar trebui s\u0103 fie accesibile pentru inspec\u021bie, lubrifiere \u0219i \u00eenlocuire, optimiz\u00e2nd durata de via\u021b\u0103 a cilindrului bra\u021bului.<\/p>\n<\/li>\n<\/ul>\n<p><img decoding=\"async\" src=\"https:\/\/www.hydraulic-cylinders.net\/wp-content\/uploads\/2025\/04\/songte-oil-pipes-and-spare-parts.webp\" alt=\"Piese hidraulice\" \/><\/p>\n<h2>Etan\u0219are \u0219i lubrifiere<\/h2>\n<p>Etan\u0219area \u0219i lubrifierea corespunz\u0103toare sunt cruciale pentru func\u021bionarea eficient\u0103 a cilindrului bra\u021bului. Diverse componente de etan\u0219are, inclusiv etan\u0219\u0103rile pistonului \u0219i etan\u0219\u0103rile tijei, sunt utilizate pentru a men\u021bine re\u021binerea fluidului hidraulic \u0219i a preveni scurgerile. Etan\u0219\u0103rile fabricate din materiale durabile, cum ar fi poliuretanul \u0219i cauciucul nitrilic, sunt preferate pentru rezisten\u021ba lor la uzur\u0103 \u0219i la condi\u021bii dure de func\u021bionare.<\/p>\n<p>Corpul cilindrului \u0219i capetele filetate sunt supuse unor prelucr\u0103ri precise pentru a spori rezisten\u021ba la uzur\u0103, asigur\u00e2nd longevitatea. Lubrifierea regulat\u0103 cu ulei hidraulic este necesar\u0103 pentru a minimiza frecarea \u0219i uzura pieselor mobile, asigur\u00e2nd o func\u021bionare lin\u0103 \u0219i prevenind defectarea prematur\u0103 a componentelor.<\/p>\n<h2>M\u0103suri de \u00eentre\u021binere preventiv\u0103<\/h2>\n<ul>\n<li>\n<h3>Inspec\u021bii regulate:<\/h3>\n<p>Efectua\u021bi inspec\u021bii de rutin\u0103 ale cilindrului bra\u021bului pentru a identifica orice semne de uzur\u0103, scurgeri sau deteriorare. Depistarea timpurie poate preveni defec\u021biuni majore \u0219i repara\u021bii costisitoare.<\/p>\n<\/li>\n<li>\n<h3>Lubrifiere adecvat\u0103:<\/h3>\n<p>Asigura\u021bi-v\u0103 c\u0103 cilindrul este lubrifiat corespunz\u0103tor cu fluidul hidraulic corespunz\u0103tor. Verifica\u021bi periodic nivelurile de lichid \u0219i completa\u021bi dup\u0103 cum este necesar pentru a men\u021bine performan\u021be optime.<\/p>\n<\/li>\n<li>\n<h3>\u00cenlocuirea garniturii:<\/h3>\n<p>Monitoriza\u021bi starea garniturilor \u0219i \u00eenlocui\u021bi-le dup\u0103 cum este necesar. Garniturile uzate sau deteriorate pot duce la scurgeri de lichid \u0219i la sc\u0103derea eficien\u021bei, ceea ce face ca \u00eenlocuirea la timp s\u0103 fie esen\u021bial\u0103.<\/p>\n<\/li>\n<\/ul>\n<h2>Instruc\u021biuni de instalare<\/h2>\n<p>Instalarea corect\u0103 a cilindrului bra\u021bului este esen\u021bial\u0103 pentru o performan\u021b\u0103 optim\u0103. \u00cencepe\u021bi prin a v\u0103 asigura c\u0103 zona de lucru este curat\u0103 \u0219i f\u0103r\u0103 resturi. Alinia\u021bi cilindrul corect cu punctele de montare de pe utilaj, utiliz\u00e2nd console de montare adecvate pentru stabilitate. Str\u00e2nge\u021bi \u0219uruburile conform specifica\u021biilor produc\u0103torului pentru a preveni sl\u0103birea \u00een timpul func\u021bion\u0103rii. Dup\u0103 instalare, verifica\u021bi dac\u0103 exist\u0103 semne de nealiniere \u0219i regla\u021bi dup\u0103 cum este necesar pentru a asigura o func\u021bionare lin\u0103. Urma\u021bi instruc\u021biunile produc\u0103torului pentru conexiunea hidraulic\u0103 pentru a preveni scurgerile \u0219i a asigura func\u021bionarea corect\u0103.<\/p>\n<h2>Sarcini comune de \u00eentre\u021binere<\/h2>\n<ul>\n<li>\n<h3>Inspec\u021bii regulate:<\/h3>\n<p>Inspec\u021biile regulate sunt esen\u021biale pentru identificarea poten\u021bialelor probleme \u00eenainte ca acestea s\u0103 se agraveze. Verifica\u021bi dac\u0103 exist\u0103 scurgeri, uzur\u0103 \u0219i orice semne de deteriorare a cilindrului bra\u021bului. P\u0103strarea unui jurnal de \u00eentre\u021binere poate ajuta la urm\u0103rirea performan\u021bei cilindrului \u00een timp \u0219i la identificarea tendin\u021belor care pot indica probleme mai mari.<\/p>\n<\/li>\n<li>\n<h3>Lubrifiere adecvat\u0103:<\/h3>\n<p>Lubrifierea corespunz\u0103toare este vital\u0103 pentru buna func\u021bionare a cilindrului bra\u021bului. Folosi\u021bi uleiul hidraulic recomandat de produc\u0103tor \u0219i asigura\u021bi-v\u0103 c\u0103 este completat pentru a men\u021bine performan\u021be optime. Lubrifierea inadecvat\u0103 poate duce la cre\u0219terea frec\u0103rii, uzurii \u0219i la defectarea cilindrului.<\/p>\n<\/li>\n<li>\n<h3>\u00cenlocuirea garniturii \u0219i verific\u0103ri ale calibr\u0103rii:<\/h3>\n<p>Monitorizarea st\u0103rii garniturilor este esen\u021bial\u0103 pentru men\u021binerea presiunii hidraulice. \u00cenlocui\u021bi garniturile care prezint\u0103 semne de uzur\u0103 sau deteriorare. \u00cen plus, verific\u0103rile periodice de calibrare ale sistemului hidraulic asigur\u0103 c\u0103 cilindrul bra\u021bului func\u021bioneaz\u0103 \u00een parametrii specifica\u021bi, sporind siguran\u021ba \u0219i eficien\u021ba.<\/p>\n<\/li>\n<\/ul>\n<p><img decoding=\"async\" src=\"https:\/\/www.hydraulic-cylinders.net\/wp-content\/uploads\/2025\/04\/songte-chushion-collar.webp\" alt=\"Guler de pern\u0103\" \/><\/p>\n<h2>Considera\u021bii de siguran\u021b\u0103 \u0219i factori de mediu<\/h2>\n<p>Atunci c\u00e2nd se lucreaz\u0103 cu sisteme hidraulice, m\u0103surile de siguran\u021b\u0103 sunt primordiale. Operatorii trebuie instrui\u021bi cu privire la manipularea corect\u0103 a echipamentelor hidraulice \u0219i la poten\u021bialele pericole implicate. \u00centre\u021binerea \u0219i inspec\u021biile regulate pot ajuta la prevenirea accidentelor \u0219i la asigurarea func\u021bion\u0103rii \u00een siguran\u021b\u0103 a sistemului. \u00cen plus, factorii de mediu, cum ar fi scurgerile de fluide, trebuie gestiona\u021bi pentru a reduce impactul asupra mediului. Implementarea unor m\u0103suri de izolare a scurgerilor \u0219i utilizarea fluidelor hidraulice ecologice pot contribui la practici opera\u021bionale mai sigure.<\/p>\n<h2>Depanarea problemelor comune<\/h2>\n<ul>\n<li>\n<h3>Scurgeri de fluide:<\/h3>\n<p>Scurgerile de lichid pot ap\u0103rea din cauza garniturilor deteriorate sau a conexiunilor necorespunz\u0103toare. Inspecta\u021bi garniturile \u0219i conexiunile \u00een mod regulat \u0219i \u00eenlocui\u021bi orice componente deteriorate pentru a preveni pierderea de lichid.<\/p>\n<\/li>\n<li>\n<h3>Mi\u0219care lent\u0103 sau inadecvat\u0103:<\/h3>\n<p>Dac\u0103 cilindrul bra\u021bului se mi\u0219c\u0103 lent sau inadecvat, verifica\u021bi nivelurile fluidului hidraulic \u0219i asigura\u021bi-v\u0103 c\u0103 acestea respect\u0103 specifica\u021biile produc\u0103torului. Bulele de aer din sistem pot provoca, de asemenea, o mi\u0219care lent\u0103, necesit\u00e2nd aerisirea conductelor hidraulice.<\/p>\n<\/li>\n<li>\n<h3>Zgomote neobi\u0219nuite:<\/h3>\n<p>Zgomotele neobi\u0219nuite \u00een timpul func\u021bion\u0103rii pot indica probleme mecanice. Inspecta\u021bi cilindrul \u0219i componentele din jur pentru uzur\u0103, piese sl\u0103bite sau nealiniere \u0219i remedia\u021bi prompt orice problem\u0103 identificat\u0103.<\/p>\n<\/li>\n<\/ul>\n<p><img decoding=\"async\" src=\"https:\/\/www.hydraulic-cylinders.net\/wp-content\/uploads\/2025\/04\/songte-bushings-with-all-kinds-of-excavator-models.webp\" alt=\"Buc\u0219e\" \/><\/p>\n<h2>Sfaturi pentru prevenirea problemelor<\/h2>\n<p>Pentru a minimiza poten\u021bialele probleme ale cilindrului bra\u021bului, \u00eentre\u021binerea regulat\u0103 \u0219i repara\u021biile la timp sunt cruciale. Stabili\u021bi un program de verific\u0103ri de rutin\u0103 pentru a depista din timp problemele. \u00cen plus, utilizarea fluidelor \u0219i componentelor hidraulice de \u00eenalt\u0103 calitate poate \u00eembun\u0103t\u0103\u021bi performan\u021ba \u0219i longevitatea. Operatorii trebuie instrui\u021bi s\u0103 recunoasc\u0103 semnele de uzur\u0103 \u0219i s\u0103 reac\u021bioneze rapid pentru a evita probleme mai semnificative pe parcurs.<\/p>\n<h2>Introducerea companiei<\/h2>\n<p>Suntem un produc\u0103tor important de cilindri hidraulici de schimb, oferind o gam\u0103 complet\u0103 de produse. Angajamentul nostru fa\u021b\u0103 de excelen\u021b\u0103 ne-a transformat \u00eentr-un furnizor proeminent at\u00e2t pe pie\u021bele interne, c\u00e2t \u0219i pe cele interna\u021bionale. Respect\u0103m standarde de \u00eenalt\u0103 calitate \u0219i utiliz\u0103m strategii avansate de fabrica\u021bie, valorific\u00e2nd personal calificat, echipamente de ultim\u0103 genera\u021bie \u0219i sisteme profesionale de testare. Platforma noastr\u0103 de fabrica\u021bie este \u00eembun\u0103t\u0103\u021bit\u0103 continuu pentru a ne asigura c\u0103 produsele noastre satisfac nevoile diverse ale clien\u021bilor cu eficien\u021b\u0103, precizie \u0219i calitate.<\/p>\n<ul>\n<li><strong>Profesionalism:<\/strong> Echipa noastr\u0103 este format\u0103 din exper\u021bi din industrie, dedica\u021bi furniz\u0103rii de solu\u021bii de \u00eenalt\u0103 calitate, adaptate specifica\u021biilor clien\u021bilor.<\/li>\n<li><strong>Certificare interna\u021bional\u0103:<\/strong> Produsele noastre respect\u0103 standardele interna\u021bionale, asigur\u00e2nd fiabilitate \u0219i performan\u021b\u0103 la scar\u0103 global\u0103.<\/li>\n<li><strong>Servicii personalizate:<\/strong> Oferim solu\u021bii personalizate, permi\u021b\u00e2nd clien\u021bilor s\u0103 ob\u021bin\u0103 produse care s\u0103 le satisfac\u0103 cerin\u021bele specifice.<\/li>\n<li><strong>Echipamente de produc\u021bie:<\/strong> Facilit\u0103\u021bile noastre de produc\u021bie de ultim\u0103 genera\u021bie sunt dotate cu cea mai recent\u0103 tehnologie pentru a asigura precizie \u0219i calitate.<\/li>\n<li><strong>Asisten\u021b\u0103 post-v\u00e2nzare:<\/strong> Prioritiz\u0103m satisfac\u021bia clien\u021bilor \u0219i oferim asisten\u021b\u0103 post-v\u00e2nzare complet\u0103 pentru a r\u0103spunde oric\u0103ror nel\u0103muriri sau nel\u0103muriri.<\/li>\n<\/ul>\n<p><img decoding=\"async\" src=\"https:\/\/www.hydraulic-cylinders.net\/wp-content\/uploads\/2025\/04\/songte-company-4.webp\" alt=\"Prezentare general\u0103 a companiei\" \/><br \/>\n<img decoding=\"async\" src=\"https:\/\/www.hydraulic-cylinders.net\/wp-content\/uploads\/2025\/04\/songte-company-3.webp\" alt=\"Echipamente ale companiei\" \/><\/p>\n<p>Autor: lyl<\/p>","protected":false},"excerpt":{"rendered":"<p>Boom Cylinder For Hyundai Large Excavator R505LC-7 Product Overview The Boom Cylinder for Hyundai Large Excavator R505LC-7 is a vital component in hydraulic systems used in heavy machinery. It is specifically designed to control the movement of the bucket on various construction equipment, such as excavators, backhoe loaders, and front loaders. The primary function of [&hellip;]<\/p>","protected":false},"featured_media":17872,"comment_status":"open","ping_status":"closed","template":"","meta":{"_et_pb_use_builder":"","_et_pb_old_content":"","_et_gb_content_width":""},"product_brand":[],"product_cat":[1546],"product_tag":[1547,1496],"class_list":{"0":"post-19051","1":"product","2":"type-product","3":"status-publish","4":"has-post-thumbnail","6":"product_cat-boom-cylinders","7":"product_tag-boom-cylinders","8":"product_tag-hydraulic-cylinders","10":"first","11":"instock","12":"shipping-taxable","13":"product-type-simple"},"amp_enabled":true,"_links":{"self":[{"href":"https:\/\/www.hydraulic-cylinders.net\/ro\/wp-json\/wp\/v2\/product\/19051","targetHints":{"allow":["GET"]}}],"collection":[{"href":"https:\/\/www.hydraulic-cylinders.net\/ro\/wp-json\/wp\/v2\/product"}],"about":[{"href":"https:\/\/www.hydraulic-cylinders.net\/ro\/wp-json\/wp\/v2\/types\/product"}],"replies":[{"embeddable":true,"href":"https:\/\/www.hydraulic-cylinders.net\/ro\/wp-json\/wp\/v2\/comments?post=19051"}],"wp:featuredmedia":[{"embeddable":true,"href":"https:\/\/www.hydraulic-cylinders.net\/ro\/wp-json\/wp\/v2\/media\/17872"}],"wp:attachment":[{"href":"https:\/\/www.hydraulic-cylinders.net\/ro\/wp-json\/wp\/v2\/media?parent=19051"}],"wp:term":[{"taxonomy":"product_brand","embeddable":true,"href":"https:\/\/www.hydraulic-cylinders.net\/ro\/wp-json\/wp\/v2\/product_brand?post=19051"},{"taxonomy":"product_cat","embeddable":true,"href":"https:\/\/www.hydraulic-cylinders.net\/ro\/wp-json\/wp\/v2\/product_cat?post=19051"},{"taxonomy":"product_tag","embeddable":true,"href":"https:\/\/www.hydraulic-cylinders.net\/ro\/wp-json\/wp\/v2\/product_tag?post=19051"}],"curies":[{"name":"wp","href":"https:\/\/api.w.org\/{rel}","templated":true}]}}