{"id":19060,"date":"2025-04-07T06:10:57","date_gmt":"2025-04-07T06:10:57","guid":{"rendered":"https:\/\/www.hydraulic-cylinders.net\/product\/boom-cylinder-for-kobelco-small-excavator-sk140lc\/"},"modified":"2025-04-07T06:10:59","modified_gmt":"2025-04-07T06:10:59","slug":"boom-cylinder-for-kobelco-small-excavator-sk140lc","status":"publish","type":"product","link":"https:\/\/www.hydraulic-cylinders.net\/ro\/produs\/boom-cylinder-for-kobelco-small-excavator-sk140lc\/","title":{"rendered":"Cilindru de bra\u021b pentru excavatorul mic Kobelco SK140LC"},"content":{"rendered":"<h1>Cilindru de bra\u021b pentru excavatorul mic Kobelco SK140LC<\/h1>\n<h2>\u00cen\u021belegerea cilindrului bra\u021bului<\/h2>\n<p>Cilindrul bra\u021bului este o component\u0103 crucial\u0103 \u00een sistemele hidraulice ale diferitelor utilaje grele, \u00een special excavatoare, \u00eenc\u0103rc\u0103toare frontale \u0219i \u00eenc\u0103rc\u0103toare frontale. Acest cilindru hidraulic este special conceput pentru a controla mi\u0219carea bra\u021bului, permi\u021b\u00e2ndu-i s\u0103 ridice, s\u0103 coboare \u0219i s\u0103 \u00eencline cupa ata\u0219at\u0103. Aceast\u0103 func\u021bionalitate este esen\u021bial\u0103 pentru sarcini eficiente de manipulare a materialelor \u00een aplica\u021bii de construc\u021bii, minerit \u0219i agricultur\u0103.<\/p>\n<p>\u00cen esen\u021b\u0103, cilindrul cupei permite un control precis asupra mi\u0219c\u0103rii bra\u021bului, ceea ce este vital pentru s\u0103parea, ridicarea \u0219i mutarea materialelor precum p\u0103m\u00e2ntul \u0219i resturile. Prin utilizarea presiunii hidraulice, ace\u0219ti cilindri pot exercita o for\u021b\u0103 semnificativ\u0103, ceea ce \u00eei face indispensabili \u00een utilajele grele.<\/p>\n<p><img decoding=\"async\" src=\"https:\/\/www.hydraulic-cylinders.net\/wp-content\/uploads\/2025\/04\/songte-company-1.webp\" alt=\"Cilindru de bra\u021b\"><\/p>\n<h2>Caracteristici cheie ale cilindrului bra\u021bului<\/h2>\n<ul>\n<li><strong>Rezisten\u021b\u0103 \u0219i durabilitate ridicate:<\/strong> Fabricat din o\u021bel sau aluminiu de \u00eenalt\u0103 rezisten\u021b\u0103, cilindrul bra\u021bului rezist\u0103 la presiuni ridicate \u0219i sarcini grele, fiind potrivit pentru medii de lucru dure. Designul s\u0103u ia \u00een considerare rezisten\u021ba la uzur\u0103 \u0219i protec\u021bia \u00eempotriva coroziunii pentru a-i prelungi durata de via\u021b\u0103.<\/li>\n<li><strong>Func\u021bionare hidraulic\u0103 eficient\u0103:<\/strong> Cilindrul utilizeaz\u0103 presiunea uleiului hidraulic pentru o extensie \u0219i retragere lin\u0103, r\u0103spunz\u00e2nd rapid la comenzile de control \u0219i oferind for\u021be puternice de \u00eempingere \u0219i tragere pentru gestionarea sarcinilor grele \u0219i complexe.<\/li>\n<li><strong>Diverse tipuri:<\/strong> Op\u021biunile includ cilindri cu ac\u021biune simpl\u0103 (folosind presiunea hidraulic\u0103 \u00eentr-o singur\u0103 direc\u021bie) sau cu ac\u021biune dubl\u0103 (folosind presiunea hidraulic\u0103 \u00een ambele direc\u021bii), adapta\u021bi pentru a satisface diverse nevoi opera\u021bionale. Unele modele sunt dotate cu designuri telescopice pentru o extensie mai mare f\u0103r\u0103 a cre\u0219te dimensiunile exterioare, ideale pentru aplica\u021bii cu spa\u021biu limitat.<\/li>\n<li><strong>Compatibilitate:<\/strong> Produsele noastre pot \u00eenlocui perfect cilindrii hidraulici existen\u021bi \u00een diverse utilaje, asigur\u00e2nd o integrare \u0219i o performan\u021b\u0103 f\u0103r\u0103 probleme.<\/li>\n<li><strong>Solu\u021bii personalizabile:<\/strong> Oferim solu\u021bii personalizate pentru a satisface cerin\u021bele specifice ale clien\u021bilor, asigur\u00e2ndu-ne c\u0103 fiecare ma\u0219in\u0103 func\u021bioneaz\u0103 la eficien\u021b\u0103 optim\u0103.<\/li>\n<\/ul>\n<p><img decoding=\"async\" src=\"https:\/\/www.hydraulic-cylinders.net\/wp-content\/uploads\/2025\/04\/songte-cylinder-head-with-all-kinds-excavator-models.webp\" alt=\"Caracteristicile cilindrului Kobelco\"><\/p>\n<h2>Aplica\u021bii ale cilindrului bra\u021bului<\/h2>\n<h3>Echipamente de construc\u021bii<\/h3>\n<p>\u00cen excavatoare, cilindrii bra\u021bului sunt vitali pentru s\u0103pare, \u00eenc\u0103rcare \u0219i mutarea p\u0103m\u00e2ntului sau a resturilor. Ace\u0219tia permit cupei s\u0103 p\u0103trund\u0103 \u00een sol, ridic\u00e2nd materialul eficient. \u00cen cazul \u00eenc\u0103rc\u0103toarelor excavatoare, ace\u0219ti cilindri nu numai c\u0103 ajut\u0103 la excavare, dar faciliteaz\u0103 \u0219i opera\u021biunile de ridicare, ceea ce le face unelte versatile \u00een \u0219antierele de construc\u021bii.<\/p>\n<h3>Ma\u0219ini agricole<\/h3>\n<p>\u00cen cazul \u00eenc\u0103rc\u0103toarelor frontale, cilindrii bra\u021bului sunt esen\u021biali pentru scobere, ridicare \u0219i transportul solului, f\u00e2nului \u0219i altor materiale. Designul lor asigur\u0103 efectuarea eficient\u0103 a sarcinilor agricole, cresc\u00e2nd productivitatea \u00een opera\u021biunile agricole.<\/p>\n<h3>Excavatoare<\/h3>\n<p>Excavatoarele se bazeaz\u0103 pe cilindrii bra\u021bului pentru a efectua ac\u021biuni de excavare, permi\u021b\u00e2nd cupei s\u0103 p\u0103trund\u0103 \u00een sol. Aceast\u0103 capacitate este esen\u021bial\u0103 pentru sarcinile de excavare, asigur\u00e2nd finalizarea eficient\u0103 \u0219i precis\u0103 a proiectelor.<\/p>\n<h3>\u00cenc\u0103rc\u0103toare<\/h3>\n<p>La \u00eenc\u0103rc\u0103toarele frontale, cilindrii bra\u021bului ajut\u0103 la ridicarea \u0219i desc\u0103rcarea eficient\u0103 a \u00eenc\u0103rc\u0103turilor. Func\u021bionalitatea lor asigur\u0103 transportul rapid \u0219i sigur al materialelor, ceea ce este esen\u021bial \u00een mediile de lucru aglomerate.<\/p>\n<h2>Considera\u021bii de proiectare \u0219i criterii de selec\u021bie<\/h2>\n<h3>Capacitate de \u00eenc\u0103rcare<\/h3>\n<p>Atunci c\u00e2nd se selecteaz\u0103 un cilindru pentru bra\u021b, capacitatea de \u00eenc\u0103rcare este primordial\u0103. Cilindrul trebuie s\u0103 fie proiectat pentru a suporta sarcinile maxime pe care le va \u00eent\u00e2lni \u00een timpul func\u021bion\u0103rii. Aceasta implic\u0103 o proiectare atent\u0103 pentru a se asigura c\u0103 poate rezista for\u021belor exercitate \u00een timpul ridic\u0103rii \u0219i s\u0103p\u0103rii f\u0103r\u0103 a se defecta.<\/p>\n<h3>Sistem de etan\u0219are<\/h3>\n<p>Un sistem de etan\u0219are fiabil este crucial pentru prevenirea scurgerilor de fluid hidraulic, care pot duce la sc\u0103derea eficien\u021bei \u0219i la poten\u021biale deterior\u0103ri ale sistemului hidraulic. Etan\u0219\u0103rile de \u00eenalt\u0103 calitate asigur\u0103 c\u0103 uleiul hidraulic r\u0103m\u00e2ne con\u021binut \u00een cilindru, men\u021bin\u00e2nd presiunea \u0219i performan\u021ba \u00een timpul func\u021bion\u0103rii.<\/p>\n<h3>Durabilitate<\/h3>\n<p>Materialele utilizate \u00een construc\u021bia cilindrului bra\u021bului ar trebui alese pentru durabilitatea lor. Aceasta include rezisten\u021ba la uzur\u0103, precum \u0219i protec\u021bia \u00eempotriva coroziunii cauzate de factorii de mediu. Un design durabil prelunge\u0219te durata de via\u021b\u0103 a cilindrului, reduc\u00e2nd nevoile de \u00eentre\u021binere.<\/p>\n<h3>Caracteristici de siguran\u021b\u0103<\/h3>\n<p>Siguran\u021ba este o considera\u021bie critic\u0103 \u00een proiectarea cilindrilor bra\u021bului. Caracteristici precum supapele de suprapresiune \u0219i mecanismele de siguran\u021b\u0103 ajut\u0103 la prevenirea accidentelor \u0219i asigur\u0103 func\u021bionarea \u00een siguran\u021b\u0103 a utilajelor \u00een diverse condi\u021bii.<\/p>\n<h3>Accesibilitate pentru \u00eentre\u021binere<\/h3>\n<p>Proiectarea cilindrilor bra\u021bului pentru o \u00eentre\u021binere u\u0219oar\u0103 este esen\u021bial\u0103 pentru prelungirea duratei lor de via\u021b\u0103. Caracteristicile care faciliteaz\u0103 accesul facil la componentele cheie pentru inspec\u021bie \u0219i service pot reduce semnificativ timpii de nefunc\u021bionare \u0219i costurile de \u00eentre\u021binere.<\/p>\n<p><img decoding=\"async\" src=\"https:\/\/www.hydraulic-cylinders.net\/wp-content\/uploads\/2025\/04\/songte-oil-pipes-and-spare-parts.webp\" alt=\"Componente cilindru hidraulic\"><\/p>\n<h2>Etan\u0219area \u0219i lubrifierea cilindrului hidraulic<\/h2>\n<p>Eficacitatea unui cilindru al bra\u021bului depinde \u00een mare m\u0103sur\u0103 de sistemele sale de etan\u0219are \u0219i lubrifiere. Diverse etan\u0219\u0103ri, cum ar fi etan\u0219\u0103rile pistonului \u0219i etan\u0219\u0103rile tijei, sunt esen\u021biale pentru men\u021binerea integrit\u0103\u021bii sistemului hidraulic. Selec\u021bia materialelor precum poliuretanul \u0219i cauciucul nitrilic asigur\u0103 c\u0103 aceste etan\u0219\u0103ri pot rezista la uzur\u0103 \u0219i pot oferi capacit\u0103\u021bi eficiente de etan\u0219are.<\/p>\n<p>\u00cen plus, corpul cilindrului \u0219i capetele filetate sunt supuse unor prelucr\u0103ri de precizie pentru a spori rezisten\u021ba la uzur\u0103, asigur\u00e2ndu-se c\u0103 r\u0103m\u00e2n func\u021bionale \u00een timp. Lubrifierea regulat\u0103 cu ulei hidraulic este crucial\u0103; aceasta nu numai c\u0103 faciliteaz\u0103 o func\u021bionare lin\u0103, dar ajut\u0103 \u0219i la disiparea c\u0103ldurii generate \u00een timpul func\u021bion\u0103rii. Operatorii trebuie s\u0103 se asigure c\u0103 nivelurile de ulei hidraulic sunt adecvate \u0219i c\u0103 uleiul este curat \u0219i f\u0103r\u0103 contaminan\u021bi pentru a men\u021bine performan\u021be optime.<\/p>\n<h2>Inspec\u021bie regulat\u0103 \u0219i m\u0103suri de \u00eentre\u021binere preventiv\u0103<\/h2>\n<ul>\n<li><strong>Inspec\u021bii regulate:<\/strong> Inspec\u021biile frecvente pot ajuta la identificarea problemelor poten\u021biale \u00eenainte ca acestea s\u0103 se transforme \u00een probleme majore. Operatorii ar trebui s\u0103 verifice semnele de uzur\u0103, scurgerile \u0219i alte anomalii \u00een timpul verific\u0103rilor de rutin\u0103 ale ma\u0219inilor.<\/li>\n<li><strong>Lubrifiere:<\/strong> Lubrifierea adecvat\u0103 este esen\u021bial\u0103 pentru o func\u021bionare f\u0103r\u0103 probleme. Operatorii trebuie s\u0103 se asigure c\u0103 toate piesele mobile sunt lubrifiate \u00een mod regulat, urm\u00e2nd recomand\u0103rile produc\u0103torului.<\/li>\n<li><strong>\u00cenlocuirea garniturii:<\/strong> \u00cen timp, garniturile se pot uza \u0219i pot necesita \u00eenlocuire. Monitorizarea regulat\u0103 poate ajuta la determinarea momentului \u00een care garniturile trebuie \u00eenlocuite pentru a preveni scurgerile de fluid hidraulic.<\/li>\n<\/ul>\n<h2>Instruc\u021biuni de instalare corect\u0103<\/h2>\n<p>Instalarea corect\u0103 a unui cilindru al bra\u021bului este crucial\u0103 pentru o performan\u021b\u0103 optim\u0103. \u00cencepe\u021bi prin a v\u0103 asigura c\u0103 suprafe\u021bele de montare sunt curate \u0219i f\u0103r\u0103 resturi. Alinia\u021bi cilindrul corect cu suporturile de montare pentru a evita stresul asupra cilindrului \u00een timpul func\u021bion\u0103rii.<\/p>\n<p>Folosi\u021bi accesorii de montare adecvate, care pot suporta sarcinile opera\u021bionale. Se recomand\u0103 utilizarea unor console de instalare adecvate pentru o fixare sigur\u0103. Dup\u0103 instalare, verifica\u021bi din nou alinierea cilindrului pentru a asigura o func\u021bionare eficient\u0103 \u0219i a preveni uzura prematur\u0103.<\/p>\n<p>Dup\u0103 instalare, este esen\u021bial s\u0103 testa\u021bi sistemul \u00een condi\u021bii de func\u021bionare pentru a confirma c\u0103 cilindrul func\u021bioneaz\u0103 conform destina\u021biei. Monitoriza\u021bi orice zgomote neobi\u0219nuite, vibra\u021bii sau scurgeri \u00een timpul opera\u021biunilor ini\u021biale.<\/p>\n<p><img decoding=\"async\" src=\"https:\/\/www.hydraulic-cylinders.net\/wp-content\/uploads\/2025\/04\/songte-chushion-collar.webp\" alt=\"Instalarea cilindrului\"><\/p>\n<h2>Considera\u021bii de siguran\u021b\u0103 \u0219i factori de mediu<\/h2>\n<p>Atunci c\u00e2nd se lucreaz\u0103 cu cilindri hidraulici, m\u0103surile de siguran\u021b\u0103 sunt primordiale. Operatorii trebuie s\u0103 poarte \u00eentotdeauna echipament individual de protec\u021bie (EIP) adecvat pentru a se proteja \u00eempotriva poten\u021bialelor pericole. Este esen\u021bial s\u0103 se asigure c\u0103 toate protocoalele de siguran\u021b\u0103 sunt respectate \u00een timpul func\u021bion\u0103rii \u0219i \u00eentre\u021binerii pentru a preveni accidentele \u0219i v\u0103t\u0103m\u0103rile corporale.<\/p>\n<p>Mai mult, luarea \u00een considerare a factorilor de mediu, cum ar fi temperatura \u0219i expunerea la intemperii, poate afecta performan\u021ba \u0219i longevitatea cilindrilor hidraulici. Operatorii ar trebui s\u0103 fie con\u0219tien\u021bi de ace\u0219ti factori \u0219i s\u0103 ia m\u0103suri pentru a proteja echipamentul \u00een consecin\u021b\u0103.<\/p>\n<h2>Depanare \u0219i probleme frecvente<\/h2>\n<ul>\n<li><strong>Scurgeri:<\/strong> Scurgeri de fluid hidraulic pot ap\u0103rea din cauza garniturilor uzate sau a componentelor deteriorate. Inspec\u021biile regulate pot ajuta la identificarea \u0219i remedierea prompt\u0103 a acestor probleme.<\/li>\n<li><strong>Performan\u021b\u0103 slab\u0103:<\/strong> Dac\u0103 cilindrul bra\u021bului nu r\u0103spunde corespunz\u0103tor, poate fi un semn al unui nivel sc\u0103zut de lichid hidraulic sau al prezen\u021bei aerului \u00een sistem. Verificarea \u0219i completarea cu lichid hidraulic sau aerisirea sistemului pot rezolva aceast\u0103 problem\u0103.<\/li>\n<li><strong>Zgomote neobi\u0219nuite:<\/strong> Zgomote precum scr\u00e2\u0219netul sau \u0219uieratul pot indica probleme mecanice sau niveluri sc\u0103zute de lubrifiere. O inspec\u021bie imediat\u0103 este necesar\u0103 pentru a preveni deteriorarea ulterioar\u0103.<\/li>\n<\/ul>\n<p>Aceste probleme comune necesit\u0103 o diagnosticare atent\u0103 pentru a asigura rezolv\u0103ri eficiente. M\u0103surile preventive regulate, cum ar fi \u00eentre\u021binerea \u0219i inspec\u021biile de rutin\u0103, pot ajuta la atenuarea multor probleme poten\u021biale.<\/p>\n<p><img decoding=\"async\" src=\"https:\/\/www.hydraulic-cylinders.net\/wp-content\/uploads\/2025\/04\/songte-bushings-with-all-kinds-of-excavator-models.webp\" alt=\"Depanarea cilindrului hidraulic\"><\/p>\n<h2>Despre compania noastr\u0103<\/h2>\n<p>Suntem un produc\u0103tor \u0219i distribuitor angro de top de cilindri hidraulici, specializa\u021bi \u00een furnizarea de op\u021biuni de \u00eenlocuire de \u00eenalt\u0103 calitate. Gama noastr\u0103 larg\u0103 de produse ne-a consacrat ca un juc\u0103tor important at\u00e2t pe pie\u021bele interne, c\u00e2t \u0219i pe cele interna\u021bionale.<\/p>\n<p>Ne ghid\u0103m spre excelen\u021b\u0103 \u00een calitate \u0219i folosim o strategie rafinat\u0103 de management al produc\u021biei, valorific\u00e2nd tehnologie avansat\u0103 \u0219i sisteme profesionale de testare. Angajamentul nostru fa\u021b\u0103 de \u00eembun\u0103t\u0103\u021birea continu\u0103 garanteaz\u0103 c\u0103 satisfacem diversele nevoi ale clien\u021bilor cu eficien\u021b\u0103, precizie \u0219i calitate ridicate.<\/p>\n<p><img decoding=\"async\" src=\"https:\/\/www.hydraulic-cylinders.net\/wp-content\/uploads\/2025\/04\/songte-company-4.webp\" alt=\"Prezentare general\u0103 a companiei\"><br \/>\n<img decoding=\"async\" src=\"https:\/\/www.hydraulic-cylinders.net\/wp-content\/uploads\/2025\/04\/songte-company-3.webp\" alt=\"Facilitatea companiei\"><\/p>\n<p>Expertiza noastr\u0103 se extinde la furnizarea de solu\u021bii personalizate, certific\u0103ri interna\u021bionale \u0219i asisten\u021b\u0103 post-v\u00e2nzare robust\u0103, asigur\u00e2nd satisfac\u021bia clien\u021bilor \u0219i \u00eencrederea \u00een produsele noastre.<\/p>\n<p>Autor: lyl<\/p>","protected":false},"excerpt":{"rendered":"<p>Boom Cylinder For Kobelco Small Excavator SK140LC Understanding the Boom Cylinder The boom cylinder is a crucial component in the hydraulic systems of various heavy machinery, particularly excavators, backhoe loaders, and front loaders. This hydraulic cylinder is specifically designed to control the movement of the boom, allowing it to lift, lower, and tilt the attached [&hellip;]<\/p>","protected":false},"featured_media":17881,"comment_status":"open","ping_status":"closed","template":"","meta":{"_et_pb_use_builder":"","_et_pb_old_content":"","_et_gb_content_width":""},"product_brand":[],"product_cat":[1546],"product_tag":[1547,1496],"class_list":{"0":"post-19060","1":"product","2":"type-product","3":"status-publish","4":"has-post-thumbnail","6":"product_cat-boom-cylinders","7":"product_tag-boom-cylinders","8":"product_tag-hydraulic-cylinders","10":"first","11":"instock","12":"shipping-taxable","13":"product-type-simple"},"amp_enabled":true,"_links":{"self":[{"href":"https:\/\/www.hydraulic-cylinders.net\/ro\/wp-json\/wp\/v2\/product\/19060","targetHints":{"allow":["GET"]}}],"collection":[{"href":"https:\/\/www.hydraulic-cylinders.net\/ro\/wp-json\/wp\/v2\/product"}],"about":[{"href":"https:\/\/www.hydraulic-cylinders.net\/ro\/wp-json\/wp\/v2\/types\/product"}],"replies":[{"embeddable":true,"href":"https:\/\/www.hydraulic-cylinders.net\/ro\/wp-json\/wp\/v2\/comments?post=19060"}],"wp:featuredmedia":[{"embeddable":true,"href":"https:\/\/www.hydraulic-cylinders.net\/ro\/wp-json\/wp\/v2\/media\/17881"}],"wp:attachment":[{"href":"https:\/\/www.hydraulic-cylinders.net\/ro\/wp-json\/wp\/v2\/media?parent=19060"}],"wp:term":[{"taxonomy":"product_brand","embeddable":true,"href":"https:\/\/www.hydraulic-cylinders.net\/ro\/wp-json\/wp\/v2\/product_brand?post=19060"},{"taxonomy":"product_cat","embeddable":true,"href":"https:\/\/www.hydraulic-cylinders.net\/ro\/wp-json\/wp\/v2\/product_cat?post=19060"},{"taxonomy":"product_tag","embeddable":true,"href":"https:\/\/www.hydraulic-cylinders.net\/ro\/wp-json\/wp\/v2\/product_tag?post=19060"}],"curies":[{"name":"wp","href":"https:\/\/api.w.org\/{rel}","templated":true}]}}