{"id":19068,"date":"2025-04-07T06:11:17","date_gmt":"2025-04-07T06:11:17","guid":{"rendered":"https:\/\/www.hydraulic-cylinders.net\/product\/boom-cylinder-for-kobelco-small-excavator-sk60-3-8\/"},"modified":"2025-04-07T06:11:19","modified_gmt":"2025-04-07T06:11:19","slug":"boom-cylinder-for-kobelco-small-excavator-sk60-3-8","status":"publish","type":"product","link":"https:\/\/www.hydraulic-cylinders.net\/ro\/produs\/boom-cylinder-for-kobelco-small-excavator-sk60-3-8\/","title":{"rendered":"Cilindru de bra\u021b pentru excavatorul mic Kobelco SK60-3-8"},"content":{"rendered":"<h1>Cilindru de bra\u021b pentru excavatorul mic Kobelco SK60-3-8<\/h1>\n<h2>Introducere \u00een cilindrul bra\u021bului<\/h2>\n<p>Cilindrul bra\u021bului este o component\u0103 hidraulic\u0103 esen\u021bial\u0103, special conceput\u0103 pentru a controla mi\u0219carea cupei \u00een diverse utilaje grele, cum ar fi excavatoarele, \u00eenc\u0103rc\u0103toarele excavatoare \u0219i \u00eenc\u0103rc\u0103toarele frontale. Acest cilindru hidraulic permite ridicarea, cobor\u00e2rea \u0219i \u00eenclinarea cupei, facilit\u00e2nd sarcinile eficiente de manipulare a materialelor. Func\u021bionarea corect\u0103 a cilindrului bra\u021bului este crucial\u0103 pentru maximizarea capacit\u0103\u021bilor opera\u021bionale ale excavatoarelor, \u00een special \u00een activit\u0103\u021bile de construc\u021bii \u0219i excavare.<\/p>\n<p><img decoding=\"async\" src=\"https:\/\/www.hydraulic-cylinders.net\/wp-content\/uploads\/2025\/04\/songte-company-1.webp\" alt=\"Cilindru de bra\u021b\" \/><\/p>\n<h2>Caracteristicile cilindrului bra\u021bului<\/h2>\n<ul>\n<li>\n<h3>Rezisten\u021b\u0103 \u0219i durabilitate ridicate<\/h3>\n<p>De obicei, construi\u021bi din o\u021bel sau aluminiu de \u00eenalt\u0103 rezisten\u021b\u0103, cilindrii bra\u021bului sunt capabili s\u0103 reziste la presiuni ridicate \u0219i sarcini grele. Ace\u0219tia sunt proiecta\u021bi s\u0103 reziste la medii de lucru dure, lu\u00e2nd \u00een considerare rezisten\u021ba la uzur\u0103 \u0219i la coroziune, prelungindu-le astfel durata de via\u021b\u0103.<\/li>\n<li>\n<h3>Func\u021bionare hidraulic\u0103 eficient\u0103<\/h3>\n<p>Prin utilizarea presiunii uleiului hidraulic, cilindrii bra\u021bului asigur\u0103 ac\u021biuni line de extensie \u0219i retragere. Ace\u0219tia r\u0103spund rapid la comenzile opera\u021bionale, oferind o for\u021b\u0103 substan\u021bial\u0103 de \u00eempingere \u0219i tragere, ideal\u0103 pentru manipularea materialelor grele \u0219i a sarcinilor complexe.<\/li>\n<li>\n<h3>Diverse tipuri<\/h3>\n<p>\u00cen func\u021bie de cerin\u021be, cilindrii bra\u021bului pot fi ale\u0219i ca fiind cu ac\u021biune simpl\u0103 (folosind puterea hidraulic\u0103 \u00eentr-o singur\u0103 direc\u021bie) sau cu ac\u021biune dubl\u0103 (folosind puterea hidraulic\u0103 \u00een ambele direc\u021bii). Anumite modele sunt telescopice, permi\u021b\u00e2nd o extensie mai mare f\u0103r\u0103 a cre\u0219te dimensiunile exterioare, fiind potrivite pentru aplica\u021bii cu spa\u021biu limitat.<\/li>\n<\/ul>\n<p>Noi fabric\u0103m acest produs, iar cilindrii no\u0219tri \u00eenlocuiesc perfect aceste sisteme hidraulice.<\/p>\n<p><img decoding=\"async\" src=\"https:\/\/www.hydraulic-cylinders.net\/wp-content\/uploads\/2025\/04\/songte-cylinder-head-with-all-kinds-excavator-models.webp\" alt=\"Modele de excavatoare Kobelco\" \/><\/p>\n<h2>Scenarii de aplica\u021bii<\/h2>\n<ul>\n<li>\n<h3>Echipamente de construc\u021bii<\/h3>\n<p>\u00cen excavatoare, cilindrii bra\u021bului sunt vitali pentru s\u0103pare, \u00eenc\u0103rcare \u0219i mutarea p\u0103m\u00e2ntului sau a molozului. Ace\u0219tia ajut\u0103 at\u00e2t la sarcinile de excavare, c\u00e2t \u0219i la cele de ridicare la buldoexcavatoare, ceea ce \u00eei face indispensabili pentru opera\u021biunile de construc\u021bii.<\/h3>\n<\/li>\n<li>\n<h3>Ma\u0219ini agricole<\/h3>\n<p>Ace\u0219ti cilindri sunt utiliza\u021bi la \u00eenc\u0103rc\u0103toarele frontale pentru scobere, ridicare \u0219i transportul solului, f\u00e2nului \u0219i altor materiale, sporind eficien\u021ba \u00een sarcinile agricole.<\/h3>\n<\/li>\n<li>\n<h3>Excavatoare<\/h3>\n<p>Cilindrul bra\u021bului permite cupei s\u0103 p\u0103trund\u0103 \u00een sol, facilit\u00e2nd ac\u021biunile de excavare esen\u021biale pentru diverse proiecte de excavare.<\/h3>\n<\/li>\n<li>\n<h3>\u00cenc\u0103rc\u0103toare<\/h3>\n<p>La \u00eenc\u0103rc\u0103toarele frontale, cilindrii bra\u021bului contribuie la ridicarea \u0219i desc\u0103rcarea eficient\u0103 a m\u0103rfurilor, esen\u021bial\u0103 pentru manipularea materialelor \u00een diverse aplica\u021bii.<\/h3>\n<\/li>\n<\/ul>\n<h2>Considera\u021bii de proiectare \u0219i criterii de selec\u021bie<\/h2>\n<ul>\n<li>\n<h3>Capacitate de \u00eenc\u0103rcare<\/h3>\n<p>\u00cen\u021belegerea capacit\u0103\u021bii de \u00eenc\u0103rcare a cilindrului bra\u021bului este crucial\u0103 pentru selectarea modelului potrivit pentru aplica\u021bii specifice. Aceasta asigur\u0103 faptul c\u0103 cilindrul poate suporta greutatea a\u0219teptat\u0103 f\u0103r\u0103 riscul de defec\u021biune.<\/h3>\n<\/li>\n<li>\n<h3>Sigilare<\/h3>\n<p>Mecanismele eficiente de etan\u0219are sunt vitale pentru a preveni scurgerile de fluid hidraulic, care pot compromite eficien\u021ba \u0219i performan\u021ba cilindrului. Garniturile de \u00eenalt\u0103 calitate trebuie selectate \u00een func\u021bie de condi\u021biile de func\u021bionare.<\/h3>\n<\/li>\n<li>\n<h3>Durabilitate<\/h3>\n<p>Materialele utilizate la fabricarea cilindrului bra\u021bului ar trebui s\u0103 reziste uzurii \u00een timp. Aceast\u0103 durabilitate este esen\u021bial\u0103 pentru asigurarea unei durate lungi de via\u021b\u0103 \u0219i minimizarea nevoilor de \u00eentre\u021binere.<\/h3>\n<\/li>\n<li>\n<h3>Siguran\u0163\u0103<\/h3>\n<p>Caracteristicile de siguran\u021b\u0103 trebuie integrate \u00een proiectare pentru a proteja operatorii \u0219i echipamentele \u00een timpul func\u021bion\u0103rii. Acestea includ sisteme de protec\u021bie la suprasarcin\u0103 pentru a preveni defec\u021biunile cilindrilor.<\/h3>\n<\/li>\n<li>\n<h3>\u00centre\u0163inere<\/h3>\n<p>U\u0219urin\u021ba \u00eentre\u021binerii ar trebui luat\u0103 \u00een considerare \u00een alegerile de proiectare, permi\u021b\u00e2nd accesul facil la componentele care necesit\u0103 verific\u0103ri \u0219i \u00eenlocuiri regulate.<\/h3>\n<\/li>\n<\/ul>\n<p><img decoding=\"async\" src=\"https:\/\/www.hydraulic-cylinders.net\/wp-content\/uploads\/2025\/04\/songte-oil-pipes-and-spare-parts.webp\" alt=\"Componente hidraulice\" \/><\/p>\n<h2>Etan\u0219are \u0219i lubrifiere<\/h2>\n<p>Utilizarea diferitelor tipuri de etan\u0219\u0103ri, cum ar fi etan\u0219\u0103rile pistonului \u0219i etan\u0219\u0103rile tijei, este esen\u021bial\u0103 pentru men\u021binerea integrit\u0103\u021bii sistemului hidraulic. Etan\u0219\u0103rile fabricate din materiale durabile, precum poliuretanul \u0219i cauciucul nitrilic, sporesc longevitatea \u0219i reduc uzura. Corpul cilindrului \u0219i capetele filetate sunt supuse unor prelucr\u0103ri fine pentru a \u00eembun\u0103t\u0103\u021bi rezisten\u021ba la uzur\u0103. Lubrifierea regulat\u0103 cu ulei hidraulic este necesar\u0103 pentru a asigura o func\u021bionare lin\u0103 \u0219i a preveni deteriorarea intern\u0103. Trebuie men\u021binute niveluri adecvate de ulei pentru a evita supra\u00eenc\u0103lzirea \u0219i uzura prematur\u0103.<\/p>\n<h2>M\u0103suri de \u00eentre\u021binere preventiv\u0103<\/h2>\n<ul>\n<li>\n<h3>Inspec\u021bii regulate<\/h3>\n<p>Efectuarea inspec\u021biilor programate ajut\u0103 la identificarea poten\u021bialelor probleme \u00eenainte ca acestea s\u0103 escaladeze. Aceasta include verificarea scurgerilor, a uzurii \u0219i a integrit\u0103\u021bii generale a cilindrului.<\/h3>\n<\/li>\n<li>\n<h3>Lubrifiere<\/h3>\n<p>Este esen\u021bial s\u0103 lubrifia\u021bi \u00een mod regulat cilindrul bra\u021bului pentru a men\u021bine o func\u021bionare lin\u0103. Lubrifierea adecvat\u0103 minimizeaz\u0103 frecarea \u0219i uzura, prelungind durata de via\u021b\u0103 a componentei.<\/h3>\n<\/li>\n<li>\n<h3>\u00cenlocuirea garniturii<\/h3>\n<p>Verifica\u021bi periodic garniturile pentru uzur\u0103 \u0219i \u00eenlocui\u021bi-le atunci c\u00e2nd este necesar pentru a preveni scurgerile de fluid hidraulic, care pot duce la pierderea performan\u021bei.<\/h3>\n<\/li>\n<\/ul>\n<h2>Instruc\u021biuni de instalare<\/h2>\n<p>Instalarea cilindrului bra\u021bului trebuie efectuat\u0103 de c\u0103tre profesioni\u0219ti pentru a asigura siguran\u021ba \u0219i func\u021bionalitatea. \u00cencepe\u021bi prin alinierea precis\u0103 a cilindrului cu punctele de montare. Folosi\u021bi console de montare adecvate pentru a fixa cilindrul \u00een pozi\u021bie. Asigura\u021bi-v\u0103 c\u0103 liniile hidraulice sunt conectate corect, evit\u00e2nd \u00eendoiturile sau curbele. Se recomand\u0103 aerisirea sistemului hidraulic dup\u0103 instalare pentru a elimina aerul prins. \u00cen cele din urm\u0103, odat\u0103 instalat, efectua\u021bi o prob\u0103 de func\u021bionare pentru a verifica eficien\u021ba opera\u021bional\u0103.<\/p>\n<h2>Sarcini comune de \u00eentre\u021binere<\/h2>\n<ul>\n<li>\n<h3>Inspec\u021bii regulate<\/h3>\n<p>Efectuarea verific\u0103rilor de rutin\u0103 permite detectarea timpurie a oric\u0103ror probleme, reduc\u00e2nd astfel timpul de nefunc\u021bionare. Inspectarea cilindrului pentru orice semne de uzur\u0103 sau deteriorare este esen\u021bial\u0103 pentru men\u021binerea performan\u021bei.<\/h3>\n<\/li>\n<li>\n<h3>Lubrifiere adecvat\u0103<\/h3>\n<p>Asigurarea lubrifierii adecvate a cilindrului bra\u021bului este vital\u0103 pentru prevenirea uzurii excesive. Lubrifierea regulat\u0103 ajut\u0103 la men\u021binerea func\u021biei optime \u0219i prelunge\u0219te durata de via\u021b\u0103 a cilindrului.<\/h3>\n<\/li>\n<li>\n<h3>\u00cenlocuirea garniturii<\/h3>\n<p>Monitorizarea garniturilor pentru semne de uzur\u0103 este important\u0103. \u00cenlocuirea garniturilor dup\u0103 cum este necesar ajut\u0103 la prevenirea scurgerilor \u0219i men\u021bine presiunea hidraulic\u0103, esen\u021bial\u0103 pentru eficien\u021ba opera\u021bional\u0103.<\/h3>\n<\/li>\n<\/ul>\n<p><img decoding=\"async\" src=\"https:\/\/www.hydraulic-cylinders.net\/wp-content\/uploads\/2025\/04\/songte-chushion-collar.webp\" alt=\"Componente cilindru hidraulic\" \/><\/p>\n<h2>Considera\u021bii de siguran\u021b\u0103 \u0219i factori de mediu<\/h2>\n<p>Atunci c\u00e2nd se utilizeaz\u0103 cilindri ai bra\u021bului, este esen\u021bial s\u0103 se respecte protocoalele de siguran\u021b\u0103 pentru a preveni accidentele. Operatorii trebuie s\u0103 fie instrui\u021bi cu privire la procedurile de manipulare \u00een siguran\u021b\u0103, iar utilajele trebuie inspectate periodic pentru a depista defecte. \u00cen plus, eliminarea corect\u0103 a fluidelor hidraulice \u0219i a garniturilor uzate este necesar\u0103 pentru a minimiza impactul asupra mediului.<\/p>\n<h2>Depanare \u0219i probleme frecvente<\/h2>\n<ul>\n<li>\n<h3>Scurgeri de fluid hidraulic<\/h3>\n<p>Scurgerile pot ap\u0103rea din cauza garniturilor uzate sau a furtunurilor deteriorate. Inspecta\u021bi \u0219i \u00eenlocui\u021bi prompt orice componente defecte pentru a evita problemele de performan\u021b\u0103.<\/h3>\n<\/li>\n<li>\n<h3>Mi\u0219carea inconsistent\u0103 a cilindrului<\/h3>\n<p>Dac\u0103 cilindrul bra\u021bului nu se extinde sau nu se retrage lin, verifica\u021bi nivelurile fluidului hidraulic, dac\u0103 exist\u0103 aer prins \u00een sistem sau dac\u0103 exist\u0103 obstruc\u021bii.<\/h3>\n<\/li>\n<li>\n<h3>Zgomote neobi\u0219nuite<\/h3>\n<p>Sunetele ciudate din timpul func\u021bion\u0103rii pot indica uzur\u0103 sau deteriorare intern\u0103. Inspecta\u021bi cilindrul \u0219i \u00eenlocui\u021bi componentele dup\u0103 cum este necesar.<\/h3>\n<\/li>\n<\/ul>\n<p>Pentru a atenua poten\u021bialele probleme, ar trebui puse accent pe \u00eentre\u021binerea regulat\u0103 \u0219i pe practicile de manipulare adecvate.<\/p>\n<p><img decoding=\"async\" src=\"https:\/\/www.hydraulic-cylinders.net\/wp-content\/uploads\/2025\/04\/songte-bushings-with-all-kinds-of-excavator-models.webp\" alt=\"Buc\u0219e pentru excavator\" \/><\/p>\n<h2>Prezentare general\u0103 a companiei<\/h2>\n<p>Suntem un produc\u0103tor specializat \u00een cilindri hidraulici, oferind o gam\u0103 complet\u0103 de produse \u0219i devenind unul dintre principalii produc\u0103tori \u0219i angrosi\u0219ti \u200b\u200bat\u00e2t pe pie\u021bele interne, c\u00e2t \u0219i interna\u021bionale. Angajamentul nostru fa\u021b\u0103 de excelen\u021b\u0103 este sus\u021binut de o strategie rafinat\u0103 de management al produc\u021biei, utiliz\u00e2nd personal tehnic calificat, echipamente digitale avansate de produc\u021bie \u0219i sisteme profesionale de testare. Capacitatea noastr\u0103 puternic\u0103 de inovare, combinat\u0103 cu eficien\u021b\u0103 ridicat\u0103, precizie \u0219i principii de calitate, ne permite s\u0103 satisfacem eficient diversele nevoi ale clien\u021bilor.<\/p>\n<p><img decoding=\"async\" src=\"https:\/\/www.hydraulic-cylinders.net\/wp-content\/uploads\/2025\/04\/songte-company-4.webp\" alt=\"Prezentare general\u0103 a companiei\" \/><br \/>\n<img decoding=\"async\" src=\"https:\/\/www.hydraulic-cylinders.net\/wp-content\/uploads\/2025\/04\/songte-company-3.webp\" alt=\"Unitate de produc\u021bie\" \/><\/p>\n<p>Oferim servicii personalizate, sus\u021binute de certific\u0103ri interna\u021bionale, \u0219i un sistem robust de asisten\u021b\u0103 post-v\u00e2nzare pentru a asigura satisfac\u021bia clien\u021bilor no\u0219tri.<\/p>\n<p>Autor: lyl<\/p>","protected":false},"excerpt":{"rendered":"<p>Boom Cylinder For Kobelco Small Excavator SK60-3-8 Introduction to Boom Cylinder The boom cylinder is an essential hydraulic component specifically designed to control the movement of the bucket in various heavy machinery, such as excavators, backhoe loaders, and front loaders. This hydraulic cylinder enables the bucket to lift, lower, and tilt, facilitating efficient material handling [&hellip;]<\/p>","protected":false},"featured_media":17874,"comment_status":"open","ping_status":"closed","template":"","meta":{"_et_pb_use_builder":"","_et_pb_old_content":"","_et_gb_content_width":""},"product_brand":[],"product_cat":[1546],"product_tag":[1547,1496],"class_list":{"0":"post-19068","1":"product","2":"type-product","3":"status-publish","4":"has-post-thumbnail","6":"product_cat-boom-cylinders","7":"product_tag-boom-cylinders","8":"product_tag-hydraulic-cylinders","10":"first","11":"instock","12":"shipping-taxable","13":"product-type-simple"},"amp_enabled":true,"_links":{"self":[{"href":"https:\/\/www.hydraulic-cylinders.net\/ro\/wp-json\/wp\/v2\/product\/19068","targetHints":{"allow":["GET"]}}],"collection":[{"href":"https:\/\/www.hydraulic-cylinders.net\/ro\/wp-json\/wp\/v2\/product"}],"about":[{"href":"https:\/\/www.hydraulic-cylinders.net\/ro\/wp-json\/wp\/v2\/types\/product"}],"replies":[{"embeddable":true,"href":"https:\/\/www.hydraulic-cylinders.net\/ro\/wp-json\/wp\/v2\/comments?post=19068"}],"wp:featuredmedia":[{"embeddable":true,"href":"https:\/\/www.hydraulic-cylinders.net\/ro\/wp-json\/wp\/v2\/media\/17874"}],"wp:attachment":[{"href":"https:\/\/www.hydraulic-cylinders.net\/ro\/wp-json\/wp\/v2\/media?parent=19068"}],"wp:term":[{"taxonomy":"product_brand","embeddable":true,"href":"https:\/\/www.hydraulic-cylinders.net\/ro\/wp-json\/wp\/v2\/product_brand?post=19068"},{"taxonomy":"product_cat","embeddable":true,"href":"https:\/\/www.hydraulic-cylinders.net\/ro\/wp-json\/wp\/v2\/product_cat?post=19068"},{"taxonomy":"product_tag","embeddable":true,"href":"https:\/\/www.hydraulic-cylinders.net\/ro\/wp-json\/wp\/v2\/product_tag?post=19068"}],"curies":[{"name":"wp","href":"https:\/\/api.w.org\/{rel}","templated":true}]}}