{"id":19091,"date":"2025-04-07T06:12:23","date_gmt":"2025-04-07T06:12:23","guid":{"rendered":"https:\/\/www.hydraulic-cylinders.net\/product\/boom-cylinder-for-kobelco-large-excavator-sk4608\/"},"modified":"2025-04-07T06:12:25","modified_gmt":"2025-04-07T06:12:25","slug":"boom-cylinder-for-kobelco-large-excavator-sk4608","status":"publish","type":"product","link":"https:\/\/www.hydraulic-cylinders.net\/ro\/produs\/boom-cylinder-for-kobelco-large-excavator-sk4608\/","title":{"rendered":"Cilindru de bra\u021b pentru excavatorul mare Kobelco SK4608"},"content":{"rendered":"<h1>Cilindru de bra\u021b pentru excavatorul mare Kobelco SK4608<\/h1>\n<h2>Prezentare general\u0103 a produsului<\/h2>\n<p>Cel\/Cea\/Cei\/Cele <strong>Cilindru de bra\u021b<\/strong> este o component\u0103 hidraulic\u0103 special conceput\u0103 pentru utilaje grele, \u00een special <strong>Excavator mare Kobelco SK4608<\/strong>Acest cilindru joac\u0103 un rol crucial \u00een controlul mi\u0219c\u0103rii bra\u021bului excavatorului, permi\u021b\u00e2nd opera\u021biunile de ridicare, cobor\u00e2re \u0219i \u00eenclinare. Aceste mi\u0219c\u0103ri sunt esen\u021biale pentru sarcini eficiente de manipulare a materialelor, cum ar fi s\u0103parea, ridicarea \u0219i transportul diverselor materiale pe \u0219antierele de construc\u021bii.<\/p>\n<p><img decoding=\"async\" src=\"https:\/\/www.hydraulic-cylinders.net\/wp-content\/uploads\/2025\/04\/songte-company-1.webp\" alt=\"Cilindru de bra\u021b pentru excavatoare\"><\/p>\n<h3>Defini\u021bie \u0219i func\u021bionalitate<\/h3>\n<p>Cilindrul bra\u021bului este un tip de cilindru hidraulic care utilizeaz\u0103 presiunea uleiului hidraulic pentru a crea mi\u0219care. Este conceput pentru aplica\u021bii \u00een excavatoare, \u00eenc\u0103rc\u0103toare frontale \u0219i excavatoare, permi\u021b\u00e2nd operatorilor s\u0103 efectueze o gam\u0103 larg\u0103 de sarcini cu precizie. Designul cilindrului \u00eei permite s\u0103 reziste la presiuni ridicate \u0219i sarcini grele, fiind ideal pentru medii solicitante. Func\u021bionalitatea sa asigur\u0103 extinderea \u0219i retragerea u\u0219oar\u0103 a bra\u021bului, \u00eembun\u0103t\u0103\u021bind performan\u021ba general\u0103 a excavatorului.<\/p>\n<h2>Caracteristici cheie<\/h2>\n<ul>\n<li><strong>Rezisten\u021b\u0103 \u0219i durabilitate ridicate:<\/strong> Fabricat din o\u021bel sau aluminiu de \u00eenalt\u0103 rezisten\u021b\u0103, capabil s\u0103 reziste la presiuni ridicate \u0219i sarcini grele. Conceput pentru rezisten\u021b\u0103 la uzur\u0103 \u0219i coroziune, prelungindu-i durata de via\u021b\u0103.<\/li>\n<li><strong>Func\u021bionare hidraulic\u0103 eficient\u0103:<\/strong> Utilizeaz\u0103 presiunea uleiului hidraulic pentru o extensie \u0219i retragere lin\u0103, r\u0103spunz\u00e2nd rapid la comenzile de control, oferind o for\u021b\u0103 puternic\u0103 de \u00eempingere \u0219i tragere, potrivit\u0103 pentru sarcini grele \u0219i complexe.<\/li>\n<li><strong>Diverse tipuri:<\/strong> Disponibil \u00een configura\u021bii cu ac\u021biune simpl\u0103 (func\u021bioneaz\u0103 \u00eentr-o singur\u0103 direc\u021bie) sau cu ac\u021biune dubl\u0103 (func\u021bioneaz\u0103 \u00een dou\u0103 direc\u021bii) pentru a satisface diverse nevoi opera\u021bionale. Unele modele sunt telescopice, permi\u021b\u00e2nd o extensie mai mare f\u0103r\u0103 a cre\u0219te dimensiunile exterioare, ideale pentru aplica\u021bii cu spa\u021biu limitat.<\/li>\n<li><strong>Fabrica\u021bie personalizat\u0103:<\/strong> Noi fabric\u0103m acest produs, iar cilindrii no\u0219tri pot \u00eenlocui perfect cilindrii hidraulici existen\u021bi, asigur\u00e2nd compatibilitate \u0219i performan\u021b\u0103.<\/li>\n<li><strong>Aplica\u021bii versatile:<\/strong> Potrivit pentru diverse utilaje grele, sporind eficien\u021ba opera\u021bional\u0103 \u00een diferite sectoare.<\/li>\n<\/ul>\n<p><img decoding=\"async\" src=\"https:\/\/www.hydraulic-cylinders.net\/wp-content\/uploads\/2025\/04\/songte-cylinder-head-with-all-kinds-excavator-models.webp\" alt=\"Modele de excavatoare\"><\/p>\n<h2>Aplica\u021bii<\/h2>\n<h3>Echipamente de construc\u021bii<\/h3>\n<p>\u00cen excavatoare, cilindrii bra\u021bului sunt esen\u021biali pentru s\u0103pare, \u00eenc\u0103rcare \u0219i mutarea solului sau a resturilor. Capacitatea lor de a controla mi\u0219carea bra\u021bului permite s\u0103parea \u0219i ridicarea precise, ceea ce \u00eei face indispensabili \u00een proiectele de construc\u021bii. \u00cen cazul \u00eenc\u0103rc\u0103toarelor excavatoare, cilindrul bra\u021bului ajut\u0103 at\u00e2t la func\u021biile de s\u0103pare, c\u00e2t \u0219i la cele de ridicare, sporind versatilitatea ma\u0219inii pe \u0219antier.<\/p>\n<h3>Ma\u0219ini agricole<\/h3>\n<p>\u00cen \u00eenc\u0103rc\u0103toarele frontale, cilindrii bra\u021bului sunt utiliza\u021bi pentru scoaterea, ridicarea \u0219i transportul solului, f\u00e2nului \u0219i altor materiale. Designul lor robust asigur\u0103 o func\u021bionare eficient\u0103 \u00een mediile agricole, unde durabilitatea \u0219i fiabilitatea sunt cruciale pentru productivitate.<\/p>\n<h3>Excavatoare<\/h3>\n<p>\u00cen cazul excavatoarelor, cilindrul bra\u021bului permite cupei s\u0103 p\u0103trund\u0103 ad\u00e2nc \u00een sol, facilit\u00e2nd ac\u021biuni eficiente de excavare. Designul lor optimizeaz\u0103 performan\u021ba \u00een diverse condi\u021bii de sol, sporind capacitatea operatorului de a efectua sarcinile eficient.<\/p>\n<h3>\u00cenc\u0103rc\u0103toare<\/h3>\n<p>\u00cen cazul \u00eenc\u0103rc\u0103toarelor frontale, cilindrii bra\u021bului ajut\u0103 la ridicarea \u0219i desc\u0103rcarea eficient\u0103 a materialelor. Func\u021bionarea lor fiabil\u0103 joac\u0103 un rol vital \u00een \u00eembun\u0103t\u0103\u021birea productivit\u0103\u021bii sarcinilor de \u00eenc\u0103rcare, eficientiz\u00e2nd opera\u021biunile \u00een diverse industrii.<\/p>\n<h2>Considera\u021bii de proiectare<\/h2>\n<h3>Capacitate de \u00eenc\u0103rcare<\/h3>\n<p>Atunci c\u00e2nd se selecteaz\u0103 un cilindru pentru bra\u021b, capacitatea de \u00eenc\u0103rcare este un factor crucial. Aceasta determin\u0103 greutatea maxim\u0103 pe care cilindrul o poate suporta \u00een siguran\u021b\u0103. Un cilindru bine proiectat va avea o capacitate de \u00eenc\u0103rcare care se aliniaz\u0103 cu cerin\u021bele opera\u021bionale ale excavatorului, asigur\u00e2nd o performan\u021b\u0103 sigur\u0103 \u0219i eficient\u0103. Printre aspectele de luat \u00een considerare se num\u0103r\u0103 rezisten\u021ba materialului, diametrul cilindrului \u0219i calitatea etan\u0219\u0103rilor hidraulice utilizate, deoarece aceste elemente influen\u021beaz\u0103 \u00eempreun\u0103 capacitatea portant\u0103.<\/p>\n<h3>Performan\u021ba de etan\u0219are<\/h3>\n<p>Etan\u0219area eficient\u0103 este esen\u021bial\u0103 pentru a preveni scurgerile de fluid hidraulic, care pot compromite performan\u021ba \u0219i siguran\u021ba. Garniturile de \u00eenalt\u0103 calitate reduc uzura \u0219i asigur\u0103 c\u0103 fluidul hidraulic r\u0103m\u00e2ne con\u021binut \u00een cilindru. Materiale precum poliuretanul \u0219i cauciucul nitrilic sunt utilizate \u00een mod obi\u0219nuit pentru garnituri datorit\u0103 durabilit\u0103\u021bii \u0219i rezisten\u021bei lor la uzur\u0103. Etan\u0219area adecvat\u0103 contribuie, de asemenea, la eficien\u021ba general\u0103 a sistemului hidraulic, reduc\u00e2nd la minimum nevoile de \u00eentre\u021binere.<\/p>\n<h3>Durabilitate<\/h3>\n<p>Durabilitatea este primordial\u0103 pentru cilindrii hidraulici care func\u021bioneaz\u0103 \u00een medii dure. Proiectarea ar trebui s\u0103 ia \u00een considerare factori precum rezisten\u021ba la coroziune \u0219i rezisten\u021ba la uzur\u0103. Utilizarea materialelor de \u00eenalt\u0103 rezisten\u021b\u0103 \u0219i a acoperirilor de protec\u021bie poate cre\u0219te semnificativ durata de via\u021b\u0103 a cilindrului, reduc\u00e2nd frecven\u021ba \u00eenlocuirilor \u0219i repara\u021biilor. \u00centre\u021binerea regulat\u0103 este, de asemenea, crucial\u0103 pentru men\u021binerea durabilit\u0103\u021bii cilindrului, asigur\u00e2ndu-i func\u021bionarea optim\u0103 \u00een timp.<\/p>\n<h3>Caracteristici de siguran\u021b\u0103<\/h3>\n<p>Considera\u021biile de siguran\u021b\u0103 sunt vitale \u00een proiectarea cilindrilor bra\u021bului. Caracteristici precum supapele de suprapresiune \u0219i mecanismele de siguran\u021b\u0103 pot preveni defec\u021biunile catastrofale \u00een timpul func\u021bion\u0103rii. Un sistem hidraulic bine proiectat ar trebui s\u0103 includ\u0103, de asemenea, instrumente adecvate de monitorizare a presiunii pentru a alerta operatorii cu privire la orice nereguli care pot indica poten\u021biale probleme, permi\u021b\u00e2nd interven\u021bii la timp.<\/p>\n<h3>Mentenabilitate<\/h3>\n<p>U\u0219urin\u021ba \u00eentre\u021binerii este un aspect important al designului. Cilindrii ar trebui s\u0103 fie proiecta\u021bi pentru acces facil la componentele care necesit\u0103 inspec\u021bii sau \u00eenlocuiri regulate, cum ar fi garniturile \u0219i garniturile de etan\u0219are. Un design u\u0219or de utilizat poate reduce semnificativ timpul de nefunc\u021bionare \u0219i costurile de \u00eentre\u021binere, permi\u021b\u00e2nd repara\u021bii \u0219i service mai rapide. Stabilirea unui program de \u00eentre\u021binere periodic\u0103 ajut\u0103 la asigurarea faptului c\u0103 toate componentele r\u0103m\u00e2n \u00een stare bun\u0103 de func\u021bionare, ceea ce este crucial pentru longevitatea cilindrului.<\/p>\n<p><img decoding=\"async\" src=\"https:\/\/www.hydraulic-cylinders.net\/wp-content\/uploads\/2025\/04\/songte-oil-pipes-and-spare-parts.webp\" alt=\"Piese de schimb\"><\/p>\n<h2>Etan\u0219are \u0219i lubrifiere<\/h2>\n<p>Etan\u0219area \u0219i lubrifierea corespunz\u0103toare sunt esen\u021biale pentru func\u021bionarea eficient\u0103 a cilindrilor bra\u021bului. Diverse etan\u0219\u0103ri, inclusiv etan\u0219\u0103ri pentru piston \u0219i etan\u0219\u0103ri pentru tij\u0103, sunt utilizate pentru a men\u021bine presiunea hidraulic\u0103 \u0219i a preveni scurgerile. Alegerea materialelor de etan\u0219are, cum ar fi poliuretanul \u0219i cauciucul nitrilic, joac\u0103 un rol semnificativ \u00een durabilitatea \u0219i performan\u021ba lor. Corpul cilindrului \u0219i suprafe\u021bele filetate ale cap\u0103tului sunt supuse unor prelucr\u0103ri fine pentru a spori rezisten\u021ba la uzur\u0103, asigur\u00e2nd o func\u021bionalitate de lung\u0103 durat\u0103.<\/p>\n<p>Lubrifierea regulat\u0103 cu ulei hidraulic este esen\u021bial\u0103 pentru a asigura o func\u021bionare lin\u0103. Nivelurile adecvate de ulei hidraulic reduc frecarea \u0219i uzura dintre piesele mobile, prelungind durata de via\u021b\u0103 a cilindrului. Operatorii trebuie s\u0103 fie aten\u021bi la monitorizarea nivelurilor de ulei \u0219i la completarea acestora dup\u0103 cum este necesar pentru a preveni defec\u021biunile sistemului.<\/p>\n<h2>M\u0103suri de \u00eentre\u021binere preventiv\u0103<\/h2>\n<ul>\n<li><strong>Inspec\u021bii regulate:<\/strong> Efectuarea unor verific\u0103ri de rutin\u0103 ale sistemului hidraulic ajut\u0103 la identificarea poten\u021bialelor probleme \u00eenainte ca acestea s\u0103 duc\u0103 la probleme semnificative. C\u0103uta\u021bi orice semne de uzur\u0103, scurgeri sau anomalii \u00een func\u021bionare.<\/li>\n<li><strong>Lubrifiere:<\/strong> Asigura\u021bi-v\u0103 c\u0103 toate piesele mobile sunt lubrifiate corespunz\u0103tor pentru a minimiza frecarea \u0219i uzura. Aceasta include verificarea nivelului de ulei hidraulic \u0219i completarea acestuia dup\u0103 cum este necesar pentru a men\u021bine performan\u021be optime.<\/li>\n<li><strong>\u00cenlocuirea garniturii:<\/strong> Verifica\u021bi periodic garniturile pentru uzur\u0103 \u0219i \u00eenlocui\u021bi-le atunci c\u00e2nd este necesar. Acest lucru poate preveni scurgerile \u0219i poate men\u021bine eficien\u021ba sistemului hidraulic.<\/li>\n<\/ul>\n<h2>Instruc\u021biuni de instalare<\/h2>\n<p>Instalarea corect\u0103 a cilindrului bra\u021bului este crucial\u0103 pentru func\u021bionarea sa eficient\u0103. \u00cencepe\u021bi prin a v\u0103 asigura c\u0103 toate consolele \u0219i suporturile de montare sunt fixate \u0219i aliniate corect. Folosi\u021bi accesoriile de montare adecvate pentru a ata\u0219a cilindrul la ma\u0219in\u0103, asigur\u00e2nd conexiuni str\u00e2nse pentru a preveni mi\u0219carea \u00een timpul func\u021bion\u0103rii.<\/p>\n<p>Acorda\u021bi o aten\u021bie deosebit\u0103 alinierii precise a cilindrului; o aliniere necorespunz\u0103toare poate duce la uzur\u0103 prematur\u0103 \u0219i defec\u021biuni. Folosi\u021bi o nivel\u0103 pentru a v\u0103 asigura c\u0103 cilindrul este pozi\u021bionat corect \u0219i ajusta\u021bi dup\u0103 cum este necesar. Dup\u0103 instalare, ac\u021biona\u021bi ma\u0219ina la viteze mici pentru a verifica dac\u0103 cilindrul func\u021bioneaz\u0103 corect \u0219i c\u0103 nu exist\u0103 scurgeri sau zgomote neobi\u0219nuite.<\/p>\n<p>De asemenea, este recomandabil s\u0103 urma\u021bi instruc\u021biunile produc\u0103torului privind procedurile de instalare \u0219i specifica\u021biile de cuplu pentru \u0219uruburi \u0219i fitinguri, pentru a asigura siguran\u021ba \u0219i fiabilitatea.<\/p>\n<h2>Sarcini de \u00eentre\u021binere<\/h2>\n<h3>Verific\u0103ri regulate<\/h3>\n<p>Inspec\u021biile de rutin\u0103 joac\u0103 un rol esen\u021bial \u00een men\u021binerea func\u021bionalit\u0103\u021bii cilindrului bra\u021bului. Verifica\u021bi dac\u0103 exist\u0103 semne de uzur\u0103 sau deteriorare \u0219i asigura\u021bi-v\u0103 c\u0103 toate conexiunile sunt fixate. Monitoriza\u021bi periodic nivelurile fluidului hidraulic \u0219i starea garniturilor.<\/p>\n<h3>Lubrifiere adecvat\u0103<\/h3>\n<p>Lubrifierea constant\u0103 este vital\u0103 pentru longevitatea sistemului hidraulic. Asigura\u021bi-v\u0103 c\u0103 toate componentele mobile sunt lubrifiate corespunz\u0103tor cu fluidul hidraulic corespunz\u0103tor. \u00cen timp, lubrifian\u021bii se pot deteriora sau contamina, necesit\u00e2nd verific\u0103ri \u0219i \u00eenlocuiri.<\/p>\n<h3>\u00cenlocuirea \u0219i calibrarea etan\u0219\u0103rii<\/h3>\n<p>\u00cenlocuirea garniturilor uzate este crucial\u0103 pentru a preveni scurgerile \u0219i a men\u021bine presiunea \u00een sistem. \u00cen plus, verific\u0103rile de calibrare asigur\u0103 c\u0103 sistemul hidraulic func\u021bioneaz\u0103 la eficien\u021b\u0103 optim\u0103. Sistemele calibrate corect reduc riscul de defec\u021biuni \u0219i \u00eembun\u0103t\u0103\u021besc performan\u021ba general\u0103.<\/p>\n<h2>Considera\u021bii de siguran\u021b\u0103 \u0219i factori de mediu<\/h2>\n<p>Atunci c\u00e2nd se lucreaz\u0103 cu sisteme hidraulice, m\u0103surile de siguran\u021b\u0103 sunt de o importan\u021b\u0103 capital\u0103. Operatorii trebuie s\u0103 poarte \u00eentotdeauna echipament individual de protec\u021bie (EIP) adecvat atunci c\u00e2nd lucreaz\u0103 cu utilaje hidraulice. Instruirea regulat\u0103 privind protocoalele de siguran\u021b\u0103 asigur\u0103 c\u0103 tot personalul este con\u0219tient de pericolele poten\u021biale asociate cu sistemele hidraulice \u0219i \u00een\u021belege cum s\u0103 atenueze eficient riscurile.<\/p>\n<p>Factorii de mediu joac\u0103, de asemenea, un rol \u00een longevitatea \u0219i eficien\u021ba sistemelor hidraulice. Este important s\u0103 se ia \u00een considerare mediul de lucru atunci c\u00e2nd se selecteaz\u0103 componentele, deoarece temperaturile extreme sau expunerea la substan\u021be corozive pot afecta performan\u021ba. Evalu\u0103rile regulate de mediu pot ajuta la \u00een\u021belegerea condi\u021biilor \u00een care func\u021bioneaz\u0103 utilajele \u0219i pot ghida protocoalele de \u00eentre\u021binere \u00een consecin\u021b\u0103.<\/p>\n<h2>Depanare \u0219i probleme frecvente<\/h2>\n<ul>\n<li><strong>Scurgere:<\/strong> Scurgerile de fluid hidraulic pot ap\u0103rea din cauza garniturilor uzate sau a furtunurilor deteriorate. Verifica\u021bi garniturile \u0219i furtunurile pentru uzur\u0103 \u0219i \u00eenlocui\u021bi-le dac\u0103 este necesar.<\/li>\n<li><strong>Func\u021bionare lent\u0103:<\/strong> Dac\u0103 cilindrul func\u021bioneaz\u0103 lent, acest lucru poate indica niveluri sc\u0103zute de lichid hidraulic sau aer blocat \u00een sistem. Verifica\u021bi nivelurile de lichid \u0219i aerisi\u021bi sistemul pentru a elimina aerul.<\/li>\n<li><strong>Supra\u00eenc\u0103lzire:<\/strong> Supra\u00eenc\u0103lzirea poate fi cauzat\u0103 de o sarcin\u0103 excesiv\u0103 sau de o lubrifiere insuficient\u0103. Monitoriza\u021bi condi\u021biile de func\u021bionare \u0219i asigura\u021bi nivelurile adecvate de lubrifiere.<\/li>\n<\/ul>\n<h2>Sfaturi de depanare<\/h2>\n<p>Pentru a diagnostica \u0219i rezolva eficient problemele, \u00eencepe\u021bi prin a efectua o inspec\u021bie am\u0103nun\u021bit\u0103 a tuturor componentelor. Verifica\u021bi dac\u0103 exist\u0103 semne vizibile de deteriorare sau uzur\u0103 \u0219i asigura\u021bi-v\u0103 c\u0103 toate conexiunile sunt fixate. Practicile regulate de \u00eentre\u021binere pot ajuta la prevenirea multor probleme comune.<\/p>\n<p>Implementa\u021bi m\u0103suri preventive, cum ar fi lubrifierea regulat\u0103 \u0219i \u00eenlocuirea la timp a garniturilor, pentru a minimiza riscul unor probleme viitoare. \u00cen cazul unor probleme persistente, consulta\u021bi un profesionist pentru a identifica cauzele care stau la baza problemelor \u0219i a dezvolta solu\u021bii adecvate.<\/p>\n<p><img decoding=\"async\" src=\"https:\/\/www.hydraulic-cylinders.net\/wp-content\/uploads\/2025\/04\/songte-bushings-with-all-kinds-of-excavator-models.webp\" alt=\"Tipuri de buc\u0219e\"><\/p>\n<h2>Despre compania noastr\u0103<\/h2>\n<p>Suntem un produc\u0103tor \u0219i distribuitor angro de top de cilindri hidraulici, oferind o gam\u0103 divers\u0103 de produse pentru pie\u021bele interne \u0219i interna\u021bionale. Angajamentul nostru fa\u021b\u0103 de excelen\u021b\u0103 se reflect\u0103 \u00een strategiile noastre meticuloase de fabrica\u021bie \u0219i \u00een respectarea standardelor de \u00eenalt\u0103 calitate.<\/p>\n<p>Compania noastr\u0103 utilizeaz\u0103 facilit\u0103\u021bi de produc\u021bie avansate \u0219i tehnologie de ultim\u0103 genera\u021bie pentru a produce cilindri hidraulici care satisfac nevoile diverse ale clien\u021bilor no\u0219tri. Echipa noastr\u0103 de profesioni\u0219ti califica\u021bi se asigur\u0103 c\u0103 fiecare produs este supus unor verific\u0103ri riguroase ale calit\u0103\u021bii, garant\u00e2nd performan\u021ba \u0219i fiabilitatea. De asemenea, oferim servicii de personalizare pentru a satisface cerin\u021bele specifice ale clien\u021bilor.<\/p>\n<p>\u00cen plus, ne m\u00e2ndrim cu faptul c\u0103 oferim asisten\u021b\u0103 post-v\u00e2nzare excep\u021bional\u0103, asist\u00e2nd clien\u021bii cu instalarea, \u00eentre\u021binerea \u0219i orice \u00eentreb\u0103ri legate de produsele noastre.<\/p>\n<p><img decoding=\"async\" src=\"https:\/\/www.hydraulic-cylinders.net\/wp-content\/uploads\/2025\/04\/songte-company-4.webp\" alt=\"Prezentare general\u0103 a companiei\"><br \/>\n<img decoding=\"async\" src=\"https:\/\/www.hydraulic-cylinders.net\/wp-content\/uploads\/2025\/04\/songte-company-3.webp\" alt=\"Facilitatea de produc\u021bie\"><\/p>\n<p>Autor: lyl<\/p>","protected":false},"excerpt":{"rendered":"<p>Boom Cylinder For Kobelco Large Excavator SK4608 Product Overview The Boom Cylinder is a hydraulic component specifically designed for heavy machinery, particularly the Kobelco Large Excavator SK4608. This cylinder plays a crucial role in controlling the movement of the excavator&#8217;s boom, allowing for lifting, lowering, and tilting operations. These movements are essential for efficient material [&hellip;]<\/p>","protected":false},"featured_media":17867,"comment_status":"open","ping_status":"closed","template":"","meta":{"_et_pb_use_builder":"","_et_pb_old_content":"","_et_gb_content_width":""},"product_brand":[],"product_cat":[1546],"product_tag":[1547,1496],"class_list":{"0":"post-19091","1":"product","2":"type-product","3":"status-publish","4":"has-post-thumbnail","6":"product_cat-boom-cylinders","7":"product_tag-boom-cylinders","8":"product_tag-hydraulic-cylinders","10":"first","11":"instock","12":"shipping-taxable","13":"product-type-simple"},"amp_enabled":true,"_links":{"self":[{"href":"https:\/\/www.hydraulic-cylinders.net\/ro\/wp-json\/wp\/v2\/product\/19091","targetHints":{"allow":["GET"]}}],"collection":[{"href":"https:\/\/www.hydraulic-cylinders.net\/ro\/wp-json\/wp\/v2\/product"}],"about":[{"href":"https:\/\/www.hydraulic-cylinders.net\/ro\/wp-json\/wp\/v2\/types\/product"}],"replies":[{"embeddable":true,"href":"https:\/\/www.hydraulic-cylinders.net\/ro\/wp-json\/wp\/v2\/comments?post=19091"}],"wp:featuredmedia":[{"embeddable":true,"href":"https:\/\/www.hydraulic-cylinders.net\/ro\/wp-json\/wp\/v2\/media\/17867"}],"wp:attachment":[{"href":"https:\/\/www.hydraulic-cylinders.net\/ro\/wp-json\/wp\/v2\/media?parent=19091"}],"wp:term":[{"taxonomy":"product_brand","embeddable":true,"href":"https:\/\/www.hydraulic-cylinders.net\/ro\/wp-json\/wp\/v2\/product_brand?post=19091"},{"taxonomy":"product_cat","embeddable":true,"href":"https:\/\/www.hydraulic-cylinders.net\/ro\/wp-json\/wp\/v2\/product_cat?post=19091"},{"taxonomy":"product_tag","embeddable":true,"href":"https:\/\/www.hydraulic-cylinders.net\/ro\/wp-json\/wp\/v2\/product_tag?post=19091"}],"curies":[{"name":"wp","href":"https:\/\/api.w.org\/{rel}","templated":true}]}}