{"id":19096,"date":"2025-04-07T06:12:34","date_gmt":"2025-04-07T06:12:34","guid":{"rendered":"https:\/\/www.hydraulic-cylinders.net\/product\/boom-cylinder-for-yugong-wy135-8\/"},"modified":"2025-04-07T06:12:40","modified_gmt":"2025-04-07T06:12:40","slug":"boom-cylinder-for-yugong-wy135-8","status":"publish","type":"product","link":"https:\/\/www.hydraulic-cylinders.net\/ro\/produs\/boom-cylinder-for-yugong-wy135-8\/","title":{"rendered":"Cilindru bra\u021b pentru Yugong WY135-8"},"content":{"rendered":"<h1>Cilindru bra\u021b pentru Yugong WY135-8<\/h1>\n<h2>Prezentare general\u0103 a produsului<\/h2>\n<p>Cilindrul bra\u021bului pentru Yugong WY135-8 este un cilindru hidraulic specializat, conceput pentru a controla mi\u0219carea bra\u021bului \u00een diverse utilaje grele, cum ar fi excavatoare, \u00eenc\u0103rc\u0103toare frontale \u0219i \u00eenc\u0103rc\u0103toare frontale. Ace\u0219ti cilindri permit ridicarea, cobor\u00e2rea \u0219i \u00eenclinarea precis\u0103 a echipamentelor, facilit\u00e2nd astfel sarcini eficiente de manipulare a materialelor. Ca o component\u0103 crucial\u0103 a sistemelor hidraulice, cilindrul bra\u021bului func\u021bioneaz\u0103 prin transformarea energiei hidraulice \u00een energie mecanic\u0103, permi\u021b\u00e2nd mi\u0219c\u0103ri puternice \u0219i controlate.<\/p>\n<p><img decoding=\"async\" src=\"https:\/\/www.hydraulic-cylinders.net\/wp-content\/uploads\/2025\/04\/songte-company-1.webp\" alt=\"Imaginea cilindrului bra\u021bului\" \/><\/p>\n<h2>Caracteristici cheie<\/h2>\n<ul>\n<li>\n<h3>Rezisten\u021b\u0103 \u0219i durabilitate ridicate<\/h3>\n<p>Construit din o\u021bel sau aluminiu de \u00eenalt\u0103 rezisten\u021b\u0103, cilindrul bra\u021bului este conceput s\u0103 reziste la presiuni ridicate \u0219i sarcini grele, fiind potrivit pentru medii de lucru dificile. Designul s\u0103u \u00eencorporeaz\u0103 rezisten\u021b\u0103 la uzur\u0103 \u0219i protec\u021bie \u00eempotriva coroziunii pentru a prelungi durata de via\u021b\u0103 a produsului.<\/p>\n<\/li>\n<li>\n<h3>Func\u021bionare hidraulic\u0103 eficient\u0103<\/h3>\n<p>Cilindrul utilizeaz\u0103 presiunea uleiului hidraulic pentru a realiza o extensie \u0219i o retragere lin\u0103, r\u0103spunz\u00e2nd rapid la comenzile operatorului \u0219i oferind o for\u021b\u0103 robust\u0103 de \u00eempingere \u0219i tragere. Aceast\u0103 eficien\u021b\u0103 este esen\u021bial\u0103 pentru manipularea materialelor grele \u0219i a sarcinilor opera\u021bionale complexe.<\/p>\n<\/li>\n<li>\n<h3>Configura\u021bii diverse<\/h3>\n<p>Disponibil at\u00e2t \u00een \u200b\u200bvarianta cu ac\u021biune simpl\u0103 (func\u021bioneaz\u0103 \u00eentr-o singur\u0103 direc\u021bie), c\u00e2t \u0219i \u00een varianta cu ac\u021biune dubl\u0103 (func\u021bioneaz\u0103 \u00een dou\u0103 direc\u021bii), cilindrul bra\u021bului poate \u00eendeplini diverse cerin\u021be opera\u021bionale. Unele modele sunt dotate cu design telescopic, permi\u021b\u00e2nd o extensie mai mare f\u0103r\u0103 a cre\u0219te dimensiunile exterioare, ideal pentru aplica\u021bii cu constr\u00e2ngeri de spa\u021biu.<\/p>\n<\/li>\n<li>\n<h3>Produc\u021bie personalizabil\u0103<\/h3>\n<p>Avem capacitatea de a fabrica acest produs, iar cilindrii no\u0219tri pot \u00eenlocui f\u0103r\u0103 probleme cilindrii hidraulici existen\u021bi pe pia\u021b\u0103.<\/p>\n<\/li>\n<\/ul>\n<p><img decoding=\"async\" src=\"https:\/\/www.hydraulic-cylinders.net\/wp-content\/uploads\/2025\/04\/songte-cylinder-head-with-all-kinds-excavator-models.webp\" alt=\"Model de excavator\" \/><\/p>\n<h2>Aplica\u021bii<\/h2>\n<ul>\n<li>\n<h3>Echipamente de construc\u021bii<\/h3>\n<p>\u00cen excavatoare, cilindrii bra\u021bului sunt vitali pentru s\u0103pare, \u00eenc\u0103rcare \u0219i mutarea p\u0103m\u00e2ntului sau a molozului. Ace\u0219tia nu numai c\u0103 ajut\u0103 la excavare, dar ajut\u0103 \u0219i la ridicarea materialelor, cresc\u00e2nd semnificativ productivitatea utilajului. Performan\u021ba lor fiabil\u0103 este crucial\u0103 pentru opera\u021biunile zilnice din industria construc\u021biilor.<\/p>\n<\/li>\n<li>\n<h3>Ma\u0219ini agricole<\/h3>\n<p>Utiliza\u021bi \u00een \u00eenc\u0103rc\u0103toarele frontale, ace\u0219ti cilindri sunt responsabili pentru scoberea, ridicarea \u0219i transportul solului, f\u00e2nului \u0219i altor materiale. Designul lor permite o func\u021bionare eficient\u0103 \u00een diverse sarcini agricole, asigur\u00e2nd c\u0103 fermierii pot manipula materialele \u00een mod eficient \u0219i \u00ee\u0219i pot spori productivitatea.<\/p>\n<\/li>\n<li>\n<h3>Excavatoare<\/h3>\n<p>Cilindrul bra\u021bului permite cupei s\u0103 p\u0103trund\u0103 \u00een sol \u00een timpul ac\u021biunilor de s\u0103pare, permi\u021b\u00e2nd operatorilor s\u0103 excaveze eficient. Controlul precis al mi\u0219c\u0103rii bra\u021bului asigur\u0103 c\u0103 excavatoarele pot s\u0103pa mai ad\u00e2nc \u0219i mai precis, ceea ce le face esen\u021biale \u00een proiectele de construc\u021bii \u0219i amenaj\u0103ri peisagistice.<\/p>\n<\/li>\n<li>\n<h3>\u00cenc\u0103rc\u0103toare<\/h3>\n<p>La \u00eenc\u0103rc\u0103toarele frontale, cilindrii bra\u021bului ajut\u0103 la ridicarea \u0219i desc\u0103rcarea eficient\u0103 a \u00eenc\u0103rc\u0103turilor. Ac\u021biunea lor rapid\u0103 \u0219i puterea asigur\u0103 c\u0103 \u00eenc\u0103rc\u0103toarele pot manipula cu u\u0219urin\u021b\u0103 diverse materiale, de la p\u0103m\u00e2nt la agregate, contribuind la eficien\u021ba general\u0103 a procesului de \u00eenc\u0103rcare.<\/p>\n<\/li>\n<\/ul>\n<h2>Considera\u021bii de proiectare \u0219i criterii de selec\u021bie<\/h2>\n<ul>\n<li>\n<h3>Capacitate de \u00eenc\u0103rcare<\/h3>\n<p>Atunci c\u00e2nd selecta\u021bi un cilindru pentru bra\u021b, este esen\u021bial s\u0103 lua\u021bi \u00een considerare capacitatea de \u00eenc\u0103rcare. Cilindrul trebuie s\u0103 fie capabil s\u0103 suporte sarcina maxim\u0103 a\u0219teptat\u0103 f\u0103r\u0103 a compromite siguran\u021ba sau performan\u021ba. Aceasta implic\u0103 evaluarea greut\u0103\u021bii materialelor mutate \u0219i a cerin\u021belor specifice ale utilajelor.<\/p>\n<\/li>\n<li>\n<h3>Performan\u021ba de etan\u0219are<\/h3>\n<p>Etan\u0219area eficient\u0103 este esen\u021bial\u0103 pentru men\u021binerea presiunii hidraulice \u0219i prevenirea scurgerilor. Etan\u0219\u0103rile de \u00eenalt\u0103 calitate, fabricate din materiale durabile, sunt vitale pentru asigurarea longevit\u0103\u021bii \u0219i fiabilit\u0103\u021bii cilindrului. Etan\u0219area corect\u0103 reduce nevoile de \u00eentre\u021binere \u0219i spore\u0219te eficien\u021ba opera\u021bional\u0103.<\/p>\n<\/li>\n<li>\n<h3>Durabilitate<\/h3>\n<p>Durabilitatea este un factor semnificativ \u00een proiectarea cilindrilor hidraulici. Cilindrul trebuie s\u0103 reziste la condi\u021bii dure de lucru, inclusiv expunerea la murd\u0103rie, resturi \u0219i temperaturi extreme. Alegerea materialelor \u0219i finisajelor care ofer\u0103 rezisten\u021b\u0103 la coroziune \u0219i protec\u021bie \u00eempotriva uzurii este esen\u021bial\u0103 pentru o durat\u0103 de via\u021b\u0103 extins\u0103.<\/p>\n<\/li>\n<li>\n<h3>Caracteristici de siguran\u021b\u0103<\/h3>\n<p>Siguran\u021ba ar trebui s\u0103 fie \u00eentotdeauna o prioritate \u00een proiectarea cilindrilor hidraulici. Incorporarea caracteristicilor de siguran\u021b\u0103, cum ar fi supapele de suprapresiune \u0219i carcasele de protec\u021bie, asigur\u0103 c\u0103 sistemul poate face fa\u021b\u0103 unor circumstan\u021be neprev\u0103zute f\u0103r\u0103 riscuri pentru operatori sau echipamente.<\/p>\n<\/li>\n<li>\n<h3>Accesibilitate pentru \u00eentre\u021binere<\/h3>\n<p>Proiectarea ar trebui s\u0103 ia \u00een considerare \u0219i u\u0219urin\u021ba \u00eentre\u021binerii. Ar trebui s\u0103 permit\u0103 o inspec\u021bie, lubrifiere \u0219i \u00eenlocuire simpl\u0103 a pieselor. Accesibilitatea este esen\u021bial\u0103 pentru a asigura efectuarea eficient\u0103 a \u00eentre\u021binerii regulate, prelungind astfel durata de via\u021b\u0103 a cilindrului.<\/p>\n<\/li>\n<\/ul>\n<p><img decoding=\"async\" src=\"https:\/\/www.hydraulic-cylinders.net\/wp-content\/uploads\/2025\/04\/songte-oil-pipes-and-spare-parts.webp\" alt=\"Piese hidraulice\" \/><\/p>\n<h2>Etan\u0219are \u0219i lubrifiere<\/h2>\n<p>Etan\u0219area \u0219i lubrifierea corespunz\u0103toare sunt esen\u021biale pentru func\u021bionarea eficient\u0103 a cilindrilor hidraulici. Diverse componente de etan\u0219are, cum ar fi etan\u0219\u0103rile pistonului \u0219i etan\u0219\u0103rile tijei, sunt utilizate pentru a men\u021bine presiunea \u00een sistem. Garniturile fabricate din materiale rezistente la uzur\u0103, cum ar fi poliuretanul \u0219i cauciucul nitrilic, sunt utilizate \u00een mod obi\u0219nuit pentru a spori durabilitatea.<\/p>\n<p>Corpul cilindrului \u0219i capetele filetate sunt finisate cu aten\u021bie pentru a \u00eembun\u0103t\u0103\u021bi rezisten\u021ba la uzur\u0103, asigur\u00e2nd c\u0103 etan\u0219\u0103rile \u00ee\u0219i men\u021bin integritatea \u00een timp. Lubrifierea regulat\u0103 cu ulei hidraulic este necesar\u0103 pentru a reduce frecarea \u0219i a preveni uzura dintre piesele mobile. Respectarea unui program strict de lubrifiere ajut\u0103 la men\u021binerea eficien\u021bei opera\u021bionale \u0219i la prelungirea duratei de via\u021b\u0103 a cilindrului.<\/p>\n<h2>Inspec\u021bie regulat\u0103 \u0219i \u00eentre\u021binere preventiv\u0103<\/h2>\n<ul>\n<li>\n<h3>Inspec\u021bii regulate<\/h3>\n<p>Efectuarea inspec\u021biilor de rutin\u0103 este vital\u0103 pentru identificarea poten\u021bialelor probleme \u00eenainte ca acestea s\u0103 escaladeze. Operatorii ar trebui s\u0103 verifice vizual dac\u0103 exist\u0103 scurgeri, uzur\u0103 \u0219i deterior\u0103ri ale cilindrului \u0219i ale componentelor acestuia pentru a asigura o performan\u021b\u0103 optim\u0103.<\/p>\n<\/li>\n<li>\n<h3>Lubrifiere adecvat\u0103<\/h3>\n<p>Asigurarea lubrifierii adecvate a cilindrului hidraulic este esen\u021bial\u0103 pentru o func\u021bionare f\u0103r\u0103 probleme. Operatorii trebuie s\u0103 respecte instruc\u021biunile produc\u0103torului privind intervalele de lubrifiere \u0219i s\u0103 utilizeze uleiul hidraulic recomandat pentru a preveni uzura.<\/p>\n<\/li>\n<li>\n<h3>\u00cenlocuirea garniturii<\/h3>\n<p>Garniturile trebuie \u00eenlocuite la intervale regulate pentru a men\u021bine integritatea hidraulic\u0103. Operatorii trebuie s\u0103 fie aten\u021bi la monitorizarea performan\u021bei garniturilor \u0219i la remedierea prompt\u0103 a oric\u0103ror semne de uzur\u0103 sau scurgeri pentru a preveni defectarea sistemului.<\/p>\n<\/li>\n<\/ul>\n<h2>Instruc\u021biuni de instalare<\/h2>\n<p>Instalarea corect\u0103 a cilindrului bra\u021bului este crucial\u0103 pentru o performan\u021b\u0103 optim\u0103. Iat\u0103 c\u00e2\u021biva pa\u0219i esen\u021biali de urmat:<\/p>\n<ol>\n<li>Asigura\u021bi-v\u0103 c\u0103 suprafe\u021bele de montare sunt curate \u0219i f\u0103r\u0103 resturi.<\/li>\n<li>Alinia\u021bi cilindrul corect pentru a evita nealinierea care ar putea duce la uzur\u0103 prematur\u0103.<\/li>\n<li>Folosi\u021bi suporturi de montare adecvate pentru a fixa cilindrul, asigur\u00e2ndu-v\u0103 c\u0103 este stabil \u0219i pozi\u021bionat corect.<\/li>\n<li>Dup\u0103 instalare, verifica\u021bi mi\u0219carea corect\u0103 a cilindrului \u0219i efectua\u021bi orice ajust\u0103ri necesare.<\/li>\n<li>Urma\u021bi instruc\u021biunile produc\u0103torului privind specifica\u021biile de cuplu atunci c\u00e2nd str\u00e2nge\u021bi \u0219uruburile \u0219i fitingurile.<\/li>\n<\/ol>\n<h2>Sarcini comune de \u00eentre\u021binere<\/h2>\n<ul>\n<li>\n<h3>Verific\u0103ri regulate<\/h3>\n<p>Efectuarea unor verific\u0103ri regulate ale sistemului hidraulic, inclusiv ale cilindrului bra\u021bului, este crucial\u0103 pentru identificarea timpurie a oric\u0103ror probleme. Operatorii ar trebui s\u0103 evalueze starea general\u0103 a cilindrului \u0219i a componentelor din jur pentru a se asigura c\u0103 totul func\u021bioneaz\u0103 corect.<\/p>\n<\/li>\n<li>\n<h3>Lubrifiere adecvat\u0103<\/h3>\n<p>Lubrifierea este vital\u0103 pentru reducerea frec\u0103rii \u0219i uzurii sistemelor hidraulice. Operatorii trebuie s\u0103 respecte programele de lubrifiere \u0219i s\u0103 utilizeze uleiuri hidraulice adecvate pentru a asigura longevitatea \u0219i eficien\u021ba cilindrului bra\u021bului.<\/p>\n<\/li>\n<li>\n<h3>\u00cenlocuirea garniturii \u0219i verific\u0103ri ale calibr\u0103rii<\/h3>\n<p>\u00cenlocuirea regulat\u0103 a garniturilor \u0219i verificarea calibr\u0103rii buteliei sunt sarcini esen\u021biale de \u00eentre\u021binere. Operatorii ar trebui s\u0103 monitorizeze performan\u021ba garniturilor \u0219i s\u0103 le \u00eenlocuiasc\u0103 dup\u0103 cum este necesar pentru a preveni scurgerile \u0219i a men\u021bine presiunea. Verific\u0103rile calibr\u0103rii asigur\u0103 c\u0103 butelia func\u021bioneaz\u0103 \u00een parametrii specifica\u021bi.<\/p>\n<\/li>\n<\/ul>\n<p><img decoding=\"async\" src=\"https:\/\/www.hydraulic-cylinders.net\/wp-content\/uploads\/2025\/04\/songte-chushion-collar.webp\" alt=\"Guler de pern\u0103\" \/><\/p>\n<h2>Considera\u021bii privind siguran\u021ba \u0219i mediul<\/h2>\n<p>Atunci c\u00e2nd se utilizeaz\u0103 cilindri hidraulici, este esen\u021bial s\u0103 se implementeze m\u0103suri de siguran\u021b\u0103 pentru a proteja operatorii \u0219i mediul \u00eenconjur\u0103tor. O instruire adecvat\u0103 privind procedurile de operare \u0219i protocoalele de siguran\u021b\u0103 minimizeaz\u0103 riscul de accidente. \u00cen plus, utilizarea uleiurilor hidraulice ecologice \u0219i asigurarea unor metode adecvate de eliminare a de\u0219eurilor ajut\u0103 la reducerea impactului asupra mediului al opera\u021biunilor hidraulice.<\/p>\n<h2>Depanare \u0219i probleme frecvente<\/h2>\n<ul>\n<li>\n<h3>Scurgere<\/h3>\n<p>O problem\u0103 frecvent\u0103 a cilindrilor hidraulici este scurgerea. Aceasta poate ap\u0103rea din cauza garniturilor uzate sau a componentelor deteriorate. Operatorii ar trebui s\u0103 inspecteze garniturile \u00een mod regulat \u0219i s\u0103 le \u00eenlocuiasc\u0103 la primul semn de uzur\u0103 pentru a preveni deteriorarea ulterioar\u0103.<\/p>\n<\/li>\n<li>\n<h3>Mi\u0219care lent\u0103<\/h3>\n<p>Dac\u0103 cilindrul func\u021bioneaz\u0103 lent, acest lucru poate indica niveluri sc\u0103zute de lichid hidraulic sau blocaje \u00een sistem. Verificarea nivelurilor de lichid \u0219i asigurarea c\u0103 nu exist\u0103 obstruc\u021bii \u00een conductele hidraulice pot ajuta la rezolvarea acestei probleme.<\/p>\n<\/li>\n<li>\n<h3>Zgomote neobi\u0219nuite<\/h3>\n<p>Zgomotele neobi\u0219nuite din timpul func\u021bion\u0103rii pot indica uzura intern\u0103 sau lipsa lubrifierii. Operatorii trebuie s\u0103 investigheze orice sunete ciudate \u0219i s\u0103 efectueze lucr\u0103rile de \u00eentre\u021binere, dup\u0103 cum este necesar, pentru a preveni defec\u021biuni majore.<\/p>\n<\/li>\n<\/ul>\n<p><img decoding=\"async\" src=\"https:\/\/www.hydraulic-cylinders.net\/wp-content\/uploads\/2025\/04\/songte-bushings-with-all-kinds-of-excavator-models.webp\" alt=\"Buc\u0219e\" \/><\/p>\n<h2>Concluzie<\/h2>\n<p>Compania noastr\u0103 este specializat\u0103 \u00een producerea de cilindri hidraulici de \u00eenalt\u0103 calitate, inclusiv a cilindrului de bra\u021b pentru Yugong WY135-8. Ne angaj\u0103m s\u0103 oferim o gam\u0103 divers\u0103 de solu\u021bii hidraulice, ceea ce ne face un produc\u0103tor \u0219i distribuitor angro de top at\u00e2t pe pie\u021bele interne, c\u00e2t \u0219i pe cele interna\u021bionale. Concentrarea noastr\u0103 pe excelen\u021b\u0103, combinat\u0103 cu strategii avansate de fabrica\u021bie, garanteaz\u0103 c\u0103 satisfacem nevoile diverse ale clien\u021bilor no\u0219tri cu eficien\u021b\u0103, precizie \u0219i calitate ridicate.<\/p>\n<p>Cu expertiz\u0103 profesional\u0103, certific\u0103ri interna\u021bionale, servicii personalizate, echipamente de produc\u021bie avansate \u0219i asisten\u021b\u0103 post-v\u00e2nzare fiabil\u0103, ne dedic\u0103m furniz\u0103rii de produse \u0219i servicii de top clien\u021bilor no\u0219tri.<\/p>\n<p><img decoding=\"async\" src=\"https:\/\/www.hydraulic-cylinders.net\/wp-content\/uploads\/2025\/04\/songte-company-4.webp\" alt=\"Imaginea companiei 1\" \/><br \/>\n<img decoding=\"async\" src=\"https:\/\/www.hydraulic-cylinders.net\/wp-content\/uploads\/2025\/04\/songte-company-3.webp\" alt=\"Imaginea companiei 2\" \/><\/p>\n<p>Autor: lyl<\/p>","protected":false},"excerpt":{"rendered":"<p>Boom Cylinder For Yugong WY135-8 Product Overview The Boom Cylinder for Yugong WY135-8 is a specialized hydraulic cylinder designed to control the movement of the boom arm in various heavy machinery such as excavators, backhoe loaders, and front loaders. These cylinders enable the precise lifting, lowering, and tilting of equipment, thus facilitating efficient material handling [&hellip;]<\/p>","protected":false},"featured_media":17872,"comment_status":"open","ping_status":"closed","template":"","meta":{"_et_pb_use_builder":"","_et_pb_old_content":"","_et_gb_content_width":""},"product_brand":[],"product_cat":[1546],"product_tag":[1547,1496],"class_list":{"0":"post-19096","1":"product","2":"type-product","3":"status-publish","4":"has-post-thumbnail","6":"product_cat-boom-cylinders","7":"product_tag-boom-cylinders","8":"product_tag-hydraulic-cylinders","10":"first","11":"instock","12":"shipping-taxable","13":"product-type-simple"},"amp_enabled":true,"_links":{"self":[{"href":"https:\/\/www.hydraulic-cylinders.net\/ro\/wp-json\/wp\/v2\/product\/19096","targetHints":{"allow":["GET"]}}],"collection":[{"href":"https:\/\/www.hydraulic-cylinders.net\/ro\/wp-json\/wp\/v2\/product"}],"about":[{"href":"https:\/\/www.hydraulic-cylinders.net\/ro\/wp-json\/wp\/v2\/types\/product"}],"replies":[{"embeddable":true,"href":"https:\/\/www.hydraulic-cylinders.net\/ro\/wp-json\/wp\/v2\/comments?post=19096"}],"wp:featuredmedia":[{"embeddable":true,"href":"https:\/\/www.hydraulic-cylinders.net\/ro\/wp-json\/wp\/v2\/media\/17872"}],"wp:attachment":[{"href":"https:\/\/www.hydraulic-cylinders.net\/ro\/wp-json\/wp\/v2\/media?parent=19096"}],"wp:term":[{"taxonomy":"product_brand","embeddable":true,"href":"https:\/\/www.hydraulic-cylinders.net\/ro\/wp-json\/wp\/v2\/product_brand?post=19096"},{"taxonomy":"product_cat","embeddable":true,"href":"https:\/\/www.hydraulic-cylinders.net\/ro\/wp-json\/wp\/v2\/product_cat?post=19096"},{"taxonomy":"product_tag","embeddable":true,"href":"https:\/\/www.hydraulic-cylinders.net\/ro\/wp-json\/wp\/v2\/product_tag?post=19096"}],"curies":[{"name":"wp","href":"https:\/\/api.w.org\/{rel}","templated":true}]}}