{"id":19101,"date":"2025-04-07T06:12:58","date_gmt":"2025-04-07T06:12:58","guid":{"rendered":"https:\/\/www.hydraulic-cylinders.net\/product\/boom-cylinder-for-volvo-small-excavator-ecr50d\/"},"modified":"2025-04-07T06:13:00","modified_gmt":"2025-04-07T06:13:00","slug":"boom-cylinder-for-volvo-small-excavator-ecr50d","status":"publish","type":"product","link":"https:\/\/www.hydraulic-cylinders.net\/ro\/produs\/boom-cylinder-for-volvo-small-excavator-ecr50d\/","title":{"rendered":"Cilindru bra\u021b pentru excavatorul mic Volvo ECR50D"},"content":{"rendered":"<h1>Cilindru bra\u021b pentru excavatorul mic Volvo ECR50D<\/h1>\n<h2>Introducere \u00een cilindrii bra\u021bului<\/h2>\n<p>Un cilindru hidraulic al bra\u021bului este un tip de cilindru hidraulic special conceput pentru a controla mi\u0219carea cupelor \u00een diverse utilaje grele, cum ar fi excavatoarele, \u00eenc\u0103rc\u0103toarele excavatoare \u0219i \u00eenc\u0103rc\u0103toarele frontale. Aceast\u0103 component\u0103 vital\u0103 permite cupei s\u0103 se ridice, s\u0103 coboare \u0219i s\u0103 se \u00eencline, facilit\u00e2nd sarcini eficiente de manipulare a materialelor \u00een construc\u021bii, agricultur\u0103 \u0219i alte industrii. \u00cen sistemele hidraulice, cilindrii bra\u021bului joac\u0103 un rol crucial \u00een transformarea energiei hidraulice \u00een for\u021b\u0103 mecanic\u0103, permi\u021b\u00e2nd operatorilor s\u0103 efectueze mi\u0219c\u0103ri complexe cu precizie \u0219i u\u0219urin\u021b\u0103. \u00cen esen\u021b\u0103, cilindrul bra\u021bului func\u021bioneaz\u0103 ca inima sistemului hidraulic, furniz\u00e2nd puterea necesar\u0103 pentru a opera eficient utilajele grele.<\/p>\n<p><img decoding=\"async\" src=\"https:\/\/www.hydraulic-cylinders.net\/wp-content\/uploads\/2025\/04\/songte-company-1.webp\" alt=\"Cilindru de bra\u021b\" \/><\/p>\n<h2>Caracteristicile cilindrului bra\u021bului<\/h2>\n<ul>\n<li><strong>Rezisten\u021b\u0103 \u0219i durabilitate ridicate:<\/strong> Construi\u021bi din o\u021bel sau aluminiu de \u00eenalt\u0103 rezisten\u021b\u0103, ace\u0219ti cilindri sunt proiecta\u021bi s\u0103 reziste la presiuni ridicate \u0219i sarcini grele, fiind potrivi\u021bi pentru medii de lucru dure.<\/li>\n<li><strong>Func\u021bionare hidraulic\u0103 eficient\u0103:<\/strong> Utiliz\u00e2nd presiunea uleiului hidraulic, cilindrii bra\u021bului asigur\u0103 o extensie \u0219i o retragere lin\u0103, permi\u021b\u00e2nd un r\u0103spuns rapid la comenzile operatorului \u0219i oferind o for\u021b\u0103 substan\u021bial\u0103 de \u00eempingere \u0219i tragere.<\/li>\n<li><strong>Diverse tipuri:<\/strong> Cilindrii bra\u021bului sunt disponibili \u00een variante cu ac\u021biune simpl\u0103 (func\u021bioneaz\u0103 \u00eentr-o singur\u0103 direc\u021bie) sau cu ac\u021biune dubl\u0103 (func\u021bioneaz\u0103 \u00een ambele direc\u021bii) pentru a satisface diverse nevoi opera\u021bionale. Anumite modele sunt telescopice, permi\u021b\u00e2nd o extensie mai mare f\u0103r\u0103 a cre\u0219te dimensiunile exterioare.<\/li>\n<li><strong>Fabrica\u021bie personalizat\u0103:<\/strong> Compania noastr\u0103 este specializat\u0103 \u00een producerea de cilindri hidraulici pentru bra\u021b care \u00eenlocuiesc perfect cilindrii hidraulici existen\u021bi, asigur\u00e2nd compatibilitate \u0219i performan\u021b\u0103.<\/li>\n<li><strong>Design robust de etan\u0219are \u0219i \u00eentre\u021binere:<\/strong> Proiectate cu tehnici avansate de etan\u0219are, aceste butelii reduc la minimum scurgerile \u0219i maximizeaz\u0103 longevitatea, asigur\u00e2nd performan\u021be fiabile \u00een timp.<\/li>\n<\/ul>\n<p><img decoding=\"async\" src=\"https:\/\/www.hydraulic-cylinders.net\/wp-content\/uploads\/2025\/04\/songte-cylinder-head-with-all-kinds-excavator-models.webp\" alt=\"Modele de excavatoare\" \/><\/p>\n<h2>Scenarii de aplica\u021bii<\/h2>\n<h3>Echipamente de construc\u021bii<\/h3>\n<p>\u00cen excavatoare, cilindrii bra\u021bului sunt esen\u021biali pentru s\u0103pare, \u00eenc\u0103rcare \u0219i mutarea p\u0103m\u00e2ntului sau a resturilor. Ace\u0219tia faciliteaz\u0103 ac\u021biunea de s\u0103pare permi\u021b\u00e2nd cupei s\u0103 p\u0103trund\u0103 eficient \u00een sol. \u00cen cazul \u00eenc\u0103rc\u0103toarelor excavatoare, cilindrii bra\u021bului ajut\u0103 at\u00e2t la func\u021biile de s\u0103pare, c\u00e2t \u0219i la cele de ridicare, ceea ce le face unelte versatile \u00een proiectele de construc\u021bii.<\/p>\n<h3>Ma\u0219ini agricole<\/h3>\n<p>\u00cen cazul \u00eenc\u0103rc\u0103toarelor frontale, cilindrii bra\u021bului sunt esen\u021biali pentru \u00eenc\u0103rcarea, ridicarea \u0219i transportul solului, f\u00e2nului \u0219i altor materiale. Designul lor robust le permite s\u0103 gestioneze sarcini grele, asigur\u00e2nd opera\u021biuni eficiente \u00een mediul agricol.<\/p>\n<h3>Excavatoare<\/h3>\n<p>La excavatoare, cilindrii bra\u021bului permit cupei s\u0103 p\u0103trund\u0103 \u00een sol, permi\u021b\u00e2nd o excavare eficient\u0103. Performan\u021ba lor influen\u021beaz\u0103 direct eficien\u021ba \u0219i productivitatea utilajelor, f\u0103c\u00e2ndu-le indispensabile \u00een diverse sarcini de excavare.<\/p>\n<h3>\u00cenc\u0103rc\u0103toare<\/h3>\n<p>La \u00eenc\u0103rc\u0103toarele frontale, cilindrii bra\u021bului ajut\u0103 la ridicarea \u0219i desc\u0103rcarea eficient\u0103 a materialelor. Designul lor asigur\u0103 gestionarea sigur\u0103 \u0219i eficient\u0103 a \u00eenc\u0103rc\u0103turilor, contribuind la productivitatea optim\u0103 la locul de munc\u0103.<\/p>\n<h2>Considera\u021bii de proiectare \u0219i criterii de selec\u021bie<\/h2>\n<h3>Capacitate de \u00eenc\u0103rcare<\/h3>\n<p>Capacitatea de \u00eenc\u0103rcare a unui cilindru al bra\u021bului este un element critic de proiectare care determin\u0103 greutatea maxim\u0103 pe care acesta o poate ridica \u0219i manevra. Este esen\u021bial ca operatorii s\u0103 selecteze un cilindru cu o capacitate de \u00eenc\u0103rcare adecvat\u0103 pentru a asigura siguran\u021ba \u0219i func\u021bionalitatea \u00een timpul opera\u021biunilor. Capacitatea de \u00eenc\u0103rcare este influen\u021bat\u0103 de materialele utilizate \u00een construc\u021bie, diametrul cilindrului \u0219i designul s\u0103u general.<\/p>\n<h3>Sigilare<\/h3>\n<p>Etan\u0219area eficient\u0103 este vital\u0103 pentru prevenirea scurgerilor de fluid hidraulic, care pot compromite performan\u021ba cilindrului \u0219i pot duce la defec\u021biuni opera\u021bionale. Garniturile de \u00eenalt\u0103 calitate, fabricate din materiale precum poliuretanul \u0219i cauciucul nitrilic, sunt utilizate \u00een mod obi\u0219nuit pentru a spori durabilitatea \u0219i rezisten\u021ba la uzur\u0103. O proiectare adecvat\u0103 a etan\u0219\u0103rilor poate, de asemenea, \u00eembun\u0103t\u0103\u021bi eficien\u021ba general\u0103 a opera\u021biunilor hidraulice.<\/p>\n<h3>Durabilitate<\/h3>\n<p>Durabilitatea este un factor cheie care influen\u021beaz\u0103 durata de via\u021b\u0103 a unui cilindru de bra\u021b. Cilindrii trebuie proiecta\u021bi pentru a rezista la medii dure \u0219i solicit\u0103ri repetitive. Utilizarea materialelor de \u00eenalt\u0103 rezisten\u021b\u0103 \u0219i a acoperirilor protectoare poate ajuta la rezisten\u021ba la coroziune \u0219i uzur\u0103, asigur\u00e2nd performan\u021be de lung\u0103 durat\u0103 \u00een aplica\u021bii solicitante.<\/p>\n<h3>Siguran\u0163\u0103<\/h3>\n<p>Considera\u021biile de siguran\u021b\u0103 sunt primordiale \u00een proiectarea cilindrilor hidraulici. Caracteristici precum supapele de suprapresiune \u0219i sistemele robuste de montare contribuie la func\u021bionarea \u00een siguran\u021b\u0103 a cilindrilor bra\u021bului. Alegerea unui cilindru cu caracteristici de siguran\u021b\u0103 \u00eencorporate poate reduce semnificativ riscul de accidente \u0219i poate spori \u00eencrederea operatorului.<\/p>\n<h3>Mentenabilitate<\/h3>\n<p>Proiectarea cilindrilor bra\u021bului av\u00e2nd \u00een vedere \u00eentre\u021binerea poate facilita service-ul mai u\u0219or \u0219i poate reduce timpul de nefunc\u021bionare. Caracteristici precum punctele de service accesibile pentru lubrifiere \u0219i garniturile u\u0219or de \u00eenlocuit pot \u00eembun\u0103t\u0103\u021bi mentenabilitatea cilindrului, promov\u00e2nd longevitatea \u0219i performan\u021ba fiabil\u0103.<\/p>\n<p><img decoding=\"async\" src=\"https:\/\/www.hydraulic-cylinders.net\/wp-content\/uploads\/2025\/04\/songte-oil-pipes-and-spare-parts.webp\" alt=\"Piese hidraulice\" \/><\/p>\n<h2>Etan\u0219are \u0219i lubrifiere<\/h2>\n<p>Etan\u0219area \u0219i lubrifierea corespunz\u0103toare sunt cruciale pentru longevitatea \u0219i performan\u021ba cilindrilor bra\u021bului. Diverse etan\u0219\u0103ri, cum ar fi etan\u0219\u0103rile pistonului \u0219i etan\u0219\u0103rile tijei, sunt utilizate pentru a preveni scurgerile de fluid hidraulic. Selectarea materialelor durabile, cum ar fi poliuretanul \u0219i cauciucul nitrilic, spore\u0219te rezisten\u021ba la uzur\u0103 \u0219i prelunge\u0219te durata de via\u021b\u0103 a etan\u0219\u0103rilor. \u00cen plus, asigurarea faptului c\u0103 corpul cilindrului \u0219i suprafe\u021bele filetate ale cap\u0103tului sunt prelucrate fin cre\u0219te durabilitatea la uzur\u0103. Ad\u0103ugarea regulat\u0103 a cantit\u0103\u021bii adecvate de ulei hidraulic pentru lubrifiere este esen\u021bial\u0103 pentru a men\u021bine eficien\u021ba opera\u021bional\u0103 \u0219i a preveni uzura prematur\u0103.<\/p>\n<h2>Verific\u0103ri regulate \u0219i \u00eentre\u021binere preventiv\u0103<\/h2>\n<ul>\n<li><strong>Inspec\u021bii regulate:<\/strong> Efectuarea inspec\u021biilor de rutin\u0103 ajut\u0103 la identificarea poten\u021bialelor probleme \u00eenainte ca acestea s\u0103 se agraveze. C\u0103uta\u021bi semne de uzur\u0103, scurgeri sau zgomote neobi\u0219nuite \u00een timpul func\u021bion\u0103rii.<\/li>\n<li><strong>Lubrifiere adecvat\u0103:<\/strong> Asigura\u021bi-v\u0103 c\u0103 sistemul hidraulic este lubrifiat corespunz\u0103tor pentru a minimiza frecarea \u0219i uzura. Folosi\u021bi ulei hidraulic de \u00eenalt\u0103 calitate \u0219i respecta\u021bi specifica\u021biile produc\u0103torului privind intervalele de lubrifiere.<\/li>\n<li><strong>\u00cenlocuirea garniturii \u0219i verific\u0103ri ale calibr\u0103rii:<\/strong> \u00cenlocui\u021bi garniturile \u0219i calibra\u021bi cilindrul \u00een mod regulat pentru a men\u021bine performan\u021be optime. Acest lucru ajut\u0103 la asigurarea func\u021bion\u0103rii eficiente \u0219i f\u0103r\u0103 probleme a sistemului hidraulic.<\/li>\n<\/ul>\n<h2>Instruc\u021biuni de instalare<\/h2>\n<p>Instalarea corect\u0103 este esen\u021bial\u0103 pentru performan\u021ba optim\u0103 a cilindrilor bra\u021bului. \u00cencepe\u021bi prin a v\u0103 asigura c\u0103 toate componentele sunt curate \u0219i f\u0103r\u0103 resturi. Alinia\u021bi cilindrul cu precizie \u00een timpul instal\u0103rii pentru a evita problemele de nealiniere care ar putea duce la uzur\u0103 prematur\u0103. Utiliza\u021bi console de montare adecvate pentru a fixa cilindrul \u00een pozi\u021bie, asigur\u00e2ndu-v\u0103 c\u0103 poate rezista solicit\u0103rilor opera\u021bionale f\u0103r\u0103 a se deplasa. Urma\u021bi instruc\u021biunile produc\u0103torului privind specifica\u021biile de cuplu \u0219i fitingurile de conectare pentru a ob\u021bine o instalare fiabil\u0103. Dup\u0103 instalare, efectua\u021bi o verificare am\u0103nun\u021bit\u0103 pentru a confirma c\u0103 toate conexiunile sunt str\u00e2nse \u0219i c\u0103 cilindrul func\u021bioneaz\u0103 f\u0103r\u0103 probleme.<\/p>\n<h2>Sarcini comune de \u00eentre\u021binere<\/h2>\n<ul>\n<li><strong>Inspec\u021bii regulate:<\/strong> Verific\u0103rile vizuale frecvente pot ajuta la depistarea din timp a poten\u021bialelor probleme. C\u0103uta\u021bi semne de uzur\u0103, deteriorare sau scurgeri care ar putea indica probleme subiacente.<\/li>\n<li><strong>Lubrifiere adecvat\u0103:<\/strong> Men\u021binerea unei lubrifieri adecvate este crucial\u0103 pentru minimizarea frec\u0103rii \u0219i prelungirea duratei de via\u021b\u0103 a componentelor hidraulice. Asigura\u021bi-v\u0103 c\u0103 garniturile sunt lubrifiate pentru a preveni uzura \u0219i a \u00eembun\u0103t\u0103\u021bi performan\u021ba de etan\u0219are.<\/li>\n<li><strong>\u00cenlocuirea \u0219i calibrarea garniturii:<\/strong> \u00cenlocuirea periodic\u0103 a garniturilor uzate este esen\u021bial\u0103 pentru a preveni scurgerile \u0219i a men\u021bine performan\u021ba. De asemenea, verific\u0103rile de calibrare trebuie efectuate periodic pentru a asigura func\u021bionarea cilindrului \u00een parametrii specifica\u021bi.<\/li>\n<\/ul>\n<h2>Considera\u021bii de siguran\u021b\u0103 \u0219i factori de mediu<\/h2>\n<p>Atunci c\u00e2nd se lucreaz\u0103 cu cilindri hidraulici, m\u0103surile de siguran\u021b\u0103 sunt vitale pentru a preveni accidentele \u0219i a asigura protec\u021bia personalului \u0219i a echipamentelor. Instruirea adecvat\u0103 a operatorilor cu privire la utilizarea corect\u0103 a cilindrilor bra\u021bului este esen\u021bial\u0103. \u00cen plus, respectarea reglement\u0103rilor de siguran\u021b\u0103, inclusiv utilizarea echipamentului individual de protec\u021bie (EIP), poate atenua riscurile. Factorii de mediu, cum ar fi expunerea la temperaturi extreme sau substan\u021be corozive, ar trebui, de asemenea, lua\u021bi \u00een considerare la alegerea materialelor \u0219i a acoperirilor cilindrilor pentru a asigura durabilitatea \u0219i siguran\u021ba pe termen lung.<\/p>\n<h2>Depanare \u0219i probleme frecvente<\/h2>\n<ul>\n<li><strong>Scurgere:<\/strong> Scurgeri de fluid hidraulic pot ap\u0103rea din cauza garniturilor sau conexiunilor uzate. Verifica\u021bi garniturile \u0219i fitingurile pentru a depista eventualele deterior\u0103ri \u0219i \u00eenlocui\u021bi-le dac\u0103 este necesar.<\/li>\n<li><strong>Func\u021bionare lent\u0103:<\/strong> Dac\u0103 cilindrul bra\u021bului func\u021bioneaz\u0103 lent, verifica\u021bi dac\u0103 exist\u0103 niveluri sc\u0103zute de lichid hidraulic sau dac\u0103 exist\u0103 contaminare \u00een sistem.<\/li>\n<li><strong>Zgomote neobi\u0219nuite:<\/strong> Zgomotele din timpul func\u021bion\u0103rii pot indica probleme mecanice sau lubrifiere insuficient\u0103; investiga\u021bi pentru a depista poten\u021bialele probleme.<\/li>\n<\/ul>\n<h2>Sfaturi de depanare<\/h2>\n<p>Pentru a diagnostica \u0219i rezolva eficient problemele legate de cilindrii bra\u021bului, lua\u021bi \u00een considerare efectuarea unei inspec\u021bii am\u0103nun\u021bite a tuturor componentelor \u0219i conexiunilor hidraulice. C\u0103uta\u021bi semne de uzur\u0103, scurgeri sau contaminare \u00een fluidul hidraulic. Implementa\u021bi m\u0103suri preventive pentru a aborda proactiv poten\u021bialele probleme, cum ar fi verific\u0103ri de \u00eentre\u021binere de rutin\u0103 \u0219i \u00eenlocuirea la timp a pieselor uzate. Instruirea adecvat\u0103 a operatorilor cu privire la recunoa\u0219terea semnelor de defec\u021biune poate, de asemenea, ajuta la minimizarea timpilor de nefunc\u021bionare \u0219i la men\u021binerea eficien\u021bei opera\u021bionale.<\/p>\n<p><img decoding=\"async\" src=\"https:\/\/www.hydraulic-cylinders.net\/wp-content\/uploads\/2025\/04\/songte-bushings-with-all-kinds-of-excavator-models.webp\" alt=\"Buc\u0219e pentru excavator\" \/><\/p>\n<h2>Prezentare general\u0103 a companiei<\/h2>\n<p>Suntem un produc\u0103tor important de cilindri hidraulici de schimb, av\u00e2nd o gam\u0103 complet\u0103 de produse care deservesc at\u00e2t pie\u021bele interne, c\u00e2t \u0219i cele interna\u021bionale. Angajamentul nostru fa\u021b\u0103 de excelen\u021b\u0103 este subliniat de respectarea standardelor de \u00eenalt\u0103 calitate \u0219i a strategiilor avansate de management al produc\u021biei. Concentr\u00e2ndu-ne pe angajarea de personal tehnic calificat, echipamente digitale de produc\u021bie de ultim\u0103 genera\u021bie \u0219i sisteme de testare specializate, ne \u00eembun\u0103t\u0103\u021bim continuu capacit\u0103\u021bile de produc\u021bie. Procesele noastre robuste de dezvoltare a produselor sunt concepute pentru a satisface nevoile diverse ale clien\u021bilor no\u0219tri, asigur\u00e2nd o eficien\u021b\u0103 ridicat\u0103, precizie \u0219i calitate \u00een toate ofertele noastre.<\/p>\n<p><img decoding=\"async\" src=\"https:\/\/www.hydraulic-cylinders.net\/wp-content\/uploads\/2025\/04\/songte-company-4.webp\" alt=\"Prezentare general\u0103 a companiei\" \/><br \/>\n<img decoding=\"async\" src=\"https:\/\/www.hydraulic-cylinders.net\/wp-content\/uploads\/2025\/04\/songte-company-3.webp\" alt=\"Unitate de produc\u021bie\" \/><\/p>\n<p>Compania noastr\u0103 este recunoscut\u0103 pentru profesionalismul s\u0103u, de\u021bin\u00e2nd diverse certific\u0103ri interna\u021bionale care valideaz\u0103 angajamentul nostru fa\u021b\u0103 de calitate. Oferim servicii personalizate, adaptate pentru a satisface cerin\u021bele specifice ale clien\u021bilor, asigur\u00e2ndu-ne c\u0103 ace\u0219tia primesc produse care se potrivesc perfect nevoilor lor. Echipamentele noastre avansate de produc\u021bie \u0219i serviciul post-v\u00e2nzare dedicat ne consolideaz\u0103 \u0219i mai mult reputa\u021bia \u00een industrie.<\/p>\n<p>Autor: lyl<\/p>","protected":false},"excerpt":{"rendered":"<p>Boom Cylinder For Volvo Small Excavator ECR50D Introduction to Boom Cylinders A boom cylinder is a type of hydraulic cylinder specifically designed to control the movement of buckets in various heavy machinery, such as excavators, backhoe loaders, and front loaders. This vital component enables the bucket to lift, lower, and tilt, facilitating efficient material handling [&hellip;]<\/p>","protected":false},"featured_media":17877,"comment_status":"open","ping_status":"closed","template":"","meta":{"_et_pb_use_builder":"","_et_pb_old_content":"","_et_gb_content_width":""},"product_brand":[],"product_cat":[1546],"product_tag":[1547,1496],"class_list":{"0":"post-19101","1":"product","2":"type-product","3":"status-publish","4":"has-post-thumbnail","6":"product_cat-boom-cylinders","7":"product_tag-boom-cylinders","8":"product_tag-hydraulic-cylinders","10":"first","11":"instock","12":"shipping-taxable","13":"product-type-simple"},"amp_enabled":true,"_links":{"self":[{"href":"https:\/\/www.hydraulic-cylinders.net\/ro\/wp-json\/wp\/v2\/product\/19101","targetHints":{"allow":["GET"]}}],"collection":[{"href":"https:\/\/www.hydraulic-cylinders.net\/ro\/wp-json\/wp\/v2\/product"}],"about":[{"href":"https:\/\/www.hydraulic-cylinders.net\/ro\/wp-json\/wp\/v2\/types\/product"}],"replies":[{"embeddable":true,"href":"https:\/\/www.hydraulic-cylinders.net\/ro\/wp-json\/wp\/v2\/comments?post=19101"}],"wp:featuredmedia":[{"embeddable":true,"href":"https:\/\/www.hydraulic-cylinders.net\/ro\/wp-json\/wp\/v2\/media\/17877"}],"wp:attachment":[{"href":"https:\/\/www.hydraulic-cylinders.net\/ro\/wp-json\/wp\/v2\/media?parent=19101"}],"wp:term":[{"taxonomy":"product_brand","embeddable":true,"href":"https:\/\/www.hydraulic-cylinders.net\/ro\/wp-json\/wp\/v2\/product_brand?post=19101"},{"taxonomy":"product_cat","embeddable":true,"href":"https:\/\/www.hydraulic-cylinders.net\/ro\/wp-json\/wp\/v2\/product_cat?post=19101"},{"taxonomy":"product_tag","embeddable":true,"href":"https:\/\/www.hydraulic-cylinders.net\/ro\/wp-json\/wp\/v2\/product_tag?post=19101"}],"curies":[{"name":"wp","href":"https:\/\/api.w.org\/{rel}","templated":true}]}}