{"id":19104,"date":"2025-04-07T06:13:06","date_gmt":"2025-04-07T06:13:06","guid":{"rendered":"https:\/\/www.hydraulic-cylinders.net\/product\/boom-cylinder-for-volvo-small-excavator-ec140blc\/"},"modified":"2025-04-07T06:13:08","modified_gmt":"2025-04-07T06:13:08","slug":"boom-cylinder-for-volvo-small-excavator-ec140blc","status":"publish","type":"product","link":"https:\/\/www.hydraulic-cylinders.net\/ro\/produs\/boom-cylinder-for-volvo-small-excavator-ec140blc\/","title":{"rendered":"Cilindru bra\u021b pentru excavatorul mic Volvo EC140BLC"},"content":{"rendered":"<h1>Cilindru bra\u021b pentru excavatorul mic Volvo EC140BLC<\/h1>\n<h2>Introducere \u00een cilindrii bra\u021bului<\/h2>\n<p>Cilindrul bra\u021bului joac\u0103 un rol esen\u021bial \u00een func\u021bionarea diverselor utilaje grele, inclusiv a excavatorului mic Volvo EC140BLC. Acest cilindru hidraulic este special conceput pentru a controla mi\u0219carea bra\u021bului, permi\u021b\u00e2ndu-i ridicarea, cobor\u00e2rea \u0219i \u00eenclinarea. Aceast\u0103 func\u021bionalitate este esen\u021bial\u0103 pentru sarcinile de manipulare a materialelor, ceea ce face ca cilindrii bra\u021bului s\u0103 fie o component\u0103 vital\u0103 \u00een sistemele hidraulice.<\/p>\n<p>Ca tip de cilindru hidraulic, cilindrul bra\u021bului este proiectat pentru a gestiona for\u021bele semnificative exercitate \u00een timpul excava\u021biei, \u00eenc\u0103rc\u0103rii \u0219i transportului materialelor. Designul s\u0103u asigur\u0103 rezisten\u021ba la condi\u021bii dure, oferind \u00een acela\u0219i timp un control precis asupra pozi\u021bion\u0103rii bra\u021bului.<\/p>\n<p><img decoding=\"async\" src=\"https:\/\/www.hydraulic-cylinders.net\/wp-content\/uploads\/2025\/04\/songte-company-1.webp\" alt=\"Imaginea cilindrului bra\u021bului\"><\/p>\n<h3>Caracteristici cheie ale cilindrilor bra\u021bului<\/h3>\n<ul>\n<li><strong>Rezisten\u021b\u0103 \u0219i durabilitate ridicate:<\/strong> Fabrica\u021bi din o\u021bel sau aluminiu de \u00eenalt\u0103 rezisten\u021b\u0103, ace\u0219ti cilindri pot rezista la presiuni ridicate \u0219i sarcini grele, fiind potrivi\u021bi pentru medii solicitante.<\/li>\n<li><strong>Func\u021bionare hidraulic\u0103 eficient\u0103:<\/strong> Cilindrul bra\u021bului utilizeaz\u0103 presiunea uleiului hidraulic pentru a ob\u021bine o extensie \u0219i retragere lin\u0103, permi\u021b\u00e2nd un r\u0103spuns rapid la comenzile operatorului \u0219i oferind o putere semnificativ\u0103 de \u00eempingere \u0219i tragere.<\/li>\n<li><strong>Diverse tipuri:<\/strong> \u00cen func\u021bie de nevoile opera\u021bionale, cilindrii bra\u021bului pot fi cu ac\u021biune simpl\u0103 sau dubl\u0103, permi\u021b\u00e2nd flexibilitate \u00een diverse aplica\u021bii. Unele modele pot fi chiar telescopice, permi\u021b\u00e2nd o extensie mai mare f\u0103r\u0103 a cre\u0219te dimensiunile exterioare.<\/li>\n<li><strong>Inginerie de precizie:<\/strong> Cu accent pe rezisten\u021ba la uzur\u0103 \u0219i protec\u021bia \u00eempotriva coroziunii, ace\u0219ti cilindri sunt proiecta\u021bi s\u0103 dureze mai mult, reduc\u00e2nd la minimum necesitatea \u00eenlocuirilor frecvente.<\/li>\n<li><strong>Fabrica\u021bie personalizat\u0103:<\/strong> Ne specializ\u0103m \u00een producerea de cilindri hidraulici pentru bra\u021b, care servesc drept \u00eenlocuitori perfec\u021bi pentru cilindrii hidraulici existen\u021bi, asigur\u00e2nd compatibilitate \u0219i performan\u021b\u0103.<\/li>\n<\/ul>\n<p><img decoding=\"async\" src=\"https:\/\/www.hydraulic-cylinders.net\/wp-content\/uploads\/2025\/04\/songte-cylinder-head-with-all-kinds-excavator-models.webp\" alt=\"Modele de excavatoare\"><\/p>\n<h2>Aplica\u021bii ale cilindrilor bra\u021bului<\/h2>\n<h3>Echipamente de construc\u021bii<\/h3>\n<p>\u00cen excavatoare, cilindrii bra\u021bului sunt cruciali pentru s\u0103pare, \u00eenc\u0103rcare \u0219i mutarea solului sau a resturilor. Ace\u0219tia permit bra\u021bului de excavare s\u0103 se roteasc\u0103 \u0219i s\u0103 ating\u0103 diferite unghiuri, sporind versatilitatea \u0219i eficien\u021ba ma\u0219inii. Puterea sistemului hidraulic asigur\u0103 un control precis, cresc\u00e2nd semnificativ productivitatea pe \u0219antierele de construc\u021bii.<\/p>\n<h3>Ma\u0219ini agricole<\/h3>\n<p>\u00cen cazul \u00eenc\u0103rc\u0103toarelor frontale, cilindrii bra\u021bului sunt vitali pentru scobere, ridicare \u0219i transportul solului, f\u00e2nului \u0219i altor materiale. Construc\u021bia lor robust\u0103 le permite s\u0103 fac\u0103 fa\u021b\u0103 cerin\u021belor intense ale sarcinilor agricole, asigur\u00e2nd fiabilitatea \u00een perioadele de v\u00e2rf de func\u021bionare. Ace\u0219ti cilindri joac\u0103 un rol cheie \u00een \u00eembun\u0103t\u0103\u021birea eficien\u021bei opera\u021biunilor agricole.<\/p>\n<h3>Sarcini de excavare<\/h3>\n<p>La excavatoare, cilindrul bra\u021bului permite cupei s\u0103 p\u0103trund\u0103 eficient \u00een sol, facilit\u00e2nd excavarea materialelor. Designul lor faciliteaz\u0103 o func\u021bionare lin\u0103, vital\u0103 pentru men\u021binerea productivit\u0103\u021bii \u00een timpul sarcinilor de excavare. Capacitatea de a controla cupa cu precizie permite \u00eendep\u0103rtarea \u0219i plasarea eficient\u0103 a materialelor.<\/p>\n<h3>Opera\u021biuni cu \u00eenc\u0103rc\u0103torul<\/h3>\n<p>La \u00eenc\u0103rc\u0103toarele frontale, cilindrii bra\u021bului ajut\u0103 la ridicarea \u0219i desc\u0103rcarea eficient\u0103 a sarcinilor. Sistemul hidraulic ofer\u0103 puterea necesar\u0103 pentru a manipula sarcini utile grele, men\u021bin\u00e2nd \u00een acela\u0219i timp stabilitatea \u0219i controlul. Aceast\u0103 caracteristic\u0103 este esen\u021bial\u0103 pentru asigurarea siguran\u021bei \u0219i eficien\u021bei \u00een timpul opera\u021biunilor de \u00eenc\u0103rcare.<\/p>\n<h2>Considera\u021bii de proiectare \u0219i criterii de selec\u021bie<\/h2>\n<h3>Capacitate de \u00eenc\u0103rcare<\/h3>\n<p>Capacitatea de \u00eenc\u0103rcare a unui cilindru al bra\u021bului este una dintre cele mai importante considera\u021bii de proiectare. Acesta trebuie s\u0103 poat\u0103 sus\u021bine greutatea maxim\u0103 a materialelor mutate f\u0103r\u0103 a compromite performan\u021ba sau siguran\u021ba. Calculele corecte bazate pe specifica\u021biile ma\u0219inii \u0219i pe sarcinile preconizate \u00een timpul func\u021bion\u0103rii sunt esen\u021biale. Alegerea unui cilindru cu o capacitate de \u00eenc\u0103rcare adecvat\u0103 ajut\u0103 la prevenirea defec\u021biunilor mecanice \u0219i asigur\u0103 func\u021bionarea fiabil\u0103.<\/p>\n<h3>Performan\u021ba de etan\u0219are<\/h3>\n<p>Etan\u0219area este crucial\u0103 \u00een cilindrii hidraulici pentru a preveni scurgerile de fluid \u0219i a men\u021bine presiunea. Garniturile de \u00eenalt\u0103 calitate, fabricate din materiale durabile, cum ar fi poliuretanul \u0219i cauciucul nitrilic, sunt esen\u021biale pentru performan\u021be optime. Acest lucru previne contaminarea \u0219i prelunge\u0219te durata de via\u021b\u0103 a cilindrului, asigur\u00e2nd c\u0103 uleiul hidraulic r\u0103m\u00e2ne con\u021binut \u00een sistem. Verific\u0103rile regulate ale garniturilor pot preveni repara\u021biile costisitoare \u0219i timpii de nefunc\u021bionare.<\/p>\n<h3>Durabilitate \u0219i \u00eentre\u021binere<\/h3>\n<p>Durabilitatea este un factor semnificativ pentru cilindrii bra\u021bului, \u00een special pentru cei utiliza\u021bi \u00een medii dure. Materialele utilizate trebuie s\u0103 reziste la uzur\u0103 \u0219i coroziune pentru a asigura performan\u021be de lung\u0103 durat\u0103. \u00centre\u021binerea regulat\u0103, inclusiv cur\u0103\u021barea \u0219i inspec\u021biile, este necesar\u0103 pentru a identifica din timp uzura \u0219i poten\u021bialele defec\u021biuni. Acest lucru ajut\u0103 la prelungirea duratei de via\u021b\u0103 a cilindrului \u0219i reduce necesitatea \u00eenlocuirilor premature.<\/p>\n<h3>Caracteristici de siguran\u021b\u0103<\/h3>\n<p>Siguran\u021ba este primordial\u0103 \u00een proiectarea cilindrilor bra\u021bului. Incorporarea de caracteristici care previn supraextensia \u0219i mi\u0219carea nea\u0219teptat\u0103 poate reduce semnificativ riscul de accidente. Supapele de siguran\u021b\u0103 \u0219i sistemele de reducere a presiunii sunt componente esen\u021biale care ar trebui incluse pentru a proteja at\u00e2t utilajele, c\u00e2t \u0219i operatorii \u00een timpul func\u021bion\u0103rii.<\/p>\n<p><img decoding=\"async\" src=\"https:\/\/www.hydraulic-cylinders.net\/wp-content\/uploads\/2025\/04\/songte-oil-pipes-and-spare-parts.webp\" alt=\"Piese hidraulice\"><\/p>\n<h2>Etan\u0219are \u0219i lubrifiere<\/h2>\n<p>Etan\u0219area \u0219i lubrifierea eficiente sunt esen\u021biale pentru longevitatea \u0219i eficien\u021ba cilindrilor hidraulici. Diverse etan\u0219\u0103ri, cum ar fi etan\u0219\u0103rile pistonului \u0219i etan\u0219\u0103rile tijei, joac\u0103 roluri critice \u00een men\u021binerea integrit\u0103\u021bii sistemului. Etan\u0219\u0103rile fabricate din materiale rezistente la uzur\u0103, cum ar fi poliuretanul \u0219i cauciucul nitrilic, asigur\u0103 o etan\u0219are eficient\u0103 \u00eempotriva fluidului hidraulic. Corpul cilindrului \u0219i capetele filetate trebuie prelucrate meticulos pentru a \u00eembun\u0103t\u0103\u021bi rezisten\u021ba la uzur\u0103 \u0219i performan\u021ba general\u0103.<\/p>\n<p>Lubrifierea regulat\u0103 cu o cantitate adecvat\u0103 de ulei hidraulic este vital\u0103 pentru a reduce frecarea \u0219i uzura. Practicile adecvate de lubrifiere \u00eembun\u0103t\u0103\u021besc eficien\u021ba opera\u021bional\u0103 \u0219i previn uzura prematur\u0103 a garniturilor \u0219i a pieselor mobile. Monitorizarea nivelului de lubrifiant \u0219i completarea dup\u0103 cum este necesar sunt practici cheie pentru men\u021binerea performan\u021bei sistemului hidraulic.<\/p>\n<h2>M\u0103suri de \u00eentre\u021binere preventiv\u0103<\/h2>\n<ul>\n<li><strong>Inspec\u021bii regulate:<\/strong> Efectuarea inspec\u021biilor de rutin\u0103 ajut\u0103 la identificarea problemelor poten\u021biale \u00eenainte ca acestea s\u0103 se transforme \u00een probleme majore. Verificarea scurgerilor, a uzurii \u0219i a integrit\u0103\u021bii garniturilor de etan\u0219are ar trebui s\u0103 fie o parte standard a \u00eentre\u021binerii.<\/li>\n<li><strong>Lubrifiere adecvat\u0103:<\/strong> Asigurarea faptului c\u0103 uleiul hidraulic este la nivelul optim \u0219i de tipul corect este esen\u021bial\u0103 pentru o func\u021bionare f\u0103r\u0103 probleme. Lubrifierea trebuie efectuat\u0103 conform instruc\u021biunilor produc\u0103torului pentru a men\u021bine eficien\u021ba.<\/li>\n<li><strong>\u00cenlocuirea garniturii:<\/strong> Garniturile trebuie monitorizate \u0219i \u00eenlocuite dup\u0103 cum este necesar pentru a preveni scurgerile \u0219i a men\u021bine presiunea. Verific\u0103rile regulate \u0219i \u00eenlocuirile la timp pot economisi costurile asociate cu pierderile de fluid hidraulic.<\/li>\n<\/ul>\n<h2>Instruc\u021biuni de instalare corect\u0103<\/h2>\n<p>Instalarea corect\u0103 a unui cilindru al bra\u021bului este crucial\u0103 pentru o performan\u021b\u0103 optim\u0103. \u00cencepe\u021bi prin a v\u0103 asigura c\u0103 toate componentele sunt curate \u0219i f\u0103r\u0103 resturi. Alinia\u021bi cilindrul corect cu consolele de montare, utiliz\u00e2nd suporturi de instalare adecvate pentru a men\u021bine alinierea. Str\u00e2nge\u021bi elementele de fixare conform specifica\u021biilor produc\u0103torului, asigur\u00e2ndu-v\u0103 c\u0103 nu se produce o str\u00e2ngere excesiv\u0103, care ar putea duce la deteriorare.<\/p>\n<p>Dup\u0103 instalare, verifica\u021bi dac\u0103 exist\u0103 semne de nealiniere sau mi\u0219care. Testa\u021bi sistemul hidraulic pentru a v\u0103 asigura c\u0103 func\u021bioneaz\u0103 f\u0103r\u0103 probleme \u0219i monitoriza\u021bi dac\u0103 exist\u0103 scurgeri \u00een jurul garniturilor. Respectarea celor mai bune practici de instalare ajut\u0103 la prevenirea problemelor opera\u021bionale \u0219i prelunge\u0219te durata de via\u021b\u0103 a cilindrului hidraulic.<\/p>\n<h2>Sarcini comune de \u00eentre\u021binere<\/h2>\n<h3>Inspec\u021bii regulate<\/h3>\n<p>Efectuarea inspec\u021biilor regulate este esen\u021bial\u0103 pentru identificarea timpurie a uzurii \u0219i a poten\u021bialelor defec\u021biuni. Aceasta include verificarea etan\u0219\u0103rilor pentru scurgeri \u0219i asigurarea siguran\u021bei tuturor conexiunilor hidraulice. Verific\u0103rile regulate pot ajuta la men\u021binerea performan\u021bei optime \u0219i la prevenirea timpilor de nefunc\u021bionare neprev\u0103zu\u021bi.<\/p>\n<h3>Lubrifiere adecvat\u0103<\/h3>\n<p>Men\u021binerea unor niveluri adecvate de lubrifiere este vital\u0103 pentru func\u021bionarea eficient\u0103 a cilindrilor hidraulici. Asigurarea utiliz\u0103rii tipului corect de ulei hidraulic \u0219i a faptului c\u0103 acesta este la nivelul corect poate afecta semnificativ performan\u021ba \u0219i longevitatea. Practicile corecte de lubrifiere reduc frecarea \u0219i uzura, sporind durabilitatea cilindrului.<\/p>\n<h3>\u00cenlocuirea garniturii \u0219i verific\u0103ri ale calibr\u0103rii<\/h3>\n<p>\u00cenlocuirea garniturilor este esen\u021bial\u0103 pentru men\u021binerea integrit\u0103\u021bii hidraulice. Inspecta\u021bi periodic garniturile pentru semne de uzur\u0103 \u0219i \u00eenlocui\u021bi-le dup\u0103 cum este necesar pentru a preveni scurgerile. Verific\u0103rile de calibrare asigur\u0103 c\u0103 sistemul hidraulic func\u021bioneaz\u0103 \u00een parametrii specifica\u021bi, prevenind supra\u00eenc\u0103rcarea \u0219i poten\u021bialele defec\u021biuni.<\/p>\n<p><img decoding=\"async\" src=\"https:\/\/www.hydraulic-cylinders.net\/wp-content\/uploads\/2025\/04\/songte-chushion-collar.webp\" alt=\"Guler de pern\u0103\"><\/p>\n<h2>Considera\u021bii de siguran\u021b\u0103 \u0219i factori de mediu<\/h2>\n<p>Atunci c\u00e2nd se lucreaz\u0103 cu sisteme hidraulice, m\u0103surile de siguran\u021b\u0103 sunt primordiale. Operatorii trebuie instrui\u021bi s\u0103 \u00een\u021beleag\u0103 poten\u021bialele pericole asociate cu echipamentele hidraulice. Utilizarea echipamentului individual de protec\u021bie (EIP) \u0219i respectarea protocoalelor de siguran\u021b\u0103 pot reduce semnificativ riscul de accidente. Considera\u021biile de mediu, cum ar fi eliminarea corect\u0103 a fluidelor hidraulice \u0219i minimizarea scurgerilor, sunt, de asemenea, esen\u021biale pentru reducerea impactului asupra mediului.<\/p>\n<h2>Depanare \u0219i probleme frecvente<\/h2>\n<ul>\n<li><strong>Scurgere:<\/strong> Verifica\u021bi garniturile \u0219i conexiunile pentru uzur\u0103 \u0219i deteriorare. \u00cenlocuirea garniturilor \u0219i str\u00e2ngerea conexiunilor pot rezolva adesea aceast\u0103 problem\u0103.<\/li>\n<li><strong>Performan\u021b\u0103 slab\u0103:<\/strong> Asigura\u021bi-v\u0103 c\u0103 nivelul fluidului hidraulic este corect \u0219i c\u0103 nu exist\u0103 scurgeri de aer \u00een sistem. \u00centre\u021binerea regulat\u0103 poate ajuta la men\u021binerea performan\u021bei.<\/li>\n<li><strong>Supra\u00eenc\u0103lzire:<\/strong> Verifica\u021bi dac\u0103 exist\u0103 blocaje \u00een conductele hidraulice \u0219i asigura\u021bi-v\u0103 c\u0103 sistemul nu este supus unei sarcini excesive. Rezolvarea acestor factori poate ajuta la prevenirea supra\u00eenc\u0103lzirii.<\/li>\n<\/ul>\n<h2>Sfaturi pentru depanare eficient\u0103<\/h2>\n<p>Atunci c\u00e2nd diagnostica\u021bi probleme cu cilindrii hidraulici, \u00eencepe\u021bi prin identificarea simptomelor \u0219i verificarea scurgerilor vizibile. \u00centre\u021binerea regulat\u0103 \u0219i respectarea instruc\u021biunilor opera\u021bionale pot reduce la minimum riscul de probleme. Implementarea unor m\u0103suri preventive, cum ar fi inspec\u021biile de rutin\u0103 \u0219i men\u021binerea unor niveluri adecvate de fluid hidraulic, contribuie la un sistem hidraulic mai fiabil.<\/p>\n<p><img decoding=\"async\" src=\"https:\/\/www.hydraulic-cylinders.net\/wp-content\/uploads\/2025\/04\/songte-bushings-with-all-kinds-of-excavator-models.webp\" alt=\"Imagine buc\u0219e\"><\/p>\n<h2>Despre compania noastr\u0103<\/h2>\n<p>Suntem un produc\u0103tor important de cilindri hidraulici, specializa\u021bi \u00een furnizarea de piese de schimb de \u00eenalt\u0103 calitate pentru diverse modele. Gama noastr\u0103 extins\u0103 de produse ne-a consacrat ca unul dintre cei mai importan\u021bi produc\u0103tori \u0219i distribuitori angro, at\u00e2t pe pie\u021bele interne, c\u00e2t \u0219i interna\u021bionale. Prioritiz\u0103m excelen\u021ba \u00een calitate \u0219i ader\u0103m la strategii avansate de fabrica\u021bie care asigur\u0103 un management optim al produc\u021biei.<\/p>\n<p>Concentr\u00e2ndu-ne pe personal calificat, echipamente digitale de produc\u021bie de ultim\u0103 genera\u021bie \u0219i sisteme de testare profesionale, ne \u00eembun\u0103t\u0103\u021bim continuu platforma de produc\u021bie. Angajamentul nostru fa\u021b\u0103 de eficien\u021b\u0103 ridicat\u0103, precizie \u0219i calitate ne permite s\u0103 satisfacem eficient diversele nevoi ale clien\u021bilor. \u00cen plus, oferim servicii profesionale de personalizare pentru a r\u0103spunde cerin\u021belor specifice, asigur\u00e2ndu-ne c\u0103 clien\u021bii no\u0219tri primesc solu\u021bii personalizate.<\/p>\n<p><img decoding=\"async\" src=\"https:\/\/www.hydraulic-cylinders.net\/wp-content\/uploads\/2025\/04\/songte-company-4.webp\" alt=\"Imaginea companiei 1\"><br \/>\n<img decoding=\"async\" src=\"https:\/\/www.hydraulic-cylinders.net\/wp-content\/uploads\/2025\/04\/songte-company-3.webp\" alt=\"Imaginea companiei 2\"><\/p>\n<p>Autor: lyl<\/p>","protected":false},"excerpt":{"rendered":"<p>Boom Cylinder For Volvo Small Excavator EC140BLC Introduction to Boom Cylinders The Boom Cylinder plays a critical role in the operation of various heavy machinery, including the Volvo Small Excavator EC140BLC. This hydraulic cylinder is specifically designed to control the movement of the boom, allowing it to lift, lower, and tilt. This functionality is essential [&hellip;]<\/p>","protected":false},"featured_media":17880,"comment_status":"open","ping_status":"closed","template":"","meta":{"_et_pb_use_builder":"","_et_pb_old_content":"","_et_gb_content_width":""},"product_brand":[],"product_cat":[1546],"product_tag":[1547,1496],"class_list":{"0":"post-19104","1":"product","2":"type-product","3":"status-publish","4":"has-post-thumbnail","6":"product_cat-boom-cylinders","7":"product_tag-boom-cylinders","8":"product_tag-hydraulic-cylinders","10":"first","11":"instock","12":"shipping-taxable","13":"product-type-simple"},"amp_enabled":true,"_links":{"self":[{"href":"https:\/\/www.hydraulic-cylinders.net\/ro\/wp-json\/wp\/v2\/product\/19104","targetHints":{"allow":["GET"]}}],"collection":[{"href":"https:\/\/www.hydraulic-cylinders.net\/ro\/wp-json\/wp\/v2\/product"}],"about":[{"href":"https:\/\/www.hydraulic-cylinders.net\/ro\/wp-json\/wp\/v2\/types\/product"}],"replies":[{"embeddable":true,"href":"https:\/\/www.hydraulic-cylinders.net\/ro\/wp-json\/wp\/v2\/comments?post=19104"}],"wp:featuredmedia":[{"embeddable":true,"href":"https:\/\/www.hydraulic-cylinders.net\/ro\/wp-json\/wp\/v2\/media\/17880"}],"wp:attachment":[{"href":"https:\/\/www.hydraulic-cylinders.net\/ro\/wp-json\/wp\/v2\/media?parent=19104"}],"wp:term":[{"taxonomy":"product_brand","embeddable":true,"href":"https:\/\/www.hydraulic-cylinders.net\/ro\/wp-json\/wp\/v2\/product_brand?post=19104"},{"taxonomy":"product_cat","embeddable":true,"href":"https:\/\/www.hydraulic-cylinders.net\/ro\/wp-json\/wp\/v2\/product_cat?post=19104"},{"taxonomy":"product_tag","embeddable":true,"href":"https:\/\/www.hydraulic-cylinders.net\/ro\/wp-json\/wp\/v2\/product_tag?post=19104"}],"curies":[{"name":"wp","href":"https:\/\/api.w.org\/{rel}","templated":true}]}}