{"id":19105,"date":"2025-04-07T06:13:08","date_gmt":"2025-04-07T06:13:08","guid":{"rendered":"https:\/\/www.hydraulic-cylinders.net\/product\/boom-cylinder-for-volvo-small-excavator-ec55b\/"},"modified":"2025-04-07T06:13:10","modified_gmt":"2025-04-07T06:13:10","slug":"boom-cylinder-for-volvo-small-excavator-ec55b","status":"publish","type":"product","link":"https:\/\/www.hydraulic-cylinders.net\/ro\/produs\/boom-cylinder-for-volvo-small-excavator-ec55b\/","title":{"rendered":"Cilindru bra\u021b pentru excavatorul mic Volvo EC55B"},"content":{"rendered":"<h1>Cilindru bra\u021b pentru excavatorul mic Volvo EC55B<\/h1>\n<h2>Prezentare general\u0103 a produsului<\/h2>\n<p>Cilindrul bra\u021bului este o component\u0103 crucial\u0103 pentru excavatorul mic Volvo EC55B, conceput pentru a controla mi\u0219carea bra\u021bului excavatorului. Acest cilindru hidraulic permite ridicarea, cobor\u00e2rea \u0219i \u00eenclinarea eficient\u0103 a bra\u021bului, permi\u021b\u00e2nd sarcini eficiente de manipulare a materialelor. Cilindrul cupei este special conceput pentru a face fa\u021b\u0103 cerin\u021belor riguroase ale utilajelor grele, fiind o parte esen\u021bial\u0103 a sistemului hidraulic al oric\u0103rui excavator. Ace\u0219ti cilindri hidraulici joac\u0103 un rol vital \u00een diverse aplica\u021bii, asigur\u00e2nd o func\u021bionare lin\u0103 \u0219i o productivitate sporit\u0103 pe \u0219antiere.<\/p>\n<p><img decoding=\"async\" src=\"https:\/\/www.hydraulic-cylinders.net\/wp-content\/uploads\/2025\/04\/songte-company-1.webp\" alt=\"Cilindru bra\u021b pentru Volvo EC55B\" \/><\/p>\n<h2>Caracteristicile cilindrului bra\u021bului<\/h2>\n<ul>\n<li><strong>Rezisten\u021b\u0103 \u0219i durabilitate ridicate:<\/strong> De obicei, construite din o\u021bel sau aluminiu de \u00eenalt\u0103 rezisten\u021b\u0103, capabile s\u0103 reziste la presiuni ridicate \u0219i sarcini grele, concepute pentru a rezista la uzur\u0103 \u0219i coroziune, prelungind astfel durata de via\u021b\u0103.<\/li>\n<li><strong>Func\u021bionare hidraulic\u0103 eficient\u0103:<\/strong> Utilizeaz\u0103 presiunea uleiului hidraulic pentru o extensie \u0219i retragere lin\u0103, capabil s\u0103 r\u0103spund\u0103 rapid la comenzile opera\u021bionale, oferind for\u021be puternice de \u00eempingere \u0219i tragere potrivite pentru sarcini grele \u0219i complexe.<\/li>\n<li><strong>Diverse tipuri disponibile:<\/strong> Op\u021biunile includ cilindri cu ac\u021biune simpl\u0103 (func\u021bionare hidraulic\u0103 \u00eentr-o singur\u0103 direc\u021bie) sau cu ac\u021biune dubl\u0103 (func\u021bionare hidraulic\u0103 \u00een ambele direc\u021bii), unele modele fiind telescopice pentru o extensie mai mare f\u0103r\u0103 a cre\u0219te dimensiunile exterioare, ideale pentru aplica\u021bii cu spa\u021biu limitat.<\/li>\n<li><strong>Fabrica\u021bie personalizat\u0103:<\/strong> Putem produce acest produs pentru a \u00eenlocui perfect cilindrii hidraulici existen\u021bi, asigur\u00e2nd compatibilitate \u0219i performan\u021b\u0103.<\/li>\n<li><strong>Design robust:<\/strong> Proiectat cu precizie pentru a \u00eendeplini cerin\u021bele riguroase ale aplica\u021biilor din construc\u021bii \u0219i utilaje grele.<\/li>\n<\/ul>\n<p><img decoding=\"async\" src=\"https:\/\/www.hydraulic-cylinders.net\/wp-content\/uploads\/2025\/04\/songte-cylinder-head-with-all-kinds-excavator-models.webp\" alt=\"\u00cenlocuirea cilindrului hidraulic\" \/><\/p>\n<h2>Aplica\u021bii ale cilindrului bra\u021bului<\/h2>\n<h3>Echipamente de construc\u021bii<\/h3>\n<p>\u00cen utilajele de excavare, cilindrii bra\u021bului sunt vitali pentru s\u0103pare, \u00eenc\u0103rcare \u0219i mutarea solului sau a resturilor. Ace\u0219tia ofer\u0103 for\u021ba necesar\u0103 pentru a mi\u0219ca bra\u021bul excavatorului \u00een sus \u0219i \u00een jos, sporind versatilitatea \u0219i eficien\u021ba ma\u0219inii. Ace\u0219tia joac\u0103 un rol esen\u021bial \u00een proiectele de construc\u021bii unde sunt necesare mi\u0219c\u0103ri precise \u0219i ridic\u0103ri grele, ceea ce \u00eei face indispensabili pentru contractori.<\/p>\n<h3>Ma\u0219ini agricole<\/h3>\n<p>\u00cen cazul \u00eenc\u0103rc\u0103toarelor frontale, cilindrii bra\u021bului ajut\u0103 la scoberea, ridicarea \u0219i transportul solului, f\u00e2nului \u0219i altor materiale. Capacitatea lor de a oferi o putere de ridicare puternic\u0103 permite operatorilor s\u0103 gestioneze sarcinile agricole cu o mai mare u\u0219urin\u021b\u0103 \u0219i eficien\u021b\u0103, \u00eembun\u0103t\u0103\u021bind productivitatea \u00een diverse opera\u021biuni agricole. Robuste\u021bea acestor cilindri asigur\u0103 c\u0103 pot face fa\u021b\u0103 cerin\u021belor lucr\u0103rilor agricole.<\/p>\n<h3>Excavatoare<\/h3>\n<p>La excavatoare, cilindrul bra\u021bului permite cupei s\u0103 p\u0103trund\u0103 eficient \u00een sol, facilit\u00e2nd opera\u021biunile de s\u0103pare. Designul lor asigur\u0103 c\u0103 pot face fa\u021b\u0103 solicit\u0103rilor cauzate de s\u0103parea prin diferite tipuri de sol, ceea ce le face esen\u021biale pentru diverse aplica\u021bii de excavare, de la amenajarea peisagistic\u0103 la construc\u021bii la scar\u0103 larg\u0103.<\/p>\n<h3>\u00cenc\u0103rc\u0103toare<\/h3>\n<p>La \u00eenc\u0103rc\u0103toarele frontale, cilindrii bra\u021bului contribuie la ridicarea \u0219i desc\u0103rcarea eficient\u0103 a materialelor. Eficacitatea lor \u00een gestionarea sarcinilor grele asigur\u0103 o desf\u0103\u0219urare f\u0103r\u0103 probleme a opera\u021biunilor, cu timpi de nefunc\u021bionare redu\u0219i \u0219i productivitate crescut\u0103 pe \u0219antier.<\/p>\n<h2>Considera\u021bii de proiectare \u0219i criterii de selec\u021bie<\/h2>\n<h3>Capacitate de \u00eenc\u0103rcare<\/h3>\n<p>Capacitatea de \u00eenc\u0103rcare a unui cilindru de bra\u021b este o considera\u021bie critic\u0103 de proiectare. Acesta trebuie s\u0103 poat\u0103 suporta greutatea maxim\u0103 pe care o va \u00eent\u00e2lni \u00een timpul func\u021bion\u0103rii. Inginerii calculeaz\u0103 cu aten\u021bie capacitatea de \u00eenc\u0103rcare necesar\u0103 pe baza ma\u0219inilor \u0219i sarcinilor specifice pentru care va fi utilizat cilindrul, asigur\u00e2ndu-se c\u0103 acesta func\u021bioneaz\u0103 \u00een siguran\u021b\u0103 \u0219i eficient \u00een diverse condi\u021bii.<\/p>\n<h3>Etan\u0219are \u0219i durabilitate<\/h3>\n<p>Etan\u0219area eficient\u0103 este esen\u021bial\u0103 pentru a preveni scurgerile de fluid hidraulic, care pot compromite performan\u021ba \u0219i siguran\u021ba. Garniturile de \u00eenalt\u0103 calitate, fabricate din materiale precum poliuretanul sau cauciucul nitrilic, sunt vitale pentru men\u021binerea integrit\u0103\u021bii sistemului hidraulic. \u00cen plus, cilindrul trebuie s\u0103 fie proiectat pentru a rezista la factorii de mediu duri, asigur\u00e2nd durabilitate de lung\u0103 durat\u0103.<\/p>\n<h3>Caracteristici de siguran\u021b\u0103<\/h3>\n<p>Siguran\u021ba este primordial\u0103 \u00een proiectarea cilindrilor hidraulici. Caracteristici precum supapele de suprapresiune \u0219i construc\u021bia robust\u0103 sunt esen\u021biale pentru prevenirea defec\u021biunilor. Capacitatea de a rezista la condi\u021bii extreme f\u0103r\u0103 func\u021bionare defectuoas\u0103 este crucial\u0103 pentru protejarea operatorilor \u0219i a echipamentelor.<\/p>\n<h3>Considera\u021bii privind \u00eentre\u021binerea<\/h3>\n<p>\u00centre\u021binerea este un factor semnificativ \u00een proiectarea \u0219i selec\u021bia cilindrilor bra\u021bului. Accesul facil pentru inspec\u021bii, precum \u0219i instruc\u021biuni clare pentru sarcinile de \u00eentre\u021binere, sunt importante pentru a asigura func\u021bionalitatea \u0219i siguran\u021ba cilindrului \u00een timp. \u00centre\u021binerea regulat\u0103 poate prelungi durata de via\u021b\u0103 a cilindrului \u0219i \u00eei poate spori fiabilitatea.<\/p>\n<p><img decoding=\"async\" src=\"https:\/\/www.hydraulic-cylinders.net\/wp-content\/uploads\/2025\/04\/songte-oil-pipes-and-spare-parts.webp\" alt=\"Piese cilindru hidraulic\" \/><\/p>\n<h2>Etan\u0219are \u0219i lubrifiere<\/h2>\n<p>Etan\u0219area \u0219i lubrifierea cilindrilor bra\u021bului sunt esen\u021biale pentru func\u021bionarea acestora. Diverse componente de etan\u0219are, cum ar fi etan\u0219\u0103rile pistonului \u0219i etan\u0219\u0103rile tijei, sunt utilizate pentru a preveni scurgerile de fluid hidraulic. Alegerea materialelor de etan\u0219are, cum ar fi poliuretanul \u0219i cauciucul nitrilic, spore\u0219te rezisten\u021ba la uzur\u0103, asigur\u00e2nd longevitatea. Corpul cilindrului \u0219i capetele filetate sunt prelucrate cu precizie pentru a \u00eembun\u0103t\u0103\u021bi rezisten\u021ba la uzur\u0103. \u00cen plus, lubrifierea regulat\u0103 cu ulei hidraulic este necesar\u0103 pentru a men\u021bine o func\u021bionare lin\u0103 \u0219i a preveni uzura componentelor interne.<\/p>\n<h2>Inspec\u021bie regulat\u0103 \u0219i \u00eentre\u021binere preventiv\u0103<\/h2>\n<ul>\n<li><strong>Inspec\u021bii regulate:<\/strong> Efectua\u021bi inspec\u021bii periodice pentru a identifica orice semne de uzur\u0103 sau deteriorare. Acestea includ verificarea scurgerilor, inspectarea garniturilor \u0219i asigurarea c\u0103 toate componentele func\u021bioneaz\u0103 corect.<\/li>\n<li><strong>Lubrifiere adecvat\u0103:<\/strong> Asigura\u021bi-v\u0103 c\u0103 uleiul hidraulic este \u00eentotdeauna la nivelul corespunz\u0103tor \u0219i c\u0103 lubrifierea este efectuat\u0103 \u00een mod regulat pentru a men\u021bine performan\u021be optime.<\/li>\n<li><strong>\u00cenlocuirea garniturii:<\/strong> Verifica\u021bi periodic garniturile pentru uzur\u0103 \u0219i \u00eenlocui\u021bi-le dup\u0103 cum este necesar pentru a preveni scurgerile de lichid \u0219i a men\u021bine eficien\u021ba.<\/li>\n<\/ul>\n<h2>Instruc\u021biuni de instalare<\/h2>\n<p>Instalarea corect\u0103 a cilindrului bra\u021bului este crucial\u0103 pentru performan\u021ba \u0219i longevitatea acestuia. \u00cencepe\u021bi prin a v\u0103 asigura c\u0103 toate suporturile \u0219i componentele de montare sunt aliniate corect. Folosi\u021bi suporturi de montare adecvate pentru a fixa cilindrul \u00een pozi\u021bie. Asigura\u021bi-v\u0103 c\u0103 liniile hidraulice sunt conectate corect \u0219i verifica\u021bi dac\u0103 exist\u0103 scurgeri poten\u021biale \u00eenainte de a utiliza echipamentul. De asemenea, este important s\u0103 respecta\u021bi specifica\u021biile produc\u0103torului privind set\u0103rile de cuplu \u0219i procedurile de instalare pentru a garanta func\u021bionarea \u00een siguran\u021b\u0103.<\/p>\n<h2>Sarcini de \u00eentre\u021binere<\/h2>\n<ul>\n<li><strong>Inspec\u021bii regulate:<\/strong> Este vital s\u0103 inspecta\u021bi cilindrul \u00een mod regulat pentru a depista orice semne de deteriorare. Acorda\u021bi aten\u021bie oric\u0103ror scurgeri sau zgomote neobi\u0219nuite \u00een timpul func\u021bion\u0103rii, deoarece acestea pot indica probleme care necesit\u0103 remediere.<\/li>\n<li><strong>Lubrifiere adecvat\u0103:<\/strong> Lubrifierea este esen\u021bial\u0103 pentru o func\u021bionare f\u0103r\u0103 probleme. Asigura\u021bi-v\u0103 c\u0103 uleiul hidraulic utilizat are specifica\u021biile corecte \u0219i c\u0103 este aplicat corespunz\u0103tor pentru a evita uzura componentelor interne.<\/li>\n<li><strong>\u00cenlocuirea garniturii:<\/strong> Garniturile trebuie verificate frecvent pentru uzur\u0103 \u0219i \u00eenlocuite atunci c\u00e2nd este necesar pentru a preveni scurgerile de fluid hidraulic, care pot duce la sc\u0103derea performan\u021bei \u0219i la poten\u021biale pericole pentru siguran\u021b\u0103.<\/li>\n<\/ul>\n<h2>Considera\u021bii de siguran\u021b\u0103 \u0219i factori de mediu<\/h2>\n<p>M\u0103surile de siguran\u021b\u0103 sunt esen\u021biale atunci c\u00e2nd se lucreaz\u0103 cu sisteme hidraulice. Respecta\u021bi \u00eentotdeauna protocoalele de siguran\u021b\u0103 pentru a minimiza riscurile asociate cu scurgerile de fluid hidraulic \u0219i defec\u021biunile cilindrilor. Instruirea adecvat\u0103 a operatorilor este esen\u021bial\u0103 pentru a se asigura c\u0103 ace\u0219tia \u00een\u021beleg cum s\u0103 manipuleze echipamentul \u00een siguran\u021b\u0103 \u0219i eficient. \u00cen plus, lua\u021bi \u00een considerare factorii de mediu, cum ar fi mediul de operare \u0219i expunerea poten\u021bial\u0103 la materiale corozive, atunci c\u00e2nd selecta\u021bi \u0219i \u00eentre\u021bine\u021bi cilindrii hidraulici.<\/p>\n<h2>Diagnosticarea defec\u021biunilor \u0219i probleme frecvente<\/h2>\n<ul>\n<li><strong>Scurgere:<\/strong> Una dintre cele mai frecvente probleme este scurgerea de fluid hidraulic. Aceasta poate ap\u0103rea din cauza garniturilor uzate sau a furtunurilor deteriorate. Inspec\u021biile regulate sunt cruciale pentru detectarea timpurie.<\/li>\n<li><strong>Performan\u021b\u0103 slab\u0103:<\/strong> Dac\u0103 cilindrul nu se extinde sau nu se retrage lin, acest lucru poate indica o nevoie de lubrifiere sau o posibil\u0103 deteriorare a componentelor interne.<\/li>\n<li><strong>Zgomote neobi\u0219nuite:<\/strong> Orice sunete neobi\u0219nuite \u00een timpul func\u021bion\u0103rii pot semnala probleme precum aer \u00een conductele hidraulice sau deterior\u0103ri interne, necesit\u00e2nd interven\u021bie imediat\u0103.<\/li>\n<\/ul>\n<h2>Sfaturi de depanare<\/h2>\n<p>Pentru a diagnostica \u0219i rezolva eficient problemele, \u00eencepe\u021bi cu o inspec\u021bie am\u0103nun\u021bit\u0103. Dac\u0103 se detecteaz\u0103 o scurgere, identifica\u021bi sursa \u0219i \u00eenlocui\u021bi prompt garniturile uzate. Dac\u0103 apar probleme de performan\u021b\u0103, verifica\u021bi nivelul fluidului hidraulic \u0219i asigura\u021bi o lubrifiere corespunz\u0103toare. Este important s\u0103 men\u021bine\u021bi conductele hidraulice curate pentru a evita contaminarea, care poate duce la defec\u021biuni opera\u021bionale. Implementarea unor m\u0103suri preventive, cum ar fi \u00eentre\u021binerea \u0219i inspec\u021biile regulate, poate reduce semnificativ probabilitatea apari\u021biei problemelor.<\/p>\n<p><img decoding=\"async\" src=\"https:\/\/www.hydraulic-cylinders.net\/wp-content\/uploads\/2025\/04\/songte-bushings-with-all-kinds-of-excavator-models.webp\" alt=\"Modele de excavatoare\" \/><\/p>\n<h2>Despre compania noastr\u0103<\/h2>\n<p>Suntem un produc\u0103tor important de cilindri hidraulici de schimb, cu o gam\u0103 divers\u0103 de produse care ne-au consacrat ca un juc\u0103tor cheie at\u00e2t pe pie\u021bele interne, c\u00e2t \u0219i pe cele interna\u021bionale. Angajamentul nostru fa\u021b\u0103 de excelen\u021ba \u00een calitate este sus\u021binut de o strategie rafinat\u0103 de management al produc\u021biei industriale. Ne \u00eembun\u0103t\u0103\u021bim continuu platforma de produc\u021bie prin personal calificat, echipamente digitale avansate de produc\u021bie \u0219i sisteme profesionale de testare, asigur\u00e2ndu-ne c\u0103 satisfacem nevoile diverse ale clien\u021bilor no\u0219tri cu eficien\u021b\u0103, precizie \u0219i calitate ridicate.<\/p>\n<p><img decoding=\"async\" src=\"https:\/\/www.hydraulic-cylinders.net\/wp-content\/uploads\/2025\/04\/songte-company-4.webp\" alt=\"Prezentare general\u0103 a companiei\" \/><br \/>\n<img decoding=\"async\" src=\"https:\/\/www.hydraulic-cylinders.net\/wp-content\/uploads\/2025\/04\/songte-company-3.webp\" alt=\"Facilit\u0103\u021bi de produc\u021bie\" \/><\/p>\n<p>Ne m\u00e2ndrim cu profesionalismul nostru, certific\u0103rile interna\u021bionale, serviciile personalizate, echipamentele de produc\u021bie de ultim\u0103 genera\u021bie \u0219i asisten\u021ba complet\u0103 post-v\u00e2nzare, asigur\u00e2ndu-ne c\u0103 r\u0103m\u00e2nem \u00een avangarda industriei de produc\u021bie a cilindrilor hidraulici.<\/p>\n<p>Autor: lyl<\/p>","protected":false},"excerpt":{"rendered":"<p>Boom Cylinder For Volvo Small Excavator EC55B Product Overview The Boom Cylinder is a crucial component for the Volvo EC55B small excavator, designed to control the movement of the excavator&#8217;s boom. This hydraulic cylinder enables the boom to lift, lower, and tilt efficiently, allowing for effective material handling tasks. The bucket cylinder is specifically engineered [&hellip;]<\/p>","protected":false},"featured_media":17881,"comment_status":"open","ping_status":"closed","template":"","meta":{"_et_pb_use_builder":"","_et_pb_old_content":"","_et_gb_content_width":""},"product_brand":[],"product_cat":[1546],"product_tag":[1547,1496],"class_list":{"0":"post-19105","1":"product","2":"type-product","3":"status-publish","4":"has-post-thumbnail","6":"product_cat-boom-cylinders","7":"product_tag-boom-cylinders","8":"product_tag-hydraulic-cylinders","10":"first","11":"instock","12":"shipping-taxable","13":"product-type-simple"},"amp_enabled":true,"_links":{"self":[{"href":"https:\/\/www.hydraulic-cylinders.net\/ro\/wp-json\/wp\/v2\/product\/19105","targetHints":{"allow":["GET"]}}],"collection":[{"href":"https:\/\/www.hydraulic-cylinders.net\/ro\/wp-json\/wp\/v2\/product"}],"about":[{"href":"https:\/\/www.hydraulic-cylinders.net\/ro\/wp-json\/wp\/v2\/types\/product"}],"replies":[{"embeddable":true,"href":"https:\/\/www.hydraulic-cylinders.net\/ro\/wp-json\/wp\/v2\/comments?post=19105"}],"wp:featuredmedia":[{"embeddable":true,"href":"https:\/\/www.hydraulic-cylinders.net\/ro\/wp-json\/wp\/v2\/media\/17881"}],"wp:attachment":[{"href":"https:\/\/www.hydraulic-cylinders.net\/ro\/wp-json\/wp\/v2\/media?parent=19105"}],"wp:term":[{"taxonomy":"product_brand","embeddable":true,"href":"https:\/\/www.hydraulic-cylinders.net\/ro\/wp-json\/wp\/v2\/product_brand?post=19105"},{"taxonomy":"product_cat","embeddable":true,"href":"https:\/\/www.hydraulic-cylinders.net\/ro\/wp-json\/wp\/v2\/product_cat?post=19105"},{"taxonomy":"product_tag","embeddable":true,"href":"https:\/\/www.hydraulic-cylinders.net\/ro\/wp-json\/wp\/v2\/product_tag?post=19105"}],"curies":[{"name":"wp","href":"https:\/\/api.w.org\/{rel}","templated":true}]}}