{"id":19119,"date":"2025-04-07T06:13:43","date_gmt":"2025-04-07T06:13:43","guid":{"rendered":"https:\/\/www.hydraulic-cylinders.net\/product\/boom-cylinder-for-volvo-large-excavator-ec290b\/"},"modified":"2025-04-07T06:13:52","modified_gmt":"2025-04-07T06:13:52","slug":"boom-cylinder-for-volvo-large-excavator-ec290b","status":"publish","type":"product","link":"https:\/\/www.hydraulic-cylinders.net\/ro\/produs\/boom-cylinder-for-volvo-large-excavator-ec290b\/","title":{"rendered":"Cilindru bra\u021b pentru excavatorul mare Volvo EC290B"},"content":{"rendered":"<h1>Cilindru bra\u021b pentru excavatorul mare Volvo EC290B<\/h1>\n<h2>Introducere \u00een cilindrii bra\u021bului<\/h2>\n<p>Cilindrul bra\u021bului este o component\u0103 hidraulic\u0103 esen\u021bial\u0103, conceput\u0103 pentru a controla mi\u0219carea bra\u021bului \u00een utilajele grele, \u00een special la excavatoarele precum Volvo EC290B. Acest cilindru permite extinderea, retragerea \u0219i pivotarea bra\u021bului, facilit\u00e2nd manipularea eficient\u0103 a materialelor \u00een timpul diferitelor sarcini, cum ar fi s\u0103parea, ridicarea \u0219i transportul. Ca cilindru hidraulic, func\u021bioneaz\u0103 prin valorificarea puterii fluidului hidraulic sub presiune, traduc\u00e2nd-o \u00eentr-o mi\u0219care mecanic\u0103 precis\u0103, ceea ce \u00eel face esen\u021bial pentru performan\u021ba excavatoarelor \u0219i a altor echipamente de construc\u021bii.<\/p>\n<p><img decoding=\"async\" src=\"https:\/\/www.hydraulic-cylinders.net\/wp-content\/uploads\/2025\/04\/songte-company-1.webp\" alt=\"Cilindru de bra\u021b\" \/><\/p>\n<h2>Caracteristicile cilindrului bra\u021bului<\/h2>\n<ul>\n<li><strong>Rezisten\u021b\u0103 \u0219i durabilitate ridicate:<\/strong> Fabrica\u021bi din o\u021bel sau aluminiu de \u00eenalt\u0103 rezisten\u021b\u0103, ace\u0219ti cilindri sunt capabili s\u0103 reziste la presiuni ridicate \u0219i sarcini mari, rezist\u00e2nd \u00een acela\u0219i timp la uzur\u0103 \u0219i coroziune, prelungindu-le astfel durata de via\u021b\u0103.<\/li>\n<li><strong>Func\u021bionare hidraulic\u0103 eficient\u0103:<\/strong> Utiliz\u00e2nd presiunea uleiului hidraulic, cilindrul bra\u021bului asigur\u0103 o extindere \u0219i retragere lin\u0103 \u0219i rapid\u0103, oferind for\u021be semnificative de \u00eempingere \u0219i tragere, potrivite pentru sarcini grele \u0219i complexe.<\/li>\n<li><strong>Diverse tipuri:<\/strong> Disponibili \u00een configura\u021bii cu ac\u021biune simpl\u0103 sau dubl\u0103, ace\u0219ti cilindri pot fi adapta\u021bi pentru a satisface nevoi opera\u021bionale specifice, unele modele fiind dotate cu designuri telescopice pentru o raz\u0103 de ac\u021biune extins\u0103 f\u0103r\u0103 a cre\u0219te dimensiunile exterioare.<\/li>\n<li><strong>Fabrica\u021bie personalizat\u0103:<\/strong> Compania noastr\u0103 este specializat\u0103 \u00een producerea de cilindri hidraulici pentru bra\u021b care \u00eenlocuiesc perfect cilindrii hidraulici existen\u021bi, asigur\u00e2nd compatibilitate \u0219i performan\u021b\u0103.<\/li>\n<\/ul>\n<p><img decoding=\"async\" src=\"https:\/\/www.hydraulic-cylinders.net\/wp-content\/uploads\/2025\/04\/songte-cylinder-head-with-all-kinds-excavator-models.webp\" alt=\"Modele de excavatoare\" \/><\/p>\n<h2>Aplica\u021bii ale cilindrilor bra\u021bului<\/h2>\n<h3>Echipamente de construc\u021bii<\/h3>\n<p>\u00cen excavatoare, cilindrii bra\u021bului sunt esen\u021biali pentru s\u0103parea, \u00eenc\u0103rcarea \u0219i mutarea eficient\u0103 a solului sau a resturilor. Designul lor permite o capacitate de ridicare semnificativ\u0103 \u0219i o gam\u0103 larg\u0103 de mi\u0219care, ceea ce este crucial pentru diverse sarcini de construc\u021bie, de la preg\u0103tirea \u0219antierului p\u00e2n\u0103 la manipularea materialelor. \u00cen cazul \u00eenc\u0103rc\u0103toarelor excavatoare, ace\u0219ti cilindri nu numai c\u0103 ajut\u0103 la activit\u0103\u021bile de s\u0103pare, dar asist\u0103 \u0219i la opera\u021biunile de ridicare, ceea ce \u00eei face componente versatile \u00een utilajele grele.<\/p>\n<h3>Ma\u0219ini agricole<\/h3>\n<p>\u00cen \u00eenc\u0103rc\u0103toarele frontale, cilindrii bra\u021bului faciliteaz\u0103 scoaterea, ridicarea \u0219i transportul solului, f\u00e2nului \u0219i altor materiale. Designul lor robust este potrivit pentru mediile agricole unde durabilitatea \u0219i fiabilitatea sunt primordiale, permi\u021b\u00e2nd fermierilor \u0219i contractorilor s\u0103 \u00eendeplineasc\u0103 sarcinile f\u0103r\u0103 probleme \u0219i eficient.<\/p>\n<h3>Excavatoare<\/h3>\n<p>\u00cen cazul excavatoarelor, cilindrul bra\u021bului permite cupei s\u0103 p\u0103trund\u0103 \u00een sol, ceea ce face ca opera\u021biunile de excavare s\u0103 fie eficiente. Puterea hidraulic\u0103 furnizat\u0103 de ace\u0219ti cilindri permite excavarea la mare ad\u00e2ncime \u0219i mi\u0219c\u0103ri precise, esen\u021biale \u00een proiectele de construc\u021bii \u0219i opera\u021biunile de terasament.<\/p>\n<h3>\u00cenc\u0103rc\u0103toare<\/h3>\n<p>\u00cen cazul \u00eenc\u0103rc\u0103toarelor frontale, ace\u0219ti cilindri ajut\u0103 la ridicarea \u0219i desc\u0103rcarea \u00eenc\u0103rc\u0103turilor, \u00eembun\u0103t\u0103\u021bind eficien\u021ba opera\u021bional\u0103. Capacitatea lor de a manipula greut\u0103\u021bi mari f\u0103r\u0103 a compromite performan\u021ba este esen\u021bial\u0103 \u00een aplica\u021biile de construc\u021bii \u0219i gestionare a de\u0219eurilor, unde manipularea materialelor este o cerin\u021b\u0103 zilnic\u0103.<\/p>\n<h2>Considera\u021bii de proiectare \u0219i criterii de selec\u021bie<\/h2>\n<h3>Capacitate de \u00eenc\u0103rcare<\/h3>\n<p>Capacitatea de \u00eenc\u0103rcare a unui cilindru al bra\u021bului este o considera\u021bie fundamental\u0103 de proiectare. Acesta trebuie s\u0103 fie capabil s\u0103 suporte greutatea maxim\u0103 pe care o va \u00eent\u00e2lni \u00een timpul opera\u021biunilor. Inginerii trebuie s\u0103 calculeze cerin\u021bele de \u00eenc\u0103rcare pe baza aplica\u021biilor \u0219i utilajelor specifice utilizate pentru a asigura o func\u021bionare sigur\u0103 \u0219i eficient\u0103.<\/p>\n<h3>Mecanisme de etan\u0219are<\/h3>\n<p>Etan\u0219area eficient\u0103 este crucial\u0103 pentru prevenirea scurgerilor de fluid hidraulic \u0219i men\u021binerea presiunii \u00een sistem. Etan\u0219\u0103rile de \u00eenalt\u0103 calitate, fabricate din materiale precum poliuretanul \u0219i cauciucul nitrilic, sunt vitale pentru a asigura longevitatea \u0219i func\u021bionarea fiabil\u0103. Etan\u0219area adecvat\u0103 minimizeaz\u0103 costurile de \u00eentre\u021binere \u0219i reduce riscul de defec\u021biuni hidraulice, ceea ce o face un punct cheie \u00een faza de proiectare.<\/p>\n<h3>Durabilitate<\/h3>\n<p>Durabilitatea este primordial\u0103 \u00een cazul cilindrilor hidraulici datorit\u0103 condi\u021biilor extreme \u00een care ace\u0219tia func\u021bioneaz\u0103 adesea. Materialele \u0219i procesele de fabrica\u021bie utilizate trebuie s\u0103 asigure c\u0103 cilindrii pot rezista la uzur\u0103, coroziune \u0219i presiuni ridicate. Testarea riguroas\u0103 \u0219i controlul calit\u0103\u021bii \u00een timpul produc\u021biei ajut\u0103 la garantarea faptului c\u0103 aceste componente r\u0103m\u00e2n func\u021bionale pentru perioade lungi de timp.<\/p>\n<h3>Caracteristici de siguran\u021b\u0103<\/h3>\n<p>Siguran\u021ba este un aspect critic al proiect\u0103rii cilindrilor hidraulici. Caracteristici precum discurile de rupere, supapele de suprapresiune \u0219i mecanismele de oprire de urgen\u021b\u0103 sunt esen\u021biale pentru a proteja at\u00e2t utilajele, c\u00e2t \u0219i operatorii. Asigurarea integr\u0103rii acestor caracteristici de siguran\u021b\u0103 \u00een proiectare nu numai c\u0103 \u00eembun\u0103t\u0103\u021be\u0219te performan\u021ba, dar ofer\u0103 \u0219i lini\u0219te sufleteasc\u0103 \u00een timpul opera\u021biunilor.<\/p>\n<h3>Accesibilitate pentru \u00eentre\u021binere<\/h3>\n<p>Proiectarea pentru accesibilitate \u00een timpul \u00eentre\u021binerii este vital\u0103 pentru longevitatea cilindrului bra\u021bului. Componentele trebuie amplasate strategic pentru a permite accesul facil \u00een timpul verific\u0103rilor \u0219i repara\u021biilor de rutin\u0103. Facilitarea sarcinilor de \u00eentre\u021binere minimizeaz\u0103 timpul de nefunc\u021bionare \u0219i prelunge\u0219te durata de via\u021b\u0103 a sistemului hidraulic, asigur\u00e2nd func\u021bionarea continu\u0103 a utilajelor.<\/p>\n<p><img decoding=\"async\" src=\"https:\/\/www.hydraulic-cylinders.net\/wp-content\/uploads\/2025\/04\/songte-oil-pipes-and-spare-parts.webp\" alt=\"Conducte de petrol \u0219i piese de schimb\" \/><\/p>\n<h2>Etan\u0219are \u0219i lubrifiere<\/h2>\n<p>Etan\u0219area \u0219i lubrifierea eficiente sunt cruciale pentru cilindrii hidraulici. Diverse etan\u0219\u0103ri, inclusiv etan\u0219\u0103rile pistonului \u0219i ale tijei, joac\u0103 un rol semnificativ \u00een asigurarea faptului c\u0103 fluidul hidraulic r\u0103m\u00e2ne \u00een interiorul cilindrului. Etan\u0219\u0103rile fabricate din materiale durabile, precum poliuretanul \u0219i cauciucul nitrilic, rezist\u0103 la uzur\u0103, reduc\u00e2nd riscul de scurgeri. Corpul cilindrului \u0219i capetele filetate sunt supuse unor procese precise de finisare pentru a spori rezisten\u021ba la uzur\u0103. Lubrifierea regulat\u0103 cu ulei hidraulic adecvat este necesar\u0103 pentru a men\u021bine o func\u021bionare lin\u0103 \u0219i a preveni uzura componentelor interne.<\/p>\n<h2>M\u0103suri de \u00eentre\u021binere preventiv\u0103<\/h2>\n<ul>\n<li><strong>Inspec\u021bii regulate:<\/strong> Efectuarea inspec\u021biilor de rutin\u0103 ale cilindrilor hidraulici ajut\u0103 la identificarea poten\u021bialelor probleme \u00eenainte ca acestea s\u0103 se agraveze. C\u0103uta\u021bi semne de uzur\u0103, scurgeri sau modific\u0103ri de performan\u021b\u0103 pentru a asigura o func\u021bionare corect\u0103.<\/li>\n<li><strong>Lubrifiere adecvat\u0103:<\/strong> Asigura\u021bi-v\u0103 c\u0103 exist\u0103 suficient ulei hidraulic pentru a men\u021bine o func\u021bionare lin\u0103. Verifica\u021bi periodic nivelurile de lichid \u0219i \u00eenlocui\u021bi uleiul vechi pentru a preveni contaminarea \u0219i uzura.<\/li>\n<li><strong>\u00cenlocuirea garniturii:<\/strong> Inspecta\u021bi \u0219i \u00eenlocui\u021bi periodic garniturile, dup\u0103 cum este necesar, pentru a preveni scurgerile \u0219i a men\u021bine presiunea \u00een sistemul hidraulic. \u00centre\u021binerea regulat\u0103 a garniturilor asigur\u0103 o func\u021bionare fiabil\u0103 \u0219i prelunge\u0219te durata de via\u021b\u0103 a cilindrului.<\/li>\n<\/ul>\n<h2>Instruc\u021biuni de instalare<\/h2>\n<p>Instalarea corect\u0103 a cilindrilor bra\u021bului este esen\u021bial\u0103 pentru o performan\u021b\u0103 optim\u0103. \u00cencepe\u021bi prin a v\u0103 asigura c\u0103 suprafe\u021bele de montare sunt curate \u0219i f\u0103r\u0103 resturi. Alinia\u021bi corect cilindrul cu utilajul pentru a preveni solicitarea excesiv\u0103 asupra cilindrului \u0219i a suporturilor de montare. Folosi\u021bi suporturi de montare adecvate pentru a fixa cilindrul \u00een pozi\u021bie, respect\u00e2nd specifica\u021biile produc\u0103torului pentru set\u0103rile de cuplu. Este esen\u021bial s\u0103 v\u0103 asigura\u021bi c\u0103 toate conexiunile hidraulice sunt str\u00e2nse \u0219i f\u0103r\u0103 scurgeri. Dup\u0103 instalare, efectua\u021bi o verificare am\u0103nun\u021bit\u0103 a sistemului hidraulic pentru a confirma c\u0103 acesta func\u021bioneaz\u0103 f\u0103r\u0103 probleme, f\u0103r\u0103 nereguli.<\/p>\n<h2>Sarcini comune de \u00eentre\u021binere<\/h2>\n<ul>\n<li><strong>Inspec\u021bii regulate:<\/strong> Verific\u0103rile vizuale pentru scurgeri, coroziune sau deteriorare a cilindrului sunt esen\u021biale. Rezolvarea problemelor din timp previne apari\u021bia unor probleme mai semnificative pe viitor.<\/li>\n<li><strong>Lubrifiere adecvat\u0103:<\/strong> Lubrifierea adecvat\u0103 minimizeaz\u0103 frecarea \u0219i uzura pieselor mobile. Verifica\u021bi \u0219i completa\u021bi periodic uleiul hidraulic, dup\u0103 cum este necesar, pentru a asigura o func\u021bionare f\u0103r\u0103 probleme.<\/li>\n<li><strong>\u00cenlocuirea garniturii \u0219i verific\u0103ri ale calibr\u0103rii:<\/strong> Monitoriza\u021bi garniturile pentru uzur\u0103 \u0219i \u00eenlocui\u021bi-le pentru a evita scurgerile de fluid. Verific\u0103rile de calibrare asigur\u0103 c\u0103 sistemul hidraulic func\u021bioneaz\u0103 \u00een parametrii specifica\u021bi, men\u021bin\u00e2nd eficien\u021ba \u0219i siguran\u021ba.<\/li>\n<\/ul>\n<p><img decoding=\"async\" src=\"https:\/\/www.hydraulic-cylinders.net\/wp-content\/uploads\/2025\/04\/songte-chushion-collar.webp\" alt=\"Guler de pern\u0103\" \/><\/p>\n<h2>Considera\u021bii de siguran\u021b\u0103 \u0219i factori de mediu<\/h2>\n<p>Atunci c\u00e2nd se lucreaz\u0103 cu cilindri hidraulici, m\u0103surile de siguran\u021b\u0103 sunt primordiale. Operatorii trebuie s\u0103 fie instrui\u021bi cu privire la utilizarea \u0219i \u00eentre\u021binerea corect\u0103 pentru a preveni accidentele. \u00cen plus, toate sistemele hidraulice trebuie s\u0103 includ\u0103 caracteristici de siguran\u021b\u0103, cum ar fi supape de suprapresiune, pentru a atenua riscurile asociate cu defec\u021biunile hidraulice. Considera\u021biile de mediu joac\u0103, de asemenea, un rol; asigurarea elimin\u0103rii corecte a fluidelor hidraulice poate minimiza impactul asupra mediului \u0219i se poate alinia cu eforturile de sustenabilitate.<\/p>\n<h2>Depanare \u0219i probleme frecvente<\/h2>\n<ul>\n<li><strong>Scurgeri de fluid hidraulic:<\/strong> Verifica\u021bi dac\u0103 exist\u0103 semne evidente de scurgeri \u00een jurul garniturilor \u0219i fitingurilor. Remedia\u021bi imediat orice scurgeri pentru a preveni problemele de performan\u021b\u0103.<\/li>\n<li><strong>Performan\u021b\u0103 slab\u0103:<\/strong> Dac\u0103 cilindrul nu r\u0103spunde corect, verifica\u021bi nivelurile fluidului hidraulic \u0219i inspecta\u021bi dac\u0103 exist\u0103 bule de aer \u00een sistem. Asigura\u021bi-v\u0103 c\u0103 toate conexiunile sunt str\u00e2nse \u0219i f\u0103r\u0103 obstruc\u021bii.<\/li>\n<li><strong>Zgomote neobi\u0219nuite:<\/strong> Asculta\u021bi sunete de scr\u00e2\u0219net sau sc\u00e2r\u021b\u00e2it \u00een timpul func\u021bion\u0103rii, care pot indica uzur\u0103 intern\u0103 sau lips\u0103 de lubrifiere. Efectua\u021bi inspec\u021bii am\u0103nun\u021bite pentru a identifica \u0219i rectifica sursa zgomotului.<\/li>\n<\/ul>\n<p>Pentru a diagnostica \u0219i rezolva eficient problemele, \u021bine\u021bi un jurnal al performan\u021bei \u0219i al activit\u0103\u021bilor de \u00eentre\u021binere. Verific\u0103rile regulate \u0219i interven\u021biile la timp pot preveni complica\u021biile \u0219i pot prelungi durata de via\u021b\u0103 a cilindrului bra\u021bului.<\/p>\n<p><img decoding=\"async\" src=\"https:\/\/www.hydraulic-cylinders.net\/wp-content\/uploads\/2025\/04\/songte-bushings-with-all-kinds-of-excavator-models.webp\" alt=\"Buc\u0219e pentru excavator\" \/><\/p>\n<h2>Prezentare general\u0103 a companiei<\/h2>\n<p>Suntem un produc\u0103tor \u0219i distribuitor angro de top de cilindri hidraulici, specializa\u021bi \u00een \u00eenlocuiri pentru diverse modele. Angajamentul nostru fa\u021b\u0103 de calitate \u0219i excelen\u021b\u0103 ne pozi\u021bioneaz\u0103 ca un concurent de top at\u00e2t pe pie\u021bele interne, c\u00e2t \u0219i pe cele interna\u021bionale. Valorific\u00e2nd strategii avansate de fabrica\u021bie, personal tehnic calificat \u0219i echipamente digitale de ultim\u0103 genera\u021bie, ne \u00eembun\u0103t\u0103\u021bim continuu capacit\u0103\u021bile de produc\u021bie. M\u0103surile noastre de asigurare a calit\u0103\u021bii asigur\u0103 c\u0103 produsele noastre \u00eendeplinesc standarde riguroase, iar abordarea noastr\u0103 inovatoare ne permite s\u0103 ne adapt\u0103m la diversele nevoi ale clien\u021bilor.<\/p>\n<p><img decoding=\"async\" src=\"https:\/\/www.hydraulic-cylinders.net\/wp-content\/uploads\/2025\/04\/songte-company-4.webp\" alt=\"Prezentare general\u0103 a companiei\" \/><br \/>\n<img decoding=\"async\" src=\"https:\/\/www.hydraulic-cylinders.net\/wp-content\/uploads\/2025\/04\/songte-company-3.webp\" alt=\"Companie de produc\u021bie\" \/><\/p>\n<h2>Concluzie<\/h2>\n<p>\u00cen concluzie, cilindrul bra\u021bului este o component\u0103 vital\u0103 \u00een func\u021bionarea utilajelor grele, \u00een special a excavatoarelor. \u00cen\u021belegerea caracteristicilor, aplica\u021biilor \u0219i cerin\u021belor de \u00eentre\u021binere ale acestuia este esen\u021bial\u0103 pentru asigurarea performan\u021bei optime \u0219i a longevit\u0103\u021bii. Prin respectarea instruc\u021biunilor de instalare, \u00eentre\u021binere regulat\u0103 \u0219i considera\u021bii de siguran\u021b\u0103, operatorii pot maximiza eficien\u021ba \u0219i fiabilitatea sistemelor lor hidraulice.<\/p>\n<p>Autor: lyl<\/p>","protected":false},"excerpt":{"rendered":"<p>Boom Cylinder For Volvo Large Excavator EC290B Introduction to Boom Cylinders The boom cylinder is an essential hydraulic component designed to control the movement of the boom in heavy machinery, specifically excavators like the Volvo EC290B. This cylinder allows the boom to extend, retract, and pivot, facilitating efficient material handling during various tasks such as [&hellip;]<\/p>","protected":false},"featured_media":17880,"comment_status":"open","ping_status":"closed","template":"","meta":{"_et_pb_use_builder":"","_et_pb_old_content":"","_et_gb_content_width":""},"product_brand":[],"product_cat":[1546],"product_tag":[1547,1496],"class_list":{"0":"post-19119","1":"product","2":"type-product","3":"status-publish","4":"has-post-thumbnail","6":"product_cat-boom-cylinders","7":"product_tag-boom-cylinders","8":"product_tag-hydraulic-cylinders","10":"first","11":"instock","12":"shipping-taxable","13":"product-type-simple"},"amp_enabled":true,"_links":{"self":[{"href":"https:\/\/www.hydraulic-cylinders.net\/ro\/wp-json\/wp\/v2\/product\/19119","targetHints":{"allow":["GET"]}}],"collection":[{"href":"https:\/\/www.hydraulic-cylinders.net\/ro\/wp-json\/wp\/v2\/product"}],"about":[{"href":"https:\/\/www.hydraulic-cylinders.net\/ro\/wp-json\/wp\/v2\/types\/product"}],"replies":[{"embeddable":true,"href":"https:\/\/www.hydraulic-cylinders.net\/ro\/wp-json\/wp\/v2\/comments?post=19119"}],"wp:featuredmedia":[{"embeddable":true,"href":"https:\/\/www.hydraulic-cylinders.net\/ro\/wp-json\/wp\/v2\/media\/17880"}],"wp:attachment":[{"href":"https:\/\/www.hydraulic-cylinders.net\/ro\/wp-json\/wp\/v2\/media?parent=19119"}],"wp:term":[{"taxonomy":"product_brand","embeddable":true,"href":"https:\/\/www.hydraulic-cylinders.net\/ro\/wp-json\/wp\/v2\/product_brand?post=19119"},{"taxonomy":"product_cat","embeddable":true,"href":"https:\/\/www.hydraulic-cylinders.net\/ro\/wp-json\/wp\/v2\/product_cat?post=19119"},{"taxonomy":"product_tag","embeddable":true,"href":"https:\/\/www.hydraulic-cylinders.net\/ro\/wp-json\/wp\/v2\/product_tag?post=19119"}],"curies":[{"name":"wp","href":"https:\/\/api.w.org\/{rel}","templated":true}]}}