{"id":19130,"date":"2025-04-07T06:14:19","date_gmt":"2025-04-07T06:14:19","guid":{"rendered":"https:\/\/www.hydraulic-cylinders.net\/product\/boom-cylinder-for-volvo-large-excavator-ec460bp\/"},"modified":"2025-04-07T06:14:22","modified_gmt":"2025-04-07T06:14:22","slug":"boom-cylinder-for-volvo-large-excavator-ec460bp","status":"publish","type":"product","link":"https:\/\/www.hydraulic-cylinders.net\/ro\/produs\/boom-cylinder-for-volvo-large-excavator-ec460bp\/","title":{"rendered":"Cilindru bra\u021b pentru excavatorul mare Volvo EC460BP"},"content":{"rendered":"<h1>Cilindru bra\u021b pentru excavatorul mare Volvo EC460BP<\/h1>\n<h2>Introducere \u00een cilindrii bra\u021bului<\/h2>\n<p>Cilindrul bra\u021bului pentru excavatorul mare Volvo EC460BP este o component\u0103 crucial\u0103 \u00een sistemul hidraulic al excavatoarelor. Ace\u0219ti cilindri hidraulici sunt special concepu\u021bi pentru a controla mi\u0219carea bra\u021bului, permi\u021b\u00e2nd excavatorului s\u0103 ridice, s\u0103 coboare \u0219i s\u0103 \u00eencline eficient cupa. Aceast\u0103 func\u021bionalitate este esen\u021bial\u0103 pentru diverse sarcini de manipulare a materialelor, ceea ce face ca cilindrii bra\u021bului s\u0103 fie integran\u021bi \u00een opera\u021biunile cu utilaje grele.<\/p>\n<p>Cilindrii bra\u021bului func\u021bioneaz\u0103 sub presiune ridicat\u0103 \u0219i sunt construi\u021bi pentru a rezista la condi\u021bii severe de lucru. Rolul lor principal \u00een sistemele hidraulice este de a converti energia hidraulic\u0103 \u00een mi\u0219care mecanic\u0103, furniz\u00e2nd for\u021ba necesar\u0103 pentru a mi\u0219ca bra\u021bul \u0219i a efectua sarcini de excavare. \u00cen esen\u021b\u0103, cilindrii bra\u021bului sporesc versatilitatea \u0219i func\u021bionalitatea excavatoarelor, permi\u021b\u00e2ndu-le s\u0103 func\u021bioneze eficient \u00een construc\u021bii, agricultur\u0103 \u0219i alte sectoare.<\/p>\n<p><img decoding=\"async\" src=\"https:\/\/www.hydraulic-cylinders.net\/wp-content\/uploads\/2025\/04\/songte-company-1.webp\" alt=\"Cilindru de bra\u021b pentru excavator mare Volvo\" \/><\/p>\n<h2>Caracteristicile cilindrului bra\u021bului<\/h2>\n<ul>\n<li><strong>Rezisten\u021b\u0103 \u0219i durabilitate ridicate:<\/strong> Fabrica\u021bi din o\u021bel sau aluminiu de \u00eenalt\u0103 rezisten\u021b\u0103, ace\u0219ti cilindri pot suporta presiuni ridicate \u0219i sarcini grele, rezist\u00e2nd \u00een acela\u0219i timp la uzur\u0103 \u0219i coroziune, asigur\u00e2nd o durat\u0103 lung\u0103 de via\u021b\u0103.<\/li>\n<li><strong>Func\u021bionare hidraulic\u0103 eficient\u0103:<\/strong> Utiliz\u00e2nd presiunea uleiului hidraulic pentru o extensie \u0219i retragere lin\u0103, cilindrul bra\u021bului r\u0103spunde rapid la comenzile operatorului, oferind o putere imens\u0103 de tragere \u0219i \u00eempingere, potrivit\u0103 pentru sarcini grele \u0219i complexe.<\/li>\n<li><strong>Diverse tipuri:<\/strong> Cilindrii bra\u021bului sunt disponibili \u00een diverse forme, inclusiv cu ac\u021biune simpl\u0103 (func\u021bioneaz\u0103 \u00eentr-o singur\u0103 direc\u021bie) \u0219i cu ac\u021biune dubl\u0103 (func\u021bioneaz\u0103 \u00een ambele direc\u021bii), permi\u021b\u00e2nd solu\u021bii personalizate pentru a satisface cerin\u021be opera\u021bionale specifice.<\/li>\n<li><strong>Design compact:<\/strong> Unele modele au un design telescopic care permite o extensie mai mare f\u0103r\u0103 a cre\u0219te dimensiunile externe, ceea ce le face ideale pentru aplica\u021bii cu constr\u00e2ngeri spa\u021biale.<\/li>\n<li><strong>Fabrica\u021bie personalizabil\u0103:<\/strong> Avem capacitatea de a produce ace\u0219ti cilindri hidraulici pentru bra\u021b, asigur\u00e2nd \u00eenlocuiri perfecte pentru cilindrii hidraulici existen\u021bi.<\/li>\n<\/ul>\n<p><img decoding=\"async\" src=\"https:\/\/www.hydraulic-cylinders.net\/wp-content\/uploads\/2025\/04\/songte-cylinder-head-with-all-kinds-excavator-models.webp\" alt=\"Produc\u021bia de cilindri hidraulici\" \/><\/p>\n<h2>Aplica\u021bii ale cilindrilor bra\u021bului<\/h2>\n<h3>Echipamente de construc\u021bii<\/h3>\n<p>\u00cen utilajele de construc\u021bii, \u00een special \u00een excavatoare, cilindrii bra\u021bului sunt vitali pentru s\u0103parea, \u00eenc\u0103rcarea \u0219i mutarea p\u0103m\u00e2ntului sau a resturilor. Ace\u0219tia ofer\u0103 puterea de ridicare necesar\u0103 pentru excavarea \u0219an\u021burilor ad\u00e2nci \u0219i pot manevra cu u\u0219urin\u021b\u0103 cupa pentru a \u00eenc\u0103rca materialul pe camioane sau alte utilaje, cresc\u00e2nd eficien\u021ba opera\u021bional\u0103.<\/p>\n<h3>Ma\u0219ini agricole<\/h3>\n<p>\u00cen utilajele agricole, precum \u00eenc\u0103rc\u0103toarele frontale, cilindrii bra\u021bului sunt utiliza\u021bi pentru a scoate, ridica \u0219i transporta solul, f\u00e2nul \u0219i alte materiale. Ace\u0219tia sporesc capacitatea de \u00eenc\u0103rcare \u0219i eficien\u021ba opera\u021bional\u0103, permi\u021b\u00e2nd fermierilor s\u0103 manipuleze volume mari de materiale cu u\u0219urin\u021b\u0103, \u00eembun\u0103t\u0103\u021bind astfel productivitatea sarcinilor agricole.<\/p>\n<h3>Excavatoare<\/h3>\n<p>\u00cen excavatoare, cilindrii bra\u021bului faciliteaz\u0103 ac\u021biunile de s\u0103pare permi\u021b\u00e2nd cupei s\u0103 p\u0103trund\u0103 eficient \u00een sol. Aceast\u0103 capacitate este crucial\u0103 pentru sarcini precum s\u0103parea de \u0219an\u021buri, nivelarea \u0219i demolarea, unde precizia \u0219i puterea sunt necesare pentru finalizarea cu succes.<\/p>\n<h3>\u00cenc\u0103rc\u0103toare<\/h3>\n<p>La \u00eenc\u0103rc\u0103toarele frontale, cilindrii bra\u021bului ajut\u0103 la ridicarea \u0219i desc\u0103rcarea eficient\u0103 a sarcinilor. Designul lor permite operatorilor s\u0103 controleze \u00een\u0103l\u021bimea de ridicare \u0219i unghiul de desc\u0103rcare, facilit\u00e2nd mutarea materialelor dintr-o loca\u021bie \u00een alta f\u0103r\u0103 scurgeri.<\/p>\n<h2>Considera\u021bii de proiectare \u0219i criterii de selec\u021bie<\/h2>\n<h3>Capacitate de \u00eenc\u0103rcare<\/h3>\n<p>Capacitatea de \u00eenc\u0103rcare a unui cilindru de bra\u021b este critic\u0103, deoarece determin\u0103 greutatea maxim\u0103 pe care o poate suporta \u00een siguran\u021b\u0103. La proiectarea \u0219i selectarea unui cilindru de bra\u021b, inginerii trebuie s\u0103 ia \u00een considerare cerin\u021bele opera\u021bionale specifice \u0219i scenariile poten\u021biale de supra\u00eenc\u0103rcare. Este esen\u021bial s\u0103 alege\u021bi un cilindru cu o capacitate de \u00eenc\u0103rcare care dep\u0103\u0219e\u0219te sarcina maxim\u0103 a\u0219teptat\u0103 pentru a asigura siguran\u021ba \u0219i fiabilitatea \u00een timpul func\u021bion\u0103rii.<\/p>\n<h3>Mecanisme de etan\u0219are<\/h3>\n<p>Etan\u0219area eficient\u0103 este esen\u021bial\u0103 pentru men\u021binerea presiunii hidraulice \u0219i prevenirea scurgerilor de ulei. Garniturile de \u00eenalt\u0103 calitate, fabricate din materiale durabile, precum poliuretanul sau cauciucul nitrilic, sunt esen\u021biale pentru a asigura longevitatea \u0219i performan\u021ba cilindrului bra\u021bului. Mecanismele de etan\u0219are adecvate reduc, de asemenea, cerin\u021bele de \u00eentre\u021binere \u0219i \u00eembun\u0103t\u0103\u021besc eficien\u021ba general\u0103 a sistemului.<\/p>\n<h3>Durabilitate<\/h3>\n<p>Durabilitatea este un factor cheie \u00een proiectarea cilindrilor bra\u021bului, deoarece ace\u0219tia func\u021bioneaz\u0103 \u00een medii dure. Produc\u0103torii trebuie s\u0103 ia \u00een considerare materiale care rezist\u0103 la coroziune \u0219i uzur\u0103, asigur\u00e2ndu-se c\u0103 cilindrul poate face fa\u021b\u0103 rigorilor func\u021bion\u0103rii utilajelor grele. Testarea regulat\u0103 \u0219i controlul calit\u0103\u021bii \u00een timpul fabrica\u021biei sunt esen\u021biale pentru a ob\u021bine aceast\u0103 durabilitate.<\/p>\n<h3>Caracteristici de siguran\u021b\u0103<\/h3>\n<p>Considera\u021biile de siguran\u021b\u0103 sunt esen\u021biale \u00een proiectarea cilindrilor bra\u021bului. Incorporarea unor caracteristici precum supapele de suprapresiune \u0219i \u00eentrerup\u0103toarele de limit\u0103 poate ajuta la prevenirea accidentelor cauzate de supraextensie sau defec\u021biuni hidraulice. Asigurarea integr\u0103rii m\u0103surilor de siguran\u021b\u0103 \u00een proiectare poate proteja at\u00e2t operatorul, c\u00e2t \u0219i utilajele.<\/p>\n<h3>Accesibilitate pentru \u00eentre\u021binere<\/h3>\n<p>Proiectarea pentru accesibilitate \u00een timpul \u00eentre\u021binerii poate reduce semnificativ timpul de nefunc\u021bionare \u0219i poate \u00eembun\u0103t\u0103\u021bi fiabilitatea general\u0103 a cilindrului bra\u021bului. Caracteristici precum accesul facil la garnituri, puncte de lubrifiere \u0219i orificii de inspec\u021bie pot facilita \u00eentre\u021binerea regulat\u0103, asigur\u00e2nd c\u0103 cilindrul func\u021bioneaz\u0103 la performan\u021be maxime \u0219i \u00eei prelunge\u0219te durata de via\u021b\u0103.<\/p>\n<p><img decoding=\"async\" src=\"https:\/\/www.hydraulic-cylinders.net\/wp-content\/uploads\/2025\/04\/songte-oil-pipes-and-spare-parts.webp\" alt=\"Piese cilindru hidraulic\" \/><\/p>\n<h2>Etan\u0219are \u0219i lubrifiere<\/h2>\n<p>Etan\u0219area \u0219i lubrifierea sunt vitale pentru func\u021bionarea eficient\u0103 a cilindrilor bra\u021bului. Diverse componente de etan\u0219are, cum ar fi etan\u0219\u0103rile pistonului \u0219i etan\u0219\u0103rile tijei, sunt utilizate pentru a men\u021bine presiunea hidraulic\u0103 \u0219i a preveni scurgerile. Alegerea etan\u0219\u0103rilor fabricate din materiale rezistente la abraziune, cum ar fi poliuretanul \u0219i cauciucul nitrilic, este crucial\u0103 pentru asigurarea longevit\u0103\u021bii \u0219i eficacit\u0103\u021bii sistemului hidraulic.<\/p>\n<p>Corpul cilindrului \u0219i suprafe\u021bele filetate ale cap\u0103tului trebuie s\u0103 fie supuse unor procese meticuloase de finisare pentru a spori rezisten\u021ba la uzur\u0103. Lubrifierea regulat\u0103 cu ulei hidraulic adecvat este necesar\u0103 pentru a asigura o func\u021bionare lin\u0103 \u0219i a preveni uzura excesiv\u0103 a etan\u0219\u0103rilor \u0219i a altor piese mobile. Stabilirea unei rutine de inspec\u021bie \u0219i completare a lubrifiantului poate \u00eembun\u0103t\u0103\u021bi semnificativ fiabilitatea \u0219i performan\u021ba cilindrilor bra\u021bului.<\/p>\n<h2>\u00centre\u021binere regulat\u0103 \u0219i m\u0103suri preventive<\/h2>\n<ul>\n<li><strong>Inspec\u021bii regulate:<\/strong> Efectua\u021bi inspec\u021bii de rutin\u0103 pentru a verifica dac\u0103 exist\u0103 uzur\u0103, scurgeri \u0219i orice semne de deteriorare. Depistarea timpurie a problemelor poate preveni defec\u021biuni majore \u0219i repara\u021bii costisitoare.<\/li>\n<li><strong>Lubrifiere adecvat\u0103:<\/strong> Asigura\u021bi-v\u0103 c\u0103 toate piesele mobile sunt lubrifiate corespunz\u0103tor \u00eenainte de utilizare. Utilizarea tipului \u0219i cantit\u0103\u021bii corecte de ulei hidraulic va prelungi durata de via\u021b\u0103 a cilindrului \u0219i va \u00eembun\u0103t\u0103\u021bi performan\u021ba.<\/li>\n<li><strong>\u00cenlocuirea garniturii:<\/strong> Examina\u021bi periodic garniturile pentru uzur\u0103. \u00cenlocuirea la timp a garniturilor este crucial\u0103 pentru prevenirea scurgerilor \u0219i men\u021binerea presiunii hidraulice.<\/li>\n<\/ul>\n<h2>Instruc\u021biuni de instalare<\/h2>\n<p>Instalarea corect\u0103 a cilindrului bra\u021bului este esen\u021bial\u0103 pentru o performan\u021b\u0103 optim\u0103. \u00cencepe\u021bi prin a v\u0103 asigura c\u0103 suporturile de montare sunt fixate \u00een siguran\u021b\u0103 \u0219i c\u0103 cilindrul este aliniat corect cu bra\u021bul. Este recomandabil s\u0103 utiliza\u021bi suporturi de instalare adecvate pentru a stabiliza cilindrul \u00een timpul instal\u0103rii.<\/p>\n<p>Odat\u0103 ce sunt \u00een pozi\u021bie, str\u00e2nge\u021bi toate \u0219uruburile conform specifica\u021biilor produc\u0103torului pentru a evita orice nealiniere sau solicitare excesiv\u0103 a componentelor. Dup\u0103 instalare, este esen\u021bial s\u0103 verifica\u021bi dac\u0103 exist\u0103 scurgeri \u0219i s\u0103 v\u0103 asigura\u021bi c\u0103 liniile hidraulice sunt conectate corect. Monitoriza\u021bi periodic cilindrul \u00een timpul utiliz\u0103rii ini\u021biale pentru a v\u0103 asigura c\u0103 func\u021bioneaz\u0103 f\u0103r\u0103 probleme.<\/p>\n<h2>Sarcini de \u00eentre\u021binere<\/h2>\n<ul>\n<li><strong>Inspec\u021bii regulate:<\/strong> Verificarea periodic\u0103 a cilindrului bra\u021bului pentru a depista semne de uzur\u0103, scurgeri sau deteriorare este esen\u021bial\u0103 pentru men\u021binerea func\u021bionalit\u0103\u021bii sale.<\/li>\n<li><strong>Lubrifiere adecvat\u0103:<\/strong> Asigurarea lubrifierii tuturor pieselor mobile va reduce la minimum frecarea \u0219i uzura, ceea ce va duce la o durat\u0103 de via\u021b\u0103 mai lung\u0103.<\/li>\n<li><strong>\u00cenlocuirea garniturii:<\/strong> \u00cenlocuirea regulat\u0103 a garniturilor uzate este esen\u021bial\u0103 pentru men\u021binerea presiunii hidraulice \u0219i prevenirea scurgerilor.<\/li>\n<\/ul>\n<p>Sublinierea importan\u021bei instal\u0103rii, lubrifierii \u0219i reglajelor corecte poate preveni multe probleme comune. \u00cen timpul instal\u0103rii, asigura\u021bi-v\u0103 c\u0103 cilindrul este aliniat corect pentru a evita uzura excesiv\u0103. Se recomand\u0103 utilizarea unor console de montare adecvate pentru a fixa eficient cilindrul. Respectarea recomand\u0103rilor produc\u0103torului privind procedurile de inspec\u021bie, reparare \u0219i \u00eenlocuire va spori fiabilitatea \u0219i performan\u021ba, asigur\u00e2nd longevitatea cilindrului bra\u021bului.<\/p>\n<p><img decoding=\"async\" src=\"https:\/\/www.hydraulic-cylinders.net\/wp-content\/uploads\/2025\/04\/songte-chushion-collar.webp\" alt=\"Guler de pern\u0103\" \/><\/p>\n<h2>Considera\u021bii de siguran\u021b\u0103 \u0219i factori de mediu<\/h2>\n<p>Atunci c\u00e2nd se utilizeaz\u0103 cilindrul bra\u021bului, respectarea m\u0103surilor de siguran\u021b\u0103 este esen\u021bial\u0103. Operatorii trebuie s\u0103 fie instrui\u021bi cu privire la func\u021bionarea \u00een siguran\u021b\u0103 a utilajelor hidraulice \u0219i la importan\u021ba utiliz\u0103rii echipamentului de protec\u021bie. \u00cen plus, \u00een\u021belegerea impactului asupra mediului al scurgerilor de ulei hidraulic \u0219i asigurarea unor metode adecvate de eliminare pot men\u021bine echilibrul ecologic.<\/p>\n<h2>Depanarea problemelor comune<\/h2>\n<ul>\n<li><strong>Scurgere:<\/strong> Una dintre cele mai frecvente probleme este scurgerea, adesea cauzat\u0103 de garnituri uzate. Inspec\u021biile regulate pot ajuta la identificarea timpurie a scurgerilor, permi\u021b\u00e2nd repara\u021bii la timp.<\/li>\n<li><strong>Func\u021bionare lent\u0103:<\/strong> Dac\u0103 cilindrul bra\u021bului func\u021bioneaz\u0103 lent, acest lucru poate indica niveluri sc\u0103zute de lichid hidraulic sau aer \u00een sistem. Verificarea nivelurilor de lichid \u0219i aerisirea poate rezolva aceast\u0103 problem\u0103.<\/li>\n<li><strong>Zgomote neobi\u0219nuite:<\/strong> Sunetele neobi\u0219nuite din timpul func\u021bion\u0103rii pot semnala deterior\u0103ri interne sau lubrifiere inadecvat\u0103. Este necesar\u0103 o inspec\u021bie imediat\u0103 pentru a preveni deteriorarea ulterioar\u0103.<\/li>\n<\/ul>\n<p>Furnizarea de sfaturi \u0219i solu\u021bii de depanare poate ajuta operatorii s\u0103 diagnosticheze \u0219i s\u0103 abordeze problemele \u00een mod eficient. M\u0103surile preventive sunt cruciale \u00een reducerea probabilit\u0103\u021bii apari\u021biei problemelor, cum ar fi programele de \u00eentre\u021binere regulat\u0103 \u0219i instruirea adecvat\u0103 a operatorilor. Prin \u00een\u021belegerea problemelor poten\u021biale \u0219i a solu\u021biilor acestora, operatorii se pot asigura c\u0103 cilindrul bra\u021bului func\u021bioneaz\u0103 eficient.<\/p>\n<p><img decoding=\"async\" src=\"https:\/\/www.hydraulic-cylinders.net\/wp-content\/uploads\/2025\/04\/songte-bushings-with-all-kinds-of-excavator-models.webp\" alt=\"Buc\u0219e pentru excavator\" \/><\/p>\n<h2>Prezentare general\u0103 a companiei<\/h2>\n<p>Suntem un produc\u0103tor important de cilindri hidraulici de schimb, oferind o gam\u0103 complet\u0103 de produse at\u00e2t pentru pie\u021bele interne, c\u00e2t \u0219i pentru cele interna\u021bionale. Angajamentul nostru fa\u021b\u0103 de excelen\u021ba \u00een calitate este sus\u021binut de o strategie rafinat\u0103 de management al produc\u021biei, care valorific\u0103 tehnologii avansate de fabrica\u021bie \u0219i personal tehnic calificat.<\/p>\n<p>Capacit\u0103\u021bile noastre de produc\u021bie sunt \u00eembun\u0103t\u0103\u021bite prin utilizarea echipamentelor digitale de fabrica\u021bie de ultim\u0103 genera\u021bie \u0219i a sistemelor de testare specializate, promov\u00e2nd o platform\u0103 de fabrica\u021bie eficient\u0103 \u0219i precis\u0103. Ne str\u0103duim continuu s\u0103 \u00eembun\u0103t\u0103\u021bim calitatea produselor noastre \u0219i s\u0103 satisfacem diversele cerin\u021be ale clien\u021bilor prin inova\u021bie.<\/p>\n<p>Ne m\u00e2ndrim cu certific\u0103rile noastre interna\u021bionale \u0219i cu op\u021biunile de personalizare pe care le oferim, ceea ce ne permite s\u0103 adapt\u0103m produsele la nevoile specifice ale clien\u021bilor. Dedica\u021bia noastr\u0103 fa\u021b\u0103 de serviciul clien\u021bi se extinde dincolo de v\u00e2nz\u0103ri, oferind asisten\u021b\u0103 post-v\u00e2nzare robust\u0103 \u0219i solu\u021bii pentru \u00eentre\u021binere \u0219i repara\u021bii.<\/p>\n<p><img decoding=\"async\" src=\"https:\/\/www.hydraulic-cylinders.net\/wp-content\/uploads\/2025\/04\/songte-company-4.webp\" alt=\"Imaginea companiei 4\" \/><br \/>\n<img decoding=\"async\" src=\"https:\/\/www.hydraulic-cylinders.net\/wp-content\/uploads\/2025\/04\/songte-company-3.webp\" alt=\"Imaginea companiei 3\" \/><\/p>\n<p>Autor lyl<\/p>","protected":false},"excerpt":{"rendered":"<p>Boom Cylinder For Volvo Large Excavator EC460BP Introduction to Boom Cylinders The Boom Cylinder for Volvo Large Excavator EC460BP is a crucial component in the hydraulic system of excavators. These hydraulic cylinders are specifically designed to control the movement of the boom, allowing the excavator to lift, lower, and tilt its bucket efficiently. This functionality [&hellip;]<\/p>","protected":false},"featured_media":17876,"comment_status":"open","ping_status":"closed","template":"","meta":{"_et_pb_use_builder":"","_et_pb_old_content":"","_et_gb_content_width":""},"product_brand":[],"product_cat":[1546],"product_tag":[1547,1496],"class_list":{"0":"post-19130","1":"product","2":"type-product","3":"status-publish","4":"has-post-thumbnail","6":"product_cat-boom-cylinders","7":"product_tag-boom-cylinders","8":"product_tag-hydraulic-cylinders","10":"first","11":"instock","12":"shipping-taxable","13":"product-type-simple"},"amp_enabled":true,"_links":{"self":[{"href":"https:\/\/www.hydraulic-cylinders.net\/ro\/wp-json\/wp\/v2\/product\/19130","targetHints":{"allow":["GET"]}}],"collection":[{"href":"https:\/\/www.hydraulic-cylinders.net\/ro\/wp-json\/wp\/v2\/product"}],"about":[{"href":"https:\/\/www.hydraulic-cylinders.net\/ro\/wp-json\/wp\/v2\/types\/product"}],"replies":[{"embeddable":true,"href":"https:\/\/www.hydraulic-cylinders.net\/ro\/wp-json\/wp\/v2\/comments?post=19130"}],"wp:featuredmedia":[{"embeddable":true,"href":"https:\/\/www.hydraulic-cylinders.net\/ro\/wp-json\/wp\/v2\/media\/17876"}],"wp:attachment":[{"href":"https:\/\/www.hydraulic-cylinders.net\/ro\/wp-json\/wp\/v2\/media?parent=19130"}],"wp:term":[{"taxonomy":"product_brand","embeddable":true,"href":"https:\/\/www.hydraulic-cylinders.net\/ro\/wp-json\/wp\/v2\/product_brand?post=19130"},{"taxonomy":"product_cat","embeddable":true,"href":"https:\/\/www.hydraulic-cylinders.net\/ro\/wp-json\/wp\/v2\/product_cat?post=19130"},{"taxonomy":"product_tag","embeddable":true,"href":"https:\/\/www.hydraulic-cylinders.net\/ro\/wp-json\/wp\/v2\/product_tag?post=19130"}],"curies":[{"name":"wp","href":"https:\/\/api.w.org\/{rel}","templated":true}]}}