{"id":19179,"date":"2025-04-07T06:16:44","date_gmt":"2025-04-07T06:16:44","guid":{"rendered":"https:\/\/www.hydraulic-cylinders.net\/product\/boom-cylinder-for-xcmg-small-excavator-xe6oca\/"},"modified":"2025-04-07T06:16:46","modified_gmt":"2025-04-07T06:16:46","slug":"boom-cylinder-for-xcmg-small-excavator-xe6oca","status":"publish","type":"product","link":"https:\/\/www.hydraulic-cylinders.net\/ro\/produs\/boom-cylinder-for-xcmg-small-excavator-xe6oca\/","title":{"rendered":"Cilindru de bra\u021b pentru excavatorul mic XCMG XE6OCA"},"content":{"rendered":"<h1>Cilindru de bra\u021b pentru excavatorul mic XCMG XE6OCA<\/h1>\n<h2>\u00cen\u021belegerea cilindrului bra\u021bului<\/h2>\n<p>Cilindrul bra\u021bului este o component\u0103 hidraulic\u0103 critic\u0103 utilizat\u0103 \u00een utilajele grele, \u00een special \u00een excavatoare. Func\u021bia sa principal\u0103 este de a controla mi\u0219carea bra\u021bului, esen\u021bial\u0103 pentru diverse sarcini, cum ar fi s\u0103parea, ridicarea \u0219i transportul materialelor. Cilindrul bra\u021bului permite extinderea \u0219i retragerea bra\u021bului, oferind flexibilitate \u0219i precizie \u00een opera\u021biuni. Conceput pentru a rezista la o presiune \u0219i o sarcin\u0103 semnificative, acest cilindru hidraulic joac\u0103 un rol vital \u00een \u00eembun\u0103t\u0103\u021birea eficien\u021bei generale a excavatoarelor \u0219i a altor echipamente grele.<\/p>\n<p><img decoding=\"async\" src=\"https:\/\/www.hydraulic-cylinders.net\/wp-content\/uploads\/2025\/04\/songte-company-1.webp\" alt=\"Cilindru de bra\u021b pentru excavator\"><\/p>\n<h2>Caracteristicile cilindrului bra\u021bului<\/h2>\n<ul>\n<li><strong>Rezisten\u021b\u0103 \u0219i durabilitate ridicate:<\/strong> Fabricat din o\u021bel sau aluminiu de \u00eenalt\u0103 rezisten\u021b\u0103, cilindrul bra\u021bului poate rezista la presiuni ridicate \u0219i sarcini grele, fiind potrivit pentru medii de lucru dure.<\/li>\n<li><strong>Func\u021bionare hidraulic\u0103 eficient\u0103:<\/strong> Utilizeaz\u0103 presiunea uleiului hidraulic pentru a efectua o extensie \u0219i o retragere lin\u0103, r\u0103spunz\u00e2nd rapid la comenzile de control \u0219i oferind for\u021be substan\u021biale de \u00eempingere \u0219i tragere.<\/li>\n<li><strong>Diverse tipuri:<\/strong> Disponibile \u00een modele cu ac\u021biune simpl\u0103 (func\u021bionare hidraulic\u0103 \u00eentr-o singur\u0103 direc\u021bie) sau cu ac\u021biune dubl\u0103 (func\u021bionare hidraulic\u0103 \u00een ambele direc\u021bii), pentru a satisface diverse nevoi opera\u021bionale.<\/li>\n<li><strong>Designuri eficiente din punct de vedere al spa\u021biului:<\/strong> Unele modele sunt dotate cu design telescopic, permi\u021b\u00e2nd o extindere mai mare f\u0103r\u0103 a cre\u0219te dimensiunile exterioare, ideale pentru aplica\u021bii cu spa\u021biu limitat.<\/li>\n<li><strong>Rezisten\u021b\u0103 la coroziune:<\/strong> Proiectat cu caracteristici care sporesc rezisten\u021ba la uzur\u0103 \u0219i coroziune, duc\u00e2nd la o durat\u0103 de via\u021b\u0103 mai lung\u0103.<\/li>\n<\/ul>\n<p>Produsele noastre \u00eenlocuiesc perfect diver\u0219i cilindri hidraulici, asigur\u00e2nd fiabilitate \u0219i performan\u021b\u0103.<\/p>\n<p><img decoding=\"async\" src=\"https:\/\/www.hydraulic-cylinders.net\/wp-content\/uploads\/2025\/04\/songte-cylinder-head-with-all-kinds-excavator-models.webp\" alt=\"Chiulas\u0103 hidraulic\u0103\"><\/p>\n<h2>Aplica\u021bii ale cilindrului bra\u021bului<\/h2>\n<h3>Echipamente de construc\u021bii<\/h3>\n<p>\u00cen excavatoare, cilindrul bra\u021bului este parte integrant\u0103 a s\u0103p\u0103rii, \u00eenc\u0103rc\u0103rii \u0219i mut\u0103rii solului sau a resturilor. Acesta permite bra\u021bului s\u0103 ating\u0103 diferite \u00een\u0103l\u021bimi \u0219i unghiuri, permi\u021b\u00e2nd operatorilor s\u0103 efectueze sarcini complexe eficient. \u00cen cazul \u00eenc\u0103rc\u0103toarelor excavatoare, cilindrul bra\u021bului ajut\u0103 at\u00e2t la opera\u021biunile de s\u0103pare, c\u00e2t \u0219i la cele de ridicare, oferind versatilitate \u00een diverse scenarii de construc\u021bie.<\/p>\n<h3>Ma\u0219ini agricole<\/h3>\n<p>In front-end loaders, the boom cylinder is essential for scooping, lifting, and transporting soil, hay, and other materials. The ability to control the boom&#8217;s position allows farmers to handle tasks more effectively, contributing to increased productivity and reduced labor costs.<\/p>\n<h3>Excavatoare<\/h3>\n<p>Cilindrul bra\u021bului faciliteaz\u0103 ac\u021biunea de s\u0103pare permi\u021b\u00e2nd cupei s\u0103 p\u0103trund\u0103 \u00een sol. Aceast\u0103 capacitate este crucial\u0103 pentru lucr\u0103rile de excavare, deoarece asigur\u0103 c\u0103 operatorul poate ajunge mai ad\u00e2nc \u0219i poate gestiona cu u\u0219urin\u021b\u0103 cantit\u0103\u021bi mai mari de material.<\/p>\n<h3>\u00cenc\u0103rc\u0103toare<\/h3>\n<p>La \u00eenc\u0103rc\u0103toarele frontale, cilindrul bra\u021bului contribuie la ridicarea \u0219i desc\u0103rcarea eficient\u0103 a materialelor. Controlul s\u0103u precis permite operatorilor s\u0103 gestioneze sarcini grele f\u0103r\u0103 a compromite stabilitatea sau siguran\u021ba.<\/p>\n<h2>Considera\u021bii de proiectare \u0219i criterii de selec\u021bie<\/h2>\n<h3>Capacitate de \u00eenc\u0103rcare<\/h3>\n<p>Atunci c\u00e2nd selecta\u021bi un cilindru pentru bra\u021b, este esen\u021bial s\u0103 lua\u021bi \u00een considerare capacitatea de \u00eenc\u0103rcare necesar\u0103 pentru aplica\u021biile dumneavoastr\u0103 specifice. Cilindrul trebuie s\u0103 poat\u0103 suporta greutatea maxim\u0103 pe care o va \u00eent\u00e2lni \u00een timpul opera\u021biunilor. Aceasta implic\u0103 evaluarea limitelor de presiune hidraulic\u0103 \u0219i a integrit\u0103\u021bii structurale a materialului cilindrului.<\/p>\n<h3>Performan\u021ba de etan\u0219are<\/h3>\n<p>Garniturile sunt vitale \u00een prevenirea scurgerilor de fluid hidraulic \u0219i asigurarea performan\u021bei optime a cilindrului. Garnituri de \u00eenalt\u0103 calitate, fabricate din materiale durabile, trebuie utilizate pentru a men\u021bine presiunea \u0219i eficien\u021ba opera\u021bional\u0103. O aten\u021bie deosebit\u0103 trebuie acordat\u0103 designului etan\u0219\u0103rilor pentru a rezista la condi\u021bii de func\u021bionare variabile.<\/p>\n<h3>Durabilitate<\/h3>\n<p>Durabilitatea este un factor critic; cilindrul bra\u021bului trebuie s\u0103 reziste condi\u021biilor extreme de mediu, inclusiv fluctua\u021biilor de temperatur\u0103 \u0219i expunerii la diverse substan\u021be chimice. Selectarea materialelor care ofer\u0103 rezisten\u021b\u0103 la uzur\u0103 \u0219i coroziune prelunge\u0219te durata de via\u021b\u0103 a cilindrului.<\/p>\n<h3>Caracteristici de siguran\u021b\u0103<\/h3>\n<p>Siguran\u021ba este primordial\u0103 \u00een sistemele hidraulice. Proiectarea trebuie s\u0103 includ\u0103 caracteristici care previn mi\u0219c\u0103rile accidentale, cum ar fi protec\u021bia la suprasarcin\u0103 \u0219i supapele de siguran\u021b\u0103. Aceste caracteristici ajut\u0103 la atenuarea riscurilor \u00een timpul func\u021bion\u0103rii \u0219i sporesc \u00eencrederea utilizatorului.<\/p>\n<h3>Accesibilitate pentru \u00eentre\u021binere<\/h3>\n<p>\u00cen cele din urm\u0103, accesul facil pentru sarcinile de \u00eentre\u021binere este esen\u021bial. Un cilindru al bra\u021bului bine proiectat ar trebui s\u0103 permit\u0103 o inspec\u021bie simpl\u0103, \u00eenlocuirea garniturii \u0219i lubrifierea, f\u0103r\u0103 a fi necesar\u0103 o demontare extins\u0103.<\/p>\n<p><img decoding=\"async\" src=\"https:\/\/www.hydraulic-cylinders.net\/wp-content\/uploads\/2025\/04\/songte-oil-pipes-and-spare-parts.webp\" alt=\"Piese cilindru hidraulic\"><\/p>\n<h2>Etan\u0219are \u0219i lubrifiere<\/h2>\n<p>Eficacitatea unui cilindru al bra\u021bului depinde \u00een mod semnificativ de etan\u0219area \u0219i lubrifierea corespunz\u0103toare. Diverse etan\u0219\u0103ri, cum ar fi etan\u0219\u0103rile pistonului \u0219i etan\u0219\u0103rile tijei, sunt cruciale pentru men\u021binerea presiunii hidraulice \u0219i prevenirea scurgerilor. Materiale precum poliuretanul \u0219i cauciucul nitrilic sunt utilizate \u00een mod obi\u0219nuit pentru rezisten\u021ba lor excelent\u0103 la uzur\u0103. Corpul cilindrului \u0219i capetele filetate sunt prelucrate fin pentru a spori durabilitatea \u0219i a preveni uzura. Lubrifierea regulat\u0103 cu ulei hidraulic este esen\u021bial\u0103 pentru a asigura o func\u021bionare lin\u0103 \u0219i a prelungi durata de via\u021b\u0103 a cilindrului.<\/p>\n<h2>Inspec\u021bie regulat\u0103 \u0219i \u00eentre\u021binere preventiv\u0103<\/h2>\n<ul>\n<li><strong>Verific\u0103ri regulate:<\/strong> Ar trebui efectuate inspec\u021bii regulate pentru a identifica din timp orice semne de uzur\u0103 sau deteriorare, permi\u021b\u00e2nd repara\u021bii la timp \u0219i evit\u00e2nd defec\u021biuni majore.<\/li>\n<li><strong>Lubrifiere adecvat\u0103:<\/strong> Asigurarea unei lubrifieri adecvate ajut\u0103 la minimizarea frec\u0103rii \u0219i uzurii pieselor mobile, contribuind la o func\u021bionare mai lin\u0103.<\/li>\n<li><strong>\u00cenlocuirea garniturii:<\/strong> \u00cenlocuirea regulat\u0103 a garniturilor este esen\u021bial\u0103 pentru men\u021binerea eficien\u021bei hidraulice \u0219i prevenirea scurgerilor.<\/li>\n<\/ul>\n<h2>Instruc\u021biuni corecte de instalare<\/h2>\n<p>Instalarea corect\u0103 a cilindrului bra\u021bului este crucial\u0103 pentru o performan\u021b\u0103 optim\u0103. \u00cencepe\u021bi prin a v\u0103 asigura c\u0103 spa\u021biul de lucru este curat \u0219i f\u0103r\u0103 resturi. Alinia\u021bi cilindrul cu precizie cu suporturile de montare pentru a evita nealinierea, care poate duce la uzur\u0103 prematur\u0103. Folosi\u021bi suporturi de montare adecvate pentru a fixa ferm cilindrul. Regla\u021bi cu aten\u021bie toate conexiunile hidraulice, asigur\u00e2ndu-v\u0103 c\u0103 nu exist\u0103 scurgeri. \u00cen cele din urm\u0103, dup\u0103 instalare, efectua\u021bi un test func\u021bional am\u0103nun\u021bit pentru a verifica dac\u0103 toate mi\u0219c\u0103rile func\u021bioneaz\u0103 corect \u0219i \u00een siguran\u021b\u0103.<\/p>\n<h2>Sarcini comune de \u00eentre\u021binere<\/h2>\n<h3>Inspec\u021bii regulate<\/h3>\n<p>Efectuarea inspec\u021biilor regulate permite identificarea poten\u021bialelor probleme, cum ar fi scurgerile sau uzura neregulat\u0103. Aceste verific\u0103ri ar trebui s\u0103 fie sistematice, acoperind toate aspectele opera\u021bionale ale cilindrului.<\/p>\n<h3>Lubrifiere adecvat\u0103<\/h3>\n<p>Asigurarea lubrifierii adecvate a cilindrului bra\u021bului este vital\u0103 pentru prevenirea uzurii. Evalua\u021bi periodic sistemul de lubrifiere \u0219i asigura\u021bi-v\u0103 c\u0103 nivelurile de ulei hidraulic sunt men\u021binute, aplic\u00e2nd lubrifiant dup\u0103 cum este necesar.<\/p>\n<h3>\u00cenlocuirea garniturii \u0219i verific\u0103ri ale calibr\u0103rii<\/h3>\n<p>\u00cenlocuirea garniturilor ar trebui s\u0103 aib\u0103 loc ca parte a \u00eentre\u021binerii de rutin\u0103 pentru a preveni scurgerile. Verific\u0103rile de calibrare asigur\u0103 c\u0103 butelia func\u021bioneaz\u0103 \u00een parametrii specifica\u021bi, sporind eficien\u021ba \u0219i siguran\u021ba \u00een timpul func\u021bion\u0103rii.<\/p>\n<p><img decoding=\"async\" src=\"https:\/\/www.hydraulic-cylinders.net\/wp-content\/uploads\/2025\/04\/songte-chushion-collar.webp\" alt=\"Guler de pern\u0103 pentru cilindru hidraulic\"><\/p>\n<h2>Considera\u021bii de siguran\u021b\u0103 \u0219i factori de mediu<\/h2>\n<p>Atunci c\u00e2nd se utilizeaz\u0103 cilindri hidraulici, implementarea m\u0103surilor de siguran\u021b\u0103 este crucial\u0103. Operatorii trebuie s\u0103 fie instrui\u021bi \u00een practicile de operare \u00een siguran\u021b\u0103 pentru a atenua riscurile asociate cu sistemele hidraulice. Auditurile regulate de siguran\u021b\u0103 \u0219i respectarea instruc\u021biunilor opera\u021bionale ajut\u0103 la asigurarea unui mediu de lucru sigur. \u00cen plus, factorii de mediu, cum ar fi expunerea la elemente corozive, trebuie gestiona\u021bi pentru a prelungi durata de via\u021b\u0103 a componentelor hidraulice.<\/p>\n<h2>Diagnosticarea defec\u021biunilor \u0219i probleme frecvente<\/h2>\n<ul>\n<li><strong>Scurgere:<\/strong> Scurgerile pot indica o defec\u021biune a etan\u0219\u0103rii; verifica\u021bi dac\u0103 exist\u0103 deterior\u0103ri \u0219i \u00eenlocui\u021bi etan\u0219\u0103rile dac\u0103 este necesar.<\/li>\n<li><strong>Performan\u021b\u0103 slab\u0103:<\/strong> Dac\u0103 cilindrul nu se extinde sau nu se retrage lin, verifica\u021bi dac\u0103 exist\u0103 blocaje sau niveluri sc\u0103zute de lichid hidraulic.<\/li>\n<li><strong>Zgomote neobi\u0219nuite:<\/strong> Zgomotele pot semnala probleme mecanice sau lubrifiere inadecvat\u0103; investiga\u021bi \u0219i remedia\u021bi prompt situa\u021bia.<\/li>\n<\/ul>\n<h2>Sfaturi \u0219i solu\u021bii pentru depanare<\/h2>\n<p>Pentru a diagnostica \u0219i rezolva eficient problemele, operatorii ar trebui s\u0103 \u021bin\u0103 un jurnal al performan\u021bei \u0219i al oric\u0103ror nereguli observate \u00een timpul func\u021bion\u0103rii. Instruirea regulat\u0103 \u0219i actualiz\u0103rile privind practicile de \u00eentre\u021binere pot reduce \u0219i mai mult poten\u021bialele probleme. Utiliza\u021bi m\u0103suri preventive, cum ar fi \u00eentre\u021binerea \u0219i inspec\u021biile la timp, pentru a cre\u0219te longevitatea cilindrului bra\u021bului.<\/p>\n<p><img decoding=\"async\" src=\"https:\/\/www.hydraulic-cylinders.net\/wp-content\/uploads\/2025\/04\/songte-bushings-with-all-kinds-of-excavator-models.webp\" alt=\"Buc\u0219e pentru modele de excavatoare\"><\/p>\n<h2>Prezentare general\u0103 a companiei<\/h2>\n<p>Suntem un produc\u0103tor important de cilindri hidraulici, specializa\u021bi \u00een piese de schimb de \u00eenalt\u0103 calitate. Gama noastr\u0103 extins\u0103 de produse ne-a consacrat ca un juc\u0103tor important at\u00e2t pe pie\u021bele interne, c\u00e2t \u0219i pe cele interna\u021bionale. Dedica\u021bi excelen\u021bei, utiliz\u0103m practici de fabrica\u021bie rafinate \u0219i progrese tehnologice de ultim\u0103 genera\u021bie pentru a \u00eembun\u0103t\u0103\u021bi calitatea produselor. Prin personal calificat, echipamente de fabrica\u021bie avansate \u0219i sisteme de testare robuste, satisfacem \u00een mod constant nevoile diverse ale clien\u021bilor, cu eficien\u021b\u0103 \u0219i precizie. Concentrarea noastr\u0103 pe calitate garanteaz\u0103 c\u0103 oferim solu\u021bii fiabile pentru sistemele hidraulice.<\/p>\n<p>Specializarea noastr\u0103 se extinde la certific\u0103ri interna\u021bionale, servicii personalizate, echipamente de produc\u021bie avansate \u0219i asisten\u021b\u0103 post-v\u00e2nzare excep\u021bional\u0103.<\/p>\n<p><img decoding=\"async\" src=\"https:\/\/www.hydraulic-cylinders.net\/wp-content\/uploads\/2025\/04\/songte-company-4.webp\" alt=\"Prezentare general\u0103 a companiei Imagine 1\"><\/p>\n<p><img decoding=\"async\" src=\"https:\/\/www.hydraulic-cylinders.net\/wp-content\/uploads\/2025\/04\/songte-company-3.webp\" alt=\"Prezentare general\u0103 a companiei Imagine 2\"><\/p>\n<p>Autor: lyl<\/p>","protected":false},"excerpt":{"rendered":"<p>Boom Cylinder For XCMG Small Excavator XE6OCA Understanding the Boom Cylinder The boom cylinder is a critical hydraulic component used in heavy machinery, particularly in excavators. Its primary function is to control the movement of the boom, which is essential for various tasks such as digging, lifting, and transporting materials. The boom cylinder allows the [&hellip;]<\/p>","protected":false},"featured_media":17880,"comment_status":"open","ping_status":"closed","template":"","meta":{"_et_pb_use_builder":"","_et_pb_old_content":"","_et_gb_content_width":""},"product_brand":[],"product_cat":[1546],"product_tag":[1547,1496],"class_list":{"0":"post-19179","1":"product","2":"type-product","3":"status-publish","4":"has-post-thumbnail","6":"product_cat-boom-cylinders","7":"product_tag-boom-cylinders","8":"product_tag-hydraulic-cylinders","10":"first","11":"instock","12":"shipping-taxable","13":"product-type-simple"},"amp_enabled":true,"_links":{"self":[{"href":"https:\/\/www.hydraulic-cylinders.net\/ro\/wp-json\/wp\/v2\/product\/19179","targetHints":{"allow":["GET"]}}],"collection":[{"href":"https:\/\/www.hydraulic-cylinders.net\/ro\/wp-json\/wp\/v2\/product"}],"about":[{"href":"https:\/\/www.hydraulic-cylinders.net\/ro\/wp-json\/wp\/v2\/types\/product"}],"replies":[{"embeddable":true,"href":"https:\/\/www.hydraulic-cylinders.net\/ro\/wp-json\/wp\/v2\/comments?post=19179"}],"wp:featuredmedia":[{"embeddable":true,"href":"https:\/\/www.hydraulic-cylinders.net\/ro\/wp-json\/wp\/v2\/media\/17880"}],"wp:attachment":[{"href":"https:\/\/www.hydraulic-cylinders.net\/ro\/wp-json\/wp\/v2\/media?parent=19179"}],"wp:term":[{"taxonomy":"product_brand","embeddable":true,"href":"https:\/\/www.hydraulic-cylinders.net\/ro\/wp-json\/wp\/v2\/product_brand?post=19179"},{"taxonomy":"product_cat","embeddable":true,"href":"https:\/\/www.hydraulic-cylinders.net\/ro\/wp-json\/wp\/v2\/product_cat?post=19179"},{"taxonomy":"product_tag","embeddable":true,"href":"https:\/\/www.hydraulic-cylinders.net\/ro\/wp-json\/wp\/v2\/product_tag?post=19179"}],"curies":[{"name":"wp","href":"https:\/\/api.w.org\/{rel}","templated":true}]}}