{"id":19180,"date":"2025-04-07T06:16:46","date_gmt":"2025-04-07T06:16:46","guid":{"rendered":"https:\/\/www.hydraulic-cylinders.net\/product\/boom-cylinder-for-xcmg-small-excavator-xe75\/"},"modified":"2025-04-07T06:16:48","modified_gmt":"2025-04-07T06:16:48","slug":"boom-cylinder-for-xcmg-small-excavator-xe75","status":"publish","type":"product","link":"https:\/\/www.hydraulic-cylinders.net\/ro\/produs\/boom-cylinder-for-xcmg-small-excavator-xe75\/","title":{"rendered":"Cilindru de bra\u021b pentru excavatorul mic XCMG XE75"},"content":{"rendered":"<h1>Cilindru de bra\u021b pentru excavatorul mic XCMG XE75<\/h1>\n<h2>\u00cen\u021belegerea cilindrului bra\u021bului<\/h2>\n<p>Cilindrul bra\u021bului este o component\u0103 crucial\u0103 \u00een diverse utilaje grele, \u00een special la excavatoare, \u00eenc\u0103rc\u0103toare frontale \u0219i excavatoare. Este un tip de cilindru hidraulic conceput special pentru a controla mi\u0219carea cupei, permi\u021b\u00e2ndu-i s\u0103 ridice, s\u0103 coboare \u0219i s\u0103 \u00eencline eficient. Aceast\u0103 func\u021bionalitate este esen\u021bial\u0103 pentru sarcinile de manipulare a materialelor, permi\u021b\u00e2nd operatorilor s\u0103 efectueze opera\u021biuni de s\u0103pare, \u00eenc\u0103rcare \u0219i mutare cu precizie.<\/p>\n<p><img decoding=\"async\" src=\"https:\/\/www.hydraulic-cylinders.net\/wp-content\/uploads\/2025\/04\/songte-company-1.webp\" alt=\"Cilindru hidraulic\"><\/p>\n<h3>Rol \u0219i aplica\u021bii \u00een sistemele hidraulice<\/h3>\n<p>\u00cen sistemele hidraulice, cilindrul bra\u021bului joac\u0103 un rol vital prin transformarea energiei hidraulice \u00een energie mecanic\u0103. Atunci c\u00e2nd fluidul hidraulic este pompat \u00een cilindru, acesta creeaz\u0103 o presiune care extinde sau retrage cilindrul, rezult\u00e2nd mi\u0219carea dorit\u0103 a cupei. Acest mecanism nu este doar eficient, ci permite \u0219i opera\u021biuni line \u0219i controlate, ceea ce \u00eel face o pies\u0103 indispensabil\u0103 a excavatoarelor moderne.<\/p>\n<h2>Caracteristicile cilindrului bra\u021bului<\/h2>\n<ul>\n<li><strong>Rezisten\u021b\u0103 \u0219i durabilitate ridicate:<\/strong> De obicei, construite din o\u021bel sau aluminiu de \u00eenalt\u0103 rezisten\u021b\u0103, acestea pot rezista la presiuni ridicate \u0219i sarcini grele, fiind concepute s\u0103 reziste la medii de lucru dure, av\u00e2nd propriet\u0103\u021bi rezistente la uzur\u0103 \u0219i coroziune pentru a le prelungi durata de via\u021b\u0103.<\/li>\n<li><strong>Func\u021bionare hidraulic\u0103 eficient\u0103:<\/strong> Cilindrul bra\u021bului utilizeaz\u0103 presiunea uleiului hidraulic pentru o extindere \u0219i retragere lin\u0103, permi\u021b\u00e2nd un r\u0103spuns rapid la comenzile operatorului \u0219i oferind o for\u021b\u0103 puternic\u0103 de \u00eempingere \u0219i tragere, potrivit\u0103 pentru manipularea materialelor grele \u0219i a sarcinilor complexe.<\/li>\n<li><strong>Diverse tipuri:<\/strong> Ace\u0219ti cilindri sunt disponibili \u00een configura\u021bii cu ac\u021biune simpl\u0103 (ac\u021biune hidraulic\u0103 \u00eentr-o singur\u0103 direc\u021bie) sau cu ac\u021biune dubl\u0103 (ac\u021biune hidraulic\u0103 \u00een ambele direc\u021bii) pentru a satisface diverse cerin\u021be opera\u021bionale, unele modele fiind proiectate s\u0103 fie telescopice, permi\u021b\u00e2nd o extensie mai mare f\u0103r\u0103 a cre\u0219te dimensiunile exterioare, ideale pentru aplica\u021bii cu spa\u021biu limitat.<\/li>\n<li><strong>Compatibilitate:<\/strong> Produsele noastre pot \u00eenlocui perfect cilindrii hidraulici existen\u021bi, asigur\u00e2nd o integrare perfect\u0103 cu diverse modele de excavatoare.<\/li>\n<\/ul>\n<p><img decoding=\"async\" src=\"https:\/\/www.hydraulic-cylinders.net\/wp-content\/uploads\/2025\/04\/songte-cylinder-head-with-all-kinds-excavator-models.webp\" alt=\"Modele de excavatoare\"><\/p>\n<h2>Aplica\u021bii ale cilindrilor bra\u021bului<\/h2>\n<ul>\n<li><strong>Echipamente de construc\u021bii:<\/strong> \u00cen excavatoare, cilindrii bra\u021bului sunt esen\u021biali pentru s\u0103pare, \u00eenc\u0103rcare \u0219i mutarea solului sau a resturilor. Controlul lor precis permite excavarea \u0219i manipularea eficient\u0103 a materialelor, cruciale pentru orice \u0219antier de construc\u021bii.<\/li>\n<li><strong>Ma\u0219ini agricole:<\/strong> Utiliza\u021bi \u00een \u00eenc\u0103rc\u0103toarele frontale, cilindrii bra\u021bului faciliteaz\u0103 scoberea, ridicarea \u0219i transportul solului, f\u00e2nului \u0219i altor materiale, ceea ce \u00eei face nepre\u021bui\u021bi \u00een opera\u021biunile agricole.<\/li>\n<li><strong>Excavatoare:<\/strong> Ace\u0219ti cilindri permit cupei s\u0103 p\u0103trund\u0103 eficient \u00een sol, \u00eembun\u0103t\u0103\u021bind procesul de excavare \u0219i cresc\u00e2nd productivitatea pe \u0219antiere.<\/li>\n<li><strong>\u00cenc\u0103rc\u0103toare:<\/strong> La \u00eenc\u0103rc\u0103toarele frontale, cilindrii bra\u021bului ajut\u0103 la ridicarea \u0219i desc\u0103rcarea eficient\u0103 a materialelor, demonstr\u00e2nd versatilitatea lor pentru diferite tipuri de utilaje.<\/li>\n<\/ul>\n<h2>Considera\u021bii de proiectare \u0219i criterii de selec\u021bie<\/h2>\n<ul>\n<li><strong>Capacitate de \u00eenc\u0103rcare:<\/strong> Proiectarea trebuie s\u0103 \u021bin\u0103 cont de capacitatea maxim\u0103 de \u00eenc\u0103rcare pentru a preveni defec\u021biunile \u00een timpul func\u021bion\u0103rii. O proiectare adecvat\u0103 asigur\u0103 faptul c\u0103 cilindrul poate suporta greutatea materialelor mutate f\u0103r\u0103 a compromite siguran\u021ba sau performan\u021ba.<\/li>\n<li><strong>Integritatea etan\u0219\u0103rii:<\/strong> Etan\u0219area eficient\u0103 este crucial\u0103 pentru a preveni scurgerile de fluid hidraulic, care pot duce la probleme de performan\u021b\u0103 \u0219i la probleme de mediu. Utilizarea etan\u0219\u0103rilor de \u00eenalt\u0103 calitate, care rezist\u0103 la presiune \u0219i uzur\u0103, este esen\u021bial\u0103 pentru men\u021binerea func\u021bionalit\u0103\u021bii cilindrului.<\/li>\n<li><strong>Durabilitate:<\/strong> Materialele utilizate \u00een construc\u021bii trebuie s\u0103 reziste la uzur\u0103 \u0219i coroziune, \u00een special \u00een medii solicitante. Aceast\u0103 considera\u021bie se extinde \u0219i la tratamentele de suprafa\u021b\u0103 care sporesc durata de via\u021b\u0103 \u0219i reduc la minimum nevoile de \u00eentre\u021binere.<\/li>\n<li><strong>Caracteristici de siguran\u021b\u0103:<\/strong> Mecanismele de siguran\u021b\u0103, cum ar fi supapele de suprapresiune, sunt vitale pentru a proteja sistemul de presiunea excesiv\u0103, asigur\u00e2nd func\u021bionarea \u00een siguran\u021b\u0103 chiar \u0219i sub sarcini mari.<\/li>\n<li><strong>Accesibilitate pentru \u00eentre\u021binere:<\/strong> Designul ar trebui s\u0103 permit\u0103 \u00eentre\u021binerea \u0219i repara\u021biile u\u0219oare, permi\u021b\u00e2nd operatorilor s\u0103 efectueze verific\u0103ri \u0219i service de rutin\u0103 f\u0103r\u0103 perioade extinse de nefunc\u021bionare.<\/li>\n<\/ul>\n<p><img decoding=\"async\" src=\"https:\/\/www.hydraulic-cylinders.net\/wp-content\/uploads\/2025\/04\/songte-oil-pipes-and-spare-parts.webp\" alt=\"Conducte de petrol \u0219i piese de schimb\"><\/p>\n<h2>Etan\u0219are \u0219i lubrifiere<\/h2>\n<p>Etan\u0219area \u0219i lubrifierea corespunz\u0103toare sunt esen\u021biale pentru performan\u021ba \u0219i longevitatea cilindrilor bra\u021bului. O varietate de etan\u0219\u0103ri, cum ar fi etan\u0219\u0103rile pistonului \u0219i etan\u0219\u0103rile tijei, sunt utilizate pentru a asigura c\u0103 fluidul hidraulic r\u0103m\u00e2ne con\u021binut \u00een cilindru. Etan\u0219\u0103rile sunt adesea fabricate din materiale durabile, cum ar fi poliuretanul \u0219i cauciucul nitrilic, care rezist\u0103 la uzur\u0103 \u0219i la deteriorarea mediului.<\/p>\n<p>\u00cen plus, corpul cilindrului \u0219i suprafe\u021bele filetate ale cap\u0103tului sunt supuse unor prelucr\u0103ri precise pentru a spori rezisten\u021ba la uzur\u0103. Lubrifierea regulat\u0103 cu ulei hidraulic este necesar\u0103 pentru a men\u021bine o func\u021bionare lin\u0103 \u0219i a preveni uzura \u0219i deteriorarea cauzate de frecare. \u00centre\u021binerea programat\u0103 trebuie s\u0103 includ\u0103 verific\u0103ri ale nivelului de ulei \u0219i ale integrit\u0103\u021bii garniturilor.<\/p>\n<h2>Inspec\u021bie regulat\u0103 \u0219i m\u0103suri de \u00eentre\u021binere preventiv\u0103<\/h2>\n<ul>\n<li><strong>Verific\u0103ri de rutin\u0103:<\/strong> Inspec\u021biile regulate ale cilindrului bra\u021bului ar trebui programate pentru a identifica semne de uzur\u0103, scurgeri sau deteriorare. Depistarea timpurie a problemelor poate preveni repara\u021bii costisitoare \u0219i timpi de nefunc\u021bionare.<\/li>\n<li><strong>Lubrifiere:<\/strong> Lubrifierea adecvat\u0103 este esen\u021bial\u0103 pentru o func\u021bionare lin\u0103 \u0219i pentru a preveni uzura. Operatorii trebuie s\u0103 se asigure c\u0103 uleiul hidraulic este la nivelurile recomandate \u0219i s\u0103 \u00eel completeze dup\u0103 cum este necesar, \u00een func\u021bie de utilizare.<\/li>\n<li><strong>\u00cenlocuirea garniturii:<\/strong> \u00cen timp, garniturile se pot uza \u0219i pot duce la scurgeri. Implementarea unui program de inspec\u021bii \u0219i \u00eenlocuiri ale garniturilor va men\u021bine integritatea \u0219i performan\u021ba cilindrului.<\/li>\n<\/ul>\n<h2>Instruc\u021biuni de instalare<\/h2>\n<p>Instalarea corect\u0103 a cilindrului bra\u021bului este crucial\u0103 pentru o performan\u021b\u0103 optim\u0103. \u00cencepe\u021bi prin alinierea corect\u0103 a cilindrului cu suporturile de montare, asigur\u00e2ndu-v\u0103 c\u0103 este fixat \u00een siguran\u021b\u0103. Folosi\u021bi suporturi de montare adecvate pentru a men\u021bine cilindrul \u00een pozi\u021bie \u00een timpul instal\u0103rii.<\/p>\n<p>\u00cenainte de a fixa cilindrul, verifica\u021bi dac\u0103 toate conductele hidraulice nu prezint\u0103 \u00eendoiri sau deterior\u0103ri. Dup\u0103 instalare, testa\u021bi func\u021bionarea cilindrului rotindu-l pe \u00eentreaga sa gam\u0103 de mi\u0219care, verific\u00e2nd dac\u0103 exist\u0103 scurgeri sau zgomote neobi\u0219nuite. Pot fi necesare ajust\u0103ri pentru a asigura o aliniere \u0219i o func\u021bionalitate corect\u0103.<\/p>\n<h2>Sarcini comune de \u00eentre\u021binere<\/h2>\n<ul>\n<li><strong>Inspec\u021bii regulate:<\/strong> Efectua\u021bi verific\u0103ri frecvente pentru uzur\u0103, scurgeri \u0219i starea general\u0103 a cilindrului pentru a identifica problemele minore \u00eenainte ca acestea s\u0103 devin\u0103 semnificative.<\/li>\n<li><strong>Lubrifiere adecvat\u0103:<\/strong> Asigura\u021bi-v\u0103 c\u0103 uleiul hidraulic este completat \u0219i men\u021binut la nivelurile corecte pentru o performan\u021b\u0103 optim\u0103.<\/li>\n<li><strong>\u00cenlocuirea garniturii:<\/strong> Monitoriza\u021bi garniturile pentru semne de uzur\u0103 \u0219i planifica\u021bi \u00eenlocuirea pentru a preveni scurgerile de fluide \u0219i a men\u021bine eficien\u021ba.<\/li>\n<\/ul>\n<p>\u00cen timpul procesului de instalare, este vital s\u0103 alinia\u021bi corect cilindrul pentru a evita solicit\u0103rile excesive \u0219i poten\u021bialele defec\u021biuni. Utilizarea suporturilor \u0219i a accesoriilor de instalare corecte va asigura stabilitatea. Procedurile recomandate pentru inspec\u021bie, reparare \u0219i \u00eenlocuire vor ajuta la prelungirea duratei de via\u021b\u0103 a cilindrului bra\u021bului.<\/p>\n<p><img decoding=\"async\" src=\"https:\/\/www.hydraulic-cylinders.net\/wp-content\/uploads\/2025\/04\/songte-chushion-collar.webp\" alt=\"Guler de pern\u0103\"><\/p>\n<h2>Considera\u021bii de siguran\u021b\u0103 \u0219i factori de mediu<\/h2>\n<p>M\u0103surile de siguran\u021b\u0103 sunt primordiale atunci c\u00e2nd se lucreaz\u0103 cu cilindri hidraulici. Operatorii trebuie s\u0103 respecte \u00eentotdeauna protocoalele de siguran\u021b\u0103 recomandate, inclusiv purtarea echipamentului individual de protec\u021bie (EIP) adecvat \u0219i asigurarea c\u0103 zona de lucru este lipsit\u0103 de pericole. O instruire adecvat\u0103 privind func\u021bionarea \u0219i \u00eentre\u021binerea cilindrilor hidraulici este esen\u021bial\u0103 pentru prevenirea accidentelor.<\/p>\n<p>Considera\u021biile legate de mediu joac\u0103 \u0219i ele un rol. Fluidele hidraulice trebuie manipulate cu grij\u0103 pentru a evita scurgerile, iar orice ulei uzat trebuie eliminat \u00een conformitate cu reglement\u0103rile locale pentru a minimiza impactul asupra mediului.<\/p>\n<h2>Diagnosticarea defec\u021biunilor \u0219i probleme frecvente<\/h2>\n<ul>\n<li><strong>Scurgere:<\/strong> O problem\u0103 frecvent\u0103 este scurgerea de lichid din garnituri, adesea cauzat\u0103 de uzur\u0103 sau deteriorare. Identificarea sursei scurgerii este crucial\u0103 pentru o reparare la timp.<\/li>\n<li><strong>Performan\u021b\u0103 redus\u0103:<\/strong> Dac\u0103 cilindrul nu se extinde sau nu se retrage lin, acest lucru poate indica un nivel sc\u0103zut de lichid hidraulic sau o deteriorare intern\u0103.<\/li>\n<li><strong>Zgomot \u00een timpul func\u021bion\u0103rii:<\/strong> Zgomotele neobi\u0219nuite pot sugera probleme de lubrifiere sau uzur\u0103 mecanic\u0103, necesit\u00e2nd o investiga\u021bie imediat\u0103.<\/li>\n<\/ul>\n<h2>Sfaturi de depanare<\/h2>\n<p>Pentru a diagnostica \u0219i rezolva eficient problemele legate de cilindrii bra\u021bului, operatorii ar trebui s\u0103 monitorizeze \u00een mod regulat performan\u021ba \u0219i s\u0103 fie proactivi \u00een remedierea oric\u0103ror nereguli. Implementa\u021bi m\u0103suri preventive, cum ar fi \u00eentre\u021binerea programat\u0103, pentru a reduce probabilitatea apari\u021biei problemelor. P\u0103strarea unui jurnal detaliat de \u00eentre\u021binere poate ajuta la urm\u0103rirea performan\u021bei cilindrilor \u0219i la identificarea tiparelor care pot indica probleme emergente.<\/p>\n<p><img decoding=\"async\" src=\"https:\/\/www.hydraulic-cylinders.net\/wp-content\/uploads\/2025\/04\/songte-bushings-with-all-kinds-of-excavator-models.webp\" alt=\"Buc\u0219e cu modele de excavatoare\"><\/p>\n<h2>Despre compania noastr\u0103<\/h2>\n<p>Suntem un produc\u0103tor \u0219i distribuitor angro de top de cilindri hidraulici alternativi, renumi\u021bi pentru gama noastr\u0103 extins\u0103 de produse. Angajamentul nostru fa\u021b\u0103 de excelen\u021b\u0103 este ghidat de o strategie sofisticat\u0103 de management al produc\u021biei, care pune accent pe precizie \u0219i calitate. Concentr\u00e2ndu-ne pe progresele tehnologice, utiliz\u0103m echipamente de produc\u021bie extrem de avansate \u0219i sisteme de testare profesionale pentru a ne \u00eembun\u0103t\u0103\u021bi capacit\u0103\u021bile de produc\u021bie.<\/p>\n<p>Compania noastr\u0103 se m\u00e2ndre\u0219te cu capacitatea sa puternic\u0103 de inovare, permi\u021b\u00e2ndu-ne s\u0103 satisfacem diversele nevoi ale clien\u021bilor prin servicii personalizate. Suntem certifica\u021bi interna\u021bional, garant\u00e2nd c\u0103 produsele noastre \u00eendeplinesc standardele globale de calitate. Serviciul nostru dedicat post-v\u00e2nzare consolideaz\u0103 \u0219i mai mult angajamentul nostru fa\u021b\u0103 de satisfac\u021bia clien\u021bilor.<\/p>\n<p><img decoding=\"async\" src=\"https:\/\/www.hydraulic-cylinders.net\/wp-content\/uploads\/2025\/04\/songte-company-4.webp\" alt=\"Prezentare general\u0103 a companiei\"><br \/>\n<img decoding=\"async\" src=\"https:\/\/www.hydraulic-cylinders.net\/wp-content\/uploads\/2025\/04\/songte-company-3.webp\" alt=\"Facilitatea de produc\u021bie a companiei\"><\/p>\n<p>Autor: lyl<\/p>","protected":false},"excerpt":{"rendered":"<p>Boom Cylinder For XCMG Small Excavator XE75 Understanding the Boom Cylinder The boom cylinder is a crucial component in various heavy machinery, particularly in excavators, backhoe loaders, and front loaders. It is a type of hydraulic cylinder designed specifically to control the movement of the bucket, allowing it to lift, lower, and tilt efficiently. This [&hellip;]<\/p>","protected":false},"featured_media":17881,"comment_status":"open","ping_status":"closed","template":"","meta":{"_et_pb_use_builder":"","_et_pb_old_content":"","_et_gb_content_width":""},"product_brand":[],"product_cat":[1546],"product_tag":[1547,1496],"class_list":{"0":"post-19180","1":"product","2":"type-product","3":"status-publish","4":"has-post-thumbnail","6":"product_cat-boom-cylinders","7":"product_tag-boom-cylinders","8":"product_tag-hydraulic-cylinders","10":"first","11":"instock","12":"shipping-taxable","13":"product-type-simple"},"amp_enabled":true,"_links":{"self":[{"href":"https:\/\/www.hydraulic-cylinders.net\/ro\/wp-json\/wp\/v2\/product\/19180","targetHints":{"allow":["GET"]}}],"collection":[{"href":"https:\/\/www.hydraulic-cylinders.net\/ro\/wp-json\/wp\/v2\/product"}],"about":[{"href":"https:\/\/www.hydraulic-cylinders.net\/ro\/wp-json\/wp\/v2\/types\/product"}],"replies":[{"embeddable":true,"href":"https:\/\/www.hydraulic-cylinders.net\/ro\/wp-json\/wp\/v2\/comments?post=19180"}],"wp:featuredmedia":[{"embeddable":true,"href":"https:\/\/www.hydraulic-cylinders.net\/ro\/wp-json\/wp\/v2\/media\/17881"}],"wp:attachment":[{"href":"https:\/\/www.hydraulic-cylinders.net\/ro\/wp-json\/wp\/v2\/media?parent=19180"}],"wp:term":[{"taxonomy":"product_brand","embeddable":true,"href":"https:\/\/www.hydraulic-cylinders.net\/ro\/wp-json\/wp\/v2\/product_brand?post=19180"},{"taxonomy":"product_cat","embeddable":true,"href":"https:\/\/www.hydraulic-cylinders.net\/ro\/wp-json\/wp\/v2\/product_cat?post=19180"},{"taxonomy":"product_tag","embeddable":true,"href":"https:\/\/www.hydraulic-cylinders.net\/ro\/wp-json\/wp\/v2\/product_tag?post=19180"}],"curies":[{"name":"wp","href":"https:\/\/api.w.org\/{rel}","templated":true}]}}