{"id":19194,"date":"2025-04-07T06:17:29","date_gmt":"2025-04-07T06:17:29","guid":{"rendered":"https:\/\/www.hydraulic-cylinders.net\/product\/boom-cylinder-for-xcmg-middle-excavator-xe235c\/"},"modified":"2025-04-07T06:17:31","modified_gmt":"2025-04-07T06:17:31","slug":"boom-cylinder-for-xcmg-middle-excavator-xe235c","status":"publish","type":"product","link":"https:\/\/www.hydraulic-cylinders.net\/ro\/produs\/boom-cylinder-for-xcmg-middle-excavator-xe235c\/","title":{"rendered":"Cilindru bra\u021b pentru excavatorul mijlociu XCMG XE235C"},"content":{"rendered":"<h1>Cilindru bra\u021b pentru excavatorul mijlociu XCMG XE235C<\/h1>\n<h2>Introducere \u00een cilindrul bra\u021bului<\/h2>\n<p>Cilindrul bra\u021bului este o component\u0103 hidraulic\u0103 esen\u021bial\u0103, special conceput\u0103 pentru controlul mi\u0219c\u0103rii cupei \u00een utilaje grele, cum ar fi excavatoarele, excavatoarele \u0219i \u00eenc\u0103rc\u0103toarele frontale. Acesta permite cupei s\u0103 se ridice, s\u0103 coboare \u0219i s\u0103 se \u00eencline, facilit\u00e2nd sarcini eficiente de manipulare a materialelor. \u00cen sistemele hidraulice, cilindrii bra\u021bului joac\u0103 un rol vital prin transformarea presiunii hidraulice \u00een for\u021b\u0103 mecanic\u0103, necesar\u0103 pentru efectuarea diverselor opera\u021biuni \u00een construc\u021bii \u0219i aplica\u021bii industriale. Ace\u0219ti cilindri sunt proiecta\u021bi s\u0103 reziste la presiuni ridicate \u0219i sarcini grele, ceea ce \u00eei face indispensabili \u00een numeroase aplica\u021bii legate de utilaje.<\/p>\n<p><img decoding=\"async\" src=\"https:\/\/www.hydraulic-cylinders.net\/wp-content\/uploads\/2025\/04\/songte-company-1.webp\" alt=\"Cilindru de bra\u021b\"><\/p>\n<h2>Caracteristici cheie ale cilindrului bra\u021bului<\/h2>\n<ul>\n<li><strong>Rezisten\u021b\u0103 \u0219i durabilitate ridicate:<\/strong> Fabricat de obicei din o\u021bel sau aluminiu de \u00eenalt\u0103 rezisten\u021b\u0103, cilindrul bra\u021bului poate suporta presiuni ridicate \u0219i sarcini grele. Designul s\u0103u ia \u00een considerare rezisten\u021ba la uzur\u0103 \u0219i la coroziune, asigur\u00e2nd o durat\u0103 lung\u0103 de via\u021b\u0103.<\/li>\n<li><strong>Func\u021bionare hidraulic\u0103 eficient\u0103:<\/strong> Cilindrul utilizeaz\u0103 presiunea uleiului hidraulic pentru o extensie \u0219i retragere lin\u0103, permi\u021b\u00e2nd r\u0103spunsuri rapide la comenzile de control, oferind \u00een acela\u0219i timp o for\u021b\u0103 puternic\u0103 de tragere \u0219i \u00eempingere, ideal\u0103 pentru opera\u021biuni grele \u0219i complexe.<\/li>\n<li><strong>Diverse tipuri:<\/strong> Sunt disponibile op\u021biuni pentru cilindri cu ac\u021biune simpl\u0103 (ac\u021biune hidraulic\u0103 \u00eentr-o direc\u021bie) sau cu ac\u021biune dubl\u0103 (ac\u021biune hidraulic\u0103 \u00een ambele direc\u021bii) pentru a satisface diverse nevoi opera\u021bionale. Unele modele sunt telescopice, permi\u021b\u00e2nd o extensie mai mare f\u0103r\u0103 a cre\u0219te dimensiunile exterioare, potrivite pentru aplica\u021bii cu spa\u021biu limitat.<\/li>\n<li><strong>Compatibilitate:<\/strong> Produsele noastre sunt concepute pentru a \u00eenlocui perfect diver\u0219i cilindri hidraulici, asigur\u00e2nd o integrare perfect\u0103 cu utilajele existente.<\/li>\n<li><strong>Solu\u021bii personalizate:<\/strong> Oferim solu\u021bii personalizate bazate pe cerin\u021be opera\u021bionale specifice, asigur\u00e2nd potrivirea perfect\u0103 pentru fiecare aplica\u021bie.<\/li>\n<\/ul>\n<p><img decoding=\"async\" src=\"https:\/\/www.hydraulic-cylinders.net\/wp-content\/uploads\/2025\/04\/songte-cylinder-head-with-all-kinds-excavator-models.webp\" alt=\"Compatibilitatea cilindrului bra\u021bului\"><\/p>\n<h2>Scenarii de aplica\u021bii<\/h2>\n<h3>Echipamente de construc\u021bii<\/h3>\n<p>\u00cen excavatoare, cilindrul bra\u021bului este crucial pentru s\u0103pare, \u00eenc\u0103rcare \u0219i mutarea p\u0103m\u00e2ntului sau a resturilor. Acesta ofer\u0103 for\u021ba necesar\u0103 pentru ca cupa s\u0103 p\u0103trund\u0103 eficient \u00een sol, ceea ce o face o component\u0103 vital\u0103 pentru sarcinile de excavare. Atunci c\u00e2nd este utilizat \u00een excavatoare, cilindrul bra\u021bului contribuie at\u00e2t la opera\u021biunile de s\u0103pare, c\u00e2t \u0219i la cele de ridicare, sporind versatilitatea ma\u0219inii.<\/p>\n<h3>Ma\u0219ini agricole<\/h3>\n<p>\u00cen \u00eenc\u0103rc\u0103toarele frontale, cilindrii bra\u021bului sunt utiliza\u021bi pentru \u00eenc\u0103rcarea, ridicarea \u0219i transportul solului, f\u00e2nului \u0219i altor materiale. Capacitatea lor de a manipula sarcini grele \u0219i de a efectua diverse manevre \u00eei face nepre\u021bui\u021bi \u00een mediul agricol, simplific\u00e2nd sarcini precum \u00eenc\u0103rcarea \u0219i desc\u0103rcarea materialelor.<\/p>\n<h3>Excavatoare<\/h3>\n<p>Cilindrul bra\u021bului permite cupei s\u0103 p\u0103trund\u0103 eficient \u00een sol, facilit\u00e2nd ac\u021biunea de s\u0103pare esen\u021bial\u0103 pentru diverse proiecte de construc\u021bii \u0219i amenaj\u0103ri peisagistice. Eficien\u021ba sa are un impact direct asupra productivit\u0103\u021bii \u0219i succesului opera\u021bional \u00een sarcinile de excavare.<\/p>\n<h3>\u00cenc\u0103rc\u0103toare<\/h3>\n<p>La \u00eenc\u0103rc\u0103toarele frontale, cilindrii bra\u021bului ajut\u0103 la ridicarea \u0219i desc\u0103rcarea eficient\u0103 a materialelor. Ace\u0219tia permit \u00eenc\u0103rc\u0103torului s\u0103 manipuleze sarcini grele, fiind esen\u021biali pentru sarcini precum transportul agregatelor, solului \u0219i al altor materiale grele.<\/p>\n<h2>Considera\u021bii de proiectare \u0219i standarde de selec\u021bie<\/h2>\n<h3>Capacitate de \u00eenc\u0103rcare<\/h3>\n<p>La proiectarea unui cilindru pentru bra\u021b, capacitatea de \u00eenc\u0103rcare este primordial\u0103. Acesta trebuie s\u0103 poat\u0103 suporta sarcina maxim\u0103 a\u0219teptat\u0103 \u00een timpul func\u021bion\u0103rii f\u0103r\u0103 defec\u021biuni. Aceasta include luarea \u00een considerare a unor factori precum greutatea materialelor manipulate \u0219i mediul opera\u021bional.<\/p>\n<h3>Sigilare<\/h3>\n<p>Etan\u0219area eficient\u0103 este esen\u021bial\u0103 pentru a preveni scurgerile de fluid hidraulic, care pot compromite performan\u021ba \u0219i siguran\u021ba. Integritatea etan\u0219\u0103rilor, cum ar fi etan\u0219\u0103rile pistonului \u0219i etan\u0219\u0103rile tijei, asigur\u0103 o func\u021bionare optim\u0103 \u0219i prelunge\u0219te durata de via\u021b\u0103 a cilindrului.<\/p>\n<h3>Durabilitate<\/h3>\n<p>Durabilitatea este vital\u0103 pentru cilindrii bra\u021bului care func\u021bioneaz\u0103 \u00een medii dure. Materialele \u0219i acoperirile utilizate ar trebui s\u0103 reziste la abraziune \u0219i coroziune pentru a prelungi durata de via\u021b\u0103 a cilindrului, \u00een special \u00een aplica\u021biile exterioare expuse la intemperii.<\/p>\n<h3>Siguran\u0163\u0103<\/h3>\n<p>Siguran\u021ba este o considera\u021bie cheie \u00een proiectarea cilindrilor bra\u021bului. Trebuie integrate caracteristici de siguran\u021b\u0103 adecvate pentru a proteja at\u00e2t operatorii, c\u00e2t \u0219i utilajele. Acestea includ supape de suprapresiune \u0219i mecanisme de oprire de urgen\u021b\u0103 pentru a preveni accidentele \u00een timpul func\u021bion\u0103rii.<\/p>\n<h3>\u00centre\u0163inere<\/h3>\n<p>Proiectarea pentru u\u0219urin\u021ba \u00eentre\u021binerii este important\u0103 pentru a asigura c\u0103 buteliile pot fi reparate f\u0103r\u0103 perioade lungi de nefunc\u021bionare. Aceasta include caracteristici care permit accesul facil la componentele interne pentru repara\u021bii sau \u00eenlocuiri.<\/p>\n<p><img decoding=\"async\" src=\"https:\/\/www.hydraulic-cylinders.net\/wp-content\/uploads\/2025\/04\/songte-oil-pipes-and-spare-parts.webp\" alt=\"Componente cilindru hidraulic\"><\/p>\n<h2>Etan\u0219area \u0219i lubrifierea cilindrilor bra\u021bului<\/h2>\n<p>Etan\u0219area \u0219i lubrifierea corespunz\u0103toare sunt vitale pentru performan\u021ba \u0219i longevitatea cilindrilor bra\u021bului. Diverse etan\u0219\u0103ri, cum ar fi etan\u0219\u0103rile pistonului \u0219i etan\u0219\u0103rile tijei, sunt utilizate pentru a preveni scurgerile de fluid hidraulic. Garniturile fabricate din materiale rezistente la uzur\u0103, cum ar fi poliuretanul \u0219i cauciucul nitrilic, sunt preferate pentru durabilitatea lor.<\/p>\n<p>Corpul cilindrului \u0219i capetele filetate sunt prelucrate fin pentru a spori rezisten\u021ba la uzur\u0103, asigur\u00e2ndu-se c\u0103 pot face fa\u021b\u0103 rigorilor func\u021bion\u0103rii. Ad\u0103ugarea regulat\u0103 de ulei hidraulic pentru lubrifiere este necesar\u0103 pentru a men\u021bine o func\u021bionare lin\u0103 \u0219i a preveni uzura prematur\u0103 a componentelor interne.<\/p>\n<h2>M\u0103suri de \u00eentre\u021binere preventiv\u0103<\/h2>\n<ul>\n<li><strong>Inspec\u021bii regulate:<\/strong> Efectua\u021bi verific\u0103ri periodice pentru a identifica orice semne de uzur\u0103 sau deteriorare. Aceast\u0103 abordare proactiv\u0103 poate ajuta la rezolvarea problemelor \u00eenainte ca acestea s\u0103 duc\u0103 la defec\u021biuni majore.<\/li>\n<li><strong>Lubrifiere adecvat\u0103:<\/strong> Asigura\u021bi-v\u0103 c\u0103 uleiul hidraulic este ad\u0103ugat \u00een mod constant \u00een cilindru pentru a men\u021bine lubrifierea, prevenind uzura \u0219i men\u021bin\u00e2nd eficien\u021ba.<\/li>\n<li><strong>\u00cenlocuirea garniturii:<\/strong> Verifica\u021bi \u0219i \u00eenlocui\u021bi periodic garniturile, dup\u0103 cum este necesar, pentru a preveni scurgerile \u0219i a men\u021bine presiunea hidraulic\u0103.<\/li>\n<\/ul>\n<h2>Instruc\u021biuni de instalare<\/h2>\n<p>Instalarea unui cilindru de bra\u021b necesit\u0103 o aten\u021bie deosebit\u0103 pentru a asigura o performan\u021b\u0103 optim\u0103. Iat\u0103 pa\u0219ii pentru o instalare corect\u0103:<\/p>\n<ol>\n<li><strong>Preparare:<\/strong> Asigura\u021bi-v\u0103 c\u0103 toate suporturile de montare \u0219i componentele sunt \u00een stare bun\u0103 \u00eenainte de instalare.<\/li>\n<li><strong>Aliniere:<\/strong> Alinia\u021bi corect cilindrul cu punctele de fixare pentru a evita solicitarea garniturilor \u0219i a preveni uzura prematur\u0103.<\/li>\n<li><strong>Montare sigur\u0103:<\/strong> Folosi\u021bi suporturi de montare adecvate pentru a fixa ferm cilindrul \u00een pozi\u021bie, asigur\u00e2nd stabilitatea \u00een timpul func\u021bion\u0103rii.<\/li>\n<li><strong>Conexiuni hidraulice:<\/strong> Conecta\u021bi furtunurile hidraulice la cilindru, asigur\u00e2ndu-v\u0103 c\u0103 toate conexiunile sunt str\u00e2nse \u0219i f\u0103r\u0103 scurgeri.<\/li>\n<li><strong>Testare:<\/strong> Dup\u0103 instalare, testa\u021bi cilindrul \u00een condi\u021bii normale de func\u021bionare pentru a verifica performan\u021ba \u0219i a verifica dac\u0103 exist\u0103 scurgeri.<\/li>\n<\/ol>\n<h2>Sarcini comune de \u00eentre\u021binere<\/h2>\n<ul>\n<li><strong>Inspec\u021bii regulate:<\/strong> Verific\u0103rile frecvente pentru depistarea semnelor de uzur\u0103 sau a oric\u0103ror probleme poten\u021biale sunt esen\u021biale pentru men\u021binerea performan\u021bei cilindrului.<\/li>\n<li><strong>Lubrifiere adecvat\u0103:<\/strong> Asigurarea unei lubrifieri adecvate este esen\u021bial\u0103 pentru minimizarea frec\u0103rii \u0219i uzurii componentelor interne, prelungind astfel durata de via\u021b\u0103 a cilindrului.<\/li>\n<li><strong>\u00cenlocuirea \u0219i calibrarea garniturilor:<\/strong> \u00cenlocui\u021bi garniturile \u00een mod regulat, dup\u0103 cum este necesar, \u0219i efectua\u021bi verific\u0103ri de calibrare pentru a asigura func\u021bionarea corect\u0103 a sistemului hidraulic.<\/li>\n<\/ul>\n<h2>Considera\u021bii de siguran\u021b\u0103 \u0219i factori de mediu<\/h2>\n<p>Atunci c\u00e2nd se lucreaz\u0103 cu cilindrii bra\u021bului, implementarea m\u0103surilor de siguran\u021b\u0103 este crucial\u0103. Operatorii trebuie s\u0103 fie con\u0219tien\u021bi de poten\u021bialele pericole asociate cu sistemele hidraulice, cum ar fi exploziile de presiune sau scurgerile de fluide. Asigurarea unei instruiri adecvate \u0219i respectarea protocoalelor de siguran\u021b\u0103 ajut\u0103 la atenuarea riscurilor. \u00cen plus, luarea \u00een considerare a factorilor de mediu \u00een timpul func\u021bion\u0103rii, cum ar fi condi\u021biile meteorologice \u0219i terenul, este esen\u021bial\u0103 pentru manipularea \u0219i utilizarea \u00een siguran\u021b\u0103 a utilajelor.<\/p>\n<h2>Diagnosticarea defec\u021biunilor \u0219i probleme frecvente<\/h2>\n<ul>\n<li><strong>Garnituri cu scurgeri:<\/strong> O problem\u0103 frecvent\u0103 este scurgerea de fluid hidraulic, adesea cauzat\u0103 de garnituri uzate sau deteriorate. Inspec\u021bia regulat\u0103 poate ajuta la detectarea timpurie a acestui lucru.<\/li>\n<li><strong>Performan\u021b\u0103 redus\u0103:<\/strong> O sc\u0103dere a r\u0103spunsului cilindrului poate indica uzur\u0103 intern\u0103 sau contaminare a fluidului hidraulic.<\/li>\n<li><strong>Zgomote ciudate:<\/strong> Sunetele neobi\u0219nuite \u00een timpul func\u021bion\u0103rii pot semnala probleme mecanice sau o lubrifiere necorespunz\u0103toare.<\/li>\n<\/ul>\n<h2>Sfaturi de depanare<\/h2>\n<p>Pentru a diagnostica \u0219i remedia eficient problemele legate de cilindrul bra\u021bului:<\/p>\n<ul>\n<li>Efectua\u021bi inspec\u021bii regulate pentru a depista din timp poten\u021bialele probleme.<\/li>\n<li>Men\u021bine\u021bi un sistem hidraulic curat pentru a preveni contaminarea.<\/li>\n<li>Asigura\u021bi-v\u0103 c\u0103 toate conexiunile \u0219i fitingurile sunt str\u00e2nse \u0219i sigure.<\/li>\n<\/ul>\n<p>Implementarea m\u0103surilor preventive poate reduce semnificativ probabilitatea apari\u021biei problemelor majore, asigur\u00e2nd o func\u021bionare f\u0103r\u0103 probleme \u0219i prelungind durata de via\u021b\u0103 a echipamentului.<\/p>\n<p><img decoding=\"async\" src=\"https:\/\/www.hydraulic-cylinders.net\/wp-content\/uploads\/2025\/04\/songte-bushings-with-all-kinds-of-excavator-models.webp\" alt=\"Componente ale cilindrului bra\u021bului\"><\/p>\n<h2>Despre compania noastr\u0103<\/h2>\n<p>Suntem un produc\u0103tor \u0219i distribuitor angro de top de cilindri hidraulici, specializa\u021bi \u00een op\u021biuni de \u00eenlocuire. Gama noastr\u0103 extins\u0103 de produse ne pozi\u021bioneaz\u0103 ca unul dintre cei mai importan\u021bi produc\u0103tori at\u00e2t pe pia\u021ba intern\u0103, c\u00e2t \u0219i pe cea interna\u021bional\u0103. Ader\u0103m la excelen\u021b\u0103 \u00een calitate, sus\u021binut\u0103 de o strategie de fabrica\u021bie rafinat\u0103 care pune accent pe managementul produc\u021biei industriale.<\/p>\n<p>Facilit\u0103\u021bile noastre de produc\u021bie de ultim\u0103 genera\u021bie utilizeaz\u0103 tehnicieni califica\u021bi, echipamente digitale de ultim\u0103 genera\u021bie \u0219i sisteme de inspec\u021bie profesionale pentru a ne \u00eembun\u0103t\u0103\u021bi capacit\u0103\u021bile de produc\u021bie. Ne angaj\u0103m s\u0103 \u00eembun\u0103t\u0103\u021bim continuu platforma noastr\u0103 de produc\u021bie \u0219i s\u0103 rafin\u0103m procesul de produc\u021bie pentru a asigura produse de \u00eenalt\u0103 calitate care s\u0103 satisfac\u0103 diversele nevoi ale clien\u021bilor.<\/p>\n<p>Accentul pus pe profesionalism, certific\u0103ri interna\u021bionale, servicii de personalizare, echipamente de produc\u021bie avansate \u0219i servicii post-v\u00e2nzare excep\u021bionale ne diferen\u021biaz\u0103 \u00een industrie.<\/p>\n<p><img decoding=\"async\" src=\"https:\/\/www.hydraulic-cylinders.net\/wp-content\/uploads\/2025\/04\/songte-company-4.webp\" alt=\"Prezentare general\u0103 a companiei\"><br \/>\n<img decoding=\"async\" src=\"https:\/\/www.hydraulic-cylinders.net\/wp-content\/uploads\/2025\/04\/songte-company-3.webp\" alt=\"Infrastructura companiei\"><\/p>\n<p>Autor: lyl<\/p>","protected":false},"excerpt":{"rendered":"<p>Boom Cylinder For XCMG Middle Excavator XE235C Introduction to Boom Cylinder The Boom Cylinder is an essential hydraulic component specifically designed for controlling the motion of the bucket in heavy machinery like excavators, backhoes, and front loaders. It enables the bucket to lift, lower, and tilt, facilitating efficient material handling tasks. In hydraulic systems, boom [&hellip;]<\/p>","protected":false},"featured_media":17880,"comment_status":"open","ping_status":"closed","template":"","meta":{"_et_pb_use_builder":"","_et_pb_old_content":"","_et_gb_content_width":""},"product_brand":[],"product_cat":[1546],"product_tag":[1547,1496],"class_list":{"0":"post-19194","1":"product","2":"type-product","3":"status-publish","4":"has-post-thumbnail","6":"product_cat-boom-cylinders","7":"product_tag-boom-cylinders","8":"product_tag-hydraulic-cylinders","10":"first","11":"instock","12":"shipping-taxable","13":"product-type-simple"},"amp_enabled":true,"_links":{"self":[{"href":"https:\/\/www.hydraulic-cylinders.net\/ro\/wp-json\/wp\/v2\/product\/19194","targetHints":{"allow":["GET"]}}],"collection":[{"href":"https:\/\/www.hydraulic-cylinders.net\/ro\/wp-json\/wp\/v2\/product"}],"about":[{"href":"https:\/\/www.hydraulic-cylinders.net\/ro\/wp-json\/wp\/v2\/types\/product"}],"replies":[{"embeddable":true,"href":"https:\/\/www.hydraulic-cylinders.net\/ro\/wp-json\/wp\/v2\/comments?post=19194"}],"wp:featuredmedia":[{"embeddable":true,"href":"https:\/\/www.hydraulic-cylinders.net\/ro\/wp-json\/wp\/v2\/media\/17880"}],"wp:attachment":[{"href":"https:\/\/www.hydraulic-cylinders.net\/ro\/wp-json\/wp\/v2\/media?parent=19194"}],"wp:term":[{"taxonomy":"product_brand","embeddable":true,"href":"https:\/\/www.hydraulic-cylinders.net\/ro\/wp-json\/wp\/v2\/product_brand?post=19194"},{"taxonomy":"product_cat","embeddable":true,"href":"https:\/\/www.hydraulic-cylinders.net\/ro\/wp-json\/wp\/v2\/product_cat?post=19194"},{"taxonomy":"product_tag","embeddable":true,"href":"https:\/\/www.hydraulic-cylinders.net\/ro\/wp-json\/wp\/v2\/product_tag?post=19194"}],"curies":[{"name":"wp","href":"https:\/\/api.w.org\/{rel}","templated":true}]}}