{"id":19195,"date":"2025-04-07T06:17:31","date_gmt":"2025-04-07T06:17:31","guid":{"rendered":"https:\/\/www.hydraulic-cylinders.net\/product\/boom-cylinder-for-xcmg-middle-excavator-xe260cll\/"},"modified":"2025-04-07T06:17:34","modified_gmt":"2025-04-07T06:17:34","slug":"boom-cylinder-for-xcmg-middle-excavator-xe260cll","status":"publish","type":"product","link":"https:\/\/www.hydraulic-cylinders.net\/ro\/produs\/boom-cylinder-for-xcmg-middle-excavator-xe260cll\/","title":{"rendered":"Cilindru bra\u021b pentru excavatorul mijlociu XCMG XE260CLL"},"content":{"rendered":"<h1>Cilindru bra\u021b pentru excavatorul mijlociu XCMG XE260CLL<\/h1>\n<h2>Prezentare general\u0103 a produsului<\/h2>\n<p>Cilindrul bra\u021bului pentru excavatorul intermediar XCMG XE260CLL este o component\u0103 crucial\u0103 \u00een sistemele hidraulice ale excavatoarelor. Acest cilindru hidraulic este special conceput pentru a controla mi\u0219carea bra\u021bului, permi\u021b\u00e2ndu-i ridicarea, cobor\u00e2rea \u0219i \u00eenclinarea cu precizie. Aceste func\u021bii sunt esen\u021biale pentru diverse sarcini de manipulare a materialelor, asigur\u00e2nd eficien\u021ba \u0219i eficacitatea opera\u021biunilor.<\/p>\n<p><img decoding=\"async\" src=\"https:\/\/www.hydraulic-cylinders.net\/wp-content\/uploads\/2025\/04\/songte-company-1.webp\" alt=\"Cilindru de bra\u021b pentru excavator\" \/><\/p>\n<h3>Defini\u021bie \u0219i func\u021bie<\/h3>\n<p>Cilindrii bra\u021bului sunt cilindri hidraulici care joac\u0103 un rol vital \u00een utilajele grele, \u00een special \u00een excavatoare, \u00eenc\u0103rc\u0103toare frontale \u0219i \u00eenc\u0103rc\u0103toare frontale. Ace\u0219tia faciliteaz\u0103 mi\u0219carea bra\u021bului, permi\u021b\u00e2nd operatorilor s\u0103 efectueze sarcini esen\u021biale, cum ar fi s\u0103parea, ridicarea \u0219i transportul materialelor. Presiunea sistemului hidraulic permite o mi\u0219care lin\u0103 \u0219i controlat\u0103, f\u0103c\u00e2nd ace\u0219ti cilindri indispensabili \u00een echipamentele de construc\u021bii \u0219i agricole.<\/p>\n<h2>Caracteristici cheie<\/h2>\n<ul>\n<li><strong>Rezisten\u021b\u0103 \u0219i durabilitate ridicate:<\/strong> Fabrica\u021bi din o\u021bel sau aluminiu de \u00eenalt\u0103 rezisten\u021b\u0103, ace\u0219ti cilindri pot rezista la presiuni ridicate \u0219i sarcini grele, fiind potrivi\u021bi pentru medii de lucru dure.<\/li>\n<li><strong>Func\u021bionare hidraulic\u0103 eficient\u0103:<\/strong> Utilizarea presiunii uleiului hidraulic permite ac\u021biuni line de extindere \u0219i retragere, oferind for\u021be puternice de \u00eempingere \u0219i tragere necesare pentru ridicarea de sarcini grele \u0219i sarcini complexe.<\/li>\n<li><strong>Diverse tipuri:<\/strong> Disponibile \u00een configura\u021bii cu ac\u021biune simpl\u0103 sau dubl\u0103, aceste cilindri pot fi adaptate pentru a satisface diverse nevoi opera\u021bionale. Unele modele sunt telescopice, permi\u021b\u00e2nd o raz\u0103 de ac\u021biune extins\u0103 f\u0103r\u0103 a cre\u0219te dimensiunile exterioare.<\/li>\n<li><strong>U\u0219urin\u021b\u0103 de instalare:<\/strong> Conceput pentru compatibilitate cu diverse modele de excavatoare, asigur\u00e2nd procese simple de \u00eenlocuire \u0219i instalare.<\/li>\n<li><strong>Design u\u0219or de \u00eentre\u021binut:<\/strong> \u00cencorporeaz\u0103 caracteristici care simplific\u0103 inspec\u021bia \u0219i \u00eentre\u021binerea, prelungind durata de via\u021b\u0103 a cilindrului.<\/li>\n<\/ul>\n<p>Produsele noastre pot \u00eenlocui perfect cilindrii hidraulici existen\u021bi, asigur\u00e2nd performan\u021be \u0219i fiabilitate optime.<\/p>\n<p><img decoding=\"async\" src=\"https:\/\/www.hydraulic-cylinders.net\/wp-content\/uploads\/2025\/04\/songte-cylinder-head-with-all-kinds-excavator-models.webp\" alt=\"Chiulas\u0103 de excavator\" \/><\/p>\n<h2>Scenarii de aplica\u021bii<\/h2>\n<h3>Echipamente de construc\u021bii<\/h3>\n<p>\u00cen excavatoare, cilindrii bra\u021bului sunt esen\u021biali pentru s\u0103pare, \u00eenc\u0103rcare \u0219i mutarea solului sau a resturilor. Capacitatea lor de a controla cu precizie pozi\u021bia bra\u021bului permite excavarea \u0219i manipularea eficient\u0103 a materialelor, ceea ce \u00eei face indispensabili pentru proiectele de construc\u021bii.<\/p>\n<h3>Ma\u0219ini agricole<\/h3>\n<p>\u00cen cazul \u00eenc\u0103rc\u0103toarelor frontale, cilindrii bra\u021bului faciliteaz\u0103 scoaterea, ridicarea \u0219i transportul solului, f\u00e2nului \u0219i altor materiale. Designul lor robust asigur\u0103 c\u0103 pot face fa\u021b\u0103 cerin\u021belor sarcinilor agricole, \u00eembun\u0103t\u0103\u021bind eficien\u021ba \u0219i productivitatea fermelor.<\/p>\n<h3>Excavatoare<\/h3>\n<p>Cilindrii bra\u021bului sunt cruciali pentru realizarea ac\u021biunilor de s\u0103pare \u00een excavatoare, permi\u021b\u00e2nd cupei s\u0103 p\u0103trund\u0103 eficient \u00een sol. Aceast\u0103 func\u021bionalitate este vital\u0103 pentru diverse proiecte de excavare, fie c\u0103 este vorba de amenaj\u0103ri peisagistice, construc\u021bii sau demol\u0103ri.<\/p>\n<h3>\u00cenc\u0103rc\u0103toare<\/h3>\n<p>La \u00eenc\u0103rc\u0103toarele frontale, cilindrii bra\u021bului ajut\u0103 la ridicarea \u0219i desc\u0103rcarea eficient\u0103 a \u00eenc\u0103rc\u0103turilor. Func\u021bionarea lor puternic\u0103 este esen\u021bial\u0103 pentru gestionarea materialelor grele, asigur\u00e2nd finalizarea rapid\u0103 \u0219i eficient\u0103 a sarcinilor.<\/p>\n<h2>Considera\u021bii de proiectare \u0219i criterii de selec\u021bie<\/h2>\n<h3>Capacitate de \u00eenc\u0103rcare<\/h3>\n<p>Atunci c\u00e2nd selecta\u021bi un cilindru pentru bra\u021b, \u00een\u021belegerea capacit\u0103\u021bii sale de \u00eenc\u0103rcare este crucial\u0103. Aceast\u0103 specifica\u021bie determin\u0103 c\u00e2t\u0103 greutate poate ridica \u0219i manipula cilindrul \u00een siguran\u021b\u0103. Este esen\u021bial s\u0103 alege\u021bi un cilindru care \u00eendepline\u0219te sau dep\u0103\u0219e\u0219te cerin\u021bele aplica\u021biei specifice pentru a preveni defec\u021biunile \u0219i a asigura siguran\u021ba. Supra\u00eenc\u0103rcarea unui cilindru poate duce la defec\u021biuni catastrofale, ceea ce face vital\u0103 evaluarea regulat\u0103 a greut\u0103\u021bii materialelor.<\/p>\n<h3>Performan\u021ba de etan\u0219are<\/h3>\n<p>Etan\u0219area este un alt aspect critic al cilindrilor hidraulici. Etan\u0219\u0103rile adecvate previn scurgerile \u0219i men\u021bin presiunea \u00een sistem. Etan\u0219\u0103rile de \u00eenalt\u0103 calitate, fabricate din materiale durabile, sunt esen\u021biale pentru asigurarea unei func\u021bion\u0103ri fiabile. Etan\u0219area deficitar\u0103 poate duce la pierderi de fluid hidraulic, eficien\u021b\u0103 redus\u0103 \u0219i pericole pentru mediu, subliniind importan\u021ba utiliz\u0103rii componentelor de etan\u0219are de cea mai bun\u0103 calitate.<\/p>\n<h3>Durabilitate<\/h3>\n<p>Durabilitatea este un factor semnificativ \u00een proiectarea cilindrilor hidraulici. Aceste componente sunt expuse la condi\u021bii dure de func\u021bionare, inclusiv temperaturi extreme, praf \u0219i umiditate. Alegerea materialelor \u0219i a designurilor care sporesc durabilitatea este crucial\u0103 pentru performan\u021be de lung\u0103 durat\u0103. Inspec\u021biile \u0219i \u00eentre\u021binerea regulat\u0103 pot prelungi \u0219i mai mult durata de via\u021b\u0103 a cilindrului, asigur\u00e2ndu-i performan\u021ba optim\u0103 \u00een timp.<\/p>\n<h3>Caracteristici de siguran\u021b\u0103<\/h3>\n<p>Siguran\u021ba este primordial\u0103 atunci c\u00e2nd vine vorba de sistemele hidraulice. Cilindrii bra\u021bului ar trebui s\u0103 \u00eencorporeze caracteristici de siguran\u021b\u0103, cum ar fi supape de suprapresiune, pentru a preveni suprapresurizarea. \u00cen plus, instalarea corect\u0103 \u0219i verific\u0103rile regulate de \u00eentre\u021binere pot ajuta la atenuarea riscurilor asociate cu defec\u021biunile hidraulice. Operatorii ar trebui s\u0103 fie instrui\u021bi s\u0103 recunoasc\u0103 semnele de uzur\u0103 sau defec\u021biuni pentru a promova un mediu de lucru sigur.<\/p>\n<h3>Service-ability<\/h3>\n<p>Proiectarea cilindrilor hidraulici pentru o \u00eentre\u021binere u\u0219oar\u0103 \u00eembun\u0103t\u0103\u021be\u0219te func\u021bionalitatea acestora, reduc\u00e2nd timpii de nefunc\u021bionare \u0219i costurile de repara\u021bii. Caracteristici precum etan\u0219\u0103rile \u0219i componentele accesibile faciliteaz\u0103 repara\u021biile sau \u00eenlocuirile rapide. Ar trebui stabilite programe regulate de \u00eentre\u021binere pentru a se asigura c\u0103 orice uzur\u0103 este remediat\u0103 prompt, prelungind astfel durata de via\u021b\u0103 a echipamentului.<\/p>\n<p><img decoding=\"async\" src=\"https:\/\/www.hydraulic-cylinders.net\/wp-content\/uploads\/2025\/04\/songte-oil-pipes-and-spare-parts.webp\" alt=\"Piese de schimb hidraulice\" \/><\/p>\n<h2>Etan\u0219are \u0219i lubrifiere<\/h2>\n<p>Etan\u0219area \u0219i lubrifierea eficiente sunt esen\u021biale pentru performan\u021ba optim\u0103 a cilindrilor bra\u021bului. Diverse componente de etan\u0219are, cum ar fi etan\u0219\u0103rile pistonului \u0219i etan\u0219\u0103rile tijei, sunt utilizate pentru a men\u021bine integritatea sistemului hidraulic. Selectarea etan\u0219\u0103rilor fabricate din materiale rezistente la uzur\u0103, cum ar fi poliuretanul sau cauciucul nitrilic, spore\u0219te durabilitatea \u0219i performan\u021ba. Corpul cilindrului \u0219i suprafe\u021bele filetate ale cap\u0103tului trebuie prelucrate fin pentru a \u00eembun\u0103t\u0103\u021bi rezisten\u021ba la uzur\u0103.<\/p>\n<p>Lubrifierea regulat\u0103 este, de asemenea, crucial\u0103. Trebuie ad\u0103ugat\u0103 periodic o cantitate adecvat\u0103 de ulei hidraulic pentru a asigura o func\u021bionare lin\u0103 \u0219i a preveni uzura excesiv\u0103. Men\u021binerea nivelului \u0219i calit\u0103\u021bii corecte a uleiului este esen\u021bial\u0103 pentru longevitatea componentelor hidraulice.<\/p>\n<h2>Inspec\u021bii regulate \u0219i m\u0103suri de \u00eentre\u021binere preventiv\u0103<\/h2>\n<ul>\n<li><strong>Inspec\u021bii regulate:<\/strong> Inspectarea cilindrilor hidraulici pentru scurgeri, uzur\u0103 \u0219i deterior\u0103ri este esen\u021bial\u0103. Operatorii ar trebui s\u0103 efectueze inspec\u021bii vizuale \u00een mod regulat pentru a identifica poten\u021bialele probleme \u00eenainte ca acestea s\u0103 escaladeze.<\/li>\n<li><strong>Lubrifiere adecvat\u0103:<\/strong> Asigurarea lubrifierii adecvate a cilindrilor hidraulici este vital\u0103 pentru o func\u021bionare f\u0103r\u0103 probleme \u0219i pentru prevenirea uzurii. Aceasta include verificarea nivelului de ulei \u0219i \u00eenlocuirea acestuia, dup\u0103 cum este necesar.<\/li>\n<li><strong>\u00cenlocuirea garniturii:<\/strong> \u00cenlocuirea regulat\u0103 a garniturilor poate preveni scurgerile de fluid hidraulic \u0219i poate men\u021bine eficien\u021ba sistemului. Operatorii trebuie instrui\u021bi s\u0103 recunoasc\u0103 momentul \u00een care garniturile trebuie \u00eenlocuite pentru a evita defec\u021biunile sistemului.<\/li>\n<\/ul>\n<h2>Instruc\u021biuni de instalare<\/h2>\n<p>Instalarea corect\u0103 a cilindrilor bra\u021bului este esen\u021bial\u0103 pentru asigurarea unei performan\u021be optime. La instalare, este esen\u021bial s\u0103 alinia\u021bi corect cilindrul cu punctele de fixare. Nealinierea poate cauza uzura prematur\u0103 sau defectarea cilindrului. Utiliza\u021bi console de instalare adecvate pentru a fixa cilindrul \u00een pozi\u021bie \u00een timpul instal\u0103rii.<\/p>\n<p>Consulta\u021bi \u00eentotdeauna instruc\u021biunile produc\u0103torului pentru instruc\u021biuni specifice de instalare \u0219i specifica\u021biile de cuplu. Dup\u0103 instalare, verifica\u021bi dac\u0103 exist\u0103 scurgeri \u0219i asigura\u021bi-v\u0103 c\u0103 sistemul hidraulic func\u021bioneaz\u0103 corect. Monitoriza\u021bi periodic performan\u021ba cilindrului pentru a depista din timp orice problem\u0103.<\/p>\n<h2>Sarcini de \u00eentre\u021binere<\/h2>\n<ul>\n<li><strong>Verific\u0103ri regulate:<\/strong> Efectua\u021bi inspec\u021bii regulate pentru a identifica orice semne anormale, cum ar fi scurgeri sau zgomote neobi\u0219nuite. Acest lucru ajut\u0103 la abordarea la timp a poten\u021bialelor probleme.<\/li>\n<li><strong>Lubrifiere adecvat\u0103:<\/strong> Asigura\u021bi-v\u0103 c\u0103 uleiul hidraulic este la nivelul corect \u0219i c\u0103 uleiul este curat. Folosi\u021bi ulei recomandat de produc\u0103tor pentru a men\u021bine performan\u021ba.<\/li>\n<li><strong>\u00cenlocuirea \u0219i calibrarea garniturii:<\/strong> Verifica\u021bi periodic garniturile pentru uzur\u0103 \u0219i \u00eenlocui\u021bi-le dup\u0103 cum este necesar. Verific\u0103rile de calibrare asigur\u0103 func\u021bionarea sistemului \u00een parametrii specifica\u021bi, sporind siguran\u021ba \u0219i performan\u021ba.<\/li>\n<\/ul>\n<p>Instalarea, lubrifierea \u0219i reglajele corecte sunt vitale pentru longevitatea cilindrilor hidraulici. Asigura\u021bi o aliniere corect\u0103 \u00een timpul instal\u0103rii \u0219i utiliza\u021bi suporturile de montare potrivite pentru a fixa cilindrul. Urma\u021bi procedurile recomandate de inspec\u021bie, reparare \u0219i \u00eenlocuire \u0219i lua\u021bi \u00een considerare serviciile noastre de reconstruc\u021bie pentru a prelungi durata de via\u021b\u0103 a componentelor hidraulice.<\/p>\n<p><img decoding=\"async\" src=\"https:\/\/www.hydraulic-cylinders.net\/wp-content\/uploads\/2025\/04\/songte-chushion-collar.webp\" alt=\"Guler de pern\u0103\" \/><\/p>\n<h2>Considera\u021bii de siguran\u021b\u0103 \u0219i factori de mediu<\/h2>\n<p>Prioritizarea siguran\u021bei atunci c\u00e2nd se lucreaz\u0103 cu sisteme hidraulice este crucial\u0103. Operatorii trebuie s\u0103 poarte \u00eentotdeauna echipament individual de protec\u021bie adecvat \u0219i s\u0103 fie instrui\u021bi cu privire la procedurile de urgen\u021b\u0103. \u00cen plus, implementarea m\u0103surilor de siguran\u021b\u0103, cum ar fi verificarea regulat\u0103 a scurgerilor \u0219i \u00eentre\u021binerea echipamentelor, este esen\u021bial\u0103 pentru a reduce riscurile asociate cu defec\u021biunile hidraulice.<\/p>\n<h2>Depanare \u0219i probleme frecvente<\/h2>\n<ul>\n<li><strong>Scurgere:<\/strong> Una dintre cele mai frecvente probleme ale cilindrilor hidraulici. Verifica\u021bi garniturile \u0219i fitingurile pentru uzur\u0103 sau deteriorare \u0219i \u00eenlocui\u021bi-le dup\u0103 cum este necesar.<\/li>\n<li><strong>Putere insuficient\u0103:<\/strong> Dac\u0103 cilindrul nu se ridic\u0103 sau nu se mi\u0219c\u0103 a\u0219a cum este a\u0219teptat, verifica\u021bi nivelurile fluidului hidraulic \u0219i c\u0103uta\u021bi blocaje \u00een conducte.<\/li>\n<li><strong>Zgomote neobi\u0219nuite:<\/strong> Scr\u00e2\u0219netul sau \u0219uieratul pot indica prezen\u021ba aerului \u00een sistem sau niveluri sc\u0103zute de lichid. Investiga\u021bi \u0219i remedia\u021bi aceste probleme prompt.<\/li>\n<\/ul>\n<h3>Sfaturi de depanare<\/h3>\n<p>Dac\u0103 \u00eent\u00e2mpina\u021bi probleme cu cilindrul bra\u021bului, \u00eencepe\u021bi prin a verifica dac\u0103 exist\u0103 scurgeri sau fisuri la garnituri. Asigura\u021bi-v\u0103 c\u0103 fluidul hidraulic este la nivelul corect \u0219i nu con\u021bine contaminan\u021bi. \u00centre\u021binerea regulat\u0103 poate atenua multe probleme comune, a\u0219a c\u0103 stabili\u021bi un program de inspec\u021bie de rutin\u0103 pentru a identifica din timp poten\u021bialele probleme.<\/p>\n<p><img decoding=\"async\" src=\"https:\/\/www.hydraulic-cylinders.net\/wp-content\/uploads\/2025\/04\/songte-bushings-with-all-kinds-of-excavator-models.webp\" alt=\"Buc\u0219e pentru excavator\" \/><\/p>\n<h2>Despre noi<\/h2>\n<p>Suntem un produc\u0103tor important de cilindri hidraulici de schimb, oferind o gam\u0103 complet\u0103 de produse pe pie\u021bele interne \u0219i interna\u021bionale. Angajamentul nostru fa\u021b\u0103 de excelen\u021b\u0103 este sus\u021binut de o strategie de fabrica\u021bie rafinat\u0103, care valorific\u0103 personal calificat, echipamente digitale avansate de fabrica\u021bie \u0219i sisteme profesionale de testare. Ne \u00eembun\u0103t\u0103\u021bim continuu capacit\u0103\u021bile de fabrica\u021bie pentru a satisface nevoile diverse ale clien\u021bilor \u00een mod eficient \u0219i precis.<\/p>\n<p>Accentul nostru pus pe calitate garanteaz\u0103 respectarea standardelor interna\u021bionale, iar serviciile noastre personalizate ne permit s\u0103 r\u0103spundem cerin\u021belor specifice. Echipamentele noastre de produc\u021bie de ultim\u0103 genera\u021bie \u0219i asisten\u021ba robust\u0103 post-v\u00e2nzare le ofer\u0103 clien\u021bilor no\u0219tri \u00eencredere \u00een investi\u021biile lor.<\/p>\n<p><img decoding=\"async\" src=\"https:\/\/www.hydraulic-cylinders.net\/wp-content\/uploads\/2025\/04\/songte-company-4.webp\" alt=\"Imaginea companiei 1\" \/><br \/>\n<img decoding=\"async\" src=\"https:\/\/www.hydraulic-cylinders.net\/wp-content\/uploads\/2025\/04\/songte-company-3.webp\" alt=\"Imaginea companiei 2\" \/><\/p>\n<p>Autor: lyl<\/p>","protected":false},"excerpt":{"rendered":"<p>Boom Cylinder For XCMG Middle Excavator XE260CLL Product Overview The Boom Cylinder for XCMG Middle Excavator XE260CLL is a crucial component in the hydraulic systems of excavators. This hydraulic cylinder is specifically designed to control the movement of the boom, enabling it to lift, lower, and tilt with precision. These functions are essential for various [&hellip;]<\/p>","protected":false},"featured_media":17881,"comment_status":"open","ping_status":"closed","template":"","meta":{"_et_pb_use_builder":"","_et_pb_old_content":"","_et_gb_content_width":""},"product_brand":[],"product_cat":[1546],"product_tag":[1547,1496],"class_list":{"0":"post-19195","1":"product","2":"type-product","3":"status-publish","4":"has-post-thumbnail","6":"product_cat-boom-cylinders","7":"product_tag-boom-cylinders","8":"product_tag-hydraulic-cylinders","10":"first","11":"instock","12":"shipping-taxable","13":"product-type-simple"},"amp_enabled":true,"_links":{"self":[{"href":"https:\/\/www.hydraulic-cylinders.net\/ro\/wp-json\/wp\/v2\/product\/19195","targetHints":{"allow":["GET"]}}],"collection":[{"href":"https:\/\/www.hydraulic-cylinders.net\/ro\/wp-json\/wp\/v2\/product"}],"about":[{"href":"https:\/\/www.hydraulic-cylinders.net\/ro\/wp-json\/wp\/v2\/types\/product"}],"replies":[{"embeddable":true,"href":"https:\/\/www.hydraulic-cylinders.net\/ro\/wp-json\/wp\/v2\/comments?post=19195"}],"wp:featuredmedia":[{"embeddable":true,"href":"https:\/\/www.hydraulic-cylinders.net\/ro\/wp-json\/wp\/v2\/media\/17881"}],"wp:attachment":[{"href":"https:\/\/www.hydraulic-cylinders.net\/ro\/wp-json\/wp\/v2\/media?parent=19195"}],"wp:term":[{"taxonomy":"product_brand","embeddable":true,"href":"https:\/\/www.hydraulic-cylinders.net\/ro\/wp-json\/wp\/v2\/product_brand?post=19195"},{"taxonomy":"product_cat","embeddable":true,"href":"https:\/\/www.hydraulic-cylinders.net\/ro\/wp-json\/wp\/v2\/product_cat?post=19195"},{"taxonomy":"product_tag","embeddable":true,"href":"https:\/\/www.hydraulic-cylinders.net\/ro\/wp-json\/wp\/v2\/product_tag?post=19195"}],"curies":[{"name":"wp","href":"https:\/\/api.w.org\/{rel}","templated":true}]}}