{"id":19196,"date":"2025-04-07T06:17:34","date_gmt":"2025-04-07T06:17:34","guid":{"rendered":"https:\/\/www.hydraulic-cylinders.net\/product\/boom-cylinder-for-xcmg-large-excavator-xe335c\/"},"modified":"2025-04-07T06:17:36","modified_gmt":"2025-04-07T06:17:36","slug":"boom-cylinder-for-xcmg-large-excavator-xe335c","status":"publish","type":"product","link":"https:\/\/www.hydraulic-cylinders.net\/ro\/produs\/boom-cylinder-for-xcmg-large-excavator-xe335c\/","title":{"rendered":"Cilindru de bra\u021b pentru excavatorul mare XCMG XE335C"},"content":{"rendered":"<h1>Cilindru de bra\u021b pentru excavatorul mare XCMG XE335C<\/h1>\n<h2>Introducere \u00een cilindrii bra\u021bului<\/h2>\n<p>Cilindrul bra\u021bului pentru excavatorul mare XCMG XE335C este o component\u0103 critic\u0103 conceput\u0103 pentru a controla mi\u0219carea bra\u021bului excavatorului. Fiind un tip de cilindru hidraulic, acesta permite utilajelor grele s\u0103 \u00eendeplineasc\u0103 sarcini esen\u021biale, cum ar fi ridicarea, cobor\u00e2rea \u0219i \u00eenclinarea cupei. Aceast\u0103 func\u021bionalitate este vital\u0103 pentru opera\u021biuni eficiente de manipulare a materialelor \u0219i excavare \u00een diverse sectoare.<\/p>\n<p>\u00cen sistemele hidraulice, cilindrul bra\u021bului func\u021bioneaz\u0103 prin transformarea presiunii hidraulice \u00een energie mecanic\u0103, permi\u021b\u00e2nd mi\u0219c\u0103ri line \u0219i eficiente ale bra\u021bului excavatorului. Designul s\u0103u este adaptat pentru a satisface cerin\u021bele opera\u021biunilor grele, asigur\u00e2nd fiabilitate \u0219i performan\u021b\u0103 \u00een condi\u021bii dificile.<\/p>\n<p><img decoding=\"async\" src=\"https:\/\/www.hydraulic-cylinders.net\/wp-content\/uploads\/2025\/04\/songte-company-1.webp\" alt=\"Cilindru de bra\u021b pentru excavator\" \/><\/p>\n<h2>Caracteristicile cilindrului bra\u021bului<\/h2>\n<h3>Rezisten\u021b\u0103 \u0219i durabilitate ridicate<\/h3>\n<ul>\n<li>Fabricat din o\u021bel sau aluminiu de \u00eenalt\u0103 rezisten\u021b\u0103, cilindrul bra\u021bului este proiectat s\u0103 reziste la presiuni ridicate \u0219i sarcini grele.<\/li>\n<li>Este construit pentru a rezista la medii de lucru dure, lu\u00e2nd \u00een considerare rezisten\u021ba la uzur\u0103 \u0219i protec\u021bia \u00eempotriva coroziunii.<\/li>\n<li>Construc\u021bia robust\u0103 prelunge\u0219te durata de via\u021b\u0103 a cilindrului, ceea ce \u00eel face perfect potrivit pentru aplica\u021bii solicitante.<\/li>\n<\/ul>\n<h3>Func\u021bionare hidraulic\u0103 eficient\u0103<\/h3>\n<ul>\n<li>Cilindrul utilizeaz\u0103 presiunea fluidului hidraulic pentru a realiza ac\u021biuni line de extindere \u0219i retragere.<\/li>\n<li>R\u0103spunsul rapid la comenzile operatorului asigur\u0103 capacit\u0103\u021bi puternice de \u00eempingere \u0219i tragere.<\/li>\n<li>Ideal pentru manipularea materialelor grele \u0219i efectuarea cu u\u0219urin\u021b\u0103 a opera\u021biunilor complexe.<\/li>\n<\/ul>\n<h3>Diverse tipuri disponibile<\/h3>\n<ul>\n<li>Op\u021biunile includ cilindri cu ac\u021biune simpl\u0103 (folosesc presiune hidraulic\u0103 \u00eentr-o singur\u0103 direc\u021bie) \u0219i cilindri cu ac\u021biune dubl\u0103 (folosesc presiune hidraulic\u0103 \u00een ambele direc\u021bii).<\/li>\n<li>Anumite modele sunt dotate cu design telescopic, permi\u021b\u00e2nd o extindere mai mare f\u0103r\u0103 a cre\u0219te dimensiunile exterioare, perfecte pentru spa\u021bii \u00eenguste.<\/li>\n<\/ul>\n<h2>Capacit\u0103\u021bile noastre de produc\u021bie<\/h2>\n<p>Ne specializ\u0103m \u00een fabricarea de cilindri hidraulici de \u00eenalt\u0103 calitate pentru bra\u021b, care pot \u00eenlocui perfect cilindrii hidraulici existen\u021bi. Produsele noastre sunt fabricate pentru a \u00eendeplini cele mai \u00eenalte standarde din industrie, asigur\u00e2nd compatibilitate \u0219i performan\u021b\u0103.<\/p>\n<p><img decoding=\"async\" src=\"https:\/\/www.hydraulic-cylinders.net\/wp-content\/uploads\/2025\/04\/songte-cylinder-head-with-all-kinds-excavator-models.webp\" alt=\"Modele de cilindri pentru excavatoare\" \/><\/p>\n<h2>Scenarii de aplica\u021bii<\/h2>\n<h3>Echipamente de construc\u021bii<\/h3>\n<p>\u00cen excavatoare, cilindrii bra\u021bului sunt esen\u021biali pentru s\u0103pare, \u00eenc\u0103rcare \u0219i mutarea p\u0103m\u00e2ntului sau a resturilor. Ace\u0219tia furnizeaz\u0103 puterea necesar\u0103 excavatorului pentru a p\u0103trunde eficient \u00een sol, permi\u021b\u00e2nd sarcini de excavare eficiente. \u00cen cazul \u00eenc\u0103rc\u0103toarelor basculante, cilindrul bra\u021bului ajut\u0103 at\u00e2t la s\u0103pare, c\u00e2t \u0219i la ridicare, ceea ce \u00eel face o component\u0103 versatil\u0103 \u00een aplica\u021biile de construc\u021bii \u0219i demol\u0103ri.<\/p>\n<h3>Ma\u0219ini agricole<\/h3>\n<p>\u00cen \u00eenc\u0103rc\u0103toarele frontale, cilindrii bra\u021bului \u00eendeplinesc func\u021bii critice, cum ar fi scoaterea, ridicarea \u0219i transportul solului, f\u00e2nului \u0219i altor materiale. Fiabilitatea lor asigur\u0103 finalizarea eficient\u0103 \u0219i la timp a sarcinilor agricole, sporind productivitatea fermelor \u0219i a terenurilor agricole.<\/p>\n<h3>Excavatoare<\/h3>\n<p>La excavatoare, cilindrul bra\u021bului permite cupei s\u0103 p\u0103trund\u0103 \u00een sol cu \u200b\u200bo for\u021b\u0103 semnificativ\u0103, facilit\u00e2nd ac\u021biuni eficiente de s\u0103pare. Designul s\u0103u asigur\u0103 func\u021bionarea optim\u0103 a excavatorului, chiar \u0219i \u00een condi\u021bii dificile de sol, permi\u021b\u00e2nd diverse sarcini, de la s\u0103parea de \u0219an\u021buri p\u00e2n\u0103 la relocarea materialelor.<\/p>\n<h3>\u00cenc\u0103rc\u0103toare<\/h3>\n<p>\u00cen cazul \u00eenc\u0103rc\u0103toarelor frontale, cilindrii bra\u021bului contribuie la ridicarea \u0219i desc\u0103rcarea eficient\u0103 a sarcinilor. Capacitatea lor de a oferi o putere de ridicare mare \u00eei face indispensabili \u00een opera\u021biunile de construc\u021bii \u0219i manipulare a materialelor, asigur\u00e2nd executarea f\u0103r\u0103 probleme a sarcinilor.<\/p>\n<h2>Considera\u021bii de proiectare \u0219i criterii de selec\u021bie<\/h2>\n<h3>Capacitate de \u00eenc\u0103rcare<\/h3>\n<p>Capacitatea de \u00eenc\u0103rcare a unui cilindru al bra\u021bului este crucial\u0103 pentru a asigura c\u0103 acesta poate gestiona greutatea a\u0219teptat\u0103 \u00een timpul opera\u021biunilor. Un cilindru trebuie s\u0103 fie proiectat pentru a suporta sarcina maxim\u0103 f\u0103r\u0103 riscul de defec\u021biune, ceea ce este vital pentru siguran\u021b\u0103 \u0219i eficien\u021b\u0103. Aceasta implic\u0103 un calcul atent al materialelor utilizate \u0219i al integrit\u0103\u021bii structurale pentru a satisface cerin\u021bele opera\u021bionale.<\/p>\n<h3>Sistem de etan\u0219are<\/h3>\n<p>Un sistem de etan\u0219are fiabil este esen\u021bial pentru men\u021binerea presiunii hidraulice \u0219i prevenirea scurgerilor. Alegerea garniturilor, inclusiv a garniturilor pistonului \u0219i a garniturilor tijei, trebuie s\u0103 fie fabricat\u0103 din materiale durabile, cum ar fi poliuretanul sau cauciucul nitrilic, pentru a rezista la uzur\u0103. Etan\u0219area corect\u0103 nu numai c\u0103 \u00eembun\u0103t\u0103\u021be\u0219te performan\u021ba, dar prelunge\u0219te \u0219i durata de via\u021b\u0103 a cilindrului.<\/p>\n<h3>Durabilitate<\/h3>\n<p>Durabilitatea este o considera\u021bie fundamental\u0103 \u00een proiectarea cilindrilor bra\u021bului. Componentele trebuie s\u0103 reziste la uzur\u0103, coroziune \u0219i deterior\u0103ri fizice cauzate de medii dure. Aceast\u0103 durabilitate este ob\u021binut\u0103 prin materiale de calitate \u0219i inginerie precis\u0103, asigur\u00e2nd c\u0103 cilindrul poate func\u021biona constant \u00een timp.<\/p>\n<h3>Caracteristici de siguran\u021b\u0103<\/h3>\n<p>Siguran\u021ba este primordial\u0103 \u00een sistemele hidraulice. Cilindrii bra\u021bului ar trebui s\u0103 aib\u0103 caracteristici care s\u0103 previn\u0103 supraextensia \u0219i defec\u021biunile bru\u0219te. Acestea includ supape de suprapresiune \u0219i opritoare de siguran\u021b\u0103 pentru a proteja at\u00e2t operatorul, c\u00e2t \u0219i ma\u0219ina \u00een timpul func\u021bion\u0103rii.<\/p>\n<h3>Accesibilitate pentru \u00eentre\u021binere<\/h3>\n<p>Proiectarea cilindrilor av\u00e2nd \u00een vedere \u00eentre\u021binerea este crucial\u0103 pentru asigurarea longevit\u0103\u021bii. Accesul facil la garnituri \u0219i alte componente faciliteaz\u0103 verific\u0103rile \u0219i repara\u021biile regulate, reduc\u00e2nd la minimum timpul de nefunc\u021bionare \u0219i prevenind defec\u021biunile costisitoare. Un design bine g\u00e2ndit poate \u00eembun\u0103t\u0103\u021bi semnificativ eficien\u021ba opera\u021bional\u0103.<\/p>\n<p><img decoding=\"async\" src=\"https:\/\/www.hydraulic-cylinders.net\/wp-content\/uploads\/2025\/04\/songte-oil-pipes-and-spare-parts.webp\" alt=\"Piese de schimb hidraulice\" \/><\/p>\n<h2>Etan\u0219area \u0219i lubrifierea cilindrului hidraulic<\/h2>\n<p>Func\u021bionarea eficient\u0103 a unui cilindru al bra\u021bului depinde \u00een mare m\u0103sur\u0103 de sistemele sale de etan\u0219are \u0219i lubrifiere. Diverse etan\u0219\u0103ri, inclusiv etan\u0219\u0103ri ale pistonului \u0219i etan\u0219\u0103ri ale tijei, sunt utilizate pentru a men\u021bine presiunea hidraulic\u0103 \u0219i a preveni scurgerile. Selectarea etan\u0219\u0103rilor fabricate din materiale rezistente la uzur\u0103, cum ar fi poliuretanul \u0219i cauciucul nitrilic, este crucial\u0103 pentru performan\u021b\u0103.<\/p>\n<p>Corpul cilindrului \u0219i suprafe\u021bele filetate ale cap\u0103tului sunt supuse unor prelucr\u0103ri fine pentru a spori rezisten\u021ba la uzur\u0103, asigur\u00e2ndu-se c\u0103 pot rezista solicit\u0103rilor opera\u021bionale. Lubrifierea regulat\u0103 cu ulei hidraulic este esen\u021bial\u0103 pentru a minimiza frecarea \u0219i uzura, prelungind durata de via\u021b\u0103 a cilindrului \u0219i men\u021bin\u00e2ndu-i eficien\u021ba. Aceast\u0103 \u00eentre\u021binere periodic\u0103 este vital\u0103 pentru performan\u021be optime \u0219i fiabilitate \u00een aplica\u021bii solicitante.<\/p>\n<h2>Inspec\u021bie regulat\u0103 \u0219i m\u0103suri de \u00eentre\u021binere preventiv\u0103<\/h2>\n<ul>\n<li><strong>Inspec\u021bii regulate:<\/strong> Efectuarea unor verific\u0103ri de rutin\u0103 pentru detectarea scurgerilor, uzurii \u0219i problemelor de performan\u021b\u0103 poate ajuta la identificarea problemelor \u00eenainte ca acestea s\u0103 se agraveze. O abordare proactiv\u0103 poate preveni repara\u021biile costisitoare \u0219i timpii de nefunc\u021bionare.<\/li>\n<li><strong>Lubrifiere adecvat\u0103:<\/strong> Asigurarea men\u021binerii nivelurilor de ulei hidraulic \u0219i a cur\u0103\u021beniei uleiului va ajuta la reducerea uzurii \u0219i la asigurarea unei func\u021bion\u0103ri line. Verifica\u021bi periodic starea uleiului \u0219i \u00eenlocui\u021bi-l dup\u0103 cum este necesar.<\/li>\n<li><strong>\u00cenlocuirea garniturii:<\/strong> Garniturile trebuie inspectate periodic pentru uzur\u0103 \u0219i \u00eenlocuite dup\u0103 cum este necesar pentru a men\u021bine integritatea hidraulic\u0103 \u0219i a preveni scurgerile. Acest lucru este crucial pentru men\u021binerea performan\u021bei echipamentului.<\/li>\n<\/ul>\n<h2>Instruc\u021biuni corecte de instalare<\/h2>\n<p>Instalarea corect\u0103 a cilindrului bra\u021bului este esen\u021bial\u0103 pentru asigurarea unei performan\u021be optime. \u00cencepe\u021bi prin alinierea cilindrului cu punctele de montare de pe excavator. Folosi\u021bi consolele de instalare adecvate pentru a fixa cilindrul \u00een pozi\u021bie, prevenind orice nealiniere care ar putea duce la probleme opera\u021bionale.<\/p>\n<p>Este important s\u0103 respecta\u021bi specifica\u021biile produc\u0103torului privind set\u0103rile de cuplu \u0219i secven\u021bele de str\u00e2ngere pentru a evita deteriorarea cilindrului sau a punctelor de instalare. Dup\u0103 instalare, verifica\u021bi alinierea \u0219i asigura\u021bi-v\u0103 c\u0103 toate conexiunile hidraulice sunt fixate. \u00cen final, efectua\u021bi o prob\u0103 de func\u021bionare pentru a confirma c\u0103 cilindrul func\u021bioneaz\u0103 f\u0103r\u0103 probleme, f\u0103r\u0103 scurgeri sau zgomote anormale.<\/p>\n<h2>Sarcini comune de \u00eentre\u021binere<\/h2>\n<h3>Inspec\u021bii regulate<\/h3>\n<p>Efectuarea inspec\u021biilor regulate ale cilindrului bra\u021bului este esen\u021bial\u0103 pentru identificarea din timp a poten\u021bialelor probleme. Verifica\u021bi dac\u0103 exist\u0103 semne de uzur\u0103, scurgeri sau performan\u021be anormale. Men\u021binerea unei rutine de inspec\u021bie programate poate ajuta la abordarea proactiv\u0103 a problemelor \u00eenainte ca acestea s\u0103 duc\u0103 la perioade semnificative de nefunc\u021bionare.<\/p>\n<h3>Lubrifiere adecvat\u0103<\/h3>\n<p>Lubrifierea corect\u0103 este vital\u0103 pentru func\u021bionalitatea cilindrului. Asigura\u021bi-v\u0103 c\u0103 uleiul hidraulic este completat \u0219i f\u0103r\u0103 contaminan\u021bi. Lubrifia\u021bi regulat toate piesele mobile conform instruc\u021biunilor produc\u0103torului pentru a asigura o func\u021bionare optim\u0103 \u0219i a reduce uzura.<\/p>\n<h3>\u00cenlocuirea garniturii \u0219i verific\u0103ri ale calibr\u0103rii<\/h3>\n<p>\u00cenlocuirea regulat\u0103 a garniturilor uzate este crucial\u0103 pentru men\u021binerea presiunii hidraulice. Efectua\u021bi verific\u0103ri de calibrare ale sistemului hidraulic pentru a asigura o func\u021bionare precis\u0103. Reglajele corecte pot \u00eembun\u0103t\u0103\u021bi performan\u021ba \u0219i pot prelungi durata de via\u021b\u0103 a cilindrului.<\/p>\n<p><img decoding=\"async\" src=\"https:\/\/www.hydraulic-cylinders.net\/wp-content\/uploads\/2025\/04\/songte-chushion-collar.webp\" alt=\"Guler de pern\u0103 cilindric\u0103\" \/><\/p>\n<h2>Considera\u021bii de siguran\u021b\u0103 \u0219i factori de mediu<\/h2>\n<p>M\u0103surile de siguran\u021b\u0103 asociate cu func\u021bionarea cilindrilor bra\u021bului sunt esen\u021biale. Instruirea adecvat\u0103 a operatorilor cu privire la protocoalele de siguran\u021b\u0103 poate reduce semnificativ riscul de accidente. Implementarea standardelor de siguran\u021b\u0103 \u00een timpul instal\u0103rii \u0219i \u00eentre\u021binerii asigur\u0103 reducerea la minimum a riscurilor. De asemenea, ar trebui lua\u021bi \u00een considerare factorii de mediu, cum ar fi asigurarea faptului c\u0103 fluidele hidraulice sunt gestionate \u00een mod responsabil pentru a preveni contaminarea.<\/p>\n<h2>Diagnosticarea defec\u021biunilor \u0219i probleme frecvente<\/h2>\n<ul>\n<li><strong>Scurgere:<\/strong> Dac\u0103 cilindrul prezint\u0103 scurgeri de fluid hidraulic, acest lucru poate indica uzura sau deteriorarea garniturilor de etan\u0219are. Verifica\u021bi dac\u0103 exist\u0103 semne de lichid \u00een jurul cilindrului \u0219i \u00eenlocui\u021bi garniturile, dac\u0103 este necesar.<\/li>\n<li><strong>Performan\u021b\u0103 redus\u0103:<\/strong> O sc\u0103dere vizibil\u0103 a r\u0103spunsului cilindrului poate fi un semn al unui nivel sc\u0103zut de lichid hidraulic sau al unor deterior\u0103ri interne. Verifica\u021bi dac\u0103 exist\u0103 probleme \u00een sistemul hidraulic.<\/li>\n<li><strong>Zgomote neobi\u0219nuite:<\/strong> Dac\u0103 cilindrul scoate sunete ciudate \u00een timpul func\u021bion\u0103rii, acest lucru poate indica uzur\u0103 intern\u0103 sau lubrifiere insuficient\u0103. Efectua\u021bi o inspec\u021bie am\u0103nun\u021bit\u0103 pentru a identifica sursa zgomotului.<\/li>\n<\/ul>\n<h2>Sfaturi de depanare<\/h2>\n<p>Pentru a diagnostica \u0219i rezolva eficient problemele legate de cilindrul bra\u021bului, \u00eencepe\u021bi prin efectuarea de inspec\u021bii vizuale pentru a depista scurgeri sau deterior\u0103ri. \u00centre\u021binerea regulat\u0103 poate preveni multe probleme comune. Asigura\u021bi-v\u0103 c\u0103 nivelurile fluidului hidraulic sunt adecvate \u0219i \u00eenlocui\u021bi filtrele dup\u0103 cum este necesar. Implementarea unor m\u0103suri preventive, cum ar fi \u00eenlocuirea la timp a garniturilor \u0219i lubrifierea regulat\u0103, poate reduce semnificativ probabilitatea defec\u021biunilor.<\/p>\n<p><img decoding=\"async\" src=\"https:\/\/www.hydraulic-cylinders.net\/wp-content\/uploads\/2025\/04\/songte-bushings-with-all-kinds-of-excavator-models.webp\" alt=\"Buc\u0219e pentru excavator\" \/><\/p>\n<h2>Prezentare general\u0103 a companiei<\/h2>\n<p>Suntem un produc\u0103tor important de cilindri hidraulici de schimb, oferind o gam\u0103 complet\u0103 de produse care satisfac nevoile at\u00e2t ale pie\u021belor interne, c\u00e2t \u0219i ale celor interna\u021bionale. Angajamentul nostru fa\u021b\u0103 de excelen\u021b\u0103 este evident \u00een strategiile noastre meticuloase de fabrica\u021bie \u0219i \u00een sistemele de management al calit\u0103\u021bii.<\/p>\n<p>Concentr\u00e2ndu-ne pe eficien\u021b\u0103 ridicat\u0103, precizie \u0219i calitate, ne baz\u0103m pe profesioni\u0219ti califica\u021bi, echipamente de fabrica\u021bie avansate \u0219i sisteme robuste de testare pentru a ne \u00eembun\u0103t\u0103\u021bi capacit\u0103\u021bile de produc\u021bie. Abordarea noastr\u0103 inovatoare ne permite s\u0103 satisfacem diversele cerin\u021be ale clien\u021bilor, asigur\u00e2ndu-ne \u00een acela\u0219i timp c\u0103 produsele noastre men\u021bin cele mai \u00eenalte standarde de calitate.<\/p>\n<p>Serviciile noastre se extind dincolo de produc\u021bie; oferim personalizare profesional\u0103, certificare interna\u021bional\u0103 \u0219i asisten\u021b\u0103 post-v\u00e2nzare excep\u021bional\u0103, asigur\u00e2ndu-ne c\u0103 clien\u021bii no\u0219tri beneficiaz\u0103 de cea mai bun\u0103 experien\u021b\u0103 posibil\u0103. Adaptabilitatea noastr\u0103 \u00een produc\u021bie \u0219i dedicarea fa\u021b\u0103 de satisfac\u021bia clien\u021bilor ne fac un partener de \u00eencredere \u00een industria cilindrilor hidraulici.<\/p>\n<p><img decoding=\"async\" src=\"https:\/\/www.hydraulic-cylinders.net\/wp-content\/uploads\/2025\/04\/songte-company-4.webp\" alt=\"Prezentare general\u0103 a companiei\" \/><br \/>\n<img decoding=\"async\" src=\"https:\/\/www.hydraulic-cylinders.net\/wp-content\/uploads\/2025\/04\/songte-company-3.webp\" alt=\"Facilitatea companiei\" \/><\/p>\n<p>Autor: lyl<\/p>","protected":false},"excerpt":{"rendered":"<p>Boom Cylinder For XCMG Large Excavator XE335C Introduction to Boom Cylinders The Boom Cylinder for XCMG Large Excavator XE335C is a critical component designed to control the movement of the excavator&#8217;s boom. As a type of hydraulic cylinder, it enables heavy machinery to perform essential tasks such as lifting, lowering, and tilting the bucket. This [&hellip;]<\/p>","protected":false},"featured_media":17867,"comment_status":"open","ping_status":"closed","template":"","meta":{"_et_pb_use_builder":"","_et_pb_old_content":"","_et_gb_content_width":""},"product_brand":[],"product_cat":[1546],"product_tag":[1547,1496],"class_list":{"0":"post-19196","1":"product","2":"type-product","3":"status-publish","4":"has-post-thumbnail","6":"product_cat-boom-cylinders","7":"product_tag-boom-cylinders","8":"product_tag-hydraulic-cylinders","10":"first","11":"instock","12":"shipping-taxable","13":"product-type-simple"},"amp_enabled":true,"_links":{"self":[{"href":"https:\/\/www.hydraulic-cylinders.net\/ro\/wp-json\/wp\/v2\/product\/19196","targetHints":{"allow":["GET"]}}],"collection":[{"href":"https:\/\/www.hydraulic-cylinders.net\/ro\/wp-json\/wp\/v2\/product"}],"about":[{"href":"https:\/\/www.hydraulic-cylinders.net\/ro\/wp-json\/wp\/v2\/types\/product"}],"replies":[{"embeddable":true,"href":"https:\/\/www.hydraulic-cylinders.net\/ro\/wp-json\/wp\/v2\/comments?post=19196"}],"wp:featuredmedia":[{"embeddable":true,"href":"https:\/\/www.hydraulic-cylinders.net\/ro\/wp-json\/wp\/v2\/media\/17867"}],"wp:attachment":[{"href":"https:\/\/www.hydraulic-cylinders.net\/ro\/wp-json\/wp\/v2\/media?parent=19196"}],"wp:term":[{"taxonomy":"product_brand","embeddable":true,"href":"https:\/\/www.hydraulic-cylinders.net\/ro\/wp-json\/wp\/v2\/product_brand?post=19196"},{"taxonomy":"product_cat","embeddable":true,"href":"https:\/\/www.hydraulic-cylinders.net\/ro\/wp-json\/wp\/v2\/product_cat?post=19196"},{"taxonomy":"product_tag","embeddable":true,"href":"https:\/\/www.hydraulic-cylinders.net\/ro\/wp-json\/wp\/v2\/product_tag?post=19196"}],"curies":[{"name":"wp","href":"https:\/\/api.w.org\/{rel}","templated":true}]}}