{"id":19200,"date":"2025-04-07T06:17:44","date_gmt":"2025-04-07T06:17:44","guid":{"rendered":"https:\/\/www.hydraulic-cylinders.net\/product\/boom-cylinder-for-xcmg-large-excavator-xe370ca\/"},"modified":"2025-04-07T06:17:46","modified_gmt":"2025-04-07T06:17:46","slug":"boom-cylinder-for-xcmg-large-excavator-xe370ca","status":"publish","type":"product","link":"https:\/\/www.hydraulic-cylinders.net\/ro\/produs\/boom-cylinder-for-xcmg-large-excavator-xe370ca\/","title":{"rendered":"Cilindru de bra\u021b pentru excavatorul mare XCMG XE370CA"},"content":{"rendered":"<h1>Cilindru de bra\u021b pentru excavatorul mare XCMG XE370CA<\/h1>\n<h2>Prezentare general\u0103 a produsului<\/h2>\n<p>Cilindrul bra\u021bului pentru excavatorul mare XCMG XE370CA este un cilindru hidraulic specializat, conceput pentru a gestiona mi\u0219carea bra\u021bului la excavatoarele mari. Aceast\u0103 component\u0103 critic\u0103 permite ridicarea, cobor\u00e2rea \u0219i \u00eenclinarea precis\u0103 a bra\u021bului, facilit\u00e2nd o gam\u0103 larg\u0103 de sarcini de manipulare a materialelor. Cilindrii hidraulici, \u00een special cilindrii bra\u021bului, joac\u0103 un rol esen\u021bial \u00een sistemele hidraulice ale utilajelor grele, permi\u021b\u00e2nd func\u021bionarea eficient\u0103 a ata\u0219amentelor precum cupele \u0219i ghearele.<\/p>\n<p>Ace\u0219ti cilindri sunt proiecta\u021bi pentru a oferi performan\u021be fiabile chiar \u0219i \u00een medii dificile, ceea ce \u00eei face indispensabili \u00een construc\u021bii, minerit \u0219i alte aplica\u021bii grele. Fabrica\u021bi din materiale de \u00eenalt\u0103 calitate, ace\u0219tia asigur\u0103 durabilitate \u0219i longevitate, reduc\u00e2nd nevoile de \u00eentre\u021binere \u0219i timpii de nefunc\u021bionare.<\/p>\n<p><img decoding=\"async\" src=\"https:\/\/www.hydraulic-cylinders.net\/wp-content\/uploads\/2025\/04\/songte-company-1.webp\" alt=\"Cilindru hidraulic pentru excavatoare\"><\/p>\n<h3>Caracteristici cheie<\/h3>\n<ul>\n<li><strong>Rezisten\u021b\u0103 \u0219i durabilitate ridicate:<\/strong> Construi\u021bi din o\u021bel sau aluminiu de \u00eenalt\u0103 rezisten\u021b\u0103, ace\u0219ti cilindri pot rezista la presiuni ridicate \u0219i sarcini grele, fiind potrivi\u021bi pentru condi\u021bii de lucru dure.<\/li>\n<li><strong>Func\u021bionare hidraulic\u0103 eficient\u0103:<\/strong> Acestea utilizeaz\u0103 presiunea uleiului hidraulic pentru mi\u0219c\u0103ri line de extindere \u0219i retragere, r\u0103spunz\u00e2nd rapid la comenzile operatorului \u0219i oferind o for\u021b\u0103 puternic\u0103 de \u00eempingere-tragere, ideal\u0103 pentru manipularea obiectelor grele.<\/li>\n<li><strong>Diverse tipuri:<\/strong> Disponibile \u00een variante cu ac\u021biune simpl\u0103 \u0219i dubl\u0103, aceste cilindri pot fi adaptate pentru a satisface nevoi opera\u021bionale specifice. Unele modele sunt dotate cu designuri telescopice, permi\u021b\u00e2nd o extensie mai mare f\u0103r\u0103 a cre\u0219te dimensiunea extern\u0103.<\/li>\n<li><strong>Fabrica\u021bie personalizat\u0103:<\/strong> Ne specializ\u0103m \u00een produc\u021bia de cilindri hidraulici care \u00eenlocuiesc perfect modelele existente, asigur\u00e2nd compatibilitate \u0219i performan\u021b\u0103.<\/li>\n<li><strong>Versatilitatea aplica\u021biei:<\/strong> Ideal pentru diverse aplica\u021bii cu utilaje grele, inclusiv excavatoare, \u00eenc\u0103rc\u0103toare frontale \u0219i buldoexcavatoare.<\/li>\n<\/ul>\n<p><img decoding=\"async\" src=\"https:\/\/www.hydraulic-cylinders.net\/wp-content\/uploads\/2025\/04\/songte-cylinder-head-with-all-kinds-excavator-models.webp\" alt=\"Modele de excavatoare cu chiulas\u0103\"><\/p>\n<h2>Aplica\u021bii<\/h2>\n<h3>Echipamente de construc\u021bii<\/h3>\n<p>\u00cen excavatoare, cilindrii bra\u021bului sunt cruciali pentru s\u0103pare, \u00eenc\u0103rcare \u0219i mutarea solului sau a resturilor. Ace\u0219tia ofer\u0103 for\u021ba necesar\u0103 pentru a p\u0103trunde \u00een teren dificil, permi\u021b\u00e2nd operatorilor s\u0103 efectueze eficient sarcinile de excavare. \u00cen cazul \u00eenc\u0103rc\u0103toarelor excavatoare, cilindrul bra\u021bului ajut\u0103 nu numai la s\u0103pare, ci \u0219i la ridicarea sarcinilor grele, \u00eembun\u0103t\u0103\u021bind func\u021bionalitatea general\u0103 a ma\u0219inii \u00een \u0219antierele de construc\u021bii.<\/p>\n<h3>Ma\u0219ini agricole<\/h3>\n<p>\u00cen cazul \u00eenc\u0103rc\u0103toarelor frontale, cilindrii bra\u021bului sunt esen\u021biali pentru \u00eenc\u0103rcarea, ridicarea \u0219i transportul materialelor precum solul, f\u00e2nul \u0219i alte produse agricole. Performan\u021ba lor puternic\u0103 permite fermierilor s\u0103 manipuleze sarcini grele, contribuind la o eficien\u021b\u0103 sporit\u0103 a opera\u021biunilor agricole \u0219i la o productivitate mai mare.<\/p>\n<h3>Excavatoare<\/h3>\n<p>Ace\u0219ti cilindri permit cupei excavatorului s\u0103 p\u0103trund\u0103 eficient \u00een sol, facilit\u00e2nd ac\u021biunea de s\u0103pare necesar\u0103 pentru excavarea funda\u021biilor \u0219i a \u0219an\u021burilor. Fiabilitatea lor asigur\u0103 c\u0103 lucr\u0103rile de excavare pot continua f\u0103r\u0103 \u00eentreruperi, ceea ce este vital pentru respectarea termenelor proiectului.<\/p>\n<h3>\u00cenc\u0103rc\u0103toare<\/h3>\n<p>\u00cen cazul \u00eenc\u0103rc\u0103toarelor frontale, cilindrii bra\u021bului ajut\u0103 la ridicarea \u0219i desc\u0103rcarea eficient\u0103 a \u00eenc\u0103rc\u0103turilor. Aceast\u0103 capacitate este esen\u021bial\u0103 pentru proiectele de construc\u021bii \u0219i amenaj\u0103ri peisagistice, unde manipularea la timp a materialelor este critic\u0103. Designul robust al acestor cilindri asigur\u0103 c\u0103 pot gestiona cerin\u021bele de ridicare \u0219i transportare a materialelor grele.<\/p>\n<h2>Considera\u021bii de proiectare<\/h2>\n<h3>Capacitate de \u00eenc\u0103rcare<\/h3>\n<p>Capacitatea de \u00eenc\u0103rcare a unui cilindru al bra\u021bului este o considera\u021bie critic\u0103 \u00een proiectarea sa. Acesta trebuie s\u0103 fie capabil s\u0103 suporte greutatea maxim\u0103 pe care o poate ridica bra\u021bul, asigur\u00e2nd siguran\u021ba \u0219i eficien\u021ba opera\u021bional\u0103. Inginerii calculeaz\u0103 cu aten\u021bie dimensiunile cilindrului \u0219i rezisten\u021ba materialului pentru a ob\u021bine capacit\u0103\u021bile portante necesare.<\/p>\n<h3>Performan\u021ba de etan\u0219are<\/h3>\n<p>Etan\u0219area eficient\u0103 este esen\u021bial\u0103 \u00een cazul cilindrilor hidraulici pentru a preveni scurgerile \u0219i a men\u021bine presiunea. Se utilizeaz\u0103 tehnologii avansate de etan\u0219are, inclusiv utilizarea unor etan\u0219\u0103ri fabricate din materiale durabile, cum ar fi poliuretanul \u0219i cauciucul nitrilic. Aceste etan\u0219\u0103ri asigur\u0103 longevitatea \u0219i fiabilitatea, chiar \u0219i \u00een condi\u021bii de presiune \u0219i mediu extreme.<\/p>\n<h3>Durabilitate<\/h3>\n<p>Durabilitatea este un factor cheie \u00een proiectarea cilindrilor bra\u021bului. Ace\u0219tia trebuie s\u0103 reziste rigorilor aplica\u021biilor grele, inclusiv expunerea la abrazivi \u0219i materiale corozive. Alegerea materialelor de \u00eenalt\u0103 rezisten\u021b\u0103 \u0219i a acoperirilor protectoare \u00eembun\u0103t\u0103\u021be\u0219te semnificativ durata de via\u021b\u0103 \u0219i performan\u021ba cilindrului.<\/p>\n<h3>Siguran\u0163\u0103<\/h3>\n<p>Caracteristicile de siguran\u021b\u0103 sunt parte integrant\u0103 a proiect\u0103rii cilindrilor bra\u021bului, asigur\u00e2nd func\u021bionarea acestora f\u0103r\u0103 risc de defec\u021biune. Aceasta include \u00eencorporarea de supape de siguran\u021b\u0103 \u0219i mecanisme de eliberare a presiunii pentru a preveni supra\u00eenc\u0103rcarea \u0219i poten\u021bialele accidente \u00een timpul func\u021bion\u0103rii.<\/p>\n<h3>Accesibilitate pentru \u00eentre\u021binere<\/h3>\n<p>Proiectarea cilindrilor hidraulici pentru o \u00eentre\u021binere u\u0219oar\u0103 este crucial\u0103. Aceasta include accesibilitatea pentru inspec\u021bii, lubrifiere \u0219i \u00eenlocuirea garniturilor. Un design care faciliteaz\u0103 o \u00eentre\u021binere simpl\u0103 prelunge\u0219te durata de via\u021b\u0103 a cilindrului \u0219i asigur\u0103 func\u021bionarea acestuia la eficien\u021b\u0103 maxim\u0103.<\/p>\n<p><img decoding=\"async\" src=\"https:\/\/www.hydraulic-cylinders.net\/wp-content\/uploads\/2025\/04\/songte-oil-pipes-and-spare-parts.webp\" alt=\"Piese cilindru hidraulic\"><\/p>\n<h2>Garnituri \u0219i lubrifiere<\/h2>\n<p>Diverse tipuri de etan\u0219\u0103ri, inclusiv etan\u0219\u0103ri pentru piston \u0219i etan\u0219\u0103ri pentru tij\u0103, sunt utilizate \u00een cilindrii bra\u021bului pentru a asigura performan\u021be optime. Garniturile fabricate din materiale rezistente la abraziune, cum ar fi poliuretanul \u0219i cauciucul nitrilic, sunt preferate pentru durabilitatea lor. Corpul cilindrului \u0219i suprafe\u021bele filetate ale cap\u0103tului sunt finisate cu precizie pentru a \u00eembun\u0103t\u0103\u021bi rezisten\u021ba la uzur\u0103 \u0219i performan\u021ba de etan\u0219are.<\/p>\n<p>Lubrifierea regulat\u0103 este esen\u021bial\u0103 pentru men\u021binerea func\u021bionalit\u0103\u021bii sistemului hidraulic. Trebuie ad\u0103ugat\u0103 periodic o cantitate adecvat\u0103 de ulei hidraulic pentru a asigura o func\u021bionare lin\u0103 \u0219i pentru a preveni uzura garniturilor \u0219i a componentelor interne. Lubrifierea adecvat\u0103 nu numai c\u0103 \u00eembun\u0103t\u0103\u021be\u0219te performan\u021ba, dar prelunge\u0219te \u0219i durata de via\u021b\u0103 a cilindrului.<\/p>\n<h2>M\u0103suri de \u00eentre\u021binere<\/h2>\n<ul>\n<li><strong>Inspec\u021bii regulate:<\/strong> Efectua\u021bi verific\u0103ri de rutin\u0103 pentru a depista semne de uzur\u0103, deteriorare sau scurgeri. Acest lucru ajut\u0103 la identificarea poten\u021bialelor probleme \u00eenainte ca acestea s\u0103 escaladeze, asigur\u00e2nd siguran\u021ba \u0219i eficien\u021ba opera\u021bional\u0103.<\/li>\n<li><strong>Lubrifiere adecvat\u0103:<\/strong> Asigura\u021bi-v\u0103 c\u0103 nivelurile uleiului hidraulic sunt men\u021binute corect \u0219i c\u0103 garniturile sunt lubrifiate corespunz\u0103tor pentru a preveni supra\u00eenc\u0103lzirea \u0219i uzura.<\/li>\n<li><strong>\u00cenlocuirea garniturii:<\/strong> Verifica\u021bi periodic starea garniturilor \u0219i \u00eenlocui\u021bi-le dup\u0103 cum este necesar pentru a preveni scurgerile de fluid hidraulic, care pot compromite performan\u021ba sistemului.<\/li>\n<\/ul>\n<h2>Instruc\u021biuni de instalare<\/h2>\n<p>Instalarea unui cilindru al bra\u021bului necesit\u0103 o aten\u021bie deosebit\u0103 detaliilor pentru a asigura o aliniere \u0219i o func\u021bionalitate corecte. \u00cencepe\u021bi prin a v\u0103 asigura c\u0103 suprafe\u021bele de montare sunt curate \u0219i f\u0103r\u0103 resturi. Folosi\u021bi console de montare adecvate pentru a fixa cilindrul \u00een pozi\u021bie. Alinia\u021bi cilindrul cu unghiul necesar \u0219i ajusta\u021bi dup\u0103 cum este necesar \u00eenainte de a str\u00e2nge accesoriile de montare.<\/p>\n<p>Apoi, conecta\u021bi conductele hidraulice, asigur\u00e2ndu-v\u0103 c\u0103 acestea nu prezint\u0103 \u00eendoiri sau deterior\u0103ri. Verifica\u021bi dac\u0103 traseul este corect pentru a preveni uzura pieselor \u00een mi\u0219care. Dup\u0103 conectare, umple\u021bi sistemul hidraulic cu uleiul recomandat \u0219i elimina\u021bi aerul din sistem pentru a asigura o performan\u021b\u0103 optim\u0103. Dup\u0103 instalare, testa\u021bi cilindrul sub sarcin\u0103 pentru a confirma func\u021bionarea corect\u0103 \u0219i pentru a efectua orice ajust\u0103ri necesare.<\/p>\n<h2>Sarcini comune de \u00eentre\u021binere<\/h2>\n<h3>Inspec\u021bii regulate<\/h3>\n<p>Inspec\u021biile de rutin\u0103 sunt vitale pentru longevitatea cilindrilor hidraulici. C\u0103uta\u021bi semne de uzur\u0103, inclusiv fisuri, umfl\u0103turi sau scurgeri. Depistarea timpurie a problemelor poten\u021biale poate preveni probleme mai semnificative \u0219i perioade de nefunc\u021bionare costisitoare. Efectua\u021bi inspec\u021bii vizuale \u00een mod regulat \u0219i verifica\u021bi detaliile \u00een timpul \u00eentre\u021binerii programate.<\/p>\n<h3>Lubrifiere adecvat\u0103<\/h3>\n<p>Asigura\u021bi-v\u0103 c\u0103 sistemul hidraulic este lubrifiat corespunz\u0103tor pentru a preveni frecarea \u0219i uzura. Verifica\u021bi periodic nivelurile de ulei \u0219i \u00eenlocui\u021bi uleiul conform recomand\u0103rilor produc\u0103torului. Lubrifierea adecvat\u0103 asigur\u0103 o func\u021bionare lin\u0103 \u0219i minimizeaz\u0103 riscul de defec\u021biuni cauzate de componentele uscate.<\/p>\n<h3>\u00cenlocuirea garniturii \u0219i verific\u0103ri ale calibr\u0103rii<\/h3>\n<p>\u00cen timp, garniturile se pot degrada din cauza expunerii la fluidul hidraulic \u0219i la condi\u021biile de mediu. Inspecta\u021bi \u0219i \u00eenlocui\u021bi periodic garniturile, dup\u0103 cum este necesar, pentru a men\u021bine integritatea sistemului. De asemenea, trebuie efectuate verific\u0103ri de calibrare pentru a v\u0103 asigura c\u0103 cilindrul func\u021bioneaz\u0103 \u00een parametrii specifica\u021bi, prevenind problemele opera\u021bionale.<\/p>\n<p><img decoding=\"async\" src=\"https:\/\/www.hydraulic-cylinders.net\/wp-content\/uploads\/2025\/04\/songte-chushion-collar.webp\" alt=\"Guler de pern\u0103\"><\/p>\n<h2>Considera\u021bii de siguran\u021b\u0103<\/h2>\n<p>Atunci c\u00e2nd lucra\u021bi cu cilindri hidraulici, m\u0103surile de siguran\u021b\u0103 sunt primordiale. Asigura\u021bi-v\u0103 c\u0103 tot personalul este instruit \u00een manipularea corect\u0103 a echipamentelor hidraulice \u0219i \u00een\u021belege riscurile asociate. Folosi\u021bi echipament individual de protec\u021bie (EIP) adecvat \u0219i asigura\u021bi-v\u0103 c\u0103 toate caracteristicile de siguran\u021b\u0103 ale echipamentului sunt func\u021bionale. Auditurile regulate de siguran\u021b\u0103 pot ajuta la identificarea pericolelor poten\u021biale \u0219i la asigurarea conformit\u0103\u021bii cu standardele de siguran\u021b\u0103.<\/p>\n<h2>Depanarea problemelor comune<\/h2>\n<ul>\n<li><strong>Scurgere:<\/strong> Verifica\u021bi dac\u0103 garniturile sunt deteriorate sau fitingurile sl\u0103bite ca cauze posibile. \u00cenlocui\u021bi garniturile dup\u0103 cum este necesar \u0219i asigura\u021bi-v\u0103 c\u0103 toate conexiunile sunt str\u00e2nse.<\/li>\n<li><strong>Func\u021bionare lent\u0103:<\/strong> Acest lucru poate indica niveluri sc\u0103zute de lichid hidraulic sau aer blocat \u00een sistem. Asigura\u021bi-v\u0103 c\u0103 a\u021bi completat cu lichid \u0219i aerisi\u021bi sistemul pentru a elimina aerul.<\/li>\n<li><strong>Performan\u021b\u0103 inconsistent\u0103:<\/strong> Fluctua\u021biile de performan\u021b\u0103 pot fi cauzate de contaminarea fluidului hidraulic. Verifica\u021bi \u0219i \u00eenlocui\u021bi periodic fluidul hidraulic pentru a men\u021bine performan\u021ba sistemului.<\/li>\n<\/ul>\n<h2>Sfaturi de depanare<\/h2>\n<p>Pentru a remedia eficient problemele legate de cilindrii hidraulici, \u00eencepe\u021bi prin efectuarea unei inspec\u021bii am\u0103nun\u021bite pentru a identifica problemele vizibile. Pentru scurgeri, verifica\u021bi etan\u0219eitatea \u0219i integritatea tuturor furtunurilor \u0219i fitingurilor. Pentru o func\u021bionare lent\u0103, verifica\u021bi dac\u0103 fluidul hidraulic este la nivelul corespunz\u0103tor \u0219i c\u0103 nu exist\u0103 blocaje \u00een conducte. \u00centre\u021binerea preventiv\u0103 regulat\u0103, inclusiv schimbarea la timp a fluidului \u0219i inspec\u021bia garniturilor, poate reduce la minimum apari\u021bia acestor probleme.<\/p>\n<p><img decoding=\"async\" src=\"https:\/\/www.hydraulic-cylinders.net\/wp-content\/uploads\/2025\/04\/songte-bushings-with-all-kinds-of-excavator-models.webp\" alt=\"Buc\u0219e pentru excavator\"><\/p>\n<h2>Despre compania noastr\u0103<\/h2>\n<p>Suntem un produc\u0103tor important de cilindri hidraulici, specializa\u021bi \u00een producerea de cilindri hidraulici de schimb de \u00eenalt\u0103 calitate pentru diverse utilaje. Cu o gam\u0103 complet\u0103 de produse, ne-am impus ca unul dintre cei mai importan\u021bi produc\u0103tori \u0219i angrosi\u0219ti \u200b\u200bat\u00e2t pe pie\u021bele interne, c\u00e2t \u0219i pe cele interna\u021bionale. Angajamentul nostru fa\u021b\u0103 de excelen\u021b\u0103 este sus\u021binut de un proces sofisticat de fabrica\u021bie care combin\u0103 for\u021b\u0103 de munc\u0103 calificat\u0103, echipamente digitale avansate de fabrica\u021bie \u0219i sisteme stricte de control al calit\u0103\u021bii.<\/p>\n<p>Compania noastr\u0103 se concentreaz\u0103 pe \u00eembun\u0103t\u0103\u021birea capacit\u0103\u021bilor de produc\u021bie prin \u00eembun\u0103t\u0103\u021bire continu\u0103 \u0219i inovare. Prioritiz\u0103m eficien\u021ba ridicat\u0103, precizia \u0219i calitatea \u00een toate produsele noastre, asigur\u00e2ndu-ne c\u0103 satisfacem nevoile diverse ale clien\u021bilor no\u0219tri.<\/p>\n<h3>Expertiz\u0103 profesional\u0103<\/h3>\n<p>Echipa noastr\u0103 este format\u0103 din ingineri \u0219i tehnicieni experimenta\u021bi, dedica\u021bi furniz\u0103rii de solu\u021bii personalizate pentru clien\u021bii no\u0219tri. Oferim servicii personalizate pentru a satisface cerin\u021bele specifice ale cilindrilor hidraulici, asigur\u00e2nd compatibilitate \u0219i performan\u021b\u0103 optim\u0103.<\/p>\n<h3>Certific\u0103ri interna\u021bionale<\/h3>\n<p>Respect\u0103m standardele interna\u021bionale de fabrica\u021bie \u0219i de\u021binem diverse certific\u0103ri care ne valideaz\u0103 angajamentul fa\u021b\u0103 de calitate \u0219i siguran\u021b\u0103. Acest lucru garanteaz\u0103 c\u0103 clien\u021bii no\u0219tri primesc produse fiabile care \u00eendeplinesc standardele industriei globale.<\/p>\n<h3>Echipamente de produc\u021bie<\/h3>\n<p>Facilit\u0103\u021bile noastre de produc\u021bie de ultim\u0103 genera\u021bie sunt dotate cu cea mai recent\u0103 tehnologie pentru a asigura cele mai \u00eenalte standarde de fabrica\u021bie. Acestea includ utilaje automatizate \u0219i scule de precizie care sporesc eficien\u021ba produc\u021biei \u0219i calitatea produselor.<\/p>\n<h3>Serviciu post-v\u00e2nzare<\/h3>\n<p>Oferim clien\u021bilor no\u0219tri asisten\u021b\u0103 complet\u0103 post-v\u00e2nzare, inclusiv asisten\u021b\u0103 pentru service \u0219i \u00eentre\u021binere. Echipa noastr\u0103 dedicat\u0103 de servicii pentru clien\u021bi este disponibil\u0103 pentru a r\u0103spunde solicit\u0103rilor, a oferi asisten\u021b\u0103 tehnic\u0103 \u0219i a asigura satisfac\u021bia clien\u021bilor.<\/p>\n<p><img decoding=\"async\" src=\"https:\/\/www.hydraulic-cylinders.net\/wp-content\/uploads\/2025\/04\/songte-company-4.webp\" alt=\"Imaginea companiei 1\"><br \/>\n<img decoding=\"async\" src=\"https:\/\/www.hydraulic-cylinders.net\/wp-content\/uploads\/2025\/04\/songte-company-3.webp\" alt=\"Imaginea companiei 2\"><\/p>\n<p>Autor: lyl<\/p>","protected":false},"excerpt":{"rendered":"<p>Boom Cylinder For XCMG Large Excavator XE370CA Product Overview The Boom Cylinder for XCMG Large Excavator XE370CA is a specialized hydraulic cylinder designed to manage the movement of the boom on large excavators. This critical component enables the precise lifting, lowering, and tilting of the boom, facilitating a wide range of material handling tasks. Hydraulic [&hellip;]<\/p>","protected":false},"featured_media":17871,"comment_status":"open","ping_status":"closed","template":"","meta":{"_et_pb_use_builder":"","_et_pb_old_content":"","_et_gb_content_width":""},"product_brand":[],"product_cat":[1546],"product_tag":[1547,1496],"class_list":{"0":"post-19200","1":"product","2":"type-product","3":"status-publish","4":"has-post-thumbnail","6":"product_cat-boom-cylinders","7":"product_tag-boom-cylinders","8":"product_tag-hydraulic-cylinders","10":"first","11":"instock","12":"shipping-taxable","13":"product-type-simple"},"amp_enabled":true,"_links":{"self":[{"href":"https:\/\/www.hydraulic-cylinders.net\/ro\/wp-json\/wp\/v2\/product\/19200","targetHints":{"allow":["GET"]}}],"collection":[{"href":"https:\/\/www.hydraulic-cylinders.net\/ro\/wp-json\/wp\/v2\/product"}],"about":[{"href":"https:\/\/www.hydraulic-cylinders.net\/ro\/wp-json\/wp\/v2\/types\/product"}],"replies":[{"embeddable":true,"href":"https:\/\/www.hydraulic-cylinders.net\/ro\/wp-json\/wp\/v2\/comments?post=19200"}],"wp:featuredmedia":[{"embeddable":true,"href":"https:\/\/www.hydraulic-cylinders.net\/ro\/wp-json\/wp\/v2\/media\/17871"}],"wp:attachment":[{"href":"https:\/\/www.hydraulic-cylinders.net\/ro\/wp-json\/wp\/v2\/media?parent=19200"}],"wp:term":[{"taxonomy":"product_brand","embeddable":true,"href":"https:\/\/www.hydraulic-cylinders.net\/ro\/wp-json\/wp\/v2\/product_brand?post=19200"},{"taxonomy":"product_cat","embeddable":true,"href":"https:\/\/www.hydraulic-cylinders.net\/ro\/wp-json\/wp\/v2\/product_cat?post=19200"},{"taxonomy":"product_tag","embeddable":true,"href":"https:\/\/www.hydraulic-cylinders.net\/ro\/wp-json\/wp\/v2\/product_tag?post=19200"}],"curies":[{"name":"wp","href":"https:\/\/api.w.org\/{rel}","templated":true}]}}