{"id":19201,"date":"2025-04-07T06:17:46","date_gmt":"2025-04-07T06:17:46","guid":{"rendered":"https:\/\/www.hydraulic-cylinders.net\/product\/boom-cylinder-for-xcmg-large-excavator-xe490ch\/"},"modified":"2025-04-07T06:17:49","modified_gmt":"2025-04-07T06:17:49","slug":"boom-cylinder-for-xcmg-large-excavator-xe490ch","status":"publish","type":"product","link":"https:\/\/www.hydraulic-cylinders.net\/ro\/produs\/boom-cylinder-for-xcmg-large-excavator-xe490ch\/","title":{"rendered":"Cilindru bra\u021b pentru excavatorul mare XCMG XE490CH"},"content":{"rendered":"<h1>Cilindru bra\u021b pentru excavatorul mare XCMG XE490CH<\/h1>\n<h2>Prezentare general\u0103 a produsului<\/h2>\n<p>Cilindrul bra\u021bului pentru excavatorul mare XCMG XE490CH este un cilindru hidraulic specializat, conceput pentru controlul mi\u0219c\u0103rii bra\u021bului excavatorului. Aceast\u0103 component\u0103 crucial\u0103 joac\u0103 un rol semnificativ \u00een sistemele hidraulice, permi\u021b\u00e2nd utilajelor grele s\u0103 \u00eendeplineasc\u0103 diverse sarcini eficient. Cilindrul bra\u021bului permite excavatorului s\u0103 ridice, s\u0103 coboare \u0219i s\u0103 \u00eencline bra\u021bul, facilit\u00e2nd opera\u021biunile de manipulare a materialelor, cum ar fi s\u0103parea, \u00eenc\u0103rcarea \u0219i mutarea p\u0103m\u00e2ntului sau a resturilor.<\/p>\n<p><img decoding=\"async\" src=\"https:\/\/www.hydraulic-cylinders.net\/wp-content\/uploads\/2025\/04\/songte-company-1.webp\" alt=\"Cilindru de bra\u021b\"><\/p>\n<h3>Defini\u021bia cilindrului cupei<\/h3>\n<p>Un cilindru hidraulic pentru cup\u0103 este un tip de cilindru hidraulic utilizat special pentru a controla mi\u0219carea cupelor \u00een diverse utilaje grele, inclusiv excavatoare, \u00eenc\u0103rc\u0103toare excavatoare \u0219i \u00eenc\u0103rc\u0103toare frontale. Este un element esen\u021bial \u00een sistemele hidraulice, oferind for\u021ba \u0219i controlul necesare pentru a efectua sarcini de s\u0103pat \u0219i manipulare a materialelor. Permi\u021b\u00e2nd mi\u0219c\u0103ri precise ale cupei, cilindrul \u00eembun\u0103t\u0103\u021be\u0219te eficien\u021ba \u0219i productivitatea general\u0103 a ma\u0219inii.<\/p>\n<h2>Caracteristicile cilindrului bra\u021bului<\/h2>\n<ul>\n<li><strong>Rezisten\u021b\u0103 \u0219i durabilitate ridicate:<\/strong> Fabricat din o\u021bel sau aluminiu de \u00eenalt\u0103 rezisten\u021b\u0103, acest cilindru poate rezista la presiuni ridicate \u0219i sarcini grele, fiind potrivit pentru medii de lucru dure. Designul s\u0103u ia \u00een considerare rezisten\u021ba la uzur\u0103 \u0219i la coroziune, ceea ce \u00eei prelunge\u0219te durata de via\u021b\u0103.<\/li>\n<li><strong>Func\u021bionare hidraulic\u0103 eficient\u0103:<\/strong> Utilizeaz\u0103 presiunea uleiului hidraulic pentru a realiza o extensie \u0219i o retragere lin\u0103, r\u0103spunz\u00e2nd rapid la comenzile operatorului, oferind \u00een acela\u0219i timp o for\u021b\u0103 semnificativ\u0103 de \u00eempingere \u0219i tragere, ideal\u0103 pentru manipularea obiectelor grele \u0219i a sarcinilor complexe.<\/li>\n<li><strong>Diverse tipuri:<\/strong> Disponibil cu ac\u021biune simpl\u0103 (folosind presiunea hidraulic\u0103 \u00eentr-o singur\u0103 direc\u021bie) sau cu ac\u021biune dubl\u0103 (folosind presiunea hidraulic\u0103 \u00een ambele direc\u021bii), cilindrul poate fi adaptat pentru a \u00eendeplini cerin\u021be opera\u021bionale specifice. Unele modele sunt telescopice, permi\u021b\u00e2nd o extensie mai mare f\u0103r\u0103 a cre\u0219te dimensiunile exterioare, potrivite pentru aplica\u021bii cu spa\u021biu limitat.<\/li>\n<\/ul>\n<h2>Capacit\u0103\u021bi de produc\u021bie<\/h2>\n<p>Suntem echipa\u021bi pentru a fabrica cilindrul hidraulic al bra\u021bului, asigur\u00e2ndu-ne c\u0103 produsele noastre pot \u00eenlocui perfect cilindrii hidraulici existen\u021bi \u00een diverse aplica\u021bii.<\/p>\n<p><img decoding=\"async\" src=\"https:\/\/www.hydraulic-cylinders.net\/wp-content\/uploads\/2025\/04\/songte-cylinder-head-with-all-kinds-excavator-models.webp\" alt=\"Modele de excavatoare\"><\/p>\n<h2>Scenarii de aplica\u021bii<\/h2>\n<ul>\n<li><strong>Echipamente de construc\u021bii:<\/strong> La excavatoare, cilindrul bra\u021bului este vital pentru s\u0103pare, \u00eenc\u0103rcare \u0219i transportul solului sau al resturilor. Acesta permite cupei s\u0103 p\u0103trund\u0103 eficient \u00een sol, f\u0103c\u00e2nd sarcinile de excavare mai rapide \u0219i mai eficiente.<\/li>\n<li><strong>Ma\u0219ini agricole:<\/strong> Utilizat la \u00eenc\u0103rc\u0103toarele frontale, cilindrul bra\u021bului faciliteaz\u0103 scoaterea, ridicarea \u0219i transportul solului, f\u00e2nului \u0219i altor materiale. Acesta asigur\u0103 o manipulare rapid\u0103 \u0219i eficient\u0103 a materialelor \u00een mediile agricole.<\/li>\n<li><strong>Excavatoare:<\/strong> Cilindrul cupei permite excavatorului s\u0103 sape ad\u00e2nc \u00een sol, oferind for\u021ba necesar\u0103 pentru a str\u0103punge terenuri dificile \u0219i a efectua opera\u021biuni de s\u0103pare semnificative.<\/li>\n<li><strong>\u00cenc\u0103rc\u0103toare:<\/strong> La \u00eenc\u0103rc\u0103toarele frontale, cilindrul bra\u021bului ajut\u0103 la ridicarea \u0219i desc\u0103rcarea eficient\u0103 a \u00eenc\u0103rc\u0103turilor, asigur\u00e2nd c\u0103 materialele pot fi mutate rapid \u0219i cu efort minim.<\/li>\n<\/ul>\n<h2>Considera\u021bii de proiectare \u0219i criterii de selec\u021bie<\/h2>\n<ul>\n<li><strong>Capacitate de \u00eenc\u0103rcare:<\/strong> Proiectarea trebuie s\u0103 ia \u00een considerare sarcina maxim\u0103 la care va fi supus cilindrul. Asigurarea faptului c\u0103 cilindrul poate suporta greutatea a\u0219teptat\u0103 este crucial\u0103 pentru siguran\u021b\u0103 \u0219i performan\u021b\u0103.<\/li>\n<li><strong>Performan\u021ba de etan\u0219are:<\/strong> Etan\u0219area eficient\u0103 este esen\u021bial\u0103 pentru a preveni scurgerile de fluid hidraulic, care pot duce la defec\u021biuni ale sistemului. Etan\u0219\u0103rile de \u00eenalt\u0103 calitate ar trebui s\u0103 reziste la presiune, fluctua\u021bii de temperatur\u0103 \u0219i uzur\u0103 \u00een timp.<\/li>\n<li><strong>Durabilitate:<\/strong> Materialele utilizate la fabricarea cilindrului trebuie s\u0103 fie rezistente la uzur\u0103 \u0219i coroziune, permi\u021b\u00e2ndu-i s\u0103 func\u021bioneze eficient \u00een diverse condi\u021bii de mediu.<\/li>\n<li><strong>Caracteristici de siguran\u021b\u0103:<\/strong> Incorporarea mecanismelor de siguran\u021b\u0103 este vital\u0103 pentru a proteja operatorii \u0219i utilajele de poten\u021bialele pericole \u00een timpul func\u021bion\u0103rii.<\/li>\n<li><strong>Mentenabilitate:<\/strong> Un cilindru hidraulic bine proiectat ar trebui s\u0103 permit\u0103 accesul facil pentru \u00eentre\u021binere \u0219i repara\u021bii, asigur\u00e2nd c\u0103 timpul de nefunc\u021bionare este redus la minimum \u0219i longevitatea este maximizat\u0103.<\/li>\n<\/ul>\n<p><img decoding=\"async\" src=\"https:\/\/www.hydraulic-cylinders.net\/wp-content\/uploads\/2025\/04\/songte-oil-pipes-and-spare-parts.webp\" alt=\"Conducte de petrol \u0219i piese de schimb\"><\/p>\n<h2>Etan\u0219are \u0219i lubrifiere<\/h2>\n<p>Eficien\u021ba unui cilindru hidraulic depinde \u00een mare m\u0103sur\u0103 de sistemele sale de etan\u0219are \u0219i lubrifiere. Diverse etan\u0219\u0103ri, cum ar fi etan\u0219\u0103rile pistonului \u0219i etan\u0219\u0103rile tijei, sunt cruciale \u00een prevenirea scurgerilor de fluid. Alegerea etan\u0219\u0103rilor include adesea materiale durabile, cum ar fi poliuretanul \u0219i cauciucul nitrilic, care ofer\u0103 o rezisten\u021b\u0103 excelent\u0103 la uzur\u0103. \u00cen plus, at\u00e2t corpul cilindrului, c\u00e2t \u0219i suprafe\u021bele filetate ale cap\u0103tului sunt supuse unor prelucr\u0103ri fine pentru a le spori rezisten\u021ba la uzur\u0103. Lubrifierea regulat\u0103 cu ulei hidraulic este esen\u021bial\u0103 pentru a men\u021bine o func\u021bionare lin\u0103 \u0219i a preveni uzura.<\/p>\n<h2>Inspec\u021bie regulat\u0103 \u0219i \u00eentre\u021binere preventiv\u0103<\/h2>\n<ul>\n<li><strong>Inspec\u021bii de rutin\u0103:<\/strong> Implementarea unui program de verific\u0103ri regulate poate ajuta la identificarea poten\u021bialelor probleme \u00eenainte ca acestea s\u0103 se transforme \u00een probleme semnificative. C\u0103uta\u021bi semne de uzur\u0103, scurgeri sau performan\u021be neregulate.<\/li>\n<li><strong>Lubrifiere adecvat\u0103:<\/strong> Asigura\u021bi-v\u0103 c\u0103 cilindrul este lubrifiat corespunz\u0103tor \u00een permanen\u021b\u0103. Acest lucru nu numai c\u0103 ajut\u0103 la o func\u021bionare lin\u0103, dar previne \u0219i uzura excesiv\u0103 a componentelor interne.<\/li>\n<li><strong>\u00cenlocuirea garniturii:<\/strong> \u00cen timp, garniturile se pot degrada \u0219i necesit\u0103 \u00eenlocuire. Verificarea regulat\u0103 \u0219i \u00eenlocuirea prompt\u0103 a garniturilor uzate pot preveni scurgerile \u0219i pot prelungi durata de via\u021b\u0103 a cilindrului.<\/li>\n<\/ul>\n<h2>Instruc\u021biuni de instalare<\/h2>\n<p>Instalarea corect\u0103 a cilindrului bra\u021bului este crucial\u0103 pentru performan\u021ba \u0219i longevitatea acestuia. \u00cencepe\u021bi prin a v\u0103 asigura c\u0103 suporturile de montare sunt aliniate corect \u0219i c\u0103 cilindrul este fixat \u00een siguran\u021b\u0103. \u00cen timpul instal\u0103rii, utiliza\u021bi \u0219aibe adecvate, dac\u0103 este necesar, pentru a ob\u021bine o aliniere corect\u0103. De asemenea, se recomand\u0103 aplicarea de etan\u0219are filetat\u0103 pe zonele filetate pentru a preveni scurgerile. Dup\u0103 instalare, testa\u021bi sistemul hidraulic pentru a v\u0103 asigura c\u0103 nu exist\u0103 scurgeri \u0219i c\u0103 cilindrul func\u021bioneaz\u0103 f\u0103r\u0103 probleme.<\/p>\n<h2>Sarcini de \u00eentre\u021binere<\/h2>\n<ul>\n<li><strong>Inspec\u021bii regulate:<\/strong> Efectuarea unor inspec\u021bii vizuale regulate v\u0103 poate ajuta s\u0103 detecta\u021bi din timp orice probleme poten\u021biale. C\u0103uta\u021bi semne de uzur\u0103, scurgeri sau nealinieri care ar putea afecta performan\u021ba.<\/li>\n<li><strong>Lubrifiere adecvat\u0103:<\/strong> Unge\u021bi cilindrul \u00een mod regulat cu uleiul hidraulic recomandat pentru a asigura o func\u021bionare lin\u0103 \u0219i a reduce uzura. Stabili\u021bi un program de lubrifiere bazat pe frecven\u021ba de utilizare a echipamentului.<\/li>\n<li><strong>\u00cenlocuirea garniturii:<\/strong> Verifica\u021bi periodic garniturile pentru semne de uzur\u0103 sau deteriorare. \u00cenlocuirea garniturilor atunci c\u00e2nd este necesar este crucial\u0103 pentru men\u021binerea integrit\u0103\u021bii \u0219i func\u021bion\u0103rii sistemului hidraulic.<\/li>\n<\/ul>\n<h2>Considera\u021bii de siguran\u021b\u0103 \u0219i factori de mediu<\/h2>\n<p>M\u0103surile de siguran\u021b\u0103 sunt primordiale atunci c\u00e2nd se opereaz\u0103 echipamente hidraulice. Asigurarea faptului c\u0103 operatorii sunt instrui\u021bi cu privire la procedurile de operare \u00een siguran\u021b\u0103 \u0219i c\u0103 toate caracteristicile de siguran\u021b\u0103 sunt func\u021bionale ajut\u0103 la minimizarea riscurilor. \u00cen plus, luarea \u00een considerare a factorilor de mediu, cum ar fi expunerea la temperaturi extreme, umiditate \u0219i substan\u021be corozive, este esen\u021bial\u0103 pentru longevitatea cilindrilor hidraulici.<\/p>\n<h2>Depanare \u0219i probleme frecvente<\/h2>\n<ul>\n<li><strong>Scurgere:<\/strong> Una dintre cele mai frecvente probleme este scurgerea de fluid hidraulic, adesea cauzat\u0103 de garnituri uzate. Verific\u0103rile regulate \u0219i \u00eenlocuirile la timp sunt esen\u021biale.<\/li>\n<li><strong>Performan\u021b\u0103 slab\u0103:<\/strong> Dac\u0103 cilindrul nu r\u0103spunde corect, acest lucru poate indica o problem\u0103 cu nivelurile fluidului hidraulic sau blocaje \u00een sistem.<\/li>\n<li><strong>Supra\u00eenc\u0103lzire:<\/strong> C\u0103ldura excesiv\u0103 poate duce la defectarea fluidului. Asigura\u021bi-v\u0103 c\u0103 exist\u0103 sisteme de r\u0103cire adecvate \u0219i c\u0103 fluidul hidraulic este schimbat periodic pentru a evita supra\u00eenc\u0103lzirea.<\/li>\n<\/ul>\n<h2>Sfaturi pentru gestionarea defec\u021biunilor<\/h2>\n<p>Pentru o diagnosticare \u0219i o rezolvare eficient\u0103 a problemelor, \u021bine\u021bi o eviden\u021b\u0103 a oric\u0103ror modific\u0103ri ale performan\u021bei \u0219i urma\u021bi un proces de evaluare consecvent. Implementa\u021bi m\u0103suri preventive, cum ar fi verific\u0103ri regulate de \u00eentre\u021binere \u0219i instruirea operatorilor, pentru a reduce la minimum apari\u021bia problemelor. Dac\u0103 apar probleme, consulta\u021bi un tehnician calificat pentru o diagnosticare \u0219i solu\u021bii precise.<\/p>\n<p><img decoding=\"async\" src=\"https:\/\/www.hydraulic-cylinders.net\/wp-content\/uploads\/2025\/04\/songte-bushings-with-all-kinds-of-excavator-models.webp\" alt=\"Buc\u0219e cu modele de excavatoare\"><\/p>\n<h2>Prezentare general\u0103 a companiei<\/h2>\n<p>Suntem un produc\u0103tor important de cilindri hidraulici de schimb, oferind o gam\u0103 complet\u0103 de produse. Compania noastr\u0103 s-a impus ca unul dintre cei mai importan\u021bi produc\u0103tori \u0219i distribuitori at\u00e2t pe pie\u021bele interne, c\u00e2t \u0219i pe cele interna\u021bionale. Ader\u0103m la excelen\u021b\u0103 \u00een calitate, valorific\u00e2nd o strategie rafinat\u0103 de management al produc\u021biei care pune accent pe fabrica\u021bia industrial\u0103. For\u021ba noastr\u0103 de munc\u0103 calificat\u0103, echipamentele avansate de fabrica\u021bie \u0219i sistemele profesionale de testare ne \u00eembun\u0103t\u0103\u021besc continuu capacit\u0103\u021bile de produc\u021bie. Ne concentr\u0103m pe eficien\u021b\u0103 ridicat\u0103, precizie \u0219i calitate pentru a satisface nevoile diverse ale clien\u021bilor.<\/p>\n<p><img decoding=\"async\" src=\"https:\/\/www.hydraulic-cylinders.net\/wp-content\/uploads\/2025\/04\/songte-company-4.webp\" alt=\"Prezentare general\u0103 a companiei 1\"><br \/>\n<img decoding=\"async\" src=\"https:\/\/www.hydraulic-cylinders.net\/wp-content\/uploads\/2025\/04\/songte-company-3.webp\" alt=\"Prezentare general\u0103 a companiei 2\"><\/p>\n<p>Autor: lyl<\/p>","protected":false},"excerpt":{"rendered":"<p>Boom Cylinder For XCMG Large Excavator XE490CH Product Overview The Boom Cylinder for XCMG Large Excavator XE490CH is a specialized hydraulic cylinder designed for controlling the motion of the excavator&#8217;s boom. This crucial component plays a significant role in hydraulic systems, enabling heavy machinery to perform various tasks efficiently. The boom cylinder allows the excavator [&hellip;]<\/p>","protected":false},"featured_media":17872,"comment_status":"open","ping_status":"closed","template":"","meta":{"_et_pb_use_builder":"","_et_pb_old_content":"","_et_gb_content_width":""},"product_brand":[],"product_cat":[1546],"product_tag":[1547,1496],"class_list":{"0":"post-19201","1":"product","2":"type-product","3":"status-publish","4":"has-post-thumbnail","6":"product_cat-boom-cylinders","7":"product_tag-boom-cylinders","8":"product_tag-hydraulic-cylinders","10":"first","11":"instock","12":"shipping-taxable","13":"product-type-simple"},"amp_enabled":true,"_links":{"self":[{"href":"https:\/\/www.hydraulic-cylinders.net\/ro\/wp-json\/wp\/v2\/product\/19201","targetHints":{"allow":["GET"]}}],"collection":[{"href":"https:\/\/www.hydraulic-cylinders.net\/ro\/wp-json\/wp\/v2\/product"}],"about":[{"href":"https:\/\/www.hydraulic-cylinders.net\/ro\/wp-json\/wp\/v2\/types\/product"}],"replies":[{"embeddable":true,"href":"https:\/\/www.hydraulic-cylinders.net\/ro\/wp-json\/wp\/v2\/comments?post=19201"}],"wp:featuredmedia":[{"embeddable":true,"href":"https:\/\/www.hydraulic-cylinders.net\/ro\/wp-json\/wp\/v2\/media\/17872"}],"wp:attachment":[{"href":"https:\/\/www.hydraulic-cylinders.net\/ro\/wp-json\/wp\/v2\/media?parent=19201"}],"wp:term":[{"taxonomy":"product_brand","embeddable":true,"href":"https:\/\/www.hydraulic-cylinders.net\/ro\/wp-json\/wp\/v2\/product_brand?post=19201"},{"taxonomy":"product_cat","embeddable":true,"href":"https:\/\/www.hydraulic-cylinders.net\/ro\/wp-json\/wp\/v2\/product_cat?post=19201"},{"taxonomy":"product_tag","embeddable":true,"href":"https:\/\/www.hydraulic-cylinders.net\/ro\/wp-json\/wp\/v2\/product_tag?post=19201"}],"curies":[{"name":"wp","href":"https:\/\/api.w.org\/{rel}","templated":true}]}}