{"id":19204,"date":"2025-04-07T06:18:01","date_gmt":"2025-04-07T06:18:01","guid":{"rendered":"https:\/\/www.hydraulic-cylinders.net\/product\/boom-cylinder-for-xcmg-large-excavator-xe470c\/"},"modified":"2025-04-07T06:18:03","modified_gmt":"2025-04-07T06:18:03","slug":"boom-cylinder-for-xcmg-large-excavator-xe470c","status":"publish","type":"product","link":"https:\/\/www.hydraulic-cylinders.net\/ro\/produs\/boom-cylinder-for-xcmg-large-excavator-xe470c\/","title":{"rendered":"Cilindru de bra\u021b pentru excavatorul mare XCMG XE470C"},"content":{"rendered":"<h1>Cilindru de bra\u021b pentru excavatorul mare XCMG XE470C<\/h1>\n<h2>Introducere \u00een cilindrul bra\u021bului<\/h2>\n<p>Cilindrul bra\u021bului este o component\u0103 esen\u021bial\u0103 \u00een utilajele grele, proiectat special pentru excavatoare mari, cum ar fi XCMG XE470C. Acest cilindru hidraulic este conceput pentru a controla mi\u0219carea bra\u021bului excavatorului, permi\u021b\u00e2ndu-i ridicarea, cobor\u00e2rea \u0219i \u00eenclinarea eficient\u0103. Func\u021bionalitatea cilindrului bra\u021bului este esen\u021bial\u0103 pentru func\u021bionarea utilajelor grele \u00een diverse aplica\u021bii, facilit\u00e2nd sarcini precum s\u0103parea, ridicarea \u0219i mutarea materialelor.<\/p>\n<p><img decoding=\"async\" src=\"https:\/\/www.hydraulic-cylinders.net\/wp-content\/uploads\/2025\/04\/songte-company-1.webp\" alt=\"Imaginea cilindrului bra\u021bului\"><\/p>\n<h3>Defini\u021bie \u0219i prezentare general\u0103<\/h3>\n<p>Un cilindru hidraulic pentru bra\u021b este un tip de cilindru hidraulic utilizat \u00een mod special \u00een medii controlate, \u00eent\u00e2lnit la echipamente grele, cum ar fi excavatoarele, \u00eenc\u0103rc\u0103toarele cu buldoexcavator \u0219i \u00eenc\u0103rc\u0103toare frontale. Ace\u0219ti cilindri sunt vitali pentru sarcini eficiente de manipulare a materialelor, permi\u021b\u00e2nd excavarea \u0219i transportul murd\u0103riei \u0219i resturilor. Sistemul hidraulic utilizeaz\u0103 fluid sub presiune pentru a crea o mi\u0219care liniar\u0103, fiind indispensabil pentru ridicarea de sarcini grele \u0219i mi\u0219c\u0103rile precise.<\/p>\n<h2>Caracteristicile cilindrului bra\u021bului<\/h2>\n<ul>\n<li><strong>Rezisten\u021b\u0103 \u0219i durabilitate ridicate:<\/strong> Fabricate din o\u021bel sau aluminiu de \u00eenalt\u0103 rezisten\u021b\u0103, capabile s\u0103 reziste la presiuni ridicate \u0219i sarcini grele, concepute pentru a rezista la condi\u021bii dure de lucru, sporind \u00een acela\u0219i timp durata de via\u021b\u0103 prin rezisten\u021ba la uzur\u0103 \u0219i coroziune.<\/li>\n<li><strong>Func\u021bionare hidraulic\u0103 eficient\u0103:<\/strong> Utilizeaz\u0103 presiunea uleiului hidraulic pentru o extensie \u0219i retragere lin\u0103, oferind un r\u0103spuns rapid la comenzile operatorului \u0219i furniz\u00e2nd o for\u021b\u0103 substan\u021bial\u0103 de \u00eempingere \u0219i tragere, potrivit\u0103 pentru sarcini grele \u0219i complexe.<\/li>\n<li><strong>Diverse tipuri:<\/strong> Disponibile \u00een configura\u021bii cu ac\u021biune simpl\u0103 (func\u021bion\u00e2nd \u00eentr-o singur\u0103 direc\u021bie) sau cu ac\u021biune dubl\u0103 (func\u021bion\u00e2nd \u00een ambele direc\u021bii), unele modele prezint\u0103 un design telescopic pentru o extensie mai mare f\u0103r\u0103 a cre\u0219te dimensiunile exterioare, avantajos pentru spa\u021biile restr\u00e2nse.<\/li>\n<li><strong>Compatibilitate:<\/strong> Cilindrii no\u0219tri pentru bra\u021b sunt concepu\u021bi pentru a fi \u00eenlocuitori perfec\u021bi pentru diverse modele de cilindri hidraulici, asigur\u00e2nd o integrare \u0219i o func\u021bionalitate f\u0103r\u0103 probleme.<\/li>\n<li><strong>Op\u021biuni personalizabile:<\/strong> Oferim solu\u021bii personalizate pentru a satisface nevoile opera\u021bionale specifice, asigur\u00e2nd potrivirea perfect\u0103 pentru orice aplica\u021bie de utilaje grele.<\/li>\n<\/ul>\n<p><img decoding=\"async\" src=\"https:\/\/www.hydraulic-cylinders.net\/wp-content\/uploads\/2025\/04\/songte-cylinder-head-with-all-kinds-excavator-models.webp\" alt=\"Imagine de compatibilitate a cilindrului bra\u021bului\"><\/p>\n<h2>Aplica\u021bii ale cilindrului bra\u021bului<\/h2>\n<h3>Echipamente de construc\u021bii<\/h3>\n<p>\u00cen excavatoare, cilindrii bra\u021bului joac\u0103 un rol crucial \u00een s\u0103parea, \u00eenc\u0103rcarea \u0219i mutarea solului sau a resturilor. Capacitatea bra\u021bului de a se extinde \u0219i retrage permite operatorilor s\u0103 ating\u0103 eficient diferite ad\u00e2ncimi \u0219i \u00een\u0103l\u021bimi. \u00cen plus, \u00een cazul \u00eenc\u0103rc\u0103toarelor basculante, cilindrul bra\u021bului ajut\u0103 nu numai la excavare, ci \u0219i la ridicarea cupei pentru a \u00eenc\u0103rca materiale pe camioane sau benzi transportoare, optimiz\u00e2nd astfel fluxul de lucru pe \u0219antierele de construc\u021bii.<\/p>\n<h3>Ma\u0219ini agricole<\/h3>\n<p>\u00cen cazul \u00eenc\u0103rc\u0103toarelor frontale, cilindrii bra\u021bului sunt utiliza\u021bi pentru a scoate, ridica \u0219i transporta solul, f\u00e2nul \u0219i alte materiale. Sistemul hidraulic permite fermierilor s\u0103 manipuleze cu u\u0219urin\u021b\u0103 materialele vrac, \u00eembun\u0103t\u0103\u021bind productivitatea \u00een timpul sezoanelor de plantare \u0219i recoltare. Precizia \u0219i puterea oferite de cilindrul bra\u021bului sunt esen\u021biale pentru o munc\u0103 eficient\u0103 pe teren \u0219i o gestionare eficient\u0103 a resurselor.<\/p>\n<h3>Excavatoare<\/h3>\n<p>La excavatoare, cilindrul bra\u021bului permite ac\u021biunea de s\u0103pare, permi\u021b\u00e2nd cupei s\u0103 p\u0103trund\u0103 eficient \u00een sol. Aceast\u0103 capacitate de penetrare este vital\u0103 pentru diferite tipuri de sarcini de excavare, de la s\u0103parea de \u0219an\u021buri p\u00e2n\u0103 la preg\u0103tirea \u0219antierului. Puterea hidraulic\u0103 asigur\u0103 c\u0103 cupa poate ajunge ad\u00e2nc \u00een sol, men\u021bin\u00e2nd \u00een acela\u0219i timp stabilitatea \u0219i controlul.<\/p>\n<h3>\u00cenc\u0103rc\u0103toare<\/h3>\n<p>La \u00eenc\u0103rc\u0103toarele frontale, cilindrii bra\u021bului ajut\u0103 la ridicarea \u0219i desc\u0103rcarea eficient\u0103 a sarcinilor. Capacitatea de a controla unghiul \u0219i \u00een\u0103l\u021bimea cupei este esen\u021bial\u0103 pentru manipularea eficient\u0103 a materialelor, permi\u021b\u00e2nd operatorilor s\u0103 maximizeze productivitatea, reduc\u00e2nd \u00een acela\u0219i timp efortul \u0219i timpul petrecut pentru fiecare sarcin\u0103.<\/p>\n<h2>Considera\u021bii de proiectare \u0219i criterii de selec\u021bie<\/h2>\n<h3>Capacitate de \u00eenc\u0103rcare<\/h3>\n<p>Capacitatea de \u00eenc\u0103rcare a cilindrului bra\u021bului este o considera\u021bie principal\u0103 de proiectare. Acesta trebuie s\u0103 fie capabil s\u0103 suporte greutatea maxim\u0103 a materialelor mutate f\u0103r\u0103 risc de defec\u021biune. Ingineria din spatele capacit\u0103\u021bii de \u00eenc\u0103rcare implic\u0103 teste riguroase \u0219i selec\u021bia unor materiale robuste pentru a asigura fiabilitatea sub solicit\u0103ri.<\/p>\n<h3>Integritatea etan\u0219\u0103rii<\/h3>\n<p>Etan\u0219area este vital\u0103 pentru men\u021binerea presiunii \u00een sistemul hidraulic. Etan\u0219\u0103rile adecvate previn scurgerile \u0219i asigur\u0103 o func\u021bionare eficient\u0103. Utilizarea materialelor \u0219i designurilor de etan\u0219are de \u00eenalt\u0103 calitate minimizeaz\u0103 uzura, prelungind durata de via\u021b\u0103 a cilindrului hidraulic.<\/p>\n<h3>Durabilitate<\/h3>\n<p>Durabilitatea este un factor critic, \u00een special \u00een medii dure. Cilindrii bra\u021bului trebuie proiecta\u021bi s\u0103 reziste nu numai greut\u0103\u021bii sarcinilor, ci \u0219i provoc\u0103rilor de mediu, cum ar fi praful, umezeala \u0219i varia\u021biile de temperatur\u0103. Acoperirile \u0219i tratamentele avansate sporesc rezisten\u021ba la uzur\u0103 \u0219i coroziune.<\/p>\n<h3>Caracteristici de siguran\u021b\u0103<\/h3>\n<p>Siguran\u021ba este primordial\u0103 \u00een proiectarea cilindrilor hidraulici. Incorporarea de caracteristici precum supapele de suprapresiune \u0219i senzorii de suprasarcin\u0103 poate preveni accidentele \u0219i deteriorarea echipamentelor. Aceste m\u0103suri de siguran\u021b\u0103 sunt esen\u021biale pentru protejarea operatorilor \u0219i asigurarea longevit\u0103\u021bii utilajelor.<\/p>\n<h3>Accesibilitate pentru \u00eentre\u021binere<\/h3>\n<p>Proiectarea pentru accesibilitate la \u00eentre\u021binere asigur\u0103 c\u0103 operatorii pot efectua verific\u0103ri \u0219i repara\u021bii de rutin\u0103 f\u0103r\u0103 dezasambl\u0103ri ample. Acest lucru este crucial pentru minimizarea timpilor de nefunc\u021bionare \u0219i men\u021binerea eficien\u021bei opera\u021bionale. Accesul facil la componentele critice poate reduce semnificativ costurile de \u00eentre\u021binere \u0219i timpul de manoper\u0103.<\/p>\n<p><img decoding=\"async\" src=\"https:\/\/www.hydraulic-cylinders.net\/wp-content\/uploads\/2025\/04\/songte-oil-pipes-and-spare-parts.webp\" alt=\"Imaginea componentelor hidraulice\"><\/p>\n<h2>Etan\u0219are \u0219i lubrifiere<\/h2>\n<p>Integritatea sistemelor hidraulice depinde de etan\u0219area \u0219i lubrifierea eficiente. Diverse etan\u0219\u0103ri, inclusiv etan\u0219\u0103rile pistonului \u0219i etan\u0219\u0103rile tijei, sunt esen\u021biale pentru prevenirea scurgerilor de fluid. Materiale precum poliuretanul \u0219i cauciucul nitrilic sunt utilizate \u00een mod obi\u0219nuit pentru durabilitatea \u0219i rezisten\u021ba lor la uzur\u0103. Corpul cilindrului \u0219i capetele filetate sunt supuse unor prelucr\u0103ri precise pentru a spori durabilitatea \u0219i performan\u021ba. Lubrifierea regulat\u0103 cu ulei hidraulic este necesar\u0103 pentru a men\u021bine eficien\u021ba sistemului hidraulic \u0219i a prelungi durata de via\u021b\u0103 a componentelor.<\/p>\n<h2>M\u0103suri de \u00eentre\u021binere preventiv\u0103<\/h2>\n<ul>\n<li><strong>Inspec\u021bii regulate:<\/strong> Efectua\u021bi inspec\u021bii de rutin\u0103 pentru a identifica poten\u021bialele probleme \u00eenainte ca acestea s\u0103 se agraveze. C\u0103uta\u021bi semne de uzur\u0103, scurgeri \u0219i verifica\u021bi performan\u021ba cilindrului.<\/li>\n<li><strong>Lubrifiere adecvat\u0103:<\/strong> Asigura\u021bi-v\u0103 c\u0103 uleiul hidraulic este completat \u00een mod regulat \u0219i c\u0103 uleiul este adecvat condi\u021biilor de func\u021bionare. Acest lucru previne supra\u00eenc\u0103lzirea \u0219i uzura.<\/li>\n<li><strong>\u00cenlocuirea garniturii:<\/strong> Verifica\u021bi \u0219i \u00eenlocui\u021bi periodic garniturile pentru a men\u021bine integritatea \u0219i a preveni scurgerile, asigur\u00e2nd performan\u021be hidraulice optime.<\/li>\n<\/ul>\n<h2>Instruc\u021biuni de instalare pentru cilindrul bra\u021bului<\/h2>\n<p>Instalarea corect\u0103 a cilindrului bra\u021bului este crucial\u0103 pentru eficien\u021b\u0103 \u0219i siguran\u021b\u0103 maxime. \u00cencepe\u021bi prin a v\u0103 asigura c\u0103 zona de lucru este liber\u0103 \u0219i echipamentul este stabil. Alinia\u021bi cilindrul hidraulic cu precizie cu punctele de montare; alinierea necorespunz\u0103toare poate duce la uzur\u0103 prematur\u0103. Folosi\u021bi console de montare adecvate pentru a fixa cilindrul. Asigura\u021bi-v\u0103 c\u0103 toate conductele hidraulice sunt conectate corect, evit\u00e2nd orice \u00eendoituri sau fisuri. Dup\u0103 instalare, aerisi\u021bi sistemul hidraulic pentru a elimina aerul \u0219i verifica\u021bi dac\u0103 exist\u0103 scurgeri \u00eenainte de a utiliza utilajul.<\/p>\n<h2>Sarcini comune de \u00eentre\u021binere<\/h2>\n<ul>\n<li><strong>Verific\u0103ri regulate:<\/strong> Programa\u021bi verific\u0103ri de rutin\u0103 pentru a monitoriza starea general\u0103 a cilindrului bra\u021bului. Concentra\u021bi-v\u0103 pe inspec\u021bia pentru scurgeri \u0219i probleme de performan\u021b\u0103.<\/li>\n<li><strong>Lubrifiere adecvat\u0103:<\/strong> Lubrifierea adecvat\u0103 este esen\u021bial\u0103 pentru reducerea frec\u0103rii \u0219i a uzurii. Asigura\u021bi-v\u0103 c\u0103 uleiul hidraulic este men\u021binut la nivelurile recomandate.<\/li>\n<li><strong>\u00cenlocuirea garniturii:<\/strong> Monitoriza\u021bi starea garniturilor de etan\u0219are, \u00eenlocuindu-le dup\u0103 cum este necesar pentru a men\u021bine integritatea \u0219i func\u021bionalitatea sistemului.<\/li>\n<\/ul>\n<p>Instalarea, lubrifierea \u0219i reglarea corect\u0103 sunt esen\u021biale pentru longevitatea \u0219i eficien\u021ba cilindrului bra\u021bului. \u00cen timpul instal\u0103rii, asigura\u021bi-v\u0103 c\u0103 cilindrul este aliniat corect pentru a evita problemele de nealiniere. Se recomand\u0103 utilizarea suporturilor de instalare adecvate pentru a fixa cilindrul \u00een timpul func\u021bion\u0103rii. Trebuie implementate proceduri regulate de monitorizare, reparare \u0219i \u00eenlocuire pentru a men\u021bine func\u021bionalitatea optim\u0103. Implementarea acestor strategii poate cre\u0219te semnificativ durata de via\u021b\u0103 a componentelor hidraulice.<\/p>\n<p><img decoding=\"async\" src=\"https:\/\/www.hydraulic-cylinders.net\/wp-content\/uploads\/2025\/04\/songte-chushion-collar.webp\" alt=\"Imagine cu guler de pern\u0103\"><\/p>\n<h2>Considera\u021bii de siguran\u021b\u0103 \u0219i factori de mediu<\/h2>\n<p>Implementarea m\u0103surilor de siguran\u021b\u0103 la utilizarea cilindrilor hidraulici este esen\u021bial\u0103 pentru a preveni accidentele \u0219i deteriorarea echipamentelor. Operatorii trebuie s\u0103 fie instrui\u021bi \u00een recunoa\u0219terea pericolelor poten\u021biale asociate cu sistemele hidraulice. \u00cen timpul func\u021bion\u0103rii \u0219i \u00eentre\u021binerii, trebuie purtat echipament individual de protec\u021bie (EIP) adecvat. Factorii de mediu, cum ar fi expunerea la temperaturi extreme sau substan\u021be corozive, trebuie, de asemenea, lua\u021bi \u00een considerare la proiectarea \u0219i func\u021bionarea cilindrilor bra\u021bului pentru a asigura longevitatea \u0219i performan\u021ba acestora.<\/p>\n<h2>Diagnosticarea defec\u021biunilor \u0219i probleme frecvente<\/h2>\n<ul>\n<li><strong>Scurgere:<\/strong> Scurgerile pot ap\u0103rea din cauza garniturilor uzate sau a furtunurilor deteriorate. Inspec\u021biile regulate sunt cruciale pentru a identifica \u0219i rectifica prompt aceste probleme.<\/li>\n<li><strong>Pierdere de presiune:<\/strong> Presiunea hidraulic\u0103 insuficient\u0103 poate duce la performan\u021be sub ac\u021biune. Verifica\u021bi dac\u0103 exist\u0103 blocaje sau scurgeri \u00een conductele hidraulice.<\/li>\n<li><strong>R\u0103spuns lent:<\/strong> Un r\u0103spuns \u00eent\u00e2rziat de la cilindrul bra\u021bului poate indica niveluri sc\u0103zute de lichid hidraulic sau probleme la pompa hidraulic\u0103.<\/li>\n<\/ul>\n<h2>Sfaturi de depanare<\/h2>\n<p>Diagnosticarea \u0219i rezolvarea eficient\u0103 a defec\u021biunilor sunt esen\u021biale pentru men\u021binerea eficien\u021bei opera\u021bionale. \u00cen cazul scurgerilor, evalua\u021bi integritatea etan\u0219\u0103rilor \u0219i \u00eenlocui\u021bi-le dup\u0103 cum este necesar. Dac\u0103 se detecteaz\u0103 o pierdere de presiune, inspecta\u021bi sistemul hidraulic pentru blocaje sau scurgeri \u0219i remedia\u021bi-le imediat. \u00cen cazul unui r\u0103spuns lent, asigura\u021bi-v\u0103 c\u0103 fluidul hidraulic este umplut la nivelurile corespunz\u0103toare \u0219i verifica\u021bi func\u021bionalitatea pompei. Implementarea unor m\u0103suri preventive, cum ar fi \u00eentre\u021binerea \u0219i inspec\u021biile de rutin\u0103, poate minimiza poten\u021bialele probleme \u0219i poate spori durabilitatea sistemelor hidraulice.<\/p>\n<p><img decoding=\"async\" src=\"https:\/\/www.hydraulic-cylinders.net\/wp-content\/uploads\/2025\/04\/songte-bushings-with-all-kinds-of-excavator-models.webp\" alt=\"Imagine buc\u0219e\"><\/p>\n<h2>Despre compania noastr\u0103<\/h2>\n<p>Suntem un produc\u0103tor important de cilindri hidraulici de schimb, oferind o gam\u0103 larg\u0103 de produse care ne pozi\u021bioneaz\u0103 printre cei mai importan\u021bi produc\u0103tori \u0219i angrosi\u0219ti \u200b\u200bat\u00e2t pe pie\u021bele interne, c\u00e2t \u0219i interna\u021bionale. Angajamentul nostru fa\u021b\u0103 de excelen\u021b\u0103 \u0219i strategiile de management al produc\u021biei garanteaz\u0103 o produc\u021bie de \u00eenalt\u0103 calitate. Prin valorificarea tehnicienilor califica\u021bi, a echipamentelor digitale avansate de produc\u021bie \u0219i a sistemelor profesionale de testare, ne \u00eembun\u0103t\u0103\u021bim continuu platforma de produc\u021bie, respect\u00e2nd \u00een acela\u0219i timp standarde ridicate de eficien\u021b\u0103, precizie \u0219i calitate pentru a satisface diversele nevoi ale clien\u021bilor.<\/p>\n<p><img decoding=\"async\" src=\"https:\/\/www.hydraulic-cylinders.net\/wp-content\/uploads\/2025\/04\/songte-company-4.webp\" alt=\"Imaginea companiei 1\"><br \/>\n<img decoding=\"async\" src=\"https:\/\/www.hydraulic-cylinders.net\/wp-content\/uploads\/2025\/04\/songte-company-3.webp\" alt=\"Imaginea companiei 2\"><\/p>\n<p>Expertiza noastr\u0103 se extinde \u00een diverse domenii, inclusiv specializare, certific\u0103ri interna\u021bionale, servicii personalizate, echipamente de produc\u021bie de ultim\u0103 genera\u021bie \u0219i asisten\u021b\u0103 complet\u0103 post-v\u00e2nzare.<\/p>\n<p>Autor: lyl<\/p>","protected":false},"excerpt":{"rendered":"<p>Boom Cylinder For XCMG Large Excavator XE470C Introduction to Boom Cylinder The Boom Cylinder is a pivotal component in heavy machinery, specifically engineered for large excavators such as the XCMG XE470C. This hydraulic cylinder is designed to control the movement of the excavator&#8217;s boom, allowing it to lift, lower, and tilt effectively. The functionality of [&hellip;]<\/p>","protected":false},"featured_media":17875,"comment_status":"open","ping_status":"closed","template":"","meta":{"_et_pb_use_builder":"","_et_pb_old_content":"","_et_gb_content_width":""},"product_brand":[],"product_cat":[1546],"product_tag":[1547,1496],"class_list":{"0":"post-19204","1":"product","2":"type-product","3":"status-publish","4":"has-post-thumbnail","6":"product_cat-boom-cylinders","7":"product_tag-boom-cylinders","8":"product_tag-hydraulic-cylinders","10":"first","11":"instock","12":"shipping-taxable","13":"product-type-simple"},"amp_enabled":true,"_links":{"self":[{"href":"https:\/\/www.hydraulic-cylinders.net\/ro\/wp-json\/wp\/v2\/product\/19204","targetHints":{"allow":["GET"]}}],"collection":[{"href":"https:\/\/www.hydraulic-cylinders.net\/ro\/wp-json\/wp\/v2\/product"}],"about":[{"href":"https:\/\/www.hydraulic-cylinders.net\/ro\/wp-json\/wp\/v2\/types\/product"}],"replies":[{"embeddable":true,"href":"https:\/\/www.hydraulic-cylinders.net\/ro\/wp-json\/wp\/v2\/comments?post=19204"}],"wp:featuredmedia":[{"embeddable":true,"href":"https:\/\/www.hydraulic-cylinders.net\/ro\/wp-json\/wp\/v2\/media\/17875"}],"wp:attachment":[{"href":"https:\/\/www.hydraulic-cylinders.net\/ro\/wp-json\/wp\/v2\/media?parent=19204"}],"wp:term":[{"taxonomy":"product_brand","embeddable":true,"href":"https:\/\/www.hydraulic-cylinders.net\/ro\/wp-json\/wp\/v2\/product_brand?post=19204"},{"taxonomy":"product_cat","embeddable":true,"href":"https:\/\/www.hydraulic-cylinders.net\/ro\/wp-json\/wp\/v2\/product_cat?post=19204"},{"taxonomy":"product_tag","embeddable":true,"href":"https:\/\/www.hydraulic-cylinders.net\/ro\/wp-json\/wp\/v2\/product_tag?post=19204"}],"curies":[{"name":"wp","href":"https:\/\/api.w.org\/{rel}","templated":true}]}}