{"id":19209,"date":"2025-04-07T06:18:16","date_gmt":"2025-04-07T06:18:16","guid":{"rendered":"https:\/\/www.hydraulic-cylinders.net\/product\/boom-cylinder-for-xcmg-wheel-excavator-xe210w\/"},"modified":"2025-04-07T06:18:18","modified_gmt":"2025-04-07T06:18:18","slug":"boom-cylinder-for-xcmg-wheel-excavator-xe210w","status":"publish","type":"product","link":"https:\/\/www.hydraulic-cylinders.net\/ro\/produs\/boom-cylinder-for-xcmg-wheel-excavator-xe210w\/","title":{"rendered":"Cilindru bra\u021b pentru excavatorul pe ro\u021bi XCMG XE210w"},"content":{"rendered":"<h1>Cilindru bra\u021b pentru excavatorul pe ro\u021bi XCMG XE210w<\/h1>\n<h2>Prezentare general\u0103 a produsului<\/h2>\n<p>Cilindrul bra\u021bului pentru excavatorul pe ro\u021bi XCMG XE210w este o component\u0103 critic\u0103 conceput\u0103 pentru a controla mi\u0219carea bra\u021bului excavatoarelor. Acest tip de cilindru hidraulic joac\u0103 un rol esen\u021bial \u00een permiterea utilajelor grele s\u0103 \u00eendeplineasc\u0103 diverse sarcini eficient. Mai exact, cilindrul bra\u021bului permite ridicarea, cobor\u00e2rea \u0219i \u00eenclinarea bra\u021bului, facilit\u00e2nd sarcinile de manipulare a materialelor, cum ar fi s\u0103parea, ridicarea \u0219i transportul materialelor.<\/p>\n<p><img decoding=\"async\" src=\"https:\/\/www.hydraulic-cylinders.net\/wp-content\/uploads\/2025\/04\/songte-company-1.webp\" alt=\"Imaginea cilindrului bra\u021bului\"><\/p>\n<h3>Defini\u021bia \u0219i prezentarea general\u0103 a cilindrilor bra\u021bului<\/h3>\n<p>Cilindrii bra\u021bului sunt cilindri hidraulici special concepu\u021bi pentru controlul mi\u0219c\u0103rii bra\u021bului \u00een echipamente grele, inclusiv excavatoare, excavatoare \u0219i \u00eenc\u0103rc\u0103toare frontale. Ace\u0219ti cilindri sunt vitali pentru a permite bra\u021bului s\u0103 se deplaseze \u00een diferite direc\u021bii, permi\u021b\u00e2nd operatorilor s\u0103 efectueze sarcini precum excavarea terenului, \u00eenc\u0103rcarea molozului \u0219i ridicarea sarcinilor grele. Capacitatea sistemului hidraulic de a exercita presiune se traduce \u00eentr-o capacitate opera\u021bional\u0103 eficient\u0103, f\u0103c\u00e2nd din ace\u0219ti cilindri o piatr\u0103 de temelie a utilajelor moderne de excavare \u0219i construc\u021bii.<\/p>\n<h2>Caracteristicile cilindrului bra\u021bului<\/h2>\n<ul>\n<li><strong>Rezisten\u021b\u0103 \u0219i durabilitate ridicate:<\/strong> Fabricat din o\u021bel sau aluminiu de \u00eenalt\u0103 rezisten\u021b\u0103, conceput s\u0103 reziste la presiuni ridicate \u0219i sarcini grele, potrivit pentru medii de lucru dure. Designul ia \u00een considerare \u0219i rezisten\u021ba la uzur\u0103 \u0219i la coroziune, prelungindu-i durata de via\u021b\u0103.<\/li>\n<li><strong>Func\u021bionare hidraulic\u0103 eficient\u0103:<\/strong> Utilizeaz\u0103 presiunea uleiului hidraulic pentru o extensie \u0219i retragere lin\u0103, reac\u021bioneaz\u0103 rapid la comenzile de control \u0219i ofer\u0103 for\u021be puternice de \u00eempingere \u0219i tragere, ideale pentru manipularea materialelor grele \u0219i a sarcinilor complexe.<\/li>\n<li><strong>Diverse tipuri:<\/strong> Disponibile \u00een configura\u021bii cu ac\u021biune simpl\u0103 (func\u021bie hidraulic\u0103 utilizat\u0103 \u00eentr-o singur\u0103 direc\u021bie) sau cu ac\u021biune dubl\u0103 (func\u021bie hidraulic\u0103 utilizat\u0103 \u00een ambele direc\u021bii), r\u0103spunz\u00e2nd diverselor nevoi opera\u021bionale. Unele modele sunt telescopice, permi\u021b\u00e2nd o extensie mai mare f\u0103r\u0103 a cre\u0219te dimensiunile exterioare, perfecte pentru aplica\u021bii cu spa\u021biu limitat.<\/li>\n<li><strong>Fabrica\u021bie personalizat\u0103:<\/strong> Compania noastr\u0103 este specializat\u0103 \u00een producerea acestor cilindri, care pot \u00eenlocui perfect cilindrii hidraulici existen\u021bi.<\/li>\n<li><strong>Integrare cu diverse utilaje:<\/strong> Conceput pentru a se integra perfect \u00een diferite modele de excavatoare, asigur\u00e2nd compatibilitatea \u0219i eficien\u021ba \u00een opera\u021biuni.<\/li>\n<\/ul>\n<p><img decoding=\"async\" src=\"https:\/\/www.hydraulic-cylinders.net\/wp-content\/uploads\/2025\/04\/songte-cylinder-head-with-all-kinds-excavator-models.webp\" alt=\"Imagine de compatibilitate a cilindrilor\"><\/p>\n<h2>Aplica\u021bii ale cilindrilor bra\u021bului<\/h2>\n<h3>Echipamente de construc\u021bii<\/h3>\n<p>\u00cen domeniul construc\u021biilor, cilindrii bra\u021bului se g\u0103sesc \u00een excavatoare, unde sunt esen\u021biali pentru s\u0103parea, \u00eenc\u0103rcarea \u0219i mutarea p\u0103m\u00e2ntului sau a molozului. Capacitatea lor de a pivota \u0219i extinde faciliteaz\u0103 nu doar excavarea materialelor de teren, ci ajut\u0103 \u0219i la \u00eenc\u0103rcarea acestora \u00een camioane sau \u00een zonele desemnate. \u00cen cazul \u00eenc\u0103rc\u0103toarelor excavatoare, cilindrul bra\u021bului ajut\u0103 at\u00e2t la opera\u021biunile de s\u0103pare, c\u00e2t \u0219i la cele de ridicare, fiind indispensabil pentru diverse sarcini de construc\u021bie.<\/p>\n<h3>Ma\u0219ini agricole<\/h3>\n<p>\u00cen utilajele agricole, cilindrii bra\u021bului sunt utiliza\u021bi \u00een \u00eenc\u0103rc\u0103toarele frontale pentru a transporta, transporta sol, f\u00e2n \u0219i alte materiale. Ace\u0219ti cilindri sporesc eficien\u021ba diferitelor opera\u021biuni agricole, permi\u021b\u00e2nd manipularea rapid\u0103 \u0219i eficient\u0103 a produselor agricole. Designul lor asigur\u0103 c\u0103 pot gestiona solicit\u0103rile legate de ridicarea \u0219i transportul \u00eenc\u0103rc\u0103turilor grele, men\u021bin\u00e2nd \u00een acela\u0219i timp stabilitatea opera\u021bional\u0103.<\/p>\n<h3>Excavatoare<\/h3>\n<p>\u00cen excavatoare, cilindrii bra\u021bului sunt vitali pentru a permite cupei s\u0103 p\u0103trund\u0103 \u00een sol, permi\u021b\u00e2nd o ac\u021biune eficient\u0103 de s\u0103pare. For\u021ba hidraulic\u0103 generat\u0103 de ace\u0219ti cilindri permite operatorului s\u0103 gestioneze cu u\u0219urin\u021b\u0103 condi\u021biile dificile de sol \u0219i s\u0103 efectueze mi\u0219c\u0103ri precise, ceea ce este esen\u021bial pentru sarcinile de excavare.<\/p>\n<h3>\u00cenc\u0103rc\u0103toare<\/h3>\n<p>Cilindrii bra\u021bului din \u00eenc\u0103rc\u0103toarele frontale ajut\u0103 la ridicarea \u0219i desc\u0103rcarea eficient\u0103 a \u00eenc\u0103rc\u0103turilor. Capacitatea lor de a oferi capacit\u0103\u021bi puternice de ridicare asigur\u0103 manipularea rapid\u0103 \u0219i eficient\u0103 a materialelor, \u00eembun\u0103t\u0103\u021bind productivitatea general\u0103 pe \u0219antierele de construc\u021bii.<\/p>\n<h2>Considera\u021bii de proiectare \u0219i criterii de selec\u021bie<\/h2>\n<h3>Capacitate de \u00eenc\u0103rcare<\/h3>\n<p>Atunci c\u00e2nd se selecteaz\u0103 un cilindru pentru bra\u021b, una dintre cele mai importante considera\u021bii este capacitatea sa de \u00eenc\u0103rcare. Acest parametru determin\u0103 cantitatea de greutate pe care cilindrul o poate ridica \u0219i manipula f\u0103r\u0103 a-i compromite integritatea. Materialul utilizat \u00een construc\u021bie, diametrul cilindrului \u0219i designul acestuia joac\u0103 roluri semnificative \u00een definirea capacit\u0103\u021bii de \u00eenc\u0103rcare. Este esen\u021bial s\u0103 se potriveasc\u0103 capacitatea de \u00eenc\u0103rcare a cilindrului cu cerin\u021bele opera\u021bionale ale utilajului pe care va fi montat.<\/p>\n<h3>Mecanism de etan\u0219are<\/h3>\n<p>Etan\u0219area eficient\u0103 este crucial\u0103 \u00een cilindrii hidraulici pentru a preveni scurgerile \u0219i a men\u021bine presiunea. Componentele de etan\u0219are trebuie s\u0103 fie fabricate din materiale durabile, cum ar fi poliuretanul sau cauciucul nitrilic, care ofer\u0103 rezisten\u021b\u0103 la uzur\u0103. Etan\u0219\u0103rile de \u00eenalt\u0103 calitate asigur\u0103 longevitatea sistemului hidraulic, optimiz\u00e2nd \u00een acela\u0219i timp performan\u021ba. Etan\u0219\u0103rile slabe pot duce la pierderi de fluid hidraulic, rezult\u00e2nd o performan\u021b\u0103 sc\u0103zut\u0103 \u0219i poten\u021biale daune la utilaje.<\/p>\n<h3>Durabilitate<\/h3>\n<p>Durabilitatea este o considera\u021bie important\u0103 \u00een ceea ce prive\u0219te designul. Cilindrul bra\u021bului trebuie s\u0103 reziste la for\u021be extreme \u0219i condi\u021bii de mediu. Prin urmare, acesta trebuie construit din materiale care ofer\u0103 o rezisten\u021b\u0103 ridicat\u0103 la coroziune \u0219i uzur\u0103. Tratamente precum \u00eent\u0103rirea suprafe\u021bei pot spori durabilitatea, asigur\u00e2nd o durat\u0103 de via\u021b\u0103 mai lung\u0103 chiar \u0219i \u00een condi\u021bii dure de lucru.<\/p>\n<h3>Siguran\u021b\u0103 \u0219i \u00eentre\u021binere<\/h3>\n<p>Caracteristicile de siguran\u021b\u0103 ar trebui integrate \u00een proiectarea cilindrului bra\u021bului. Aceasta include capacitatea de a gestiona schimb\u0103rile bru\u0219te de presiune \u0219i de a gestiona poten\u021bialele defec\u021biuni f\u0103r\u0103 rezultate catastrofale. \u00cen plus, trebuie luat\u0103 \u00een considerare u\u0219urin\u021ba \u00eentre\u021binerii pentru a se asigura c\u0103 operatorii pot efectua verific\u0103ri \u0219i repara\u021bii de rutin\u0103 f\u0103r\u0103 timpi de nefunc\u021bionare excesivi. Aceasta ar putea implica proiectarea cilindrului \u00eentr-un mod care s\u0103 permit\u0103 accesul facil la garnituri \u0219i alte componente interne.<\/p>\n<p><img decoding=\"async\" src=\"https:\/\/www.hydraulic-cylinders.net\/wp-content\/uploads\/2025\/04\/songte-oil-pipes-and-spare-parts.webp\" alt=\"Imagine cu \u021bevi de petrol \u0219i piese de schimb\"><\/p>\n<h2>Etan\u0219are \u0219i lubrifiere<\/h2>\n<p>Etan\u0219area \u0219i lubrifierea corespunz\u0103toare sunt esen\u021biale pentru func\u021bionarea optim\u0103 a cilindrilor bra\u021bului. Diverse componente de etan\u0219are, inclusiv etan\u0219\u0103rile pistonului \u0219i etan\u0219\u0103rile tijei, ar trebui utilizate pentru a men\u021bine integritatea fluidului hidraulic. Etan\u0219\u0103rile fabricate din materiale durabile, cum ar fi poliuretanul \u0219i cauciucul nitrilic, ofer\u0103 o rezisten\u021b\u0103 excelent\u0103 la uzur\u0103 \u0219i pot rezista la presiuni ridicate. Corpul cilindrului \u0219i capetele filetate trebuie supuse unor prelucr\u0103ri fine pentru a le spori rezisten\u021ba la uzur\u0103. Lubrifierea regulat\u0103 cu ulei hidraulic este esen\u021bial\u0103 pentru a asigura o func\u021bionare lin\u0103 \u0219i a preveni uzura. Trebuie stabilit un program adecvat de lubrifiere pentru a men\u021bine nivelurile de ulei hidraulic \u0219i a asigura o performan\u021b\u0103 eficient\u0103.<\/p>\n<h2>Inspec\u021bie regulat\u0103 \u0219i m\u0103suri de \u00eentre\u021binere preventiv\u0103<\/h2>\n<ul>\n<li><strong>Verific\u0103ri regulate:<\/strong> Efectua\u021bi inspec\u021bii de rutin\u0103 pentru a identifica orice poten\u021biale scurgeri sau uzuri ale componentelor de etan\u0219are. Aceast\u0103 abordare proactiv\u0103 ajut\u0103 la depistarea din timp a problemelor \u0219i la prevenirea unor probleme mai mari pe viitor.<\/li>\n<li><strong>Lubrifiere:<\/strong> Asigura\u021bi-v\u0103 c\u0103 uleiul hidraulic este completat \u00een mod regulat \u0219i c\u0103 se utilizeaz\u0103 doar tipul de ulei recomandat pentru a evita orice probleme de compatibilitate care ar putea afecta performan\u021ba.<\/li>\n<li><strong>\u00cenlocuirea garniturii:<\/strong> Verifica\u021bi garniturile pentru orice semne de uzur\u0103 sau deteriorare \u0219i \u00eenlocui\u021bi-le dup\u0103 cum este necesar pentru a men\u021bine o etan\u0219are adecvat\u0103 \u0219i a preveni pierderea de lichid.<\/li>\n<\/ul>\n<h2>Instruc\u021biuni de instalare<\/h2>\n<p>Instalarea corect\u0103 a cilindrului bra\u021bului este crucial\u0103 pentru asigurarea func\u021bion\u0103rii eficiente. \u00cencepe\u021bi prin a v\u0103 asigura c\u0103 toate punctele de montare sunt curate \u0219i f\u0103r\u0103 resturi. Alinia\u021bi cilindrul cu precizie cu suporturile de montare pentru a evita solicit\u0103ri excesive asupra cilindrului \u00een timpul func\u021bion\u0103rii. Folosi\u021bi accesoriile de montare adecvate pentru a fixa cilindrul \u00een pozi\u021bie, asigur\u00e2ndu-v\u0103 c\u0103 este fixat str\u00e2ns, permi\u021b\u00e2nd totodat\u0103 mi\u0219carea necesar\u0103. Se recomand\u0103 consultarea manualului de instalare al produc\u0103torului pentru instruc\u021biuni specifice \u0219i specifica\u021bii de cuplu. Respectarea protocoalelor de instalare corecte va \u00eembun\u0103t\u0103\u021bi semnificativ performan\u021ba \u0219i longevitatea cilindrului bra\u021bului.<\/p>\n<h2>Sarcini comune de \u00eentre\u021binere<\/h2>\n<ul>\n<li><strong>Inspec\u021bii regulate:<\/strong> Efectuarea inspec\u021biilor regulate ajut\u0103 la identificarea timpurie a uzurii sau a poten\u021bialelor scurgeri. Operatorii ar trebui s\u0103 verifice orice semne de scurgeri de fluid hidraulic \u00een jurul garniturilor \u0219i fitingurilor, precum \u0219i s\u0103 observe orice sunete anormale \u00een timpul func\u021bion\u0103rii.<\/li>\n<li><strong>Lubrifiere adecvat\u0103:<\/strong> Asigurarea lubrifierii adecvate a cilindrului hidraulic este esen\u021bial\u0103 pentru o func\u021bionare f\u0103r\u0103 probleme. Operatorii trebuie s\u0103 se familiarizeze cu programul de lubrifiere recomandat \u0219i cu tipul de fluid hidraulic care trebuie utilizat, respect\u00e2nd instruc\u021biunile produc\u0103torului.<\/li>\n<li><strong>\u00cenlocuirea garniturii \u0219i verific\u0103ri ale calibr\u0103rii:<\/strong> Verific\u0103rile regulate ale etan\u0219\u0103rilor \u0219i calibr\u0103rilor sunt esen\u021biale. Dac\u0103 etan\u0219\u0103rile prezint\u0103 semne de uzur\u0103 sau deteriorare, acestea trebuie \u00eenlocuite imediat pentru a preveni scurgerile. \u00cen plus, trebuie efectuate verific\u0103ri ale calibr\u0103rii pentru a se asigura c\u0103 cilindrul func\u021bioneaz\u0103 conform specifica\u021biilor proiectate. Calibrarea corect\u0103 va spori precizia mi\u0219c\u0103rilor ma\u0219inii.<\/li>\n<\/ul>\n<h2>Considera\u021bii de siguran\u021b\u0103 \u0219i factori de mediu<\/h2>\n<p>M\u0103surile de siguran\u021b\u0103 la manipularea \u0219i operarea cilindrilor bra\u021bului sunt primordiale. Operatorii trebuie s\u0103 fie instrui\u021bi cu privire la pericolele poten\u021biale ale sistemelor hidraulice, inclusiv riscul inject\u0103rii de fluide la presiune \u00eenalt\u0103, care poate duce la r\u0103niri grave. Echipamentul individual de protec\u021bie (EIP) adecvat trebuie purtat \u00eentotdeauna la inspectarea sau \u00eentre\u021binerea echipamentelor hidraulice. \u00cen plus, operatorii trebuie s\u0103 fie con\u0219tien\u021bi de factorii de mediu, asigur\u00e2ndu-se c\u0103 orice scurgeri de fluid hidraulic sunt cur\u0103\u021bate prompt pentru a evita contaminarea zonei \u00eenconjur\u0103toare.<\/p>\n<h2>Diagnosticarea defec\u021biunilor \u0219i probleme frecvente<\/h2>\n<ul>\n<li><strong>Scurgeri de fluide:<\/strong> Una dintre cele mai frecvente probleme \u00eent\u00e2lnite la cilindrii hidraulici este scurgerea de fluid. Aceasta poate ap\u0103rea din cauza garniturilor uzate sau a fitingurilor deteriorate. Inspec\u021biile regulate pot ajuta la identificarea timpurie a scurgerilor.<\/li>\n<li><strong>Performan\u021b\u0103 slab\u0103:<\/strong> Dac\u0103 cilindrul bra\u021bului nu r\u0103spunde conform a\u0219tept\u0103rilor, acest lucru poate indica niveluri sc\u0103zute de lichid hidraulic sau aer \u00een sistem. Operatorii trebuie s\u0103 verifice nivelurile de lichid \u0219i s\u0103 aeriseasc\u0103 sistemul, dac\u0103 este necesar.<\/li>\n<li><strong>Zgomot excesiv:<\/strong> Orice zgomote neobi\u0219nuite \u00een timpul func\u021bion\u0103rii pot indica probleme mecanice sau lips\u0103 de lubrifiere. Operatorii trebuie s\u0103 investigheze prompt orice sunete anormale pentru a preveni deteriorarea echipamentului.<\/li>\n<\/ul>\n<h2>Sfaturi \u0219i solu\u021bii pentru depanare<\/h2>\n<p>Pentru a diagnostica \u0219i rezolva eficient problemele legate de cilindrul bra\u021bului, operatorii ar trebui s\u0103 urmeze o abordare sistematic\u0103. \u00cencepe\u021bi prin a examina nivelurile de fluid hidraulic, asigur\u00e2ndu-v\u0103 c\u0103 acestea se \u00eencadreaz\u0103 \u00een intervalul recomandat. Dac\u0103 se descoper\u0103 scurgeri, identifica\u021bi sursa acestora \u0219i \u00eenlocui\u021bi garniturile sau fitingurile uzate. Pentru probleme de performan\u021b\u0103, verifica\u021bi dac\u0103 exist\u0103 aer \u00een sistemul hidraulic \u0219i aerisi\u021bi dup\u0103 cum este necesar. Implementarea unor practici de \u00eentre\u021binere preventiv\u0103, cum ar fi inspec\u021biile regulate \u0219i lubrifierea, poate reduce semnificativ riscul apari\u021biei unor poten\u021biale probleme.<\/p>\n<p><img decoding=\"async\" src=\"https:\/\/www.hydraulic-cylinders.net\/wp-content\/uploads\/2025\/04\/songte-bushings-with-all-kinds-of-excavator-models.webp\" alt=\"Buc\u0219e pentru excavatoare Imagine\"><\/p>\n<h2>Despre compania noastr\u0103<\/h2>\n<p>Suntem un produc\u0103tor specializat \u00een cilindri hidraulici alternativi, oferind o gam\u0103 larg\u0103 de produse care ne-au pozi\u021bionat ca unul dintre principalii produc\u0103tori \u0219i distribuitori angro at\u00e2t pe pie\u021bele interne, c\u00e2t \u0219i interna\u021bionale. Respect\u0103m principiile excelen\u021bei \u00een calitate, utiliz\u00e2nd strategii de fabrica\u021bie rafinate \u0219i practici avansate de management al produc\u021biei. Investi\u021biile noastre \u00een talent tehnic, echipamente digitale de fabrica\u021bie de ultim\u0103 genera\u021bie \u0219i sisteme profesionale de testare \u00eembun\u0103t\u0103\u021besc continuu platforma noastr\u0103 de fabrica\u021bie, asigur\u00e2nd o traiectorie robust\u0103 a calit\u0103\u021bii produc\u021biei. Ne angaj\u0103m s\u0103 satisfacem diversele nevoi ale clien\u021bilor cu eficien\u021b\u0103, precizie \u0219i calitate ridicate.<\/p>\n<p><img decoding=\"async\" src=\"https:\/\/www.hydraulic-cylinders.net\/wp-content\/uploads\/2025\/04\/songte-company-4.webp\" alt=\"Imaginea companiei 1\"><br \/>\n<img decoding=\"async\" src=\"https:\/\/www.hydraulic-cylinders.net\/wp-content\/uploads\/2025\/04\/songte-company-3.webp\" alt=\"Imaginea companiei 2\"><\/p>\n<p>Expertiza noastr\u0103 se extinde pe diverse aspecte, cum ar fi servicii profesionale, certific\u0103ri interna\u021bionale, solu\u021bii personalizate, facilit\u0103\u021bi de produc\u021bie avansate \u0219i asisten\u021b\u0103 post-v\u00e2nzare complet\u0103, asigur\u00e2ndu-ne c\u0103 clien\u021bii no\u0219tri primesc nu doar produse superioare, ci \u0219i servicii excep\u021bionale pe tot parcursul experien\u021bei lor.<\/p>\n<p>Autor: lyl<\/p>","protected":false},"excerpt":{"rendered":"<p>Boom Cylinder For XCMG Wheel Excavator XE210w Product Overview The Boom Cylinder for XCMG Wheel Excavator XE210w is a critical component designed to control the movement of the boom on excavators. This type of hydraulic cylinder plays an essential role in enabling heavy machinery to perform various tasks efficiently. Specifically, the boom cylinder allows for [&hellip;]<\/p>","protected":false},"featured_media":17880,"comment_status":"open","ping_status":"closed","template":"","meta":{"_et_pb_use_builder":"","_et_pb_old_content":"","_et_gb_content_width":""},"product_brand":[],"product_cat":[1546],"product_tag":[1547,1496],"class_list":{"0":"post-19209","1":"product","2":"type-product","3":"status-publish","4":"has-post-thumbnail","6":"product_cat-boom-cylinders","7":"product_tag-boom-cylinders","8":"product_tag-hydraulic-cylinders","10":"first","11":"instock","12":"shipping-taxable","13":"product-type-simple"},"amp_enabled":true,"_links":{"self":[{"href":"https:\/\/www.hydraulic-cylinders.net\/ro\/wp-json\/wp\/v2\/product\/19209","targetHints":{"allow":["GET"]}}],"collection":[{"href":"https:\/\/www.hydraulic-cylinders.net\/ro\/wp-json\/wp\/v2\/product"}],"about":[{"href":"https:\/\/www.hydraulic-cylinders.net\/ro\/wp-json\/wp\/v2\/types\/product"}],"replies":[{"embeddable":true,"href":"https:\/\/www.hydraulic-cylinders.net\/ro\/wp-json\/wp\/v2\/comments?post=19209"}],"wp:featuredmedia":[{"embeddable":true,"href":"https:\/\/www.hydraulic-cylinders.net\/ro\/wp-json\/wp\/v2\/media\/17880"}],"wp:attachment":[{"href":"https:\/\/www.hydraulic-cylinders.net\/ro\/wp-json\/wp\/v2\/media?parent=19209"}],"wp:term":[{"taxonomy":"product_brand","embeddable":true,"href":"https:\/\/www.hydraulic-cylinders.net\/ro\/wp-json\/wp\/v2\/product_brand?post=19209"},{"taxonomy":"product_cat","embeddable":true,"href":"https:\/\/www.hydraulic-cylinders.net\/ro\/wp-json\/wp\/v2\/product_cat?post=19209"},{"taxonomy":"product_tag","embeddable":true,"href":"https:\/\/www.hydraulic-cylinders.net\/ro\/wp-json\/wp\/v2\/product_tag?post=19209"}],"curies":[{"name":"wp","href":"https:\/\/api.w.org\/{rel}","templated":true}]}}