{"id":19210,"date":"2025-04-07T06:18:18","date_gmt":"2025-04-07T06:18:18","guid":{"rendered":"https:\/\/www.hydraulic-cylinders.net\/product\/boom-cylinder-for-xcmg-wheel-excavator-et110\/"},"modified":"2025-04-07T06:18:21","modified_gmt":"2025-04-07T06:18:21","slug":"boom-cylinder-for-xcmg-wheel-excavator-et110","status":"publish","type":"product","link":"https:\/\/www.hydraulic-cylinders.net\/ro\/produs\/boom-cylinder-for-xcmg-wheel-excavator-et110\/","title":{"rendered":"Cilindru bra\u021b pentru excavatorul pe ro\u021bi XCMG ET110"},"content":{"rendered":"<h1>Cilindru bra\u021b pentru excavatorul pe ro\u021bi XCMG ET110<\/h1>\n<h2>\u00cen\u021belegerea cilindrului bra\u021bului<\/h2>\n<p>Un cilindru hidraulic este o component\u0103 crucial\u0103 \u00een sistemele hidraulice ale utilajelor grele, \u00een special la excavatoare, \u00eenc\u0103rc\u0103toare frontale \u0219i excavatoare. Este un tip de cilindru hidraulic special conceput pentru a controla mi\u0219carea bra\u021bului sau a cupei, permi\u021b\u00e2ndu-i s\u0103 ridice, s\u0103 coboare \u0219i s\u0103 \u00eencline. Aceast\u0103 func\u021bionalitate este esen\u021bial\u0103 pentru sarcinile de manipulare a materialelor, deoarece permite operatorilor s\u0103 efectueze o varietate de ac\u021biuni cu precizie \u0219i eficien\u021b\u0103.<\/p>\n<p>Cilindrul bra\u021bului func\u021bioneaz\u0103 pe baza principiilor hidraulicii, unde presiunea uleiului hidraulic permite mi\u0219c\u0103ri line. La excavatoarele precum excavatorul pe ro\u021bi XCMG ET110, ace\u0219ti cilindri ofer\u0103 puterea de ridicare \u0219i viteza necesare pentru a facilita s\u0103parea, \u00eenc\u0103rcarea \u0219i transportul materialelor. Designul lor asigur\u0103 durabilitate \u0219i fiabilitate, f\u0103c\u00e2ndu-i ideali pentru sarcini riguroase de construc\u021bie.<\/p>\n<p><img decoding=\"async\" src=\"https:\/\/www.hydraulic-cylinders.net\/wp-content\/uploads\/2025\/04\/songte-company-1.webp\" alt=\"Cilindru de bra\u021b pentru excavatoare\" \/><\/p>\n<h2>Caracteristici cheie ale cilindrului bra\u021bului<\/h2>\n<ul>\n<li>\n<h3>Rezisten\u021b\u0103 \u0219i durabilitate ridicate<\/h3>\n<p>Construit din o\u021bel sau aluminiu de \u00eenalt\u0103 rezisten\u021b\u0103, cilindrul bra\u021bului este proiectat s\u0103 reziste la presiuni ridicate \u0219i sarcini grele, fiind potrivit pentru medii de lucru dure.<\/p>\n<\/li>\n<li>\n<h3>Func\u021bionare hidraulic\u0103 eficient\u0103<\/h3>\n<p>Cilindrul utilizeaz\u0103 presiunea uleiului hidraulic pentru o extensie \u0219i retragere lin\u0103, permi\u021b\u00e2nd un r\u0103spuns rapid la comenzile operatorului \u0219i oferind for\u021be puternice de \u00eempingere \u0219i tragere pentru manipularea obiectelor grele.<\/p>\n<\/li>\n<li>\n<h3>Diverse tipuri<\/h3>\n<p>Disponibil \u00een configura\u021bii cu ac\u021biune simpl\u0103 (utilizare hidraulic\u0103 \u00eentr-o singur\u0103 direc\u021bie) sau cu ac\u021biune dubl\u0103 (utilizare hidraulic\u0103 \u00een ambele direc\u021bii), cilindrul bra\u021bului poate satisface diverse nevoi opera\u021bionale. Unele modele sunt telescopice, permi\u021b\u00e2nd o extensie mai mare f\u0103r\u0103 a cre\u0219te dimensiunile exterioare, ideale pentru spa\u021bii \u00eenguste.<\/p>\n<\/li>\n<li>\n<h3>Design modular<\/h3>\n<p>Natura modular\u0103 a cilindrilor no\u0219tri de bra\u021b permite \u00eenlocuirea \u0219i \u00eentre\u021binerea u\u0219oar\u0103, sporind \u0219i mai mult utilizabilitatea lor \u00een diverse modele de utilaje.<\/p>\n<\/li>\n<li>\n<h3>Inginerie de precizie<\/h3>\n<p>Proiecta\u021bi cu o aten\u021bie meticuloas\u0103 la detalii, ace\u0219ti cilindri asigur\u0103 compatibilitate \u0219i performan\u021b\u0103 optim\u0103 \u00eentre diferite m\u0103rci \u0219i modele de excavatoare.<\/p>\n<\/li>\n<\/ul>\n<p>Produsele noastre pot \u00eenlocui perfect cilindrii hidraulici existen\u021bi, asigur\u00e2nd func\u021bionarea f\u0103r\u0103 probleme \u0219i fiabilitatea.<\/p>\n<p><img decoding=\"async\" src=\"https:\/\/www.hydraulic-cylinders.net\/wp-content\/uploads\/2025\/04\/songte-cylinder-head-with-all-kinds-excavator-models.webp\" alt=\"\u00cenlocuirea cilindrului hidraulic\" \/><\/p>\n<h2>Aplica\u021bii ale cilindrului bra\u021bului<\/h2>\n<h3>Echipamente de construc\u021bii<\/h3>\n<p>La excavatoare, cilindrul bra\u021bului este esen\u021bial pentru s\u0103pare, \u00eenc\u0103rcare \u0219i mutarea solului sau a resturilor. Acesta faciliteaz\u0103 articularea bra\u021bului, permi\u021b\u00e2nd un control precis la excavarea \u0219an\u021burilor sau ridicarea materialelor grele. La \u00eenc\u0103rc\u0103toarele cu excavator, cilindrul cupei ajut\u0103 at\u00e2t la opera\u021biunile de s\u0103pare, c\u00e2t \u0219i la cele de ridicare, fiind indispensabil pentru preg\u0103tirea \u0219antierului \u0219i manipularea materialelor.<\/p>\n<h3>Ma\u0219ini agricole<\/h3>\n<p>La \u00eenc\u0103rc\u0103toarele frontale, cilindrii bra\u021bului sunt esen\u021biali pentru scoaterea, ridicarea \u0219i transportul solului, f\u00e2nului \u0219i altor materiale. Ace\u0219tia permit fermierilor s\u0103 \u00eendeplineasc\u0103 eficient o varietate de sarcini, de la cur\u0103\u021barea c\u00e2mpurilor p\u00e2n\u0103 la \u00eenc\u0103rcarea camioanelor cu produse agricole.<\/p>\n<h3>Excavatoare<\/h3>\n<p>La excavatoare, cilindrul cupei permite ac\u021biuni de s\u0103pare eficiente, permi\u021b\u00e2nd cupei s\u0103 p\u0103trund\u0103 eficient \u00een sol. Aceast\u0103 capacitate este vital\u0103 pentru construc\u021bii, amenaj\u0103ri peisagistice \u0219i alte sarcini de terasament.<\/p>\n<h3>\u00cenc\u0103rc\u0103toare<\/h3>\n<p>\u00cen cazul \u00eenc\u0103rc\u0103toarelor frontale, cilindrii bra\u021bului ajut\u0103 la ridicarea \u0219i desc\u0103rcarea eficient\u0103 a materialelor. Ace\u0219tia cresc productivitatea permi\u021b\u00e2nd operatorilor s\u0103 manipuleze volume mari de materiale \u00eentr-un timp scurt, sporind astfel eficien\u021ba opera\u021bional\u0103 general\u0103.<\/p>\n<h2>Considera\u021bii de proiectare \u0219i criterii de selec\u021bie<\/h2>\n<h3>Capacitate de \u00eenc\u0103rcare<\/h3>\n<p>Atunci c\u00e2nd se selecteaz\u0103 un cilindru pentru bra\u021b, una dintre cele mai importante considera\u021bii este capacitatea sa de \u00eenc\u0103rcare. Cilindrul trebuie s\u0103 poat\u0103 suporta sarcina maxim\u0103 a\u0219teptat\u0103 \u00een timpul func\u021bion\u0103rii f\u0103r\u0103 riscul de defec\u021biune. Acest lucru necesit\u0103 o \u00een\u021belegere complet\u0103 a greut\u0103\u021bii materialelor care urmeaz\u0103 s\u0103 fie mutate \u0219i a for\u021belor aplicate \u00een timpul utiliz\u0103rii.<\/p>\n<h3>Performan\u021ba de etan\u0219are<\/h3>\n<p>Performan\u021ba de etan\u0219are a unui cilindru al bra\u021bului este crucial\u0103 pentru prevenirea scurgerilor de fluid hidraulic. Garniturile de calitate, cum ar fi garniturile pistonului \u0219i garniturile tijei, asigur\u0103 c\u0103 uleiul hidraulic r\u0103m\u00e2ne con\u021binut, ceea ce este esen\u021bial pentru men\u021binerea presiunii \u0219i a eficien\u021bei opera\u021bionale. Utilizarea garniturilor fabricate din materiale durabile, cum ar fi poliuretanul sau cauciucul nitrilic, poate \u00eembun\u0103t\u0103\u021bi semnificativ durata de via\u021b\u0103 \u0219i performan\u021ba cilindrului.<\/p>\n<h3>Durabilitate<\/h3>\n<p>Durabilitatea este un factor critic, deoarece cilindrii bra\u021bului func\u021bioneaz\u0103 adesea \u00een medii dure. Materialele \u0219i acoperirile de \u00eenalt\u0103 calitate, care rezist\u0103 la coroziune \u0219i uzur\u0103, sporesc longevitatea cilindrului. \u00centre\u021binerea \u0219i inspec\u021biile regulate pot ajuta, de asemenea, la identificarea timpurie a uzurii, atenu\u00e2nd problemele mai semnificative pe parcurs.<\/p>\n<h3>Siguran\u0163\u0103<\/h3>\n<p>Caracteristicile de siguran\u021b\u0103 trebuie integrate \u00een proiectarea cilindrilor bra\u021bului. Acestea includ sisteme de eliberare a presiunii pentru a preveni supra\u00eenc\u0103rcarea \u0219i materiale robuste care pot face fa\u021b\u0103 condi\u021biilor extreme. Operatorii trebuie s\u0103 fie \u00eentotdeauna instrui\u021bi cu privire la procedurile de siguran\u021b\u0103 pentru a evita accidentele sau defec\u021biunile echipamentelor.<\/p>\n<h3>Mentenabilitate<\/h3>\n<p>U\u0219urin\u021ba \u00eentre\u021binerii este o considera\u021bie vital\u0103. Proiectan\u021bii ar trebui s\u0103 se asigure c\u0103 cilindrii bra\u021bului sunt u\u0219or accesibili pentru inspec\u021bii, repara\u021bii sau \u00eenlocuiri. Practicile regulate de \u00eentre\u021binere, cum ar fi \u00eenlocuirea garniturilor \u0219i verificarea fluidului hidraulic, pot preveni timpii de nefunc\u021bionare costisitori \u0219i pot prelungi durata de via\u021b\u0103 a echipamentului.<\/p>\n<p><img decoding=\"async\" src=\"https:\/\/www.hydraulic-cylinders.net\/wp-content\/uploads\/2025\/04\/songte-oil-pipes-and-spare-parts.webp\" alt=\"Piese cilindru hidraulic\" \/><\/p>\n<h2>Etan\u0219area \u0219i lubrifierea cilindrului bra\u021bului<\/h2>\n<p>Etan\u0219area \u0219i lubrifierea eficiente sunt cruciale pentru performan\u021ba optim\u0103 a cilindrilor bra\u021bului. Diverse componente de etan\u0219are, inclusiv etan\u0219\u0103rile pistonului \u0219i tijei, sunt utilizate pentru a preveni scurgerile de fluid hidraulic. Etan\u0219\u0103rile sunt adesea fabricate din materiale rezistente la uzur\u0103, cum ar fi poliuretanul \u0219i cauciucul nitrilic, pentru a asigura durabilitatea.<\/p>\n<p>Corpul cilindrului \u0219i suprafe\u021bele filetate ale cap\u0103tului sunt supuse unor prelucr\u0103ri precise pentru a spori rezisten\u021ba la uzur\u0103. Lubrifierea regulat\u0103 cu ulei hidraulic este necesar\u0103 pentru a reduce frecarea \u0219i uzura pieselor mobile, permi\u021b\u00e2nd cilindrului s\u0103 func\u021bioneze lin \u0219i eficient. Operatorii trebuie s\u0103 monitorizeze nivelurile de ulei \u0219i s\u0103 \u00eenlocuiasc\u0103 lubrifian\u021bii dup\u0103 cum este necesar pentru a men\u021bine performan\u021ba.<\/p>\n<h2>Inspec\u021bie regulat\u0103 \u0219i m\u0103suri de \u00eentre\u021binere preventiv\u0103<\/h2>\n<ul>\n<li>\n<h3>Inspec\u021bii regulate<\/h3>\n<p>Efectuarea inspec\u021biilor regulate este esen\u021bial\u0103 pentru identificarea timpurie a poten\u021bialelor probleme. Operatorii ar trebui s\u0103 caute semne de uzur\u0103, scurgeri sau deteriorare pentru a se asigura c\u0103 butelia r\u0103m\u00e2ne \u00een stare optim\u0103.<\/p>\n<\/li>\n<li>\n<h3>Lubrifiere adecvat\u0103<\/h3>\n<p>Men\u021binerea unor niveluri adecvate de lubrifiere este vital\u0103 pentru longevitatea cilindrului bra\u021bului. Operatorii trebuie s\u0103 respecte instruc\u021biunile produc\u0103torului privind tipurile de ulei \u0219i intervalele de lubrifiere pentru a preveni uzura excesiv\u0103.<\/p>\n<\/li>\n<li>\n<h3>\u00cenlocuirea garniturii<\/h3>\n<p>\u00cenlocuirea regulat\u0103 a garniturilor este necesar\u0103 pentru a men\u021bine integritatea fluidelor \u0219i a preveni scurgerile. Operatorii trebuie s\u0103 monitorizeze starea garniturilor \u0219i s\u0103 le \u00eenlocuiasc\u0103 la primul semn de uzur\u0103 sau deteriorare.<\/p>\n<\/li>\n<\/ul>\n<h2>Instruc\u021biuni de instalare pentru cilindrul bra\u021bului<\/h2>\n<p>Instalarea unui cilindru al bra\u021bului necesit\u0103 o aten\u021bie deosebit\u0103 la detalii pentru a asigura func\u021bionarea corect\u0103 \u0219i siguran\u021ba. \u00cencepe\u021bi prin a v\u0103 asigura c\u0103 toate componentele sunt curate \u0219i f\u0103r\u0103 resturi. Alinia\u021bi cilindrul cu precizie cu punctele de montare de pe ma\u0219in\u0103 \u0219i utiliza\u021bi consolele de instalare corespunz\u0103toare pentru a-l fixa ferm. Este esen\u021bial s\u0103 verifica\u021bi conexiunile hidraulice pentru a depista eventualele scurgeri \u00eenainte de utilizare. Dup\u0103 instalare, testa\u021bi cilindrul efectu\u00e2nd o serie de mi\u0219c\u0103ri pentru a v\u0103 asigura c\u0103 totul func\u021bioneaz\u0103 conform a\u0219tept\u0103rilor.<\/p>\n<h2>Sarcini comune de \u00eentre\u021binere<\/h2>\n<ul>\n<li>\n<h3>Inspec\u021bii regulate<\/h3>\n<p>Efectuarea inspec\u021biilor regulate ajut\u0103 la identificarea oric\u0103ror probleme poten\u021biale \u00eenainte ca acestea s\u0103 se agraveze. C\u0103uta\u021bi semne de uzur\u0103, scurgeri \u0219i alte anomalii pentru a asigura o performan\u021b\u0103 optim\u0103.<\/p>\n<\/li>\n<li>\n<h3>Lubrifiere adecvat\u0103<\/h3>\n<p>Asigura\u021bi-v\u0103 c\u0103 cilindrul este lubrifiat corespunz\u0103tor cu uleiul hidraulic recomandat. Trebuie efectuate verific\u0103ri regulate pentru a men\u021bine niveluri adecvate de ulei \u0219i a asigura o func\u021bionare f\u0103r\u0103 probleme.<\/p>\n<\/li>\n<li>\n<h3>\u00cenlocuirea garniturii \u0219i verific\u0103ri ale calibr\u0103rii<\/h3>\n<p>Garniturile trebuie \u00eenlocuite la intervalele specificate de produc\u0103tor. Trebuie efectuate verific\u0103ri de calibrare pentru a se asigura c\u0103 butelia func\u021bioneaz\u0103 \u00een parametrii proiecta\u021bi.<\/p>\n<\/li>\n<\/ul>\n<h2>Considera\u021bii de siguran\u021b\u0103 \u0219i factori de mediu<\/h2>\n<p>\u00cen timpul oper\u0103rii cilindrilor hidraulici ai bra\u021bului, m\u0103surile de siguran\u021b\u0103 sunt vitale. Operatorii trebuie s\u0103 respecte \u00eentotdeauna protocoalele de siguran\u021b\u0103 pentru a minimiza riscul de accidente. Instruirea adecvat\u0103 \u0219i con\u0219tientizarea practicilor de operare \u00een siguran\u021b\u0103 pot preveni r\u0103nirea \u0219i deteriorarea echipamentelor. \u00cen plus, trebuie lua\u021bi \u00een considerare factorii de mediu, cum ar fi expunerea la temperaturi extreme, umiditate \u0219i contaminan\u021bi, deoarece ace\u0219tia pot afecta performan\u021ba \u0219i longevitatea cilindrului bra\u021bului.<\/p>\n<h2>Depanarea problemelor comune<\/h2>\n<ul>\n<li>\n<h3>Scurgere<\/h3>\n<p>Scurgerile de lichid hidraulic sunt o problem\u0103 frecvent\u0103 a cilindrilor bra\u021bului. Verifica\u021bi dac\u0103 exist\u0103 garnituri uzate sau furtunuri deteriorate care ar putea necesita \u00eenlocuire.<\/p>\n<\/li>\n<li>\n<h3>Func\u021bionare lent\u0103<\/h3>\n<p>Dac\u0103 cilindrul func\u021bioneaz\u0103 lent, acest lucru poate indica niveluri sc\u0103zute de lichid hidraulic sau aer blocat \u00een sistem. Verifica\u021bi nivelurile de lichid \u0219i aerisi\u021bi sistemul, dac\u0103 este necesar.<\/p>\n<\/li>\n<li>\n<h3>Zgomote neobi\u0219nuite<\/h3>\n<p>Zgomotele ciudate din timpul func\u021bion\u0103rii ar putea semnala deterior\u0103ri interne sau lubrifiere insuficient\u0103. Inspecta\u021bi cilindrul pentru orice semne de uzur\u0103 \u0219i asigura\u021bi-v\u0103 c\u0103 este lubrifiat corespunz\u0103tor.<\/p>\n<\/li>\n<\/ul>\n<h2>Sfaturi \u0219i solu\u021bii pentru depanare<\/h2>\n<p>Pentru a diagnostica \u0219i rezolva eficient problemele legate de cilindrii bra\u021bului, operatorii ar trebui s\u0103 \u021bin\u0103 un jurnal organizat al simptomelor \u0219i observa\u021biilor. \u00centre\u021binerea programat\u0103 periodic poate reduce semnificativ probabilitatea apari\u021biei defec\u021biunilor nea\u0219teptate. Implementarea unor m\u0103suri preventive, cum ar fi inspec\u021biile regulate \u0219i respectarea programelor de lubrifiere, poate atenua poten\u021bialele probleme \u00eenainte ca acestea s\u0103 apar\u0103.<\/p>\n<p><img decoding=\"async\" src=\"https:\/\/www.hydraulic-cylinders.net\/wp-content\/uploads\/2025\/04\/songte-bushings-with-all-kinds-of-excavator-models.webp\" alt=\"Buc\u0219\u0103 cilindru bra\u021b\" \/><\/p>\n<h2>Despre compania noastr\u0103<\/h2>\n<p>Suntem un produc\u0103tor important de cilindri hidraulici, specializa\u021bi \u00een furnizarea de alternative pentru sistemele hidraulice existente. Gama noastr\u0103 extins\u0103 de produse ne-a consacrat ca unul dintre principalii produc\u0103tori \u0219i distribuitori angro, at\u00e2t pe pie\u021bele interne, c\u00e2t \u0219i pe cele interna\u021bionale. Prioritiz\u0103m excelen\u021ba \u00een calitate, baz\u00e2ndu-ne pe o strategie rafinat\u0103 de management al produc\u021biei pentru a asigura consecven\u021ba \u0219i durabilitatea produsului.<\/p>\n<p>Echipa noastr\u0103 este format\u0103 din personal tehnic cu \u00eenalt\u0103 calificare \u0219i folosim echipamente digitale avansate de fabrica\u021bie \u0219i sisteme specializate de testare pentru a ne \u00eembun\u0103t\u0103\u021bi capacit\u0103\u021bile de produc\u021bie. Cu un angajament ferm fa\u021b\u0103 de eficien\u021b\u0103, precizie \u0219i calitate, r\u0103spundem diverselor nevoi ale clien\u021bilor, asigur\u00e2ndu-ne c\u0103 produsele noastre \u00eendeplinesc cele mai \u00eenalte standarde.<\/p>\n<p><img decoding=\"async\" src=\"https:\/\/www.hydraulic-cylinders.net\/wp-content\/uploads\/2025\/04\/songte-company-4.webp\" alt=\"Prezentare general\u0103 a companiei\" \/><br \/>\n<img decoding=\"async\" src=\"https:\/\/www.hydraulic-cylinders.net\/wp-content\/uploads\/2025\/04\/songte-company-3.webp\" alt=\"Unitate de produc\u021bie\" \/><\/p>\n<p>Autor: lyl<\/p>","protected":false},"excerpt":{"rendered":"<p>Boom Cylinder For XCMG Wheel Excavator ET110 Understanding the Boom Cylinder A boom cylinder is a crucial component in the hydraulic systems of heavy machinery, particularly in excavators, backhoe loaders, and front loaders. It is a type of hydraulic cylinder specifically designed to control the movement of the boom or bucket, enabling it to lift, [&hellip;]<\/p>","protected":false},"featured_media":17881,"comment_status":"open","ping_status":"closed","template":"","meta":{"_et_pb_use_builder":"","_et_pb_old_content":"","_et_gb_content_width":""},"product_brand":[],"product_cat":[1546],"product_tag":[1547,1496],"class_list":{"0":"post-19210","1":"product","2":"type-product","3":"status-publish","4":"has-post-thumbnail","6":"product_cat-boom-cylinders","7":"product_tag-boom-cylinders","8":"product_tag-hydraulic-cylinders","10":"first","11":"instock","12":"shipping-taxable","13":"product-type-simple"},"amp_enabled":true,"_links":{"self":[{"href":"https:\/\/www.hydraulic-cylinders.net\/ro\/wp-json\/wp\/v2\/product\/19210","targetHints":{"allow":["GET"]}}],"collection":[{"href":"https:\/\/www.hydraulic-cylinders.net\/ro\/wp-json\/wp\/v2\/product"}],"about":[{"href":"https:\/\/www.hydraulic-cylinders.net\/ro\/wp-json\/wp\/v2\/types\/product"}],"replies":[{"embeddable":true,"href":"https:\/\/www.hydraulic-cylinders.net\/ro\/wp-json\/wp\/v2\/comments?post=19210"}],"wp:featuredmedia":[{"embeddable":true,"href":"https:\/\/www.hydraulic-cylinders.net\/ro\/wp-json\/wp\/v2\/media\/17881"}],"wp:attachment":[{"href":"https:\/\/www.hydraulic-cylinders.net\/ro\/wp-json\/wp\/v2\/media?parent=19210"}],"wp:term":[{"taxonomy":"product_brand","embeddable":true,"href":"https:\/\/www.hydraulic-cylinders.net\/ro\/wp-json\/wp\/v2\/product_brand?post=19210"},{"taxonomy":"product_cat","embeddable":true,"href":"https:\/\/www.hydraulic-cylinders.net\/ro\/wp-json\/wp\/v2\/product_cat?post=19210"},{"taxonomy":"product_tag","embeddable":true,"href":"https:\/\/www.hydraulic-cylinders.net\/ro\/wp-json\/wp\/v2\/product_tag?post=19210"}],"curies":[{"name":"wp","href":"https:\/\/api.w.org\/{rel}","templated":true}]}}