{"id":19212,"date":"2025-04-07T06:18:23","date_gmt":"2025-04-07T06:18:23","guid":{"rendered":"https:\/\/www.hydraulic-cylinders.net\/product\/boom-cylinder-for-zoomlion-small-excavator-ze85e\/"},"modified":"2025-04-07T06:18:26","modified_gmt":"2025-04-07T06:18:26","slug":"boom-cylinder-for-zoomlion-small-excavator-ze85e","status":"publish","type":"product","link":"https:\/\/www.hydraulic-cylinders.net\/ro\/produs\/boom-cylinder-for-zoomlion-small-excavator-ze85e\/","title":{"rendered":"Cilindru bra\u021b pentru excavatorul mic Zoomlion ZE85E"},"content":{"rendered":"<h1>Cilindru bra\u021b pentru excavatorul mic Zoomlion ZE85E<\/h1>\n<h2>\u00cen\u021belegerea cilindrului bra\u021bului<\/h2>\n<h3>Defini\u021bie \u0219i prezentare general\u0103<\/h3>\n<p>Cilindrul bra\u021bului este o component\u0103 hidraulic\u0103 esen\u021bial\u0103, conceput\u0103 special pentru controlul mi\u0219c\u0103rii bra\u021bului \u00een utilajele grele, \u00een special \u00een excavatoarele precum excavatorul mic Zoomlion ZE85E. Acest cilindru hidraulic permite ridicarea, cobor\u00e2rea \u0219i \u00eenclinarea bra\u021bului, facilit\u00e2nd sarcini eficiente de manipulare a materialelor. Acesta joac\u0103 un rol vital \u00een sistemul hidraulic, transform\u00e2nd energia fluidului hidraulic \u00een for\u021b\u0103 mecanic\u0103 pentru a efectua diverse opera\u021biuni \u00een mod fiabil \u0219i eficient.<\/p>\n<p>As a hydraulic cylinder, it operates by the principles of fluid mechanics, where pressurized hydraulic oil is directed into the cylinder to create movement. This allows operators to manage the excavator&#8217;s boom with precision, making it essential for tasks such as digging, lifting, and transporting materials. The design and functionality of the boom cylinder are crucial for the overall performance and efficiency of the excavator in various applications.<\/p>\n<p><img decoding=\"async\" src=\"https:\/\/www.hydraulic-cylinders.net\/wp-content\/uploads\/2025\/04\/songte-company-1.webp\" alt=\"Cilindru de bra\u021b pentru excavatoare\" \/><\/p>\n<h2>Caracteristici ale produsului<\/h2>\n<ul>\n<li><strong>Rezisten\u021b\u0103 \u0219i durabilitate ridicate:<\/strong> Fabricat din o\u021bel sau aluminiu de \u00eenalt\u0103 rezisten\u021b\u0103, cilindrul bra\u021bului poate rezista la presiuni ridicate \u0219i sarcini grele, asigur\u00e2nd rezisten\u021b\u0103 \u00een medii de lucru dure. Designul s\u0103u \u00eencorporeaz\u0103 rezisten\u021b\u0103 la uzur\u0103 \u0219i la coroziune, prelungindu-i durata de via\u021b\u0103.<\/li>\n<li><strong>Func\u021bionare hidraulic\u0103 eficient\u0103:<\/strong> Cilindrul utilizeaz\u0103 presiunea fluidului hidraulic pentru o extensie \u0219i retragere lin\u0103, r\u0103spunz\u00e2nd rapid la comenzile opera\u021bionale, oferind o for\u021b\u0103 puternic\u0103 de tragere \u0219i \u00eempingere necesar\u0103 pentru sarcini grele \u0219i complexe.<\/li>\n<li><strong>Diverse tipuri:<\/strong> Disponibil \u00een configura\u021bii cu ac\u021biune simpl\u0103 (func\u021bioneaz\u0103 \u00eentr-o singur\u0103 direc\u021bie) sau cu ac\u021biune dubl\u0103 (func\u021bioneaz\u0103 \u00een ambele direc\u021bii) pentru a satisface diverse nevoi opera\u021bionale. Unele modele sunt telescopice, permi\u021b\u00e2nd o extensie mai mare f\u0103r\u0103 a cre\u0219te dimensiunile exterioare, ideale pentru aplica\u021bii cu spa\u021biu limitat.<\/li>\n<li><strong>Inginerie de precizie:<\/strong> Fiecare cilindru este proiectat cu toleran\u021be stricte \u0219i materiale de \u00eenalt\u0103 calitate, asigur\u00e2nd performan\u021be fiabile \u00een condi\u021bii dificile.<\/li>\n<li><strong>Compatibilitate cu diverse modele:<\/strong> Produsele noastre pot \u00eenlocui perfect o gam\u0103 larg\u0103 de cilindri hidraulici, asigur\u00e2nd integrarea \u0219i func\u021bionarea f\u0103r\u0103 probleme cu utilajele existente.<\/li>\n<\/ul>\n<p><img decoding=\"async\" src=\"https:\/\/www.hydraulic-cylinders.net\/wp-content\/uploads\/2025\/04\/songte-cylinder-head-with-all-kinds-excavator-models.webp\" alt=\"Modele de cilindri pentru excavatoare\" \/><\/p>\n<h2>Aplica\u021bii ale cilindrului bra\u021bului<\/h2>\n<h3>Echipamente de construc\u021bii<\/h3>\n<p>\u00cen echipamentele de construc\u021bii, cum ar fi excavatoarele, cilindrii bra\u021bului sunt esen\u021biali pentru excavare, \u00eenc\u0103rcare \u0219i mutarea solului sau a resturilor. Ace\u0219tia ofer\u0103 for\u021ba necesar\u0103 pentru a s\u0103pa \u00een p\u0103m\u00e2nt \u0219i a ridica materiale grele, ceea ce \u00eei face indispensabili pentru proiectele de construc\u021bii. \u00cen cazul \u00eenc\u0103rc\u0103toarelor excavatoare, cilindrii bra\u021bului ajut\u0103 at\u00e2t la opera\u021biunile de s\u0103pare, c\u00e2t \u0219i la ridicare, sporind versatilitatea ma\u0219inii.<\/p>\n<h3>Ma\u0219ini agricole<\/h3>\n<p>\u00cen utilajele agricole, cilindrii bra\u021bului sunt utiliza\u021bi la \u00eenc\u0103rc\u0103toarele frontale pentru scoaterea, ridicarea \u0219i transportul solului, f\u00e2nului \u0219i altor materiale. Aceast\u0103 capacitate este vital\u0103 pentru opera\u021biuni agricole eficiente, facilit\u00e2nd sarcini precum \u00eenc\u0103rcarea camioanelor sau mutarea proviziilor \u00een cadrul fermei.<\/p>\n<h3>Excavatoare<\/h3>\n<p>Pentru excavatoare, cilindrul bra\u021bului permite mi\u0219carea de s\u0103pare permi\u021b\u00e2nd cupei s\u0103 p\u0103trund\u0103 eficient \u00een sol. Aceast\u0103 func\u021bie este crucial\u0103 pentru diverse sarcini, de la s\u0103parea de \u0219an\u021buri la nivelare, ceea ce face ca cilindrii bra\u021bului s\u0103 fie o component\u0103 cheie \u00een tehnicile moderne de excavare.<\/p>\n<h3>\u00cenc\u0103rc\u0103toare<\/h3>\n<p>La \u00eenc\u0103rc\u0103toarele frontale, cilindrii bra\u021bului ajut\u0103 la ridicarea \u0219i desc\u0103rcarea eficient\u0103 a \u00eenc\u0103rc\u0103turilor. Ace\u0219tia ac\u021bioneaz\u0103 cupa pentru a muta materialele rapid \u0219i eficient, lucru esen\u021bial pentru opera\u021biunile de \u00eenc\u0103rcare \u0219i desc\u0103rcare \u00een construc\u021bii \u0219i logistic\u0103.<\/p>\n<h2>Considera\u021bii de proiectare \u0219i criterii de selec\u021bie<\/h2>\n<h3>Capacitate de \u00eenc\u0103rcare<\/h3>\n<p>Capacitatea de \u00eenc\u0103rcare a unui cilindru al bra\u021bului este un factor critic \u00een proiectarea sa. Acesta trebuie s\u0103 poat\u0103 suporta greutatea maxim\u0103 pe care o va \u00eent\u00e2lni \u00een timpul opera\u021biunilor f\u0103r\u0103 riscul de defec\u021biune. Acest lucru necesit\u0103 o analiz\u0103 atent\u0103 a rezisten\u021bei materialului \u0219i a dimensiunilor cilindrului pentru a asigura siguran\u021ba \u0219i fiabilitatea.<\/p>\n<h3>Integritatea etan\u0219\u0103rii<\/h3>\n<p>Etan\u0219area este vital\u0103 pentru men\u021binerea presiunii hidraulice \u0219i prevenirea scurgerilor de fluid. Etan\u0219\u0103rile eficiente reduc costurile de \u00eentre\u021binere \u0219i cresc eficien\u021ba opera\u021bional\u0103. Alegerea materialelor \u0219i a designului de etan\u0219are are un impact semnificativ asupra longevit\u0103\u021bii \u0219i performan\u021bei cilindrului.<\/p>\n<h3>Durabilitate<\/h3>\n<p>Durabilitatea cuprinde rezisten\u021ba la uzur\u0103, coroziune \u0219i oboseal\u0103. Cilindrii bra\u021bului trebuie s\u0103 fie proiecta\u021bi pentru longevitate, \u00een special \u00een medii dure. Selectarea materialelor \u0219i finisajelor de \u00eenalt\u0103 calitate spore\u0219te durabilitatea, permi\u021b\u00e2nd performan\u021be fiabile \u00een timp.<\/p>\n<h3>Siguran\u0163\u0103<\/h3>\n<p>Caracteristicile de siguran\u021b\u0103 trebuie \u00eencorporate \u00een proiectarea cilindrilor bra\u021bului. Acestea includ mecanisme de siguran\u021b\u0103 \u0219i de protec\u021bie la suprasarcin\u0103 pentru a preveni accidentele \u00een timpul func\u021bion\u0103rii. Un cilindru bine proiectat \u00eembun\u0103t\u0103\u021be\u0219te semnificativ siguran\u021ba operatorului \u0219i a echipamentului.<\/p>\n<h3>\u00centre\u021binere \u0219i reparabilitate<\/h3>\n<p>Un design care faciliteaz\u0103 \u00eentre\u021binerea \u0219i repararea u\u0219oar\u0103 este esen\u021bial. Aceasta include posibilitatea de a accesa componentele critice f\u0103r\u0103 a dezasambla \u00eentregul utilaj. \u00centre\u021binerea regulat\u0103 poate prelungi durata de via\u021b\u0103 a cilindrului \u0219i poate \u00eembun\u0103t\u0103\u021bi eficien\u021ba opera\u021bional\u0103 general\u0103.<\/p>\n<p><img decoding=\"async\" src=\"https:\/\/www.hydraulic-cylinders.net\/wp-content\/uploads\/2025\/04\/songte-oil-pipes-and-spare-parts.webp\" alt=\"Piese cilindru hidraulic\" \/><\/p>\n<h2>Garnituri \u0219i lubrifiere<\/h2>\n<p>Performan\u021ba unui cilindru al bra\u021bului depinde \u00een mare m\u0103sur\u0103 de sisteme eficiente de etan\u0219are \u0219i lubrifiere. Se utilizeaz\u0103 diverse etan\u0219\u0103ri, inclusiv etan\u0219\u0103ri pentru piston \u0219i etan\u0219\u0103ri pentru tij\u0103, care sunt esen\u021biale pentru men\u021binerea presiunii hidraulice. Alegerea unor materiale durabile, precum poliuretanul \u0219i cauciucul nitrilic, pentru aceste etan\u0219\u0103ri ajut\u0103 la \u00eembun\u0103t\u0103\u021birea rezisten\u021bei la uzur\u0103, asigur\u00e2nd o durat\u0103 de via\u021b\u0103 mai lung\u0103.<\/p>\n<p>Mai mult, corpul cilindrului \u0219i capetele filetate sunt adesea supuse unor prelucr\u0103ri fine pentru a spori rezisten\u021ba la uzur\u0103. Lubrifierea regulat\u0103 cu ulei hidraulic adecvat este necesar\u0103 pentru a preveni frecarea \u0219i acumularea de c\u0103ldur\u0103, care pot duce la uzura prematur\u0103 a componentelor cilindrului. O rutin\u0103 eficient\u0103 de lubrifiere ajut\u0103 la men\u021binerea performan\u021bei optime \u0219i a longevit\u0103\u021bii cilindrului bra\u021bului.<\/p>\n<h2>M\u0103suri de \u00eentre\u021binere preventiv\u0103<\/h2>\n<ul>\n<li><strong>Inspec\u021bii regulate:<\/strong> Efectua\u021bi inspec\u021bii regulate ale cilindrului bra\u021bului pentru a depista semne de uzur\u0103, scurgeri sau deteriorare. Acest lucru ajut\u0103 la identificarea din timp a problemelor \u0219i la prevenirea defec\u021biunilor catastrofale.<\/li>\n<li><strong>Lubrifiere adecvat\u0103:<\/strong> Asigura\u021bi-v\u0103 c\u0103 nivelurile uleiului hidraulic sunt adecvate \u0219i c\u0103 se aplic\u0103 o lubrifiere corespunz\u0103toare pentru a reduce frecarea \u0219i uzura garniturilor \u0219i a pieselor mobile.<\/li>\n<li><strong>\u00cenlocuirea garniturii:<\/strong> Verifica\u021bi periodic garniturile pentru uzur\u0103 \u0219i \u00eenlocui\u021bi-le dup\u0103 cum este necesar pentru a men\u021bine integritatea hidraulic\u0103 \u0219i a preveni scurgerile.<\/li>\n<\/ul>\n<h2>Instruc\u021biuni de instalare<\/h2>\n<p>Instalarea corect\u0103 a cilindrului bra\u021bului este crucial\u0103 pentru performan\u021b\u0103 \u0219i siguran\u021b\u0103. \u00cencepe\u021bi prin a v\u0103 asigura c\u0103 cilindrul este aliniat corect cu celelalte componente ale excavatorului. Folosi\u021bi console de montare adecvate pentru a fixa cilindrul \u00een pozi\u021bie, evit\u00e2nd solicit\u0103rile asupra conductelor hidraulice.<\/p>\n<p>When installing, check for any obstructions that could hinder the cylinder&#8217;s performance. Ensure that all bolts are tightened to the manufacturer&#8217;s specifications and that hydraulic lines are free of kinks or sharp bends that could lead to leaks.<\/p>\n<p>Dup\u0103 instalare, testa\u021bi mi\u0219carea bra\u021bului pentru a v\u0103 asigura c\u0103 func\u021bioneaz\u0103 f\u0103r\u0103 probleme. Monitoriza\u021bi orice zgomote sau mi\u0219c\u0103ri neobi\u0219nuite \u00een timpul utiliz\u0103rii ini\u021biale, care ar putea indica o nealiniere sau probleme de instalare. \u00centre\u021bine\u021bi periodic instala\u021bia pentru a asigura performan\u021ba continu\u0103.<\/p>\n<h2>Sarcini comune de \u00eentre\u021binere<\/h2>\n<h3>Controale regulate<\/h3>\n<p>Verific\u0103rile regulate implic\u0103 inspectarea cilindrului bra\u021bului pentru orice deterior\u0103ri sau uzur\u0103 vizibile. C\u0103uta\u021bi semne de scurgeri de lichid hidraulic, care ar putea indica o etan\u0219are sau o conexiune defect\u0103. Depistarea timpurie a problemelor poate preveni probleme mai mari pe viitor, asigur\u00e2nd func\u021bionarea eficient\u0103 a cilindrului.<\/p>\n<h3>Lubrifiere adecvat\u0103<\/h3>\n<p>Lubrifierea adecvat\u0103 este esen\u021bial\u0103 pentru a minimiza frecarea dintre piesele mobile din interiorul cilindrului. Verifica\u021bi periodic nivelurile de ulei hidraulic \u0219i completa\u021bi dup\u0103 cum este necesar. Utiliza\u021bi lubrifian\u021bii recomanda\u021bi de produc\u0103tor pentru a asigura compatibilitatea \u0219i eficacitatea.<\/p>\n<h3>\u00cenlocuirea garniturii \u0219i verific\u0103ri ale calibr\u0103rii<\/h3>\n<p>\u00cenlocuirea garniturilor este esen\u021bial\u0103 pentru men\u021binerea integrit\u0103\u021bii sistemului hidraulic. Programa\u021bi verific\u0103ri de rutin\u0103 pentru a evalua starea garniturilor \u0219i a le \u00eenlocui dup\u0103 cum este necesar. De asemenea, trebuie efectuate verific\u0103ri de calibrare pentru a se asigura c\u0103 cilindrul func\u021bioneaz\u0103 \u00een parametrii proiecta\u021bi, optimiz\u00e2nd performan\u021ba \u0219i siguran\u021ba.<\/p>\n<p><img decoding=\"async\" src=\"https:\/\/www.hydraulic-cylinders.net\/wp-content\/uploads\/2025\/04\/songte-chushion-collar.webp\" alt=\"Instalarea cilindrului\" \/><\/p>\n<h2>Considera\u021bii de siguran\u021b\u0103 \u0219i factori de mediu<\/h2>\n<p>Atunci c\u00e2nd se lucreaz\u0103 cu sisteme hidraulice, m\u0103surile de siguran\u021b\u0103 sunt primordiale. Asigurarea faptului c\u0103 operatorii sunt instrui\u021bi cu privire la procedurile de manipulare \u00een siguran\u021b\u0103 poate reduce semnificativ riscul de accidente. \u00cen plus, utilizarea fluidelor hidraulice ecologice ajut\u0103 la atenuarea impactului negativ asupra mediului, promov\u00e2nd sustenabilitatea \u00een opera\u021biuni.<\/p>\n<h2>Diagnosticarea defec\u021biunilor \u0219i probleme frecvente<\/h2>\n<ul>\n<li><strong>Scurgeri de fluide:<\/strong> Una dintre cele mai frecvente probleme este scurgerea de lichid hidraulic. Aceasta poate fi cauzat\u0103 de uzura garniturilor de etan\u0219are sau de deteriorarea conexiunilor. Inspec\u021biile regulate pot ajuta la identificarea timpurie a scurgerilor.<\/li>\n<li><strong>Performan\u021b\u0103 slab\u0103:<\/strong> Dac\u0103 bra\u021bul nu r\u0103spunde conform a\u0219tept\u0103rilor, ar putea indica probleme cu presiunea hidraulic\u0103 sau blocaje \u00een sistem. Este esen\u021bial s\u0103 verifica\u021bi nivelurile uleiului hidraulic \u0219i starea filtrului.<\/li>\n<li><strong>Zgomote neobi\u0219nuite:<\/strong> Orice sunete ciudate \u00een timpul func\u021bion\u0103rii pot sugera probleme mecanice. Investigarea prompt\u0103 a zgomotelor neobi\u0219nuite poate preveni deteriorarea ulterioar\u0103 a cilindrului.<\/li>\n<\/ul>\n<h2>Sfaturi de depanare<\/h2>\n<p>Pentru a diagnostica \u0219i rezolva eficient problemele, \u00eencepe\u021bi cu o inspec\u021bie am\u0103nun\u021bit\u0103 a cilindrului \u0219i a componentelor din jur. Verifica\u021bi nivelurile fluidului hidraulic \u0219i inspecta\u021bi pentru scurgeri. Dac\u0103 apar probleme de performan\u021b\u0103, evalua\u021bi sistemul hidraulic pentru blocaje sau pierderi de presiune.<\/p>\n<p>Luarea unor m\u0103suri preventive, cum ar fi \u00eentre\u021binerea \u0219i monitorizarea regulat\u0103, poate reduce la minimum poten\u021bialele probleme. Monitorizarea parametrilor opera\u021bionali \u0219i crearea de alerte pentru sarcinile de \u00eentre\u021binere vor spori longevitatea \u0219i fiabilitatea cilindrului bra\u021bului.<\/p>\n<p><img decoding=\"async\" src=\"https:\/\/www.hydraulic-cylinders.net\/wp-content\/uploads\/2025\/04\/songte-bushings-with-all-kinds-of-excavator-models.webp\" alt=\"Buc\u0219e pentru excavator\" \/><\/p>\n<h2>Despre compania noastr\u0103<\/h2>\n<p>Suntem un produc\u0103tor \u0219i distribuitor angro de top de cilindri hidraulici de schimb, oferind o gam\u0103 complet\u0103 de produse at\u00e2t pe pie\u021bele interne, c\u00e2t \u0219i interna\u021bionale. Angajamentul nostru fa\u021b\u0103 de o calitate excep\u021bional\u0103 este sus\u021binut de un proces de fabrica\u021bie rafinat \u0219i de strategii robuste de management al produc\u021biei. Ne \u00eembun\u0103t\u0103\u021bim continuu capacit\u0103\u021bile de produc\u021bie prin personal calificat, echipamente digitale avansate de fabrica\u021bie \u0219i sisteme profesionale de testare.<\/p>\n<p>Concentrarea noastr\u0103 pe precizie \u0219i calitate garanteaz\u0103 c\u0103 \u00eendeplinim eficient cerin\u021bele diverse ale clien\u021bilor. Oferim certific\u0103ri interna\u021bionale, servicii personalizate \u0219i o gam\u0103 larg\u0103 de produse adaptate la diverse aplica\u021bii. Serviciul nostru post-v\u00e2nzare solid garanteaz\u0103 c\u0103 clien\u021bii primesc asisten\u021b\u0103 continu\u0103 \u0219i satisfac\u021bie cu achizi\u021biile lor.<\/p>\n<p><img decoding=\"async\" src=\"https:\/\/www.hydraulic-cylinders.net\/wp-content\/uploads\/2025\/04\/songte-company-4.webp\" alt=\"Prezentare general\u0103 a companiei\" \/><br \/>\n<img decoding=\"async\" src=\"https:\/\/www.hydraulic-cylinders.net\/wp-content\/uploads\/2025\/04\/songte-company-3.webp\" alt=\"Unitate de produc\u021bie\" \/><\/p>\n<p>Autor: lyl<\/p>","protected":false},"excerpt":{"rendered":"<p>Boom Cylinder For Zoomlion Small Excavator ZE85E Understanding the Boom Cylinder Definition and Overview The Boom Cylinder is a critical hydraulic component designed specifically for controlling the movement of the boom in heavy machinery, particularly in excavators like the Zoomlion Small Excavator ZE85E. This hydraulic cylinder enables the boom to raise, lower, and tilt, facilitating [&hellip;]<\/p>","protected":false},"featured_media":17868,"comment_status":"open","ping_status":"closed","template":"","meta":{"_et_pb_use_builder":"","_et_pb_old_content":"","_et_gb_content_width":""},"product_brand":[],"product_cat":[1546],"product_tag":[1547,1496],"class_list":{"0":"post-19212","1":"product","2":"type-product","3":"status-publish","4":"has-post-thumbnail","6":"product_cat-boom-cylinders","7":"product_tag-boom-cylinders","8":"product_tag-hydraulic-cylinders","10":"first","11":"instock","12":"shipping-taxable","13":"product-type-simple"},"amp_enabled":true,"_links":{"self":[{"href":"https:\/\/www.hydraulic-cylinders.net\/ro\/wp-json\/wp\/v2\/product\/19212","targetHints":{"allow":["GET"]}}],"collection":[{"href":"https:\/\/www.hydraulic-cylinders.net\/ro\/wp-json\/wp\/v2\/product"}],"about":[{"href":"https:\/\/www.hydraulic-cylinders.net\/ro\/wp-json\/wp\/v2\/types\/product"}],"replies":[{"embeddable":true,"href":"https:\/\/www.hydraulic-cylinders.net\/ro\/wp-json\/wp\/v2\/comments?post=19212"}],"wp:featuredmedia":[{"embeddable":true,"href":"https:\/\/www.hydraulic-cylinders.net\/ro\/wp-json\/wp\/v2\/media\/17868"}],"wp:attachment":[{"href":"https:\/\/www.hydraulic-cylinders.net\/ro\/wp-json\/wp\/v2\/media?parent=19212"}],"wp:term":[{"taxonomy":"product_brand","embeddable":true,"href":"https:\/\/www.hydraulic-cylinders.net\/ro\/wp-json\/wp\/v2\/product_brand?post=19212"},{"taxonomy":"product_cat","embeddable":true,"href":"https:\/\/www.hydraulic-cylinders.net\/ro\/wp-json\/wp\/v2\/product_cat?post=19212"},{"taxonomy":"product_tag","embeddable":true,"href":"https:\/\/www.hydraulic-cylinders.net\/ro\/wp-json\/wp\/v2\/product_tag?post=19212"}],"curies":[{"name":"wp","href":"https:\/\/api.w.org\/{rel}","templated":true}]}}