{"id":19214,"date":"2025-04-07T06:18:29","date_gmt":"2025-04-07T06:18:29","guid":{"rendered":"https:\/\/www.hydraulic-cylinders.net\/product\/boom-cylinder-for-zoomlion-small-excavator-ze150e\/"},"modified":"2025-04-07T06:18:32","modified_gmt":"2025-04-07T06:18:32","slug":"boom-cylinder-for-zoomlion-small-excavator-ze150e","status":"publish","type":"product","link":"https:\/\/www.hydraulic-cylinders.net\/ro\/produs\/boom-cylinder-for-zoomlion-small-excavator-ze150e\/","title":{"rendered":"Cilindru bra\u021b pentru excavatorul mic Zoomlion ZE150E"},"content":{"rendered":"<h1>Cilindru bra\u021b pentru excavatorul mic Zoomlion ZE150E<\/h1>\n<h2>Prezentare general\u0103 a produsului<\/h2>\n<p>Cilindrul bra\u021bului pentru excavatorul mic Zoomlion ZE150E este o component\u0103 hidraulic\u0103 esen\u021bial\u0103, conceput\u0103 pentru a controla mi\u0219carea bra\u021bului \u00een diverse utilaje grele, \u00een special excavatoare. Acest cilindru hidraulic joac\u0103 un rol vital \u00een permiterea ridic\u0103rii, cobor\u00e2rii \u0219i \u00eenclin\u0103rii bra\u021bului, facilit\u00e2nd sarcini eficiente de manipulare a materialelor pe \u0219antierele de construc\u021bii \u0219i \u00een alte aplica\u021bii industriale.<\/p>\n<p><img decoding=\"async\" src=\"https:\/\/www.hydraulic-cylinders.net\/wp-content\/uploads\/2025\/04\/songte-company-1.webp\" alt=\"Cilindru de bra\u021b\"><\/p>\n<h3>Defini\u021bie \u0219i func\u021bie<\/h3>\n<p>Un cilindru hidraulic pentru cup\u0103 este un tip specific de cilindru hidraulic proiectat pentru a gestiona mi\u0219carea cupelor \u00een utilaje grele, cum ar fi excavatoarele, \u00eenc\u0103rc\u0103toarele cu excavator \u0219i \u00eenc\u0103rc\u0103toarele frontale. Acesta permite cupei s\u0103 \u00eendeplineasc\u0103 func\u021bii esen\u021biale, cum ar fi ridicarea, cobor\u00e2rea \u0219i \u00eenclinarea, care sunt cruciale pentru transportul eficient al materialelor. Capacitatea de a controla aceste mi\u0219c\u0103ri cu precizie \u00eembun\u0103t\u0103\u021be\u0219te eficien\u021ba opera\u021bional\u0103 general\u0103.<\/p>\n<h2>Caracteristici cheie<\/h2>\n<ul>\n<li><strong>Rezisten\u021b\u0103 \u0219i durabilitate ridicate:<\/strong> De obicei, construi\u021bi din o\u021bel sau aluminiu de \u00eenalt\u0103 rezisten\u021b\u0103, ace\u0219ti cilindri pot rezista la presiuni ridicate \u0219i sarcini grele, fiind \u00een acela\u0219i timp potrivi\u021bi pentru condi\u021bii de lucru dure. Sunt proiecta\u021bi av\u00e2nd \u00een vedere rezisten\u021ba la uzur\u0103 \u0219i la coroziune, prelungindu-le semnificativ durata de via\u021b\u0103.<\/li>\n<li><strong>Func\u021bionare hidraulic\u0103 eficient\u0103:<\/strong> Utiliz\u00e2nd presiunea uleiului hidraulic, cilindrul bra\u021bului ofer\u0103 mi\u0219c\u0103ri telescopice line, permi\u021b\u00e2nd un r\u0103spuns rapid la comenzile de control \u0219i oferind for\u021be substan\u021biale de \u00eempingere \u0219i tragere pentru manipularea sarcinilor grele \u0219i complexe.<\/li>\n<li><strong>Diverse tipuri:<\/strong> Ace\u0219ti cilindri sunt disponibili \u00een diverse configura\u021bii, inclusiv op\u021biuni cu ac\u021biune simpl\u0103 (func\u021bionare hidraulic\u0103 \u00eentr-o singur\u0103 direc\u021bie) \u0219i cu ac\u021biune dubl\u0103 (func\u021bionare hidraulic\u0103 \u00een ambele direc\u021bii) pentru a satisface diferite nevoi opera\u021bionale. Unele modele sunt telescopice, permi\u021b\u00e2nd o extensie mai mare f\u0103r\u0103 a cre\u0219te dimensiunile exterioare, ideale pentru aplica\u021bii cu spa\u021biu limitat.<\/li>\n<\/ul>\n<p>Putem fabrica acest produs, oferind \u00eenlocuiri perfecte pentru diver\u0219i cilindri hidraulici.<\/p>\n<p><img decoding=\"async\" src=\"https:\/\/www.hydraulic-cylinders.net\/wp-content\/uploads\/2025\/04\/songte-cylinder-head-with-all-kinds-excavator-models.webp\" alt=\"Modele de excavatoare\"><\/p>\n<h2>Scenarii de aplica\u021bii<\/h2>\n<h3>Echipamente de construc\u021bii<\/h3>\n<p>\u00cen excavatoare, cilindrii bra\u021bului sunt esen\u021biali pentru s\u0103pare, \u00eenc\u0103rcare \u0219i mutarea solului sau a resturilor. Ace\u0219tia faciliteaz\u0103 procesul de s\u0103pare permi\u021b\u00e2nd cupei s\u0103 p\u0103trund\u0103 eficient \u00een sol, ceea ce \u00eei face indispensabili \u00een sarcinile de construc\u021bie \u0219i demolare.<\/p>\n<h3>Ma\u0219ini agricole<\/h3>\n<p>\u00cen cazul \u00eenc\u0103rc\u0103toarelor frontale, cilindrii bra\u021bului sunt esen\u021biali pentru \u00eenc\u0103rcarea, ridicarea \u0219i transportul solului, f\u00e2nului \u0219i altor materiale. Designul lor robust \u0219i eficien\u021ba hidraulic\u0103 le fac ideale pentru aplica\u021bii agricole, sporind productivitatea \u00een opera\u021biunile agricole.<\/p>\n<h3>Sarcini de excavare<\/h3>\n<p>La excavatoare, cilindrul bra\u021bului permite cupei s\u0103 efectueze ac\u021biunea de s\u0103pare prin penetrarea solului, ceea ce o face o component\u0103 vital\u0103 pentru sarcinile de excavare \u00een diverse industrii, inclusiv construc\u021bii, minerit \u0219i amenaj\u0103ri peisagistice.<\/p>\n<h3>Opera\u021biuni de \u00eenc\u0103rcare<\/h3>\n<p>\u00cen cazul \u00eenc\u0103rc\u0103toarelor frontale, ace\u0219ti cilindri ajut\u0103 la ridicarea \u0219i desc\u0103rcarea eficient\u0103 a sarcinilor, ceea ce \u00eei face esen\u021biali pentru manipularea materialelor \u00een diverse situa\u021bii, inclusiv \u0219antiere de construc\u021bii \u0219i depozite.<\/p>\n<h2>Considera\u021bii de proiectare \u0219i standarde de selec\u021bie<\/h2>\n<h3>Capacitate de \u00eenc\u0103rcare<\/h3>\n<p>Capacitatea de \u00eenc\u0103rcare a unui cilindru al bra\u021bului determin\u0103 abilitatea acestuia de a gestiona eficient greut\u0103\u021bi specifice. Selectarea unui cilindru cu o capacitate de \u00eenc\u0103rcare adecvat\u0103 este crucial\u0103 pentru a asigura siguran\u021ba \u0219i performan\u021ba \u00een timpul opera\u021biunilor. Produc\u0103torii trebuie s\u0103 ia \u00een considerare utilizarea preconizat\u0103 \u0219i cerin\u021bele de \u00eenc\u0103rcare pentru a preveni defec\u021biunile sau accidentele.<\/p>\n<h3>Performan\u021ba de etan\u0219are<\/h3>\n<p>Etan\u0219area eficient\u0103 este vital\u0103 pentru men\u021binerea presiunii hidraulice \u0219i prevenirea scurgerilor. Garniturile de \u00eenalt\u0103 calitate, fabricate din materiale durabile, pot cre\u0219te semnificativ longevitatea cilindrului. Este esen\u021bial s\u0103 selecta\u021bi garnituri concepute pentru condi\u021biile specifice de lucru ale cilindrului, asigur\u00e2nd performan\u021be optime.<\/p>\n<h3>Durabilitate<\/h3>\n<p>Durabilitatea este un factor cheie \u00een proiectarea cilindrilor bra\u021bului, deoarece ace\u0219tia trebuie s\u0103 reziste la medii dure \u0219i utiliz\u0103ri intense. Factori precum selec\u021bia materialelor, tratamentele de suprafa\u021b\u0103 \u0219i caracteristicile de design contribuie la durabilitatea general\u0103, reduc\u00e2nd riscul de defec\u021biune \u0219i nevoile de \u00eentre\u021binere \u00een timp.<\/p>\n<h3>Caracteristici de siguran\u021b\u0103<\/h3>\n<p>Siguran\u021ba este primordial\u0103 \u00een sistemele hidraulice. Incorporarea unor mecanisme de siguran\u021b\u0103, precum supapele de suprapresiune \u0219i func\u021biile de protec\u021bie la suprasarcin\u0103, este esen\u021bial\u0103 pentru a preveni accidentele \u0219i a asigura o func\u021bionare \u00een siguran\u021b\u0103. Considera\u021biile de proiectare trebuie s\u0103 acorde prioritate siguran\u021bei utilizatorului f\u0103r\u0103 a compromite performan\u021ba.<\/p>\n<h3>Mentenabilitate<\/h3>\n<p>U\u0219urin\u021ba \u00eentre\u021binerii este esen\u021bial\u0103 pentru longevitatea \u0219i eficien\u021ba cilindrilor hidraulici. Caracteristicile de design, cum ar fi punctele de lubrifiere accesibile, garniturile u\u0219or de \u00eenlocuit \u0219i instruc\u021biunile de service clare, sporesc mentenabilitatea, asigur\u00e2nd c\u0103 \u00eentre\u021binerea regulat\u0103 poate fi efectuat\u0103 cu timpi de nefunc\u021bionare minimi.<\/p>\n<p><img decoding=\"async\" src=\"https:\/\/www.hydraulic-cylinders.net\/wp-content\/uploads\/2025\/04\/songte-oil-pipes-and-spare-parts.webp\" alt=\"Conducte de petrol \u0219i piese de schimb\"><\/p>\n<h2>Etan\u0219are \u0219i lubrifiere<\/h2>\n<p>Diverse componente de etan\u0219are, cum ar fi etan\u0219\u0103rile pistonului \u0219i etan\u0219\u0103rile tijei, sunt esen\u021biale pentru men\u021binerea integrit\u0103\u021bii hidraulice. Garniturile fabricate din poliuretan \u0219i cauciuc nitrilic sunt utilizate \u00een mod obi\u0219nuit pentru rezisten\u021ba lor la abraziune. \u00cen plus, corpul cilindrului \u0219i suprafe\u021bele filetate ale cap\u0103tului sunt prelucrate fin pentru a \u00eembun\u0103t\u0103\u021bi rezisten\u021ba la uzur\u0103. \u00centre\u021binerea regulat\u0103 implic\u0103 asigurarea unei lubrifieri adecvate prin ad\u0103ugarea periodic\u0103 de ulei hidraulic pentru a minimiza frecarea \u0219i uzura pieselor \u00een mi\u0219care.<\/p>\n<h2>Inspec\u021bie regulat\u0103 \u0219i m\u0103suri de \u00eentre\u021binere preventiv\u0103<\/h2>\n<ul>\n<li><strong>Inspec\u021bii de rutin\u0103:<\/strong> Efectua\u021bi inspec\u021bii vizuale regulate pentru a verifica dac\u0103 exist\u0103 scurgeri, coroziune \u0219i uzur\u0103 la garnituri \u0219i conexiuni. Depistarea timpurie a problemelor poate preveni apari\u021bia unor probleme mai semnificative pe viitor.<\/li>\n<li><strong>Lubrifiere adecvat\u0103:<\/strong> Asigura\u021bi-v\u0103 c\u0103 toate piesele mobile sunt lubrifiate corespunz\u0103tor pentru a reduce frecarea, care poate duce la uzur\u0103 \u0219i deteriorare. Folosi\u021bi uleiul hidraulic recomandat \u0219i urma\u021bi programul de lubrifiere stabilit de produc\u0103tor.<\/li>\n<li><strong>\u00cenlocuirea garniturii:<\/strong> Monitoriza\u021bi starea garniturilor \u0219i \u00eenlocui\u021bi-le dup\u0103 cum este necesar. Garniturile uzate sau deteriorate pot duce la scurgeri \u0219i pot reduce eficien\u021ba sistemului hidraulic.<\/li>\n<\/ul>\n<h2>Instruc\u021biuni de instalare<\/h2>\n<p>C\u00e2nd instala\u021bi un cilindru al bra\u021bului, urma\u021bi ace\u0219ti pa\u0219i pentru o performan\u021b\u0103 optim\u0103:<br \/>\n1. **Preg\u0103tire:** Asigura\u021bi-v\u0103 c\u0103 zona de lucru este curat\u0103 \u0219i lipsit\u0103 de resturi. Aduna\u021bi toate uneltele \u0219i componentele necesare \u00eenainte de a \u00eencepe instalarea.<br \/>\n2. **Aliniere:** Alinia\u021bi corect cilindrul cu suporturile de montare. Nealinierea poate cauza uzur\u0103 prematur\u0103 \u0219i defec\u021biuni.<br \/>\n3. **Utiliza\u021bi console de sus\u021binere:** Utiliza\u021bi console de sus\u021binere adecvate pentru a fixa cilindrul \u00een timpul instal\u0103rii, prevenind mi\u0219carea care ar putea deteriora componentele.<br \/>\n4. **Str\u00e2ngere:** Str\u00e2nge\u021bi toate \u0219uruburile \u0219i elementele de fixare conform specifica\u021biilor produc\u0103torului, asigur\u00e2nd o fixare sigur\u0103, f\u0103r\u0103 a str\u00e2nge excesiv, ceea ce ar putea duce la fisuri sub tensiune.<br \/>\n5. **Testare:** Dup\u0103 instalare, testa\u021bi cilindrul rotindu-l complet pentru a asigura func\u021bionarea corect\u0103 \u0219i pentru a verifica dac\u0103 exist\u0103 scurgeri.<\/p>\n<h2>Sarcini comune de \u00eentre\u021binere<\/h2>\n<ul>\n<li><strong>Inspec\u021bii regulate:<\/strong> Verific\u0103rile de rutin\u0103 pentru identificarea oric\u0103ror semne de uzur\u0103 sau deteriorare sunt esen\u021biale. Acestea includ monitorizarea scurgerilor sau a zgomotelor neobi\u0219nuite \u00een timpul func\u021bion\u0103rii.<\/li>\n<li><strong>Lubrifiere adecvat\u0103:<\/strong> Lubrifierea adecvat\u0103 este esen\u021bial\u0103 pentru men\u021binerea eficien\u021bei sistemului hidraulic. Verifica\u021bi \u0219i \u00eenlocui\u021bi periodic uleiul hidraulic, dup\u0103 cum este necesar, respect\u00e2nd instruc\u021biunile produc\u0103torului.<\/li>\n<li><strong>\u00cenlocuirea \u0219i calibrarea garniturii:<\/strong> Verifica\u021bi periodic garniturile pentru uzur\u0103 \u0219i \u00eenlocui\u021bi-le atunci c\u00e2nd este necesar. Verific\u0103rile de calibrare asigur\u0103 c\u0103 sistemul hidraulic func\u021bioneaz\u0103 \u00een parametrii specifica\u021bi, sporind siguran\u021ba \u0219i performan\u021ba.<\/li>\n<\/ul>\n<p>Instalarea corect\u0103, lubrifierea regulat\u0103 \u0219i reglajele sunt vitale pentru longevitatea cilindrului bra\u021bului. Asigura\u021bi o aliniere corect\u0103 \u00een timpul instal\u0103rii \u0219i utiliza\u021bi suporturile de instalare recomandate pentru a fixa cilindrul. Respectarea procedurilor de \u00eentre\u021binere recomandate va ajuta la men\u021binerea performan\u021bei \u0219i la prevenirea repara\u021biilor costisitoare.<\/p>\n<p><img decoding=\"async\" src=\"https:\/\/www.hydraulic-cylinders.net\/wp-content\/uploads\/2025\/04\/songte-chushion-collar.webp\" alt=\"Guler de pern\u0103\"><\/p>\n<h2>Considera\u021bii de siguran\u021b\u0103 \u0219i factori de mediu<\/h2>\n<p>Atunci c\u00e2nd se utilizeaz\u0103 cilindri hidraulici, este esen\u021bial s\u0103 se implementeze m\u0103suri de siguran\u021b\u0103 pentru a preveni accidentele. Acestea includ respectarea instruc\u021biunilor opera\u021bionale, utilizarea echipamentului individual de protec\u021bie (EIP) adecvat \u0219i asigurarea faptului c\u0103 to\u021bi operatorii sunt instrui\u021bi \u00een protocoalele de siguran\u021b\u0103. Auditurile regulate de siguran\u021b\u0103 pot ajuta la identificarea riscurilor poten\u021biale \u0219i la \u00eembun\u0103t\u0103\u021birea siguran\u021bei opera\u021bionale generale.<\/p>\n<h2>Diagnosticarea defec\u021biunilor \u0219i probleme frecvente<\/h2>\n<ul>\n<li><strong>Scurgere:<\/strong> De obicei, cauzate de garnituri uzate sau instalare necorespunz\u0103toare. Inspecta\u021bi garniturile \u00een mod regulat \u0219i \u00eenlocui\u021bi-le dup\u0103 cum este necesar.<\/li>\n<li><strong>Performan\u021b\u0103 redus\u0103:<\/strong> Acest lucru poate indica niveluri sc\u0103zute de lichid hidraulic sau aer \u00een sistem. Verifica\u021bi nivelurile de lichid \u0219i aerisi\u021bi sistemul dac\u0103 este necesar.<\/li>\n<li><strong>Zgomote neobi\u0219nuite:<\/strong> Zgomotele din timpul func\u021bion\u0103rii pot semnala probleme mecanice. Identifica\u021bi sursa zgomotului \u0219i remedia\u021bi imediat orice componente uzate sau deteriorate.<\/li>\n<\/ul>\n<h2>Sfaturi de depanare<\/h2>\n<p>Pentru a diagnostica \u0219i rezolva eficient problemele, urma\u021bi aceste sfaturi:<br \/>\n1. **\u00centre\u021binere regulat\u0103:** Implementa\u021bi un program de \u00eentre\u021binere regulat\u0103 pentru a minimiza poten\u021bialele probleme \u0219i a prelungi durata de via\u021b\u0103 a cilindrului hidraulic.<br \/>\n2. **Monitorizarea performan\u021bei:** Monitoriza\u021bi performan\u021ba opera\u021bional\u0103 a cilindrului \u0219i remedia\u021bi prompt orice abatere de la comportamentul normal.<br \/>\n3. **M\u0103suri preventive:** Educa\u021bi operatorii cu privire la utilizarea \u0219i \u00eentre\u021binerea corect\u0103 a echipamentului pentru a reduce probabilitatea apari\u021biei problemelor cauzate de operator.<\/p>\n<p><img decoding=\"async\" src=\"https:\/\/www.hydraulic-cylinders.net\/wp-content\/uploads\/2025\/04\/songte-bushings-with-all-kinds-of-excavator-models.webp\" alt=\"Buc\u0219e pentru modele de excavatoare\"><\/p>\n<h2>Despre compania noastr\u0103<\/h2>\n<p>Suntem un produc\u0103tor de top specializat \u00een cilindri hidraulici, oferind o gam\u0103 divers\u0103 de produse concepute pentru a satisface cerin\u021bele at\u00e2t ale pie\u021belor interne, c\u00e2t \u0219i ale celor interna\u021bionale. Angajamentul nostru fa\u021b\u0103 de excelen\u021ba \u00een calitate este sus\u021binut de strategiile noastre rafinate de management al produc\u021biei, tehnologia inovatoare \u0219i sistemele robuste de testare. Ne \u00eembun\u0103t\u0103\u021bim continuu capacit\u0103\u021bile de produc\u021bie pentru a oferi produse de \u00eenalt\u0103 eficien\u021b\u0103, \u00eenalt\u0103 precizie \u0219i \u00eenalt\u0103 calitate, care s\u0103 satisfac\u0103 diversele nevoi ale clien\u021bilor.<\/p>\n<p>Mai mult, oferim servicii profesionale, certific\u0103ri interna\u021bionale \u0219i solu\u021bii personalizate adaptate cerin\u021belor specifice. Echipamentele noastre de produc\u021bie de ultim\u0103 genera\u021bie \u0219i asisten\u021ba post-v\u00e2nzare dedicat\u0103 asigur\u0103 \u00eendeplinirea \u0219i dep\u0103\u0219irea standardelor industriei, construind \u00een acela\u0219i timp rela\u021bii pe termen lung cu clien\u021bii no\u0219tri.<\/p>\n<p><img decoding=\"async\" src=\"https:\/\/www.hydraulic-cylinders.net\/wp-content\/uploads\/2025\/04\/songte-company-4.webp\" alt=\"Prezentare general\u0103 a companiei\"><br \/>\n<img decoding=\"async\" src=\"https:\/\/www.hydraulic-cylinders.net\/wp-content\/uploads\/2025\/04\/songte-company-3.webp\" alt=\"Unitate de produc\u021bie\"><\/p>\n<p>Autor: lyl<\/p>","protected":false},"excerpt":{"rendered":"<p>Boom Cylinder For Zoomlion Small Excavator ZE150E Product Overview The Boom Cylinder for Zoomlion Small Excavator ZE150E is a critical hydraulic component designed to control the movement of the boom in various heavy machinery, particularly excavators. This hydraulic cylinder plays a vital role in enabling the boom to lift, lower, and tilt, facilitating efficient material [&hellip;]<\/p>","protected":false},"featured_media":17870,"comment_status":"open","ping_status":"closed","template":"","meta":{"_et_pb_use_builder":"","_et_pb_old_content":"","_et_gb_content_width":""},"product_brand":[],"product_cat":[1546],"product_tag":[1547,1496],"class_list":{"0":"post-19214","1":"product","2":"type-product","3":"status-publish","4":"has-post-thumbnail","6":"product_cat-boom-cylinders","7":"product_tag-boom-cylinders","8":"product_tag-hydraulic-cylinders","10":"first","11":"instock","12":"shipping-taxable","13":"product-type-simple"},"amp_enabled":true,"_links":{"self":[{"href":"https:\/\/www.hydraulic-cylinders.net\/ro\/wp-json\/wp\/v2\/product\/19214","targetHints":{"allow":["GET"]}}],"collection":[{"href":"https:\/\/www.hydraulic-cylinders.net\/ro\/wp-json\/wp\/v2\/product"}],"about":[{"href":"https:\/\/www.hydraulic-cylinders.net\/ro\/wp-json\/wp\/v2\/types\/product"}],"replies":[{"embeddable":true,"href":"https:\/\/www.hydraulic-cylinders.net\/ro\/wp-json\/wp\/v2\/comments?post=19214"}],"wp:featuredmedia":[{"embeddable":true,"href":"https:\/\/www.hydraulic-cylinders.net\/ro\/wp-json\/wp\/v2\/media\/17870"}],"wp:attachment":[{"href":"https:\/\/www.hydraulic-cylinders.net\/ro\/wp-json\/wp\/v2\/media?parent=19214"}],"wp:term":[{"taxonomy":"product_brand","embeddable":true,"href":"https:\/\/www.hydraulic-cylinders.net\/ro\/wp-json\/wp\/v2\/product_brand?post=19214"},{"taxonomy":"product_cat","embeddable":true,"href":"https:\/\/www.hydraulic-cylinders.net\/ro\/wp-json\/wp\/v2\/product_cat?post=19214"},{"taxonomy":"product_tag","embeddable":true,"href":"https:\/\/www.hydraulic-cylinders.net\/ro\/wp-json\/wp\/v2\/product_tag?post=19214"}],"curies":[{"name":"wp","href":"https:\/\/api.w.org\/{rel}","templated":true}]}}