{"id":19216,"date":"2025-04-07T06:18:34","date_gmt":"2025-04-07T06:18:34","guid":{"rendered":"https:\/\/www.hydraulic-cylinders.net\/product\/boom-cylinder-for-zoomlion-middle-excavator-ze210e\/"},"modified":"2025-04-07T06:18:36","modified_gmt":"2025-04-07T06:18:36","slug":"boom-cylinder-for-zoomlion-middle-excavator-ze210e","status":"publish","type":"product","link":"https:\/\/www.hydraulic-cylinders.net\/ro\/produs\/boom-cylinder-for-zoomlion-middle-excavator-ze210e\/","title":{"rendered":"Cilindru de bra\u021b pentru excavatorul Zoomlion ZE210E"},"content":{"rendered":"<h1>Cilindru de bra\u021b pentru excavatorul Zoomlion ZE210E<\/h1>\n<h2>Introducere \u00een cilindrii bra\u021bului<\/h2>\n<p>Cilindrul bra\u021bului este o component\u0103 hidraulic\u0103 crucial\u0103, conceput\u0103 special pentru utilaje grele, cum ar fi excavatoarele, \u00eenc\u0103rc\u0103toarele excavatoare \u0219i \u00eenc\u0103rc\u0103toarele frontale. Acesta controleaz\u0103 mi\u0219carea cupei, permi\u021b\u00e2ndu-i s\u0103 ridice, s\u0103 coboare \u0219i s\u0103 \u00eencline, ceea ce este esen\u021bial pentru diverse sarcini de manipulare a materialelor. Func\u021bia cilindrului bra\u021bului se extinde dincolo de simpla ridicare; acesta joac\u0103 un rol semnificativ \u00een \u00eembun\u0103t\u0103\u021birea eficien\u021bei opera\u021bionale \u0219i a productivit\u0103\u021bii ma\u0219inii. Atunci c\u00e2nd sunt integra\u021bi \u00eentr-un sistem hidraulic, cilindrii bra\u021bului utilizeaz\u0103 fluid hidraulic pentru a genera for\u021b\u0103, ceea ce \u00eei face vitali pentru sarcinile care necesit\u0103 putere \u0219i precizie semnificative. Ace\u0219ti cilindri sunt proiecta\u021bi s\u0103 reziste la presiuni ridicate \u0219i condi\u021bii de lucru variate, asigur\u00e2nd longevitate \u0219i fiabilitate.<\/p>\n<p><img decoding=\"async\" src=\"https:\/\/www.hydraulic-cylinders.net\/wp-content\/uploads\/2025\/04\/songte-company-1.webp\" alt=\"Imaginea cilindrului bra\u021bului\" \/><\/p>\n<h2>Caracteristici cheie ale cilindrului bra\u021bului<\/h2>\n<ul>\n<li><strong>Rezisten\u021b\u0103 \u0219i durabilitate ridicate:<\/strong> De obicei fabricate din o\u021bel sau aluminiu de \u00eenalt\u0103 rezisten\u021b\u0103, aceste cilindri sunt proiectate s\u0103 reziste la presiuni ridicate \u0219i sarcini grele, ceea ce le face potrivite pentru medii de lucru dure.<\/li>\n<li><strong>Func\u021bionare hidraulic\u0103 eficient\u0103:<\/strong> Cilindrul bra\u021bului func\u021bioneaz\u0103 lin folosind presiunea uleiului hidraulic, permi\u021b\u00e2nd un r\u0103spuns rapid la comenzile de control \u0219i asigur\u00e2nd for\u021be substan\u021biale de \u00eempingere \u0219i tragere necesare pentru sarcini grele.<\/li>\n<li><strong>Diverse tipuri disponibile:<\/strong> Op\u021biunile includ cilindri cu ac\u021biune simpl\u0103 (func\u021bioneaz\u0103 \u00eentr-o singur\u0103 direc\u021bie) sau cu ac\u021biune dubl\u0103 (func\u021bioneaz\u0103 \u00een ambele direc\u021bii), care r\u0103spund diverselor nevoi opera\u021bionale, unele modele fiind telescopice pentru o raz\u0103 extins\u0103 de ac\u021biune \u00een spa\u021bii restr\u00e2nse.<\/li>\n<li><strong>Rezisten\u021b\u0103 \u00eembun\u0103t\u0103\u021bit\u0103 la uzur\u0103:<\/strong> Proiectat \u021bin\u00e2nd cont de rezisten\u021ba la abraziune \u0219i coroziune, ceea ce prelunge\u0219te durata de via\u021b\u0103 a cilindrului, asigur\u00e2nd performan\u021be fiabile \u00een timp.<\/li>\n<li><strong>Design adaptiv:<\/strong> Proiectarea cilindrului bra\u021bului ia \u00een considerare cerin\u021bele specifice ale diferitelor utilaje, permi\u021b\u00e2nd func\u021bionalitate optim\u0103 \u00een diverse aplica\u021bii.<\/li>\n<\/ul>\n<h2>Capacit\u0103\u021bi de produc\u021bie<\/h2>\n<p>Fabric\u0103m acest produs cu precizie, asigur\u00e2ndu-ne c\u0103 cilindrii no\u0219tri de bra\u021b pot \u00eenlocui perfect cilindrii hidraulici existen\u021bi \u00een diverse echipamente. Procesul nostru de produc\u021bie utilizeaz\u0103 tehnologie avansat\u0103 \u0219i m\u0103suri stricte de control al calit\u0103\u021bii pentru a garanta c\u0103 fiecare cilindru respect\u0103 standardele industriei.<\/p>\n<p><img decoding=\"async\" src=\"https:\/\/www.hydraulic-cylinders.net\/wp-content\/uploads\/2025\/04\/songte-cylinder-head-with-all-kinds-excavator-models.webp\" alt=\"Imagine cu modele de excavatoare\" \/><\/p>\n<h2>Aplica\u021bii ale cilindrilor bra\u021bului<\/h2>\n<h3>Echipamente de construc\u021bii<\/h3>\n<p>\u00cen excavatoare, cilindrii bra\u021bului sunt esen\u021biali pentru s\u0103pare, \u00eenc\u0103rcare \u0219i mutarea solului sau a resturilor. Ace\u0219tia permit cupei s\u0103 p\u0103trund\u0103 eficient \u00een sol, sporind capacit\u0103\u021bile de s\u0103pare ale ma\u0219inii. Atunci c\u00e2nd este utilizat \u00een \u00eenc\u0103rc\u0103toarele excavatoare, cilindrul bra\u021bului nu numai c\u0103 faciliteaz\u0103 s\u0103parea, dar ajut\u0103 \u0219i la ridicarea sarcinilor grele, oferind versatilitate \u00een sarcinile de construc\u021bie.<\/p>\n<h3>Ma\u0219ini agricole<\/h3>\n<p>\u00cen cazul \u00eenc\u0103rc\u0103toarelor frontale, cilindrii bra\u021bului sunt vitali pentru \u00eenc\u0103rcarea, ridicarea \u0219i transportul materialelor precum solul, f\u00e2nul \u0219i alte produse agricole. Eficien\u021ba acestor cilindri are un impact direct asupra productivit\u0103\u021bii opera\u021biunilor agricole, permi\u021b\u00e2nd fermierilor s\u0103 \u00ee\u0219i gestioneze sarcinile mai eficient.<\/p>\n<h3>Excavatoare<\/h3>\n<p>\u00cen cazul excavatoarelor, cilindrul bra\u021bului permite cupei s\u0103 sape \u00een sol, ceea ce o face o parte indispensabil\u0103 a ma\u0219inii. Designul s\u0103u optimizeaz\u0103 ac\u021biunea de s\u0103pare, permi\u021b\u00e2nd operatorilor s\u0103 ob\u021bin\u0103 o ad\u00e2ncime \u0219i o eficien\u021b\u0103 mai mare \u00een sarcinile de excavare.<\/p>\n<h3>\u00cenc\u0103rc\u0103toare<\/h3>\n<p>\u00cen cazul \u00eenc\u0103rc\u0103toarelor frontale, cilindrii bra\u021bului contribuie la ridicarea \u0219i desc\u0103rcarea eficient\u0103 a sarcinilor. Rezisten\u021ba \u0219i viteza de reac\u021bie a acestor cilindri asigur\u0103 c\u0103 materialele grele pot fi mutate rapid \u0219i \u00een siguran\u021b\u0103, sporind productivitatea opera\u021bional\u0103 general\u0103.<\/p>\n<h2>Considera\u021bii de proiectare \u0219i criterii de selec\u021bie<\/h2>\n<h3>Capacitate de \u00eenc\u0103rcare<\/h3>\n<p>Capacitatea de \u00eenc\u0103rcare a cilindrului bra\u021bului este o considera\u021bie critic\u0103 de proiectare. Acesta trebuie s\u0103 fie capabil s\u0103 suporte greutatea maxim\u0103 a materialelor mutate. Inginerii trebuie s\u0103 evalueze greutatea \u0219i condi\u021biile \u00een care va func\u021biona cilindrul, asigur\u00e2ndu-se c\u0103 poate suporta sarcini de v\u00e2rf f\u0103r\u0103 defec\u021biuni. Calculele adecvate \u0219i factorii de siguran\u021b\u0103 sunt esen\u021biali \u00een procesul de proiectare pentru a garanta fiabilitatea \u0219i siguran\u021ba utilajelor.<\/p>\n<h3>Integritatea etan\u0219\u0103rii<\/h3>\n<p>Etan\u0219area este un alt aspect vital al proiect\u0103rii cilindrului bra\u021bului. Etan\u0219\u0103rile de \u00eenalt\u0103 calitate previn scurgerile de fluid hidraulic, care pot duce la probleme de performan\u021b\u0103 \u0219i daune. Utilizarea materialelor de etan\u0219are durabile, cum ar fi poliuretanul \u0219i cauciucul nitrilic, asigur\u0103 c\u0103 etan\u0219\u0103rile pot rezista la presiunile \u0219i frecarea asociate cu opera\u021biunile hidraulice. Un sistem de etan\u0219are bine conceput spore\u0219te longevitatea cilindrului \u0219i reduce frecven\u021ba interven\u021biilor de \u00eentre\u021binere.<\/p>\n<h3>Durabilitate<\/h3>\n<p>Durabilitatea este primordial\u0103 \u00een proiectarea cilindrilor bra\u021bului. Materialele utilizate trebuie s\u0103 fie capabile s\u0103 reziste la uzur\u0103 \u0219i coroziune din cauza factorilor de mediu \u0219i a fluidului hidraulic \u00een sine. Produc\u0103torii supun adesea ace\u0219ti cilindri unor teste riguroase pentru a simula condi\u021biile reale, asigur\u00e2ndu-se c\u0103 pot rezista la o utilizare prelungit\u0103 f\u0103r\u0103 degradare semnificativ\u0103.<\/p>\n<h3>Caracteristici de siguran\u021b\u0103<\/h3>\n<p>Caracteristicile de siguran\u021b\u0103 sunt esen\u021biale pentru proiectarea cilindrilor bra\u021bului. Acestea includ mecanisme pentru prevenirea supraextensiei \u0219i supra\u00eenc\u0103rc\u0103rii, care pot duce la defec\u021biuni catastrofale. Produc\u0103torii trebuie s\u0103 implementeze protocoale \u0219i standarde de siguran\u021b\u0103 pentru a proteja operatorii \u0219i echipamentele \u00een timpul func\u021bion\u0103rii.<\/p>\n<h3>\u00centre\u021binere \u0219i service<\/h3>\n<p>Proiectarea cilindrilor bra\u021bului av\u00e2nd \u00een vedere \u00eentre\u021binerea este esen\u021bial\u0103 pentru asigurarea func\u021bionalit\u0103\u021bii pe termen lung. Caracteristici precum racordurile de ungere u\u0219or accesibile, garniturile \u00eenlocuibile \u0219i componentele standardizate faciliteaz\u0103 inspec\u021biile \u0219i repara\u021biile de rutin\u0103. Un cilindru bine proiectat permite o \u00eentre\u021binere convenabil\u0103, reduc\u00e2nd timpii de nefunc\u021bionare \u0219i cresc\u00e2nd productivitatea.<\/p>\n<p><img decoding=\"async\" src=\"https:\/\/www.hydraulic-cylinders.net\/wp-content\/uploads\/2025\/04\/songte-oil-pipes-and-spare-parts.webp\" alt=\"Imagine piese hidraulice\" \/><\/p>\n<h2>Etan\u0219are \u0219i lubrifiere<\/h2>\n<p>Etan\u0219area \u0219i lubrifierea eficiente sunt esen\u021biale pentru performan\u021ba cilindrilor bra\u021bului. Diverse componente de etan\u0219are, inclusiv etan\u0219\u0103rile pistonului \u0219i etan\u0219\u0103rile tijei, sunt utilizate pentru a preveni scurgerile de fluid hidraulic. Materialele selectate pentru aceste etan\u0219\u0103ri, cum ar fi poliuretanul \u0219i cauciucul nitrilic, sunt cunoscute pentru rezisten\u021ba \u0219i durabilitatea lor la uzur\u0103. Corpul cilindrului \u0219i suprafe\u021bele filetate ale cap\u0103tului sunt tratate fin pentru a spori rezisten\u021ba la uzur\u0103. Lubrifierea regulat\u0103 cu ulei hidraulic adecvat este esen\u021bial\u0103 pentru a men\u021bine performan\u021ba optim\u0103 \u0219i a preveni uzura excesiv\u0103 \u00een timp.<\/p>\n<h2>M\u0103suri de \u00eentre\u021binere preventiv\u0103<\/h2>\n<ul>\n<li><strong>Inspec\u021bii regulate:<\/strong> Verific\u0103rile periodice ale cilindrului pentru scurgeri, deterior\u0103ri \u0219i uzur\u0103 sunt esen\u021biale pentru a asigura func\u021bionarea eficient\u0103 \u0219i sigur\u0103 a acestuia. Operatorii trebuie instrui\u021bi pentru a identifica din timp semnele unor poten\u021biale probleme.<\/li>\n<li><strong>Lubrifiere adecvat\u0103:<\/strong> Asigurarea lubrifierii regulate a cilindrului cu uleiul hidraulic corect este crucial\u0103 pentru men\u021binerea func\u021bionalit\u0103\u021bii sale. Operatorii trebuie s\u0103 respecte un program de lubrifiere bazat pe utilizarea \u0219i pe recomand\u0103rile produc\u0103torului.<\/li>\n<li><strong>\u00cenlocuiri de garnituri:<\/strong> \u00cen timp, garniturile se pot uza \u0219i necesit\u0103 \u00eenlocuire. Verificarea regulat\u0103 a st\u0103rii garniturilor \u0219i \u00eenlocuirea acestora atunci c\u00e2nd este necesar poate preveni scurgerile \u0219i defec\u021biunile func\u021bionale.<\/li>\n<\/ul>\n<h2>Instruc\u021biuni de instalare<\/h2>\n<p>Instalarea corect\u0103 a cilindrilor bra\u021bului este esen\u021bial\u0103 pentru o performan\u021b\u0103 optim\u0103. \u00cencepe\u021bi prin a v\u0103 asigura c\u0103 cilindrul este compatibil cu modelul specific al echipamentului. Alinia\u021bi corect cilindrul cu punctele de montare, utiliz\u00e2nd consolele de instalare adecvate pentru a-l fixa ferm. Acorda\u021bi aten\u021bie conexiunilor hidraulice, asigur\u00e2ndu-v\u0103 c\u0103 acestea sunt str\u00e2nse \u0219i nu prezint\u0103 scurgeri. \u00cenainte de a utiliza utilajul, efectua\u021bi un test de func\u021bionare pentru a verifica dac\u0103 cilindrul func\u021bioneaz\u0103 f\u0103r\u0103 probleme, f\u0103r\u0103 zgomote sau rezisten\u021be neobi\u0219nuite. Respectarea acestor instruc\u021biuni ajut\u0103 la prevenirea uzurii premature \u0219i a defec\u021biunilor, asigur\u00e2nd longevitatea componentei.<\/p>\n<h2>Sarcini comune de \u00eentre\u021binere<\/h2>\n<ul>\n<li><strong>Inspec\u021bii regulate:<\/strong> Efectuarea de inspec\u021bii am\u0103nun\u021bite la intervale programate pentru a verifica dac\u0103 exist\u0103 semne de uzur\u0103, deteriorare sau scurgeri este crucial\u0103 pentru men\u021binerea func\u021bionalit\u0103\u021bii cilindrului bra\u021bului.<\/li>\n<li><strong>Lubrifiere adecvat\u0103:<\/strong> Asigura\u021bi-v\u0103 c\u0103 cilindrul hidraulic este lubrifiat corespunz\u0103tor cu tipul corect de ulei hidraulic, ceea ce este vital pentru o func\u021bionare f\u0103r\u0103 probleme \u0219i o lung\u0103 durat\u0103 de via\u021b\u0103.<\/li>\n<li><strong>\u00cenlocuirea garniturii:<\/strong> \u00cenlocuirea la timp a garniturilor este esen\u021bial\u0103 pentru a preveni scurgerile \u0219i a asigura func\u021bionarea eficient\u0103 a cilindrului bra\u021bului. Operatorii trebuie s\u0103 fie con\u0219tien\u021bi de semnele care indic\u0103 faptul c\u0103 garniturile trebuie \u00eenlocuite.<\/li>\n<\/ul>\n<h2>Considera\u021bii de siguran\u021b\u0103 \u0219i factori de mediu<\/h2>\n<p>Atunci c\u00e2nd se utilizeaz\u0103 cilindri ai bra\u021bului, m\u0103surile de siguran\u021b\u0103 sunt primordiale. Operatorii trebuie s\u0103 fie instrui\u021bi cu privire la procedurile corecte de manipulare a echipamentelor hidraulice, inclusiv \u00een\u021belegerea riscurilor asociate cu sistemele de \u00eenalt\u0103 presiune. Trebuie purtat echipament de siguran\u021b\u0103 adecvat, iar utilajele trebuie operate conform instruc\u021biunilor produc\u0103torului pentru a preveni accidentele. Factorii de mediu, cum ar fi expunerea la condi\u021bii meteorologice dure, pot afecta, de asemenea, performan\u021ba \u0219i longevitatea cilindrilor bra\u021bului, ceea ce face esen\u021bial\u0103 luarea \u00een considerare a m\u0103surilor de protec\u021bie \u00een timpul func\u021bion\u0103rii.<\/p>\n<h2>Depanare \u0219i probleme frecvente<\/h2>\n<ul>\n<li><strong>Pierdere de putere:<\/strong> Dac\u0103 cilindrul bra\u021bului prezint\u0103 o pierdere de putere opera\u021bional\u0103, acest lucru se poate datora unor niveluri sc\u0103zute de lichid hidraulic sau unor scurgeri din sistem. Verifica\u021bi nivelurile de lichid \u0219i inspecta\u021bi pentru a depista eventualele scurgeri vizibile.<\/li>\n<li><strong>Zgomote neobi\u0219nuite:<\/strong> Zgomotele precum scr\u00e2\u0219nitul sau loviturile pot indica uzura sau deteriorarea componentelor interne. Opri\u021bi imediat func\u021bionarea \u0219i inspecta\u021bi cilindrul pentru a depista orice semne de deteriorare.<\/li>\n<li><strong>Mi\u0219care inconsistent\u0103:<\/strong> Dac\u0103 cilindrul bra\u021bului nu se extinde sau nu se retrage lin, acest lucru se poate datora unui blocaj sau prezen\u021bei aerului \u00een sistemul hidraulic. Aerisi\u021bi sistemul \u0219i elimina\u021bi orice blocaje pentru a restabili func\u021bionarea.<\/li>\n<\/ul>\n<h2>Sfaturi de depanare<\/h2>\n<p>Pentru a depana eficient problemele legate de cilindrii bra\u021bului, operatorii ar trebui s\u0103 \u021bin\u0103 un jurnal detaliat al performan\u021bei \u0219i al oric\u0103ror anomalii. Instruirea regulat\u0103 privind problemele comune \u0219i solu\u021biile acestora poate permite operatorilor s\u0103 abordeze problemele minore \u00eenainte ca acestea s\u0103 escaladeze. Implementarea unui program de \u00eentre\u021binere preventiv\u0103 reduce poten\u021bialul de defec\u021biuni \u0219i prelunge\u0219te durata de via\u021b\u0103 a echipamentului. Comunicarea regulat\u0103 cu produc\u0103torul sau furnizorul poate oferi, de asemenea, informa\u021bii valoroase despre men\u021binerea performan\u021bei optime.<\/p>\n<p><img decoding=\"async\" src=\"https:\/\/www.hydraulic-cylinders.net\/wp-content\/uploads\/2025\/04\/songte-bushings-with-all-kinds-of-excavator-models.webp\" alt=\"Imagine buc\u0219e excavator\" \/><\/p>\n<h2>Despre compania noastr\u0103<\/h2>\n<p>Suntem un produc\u0103tor important de cilindri hidraulici, specializa\u021bi \u00een producerea de cilindri de schimb de \u00eenalt\u0103 calitate pentru diverse aplica\u021bii. Cu o gam\u0103 complet\u0103 de produse, ne-am impus ca unul dintre cei mai importan\u021bi produc\u0103tori \u0219i angrosi\u0219ti \u200b\u200bat\u00e2t pe pie\u021bele interne, c\u00e2t \u0219i pe cele interna\u021bionale. Angajamentul nostru fa\u021b\u0103 de excelen\u021b\u0103 se reflect\u0103 \u00een strategiile noastre rafinate de management al produc\u021biei, sus\u021binute de tehnologie avansat\u0103 de fabrica\u021bie \u0219i o for\u021b\u0103 de munc\u0103 calificat\u0103. Ne \u00eembun\u0103t\u0103\u021bim continuu capacit\u0103\u021bile de produc\u021bie \u0219i ne asigur\u0103m c\u0103 fiecare produs \u00eendepline\u0219te cele mai \u00eenalte standarde de calitate \u0219i performan\u021b\u0103.<\/p>\n<p><img decoding=\"async\" src=\"https:\/\/www.hydraulic-cylinders.net\/wp-content\/uploads\/2025\/04\/songte-company-4.webp\" alt=\"Imaginea companiei 1\" \/><br \/>\n<img decoding=\"async\" src=\"https:\/\/www.hydraulic-cylinders.net\/wp-content\/uploads\/2025\/04\/songte-company-3.webp\" alt=\"Imaginea companiei 2\" \/><\/p>\n<p>Dedica\u021bia noastr\u0103 fa\u021b\u0103 de profesionalism este evident\u0103 prin certific\u0103rile noastre interna\u021bionale, serviciile personalizabile, echipamentele de produc\u021bie de ultim\u0103 genera\u021bie \u0219i asisten\u021ba post-v\u00e2nzare excep\u021bional\u0103. Ne str\u0103duim s\u0103 satisfacem nevoile diverse ale clien\u021bilor no\u0219tri, men\u021bin\u00e2nd \u00een acela\u0219i timp accentul pe calitate \u0219i eficien\u021b\u0103.<\/p>\n<p>Autor: lyl<\/p>","protected":false},"excerpt":{"rendered":"<p>Boom Cylinder For Zoomlion Middle Excavator ZE210E Introduction to Boom Cylinders The Boom Cylinder is a crucial hydraulic component designed specifically for heavy machinery such as excavators, backhoe loaders, and front loaders. It controls the movement of the bucket, allowing it to lift, lower, and tilt, which is essential for various material handling tasks. The [&hellip;]<\/p>","protected":false},"featured_media":17872,"comment_status":"open","ping_status":"closed","template":"","meta":{"_et_pb_use_builder":"","_et_pb_old_content":"","_et_gb_content_width":""},"product_brand":[],"product_cat":[1546],"product_tag":[1547,1496],"class_list":{"0":"post-19216","1":"product","2":"type-product","3":"status-publish","4":"has-post-thumbnail","6":"product_cat-boom-cylinders","7":"product_tag-boom-cylinders","8":"product_tag-hydraulic-cylinders","10":"first","11":"instock","12":"shipping-taxable","13":"product-type-simple"},"amp_enabled":true,"_links":{"self":[{"href":"https:\/\/www.hydraulic-cylinders.net\/ro\/wp-json\/wp\/v2\/product\/19216","targetHints":{"allow":["GET"]}}],"collection":[{"href":"https:\/\/www.hydraulic-cylinders.net\/ro\/wp-json\/wp\/v2\/product"}],"about":[{"href":"https:\/\/www.hydraulic-cylinders.net\/ro\/wp-json\/wp\/v2\/types\/product"}],"replies":[{"embeddable":true,"href":"https:\/\/www.hydraulic-cylinders.net\/ro\/wp-json\/wp\/v2\/comments?post=19216"}],"wp:featuredmedia":[{"embeddable":true,"href":"https:\/\/www.hydraulic-cylinders.net\/ro\/wp-json\/wp\/v2\/media\/17872"}],"wp:attachment":[{"href":"https:\/\/www.hydraulic-cylinders.net\/ro\/wp-json\/wp\/v2\/media?parent=19216"}],"wp:term":[{"taxonomy":"product_brand","embeddable":true,"href":"https:\/\/www.hydraulic-cylinders.net\/ro\/wp-json\/wp\/v2\/product_brand?post=19216"},{"taxonomy":"product_cat","embeddable":true,"href":"https:\/\/www.hydraulic-cylinders.net\/ro\/wp-json\/wp\/v2\/product_cat?post=19216"},{"taxonomy":"product_tag","embeddable":true,"href":"https:\/\/www.hydraulic-cylinders.net\/ro\/wp-json\/wp\/v2\/product_tag?post=19216"}],"curies":[{"name":"wp","href":"https:\/\/api.w.org\/{rel}","templated":true}]}}