{"id":19217,"date":"2025-04-07T06:18:36","date_gmt":"2025-04-07T06:18:36","guid":{"rendered":"https:\/\/www.hydraulic-cylinders.net\/product\/boom-cylinder-for-zoomlion-middle-excavator-ze220elc\/"},"modified":"2025-04-07T06:18:39","modified_gmt":"2025-04-07T06:18:39","slug":"boom-cylinder-for-zoomlion-middle-excavator-ze220elc","status":"publish","type":"product","link":"https:\/\/www.hydraulic-cylinders.net\/ro\/produs\/boom-cylinder-for-zoomlion-middle-excavator-ze220elc\/","title":{"rendered":"Cilindru bra\u021b pentru excavatorul Zoomlion ZE220ELC"},"content":{"rendered":"<h1>Cilindru bra\u021b pentru excavatorul Zoomlion ZE220ELC<\/h1>\n<h2>Prezentare general\u0103 a produsului<\/h2>\n<p>Cilindrul bra\u021bului pentru excavatorul Zoomlion ZE220ELC este un cilindru hidraulic specializat, conceput pentru a controla mi\u0219carea bra\u021bului excavatorului. Aceast\u0103 component\u0103 joac\u0103 un rol esen\u021bial \u00een sistemele hidraulice, asigur\u00e2nd o func\u021bionare precis\u0103 \u00een timpul sarcinilor solicitante. Cilindrul cupei este esen\u021bial pentru diverse utilaje grele, cum ar fi excavatoarele, \u00eenc\u0103rc\u0103toarele basculante \u0219i \u00eenc\u0103rc\u0103toarele frontale, facilit\u00e2nd ridicarea, cobor\u00e2rea \u0219i \u00eenclinarea cupei. Aceast\u0103 func\u021bionalitate \u00eembun\u0103t\u0103\u021be\u0219te considerabil opera\u021biunile de manipulare a materialelor, permi\u021b\u00e2nd mi\u0219carea eficient\u0103 a solului, resturilor \u0219i a altor materiale.<\/p>\n<p><img decoding=\"async\" src=\"https:\/\/www.hydraulic-cylinders.net\/wp-content\/uploads\/2025\/04\/songte-company-1.webp\" alt=\"Cilindru de bra\u021b pentru excavator\"><\/p>\n<h2>Caracteristicile cilindrului bra\u021bului<\/h2>\n<ul>\n<li><strong>Rezisten\u021b\u0103 \u0219i durabilitate ridicate:<\/strong> Construi\u021bi din o\u021bel sau aluminiu de \u00eenalt\u0103 rezisten\u021b\u0103, ace\u0219ti cilindri pot rezista la presiuni ridicate \u0219i sarcini grele, func\u021bion\u00e2nd \u00een acela\u0219i timp \u00een medii de lucru dure. Considera\u021biile speciale de proiectare asigur\u0103 rezisten\u021ba la uzur\u0103 \u0219i protec\u021bia \u00eempotriva coroziunii, prelungindu-le durata de via\u021b\u0103.<\/li>\n<li><strong>Func\u021bionare hidraulic\u0103 eficient\u0103:<\/strong> Cilindrul utilizeaz\u0103 presiunea uleiului hidraulic pentru o extensie \u0219i retragere lin\u0103, permi\u021b\u00e2nd un r\u0103spuns rapid la comenzile operatorului \u0219i oferind o for\u021b\u0103 puternic\u0103 de \u00eempingere-tragere, potrivit\u0103 pentru manipularea sarcinilor grele \u0219i complexe.<\/li>\n<li><strong>Diverse tipuri:<\/strong> Op\u021biunile includ cilindri cu ac\u021biune simpl\u0103 (hidraulic utilizat \u00eentr-o singur\u0103 direc\u021bie) \u0219i cu ac\u021biune dubl\u0103 (hidraulic utilizat \u00een ambele direc\u021bii) pentru a satisface diverse nevoi opera\u021bionale. Anumite modele sunt dotate cu designuri telescopice care permit o extensie mai mare f\u0103r\u0103 a cre\u0219te dimensiunile exterioare, ceea ce le face ideale pentru aplica\u021bii cu spa\u021biu limitat.<\/li>\n<li><strong>Fabrica\u021bie personalizat\u0103:<\/strong> Ne specializ\u0103m \u00een producerea acestor cilindri, care pot \u00eenlocui perfect cilindrii hidraulici existen\u021bi, asigur\u00e2nd compatibilitate \u0219i performan\u021b\u0103.<\/li>\n<\/ul>\n<p><img decoding=\"async\" src=\"https:\/\/www.hydraulic-cylinders.net\/wp-content\/uploads\/2025\/04\/songte-cylinder-head-with-all-kinds-excavator-models.webp\" alt=\"Chiulas\u0103 de excavator\"><\/p>\n<h2>Scenarii de aplica\u021bii<\/h2>\n<h3>Echipamente de construc\u021bii<\/h3>\n<p>\u00cen excavatoare, cilindrii bra\u021bului sunt cruciali pentru s\u0103pare, \u00eenc\u0103rcare \u0219i mutarea p\u0103m\u00e2ntului sau a resturilor. Controlul lor precis permite operatorilor s\u0103 execute o varietate de sarcini eficient, fie c\u0103 este vorba de excavarea funda\u021biilor sau de relocarea materialelor pe un \u0219antier. \u00cen cazul \u00eenc\u0103rc\u0103toarelor excavatoare, cilindrul cupei ajut\u0103 nu doar la s\u0103pare, ci \u0219i la sarcinile de ridicare, sporind versatilitatea.<\/p>\n<h3>Ma\u0219ini agricole<\/h3>\n<p>Pentru \u00eenc\u0103rc\u0103toarele frontale, ace\u0219ti cilindri sunt esen\u021biali pentru scobere, ridicare \u0219i transportul solului, f\u00e2nului sau altor materiale. Ace\u0219tia permit fermierilor s\u0103 gestioneze eficient resursele, fie pentru \u00eenc\u0103rcarea furajelor, fie pentru mutarea solului pentru sem\u0103nat.<\/p>\n<h3>Sarcini de excavare<\/h3>\n<p>La excavatoare, cilindrul cupei permite cupei s\u0103 p\u0103trund\u0103 \u00een sol, facilit\u00e2nd o s\u0103pare eficient\u0103. Sistemul hidraulic ofer\u0103 for\u021ba necesar\u0103 pentru a str\u0103punge terenul dificil, fiind vital pentru proiectele de construc\u021bii \u0219i amenaj\u0103ri peisagistice.<\/p>\n<h3>Opera\u021biuni de \u00eenc\u0103rcare<\/h3>\n<p>\u00cen cazul \u00eenc\u0103rc\u0103toarelor frontale, ace\u0219ti cilindri sunt esen\u021biali pentru ridicarea \u0219i desc\u0103rcarea eficient\u0103 a sarcinilor. Ace\u0219tia permit manipularea eficient\u0103 a materialelor, asigur\u00e2nd c\u0103 operatorii pot \u00eenc\u0103rca \u0219i desc\u0103rca rapid materiale precum pietri\u0219, p\u0103m\u00e2nt sau resturi de construc\u021bii.<\/p>\n<h2>Considera\u021bii de proiectare \u0219i criterii de selec\u021bie<\/h2>\n<h3>Capacitate portant\u0103<\/h3>\n<p>La proiectarea unui cilindru pentru bra\u021b, una dintre principalele considera\u021bii este capacitatea sa portant\u0103. Acest atribut determin\u0103 c\u00e2t\u0103 greutate poate ridica \u0219i gestiona cilindrul \u00een siguran\u021b\u0103 \u00een timpul func\u021bion\u0103rii. Inginerii trebuie s\u0103 ia \u00een considerare sarcina maxim\u0103 pe care o va \u00eent\u00e2lni excavatorul, asigur\u00e2ndu-se c\u0103 cilindrul este evaluat pentru acea greutate cu o marj\u0103 de siguran\u021b\u0103 adecvat\u0103. Materialele utilizate, grosimea pere\u021bilor cilindrului \u0219i designul general joac\u0103 roluri semnificative \u00een atingerea capacit\u0103\u021bii dorite.<\/p>\n<h3>Performan\u021ba de etan\u0219are<\/h3>\n<p>Etan\u0219area eficient\u0103 este vital\u0103 pentru longevitatea \u0219i eficien\u021ba cilindrilor hidraulici. Garniturile previn scurgerile de fluid hidraulic, ceea ce men\u021bine presiunea \u0219i \u00eembun\u0103t\u0103\u021be\u0219te performan\u021ba. Garniturile de calitate, fabricate din materiale durabile, precum poliuretanul sau cauciucul nitrilic, sunt esen\u021biale pentru men\u021binerea integrit\u0103\u021bii sistemului. Proiectarea trebuie s\u0103 ia \u00een considerare \u0219i uzura poten\u021bial\u0103 datorat\u0103 frec\u0103rii, asigur\u00e2ndu-se c\u0103 garniturile pot rezista mediului opera\u021bional.<\/p>\n<h3>Durabilitate \u0219i longevitate<\/h3>\n<p>Durabilitatea este un factor cheie \u00een proiectarea cilindrilor bra\u021bului. Av\u00e2nd \u00een vedere condi\u021biile dure \u00een care ace\u0219tia opereaz\u0103 adesea, produc\u0103torii trebuie s\u0103 utilizeze materiale \u0219i acoperiri care rezist\u0103 la uzur\u0103 \u0219i coroziune. Aceast\u0103 durabilitate nu numai c\u0103 prelunge\u0219te durata de via\u021b\u0103 a cilindrului, dar reduce \u0219i costurile de \u00eentre\u021binere \u0219i timpul de nefunc\u021bionare. Evalu\u0103rile regulate ale st\u0103rii cilindrului pot ajuta la identificarea uzurii \u00eenainte ca aceasta s\u0103 duc\u0103 la defec\u021biuni.<\/p>\n<h3>Caracteristici de siguran\u021b\u0103<\/h3>\n<p>Siguran\u021ba este primordial\u0103 atunci c\u00e2nd se proiecteaz\u0103 cilindri hidraulici. Caracteristici precum supapele de suprapresiune pot preveni supra\u00eenc\u0103rcarea, \u00een timp ce o construc\u021bie robust\u0103 poate rezista la \u0219ocuri nea\u0219teptate. Asigurarea faptului c\u0103 toate componentele respect\u0103 standardele de siguran\u021b\u0103 este crucial\u0103, deoarece defec\u021biunile pot duce la accidente fie pentru operatori, fie pentru trec\u0103tori. Accentul pus pe siguran\u021b\u0103 \u00een faza de proiectare este esen\u021bial pentru a minimiza riscurile asociate cu ma\u0219inile hidraulice.<\/p>\n<h3>\u00centre\u021binere \u0219i reparabilitate<\/h3>\n<p>U\u0219urin\u021ba \u00eentre\u021binerii este o considera\u021bie important\u0103 \u00een ceea ce prive\u0219te proiectarea. Cilindrii hidraulici ar trebui s\u0103 faciliteze inspec\u021bia \u0219i \u00eentre\u021binerea regulat\u0103, inclusiv accesul facil la garnituri \u0219i alte componente care necesit\u0103 \u00eenlocuire periodic\u0103. Proiectan\u021bii trebuie s\u0103 ia \u00een considerare modul \u00een care cilindrul va fi montat \u0219i utilizat \u00eempreun\u0103 cu utilajele pentru a se asigura c\u0103 sarcinile de \u00eentre\u021binere pot fi efectuate eficient f\u0103r\u0103 dezasamblare extins\u0103.<\/p>\n<p><img decoding=\"async\" src=\"https:\/\/www.hydraulic-cylinders.net\/wp-content\/uploads\/2025\/04\/songte-oil-pipes-and-spare-parts.webp\" alt=\"Piese cilindru hidraulic\"><\/p>\n<h2>Etan\u0219are \u0219i lubrifiere<\/h2>\n<p>Etan\u0219area \u0219i lubrifierea joac\u0103 roluri cruciale \u00een func\u021bionarea cilindrilor hidraulici. Diverse garnituri, cum ar fi garniturile pistonului \u0219i garniturile tijei, sunt utilizate pentru a preveni scurgerile de fluid \u0219i a men\u021bine presiunea. Garniturile sunt de obicei fabricate din materiale durabile, cum ar fi poliuretanul \u0219i cauciucul nitrilic, oferind rezisten\u021b\u0103 la uzur\u0103 \u0219i la factorii de mediu. Corpul cilindrului \u0219i capetele filetate sunt supuse unei prelucr\u0103ri fine pentru a spori rezisten\u021ba la uzur\u0103. \u00cen plus, lubrifierea regulat\u0103 cu ulei hidraulic este necesar\u0103 pentru a asigura o func\u021bionare lin\u0103 \u0219i a prelungi durata de via\u021b\u0103 a cilindrului. Un program de \u00eentre\u021binere constant pentru lubrifiere poate preveni uzura prematur\u0103 \u0219i poate asigura func\u021bionarea optim\u0103 a sistemului hidraulic.<\/p>\n<h2>Inspec\u021bie regulat\u0103 \u0219i \u00eentre\u021binere preventiv\u0103<\/h2>\n<ul>\n<li><strong>Inspec\u021bii regulate:<\/strong> Inspecta\u021bi periodic buteliile pentru a depista semne de uzur\u0103, scurgeri sau deteriorare. Depistarea timpurie a problemelor poate preveni probleme mai grave pe viitor.<\/li>\n<li><strong>\u00centre\u021binere preventiv\u0103:<\/strong> Implementa\u021bi un program de \u00eentre\u021binere preventiv\u0103 pentru a aborda orice probleme poten\u021biale \u00eenainte ca acestea s\u0103 afecteze performan\u021ba. Aceasta include verificarea nivelului garniturilor \u0219i a fluidului hidraulic.<\/li>\n<li><strong>\u00cenlocuirea fluidelor:<\/strong> Men\u021bine\u021bi nivelurile adecvate ale fluidului hidraulic \u0219i \u00eenlocui\u021bi-l conform recomand\u0103rilor produc\u0103torului pentru a asigura o performan\u021b\u0103 optim\u0103 \u0219i a preveni contaminarea.<\/li>\n<\/ul>\n<h2>Instruc\u021biuni de instalare<\/h2>\n<p>Instalarea corect\u0103 a cilindrului bra\u021bului este crucial\u0103 pentru o performan\u021b\u0103 optim\u0103. \u00cencepe\u021bi prin a v\u0103 asigura c\u0103 punctele de montare at\u00e2t de pe ma\u0219in\u0103, c\u00e2t \u0219i de pe cilindru sunt curate \u0219i f\u0103r\u0103 resturi. Alinia\u021bi corect cilindrul cu punctele de ata\u0219are pentru a evita solicit\u0103ri excesive asupra componentelor. Utiliza\u021bi console de montare adecvate pentru a fixa ferm cilindrul \u00een pozi\u021bie. \u00cen timpul instal\u0103rii, asigura\u021bi-v\u0103 c\u0103 liniile hidraulice sunt conectate corect \u0219i verifica\u021bi dac\u0103 exist\u0103 scurgeri dup\u0103 finalizarea configur\u0103rii. Este recomandabil s\u0103 efectua\u021bi o opera\u021biune de prob\u0103 pentru a asigura func\u021bionalitatea corect\u0103 \u00eenainte de punerea \u00een func\u021biune regulat\u0103 a ma\u0219inii. Consulta\u021bi \u00eentotdeauna instruc\u021biunile de instalare ale produc\u0103torului pentru instruc\u021biuni specifice adaptate echipamentului dumneavoastr\u0103.<\/p>\n<p><img decoding=\"async\" src=\"https:\/\/www.hydraulic-cylinders.net\/wp-content\/uploads\/2025\/04\/songte-chushion-collar.webp\" alt=\"Guler de pern\u0103 pentru cilindru hidraulic\"><\/p>\n<h2>Sarcini de \u00eentre\u021binere<\/h2>\n<h3>Inspec\u021bii regulate<\/h3>\n<p>Inspec\u021biile regulate sunt necesare pentru a detecta din timp orice probleme poten\u021biale. Operatorii ar trebui s\u0103 caute \u00een mod regulat semne de uzur\u0103, cum ar fi zgomote neobi\u0219nuite sau scurgeri, \u0219i s\u0103 verifice starea general\u0103 a cilindrului hidraulic. Rezolvarea problemelor minore \u00eenainte ca acestea s\u0103 se transforme \u00een probleme majore poate economisi repara\u021bii costisitoare \u0219i timpi de nefunc\u021bionare.<\/p>\n<h3>Lubrifiere adecvat\u0103<\/h3>\n<p>Men\u021binerea unei lubrifieri adecvate este esen\u021bial\u0103 pentru buna func\u021bionare a cilindrilor hidraulici. Verifica\u021bi \u0219i reumple\u021bi periodic nivelurile de ulei hidraulic pentru a v\u0103 asigura c\u0103 garniturile \u0219i piesele mobile sunt lubrifiate corespunz\u0103tor, reduc\u00e2nd frecarea \u0219i uzura. Lubrifierea adecvat\u0103 ajut\u0103, de asemenea, la men\u021binerea presiunii \u00een sistem, sporind performan\u021ba \u0219i eficien\u021ba.<\/p>\n<h3>\u00cenlocuirea garniturii \u0219i verific\u0103ri ale calibr\u0103rii<\/h3>\n<p>\u00cen timp, garniturile se pot uza \u0219i devin mai pu\u021bin eficiente. Verifica\u021bi periodic garniturile pentru semne de deteriorare sau deteriorare \u0219i \u00eenlocui\u021bi-le dup\u0103 cum este necesar. De asemenea, trebuie efectuate verific\u0103ri de calibrare pentru a v\u0103 asigura c\u0103 sistemul hidraulic func\u021bioneaz\u0103 \u00een limitele specifica\u021biilor cerute. Aceasta include verificarea faptului c\u0103 cilindrul se extinde \u0219i se retrage lin, f\u0103r\u0103 blocare sau joc excesiv.<\/p>\n<h2>Considera\u021bii de siguran\u021b\u0103 \u0219i factori de mediu<\/h2>\n<p>M\u0103surile de siguran\u021b\u0103 \u00een utilizarea cilindrilor hidraulici sunt vitale pentru prevenirea accidentelor \u0219i a v\u0103t\u0103m\u0103rilor corporale. Operatorii trebuie s\u0103 fie instrui\u021bi \u00een func\u021bionarea corect\u0103 a utilajelor, inclusiv \u00een \u00een\u021belegerea limitelor sistemelor hidraulice. \u00cen plus, asigurarea func\u021bion\u0103rii tuturor dispozitivelor de siguran\u021b\u0103 este important\u0103 pentru prevenirea defec\u021biunilor hidraulice care pot duce la situa\u021bii periculoase. Considera\u021biile de mediu, cum ar fi eliminarea corect\u0103 a fluidelor hidraulice \u0219i respectarea reglement\u0103rilor, sunt esen\u021biale pentru a minimiza impactul asupra ecosistemelor locale. Implementarea protocoalelor de siguran\u021b\u0103 nu numai c\u0103 protejeaz\u0103 personalul, ci \u0219i protejeaz\u0103 mediul \u00eenconjur\u0103tor de poten\u021bialele pericole.<\/p>\n<h2>Depanare \u0219i probleme frecvente<\/h2>\n<ul>\n<li><strong>Scurgere:<\/strong> O problem\u0103 frecvent\u0103 a cilindrilor hidraulici este scurgerea de fluid. Aceasta poate rezulta din uzura garniturilor de etan\u0219are sau din instalarea necorespunz\u0103toare. Inspec\u021biile regulate pot ajuta la identificarea \u0219i remedierea scurgerilor din timp.<\/li>\n<li><strong>Func\u021bionare lent\u0103:<\/strong> Dac\u0103 cilindrul func\u021bioneaz\u0103 mai lent dec\u00e2t de obicei, acest lucru poate indica o problem\u0103 cu nivelurile fluidului hidraulic sau blocaje \u00een sistem. Verificarea nivelurilor de lichid \u0219i asigurarea c\u0103 nu exist\u0103 obstruc\u021bii pot rezolva aceast\u0103 problem\u0103.<\/li>\n<li><strong>Zgomote neobi\u0219nuite:<\/strong> Orice sunete anormale \u00een timpul func\u021bion\u0103rii pot semnala deterior\u0103ri sau uzur\u0103 intern\u0103. Investigarea prompt\u0103 a sursei acestor zgomote este crucial\u0103 pentru a preveni deteriorarea ulterioar\u0103.<\/li>\n<\/ul>\n<h2>Sfaturi de depanare<\/h2>\n<p>Pentru o diagnosticare \u0219i o rezolvare eficient\u0103 a problemelor cilindrilor hidraulici, urma\u021bi aceste sfaturi:<\/p>\n<ul>\n<li>Consulta\u021bi \u00eentotdeauna manualul de utilizare pentru \u00eendrum\u0103ri cu privire la probleme specifice.<\/li>\n<li>\u00centre\u021binerea regulat\u0103 poate preveni multe probleme comune, a\u0219a c\u0103 respecta\u021bi un program de \u00eentre\u021binere.<\/li>\n<li>Dac\u0103 apare o problem\u0103, izola\u021bi sistemul hidraulic \u0219i efectua\u021bi inspec\u021bii am\u0103nun\u021bite pentru a identifica problema.<\/li>\n<\/ul>\n<p><img decoding=\"async\" src=\"https:\/\/www.hydraulic-cylinders.net\/wp-content\/uploads\/2025\/04\/songte-bushings-with-all-kinds-of-excavator-models.webp\" alt=\"Buc\u0219e pentru modele de excavatoare\"><\/p>\n<h2>Despre compania noastr\u0103<\/h2>\n<p>Suntem un produc\u0103tor important de cilindri hidraulici de schimb, oferind o gam\u0103 complet\u0103 de produse. Angajamentul nostru fa\u021b\u0103 de calitate ne-a transformat \u00eentr-un juc\u0103tor important at\u00e2t pe pie\u021bele interne, c\u00e2t \u0219i pe cele interna\u021bionale. Ader\u0103m la excelen\u021b\u0103 \u00een procesele noastre de fabrica\u021bie, utiliz\u00e2nd echipamente digitale avansate de fabrica\u021bie \u0219i un sistem profesional de testare pentru a ne \u00eembun\u0103t\u0103\u021bi capacit\u0103\u021bile de produc\u021bie. For\u021ba noastr\u0103 de munc\u0103 calificat\u0103 \u0219i facilit\u0103\u021bile de ultim\u0103 genera\u021bie garanteaz\u0103 c\u0103 satisfacem nevoile diverse ale clien\u021bilor no\u0219tri cu eficien\u021b\u0103, precizie \u0219i produse de \u00eenalt\u0103 calitate.<\/p>\n<p><img decoding=\"async\" src=\"https:\/\/www.hydraulic-cylinders.net\/wp-content\/uploads\/2025\/04\/songte-company-4.webp\" alt=\"Prezentare general\u0103 a companiei\"><br \/>\n<img decoding=\"async\" src=\"https:\/\/www.hydraulic-cylinders.net\/wp-content\/uploads\/2025\/04\/songte-company-3.webp\" alt=\"Unitatea de produc\u021bie a companiei\"><\/p>\n<p>Profesionalismul nostru, certific\u0103rile interna\u021bionale \u0219i serviciile de personalizare ne diferen\u021biaz\u0103. Ne m\u00e2ndrim cu faptul c\u0103 oferim un suport post-v\u00e2nzare excelent, asigur\u00e2ndu-ne c\u0103 to\u021bi clien\u021bii no\u0219tri au acces la \u00eendrumare \u0219i asisten\u021b\u0103 ori de c\u00e2te ori au nevoie.<\/p>\n<p>Autor: lyl<\/p>","protected":false},"excerpt":{"rendered":"<p>Boom Cylinder For Zoomlion Middle Excavator ZE220ELC Product Overview The Boom Cylinder for the Zoomlion Middle Excavator ZE220ELC is a specialized hydraulic cylinder designed to control the movement of the excavator&#8217;s boom. This component plays a critical role in hydraulic systems, ensuring precise operation during demanding tasks. The bucket cylinder is essential for various heavy [&hellip;]<\/p>","protected":false},"featured_media":17873,"comment_status":"open","ping_status":"closed","template":"","meta":{"_et_pb_use_builder":"","_et_pb_old_content":"","_et_gb_content_width":""},"product_brand":[],"product_cat":[1546],"product_tag":[1547,1496],"class_list":{"0":"post-19217","1":"product","2":"type-product","3":"status-publish","4":"has-post-thumbnail","6":"product_cat-boom-cylinders","7":"product_tag-boom-cylinders","8":"product_tag-hydraulic-cylinders","10":"first","11":"instock","12":"shipping-taxable","13":"product-type-simple"},"amp_enabled":true,"_links":{"self":[{"href":"https:\/\/www.hydraulic-cylinders.net\/ro\/wp-json\/wp\/v2\/product\/19217","targetHints":{"allow":["GET"]}}],"collection":[{"href":"https:\/\/www.hydraulic-cylinders.net\/ro\/wp-json\/wp\/v2\/product"}],"about":[{"href":"https:\/\/www.hydraulic-cylinders.net\/ro\/wp-json\/wp\/v2\/types\/product"}],"replies":[{"embeddable":true,"href":"https:\/\/www.hydraulic-cylinders.net\/ro\/wp-json\/wp\/v2\/comments?post=19217"}],"wp:featuredmedia":[{"embeddable":true,"href":"https:\/\/www.hydraulic-cylinders.net\/ro\/wp-json\/wp\/v2\/media\/17873"}],"wp:attachment":[{"href":"https:\/\/www.hydraulic-cylinders.net\/ro\/wp-json\/wp\/v2\/media?parent=19217"}],"wp:term":[{"taxonomy":"product_brand","embeddable":true,"href":"https:\/\/www.hydraulic-cylinders.net\/ro\/wp-json\/wp\/v2\/product_brand?post=19217"},{"taxonomy":"product_cat","embeddable":true,"href":"https:\/\/www.hydraulic-cylinders.net\/ro\/wp-json\/wp\/v2\/product_cat?post=19217"},{"taxonomy":"product_tag","embeddable":true,"href":"https:\/\/www.hydraulic-cylinders.net\/ro\/wp-json\/wp\/v2\/product_tag?post=19217"}],"curies":[{"name":"wp","href":"https:\/\/api.w.org\/{rel}","templated":true}]}}