{"id":19218,"date":"2025-04-07T06:18:39","date_gmt":"2025-04-07T06:18:39","guid":{"rendered":"https:\/\/www.hydraulic-cylinders.net\/product\/boom-cylinder-for-zoomlion-middle-excavator-ze230elr\/"},"modified":"2025-04-07T06:18:41","modified_gmt":"2025-04-07T06:18:41","slug":"boom-cylinder-for-zoomlion-middle-excavator-ze230elr","status":"publish","type":"product","link":"https:\/\/www.hydraulic-cylinders.net\/ro\/produs\/boom-cylinder-for-zoomlion-middle-excavator-ze230elr\/","title":{"rendered":"Cilindru bra\u021b pentru excavatorul Zoomlion ZE230ELR"},"content":{"rendered":"<h1>Cilindru bra\u021b pentru excavatorul Zoomlion ZE230ELR<\/h1>\n<h2>Introducere \u00een cilindrul bra\u021bului<\/h2>\n<p>Cilindrul bra\u021bului este o component\u0103 crucial\u0103 special conceput\u0103 pentru utilaje grele, \u00een special pentru excavatorul Zoomlion ZE230ELR. Acest cilindru hidraulic joac\u0103 un rol esen\u021bial \u00een controlul mi\u0219c\u0103rii bra\u021bului excavatorului, permi\u021b\u00e2ndu-i s\u0103 ridice, s\u0103 coboare \u0219i s\u0103 \u00eencline eficient. Ca cilindru hidraulic, utilizeaz\u0103 fluid hidraulic sub presiune pentru a genera mi\u0219care \u0219i for\u021b\u0103, ceea ce \u00eel face indispensabil \u00een diverse sarcini de manipulare a materialelor.<\/p>\n<p>Un cilindru al cupei, la fel ca \u0219i cilindrul bra\u021bului, este parte integrant\u0103 a sistemelor hidraulice g\u0103site \u00een excavatoare, excavatoare \u0219i \u00eenc\u0103rc\u0103toare frontale. Acest tip de cilindru hidraulic este proiectat pentru a gestiona mi\u0219c\u0103rile dinamice ale cupei unui excavator, asigur\u00e2ndu-se c\u0103 aceasta efectueaz\u0103 ac\u021biuni precum s\u0103parea, ridicarea \u0219i desc\u0103rcarea cu precizie \u0219i eficacitate. Designul acestor cilindri le permite s\u0103 reziste for\u021belor substan\u021biale \u00eent\u00e2lnite \u00een timpul func\u021bion\u0103rii, contribuind astfel la eficien\u021ba \u0219i productivitatea general\u0103 a echipamentelor de construc\u021bii \u0219i a celor grele.<\/p>\n<p><img decoding=\"async\" src=\"https:\/\/www.hydraulic-cylinders.net\/wp-content\/uploads\/2025\/04\/songte-company-1.webp\" alt=\"Imaginea cilindrului bra\u021bului\"><\/p>\n<h2>Caracteristicile cilindrului bra\u021bului<\/h2>\n<ul>\n<li><strong>Rezisten\u021b\u0103 \u0219i durabilitate ridicate:<\/strong> Fabricat din o\u021bel sau aluminiu de \u00eenalt\u0103 rezisten\u021b\u0103, cilindrul bra\u021bului este construit pentru a rezista la presiuni ridicate \u0219i sarcini grele. Designul s\u0103u ia \u00een considerare rezisten\u021ba la uzur\u0103 \u0219i protec\u021bia \u00eempotriva coroziunii, ceea ce \u00eei prelunge\u0219te durata de via\u021b\u0103.<\/li>\n<li><strong>Func\u021bionare hidraulic\u0103 eficient\u0103:<\/strong> Cilindrul utilizeaz\u0103 presiunea fluidului hidraulic pentru a permite ac\u021biuni line de extindere \u0219i retragere. Acesta r\u0103spunde rapid la comenzile operatorului, oferind o for\u021b\u0103 substan\u021bial\u0103 de \u00eempingere \u0219i tragere, fiind potrivit pentru manipularea sarcinilor grele \u0219i complexe.<\/li>\n<li><strong>Diverse tipuri:<\/strong> Cilindrul bra\u021bului este disponibil \u00een diverse configura\u021bii, inclusiv modele cu ac\u021biune simpl\u0103 (func\u021bioneaz\u0103 \u00eentr-o singur\u0103 direc\u021bie) sau cu ac\u021biune dubl\u0103 (func\u021bioneaz\u0103 \u00een ambele direc\u021bii). Unele versiuni sunt telescopice, permi\u021b\u00e2nd o extensie mai mare f\u0103r\u0103 a cre\u0219te dimensiunile exterioare, ideale pentru spa\u021bii \u00eenguste.<\/li>\n<\/ul>\n<p>Compania noastr\u0103 este specializat\u0103 \u00een fabricarea acestui produs, oferind alternative perfecte la cilindrii hidraulici existen\u021bi.<\/p>\n<p><img decoding=\"async\" src=\"https:\/\/www.hydraulic-cylinders.net\/wp-content\/uploads\/2025\/04\/songte-cylinder-head-with-all-kinds-excavator-models.webp\" alt=\"Imagine cu modele de excavatoare\"><\/p>\n<h2>Aplica\u021bii ale cilindrului bra\u021bului<\/h2>\n<h3>Echipamente de construc\u021bii<\/h3>\n<p>\u00cen utilajele de construc\u021bii, cilindrul bra\u021bului este vital pentru excavatoare, deoarece faciliteaz\u0103 s\u0103parea, \u00eenc\u0103rcarea \u0219i transportul solului sau al resturilor. Func\u021bionarea eficient\u0103 a bra\u021bului permite operatorilor s\u0103 finalizeze sarcinile mai rapid \u0219i cu o precizie mai mare, cresc\u00e2nd productivitatea general\u0103 pe \u0219antierele de construc\u021bii. \u00cen cazul \u00eenc\u0103rc\u0103toarelor excavatoare, cilindrul bra\u021bului asist\u0103 at\u00e2t la sarcinile de excavare, c\u00e2t \u0219i la cele de ridicare, demonstr\u00e2nd versatilitate \u0219i eficacitate \u00een diverse proiecte.<\/p>\n<h3>Ma\u0219ini agricole<\/h3>\n<p>\u00cen \u00eenc\u0103rc\u0103toarele frontale, cilindrii bra\u021bului sunt utiliza\u021bi pentru a transporta, transporta \u0219i transporta materiale precum solul, f\u00e2nul \u0219i alte produse agricole. Designul lor robust le permite s\u0103 func\u021bioneze \u00een condi\u021bii dificile, asigur\u00e2nd c\u0103 sarcini precum preg\u0103tirea terenului \u0219i transportul materialelor sunt efectuate eficient.<\/p>\n<h3>Excavatoare<\/h3>\n<p>La excavatoarele tradi\u021bionale, cilindrul bra\u021bului permite cupei s\u0103 p\u0103trund\u0103 eficient \u00een sol, facilit\u00e2nd procesul de s\u0103pare. Aceast\u0103 func\u021bionalitate este esen\u021bial\u0103 \u00een diverse aplica\u021bii, inclusiv amenajarea peisagistic\u0103, s\u0103parea funda\u021biilor \u0219i preg\u0103tirea \u0219antierului, unde precizia \u0219i rezisten\u021ba sunt primordiale.<\/p>\n<h3>\u00cenc\u0103rc\u0103toare<\/h3>\n<p>La \u00eenc\u0103rc\u0103toarele frontale, cilindrii bra\u021bului ajut\u0103 la ridicarea \u0219i desc\u0103rcarea eficient\u0103 a \u00eenc\u0103rc\u0103turilor. Capacitatea lor de a oferi o putere de ridicare substan\u021bial\u0103 simplific\u0103 procesul de mutare a materialelor, duc\u00e2nd la un flux de lucru \u00eembun\u0103t\u0103\u021bit \u0219i la o eficien\u021b\u0103 opera\u021bional\u0103 \u00eembun\u0103t\u0103\u021bit\u0103 \u00een sarcinile de construc\u021bii \u0219i amenajare a teritoriului.<\/p>\n<h2>Considera\u021bii de proiectare \u0219i criterii de selec\u021bie<\/h2>\n<h3>Capacitate de \u00eenc\u0103rcare<\/h3>\n<p>Capacitatea de \u00eenc\u0103rcare a cilindrului bra\u021bului este o considera\u021bie critic\u0103 de proiectare. Acesta trebuie proiectat pentru a suporta sarcinile maxime a\u0219teptate, men\u021bin\u00e2nd \u00een acela\u0219i timp siguran\u021ba \u0219i fiabilitatea. Selec\u021bia materialelor, geometria designului \u0219i construc\u021bia general\u0103 trebuie s\u0103 reflecte utilizarea preconizat\u0103 \u0219i rezisten\u021ba necesar\u0103, asigur\u00e2nd c\u0103 cilindrul func\u021bioneaz\u0103 eficient \u00een diverse condi\u021bii.<\/p>\n<h3>Sigilare<\/h3>\n<p>Etan\u0219area eficient\u0103 este esen\u021bial\u0103 pentru men\u021binerea presiunii hidraulice \u0219i prevenirea scurgerilor de fluid. Proiectul trebuie s\u0103 includ\u0103 etan\u0219\u0103ri de \u00eenalt\u0103 calitate, care s\u0103 poat\u0103 rezista la presiunile de func\u021bionare \u0219i la condi\u021biile de mediu. Inspec\u021biile \u0219i \u00eentre\u021binerea regulat\u0103 a acestor etan\u0219\u0103ri sunt necesare pentru a asigura performan\u021ba optim\u0103 \u0219i longevitatea cilindrului.<\/p>\n<h3>Durabilitate<\/h3>\n<p>Durabilitatea este un aspect fundamental al designului cilindrului bra\u021bului. Acesta ar trebui s\u0103 fie rezistent la uzur\u0103 \u0219i coroziune, \u00een special atunci c\u00e2nd este utilizat \u00een medii dure. Alegerea materialelor \u0219i a straturilor de protec\u021bie joac\u0103 un rol semnificativ \u00een cre\u0219terea duratei de via\u021b\u0103 a cilindrului \u0219i reducerea costurilor de \u00eentre\u021binere.<\/p>\n<h3>Siguran\u0163\u0103<\/h3>\n<p>Siguran\u021ba este primordial\u0103 \u00een proiectarea cilindrului bra\u021bului. Inginerii trebuie s\u0103 ia \u00een considerare poten\u021bialele moduri de defec\u021biune \u0219i s\u0103 \u00eencorporeze caracteristici de siguran\u021b\u0103 pentru a atenua riscurile. Instruc\u021biunile adecvate de \u00eentre\u021binere \u0219i instruirea utilizatorilor sunt, de asemenea, esen\u021biale pentru a asigura o func\u021bionare \u00een siguran\u021b\u0103, contribuind la prevenirea accidentelor \u0219i a deterior\u0103rii echipamentelor.<\/p>\n<h3>Mentenabilitate<\/h3>\n<p>Considera\u021biile de proiectare ar trebui s\u0103 se concentreze \u0219i pe mentenan\u021ba cilindrului bra\u021bului. Aceasta include accesul facil pentru inspec\u021bii, \u00eentre\u021binere \u0219i repara\u021bii. Un design care faciliteaz\u0103 \u00eenlocuirea u\u0219oar\u0103 a pieselor uzate poate reduce semnificativ timpul de nefunc\u021bionare \u0219i poate \u00eembun\u0103t\u0103\u021bi eficien\u021ba opera\u021biunilor.<\/p>\n<p><img decoding=\"async\" src=\"https:\/\/www.hydraulic-cylinders.net\/wp-content\/uploads\/2025\/04\/songte-oil-pipes-and-spare-parts.webp\" alt=\"Imagine piese hidraulice\"><\/p>\n<h2>Etan\u0219are \u0219i lubrifiere<\/h2>\n<p>Etan\u0219area \u0219i lubrifierea eficiente sunt cruciale pentru performan\u021ba cilindrului bra\u021bului. Diverse elemente de etan\u0219are, cum ar fi etan\u0219\u0103rile pistonului \u0219i etan\u0219\u0103rile tijei, sunt utilizate pentru a preveni scurgerile de fluid hidraulic. Garniturile fabricate din materiale durabile, precum poliuretanul \u0219i cauciucul nitrilic, sunt preferate datorit\u0103 rezisten\u021bei lor excelente la uzur\u0103. Suprafe\u021bele corpului cilindrului \u0219i capetele filetate sunt supuse unor prelucr\u0103ri fine pentru a spori durabilitatea.<\/p>\n<p>\u00cen plus, lubrifierea regulat\u0103 cu ulei hidraulic este esen\u021bial\u0103 pentru a asigura o func\u021bionare lin\u0103 \u0219i a minimiza uzura. Operatorii trebuie instrui\u021bi cu privire la importan\u021ba men\u021binerii unor niveluri adecvate de ulei \u0219i a utiliz\u0103rii tipurilor adecvate de fluide hidraulice pentru o performan\u021b\u0103 optim\u0103 a cilindrului.<\/p>\n<h2>Inspec\u021bie regulat\u0103 \u0219i m\u0103suri de \u00eentre\u021binere preventiv\u0103<\/h2>\n<ul>\n<li><strong>Inspec\u021bii regulate:<\/strong> Efectua\u021bi inspec\u021bii de rutin\u0103 ale cilindrului bra\u021bului pentru a depista semne de uzur\u0103, scurgeri sau deteriorare. Trebuie luate m\u0103suri imediate pentru a remedia orice problem\u0103 identificat\u0103 \u00een timpul inspec\u021biilor, pentru a preveni deteriorarea ulterioar\u0103.<\/li>\n<li><strong>Lubrifiere adecvat\u0103:<\/strong> Asigura\u021bi-v\u0103 c\u0103 sistemul hidraulic este lubrifiat corespunz\u0103tor, conform specifica\u021biilor produc\u0103torului. Aceasta implic\u0103 verificarea nivelului de ulei \u0219i \u00eenlocuirea fluidelor, dup\u0103 cum este necesar, pentru a men\u021bine performan\u021ba.<\/li>\n<li><strong>\u00cenlocuirea garniturii:<\/strong> Monitoriza\u021bi uzura garniturilor \u0219i \u00eenlocui\u021bi-le dup\u0103 cum este necesar pentru a preveni scurgerile de fluid hidraulic. Verific\u0103rile regulate ale garniturilor sunt esen\u021biale pentru men\u021binerea integrit\u0103\u021bii sistemului hidraulic.<\/li>\n<\/ul>\n<h2>Instruc\u021biuni de instalare corect\u0103<\/h2>\n<p>Instalarea corect\u0103 a cilindrului bra\u021bului este vital\u0103 pentru asigurarea func\u021bionalit\u0103\u021bii \u0219i longevit\u0103\u021bii acestuia. \u00cencepe\u021bi prin alinierea cu aten\u021bie a cilindrului cu punctele de montare, asigur\u00e2ndu-v\u0103 c\u0103 este sus\u021binut corespunz\u0103tor de console adecvate. Alinierea necorespunz\u0103toare poate duce la uzur\u0103 prematur\u0103 \u0219i la o posibil\u0103 defectare a cilindrului.<\/p>\n<p>\u00cen timpul instal\u0103rii, este esen\u021bial s\u0103 respecta\u021bi instruc\u021biunile produc\u0103torului, inclusiv specifica\u021biile de cuplu pentru \u0219uruburi \u0219i conexiuni. Dup\u0103 instalare, efectua\u021bi o inspec\u021bie am\u0103nun\u021bit\u0103 pentru a verifica dac\u0103 toate componentele sunt fixate \u0219i aliniate corect. Dup\u0103 instalare, sistemul hidraulic trebuie umplut cu uleiul recomandat, iar sistemul trebuie golit de aer pentru a asigura o func\u021bionare optim\u0103.<\/p>\n<h2>Sarcini comune de \u00eentre\u021binere<\/h2>\n<ul>\n<li><strong>Inspec\u021bii regulate:<\/strong> Efectuarea verific\u0103rilor periodice permite operatorilor s\u0103 identifice poten\u021bialele probleme \u00eenainte ca acestea s\u0103 escaladeze. Inspecta\u021bi conductele hidraulice, garniturile \u0219i conexiunile pentru orice semne de uzur\u0103 sau deteriorare.<\/li>\n<li><strong>Lubrifiere adecvat\u0103:<\/strong> Men\u021binerea unei lubrifieri adecvate este crucial\u0103 pentru func\u021bionarea f\u0103r\u0103 probleme a cilindrului bra\u021bului. Folosi\u021bi tipul corect de ulei hidraulic \u0219i asigura\u021bi-v\u0103 c\u0103 nivelurile sunt suficiente.<\/li>\n<li><strong>\u00cenlocuirea garniturii \u0219i verific\u0103ri ale calibr\u0103rii:<\/strong> Verifica\u021bi periodic garniturile pentru uzur\u0103 \u0219i \u00eenlocui\u021bi-le dup\u0103 cum este necesar. \u00cen plus, verific\u0103rile de calibrare asigur\u0103 c\u0103 cilindrul func\u021bioneaz\u0103 \u00een parametrii specifica\u021bi, prevenind nealinierea \u0219i ineficien\u021bele opera\u021bionale.<\/li>\n<\/ul>\n<p>\u00cen timpul instal\u0103rii, alinierea corect\u0103 a cilindrului este crucial\u0103. Se recomand\u0103 utilizarea unor console de instalare adecvate pentru a fixa ferm cilindrul. Specifica\u021biile corecte ale cuplului de str\u00e2ngere \u00een timpul instal\u0103rii contribuie, de asemenea, la func\u021bionalitatea pe termen lung a cilindrului. \u00centre\u021binerea regulat\u0103, inclusiv inspec\u021biile \u0219i repara\u021biile la timp, este esen\u021bial\u0103 pentru cre\u0219terea duratei de via\u021b\u0103 a cilindrului bra\u021bului.<\/p>\n<p><img decoding=\"async\" src=\"https:\/\/www.hydraulic-cylinders.net\/wp-content\/uploads\/2025\/04\/songte-chushion-collar.webp\" alt=\"Imagine cu guler de pern\u0103\"><\/p>\n<h2>Considera\u021bii de siguran\u021b\u0103 \u0219i factori de mediu<\/h2>\n<p>Atunci c\u00e2nd se utilizeaz\u0103 cilindrul bra\u021bului, m\u0103surile de siguran\u021b\u0103 sunt primordiale. Operatorii trebuie s\u0103 fie instrui\u021bi cu privire la tehnicile de manipulare adecvate pentru a minimiza riscul de accidente. Implementarea protocoalelor de siguran\u021b\u0103, cum ar fi purtarea echipamentului de protec\u021bie \u0219i respectarea instruc\u021biunilor opera\u021bionale, este esen\u021bial\u0103 pentru prevenirea r\u0103nilor \u00een timpul func\u021bion\u0103rii.<\/p>\n<h2>Depanare \u0219i probleme frecvente<\/h2>\n<ul>\n<li><strong>Scurgere de fluide:<\/strong> Dac\u0103 se detecteaz\u0103 scurgeri de fluid hidraulic, verifica\u021bi etan\u0219\u0103rile \u0219i conexiunile pentru uzur\u0103. \u00cenlocui\u021bi componentele deteriorate pentru a restabili func\u021bionalitatea.<\/li>\n<li><strong>Performan\u021b\u0103 slab\u0103:<\/strong> Dac\u0103 cilindrul bra\u021bului nu r\u0103spunde eficient, verifica\u021bi dac\u0103 exist\u0103 aer \u00een sistemul hidraulic sau dac\u0103 nivelurile de lichid sunt inadecvate. Aerisi\u021bi sistemul \u0219i completa\u021bi cu fluide dup\u0103 cum este necesar.<\/li>\n<li><strong>Func\u021bionare zgomotoas\u0103:<\/strong> Zgomotele neobi\u0219nuite pot indica uzur\u0103 intern\u0103 sau lubrifiere insuficient\u0103. \u00centre\u021binerea \u0219i lubrifierea regulat\u0103 pot ajuta la atenuarea acestor probleme.<\/li>\n<\/ul>\n<p>Pentru a diagnostica \u0219i remedia eficient problemele legate de cilindrul bra\u021bului, operatorii ar trebui s\u0103 \u021bin\u0103 un jurnal al performan\u021bei \u0219i al oric\u0103ror anomalii. Aceast\u0103 documenta\u021bie poate ajuta la depanare \u0219i poate oferi informa\u021bii pentru m\u0103suri preventive menite s\u0103 minimizeze problemele viitoare.<\/p>\n<p><img decoding=\"async\" src=\"https:\/\/www.hydraulic-cylinders.net\/wp-content\/uploads\/2025\/04\/songte-bushings-with-all-kinds-of-excavator-models.webp\" alt=\"Imagine buc\u0219e\"><\/p>\n<h2>Despre compania noastr\u0103<\/h2>\n<p>Suntem un produc\u0103tor \u0219i distribuitor angro de top de cilindri hidraulici de schimb, recunoscu\u021bi at\u00e2t pe pie\u021bele interne, c\u00e2t \u0219i pe cele interna\u021bionale. Gama noastr\u0103 de produse este extins\u0103, iar noi punem accent pe excelen\u021ba \u00een calitate. Valorific\u00e2nd ateliere de fabrica\u021bie rafinate \u0219i strategii de management al produc\u021biei industriale, ne \u00eembun\u0103t\u0103\u021bim continuu platformele de fabrica\u021bie.<\/p>\n<p>Concentr\u00e2ndu-ne pe progresul tehnologic, folosim echipamente de fabrica\u021bie de ultim\u0103 genera\u021bie \u0219i sisteme de testare specializate pentru a \u00eembun\u0103t\u0103\u021bi calitatea produc\u021biei. Capacit\u0103\u021bile noastre inovatoare puternice ne permit s\u0103 satisfacem diversele nevoi ale clien\u021bilor, asigur\u00e2nd o eficien\u021b\u0103 ridicat\u0103, precizie \u0219i calitate \u00een produsele noastre.<\/p>\n<p>Angajamentul nostru fa\u021b\u0103 de profesionalism, certific\u0103ri interna\u021bionale, servicii personalizate, echipamente de produc\u021bie avansate \u0219i asisten\u021b\u0103 post-v\u00e2nzare consolideaz\u0103 \u0219i mai mult reputa\u021bia noastr\u0103 \u00een industrie.<\/p>\n<p><img decoding=\"async\" src=\"https:\/\/www.hydraulic-cylinders.net\/wp-content\/uploads\/2025\/04\/songte-company-4.webp\" alt=\"Imaginea companiei 1\"><br \/>\n<img decoding=\"async\" src=\"https:\/\/www.hydraulic-cylinders.net\/wp-content\/uploads\/2025\/04\/songte-company-3.webp\" alt=\"Imaginea companiei 2\"><\/p>\n<p>Autor: lyl<\/p>","protected":false},"excerpt":{"rendered":"<p>Boom Cylinder For Zoomlion Middle Excavator ZE230ELR Introduction to the Boom Cylinder The Boom Cylinder is a crucial component specifically designed for heavy machinery, particularly the Zoomlion Middle Excavator ZE230ELR. This hydraulic cylinder plays an essential role in controlling the movement of the excavator&#8217;s boom, enabling it to lift, lower, and tilt effectively. As a [&hellip;]<\/p>","protected":false},"featured_media":17874,"comment_status":"open","ping_status":"closed","template":"","meta":{"_et_pb_use_builder":"","_et_pb_old_content":"","_et_gb_content_width":""},"product_brand":[],"product_cat":[1546],"product_tag":[1547,1496],"class_list":{"0":"post-19218","1":"product","2":"type-product","3":"status-publish","4":"has-post-thumbnail","6":"product_cat-boom-cylinders","7":"product_tag-boom-cylinders","8":"product_tag-hydraulic-cylinders","10":"first","11":"instock","12":"shipping-taxable","13":"product-type-simple"},"amp_enabled":true,"_links":{"self":[{"href":"https:\/\/www.hydraulic-cylinders.net\/ro\/wp-json\/wp\/v2\/product\/19218","targetHints":{"allow":["GET"]}}],"collection":[{"href":"https:\/\/www.hydraulic-cylinders.net\/ro\/wp-json\/wp\/v2\/product"}],"about":[{"href":"https:\/\/www.hydraulic-cylinders.net\/ro\/wp-json\/wp\/v2\/types\/product"}],"replies":[{"embeddable":true,"href":"https:\/\/www.hydraulic-cylinders.net\/ro\/wp-json\/wp\/v2\/comments?post=19218"}],"wp:featuredmedia":[{"embeddable":true,"href":"https:\/\/www.hydraulic-cylinders.net\/ro\/wp-json\/wp\/v2\/media\/17874"}],"wp:attachment":[{"href":"https:\/\/www.hydraulic-cylinders.net\/ro\/wp-json\/wp\/v2\/media?parent=19218"}],"wp:term":[{"taxonomy":"product_brand","embeddable":true,"href":"https:\/\/www.hydraulic-cylinders.net\/ro\/wp-json\/wp\/v2\/product_brand?post=19218"},{"taxonomy":"product_cat","embeddable":true,"href":"https:\/\/www.hydraulic-cylinders.net\/ro\/wp-json\/wp\/v2\/product_cat?post=19218"},{"taxonomy":"product_tag","embeddable":true,"href":"https:\/\/www.hydraulic-cylinders.net\/ro\/wp-json\/wp\/v2\/product_tag?post=19218"}],"curies":[{"name":"wp","href":"https:\/\/api.w.org\/{rel}","templated":true}]}}