{"id":19223,"date":"2025-04-07T06:18:51","date_gmt":"2025-04-07T06:18:51","guid":{"rendered":"https:\/\/www.hydraulic-cylinders.net\/product\/boom-cylinder-for-zoomlion-middle-excavator-ze230e-9\/"},"modified":"2025-04-07T06:19:00","modified_gmt":"2025-04-07T06:19:00","slug":"boom-cylinder-for-zoomlion-middle-excavator-ze230e-9","status":"publish","type":"product","link":"https:\/\/www.hydraulic-cylinders.net\/ro\/produs\/boom-cylinder-for-zoomlion-middle-excavator-ze230e-9\/","title":{"rendered":"Cilindru bra\u021b pentru excavatorul Zoomlion ZE230E-9"},"content":{"rendered":"<h1>Cilindru bra\u021b pentru excavatorul Zoomlion ZE230E-9<\/h1>\n<h2>Prezentare general\u0103 a produsului<\/h2>\n<p>Cilindrul bra\u021bului este o component\u0103 vital\u0103 \u00een utilajele grele, special conceput pentru a controla mi\u0219carea cupei \u00een diverse echipamente, cum ar fi excavatoarele, \u00eenc\u0103rc\u0103toarele cu excavator \u0219i \u00eenc\u0103rc\u0103toarele frontale. Acest cilindru hidraulic joac\u0103 un rol crucial \u00een a permite ridicarea, cobor\u00e2rea \u0219i \u00eenclinarea cupei, facilit\u00e2nd sarcini eficiente de manipulare a materialelor. Prin transformarea presiunii hidraulice \u00een for\u021b\u0103 mecanic\u0103, cilindrul bra\u021bului permite operatorilor s\u0103 efectueze diverse opera\u021biuni cu precizie \u0219i u\u0219urin\u021b\u0103. Importan\u021ba sa nu poate fi supraestimat\u0103, deoarece are un impact direct asupra productivit\u0103\u021bii \u0219i eficien\u021bei ma\u0219inii.<\/p>\n<p><img decoding=\"async\" src=\"https:\/\/www.hydraulic-cylinders.net\/wp-content\/uploads\/2025\/04\/songte-company-1.webp\" alt=\"Imaginea cilindrului bra\u021bului\"><\/p>\n<h3>Caracteristici cheie ale cilindrului bra\u021bului<\/h3>\n<ul>\n<li><strong>Rezisten\u021b\u0103 \u0219i durabilitate ridicate:<\/strong> Fabricat din o\u021bel sau aluminiu de \u00eenalt\u0103 rezisten\u021b\u0103, cilindrul bra\u021bului este conceput s\u0103 reziste la presiuni ridicate \u0219i sarcini grele, fiind potrivit pentru medii de lucru dure.<\/li>\n<li><strong>Func\u021bionare hidraulic\u0103 eficient\u0103:<\/strong> Cilindrul utilizeaz\u0103 presiunea uleiului hidraulic pentru o extindere \u0219i retragere lin\u0103, oferind un r\u0103spuns rapid la comenzile operatorului \u0219i capacit\u0103\u021bi puternice de \u00eempingere-tragere.<\/li>\n<li><strong>Diverse tipuri:<\/strong> Op\u021biunile includ cilindri cu ac\u021biune simpl\u0103 (folose\u0219te presiune hidraulic\u0103 \u00eentr-o singur\u0103 direc\u021bie) sau cu ac\u021biune dubl\u0103 (folose\u0219te presiune hidraulic\u0103 \u00een ambele direc\u021bii), unele modele fiind dotate cu design telescopic pentru o raz\u0103 de ac\u021biune extins\u0103.<\/li>\n<li><strong>Inginerie de precizie:<\/strong> Fiecare cilindru este proiectat conform unor standarde stricte pentru a asigura performan\u021be fiabile \u0219i compatibilitate cu diverse modele de excavatoare.<\/li>\n<li><strong>Design u\u0219or de \u00eentre\u021binut:<\/strong> Conceput pentru o \u00eentre\u021binere u\u0219oar\u0103, cilindrul bra\u021bului permite inspec\u021bii \u0219i service rapide, reduc\u00e2nd la minimum timpul de nefunc\u021bionare al utilajului.<\/li>\n<\/ul>\n<h2>Capacit\u0103\u021bile noastre de produc\u021bie<\/h2>\n<p>Avem capacitatea de a produce acest cilindru de bra\u021b de \u00eenalt\u0103 calitate, care \u00eenlocuie\u0219te perfect cilindrii hidraulici existen\u021bi \u00eentr-o gam\u0103 larg\u0103 de aplica\u021bii.<\/p>\n<p><img decoding=\"async\" src=\"https:\/\/www.hydraulic-cylinders.net\/wp-content\/uploads\/2025\/04\/songte-cylinder-head-with-all-kinds-excavator-models.webp\" alt=\"Imagine cu modele de excavatoare\"><\/p>\n<h2>Aplica\u021bii ale cilindrului bra\u021bului<\/h2>\n<h3>Echipamente de construc\u021bii<\/h3>\n<p>\u00cen excavatoare, cilindrii bra\u021bului sunt esen\u021biali pentru s\u0103pare, \u00eenc\u0103rcare \u0219i mutarea p\u0103m\u00e2ntului sau a molozului. Capacitatea lor de a facilita mi\u0219c\u0103ri line \u0219i puternice spore\u0219te eficien\u021ba proiectelor de construc\u021bii, permi\u021b\u00e2nd manipularea rapid\u0103 \u0219i eficient\u0103 a materialelor.<\/p>\n<h3>Ma\u0219ini agricole<\/h3>\n<p>\u00cenc\u0103rc\u0103toarele frontale utilizeaz\u0103 cilindri ai bra\u021bului pentru a scoate, ridica \u0219i transporta solul, f\u00e2nul \u0219i alte materiale. Eficien\u021ba oferit\u0103 de ace\u0219ti cilindri asigur\u0103 executarea rapid\u0103 a sarcinilor agricole, contribuind la cre\u0219terea productivit\u0103\u021bii \u00een opera\u021biunile agricole.<\/p>\n<h3>Excavatoare<\/h3>\n<p>\u00cen excavatoare, cilindrii bra\u021bului permit cupei s\u0103 p\u0103trund\u0103 \u00een sol, permi\u021b\u00e2nd o s\u0103pare eficient\u0103. Aceast\u0103 func\u021bie este esen\u021bial\u0103 pentru diverse sarcini de s\u0103pare, asigur\u00e2ndu-se c\u0103 operatorii pot gestiona eficient proiectele de excavare.<\/p>\n<h3>\u00cenc\u0103rc\u0103toare<\/h3>\n<p>\u00cen cazul \u00eenc\u0103rc\u0103toarelor frontale, cilindrii bra\u021bului ajut\u0103 la ridicarea \u0219i desc\u0103rcarea eficient\u0103 a \u00eenc\u0103rc\u0103turilor. Func\u021bionarea lor fiabil\u0103 este vital\u0103 pentru optimizarea proceselor de \u00eenc\u0103rcare \u0219i desc\u0103rcare \u00een diverse contexte, de la \u0219antiere de construc\u021bii la cur\u021bi de manipulare a materialelor.<\/p>\n<h2>Considera\u021bii de proiectare \u0219i criterii de selec\u021bie<\/h2>\n<h3>Capacitate de \u00eenc\u0103rcare<\/h3>\n<p>Capacitatea de \u00eenc\u0103rcare este o considera\u021bie critic\u0103 \u00een proiectarea cilindrilor bra\u021bului. Aceasta determin\u0103 greutatea maxim\u0103 pe care cilindrul o poate suporta f\u0103r\u0103 a compromite siguran\u021ba sau performan\u021ba. Produc\u0103torii trebuie s\u0103 se asigure c\u0103 designul cilindrului \u00eendepline\u0219te sau dep\u0103\u0219e\u0219te specifica\u021biile de \u00eenc\u0103rcare necesare pentru aplica\u021bia sa prev\u0103zut\u0103.<\/p>\n<h3>Performan\u021ba de etan\u0219are<\/h3>\n<p>Etan\u0219area eficient\u0103 este esen\u021bial\u0103 pentru men\u021binerea presiunii hidraulice \u00een interiorul cilindrului. Alegerea garniturilor, cum ar fi garniturile pistonului \u0219i garniturile tijei, influen\u021beaz\u0103 performan\u021ba general\u0103 \u0219i longevitatea cilindrului. Garniturile de calitate, fabricate din materiale durabile, precum poliuretanul sau cauciucul nitrilic, previn scurgerile \u0219i asigur\u0103 o func\u021bionare lin\u0103.<\/p>\n<h3>Durabilitate<\/h3>\n<p>Durabilitatea este un factor cheie \u00een proiectarea cilindrilor bra\u021bului, deoarece ace\u0219tia sunt adesea expu\u0219i la condi\u021bii dure. Utilizarea materialelor de \u00eenalt\u0103 rezisten\u021b\u0103 \u0219i a acoperirilor protectoare spore\u0219te rezisten\u021ba cilindrului la uzur\u0103, coroziune \u0219i factori de mediu, prelungindu-i durata de via\u021b\u0103 \u0219i reduc\u00e2nd nevoile de \u00eentre\u021binere.<\/p>\n<h3>Caracteristici de siguran\u021b\u0103<\/h3>\n<p>Siguran\u021ba este primordial\u0103 atunci c\u00e2nd se proiecteaz\u0103 cilindrii bra\u021bului. Caracteristici precum supapele de suprapresiune \u0219i blocajele de siguran\u021b\u0103 ajut\u0103 la prevenirea accidentelor \u0219i asigur\u0103 func\u021bionarea \u00een siguran\u021b\u0103 sub sarcini variabile. Produc\u0103torii trebuie s\u0103 acorde prioritate acestor caracteristici \u00een procesul de proiectare pentru a proteja at\u00e2t operatorii, c\u00e2t \u0219i utilajele.<\/p>\n<h3>Accesibilitate pentru \u00eentre\u021binere<\/h3>\n<p>Proiectarea cilindrilor bra\u021bului av\u00e2nd \u00een vedere \u00eentre\u021binerea este esen\u021bial\u0103 pentru reducerea timpilor de nefunc\u021bionare. Caracteristicile care faciliteaz\u0103 accesul facil pentru inspec\u021bii \u0219i repara\u021bii asigur\u0103 c\u0103 operatorii pot \u00eentre\u021bine eficient echipamentele, sporind \u00een cele din urm\u0103 productivitatea \u0219i performan\u021ba pe teren.<\/p>\n<p><img decoding=\"async\" src=\"https:\/\/www.hydraulic-cylinders.net\/wp-content\/uploads\/2025\/04\/songte-oil-pipes-and-spare-parts.webp\" alt=\"Imagine cu \u021bevi de petrol \u0219i piese de schimb\"><\/p>\n<h2>Etan\u0219are \u0219i lubrifiere<\/h2>\n<p>Etan\u0219area \u0219i lubrifierea corespunz\u0103toare sunt esen\u021biale pentru func\u021bionarea eficient\u0103 a cilindrilor bra\u021bului. Diverse etan\u0219\u0103ri, cum ar fi etan\u0219\u0103rile pistonului \u0219i etan\u0219\u0103rile tijei, sunt utilizate pentru a men\u021bine presiunea \u0219i a preveni scurgerile de fluid hidraulic. Selectarea materialelor durabile, cum ar fi poliuretanul \u0219i cauciucul nitrilic, pentru etan\u0219\u0103ri este crucial\u0103 pentru asigurarea longevit\u0103\u021bii \u0219i a performan\u021bei fiabile. \u00cen plus, corpul cilindrului \u0219i capetele filetate sunt supuse unor prelucr\u0103ri de precizie pentru a spori rezisten\u021ba la uzur\u0103. Lubrifierea regulat\u0103 cu ulei hidraulic este esen\u021bial\u0103 pentru a reduce frecarea, a facilita mi\u0219carea lin\u0103 \u0219i a prelungi durata de via\u021b\u0103 a cilindrului.<\/p>\n<h2>M\u0103suri de \u00eentre\u021binere preventiv\u0103<\/h2>\n<ul>\n<li><strong>Inspec\u021bii regulate:<\/strong> Efectua\u021bi inspec\u021bii frecvente pentru a verifica dac\u0103 exist\u0103 semne de uzur\u0103, scurgeri sau deterior\u0103ri. Depistarea timpurie a problemelor poate preveni repara\u021bii costisitoare \u0219i timpi de nefunc\u021bionare.<\/li>\n<li><strong>Verific\u0103ri ale lubrifierii:<\/strong> Asigura\u021bi-v\u0103 c\u0103 nivelurile uleiului hidraulic sunt adecvate \u0219i c\u0103 lubrifierea este efectuat\u0103 conform recomand\u0103rilor produc\u0103torului pentru a men\u021bine performan\u021be optime.<\/li>\n<li><strong>\u00cenlocuirea garniturii:<\/strong> Verifica\u021bi periodic garniturile pentru uzur\u0103 \u0219i \u00eenlocui\u021bi-le dup\u0103 cum este necesar pentru a men\u021bine presiunea \u0219i a preveni scurgerile, asigur\u00e2ndu-v\u0103 c\u0103 sistemul func\u021bioneaz\u0103 eficient.<\/li>\n<\/ul>\n<h2>Instruc\u021biuni de instalare<\/h2>\n<p>La instalarea unui cilindru de bra\u021b, este esen\u021bial s\u0103 urma\u021bi procedurile adecvate pentru a asigura o performan\u021b\u0103 optim\u0103. Mai \u00eent\u00e2i, asigura\u021bi-v\u0103 c\u0103 zona de lucru este curat\u0103 \u0219i lipsit\u0103 de resturi. Alinia\u021bi corect cilindrul cu punctele de montare pentru a evita solicit\u0103ri excesive asupra componentelor. Utiliza\u021bi console de montare adecvate pentru a fixa cilindrul \u00een pozi\u021bie. Este esen\u021bial s\u0103 str\u00e2nge\u021bi toate \u0219uruburile la cuplul specificat pentru a preveni sl\u0103birea \u00een timpul func\u021bion\u0103rii. \u00cen cele din urm\u0103, verifica\u021bi dac\u0103 conexiunile hidraulice sunt fixate \u0219i testa\u021bi sistemul pentru eventuale scurgeri \u00eenainte de punerea \u00een func\u021biune complet\u0103.<\/p>\n<h2>Sarcini comune de \u00eentre\u021binere<\/h2>\n<ul>\n<li><strong>Inspec\u021bii regulate:<\/strong> Inspec\u021biile frecvente sunt necesare pentru a identifica orice probleme poten\u021biale \u00eenainte ca acestea s\u0103 escaladeze. Acest proces include verificarea scurgerilor, examinarea garniturilor pentru uzur\u0103 \u0219i asigurarea func\u021bion\u0103rii corecte a tuturor componentelor.<\/li>\n<li><strong>Lubrifiere adecvat\u0103:<\/strong> Lubrifierea regulat\u0103 este vital\u0103 pentru men\u021binerea eficien\u021bei cilindrilor hidraulici. Asigura\u021bi-v\u0103 c\u0103 uleiul hidraulic este la nivelul recomandat \u0219i \u00eenlocui\u021bi-l conform instruc\u021biunilor produc\u0103torului.<\/li>\n<li><strong>\u00cenlocuirea garniturii \u0219i verific\u0103ri ale calibr\u0103rii:<\/strong> Garniturile trebuie verificate periodic pentru a depista semne de uzur\u0103 \u0219i \u00eenlocuite dup\u0103 cum este necesar. Verific\u0103rile de calibrare asigur\u0103 func\u021bionarea cilindrului \u00een limitele toleran\u021belor specificate, contribuind la eficien\u021ba general\u0103 a echipamentului.<\/li>\n<\/ul>\n<h2>Considera\u021bii de siguran\u021b\u0103 \u0219i factori de mediu<\/h2>\n<p>Atunci c\u00e2nd se lucreaz\u0103 cu sisteme hidraulice, m\u0103surile de siguran\u021b\u0103 sunt esen\u021biale. Operatorii trebuie s\u0103 poarte \u00eentotdeauna echipament individual de protec\u021bie (EIP) adecvat \u0219i s\u0103 respecte protocoalele de siguran\u021b\u0103. Este important s\u0103 se asigure c\u0103 sistemul hidraulic este depresurizat \u00eenainte de a efectua sarcini de \u00eentre\u021binere. \u00cen plus, operatorii trebuie s\u0103 fie con\u0219tien\u021bi de factorii de mediu care ar putea afecta func\u021bionarea cilindrului bra\u021bului, cum ar fi fluctua\u021biile de temperatur\u0103 \u0219i expunerea la materiale corozive, \u0219i s\u0103 ia m\u0103surile de precau\u021bie necesare pentru a atenua aceste riscuri.<\/p>\n<h2>Diagnosticarea defec\u021biunilor \u0219i probleme frecvente<\/h2>\n<ul>\n<li><strong>Scurgere:<\/strong> Scurgerile pot ap\u0103rea din cauza garniturilor uzate sau a componentelor deteriorate. Inspecta\u021bi garniturile \u00een mod regulat \u0219i \u00eenlocui\u021bi-le pentru a men\u021bine presiunea hidraulic\u0103.<\/li>\n<li><strong>Pierdere de presiune:<\/strong> O sc\u0103dere a presiunii hidraulice poate indica blocaje sau scurgeri \u00een sistem. \u00centre\u021binerea regulat\u0103 poate ajuta la identificarea \u0219i rezolvarea prompt\u0103 a acestor probleme.<\/li>\n<li><strong>Performan\u021b\u0103 inconsistent\u0103:<\/strong> Dac\u0103 cilindrul bra\u021bului nu func\u021bioneaz\u0103 corect, acest lucru se poate datora unei lubrifieri insuficiente sau aerului blocat \u00een conductele hidraulice. Verifica\u021bi \u0219i men\u021bine\u021bi periodic nivelurile fluidului hidraulic \u0219i aerisi\u021bi sistemul, dac\u0103 este necesar.<\/li>\n<\/ul>\n<h2>Sfaturi de depanare<\/h2>\n<p>Pentru a diagnostica \u0219i rezolva eficient problemele legate de cilindrul bra\u021bului, operatorii ar trebui s\u0103 efectueze inspec\u021bii de rutin\u0103 \u0219i s\u0103 \u021bin\u0103 un jurnal al oric\u0103ror nereguli de performan\u021b\u0103. Asigura\u021bi-v\u0103 c\u0103 uleiul hidraulic este curat \u0219i la nivelul corespunz\u0103tor. Dac\u0103 se detecteaz\u0103 scurgeri, \u00eenlocui\u021bi prompt garniturile \u0219i verifica\u021bi integritatea corpului cilindrului pentru orice semne de deteriorare. Implementarea unor m\u0103suri preventive, cum ar fi \u00eentre\u021binerea \u0219i inspec\u021biile regulate, poate reduce semnificativ probabilitatea \u00eent\u00e2mpin\u0103rii unor probleme comune.<\/p>\n<p><img decoding=\"async\" src=\"https:\/\/www.hydraulic-cylinders.net\/wp-content\/uploads\/2025\/04\/songte-bushings-with-all-kinds-of-excavator-models.webp\" alt=\"Buc\u0219e cu imaginea modelelor de excavatoare\"><\/p>\n<h2>Despre compania noastr\u0103<\/h2>\n<p>Suntem un produc\u0103tor important de cilindri hidraulici alternativi, deservind at\u00e2t pie\u021bele interne, c\u00e2t \u0219i cele interna\u021bionale. Gama noastr\u0103 extins\u0103 de produse \u0219i angajamentul fa\u021b\u0103 de excelen\u021b\u0103 ne-au consacrat ca un nume de \u00eencredere \u00een industrie. Respect\u00e2nd standarde stricte de calitate, ne baz\u0103m pe o strategie sofisticat\u0103 de management al produc\u021biei, utiliz\u00e2nd echipamente de fabrica\u021bie avansate \u0219i un sistem de testare profesional. For\u021ba noastr\u0103 de munc\u0103 calificat\u0103 \u00eembun\u0103t\u0103\u021be\u0219te continuu platforma noastr\u0103 de fabrica\u021bie, asigur\u00e2ndu-ne c\u0103 satisfacem diversele nevoi ale clien\u021bilor cu eficien\u021b\u0103, precizie \u0219i calitate ridicate.<\/p>\n<p><img decoding=\"async\" src=\"https:\/\/www.hydraulic-cylinders.net\/wp-content\/uploads\/2025\/04\/songte-company-4.webp\" alt=\"Imaginea companiei\"><br \/>\n<img decoding=\"async\" src=\"https:\/\/www.hydraulic-cylinders.net\/wp-content\/uploads\/2025\/04\/songte-company-3.webp\" alt=\"Imaginea companiei\"><\/p>\n<p>Dedica\u021bia noastr\u0103 fa\u021b\u0103 de profesionalism, certific\u0103ri interna\u021bionale \u0219i servicii personalizabile, \u00eempreun\u0103 cu echipamente de produc\u021bie superioare \u0219i asisten\u021b\u0103 post-v\u00e2nzare excep\u021bional\u0103, ne diferen\u021biaz\u0103 pe pia\u021ba cilindrilor hidraulici.<\/p>\n<p>Autor: lyl<\/p>","protected":false},"excerpt":{"rendered":"<p>Boom Cylinder For Zoomlion Middle Excavator ZE230E-9 Product Overview The boom cylinder is a vital component in heavy machinery, specifically designed to control the movement of the bucket in various equipment such as excavators, backhoe loaders, and front loaders. This hydraulic cylinder plays a crucial role in allowing the bucket to lift, lower, and tilt, [&hellip;]<\/p>","protected":false},"featured_media":17879,"comment_status":"open","ping_status":"closed","template":"","meta":{"_et_pb_use_builder":"","_et_pb_old_content":"","_et_gb_content_width":""},"product_brand":[],"product_cat":[1546],"product_tag":[1547,1496],"class_list":{"0":"post-19223","1":"product","2":"type-product","3":"status-publish","4":"has-post-thumbnail","6":"product_cat-boom-cylinders","7":"product_tag-boom-cylinders","8":"product_tag-hydraulic-cylinders","10":"first","11":"instock","12":"shipping-taxable","13":"product-type-simple"},"amp_enabled":true,"_links":{"self":[{"href":"https:\/\/www.hydraulic-cylinders.net\/ro\/wp-json\/wp\/v2\/product\/19223","targetHints":{"allow":["GET"]}}],"collection":[{"href":"https:\/\/www.hydraulic-cylinders.net\/ro\/wp-json\/wp\/v2\/product"}],"about":[{"href":"https:\/\/www.hydraulic-cylinders.net\/ro\/wp-json\/wp\/v2\/types\/product"}],"replies":[{"embeddable":true,"href":"https:\/\/www.hydraulic-cylinders.net\/ro\/wp-json\/wp\/v2\/comments?post=19223"}],"wp:featuredmedia":[{"embeddable":true,"href":"https:\/\/www.hydraulic-cylinders.net\/ro\/wp-json\/wp\/v2\/media\/17879"}],"wp:attachment":[{"href":"https:\/\/www.hydraulic-cylinders.net\/ro\/wp-json\/wp\/v2\/media?parent=19223"}],"wp:term":[{"taxonomy":"product_brand","embeddable":true,"href":"https:\/\/www.hydraulic-cylinders.net\/ro\/wp-json\/wp\/v2\/product_brand?post=19223"},{"taxonomy":"product_cat","embeddable":true,"href":"https:\/\/www.hydraulic-cylinders.net\/ro\/wp-json\/wp\/v2\/product_cat?post=19223"},{"taxonomy":"product_tag","embeddable":true,"href":"https:\/\/www.hydraulic-cylinders.net\/ro\/wp-json\/wp\/v2\/product_tag?post=19223"}],"curies":[{"name":"wp","href":"https:\/\/api.w.org\/{rel}","templated":true}]}}