{"id":19229,"date":"2025-04-07T06:19:14","date_gmt":"2025-04-07T06:19:14","guid":{"rendered":"https:\/\/www.hydraulic-cylinders.net\/product\/boom-cylinder-for-zoomlion-large-excavator-ze700esp\/"},"modified":"2025-04-07T06:19:17","modified_gmt":"2025-04-07T06:19:17","slug":"boom-cylinder-for-zoomlion-large-excavator-ze700esp","status":"publish","type":"product","link":"https:\/\/www.hydraulic-cylinders.net\/ro\/produs\/boom-cylinder-for-zoomlion-large-excavator-ze700esp\/","title":{"rendered":"Cilindru bra\u021b pentru excavatorul mare Zoomlion ZE700ESP"},"content":{"rendered":"<h1>Cilindru bra\u021b pentru excavatorul mare Zoomlion ZE700ESP<\/h1>\n<h2>Introducere \u00een cilindrul bra\u021bului<\/h2>\n<p>Cilindrul bra\u021bului este o component\u0103 vital\u0103 \u00een utilajele grele, \u00een special \u00een excavatoarele precum excavatorul mare Zoomlion ZE700ESP. Acest cilindru hidraulic joac\u0103 un rol esen\u021bial \u00een controlul mi\u0219c\u0103rii bra\u021bului bra\u021bului, permi\u021b\u00e2ndu-i s\u0103 ridice, s\u0103 coboare \u0219i s\u0103 \u00eencline dup\u0103 cum este necesar pentru diverse opera\u021biuni. Mi\u0219carea precis\u0103 facilitat\u0103 de cilindrul bra\u021bului este crucial\u0103 pentru sarcini precum s\u0103parea, ridicarea \u0219i transportul materialelor \u00een mod eficient \u0219i sigur.<\/p>\n<p><img decoding=\"async\" src=\"https:\/\/www.hydraulic-cylinders.net\/wp-content\/uploads\/2025\/04\/songte-company-1.webp\" alt=\"Cilindru de bra\u021b pentru excavatoare\"><\/p>\n<h3>Func\u021bia \u0219i aplica\u021biile cilindrilor bra\u021bului<\/h3>\n<p>\u00centr-un sistem hidraulic, cilindrul bra\u021bului este responsabil pentru transformarea presiunii hidraulice \u00een for\u021b\u0103 mecanic\u0103, permi\u021b\u00e2nd echipamentelor grele s\u0103 execute sarcini complexe. Acesta permite operatorului s\u0103 controleze pozi\u021bia \u0219i unghiul bra\u021bului, facilit\u00e2nd manevrarea \u00een jurul obstacolelor \u0219i \u00eendeplinirea eficient\u0103 a sarcinilor pe \u0219antier. Cilindrul bra\u021bului este de obicei proiectat s\u0103 reziste la presiuni ridicate \u0219i sarcini grele, asigur\u00e2nd durabilitate \u0219i fiabilitate.<\/p>\n<h2>Caracteristicile cilindrului bra\u021bului<\/h2>\n<ul>\n<li><strong>Rezisten\u021b\u0103 \u0219i durabilitate ridicate:<\/strong> Fabricat din o\u021bel sau aluminiu de \u00eenalt\u0103 rezisten\u021b\u0103, cilindrul bra\u021bului este construit pentru a rezista la presiuni ridicate \u0219i sarcini grele, fiind potrivit pentru medii de lucru dure.<\/li>\n<li><strong>Func\u021bionare hidraulic\u0103 eficient\u0103:<\/strong> Cilindrul utilizeaz\u0103 presiunea uleiului hidraulic pentru o extensie \u0219i retragere lin\u0103 \u0219i rapid\u0103, oferind for\u021be puternice de \u00eempingere \u0219i tragere necesare pentru sarcini grele.<\/li>\n<li><strong>Varietate de tipuri:<\/strong> Disponibili \u00een configura\u021bii cu ac\u021biune simpl\u0103 \u0219i dubl\u0103, cilindrii bra\u021bului pot fi adapta\u021bi pentru a \u00eendeplini cerin\u021be opera\u021bionale specifice.<\/li>\n<li><strong>Design care economise\u0219te spa\u021biu:<\/strong> Anumite modele sunt dotate cu design telescopic care permite o extindere mai mare f\u0103r\u0103 a cre\u0219te dimensiunile exterioare, perfecte pentru spa\u021bii \u00eenguste.<\/li>\n<li><strong>Rezisten\u021b\u0103 la coroziune:<\/strong> Proiectat cu caracteristici anticorozive pentru a spori longevitatea \u0219i a minimiza nevoile de \u00eentre\u021binere.<\/li>\n<\/ul>\n<h3>Capacit\u0103\u021bile noastre de produc\u021bie<\/h3>\n<p>Ne specializ\u0103m \u00een producerea de cilindri hidraulici de \u00eenalt\u0103 calitate pentru bra\u021b, care pot \u00eenlocui perfect cilindrii hidraulici existen\u021bi \u00een diverse aplica\u021bii, asigur\u00e2nd performan\u021be optime \u0219i longevitate.<\/p>\n<p><img decoding=\"async\" src=\"https:\/\/www.hydraulic-cylinders.net\/wp-content\/uploads\/2025\/04\/songte-cylinder-head-with-all-kinds-excavator-models.webp\" alt=\"Modele de excavatoare cu cilindri de bra\u021b\"><\/p>\n<h2>Scenarii de aplica\u021bii<\/h2>\n<h3>Echipamente de construc\u021bii<\/h3>\n<p>\u00cen domeniul construc\u021biilor, cilindrii bra\u021bului sunt parte integrant\u0103 a excavatoarelor, unde joac\u0103 un rol esen\u021bial \u00een s\u0103parea, \u00eenc\u0103rcarea \u0219i mutarea p\u0103m\u00e2ntului sau a molozului. Ace\u0219tia permit operatorilor s\u0103 efectueze mi\u0219c\u0103ri precise necesare pentru sarcinile de excavare \u0219i faciliteaz\u0103 ridicarea eficient\u0103 a sarcinilor grele.<\/p>\n<h3>Ma\u0219ini agricole<\/h3>\n<p>\u00cen contexte agricole, cilindrii bra\u021bului sunt utiliza\u021bi \u00een \u00eenc\u0103rc\u0103toarele frontale pentru a scoate, ridica \u0219i transporta sol, f\u00e2n \u0219i diverse alte materiale. Func\u021bionarea lor eficient\u0103 permite procese simplificate de \u00eenc\u0103rcare \u0219i desc\u0103rcare, sporind productivitatea fermelor.<\/p>\n<h3>Excavatoare<\/h3>\n<p>Cilindrul bra\u021bului este esen\u021bial pentru a permite cupei excavatorului s\u0103 p\u0103trund\u0103 \u00een sol, execut\u00e2nd ac\u021biuni vitale de s\u0103pare. Aceast\u0103 capacitate este crucial\u0103 pentru diverse sarcini de excavare necesare \u00een proiectele de construc\u021bii \u0219i amenaj\u0103ri peisagistice.<\/p>\n<h3>\u00cenc\u0103rc\u0103toare<\/h3>\n<p>\u00cen cazul \u00eenc\u0103rc\u0103toarelor frontale, cilindrii bra\u021bului ajut\u0103 la ridicarea \u0219i desc\u0103rcarea eficient\u0103 a sarcinilor. Designul lor robust le permite s\u0103 manipuleze materiale grele, asigur\u00e2nd c\u0103 opera\u021biunile pot fi efectuate eficient \u0219i \u00een siguran\u021b\u0103.<\/p>\n<h2>Considera\u021bii de proiectare \u0219i criterii de selec\u021bie<\/h2>\n<h3>Capacitate de \u00eenc\u0103rcare<\/h3>\n<p>Atunci c\u00e2nd selecta\u021bi un cilindru pentru bra\u021b, \u00een\u021belegerea capacit\u0103\u021bii sale de \u00eenc\u0103rcare este fundamental\u0103. Cilindrul trebuie s\u0103 poat\u0103 sus\u021bine \u00een siguran\u021b\u0103 greutatea sarcinilor pe care le va manipula. Aceasta implic\u0103 luarea \u00een considerare a unor factori precum greutatea maxim\u0103 pe care o poate ridica bra\u021bul \u0219i sarcinile dinamice introduse \u00een timpul func\u021bion\u0103rii.<\/p>\n<h3>Sigilare<\/h3>\n<p>Capacit\u0103\u021bile de etan\u0219are ale unui cilindru al bra\u021bului sunt esen\u021biale pentru performan\u021ba sa. Etan\u0219\u0103rile de \u00eenalt\u0103 calitate previn scurgerile de fluid hidraulic \u0219i men\u021bin presiunea \u00een sistem. Acest lucru este deosebit de important \u00een prevenirea pierderilor de fluid hidraulic, care pot duce la o eficien\u021b\u0103 redus\u0103 \u0219i la poten\u021biale deterior\u0103ri ale echipamentului.<\/p>\n<h3>Durabilitate<\/h3>\n<p>Durabilitatea este o caracteristic\u0103 vital\u0103 a unui cilindru de bra\u021b, \u00een special \u00een medii opera\u021bionale solicitante. Materialele utilizate \u00een fabrica\u021bie trebuie s\u0103 reziste la uzur\u0103, precum \u0219i la expunerea la condi\u021bii dure, cum ar fi murd\u0103ria, umezeala \u0219i temperaturile variabile.<\/p>\n<h3>Caracteristici de siguran\u021b\u0103<\/h3>\n<p>Proiectarea cilindrilor bra\u021bului av\u00e2nd \u00een vedere siguran\u021ba este primordial\u0103. Caracteristici precum supapele de siguran\u021b\u0103 integrate pot preveni situa\u021biile de supra\u00eenc\u0103rcare, asigur\u00e2nd c\u0103 echipamentul func\u021bioneaz\u0103 \u00een parametri siguri \u00een timpul sarcinilor de ridicare \u0219i cobor\u00e2re, protej\u00e2nd astfel at\u00e2t utilajele, c\u00e2t \u0219i operatorii.<\/p>\n<h3>Accesibilitate pentru \u00eentre\u021binere<\/h3>\n<p>U\u0219urin\u021ba \u00eentre\u021binerii este o alt\u0103 considera\u021bie important\u0103 \u00een ceea ce prive\u0219te proiectarea. Cilindrii bra\u021bului ar trebui proiecta\u021bi astfel \u00eenc\u00e2t s\u0103 permit\u0103 accesul facil la componentele critice pentru inspec\u021bie \u0219i service. O strategie de \u00eentre\u021binere bine planificat\u0103 poate prelungi durata de via\u021b\u0103 a cilindrului \u0219i poate \u00eembun\u0103t\u0103\u021bi fiabilitatea general\u0103 a echipamentului.<\/p>\n<p><img decoding=\"async\" src=\"https:\/\/www.hydraulic-cylinders.net\/wp-content\/uploads\/2025\/04\/songte-oil-pipes-and-spare-parts.webp\" alt=\"Piese \u0219i accesorii hidraulice\"><\/p>\n<h2>Etan\u0219are \u0219i lubrifiere<\/h2>\n<p>Eficacitatea unui cilindru al bra\u021bului este influen\u021bat\u0103 semnificativ de sistemele sale de etan\u0219are \u0219i lubrifiere. Diverse etan\u0219\u0103ri, cum ar fi etan\u0219\u0103rile pistonului \u0219i etan\u0219\u0103rile tijei, sunt utilizate pentru a asigura integritatea re\u021binerii fluidului hidraulic. Materiale precum poliuretanul \u0219i cauciucul nitrilic sunt utilizate \u00een mod obi\u0219nuit pentru propriet\u0103\u021bile lor rezistente la uzur\u0103. Suprafe\u021bele cilindrului \u0219i capetele filetate sunt finisate meticulos pentru a spori durabilitatea la uzur\u0103. Lubrifierea regulat\u0103 cu ulei hidraulic este esen\u021bial\u0103 pentru a men\u021bine performan\u021be optime \u0219i a reduce frecarea dintre piesele \u00een mi\u0219care.<\/p>\n<h2>M\u0103suri de \u00eentre\u021binere preventiv\u0103<\/h2>\n<ul>\n<li><strong>Inspec\u021bii regulate:<\/strong> Efectua\u021bi inspec\u021bii de rutin\u0103 pentru a identifica orice semne de uzur\u0103 sau deteriorare, ceea ce poate preveni probleme mai semnificative \u00een viitor.<\/li>\n<li><strong>Lubrifiere adecvat\u0103:<\/strong> Asigura\u021bi-v\u0103 c\u0103 nivelurile uleiului hidraulic sunt men\u021binute \u0219i lubrifia\u021bi piesele mobile dup\u0103 cum este necesar pentru a reduce frecarea \u0219i a prelungi durata de via\u021b\u0103.<\/li>\n<li><strong>\u00cenlocuirea garniturii:<\/strong> Verifica\u021bi periodic garniturile pentru uzur\u0103 \u0219i \u00eenlocui\u021bi-le dup\u0103 cum este necesar pentru a preveni scurgerile \u0219i a men\u021bine presiunea hidraulic\u0103.<\/li>\n<\/ul>\n<h2>Instruc\u021biuni de instalare<\/h2>\n<p>Instalarea corect\u0103 a cilindrului bra\u021bului este crucial\u0103 pentru performan\u021ba acestuia. \u00cencepe\u021bi prin a v\u0103 asigura c\u0103 suprafe\u021bele de montare sunt curate \u0219i f\u0103r\u0103 resturi. Alinia\u021bi cilindrul cu aten\u021bie pentru a evita nealinierea, care ar putea duce la uzur\u0103 prematur\u0103 sau defec\u021biuni. Utiliza\u021bi console de montare adecvate pentru a fixa cilindrul, asigur\u00e2ndu-v\u0103 c\u0103 este fixat str\u00e2ns. Dup\u0103 instalare, verifica\u021bi dac\u0103 exist\u0103 scurgeri hidraulice \u0219i asigura\u021bi-v\u0103 c\u0103 liniile hidraulice sunt conectate corect. Respectarea acestor pa\u0219i va ajuta la ob\u021binerea unei performan\u021be optime a cilindrului bra\u021bului.<\/p>\n<h2>Sarcini comune de \u00eentre\u021binere<\/h2>\n<ul>\n<li><strong>Inspec\u021bii regulate:<\/strong> Efectuarea unor verific\u0103ri frecvente poate ajuta la identificarea poten\u021bialelor probleme \u00eenainte ca acestea s\u0103 devin\u0103 probleme majore. Inspecta\u021bi butelia pentru a depista orice semne de scurgeri ale garniturilor sau deterior\u0103ri fizice.<\/li>\n<li><strong>Lubrifiere adecvat\u0103:<\/strong> Asigura\u021bi-v\u0103 c\u0103 cilindrul bra\u021bului este lubrifiat corespunz\u0103tor cu tipul corect de ulei hidraulic pentru a reduce uzura componentelor interne.<\/li>\n<li><strong>\u00cenlocuirea garniturii:<\/strong> \u00cenlocui\u021bi periodic garniturile ca parte a unui program de \u00eentre\u021binere preventiv\u0103 pentru a men\u021bine presiunea \u0219i eficien\u021ba hidraulic\u0103.<\/li>\n<\/ul>\n<h2>Considera\u021bii de siguran\u021b\u0103 \u0219i factori de mediu<\/h2>\n<p>Atunci c\u00e2nd se utilizeaz\u0103 cilindri ai bra\u021bului, este esen\u021bial s\u0103 se respecte m\u0103surile de siguran\u021b\u0103 pentru a preveni accidentele \u0219i v\u0103t\u0103m\u0103rile corporale. Operatorii trebuie s\u0103 fie instrui\u021bi cu privire la manipularea \u0219i operarea corect\u0103 pentru a asigura siguran\u021ba \u00een timpul sarcinilor de ridicare \u0219i mutare. \u00cen plus, trebuie luat \u00een considerare impactul fluidelor hidraulice asupra mediului, fiind implementate metode adecvate de eliminare pentru a minimiza daunele ecologice.<\/p>\n<h2>Depanare \u0219i probleme frecvente<\/h2>\n<ul>\n<li><strong>Scurgeri hidraulice:<\/strong> Dac\u0103 observa\u021bi o sc\u0103dere a nivelului fluidului hidraulic, verifica\u021bi garniturile \u0219i conexiunile pentru scurgeri \u0219i \u00eenlocui\u021bi imediat orice piese deteriorate.<\/li>\n<li><strong>Func\u021bionare lent\u0103:<\/strong> Un r\u0103spuns lent al cilindrului bra\u021bului poate indica niveluri sc\u0103zute de lichid hidraulic sau aer \u00een sistem. Verifica\u021bi \u0219i reumple\u021bi cu lichid hidraulic, dup\u0103 cum este necesar.<\/li>\n<li><strong>Zgomote neobi\u0219nuite:<\/strong> Dac\u0103 auzi\u021bi un scr\u00e2\u0219net sau alte sunete anormale \u00een timpul func\u021bion\u0103rii, opri\u021bi utilizarea echipamentului \u0219i verifica\u021bi dac\u0103 exist\u0103 deterior\u0103ri interne sau nealiniere.<\/li>\n<\/ul>\n<h2>Sfaturi de depanare<\/h2>\n<p>Pentru a diagnostica \u0219i rezolva eficient problemele legate de cilindrul bra\u021bului, \u00eencepe\u021bi prin a verifica nivelurile de lichid hidraulic \u0219i dac\u0103 exist\u0103 scurgeri. \u00centre\u021binerea preventiv\u0103 regulat\u0103 poate ajuta la minimizarea poten\u021bialelor probleme prin remedierea uzurii \u00eenainte ca acestea s\u0103 se agraveze. Implementarea unor proceduri adecvate de depozitare \u0219i manipulare va asigura, de asemenea, c\u0103 cilindrul r\u0103m\u00e2ne \u00een stare optim\u0103.<\/p>\n<p><img decoding=\"async\" src=\"https:\/\/www.hydraulic-cylinders.net\/wp-content\/uploads\/2025\/04\/songte-bushings-with-all-kinds-of-excavator-models.webp\" alt=\"Buc\u0219e pentru modele de excavatoare\"><\/p>\n<h2>Prezentare general\u0103 a companiei<\/h2>\n<p>Suntem un produc\u0103tor important de cilindri hidraulici de schimb, deservind at\u00e2t pie\u021bele interne, c\u00e2t \u0219i cele interna\u021bionale. Gama noastr\u0103 extins\u0103 de produse ne pozi\u021bioneaz\u0103 ca un concurent de top \u00een sectorul produc\u021biei \u0219i distribu\u021biei angro de cilindri hidraulici. Respect\u0103m standarde stricte de calitate, utiliz\u00e2nd strategii sofisticate de management al produc\u021biei. For\u021ba noastr\u0103 de munc\u0103 calificat\u0103, echipamentele digitale avansate de produc\u021bie \u0219i sistemele profesionale de inspec\u021bie ne \u00eembun\u0103t\u0103\u021besc continuu capacit\u0103\u021bile de produc\u021bie, asigur\u00e2nd o eficien\u021b\u0103 ridicat\u0103, precizie \u0219i calitate pentru a satisface diversele nevoi ale clien\u021bilor.<\/p>\n<p><img decoding=\"async\" src=\"https:\/\/www.hydraulic-cylinders.net\/wp-content\/uploads\/2025\/04\/songte-company-4.webp\" alt=\"Prezentare general\u0103 a companiei\"><br \/>\n<img decoding=\"async\" src=\"https:\/\/www.hydraulic-cylinders.net\/wp-content\/uploads\/2025\/04\/songte-company-3.webp\" alt=\"Facilit\u0103\u021bi de produc\u021bie\"><\/p>\n<p>Ne m\u00e2ndrim cu profesionalismul nostru, certific\u0103rile interna\u021bionale, op\u021biunile de servicii personalizate, echipamentele de produc\u021bie de ultim\u0103 genera\u021bie \u0219i asisten\u021ba complet\u0103 post-v\u00e2nzare.<\/p>\n<p>Autor: lyl<\/p>","protected":false},"excerpt":{"rendered":"<p>Boom Cylinder For Zoomlion Large Excavator ZE700ESP Introduction to the Boom Cylinder The boom cylinder is a vital component in heavy machinery, particularly in excavators like the Zoomlion Large Excavator ZE700ESP. This hydraulic cylinder plays an essential role in controlling the movement of the boom arm, allowing it to lift, lower, and tilt as needed [&hellip;]<\/p>","protected":false},"featured_media":17870,"comment_status":"open","ping_status":"closed","template":"","meta":{"_et_pb_use_builder":"","_et_pb_old_content":"","_et_gb_content_width":""},"product_brand":[],"product_cat":[1546],"product_tag":[1547,1496],"class_list":{"0":"post-19229","1":"product","2":"type-product","3":"status-publish","4":"has-post-thumbnail","6":"product_cat-boom-cylinders","7":"product_tag-boom-cylinders","8":"product_tag-hydraulic-cylinders","10":"first","11":"instock","12":"shipping-taxable","13":"product-type-simple"},"amp_enabled":true,"_links":{"self":[{"href":"https:\/\/www.hydraulic-cylinders.net\/ro\/wp-json\/wp\/v2\/product\/19229","targetHints":{"allow":["GET"]}}],"collection":[{"href":"https:\/\/www.hydraulic-cylinders.net\/ro\/wp-json\/wp\/v2\/product"}],"about":[{"href":"https:\/\/www.hydraulic-cylinders.net\/ro\/wp-json\/wp\/v2\/types\/product"}],"replies":[{"embeddable":true,"href":"https:\/\/www.hydraulic-cylinders.net\/ro\/wp-json\/wp\/v2\/comments?post=19229"}],"wp:featuredmedia":[{"embeddable":true,"href":"https:\/\/www.hydraulic-cylinders.net\/ro\/wp-json\/wp\/v2\/media\/17870"}],"wp:attachment":[{"href":"https:\/\/www.hydraulic-cylinders.net\/ro\/wp-json\/wp\/v2\/media?parent=19229"}],"wp:term":[{"taxonomy":"product_brand","embeddable":true,"href":"https:\/\/www.hydraulic-cylinders.net\/ro\/wp-json\/wp\/v2\/product_brand?post=19229"},{"taxonomy":"product_cat","embeddable":true,"href":"https:\/\/www.hydraulic-cylinders.net\/ro\/wp-json\/wp\/v2\/product_cat?post=19229"},{"taxonomy":"product_tag","embeddable":true,"href":"https:\/\/www.hydraulic-cylinders.net\/ro\/wp-json\/wp\/v2\/product_tag?post=19229"}],"curies":[{"name":"wp","href":"https:\/\/api.w.org\/{rel}","templated":true}]}}