{"id":19230,"date":"2025-04-07T06:19:17","date_gmt":"2025-04-07T06:19:17","guid":{"rendered":"https:\/\/www.hydraulic-cylinders.net\/product\/boom-cylinder-for-zoomlion-large-excavator-ze1250e\/"},"modified":"2025-04-07T06:19:19","modified_gmt":"2025-04-07T06:19:19","slug":"boom-cylinder-for-zoomlion-large-excavator-ze1250e","status":"publish","type":"product","link":"https:\/\/www.hydraulic-cylinders.net\/ro\/produs\/boom-cylinder-for-zoomlion-large-excavator-ze1250e\/","title":{"rendered":"Cilindru bra\u021b pentru excavatorul mare Zoomlion ZE1250E"},"content":{"rendered":"<h1>Cilindru bra\u021b pentru excavatorul mare Zoomlion ZE1250E<\/h1>\n<h2>Prezentare general\u0103 a produsului<\/h2>\n<p>Cilindrul bra\u021bului pentru excavatorul mare Zoomlion ZE1250E este o component\u0103 critic\u0103 conceput\u0103 pentru a facilita mi\u0219carea bra\u021bului excavatorului. Acest cilindru hidraulic este proiectat special pentru utilaje grele, permi\u021b\u00e2nd un control precis al bra\u021bului excavatorului. Scopul principal al unui cilindru al cupei este de a gestiona ridicarea, cobor\u00e2rea \u0219i \u00eenclinarea cupei, ceea ce o face indispensabil\u0103 pentru diverse sarcini de manipulare a materialelor. Ace\u0219ti cilindri sunt parte integrant\u0103 a sistemelor hidraulice, oferind for\u021ba necesar\u0103 pentru a efectua opera\u021biuni solicitante \u00een construc\u021bii \u0219i excava\u021bii.<\/p>\n<p><img decoding=\"async\" src=\"https:\/\/www.hydraulic-cylinders.net\/wp-content\/uploads\/2025\/04\/songte-company-1.webp\" alt=\"Imaginea cilindrului bra\u021bului\" \/><\/p>\n<h3>Defini\u021bia \u0219i func\u021bia cilindrilor cupei<\/h3>\n<p>Cilindrii cupei, un tip de cilindru hidraulic, sunt special concepu\u021bi pentru a controla mi\u0219carea cupelor \u00een utilaje grele, cum ar fi excavatoarele, excavatoarele \u0219i \u00eenc\u0103rc\u0103toarele frontale. Ace\u0219tia asigur\u0103 ridicarea, cobor\u00e2rea \u0219i \u00eenclinarea cupei, ceea ce este esen\u021bial pentru manipularea eficient\u0103 a materialelor. Func\u021bionalitatea acestor cilindri este primordial\u0103 \u00een \u0219antierele de construc\u021bii unde mutarea p\u0103m\u00e2ntului, a resturilor \u0219i a altor materiale este o sarcin\u0103 zilnic\u0103. Presiunea hidraulic\u0103 permite o mi\u0219care lin\u0103 \u0219i eficient\u0103, permi\u021b\u00e2nd operatorilor s\u0103 execute ac\u021biuni precise, ceea ce spore\u0219te productivitatea \u0219i siguran\u021ba la locul de munc\u0103.<\/p>\n<h2>Caracteristicile cilindrului bra\u021bului<\/h2>\n<ul>\n<li><strong>Rezisten\u021b\u0103 \u0219i durabilitate ridicate:<\/strong> Construi\u021bi din o\u021bel sau aluminiu de \u00eenalt\u0103 rezisten\u021b\u0103 pentru a rezista la presiuni ridicate \u0219i sarcini grele, ace\u0219ti cilindri sunt proiecta\u021bi s\u0103 func\u021bioneze \u00een medii dure, pun\u00e2ndu-se accent pe rezisten\u021ba la uzur\u0103 \u0219i protec\u021bia \u00eempotriva coroziunii pentru a le prelungi durata de via\u021b\u0103.<\/li>\n<li><strong>Func\u021bionare hidraulic\u0103 eficient\u0103:<\/strong> Utiliz\u00e2nd presiunea uleiului hidraulic, cilindrul bra\u021bului asigur\u0103 o extindere \u0219i o retragere lin\u0103, r\u0103spunz\u00e2nd rapid la comenzile de control, oferind \u00een acela\u0219i timp for\u021be puternice de \u00eempingere \u0219i tragere, ideale pentru manipularea materialelor grele \u0219i a sarcinilor complexe.<\/li>\n<li><strong>Diverse tipuri:<\/strong> Disponibili at\u00e2t \u00een \u200b\u200bconfigura\u021bii cu ac\u021biune simpl\u0103 (func\u021bion\u00e2nd \u00eentr-o singur\u0103 direc\u021bie), c\u00e2t \u0219i cu ac\u021biune dubl\u0103 (func\u021bion\u00e2nd \u00een ambele direc\u021bii), ace\u0219ti cilindri pot fi adapta\u021bi pentru a satisface diferite nevoi opera\u021bionale, unele modele av\u00e2nd designuri telescopice pentru o raz\u0103 de ac\u021biune extins\u0103 f\u0103r\u0103 a cre\u0219te dimensiunile exterioare, perfec\u021bi pentru aplica\u021bii cu spa\u021biu limitat.<\/li>\n<\/ul>\n<h2>Capacit\u0103\u021bile noastre de produc\u021bie<\/h2>\n<p>Ne specializ\u0103m \u00een produc\u021bia de cilindri hidraulici pentru bra\u021b, oferind produse care \u00eenlocuiesc perfect cilindrii hidraulici existen\u021bi. Expertiza noastr\u0103 garanteaz\u0103 c\u0103 fiecare cilindru \u00eendepline\u0219te standardele \u00eenalte necesare pentru o performan\u021b\u0103 fiabil\u0103.<\/p>\n<p><img decoding=\"async\" src=\"https:\/\/www.hydraulic-cylinders.net\/wp-content\/uploads\/2025\/04\/songte-cylinder-head-with-all-kinds-excavator-models.webp\" alt=\"Modele de excavatoare\" \/><\/p>\n<h2>Aplica\u021bii ale cilindrului bra\u021bului<\/h2>\n<h3>Echipamente de construc\u021bii<\/h3>\n<p>\u00cen echipamentele de construc\u021bii precum excavatoarele, cilindrii bra\u021bului joac\u0103 un rol crucial \u00een s\u0103parea, \u00eenc\u0103rcarea \u0219i mutarea p\u0103m\u00e2ntului sau a resturilor. Ace\u0219tia permit opera\u021biuni precise, facilit\u00e2nd excavarea funda\u021biilor, a \u0219an\u021burilor \u0219i a altor sarcini esen\u021biale de terasament.<\/p>\n<h3>Ma\u0219ini agricole<\/h3>\n<p>Utiliza\u021bi \u00een \u00eenc\u0103rc\u0103toarele frontale, ace\u0219ti cilindri ajut\u0103 la scoberea, ridicarea \u0219i transportul solului, f\u00e2nului \u0219i altor materiale. Capacitatea de a gestiona eficient \u00eenc\u0103rc\u0103turile grele este vital\u0103 \u00een opera\u021biunile agricole, asigur\u00e2nd finalizarea rapid\u0103 \u0219i eficient\u0103 a sarcinilor.<\/p>\n<h3>Excavatoare<\/h3>\n<p>La excavatoare, cilindrii bra\u021bului faciliteaz\u0103 ac\u021biunea de s\u0103pare permi\u021b\u00e2nd cupei s\u0103 p\u0103trund\u0103 eficient \u00een sol. Aceast\u0103 ac\u021biune este vital\u0103 pentru sarcinile care necesit\u0103 excavare ad\u00e2nc\u0103 \u0219i \u00eendep\u0103rtarea precis\u0103 a materialului.<\/p>\n<h3>\u00cenc\u0103rc\u0103toare<\/h3>\n<p>\u00cen cazul \u00eenc\u0103rc\u0103toarelor frontale, ace\u0219ti cilindri ajut\u0103 la ridicarea \u0219i desc\u0103rcarea eficient\u0103 a \u00eenc\u0103rc\u0103turilor. Designul lor asigur\u0103 c\u0103 \u00eenc\u0103rc\u0103torul poate manipula diverse materiale, maximiz\u00e2nd productivitatea pe \u0219antier.<\/p>\n<h2>Considera\u021bii de proiectare \u0219i criterii de selec\u021bie<\/h2>\n<h3>Capacitate de \u00eenc\u0103rcare<\/h3>\n<p>Capacitatea de \u00eenc\u0103rcare a cilindrului bra\u021bului este o considera\u021bie principal\u0103 de proiectare. Acesta trebuie proiectat pentru a suporta sarcinile maxime a\u0219teptate f\u0103r\u0103 defec\u021biuni, asigur\u00e2nd siguran\u021ba \u0219i eficien\u021ba opera\u021bional\u0103. Capacitatea de \u00eenc\u0103rcare adecvat\u0103 este esen\u021bial\u0103 pentru a preveni accidentele \u0219i deteriorarea echipamentelor.<\/p>\n<h3>Sigilare<\/h3>\n<p>Un aspect critic al proiect\u0103rii cilindrilor hidraulici este etan\u0219area. Etan\u0219\u0103rile de \u00eenalt\u0103 calitate previn scurgerile de fluid hidraulic, men\u021bin\u00e2nd presiunea \u0219i asigur\u00e2nd func\u021bionarea eficient\u0103 a cilindrului. Etan\u0219\u0103rile trebuie selectate \u00een func\u021bie de capacitatea lor de a rezista la uzur\u0103 \u0219i la condi\u021biile de mediu.<\/p>\n<h3>Durabilitate<\/h3>\n<p>Durabilitatea este primordial\u0103 \u00een proiectarea cilindrilor bra\u021bului. Ace\u0219tia trebuie s\u0103 reziste uzurii cauzate de utilizarea constant\u0103, expunerea la condi\u021bii dure \u0219i impacturi poten\u021biale. Materialele utilizate trebuie s\u0103 fie robuste \u0219i tratate pentru a le prelungi durata de via\u021b\u0103.<\/p>\n<h3>Siguran\u0163\u0103<\/h3>\n<p>Caracteristicile de siguran\u021b\u0103 sunt esen\u021biale \u00een proiectarea cilindrilor hidraulici. Supapele de siguran\u021b\u0103 \u0219i sistemele de reducere a presiunii ajut\u0103 la prevenirea supra\u00eenc\u0103rc\u0103rii, protej\u00e2nd at\u00e2t utilajele, c\u00e2t \u0219i operatorul. Asigurarea conformit\u0103\u021bii cu normele de siguran\u021b\u0103 este vital\u0103 pentru siguran\u021ba la locul de munc\u0103.<\/p>\n<h3>\u00centre\u0163inere<\/h3>\n<p>U\u0219urin\u021ba \u00eentre\u021binerii este o alt\u0103 considera\u021bie important\u0103 \u00een ceea ce prive\u0219te designul. Componentele ar trebui s\u0103 fie u\u0219or accesibile pentru inspec\u021bie \u0219i \u00eenlocuire, permi\u021b\u00e2nd efectuarea eficient\u0103 a \u00eentre\u021binerii de rutin\u0103 f\u0103r\u0103 perioade lungi de nefunc\u021bionare.<\/p>\n<p><img decoding=\"async\" src=\"https:\/\/www.hydraulic-cylinders.net\/wp-content\/uploads\/2025\/04\/songte-oil-pipes-and-spare-parts.webp\" alt=\"Piese hidraulice\" \/><\/p>\n<h2>Etan\u0219are \u0219i lubrifiere<\/h2>\n<p>Etan\u0219area \u0219i lubrifierea eficiente sunt cruciale pentru func\u021bionarea optim\u0103 a cilindrilor hidraulici. Diverse op\u021biuni de etan\u0219are, inclusiv etan\u0219\u0103ri pentru piston \u0219i etan\u0219\u0103ri pentru tij\u0103, sunt esen\u021biale pentru a preveni scurgerile de fluid \u0219i a men\u021bine presiunea. Etan\u0219\u0103rile fabricate din materiale durabile, precum poliuretanul \u0219i cauciucul nitrilic, ofer\u0103 o rezisten\u021b\u0103 excelent\u0103 la uzur\u0103. Corpul cilindrului \u0219i capetele filetate sunt supuse unor prelucr\u0103ri de precizie pentru a spori durabilitatea. De asemenea, este necesar\u0103 o lubrifiere regulat\u0103 cu ulei hidraulic pentru a reduce frecarea \u0219i a prelungi durata de via\u021b\u0103 a cilindrului.<\/p>\n<h2>Inspec\u021bie regulat\u0103 \u0219i \u00eentre\u021binere preventiv\u0103<\/h2>\n<ul>\n<li><strong>Inspec\u021bii de rutin\u0103:<\/strong> Efectuarea inspec\u021biilor regulate ajut\u0103 la identificarea timpurie a uzurii \u0219i a poten\u021bialelor defec\u021biuni. Operatorii ar trebui s\u0103 verifice dac\u0103 exist\u0103 scurgeri, zgomote neobi\u0219nuite \u0219i uzur\u0103 la garnituri \u0219i accesorii.<\/li>\n<li><strong>Lubrifiere:<\/strong> Lubrifierea regulat\u0103 a pieselor mobile asigur\u0103 o func\u021bionare lin\u0103 \u0219i previne uzura. Operatorii trebuie s\u0103 respecte instruc\u021biunile produc\u0103torului privind intervalele \u0219i cantit\u0103\u021bile de lubrifiere.<\/li>\n<li><strong>\u00cenlocuirea garniturii:<\/strong> Garniturile trebuie \u00eenlocuite atunci c\u00e2nd sunt uzate pentru a preveni scurgerile. P\u0103strarea garniturilor de rezerv\u0103 la \u00eendem\u00e2n\u0103 poate reduce la minimum timpul de nefunc\u021bionare \u0219i poate men\u021bine eficien\u021ba opera\u021bional\u0103.<\/li>\n<\/ul>\n<h2>Instruc\u021biuni de instalare<\/h2>\n<p>Instalarea corect\u0103 a cilindrului bra\u021bului este esen\u021bial\u0103 pentru o performan\u021b\u0103 optim\u0103. \u00cencepe\u021bi prin a v\u0103 asigura c\u0103 cilindrul \u0219i suporturile de montare sunt curate \u0219i f\u0103r\u0103 resturi. Alinia\u021bi corect cilindrul cu punctele de montare, asigur\u00e2ndu-v\u0103 c\u0103 este perpendicular pe suprafe\u021bele de ata\u0219are. Utiliza\u021bi accesoriile de montare adecvate, conform specifica\u021biilor produc\u0103torului, asigur\u00e2nd o fixare sigur\u0103. Dup\u0103 instalare, verifica\u021bi dac\u0103 liniile hidraulice sunt conectate corect \u0219i verifica\u021bi dac\u0103 exist\u0103 scurgeri \u00eenainte de a utiliza utilajele. Inspecta\u021bi periodic instala\u021bia pentru semne de uzur\u0103 \u0219i necesit\u0103\u021bi de \u00eentre\u021binere.<\/p>\n<p><img decoding=\"async\" src=\"https:\/\/www.hydraulic-cylinders.net\/wp-content\/uploads\/2025\/04\/songte-chushion-collar.webp\" alt=\"Guler de pern\u0103\" \/><\/p>\n<h2>Sarcini de \u00eentre\u021binere<\/h2>\n<h3>Inspec\u021bii regulate<\/h3>\n<p>Efectuarea inspec\u021biilor de rutin\u0103 este vital\u0103 pentru a asigura func\u021bionarea corect\u0103 a tuturor componentelor cilindrului bra\u021bului. C\u0103uta\u021bi semne de uzur\u0103, scurgeri \u0219i orice nereguli \u00een mi\u0219care.<\/p>\n<h3>Lubrifiere adecvat\u0103<\/h3>\n<p>Lubrifierea adecvat\u0103 a pieselor mobile este esen\u021bial\u0103 pentru a preveni uzura. Urma\u021bi recomand\u0103rile produc\u0103torului privind tipurile de lubrifian\u021bi \u0219i frecven\u021ba de aplicare pentru a asigura o performan\u021b\u0103 optim\u0103.<\/p>\n<h3>\u00cenlocuirea garniturii \u0219i verific\u0103ri ale calibr\u0103rii<\/h3>\n<p>\u00cenlocuirea regulat\u0103 a garniturilor \u0219i efectuarea verific\u0103rilor de calibrare pot preveni defec\u021biunile echipamentelor. Asigura\u021bi-v\u0103 c\u0103 garniturile sunt compatibile cu fluidele hidraulice \u0219i c\u0103 sunt verificate pentru uzur\u0103 \u00een timpul inspec\u021biilor.<\/p>\n<h2>Considera\u021bii de siguran\u021b\u0103 \u0219i factori de mediu<\/h2>\n<p>Atunci c\u00e2nd se lucreaz\u0103 cu sisteme hidraulice, m\u0103surile de siguran\u021b\u0103 trebuie s\u0103 fie prioritare. Operatorii trebuie instrui\u021bi \u00een manipularea \u00een siguran\u021b\u0103 a materialelor \u0219i echipamentelor hidraulice. Echipamentul de protec\u021bie este esen\u021bial pentru a preveni r\u0103nirea cauzat\u0103 de scurgeri de fluid hidraulic sau mi\u0219c\u0103ri bru\u0219te ale utilajelor. Factorii de mediu, cum ar fi temperaturile extreme \u0219i expunerea la substan\u021be corozive, trebuie lua\u021bi \u00een considerare \u00een practicile de operare \u0219i \u00eentre\u021binere pentru a prelungi durata de via\u021b\u0103 a cilindrului bra\u021bului.<\/p>\n<h2>Diagnosticarea defec\u021biunilor \u0219i probleme frecvente<\/h2>\n<ul>\n<li><strong>Scurgere:<\/strong> Una dintre cele mai frecvente probleme este scurgerea de fluid hidraulic. Aceasta poate rezulta din uzura garniturilor de etan\u0219are sau deteriorarea \u021bevilor, care necesit\u0103 aten\u021bie imediat\u0103.<\/li>\n<li><strong>Pierdere de putere:<\/strong> Dac\u0103 cilindrul bra\u021bului nu r\u0103spunde eficient, pot exista probleme cu nivelul fluidului hidraulic sau defec\u021biuni ale pompei. Verificarea nivelului fluidului \u0219i a presiunii sistemului poate ajuta la diagnosticarea problemei.<\/li>\n<li><strong>Zgomote neobi\u0219nuite:<\/strong> Sunetele ciudate din timpul func\u021bion\u0103rii pot indica deterior\u0103ri interne sau lubrifiere insuficient\u0103. \u00centre\u021binerea \u0219i inspec\u021biile regulate pot ajuta la identificarea timpurie a acestor probleme.<\/li>\n<\/ul>\n<h2>Sfaturi de depanare<\/h2>\n<p>Pentru a diagnostica \u0219i rezolva eficient problemele legate de cilindrul bra\u021bului, operatorii ar trebui s\u0103 urmeze aceste sfaturi: \u00cen primul r\u00e2nd, verifica\u021bi periodic nivelurile fluidului hidraulic pentru a asigura func\u021bionarea corect\u0103. \u00cen al doilea r\u00e2nd, inspecta\u021bi garniturile \u0219i conexiunile pentru uzur\u0103, \u00eenlocuind prompt orice componente deteriorate. \u00cen cele din urm\u0103, men\u021bine\u021bi un program de \u00eentre\u021binere regulat\u0103 pentru a identifica poten\u021bialele probleme \u00eenainte ca acestea s\u0103 escaladeze, asigur\u00e2nd func\u021bionarea sigur\u0103 \u0219i eficient\u0103 a ma\u0219inii.<\/p>\n<p><img decoding=\"async\" src=\"https:\/\/www.hydraulic-cylinders.net\/wp-content\/uploads\/2025\/04\/songte-bushings-with-all-kinds-of-excavator-models.webp\" alt=\"Buc\u0219e pentru excavator\" \/><\/p>\n<h2>Prezentare general\u0103 a companiei<\/h2>\n<p>Suntem un produc\u0103tor important de cilindri hidraulici de schimb, oferind o gam\u0103 complet\u0103 de produse care ne-au transformat \u00eentr-un juc\u0103tor important at\u00e2t pe pie\u021bele interne, c\u00e2t \u0219i pe cele interna\u021bionale. Angajamentul nostru fa\u021b\u0103 de excelen\u021ba \u00een calitate este sus\u021binut de o strategie rafinat\u0103 de management al produc\u021biei. Echipa noastr\u0103 tehnic\u0103, echipamentele avansate de fabrica\u021bie \u0219i sistemele profesionale de testare ne \u00eembun\u0103t\u0103\u021besc continuu capacit\u0103\u021bile de produc\u021bie. Ne concentr\u0103m pe eficien\u021b\u0103 ridicat\u0103, precizie \u0219i calitate pentru a satisface nevoile diverse ale clien\u021bilor.<\/p>\n<h3>Expertiz\u0103 profesional\u0103<\/h3>\n<p>Echipa noastr\u0103 este format\u0103 din exper\u021bi din industrie cu cuno\u0219tin\u021be vaste \u00een sistemele hidraulice, asigur\u00e2ndu-ne c\u0103 oferim solu\u021bii inovatoare de \u00eenalt\u0103 calitate.<\/p>\n<h3>Certific\u0103ri interna\u021bionale<\/h3>\n<p>Respect\u0103m standardele \u0219i certific\u0103rile interna\u021bionale, garant\u00e2nd c\u0103 produsele noastre \u00eendeplinesc sau dep\u0103\u0219esc a\u0219tept\u0103rile industriei \u00een materie de siguran\u021b\u0103 \u0219i performan\u021b\u0103.<\/p>\n<h3>Servicii de personalizare<\/h3>\n<p>Oferim solu\u021bii personalizate, adaptate nevoilor opera\u021bionale specifice, pun\u00e2nd la dispozi\u021bia clien\u021bilor no\u0219tri produse concepute pentru a se potrivi cerin\u021belor lor unice.<\/p>\n<h3>Echipamente avansate de produc\u021bie<\/h3>\n<p>Facilit\u0103\u021bile noastre de produc\u021bie de ultim\u0103 genera\u021bie utilizeaz\u0103 tehnologie de ultim\u0103 genera\u021bie, permi\u021b\u00e2ndu-ne s\u0103 producem cilindri hidraulici de \u00eenalt\u0103 calitate, cu o consecven\u021b\u0103 excep\u021bional\u0103.<\/p>\n<h3>Asisten\u021b\u0103 post-v\u00e2nzare<\/h3>\n<p>Credem \u00een furnizarea unor servicii post-v\u00e2nzare excelente, asigur\u00e2ndu-ne c\u0103 to\u021bi clien\u021bii no\u0219tri beneficiaz\u0103 de asisten\u021ba de care au nevoie pentru \u00eentre\u021binere \u0219i depanare.<\/p>\n<p><img decoding=\"async\" src=\"https:\/\/www.hydraulic-cylinders.net\/wp-content\/uploads\/2025\/04\/songte-company-4.webp\" alt=\"Prezentare general\u0103 a companiei\" \/><br \/>\n<img decoding=\"async\" src=\"https:\/\/www.hydraulic-cylinders.net\/wp-content\/uploads\/2025\/04\/songte-company-3.webp\" alt=\"Facilit\u0103\u021bi ale companiei\" \/><\/p>\n<p>Autor: lyl<\/p>","protected":false},"excerpt":{"rendered":"<p>Boom Cylinder For Zoomlion Large Excavator ZE1250E Product Overview The Boom Cylinder for the Zoomlion Large Excavator ZE1250E is a critical component designed to facilitate the movement of the excavator&#8217;s boom. This hydraulic cylinder is engineered specifically for heavy machinery, allowing for precise control of the excavator&#8217;s arm. The primary purpose of a bucket cylinder [&hellip;]<\/p>","protected":false},"featured_media":17871,"comment_status":"open","ping_status":"closed","template":"","meta":{"_et_pb_use_builder":"","_et_pb_old_content":"","_et_gb_content_width":""},"product_brand":[],"product_cat":[1546],"product_tag":[1547,1496],"class_list":{"0":"post-19230","1":"product","2":"type-product","3":"status-publish","4":"has-post-thumbnail","6":"product_cat-boom-cylinders","7":"product_tag-boom-cylinders","8":"product_tag-hydraulic-cylinders","10":"first","11":"instock","12":"shipping-taxable","13":"product-type-simple"},"amp_enabled":true,"_links":{"self":[{"href":"https:\/\/www.hydraulic-cylinders.net\/ro\/wp-json\/wp\/v2\/product\/19230","targetHints":{"allow":["GET"]}}],"collection":[{"href":"https:\/\/www.hydraulic-cylinders.net\/ro\/wp-json\/wp\/v2\/product"}],"about":[{"href":"https:\/\/www.hydraulic-cylinders.net\/ro\/wp-json\/wp\/v2\/types\/product"}],"replies":[{"embeddable":true,"href":"https:\/\/www.hydraulic-cylinders.net\/ro\/wp-json\/wp\/v2\/comments?post=19230"}],"wp:featuredmedia":[{"embeddable":true,"href":"https:\/\/www.hydraulic-cylinders.net\/ro\/wp-json\/wp\/v2\/media\/17871"}],"wp:attachment":[{"href":"https:\/\/www.hydraulic-cylinders.net\/ro\/wp-json\/wp\/v2\/media?parent=19230"}],"wp:term":[{"taxonomy":"product_brand","embeddable":true,"href":"https:\/\/www.hydraulic-cylinders.net\/ro\/wp-json\/wp\/v2\/product_brand?post=19230"},{"taxonomy":"product_cat","embeddable":true,"href":"https:\/\/www.hydraulic-cylinders.net\/ro\/wp-json\/wp\/v2\/product_cat?post=19230"},{"taxonomy":"product_tag","embeddable":true,"href":"https:\/\/www.hydraulic-cylinders.net\/ro\/wp-json\/wp\/v2\/product_tag?post=19230"}],"curies":[{"name":"wp","href":"https:\/\/api.w.org\/{rel}","templated":true}]}}