{"id":19250,"date":"2025-04-07T06:22:55","date_gmt":"2025-04-07T06:22:55","guid":{"rendered":"https:\/\/www.hydraulic-cylinders.net\/product\/boom-cylinder-for-sunward-wheel-excavator-swe130w\/"},"modified":"2025-04-07T06:22:58","modified_gmt":"2025-04-07T06:22:58","slug":"boom-cylinder-for-sunward-wheel-excavator-swe130w","status":"publish","type":"product","link":"https:\/\/www.hydraulic-cylinders.net\/ro\/produs\/boom-cylinder-for-sunward-wheel-excavator-swe130w\/","title":{"rendered":"Cilindru bra\u021b pentru excavatorul pe ro\u021bi Sunward SWE130W"},"content":{"rendered":"<h1>Cilindru bra\u021b pentru excavatorul pe ro\u021bi Sunward SWE130W<\/h1>\n<h2>Introducere \u00een cilindrii bra\u021bului<\/h2>\n<p>Cilindrul bra\u021bului este o component\u0103 hidraulic\u0103 crucial\u0103, special conceput\u0103 pentru controlul mi\u0219c\u0103rii cupelor \u00een utilaje grele, cum ar fi excavatoarele, \u00eenc\u0103rc\u0103toarele cu excavator \u0219i \u00eenc\u0103rc\u0103toarele frontale. Acest cilindru hidraulic permite ridicarea, cobor\u00e2rea \u0219i \u00eenclinarea cupei, facilit\u00e2nd sarcinile eficiente de manipulare a materialelor.<\/p>\n<p><img decoding=\"async\" src=\"https:\/\/www.hydraulic-cylinders.net\/wp-content\/uploads\/2025\/04\/songte-company-1.webp\" alt=\"Imaginea cilindrului bra\u021bului\"><\/p>\n<p>\u00cen sistemele hidraulice, cilindrii bra\u021bului joac\u0103 un rol esen\u021bial \u00een diverse aplica\u021bii. Ace\u0219tia transform\u0103 presiunea hidraulic\u0103 \u00een for\u021b\u0103 mecanic\u0103, permi\u021b\u00e2nd operatorilor de echipamente grele s\u0103 execute sarcini complexe cu precizie \u0219i u\u0219urin\u021b\u0103. Ace\u0219ti cilindri sunt proiecta\u021bi s\u0103 func\u021bioneze sub presiune ridicat\u0103 \u0219i sarcini mari, ceea ce \u00eei face indispensabili pentru construc\u021bii, agricultur\u0103 \u0219i alte industrii care se bazeaz\u0103 pe utilaje grele.<\/p>\n<h2>Caracteristicile cilindrului bra\u021bului<\/h2>\n<ul>\n<li><strong>Rezisten\u021b\u0103 \u0219i durabilitate ridicate:<\/strong> De obicei fabricate din o\u021bel sau aluminiu de \u00eenalt\u0103 rezisten\u021b\u0103, aceste cilindri pot rezista la presiuni ridicate \u0219i sarcini grele, adapt\u00e2ndu-se \u00een acela\u0219i timp la medii de lucru dure. Designul ia \u00een considerare rezisten\u021ba la uzur\u0103 \u0219i protec\u021bia \u00eempotriva coroziunii, prelungind durata de via\u021b\u0103 a produsului.<\/li>\n<li><strong>Func\u021bionare hidraulic\u0103 eficient\u0103:<\/strong> Folosind presiunea uleiului hidraulic, cilindrul bra\u021bului realizeaz\u0103 o extensie \u0219i o retragere lin\u0103, r\u0103spunz\u00e2nd rapid la comenzile opera\u021bionale \u0219i oferind o for\u021b\u0103 robust\u0103 de \u00eempingere \u0219i tragere, esen\u021bial\u0103 pentru gestionarea sarcinilor grele \u0219i complexe.<\/li>\n<li><strong>Diverse tipuri:<\/strong> Disponibile \u00een configura\u021bii cu ac\u021biune simpl\u0103 (utilizare hidraulic\u0103 \u00eentr-o singur\u0103 direc\u021bie) sau cu ac\u021biune dubl\u0103 (utilizare hidraulic\u0103 \u00een ambele direc\u021bii) pentru a satisface diverse nevoi opera\u021bionale. Unele modele sunt telescopice, permi\u021b\u00e2nd o extindere mai mare f\u0103r\u0103 a cre\u0219te dimensiunile exterioare, potrivite pentru aplica\u021bii cu spa\u021biu limitat.<\/li>\n<li><strong>Design avansat:<\/strong> Incorporarea unor tehnici inginere\u0219ti inovatoare pentru a \u00eembun\u0103t\u0103\u021bi performan\u021ba \u0219i fiabilitatea, asigur\u00e2nd o durat\u0103 de via\u021b\u0103 mai lung\u0103 \u0219i nevoi reduse de \u00eentre\u021binere.<\/li>\n<li><strong>Fabrica\u021bie personalizat\u0103:<\/strong> Ne specializ\u0103m \u00een producerea acestor cilindri, oferind alternative perfecte la cilindrii hidraulici existen\u021bi.<\/li>\n<\/ul>\n<p><img decoding=\"async\" src=\"https:\/\/www.hydraulic-cylinders.net\/wp-content\/uploads\/2025\/04\/songte-cylinder-head-with-all-kinds-excavator-models.webp\" alt=\"Modele de excavatoare\"><\/p>\n<h2>Scenarii de aplicare a cilindrilor bra\u021bului<\/h2>\n<h3>Echipamente de construc\u021bii<\/h3>\n<p>\u00cen echipamentele de construc\u021bii, cilindrii bra\u021bului se g\u0103sesc \u00een excavatoare, unde sunt cruciali pentru s\u0103parea, \u00eenc\u0103rcarea \u0219i mutarea solului sau a resturilor. Ace\u0219ti cilindri permit cupei s\u0103 p\u0103trund\u0103 eficient \u00een sol, facilit\u00e2nd excava\u021biile ad\u00e2nci \u0219i manipularea rapid\u0103 a materialelor. Capacitatea de a controla unghiul \u0219i ad\u00e2ncimea cupei spore\u0219te eficien\u021ba opera\u021bional\u0103, f\u0103c\u00e2nd ca cilindrii bra\u021bului s\u0103 fie vitali pentru \u0219antierele de construc\u021bii.<\/p>\n<h3>Ma\u0219ini agricole<\/h3>\n<p>\u00cen utilajele agricole, cum ar fi \u00eenc\u0103rc\u0103toarele frontale, cilindrii bra\u021bului sunt esen\u021biali pentru scobere, ridicare \u0219i transportul solului, f\u00e2nului \u0219i altor materiale. Ace\u0219tia permit fermierilor s\u0103 manipuleze cu u\u0219urin\u021b\u0103 materialele vrac, \u00eembun\u0103t\u0103\u021bind productivitatea \u0219i reduc\u00e2nd for\u021ba de munc\u0103. Versatilitatea cilindrilor bra\u021bului permite diverse sarcini, de la \u00eenc\u0103rcarea cerealelor p\u00e2n\u0103 la mutarea balo\u021bilor grei, esen\u021bial\u0103 \u00een opera\u021biunile agricole moderne.<\/p>\n<h3>Excavatoare<\/h3>\n<p>\u00cen cazul excavatoarelor, cilindrii bra\u021bului faciliteaz\u0103 ac\u021biunea de s\u0103pare permi\u021b\u00e2nd cupei s\u0103 p\u0103trund\u0103 ad\u00e2nc \u00een sol. Acest proces este crucial \u00een construc\u021bii, amenaj\u0103ri peisagistice \u0219i lucr\u0103ri de utilit\u0103\u021bi, unde sunt necesare precizia \u0219i ad\u00e2ncimea. Eficien\u021ba ob\u021binut\u0103 de la cilindrii hidraulici reduce timpul \u0219i for\u021ba de munc\u0103 necesare pentru sarcinile de excavare, duc\u00e2nd la economii semnificative de costuri.<\/p>\n<h3>\u00cenc\u0103rc\u0103toare<\/h3>\n<p>\u00cen cazul \u00eenc\u0103rc\u0103toarelor frontale, cilindrii bra\u021bului ajut\u0103 la ridicarea \u0219i desc\u0103rcarea eficient\u0103 a materialelor. Ace\u0219ti cilindri \u00eembun\u0103t\u0103\u021besc func\u021bionalitatea general\u0103 a \u00eenc\u0103rc\u0103torului, permi\u021b\u00e2nd operatorilor s\u0103 ridice sarcinile la \u00een\u0103l\u021bimea dorit\u0103 pentru desc\u0103rcare, \u00eembun\u0103t\u0103\u021bind fluxul de lucru pe \u0219antiere. Rezisten\u021ba \u0219i fiabilitatea cilindrilor bra\u021bului contribuie la \u00eembun\u0103t\u0103\u021birea siguran\u021bei \u0219i eficien\u021bei \u00een manipularea materialelor.<\/p>\n<h2>Considera\u021bii de proiectare \u0219i criterii de selec\u021bie<\/h2>\n<ul>\n<li><strong>Capacitate de \u00eenc\u0103rcare:<\/strong> Capacitatea de \u00eenc\u0103rcare a cilindrului bra\u021bului este un factor critic \u00een proiectarea sa. Acesta trebuie s\u0103 fie proiectat pentru a suporta sarcina maxim\u0103 pe care o va \u00eent\u00e2mpina echipamentul. Aceasta implic\u0103 calcularea for\u021belor exercitate asupra cilindrului \u00een timpul opera\u021biunilor \u0219i asigurarea faptului c\u0103 materialele utilizate pot rezista la astfel de solicit\u0103ri f\u0103r\u0103 defec\u021biuni. Un cilindru bine proiectat asigur\u0103 siguran\u021b\u0103 \u0219i fiabilitate \u00een aplica\u021bii solicitante.<\/li>\n<li><strong>Mecanisme de etan\u0219are:<\/strong> Etan\u0219area eficient\u0103 este vital\u0103 pentru a preveni scurgerile de fluid hidraulic, care pot compromite performan\u021ba \u0219i pot duce la deteriorare. Se utilizeaz\u0103 adesea etan\u0219\u0103ri de \u00eenalt\u0103 calitate, fabricate din materiale durabile, precum poliuretanul \u0219i cauciucul nitrilic. Aceste etan\u0219\u0103ri trebuie s\u0103 reziste la condi\u021bii dure, inclusiv varia\u021bii de temperatur\u0103 \u0219i expunerea la contaminan\u021bi, asigur\u00e2nd longevitatea \u0219i eficien\u021ba sistemului hidraulic.<\/li>\n<li><strong>Durabilitate:<\/strong> Durabilitatea este primordial\u0103 \u00een proiectarea cilindrilor bra\u021bului. Ace\u0219tia trebuie s\u0103 fie capabili s\u0103 reziste uzurii rezultate \u00een urma utiliz\u0103rii continue \u00een medii dificile. Procesul de inginerie include adesea alegerea tratamentelor de suprafa\u021b\u0103 \u0219i a acoperirilor adecvate pentru a spori rezisten\u021ba la coroziune \u0219i abraziune, prelungind semnificativ durata de via\u021b\u0103 a produsului.<\/li>\n<li><strong>Caracteristici de siguran\u021b\u0103:<\/strong> Incorporarea caracteristicilor de siguran\u021b\u0103 \u00een proiectarea cilindrilor bra\u021bului este crucial\u0103. Aceasta include supape de suprapresiune pentru a preveni supra\u00eenc\u0103rcarea \u0219i pentru a asigura c\u0103 cilindrul poate rezista la \u0219ocuri nea\u0219teptate \u00een timpul func\u021bion\u0103rii. Aceste m\u0103suri de siguran\u021b\u0103 protejeaz\u0103 utilajele \u0219i operatorii, reduc\u00e2nd riscul de accidente.<\/li>\n<li><strong>Accesibilitate pentru \u00eentre\u021binere:<\/strong> Proiectarea cilindrilor bra\u021bului pentru o \u00eentre\u021binere u\u0219oar\u0103 este esen\u021bial\u0103. Aceasta include luarea \u00een considerare a \u00eenlocuirii garniturilor, lubrifierii pieselor \u0219i inspec\u021biei componentelor. Accesul facil la piesele critice permite verific\u0103ri regulate de \u00eentre\u021binere, care ajut\u0103 la identificarea poten\u021bialelor probleme \u00eenainte ca acestea s\u0103 escaladeze, asigur\u00e2nd func\u021bionarea continu\u0103.<\/li>\n<\/ul>\n<p><img decoding=\"async\" src=\"https:\/\/www.hydraulic-cylinders.net\/wp-content\/uploads\/2025\/04\/songte-oil-pipes-and-spare-parts.webp\" alt=\"Piese hidraulice\"><\/p>\n<h2>Etan\u0219area \u0219i lubrifierea cilindrilor bra\u021bului<\/h2>\n<p>Etan\u0219area \u0219i lubrifierea cilindrilor bra\u021bului sunt vitale pentru performan\u021ba \u0219i longevitatea lor optime. Se utilizeaz\u0103 diverse etan\u0219\u0103ri, inclusiv etan\u0219\u0103ri pentru piston \u0219i etan\u0219\u0103ri pentru tij\u0103, pentru a preveni scurgerile de fluid hidraulic \u0219i p\u0103trunderea contaminan\u021bilor \u00een cilindru. Alegerea materialelor de etan\u0219are, cum ar fi poliuretanul \u0219i cauciucul nitrilic, este esen\u021bial\u0103, deoarece acestea ofer\u0103 rezisten\u021b\u0103 la uzur\u0103, asigur\u00e2nd o etan\u0219are eficient\u0103 \u00een timp.<\/p>\n<p>Corpul cilindrului \u0219i suprafe\u021bele filetate ale cap\u0103tului sunt supuse unor prelucr\u0103ri meticuloase pentru a spori rezisten\u021ba la uzur\u0103. Lubrifierea regulat\u0103 cu ulei hidraulic este necesar\u0103 pentru a men\u021bine o func\u021bionare lin\u0103 \u0219i a preveni deteriorarea cauzat\u0103 de frecare. Este esen\u021bial s\u0103 se asigure utilizarea cantit\u0103\u021bii corecte de ulei \u0219i s\u0103 se efectueze verific\u0103ri de rutin\u0103 pentru a evita func\u021bionarea f\u0103r\u0103 ap\u0103 a cilindrului, care poate duce la deteriorare grav\u0103.<\/p>\n<h2>Inspec\u021bie regulat\u0103 \u0219i m\u0103suri de \u00eentre\u021binere preventiv\u0103<\/h2>\n<ul>\n<li><strong>Inspec\u021bii regulate:<\/strong> Efectuarea inspec\u021biilor de rutin\u0103 este esen\u021bial\u0103 pentru identificarea oric\u0103ror semne de uzur\u0103, scurgeri sau deterior\u0103ri. Operatorii ar trebui s\u0103 verifice dac\u0103 exist\u0103 zgomote neobi\u0219nuite sau probleme de performan\u021b\u0103 \u00een timpul func\u021bion\u0103rii ma\u0219inii. Inspec\u021biile regulate pot ajuta la depistarea problemelor minore \u00eenainte ca acestea s\u0103 se transforme \u00een repara\u021bii majore, p\u0103str\u00e2nd integritatea sistemului hidraulic.<\/li>\n<li><strong>Lubrifiere adecvat\u0103:<\/strong> Asigurarea lubrifierii corespunz\u0103toare este esen\u021bial\u0103 pentru longevitatea cilindrilor bra\u021bului. Operatorii trebuie s\u0103 respecte programul de lubrifiere recomandat, utiliz\u00e2nd uleiul hidraulic corespunz\u0103tor. Lubrifierea insuficient\u0103 poate duce la cre\u0219terea frec\u0103rii \u0219i a uzurii, reduc\u00e2nd \u00een cele din urm\u0103 durata de via\u021b\u0103 a cilindrului.<\/li>\n<li><strong>\u00cenlocuirea garniturii \u0219i verific\u0103ri ale calibr\u0103rii:<\/strong> \u00cenlocuirea periodic\u0103 a garniturilor uzate \u0219i efectuarea verific\u0103rilor de calibrare sunt necesare pentru a men\u021bine performan\u021be optime. Operatorii trebuie s\u0103 se familiarizeze cu semnele de degradare a garniturilor \u0219i s\u0103 fie preg\u0103ti\u021bi s\u0103 le ajusteze sau s\u0103 le \u00eenlocuiasc\u0103, dup\u0103 cum este necesar. Verific\u0103rile de calibrare asigur\u0103 c\u0103 sistemul hidraulic func\u021bioneaz\u0103 \u00een parametrii proiecta\u021bi, prevenind problemele legate de nealiniere sau fluctua\u021bii de presiune.<\/li>\n<\/ul>\n<p><img decoding=\"async\" src=\"https:\/\/www.hydraulic-cylinders.net\/wp-content\/uploads\/2025\/04\/songte-chushion-collar.webp\" alt=\"Guler de pern\u0103\"><\/p>\n<h2>Considera\u021bii de siguran\u021b\u0103 \u0219i factori de mediu<\/h2>\n<p>C\u00e2nd vine vorba de siguran\u021b\u0103, implementarea m\u0103surilor de siguran\u021b\u0103 \u00een timpul func\u021bion\u0103rii cilindrilor bra\u021bului este primordial\u0103. Operatorii trebuie s\u0103 fie con\u0219tien\u021bi de pericolele poten\u021biale, cum ar fi defectarea nea\u0219teptat\u0103 a cilindrilor, \u0219i s\u0103 ia m\u0103suri de precau\u021bie, cum ar fi utilizarea tehnicilor de ridicare adecvate \u0219i men\u021binerea unei distan\u021be sigure fa\u021b\u0103 de piesele \u00een mi\u0219care. \u00cen plus, factorii de mediu precum temperatura, umiditatea \u0219i expunerea la substan\u021be chimice trebuie lua\u021bi \u00een considerare pentru a se asigura c\u0103 sistemele hidraulice r\u0103m\u00e2n eficiente \u0219i sigure \u00een func\u021bionare.<\/p>\n<h2>Diagnosticarea defec\u021biunilor \u0219i probleme frecvente<\/h2>\n<ul>\n<li><strong>Scurgeri hidraulice:<\/strong> Una dintre cele mai frecvente probleme sunt scurgerile de fluid hidraulic. Operatorii ar trebui s\u0103 verifice \u00een mod regulat dac\u0103 exist\u0103 semne de scurgeri, care pot indica garnituri uzate sau componente deteriorate. Repararea prompt\u0103 a scurgerilor este esen\u021bial\u0103 pentru a preveni deteriorarea ulterioar\u0103 a sistemului hidraulic \u0219i pentru a asigura performan\u021be optime.<\/li>\n<li><strong>Mi\u0219care lent\u0103 sau inconsistent\u0103:<\/strong> Dac\u0103 cilindrul bra\u021bului prezint\u0103 o mi\u0219care lent\u0103 sau inconsistent\u0103, acest lucru s-ar putea datora nivelurilor sc\u0103zute de lichid hidraulic sau aerului prins \u00een sistem. Este vital s\u0103 verifica\u021bi nivelurile de lichid \u0219i s\u0103 aerisi\u021bi sistemul dup\u0103 cum este necesar pentru a restabili func\u021bionarea corect\u0103.<\/li>\n<li><strong>Supra\u00eenc\u0103lzire:<\/strong> Supra\u00eenc\u0103lzirea poate ap\u0103rea dac\u0103 nu exist\u0103 suficient lichid hidraulic sau dac\u0103 uleiul este contaminat. Verifica\u021bi periodic lichidul hidraulic pentru contaminare \u0219i men\u021bine\u021bi nivelurile adecvate de lichid pentru a preveni supra\u00eenc\u0103lzirea \u0219i poten\u021bialele daune ale sistemului.<\/li>\n<\/ul>\n<p>Pentru a diagnostica \u0219i rezolva eficient problemele, operatorii ar trebui s\u0103 urmeze o abordare sistematic\u0103, identific\u00e2nd simptomele \u0219i corel\u00e2ndu-le cu cauzele poten\u021biale. Implementarea unor m\u0103suri preventive, cum ar fi \u00eentre\u021binerea regulat\u0103 \u0219i inspec\u021biile la timp, poate reduce semnificativ probabilitatea \u00eent\u00e2mpin\u0103rii acestor probleme.<\/p>\n<p><img decoding=\"async\" src=\"https:\/\/www.hydraulic-cylinders.net\/wp-content\/uploads\/2025\/04\/songte-bushings-with-all-kinds-of-excavator-models.webp\" alt=\"Buc\u0219e pentru excavatoare\"><\/p>\n<h2>Concluzie: Prezentare general\u0103 a companiei<\/h2>\n<p>Suntem produc\u0103tori de cilindri hidraulici de schimb, oferind o gam\u0103 larg\u0103 de produse. Compania noastr\u0103 a devenit unul dintre principalii produc\u0103tori \u0219i distribuitori angro de cilindri hidraulici pe pie\u021bele interne \u0219i interna\u021bionale. Ader\u0103m la excelen\u021b\u0103 \u00een calitate, sus\u021binut\u0103 de o strategie rafinat\u0103 de management al produc\u021biei.<\/p>\n<p>Prin integrarea talentelor tehnice, a echipamentelor digitale de produc\u021bie de ultim\u0103 genera\u021bie \u0219i a sistemelor de testare specializate, ne \u00eembun\u0103t\u0103\u021bim continuu capacit\u0103\u021bile de produc\u021bie. Capacitatea noastr\u0103 creativ\u0103 puternic\u0103 ne permite s\u0103 satisfacem diversele cerin\u021be ale clien\u021bilor cu eficien\u021b\u0103, precizie \u0219i calitate \u00eenalt\u0103. Ne concentr\u0103m pe expertiz\u0103 profesional\u0103, certific\u0103ri interna\u021bionale, servicii personalizate, echipamente de produc\u021bie avansate \u0219i asisten\u021b\u0103 post-v\u00e2nzare robust\u0103.<\/p>\n<p><img decoding=\"async\" src=\"https:\/\/www.hydraulic-cylinders.net\/wp-content\/uploads\/2025\/04\/songte-company-4.webp\" alt=\"Prezentare general\u0103 a companiei\"><br \/>\n<img decoding=\"async\" src=\"https:\/\/www.hydraulic-cylinders.net\/wp-content\/uploads\/2025\/04\/songte-company-3.webp\" alt=\"Echipamente ale companiei\"><\/p>\n<p>Autor: lyl<\/p>","protected":false},"excerpt":{"rendered":"<p>Boom Cylinder For Sunward Wheel Excavator SWE130W Introduction to Boom Cylinders The Boom Cylinder is a crucial hydraulic component specifically designed for controlling the movement of buckets in heavy machinery such as excavators, backhoe loaders, and front loaders. This hydraulic cylinder enables the bucket to lift, lower, and tilt, facilitating efficient material handling tasks. In [&hellip;]<\/p>","protected":false},"featured_media":17875,"comment_status":"open","ping_status":"closed","template":"","meta":{"_et_pb_use_builder":"","_et_pb_old_content":"","_et_gb_content_width":""},"product_brand":[],"product_cat":[1546],"product_tag":[1547,1496],"class_list":{"0":"post-19250","1":"product","2":"type-product","3":"status-publish","4":"has-post-thumbnail","6":"product_cat-boom-cylinders","7":"product_tag-boom-cylinders","8":"product_tag-hydraulic-cylinders","10":"first","11":"instock","12":"shipping-taxable","13":"product-type-simple"},"amp_enabled":true,"_links":{"self":[{"href":"https:\/\/www.hydraulic-cylinders.net\/ro\/wp-json\/wp\/v2\/product\/19250","targetHints":{"allow":["GET"]}}],"collection":[{"href":"https:\/\/www.hydraulic-cylinders.net\/ro\/wp-json\/wp\/v2\/product"}],"about":[{"href":"https:\/\/www.hydraulic-cylinders.net\/ro\/wp-json\/wp\/v2\/types\/product"}],"replies":[{"embeddable":true,"href":"https:\/\/www.hydraulic-cylinders.net\/ro\/wp-json\/wp\/v2\/comments?post=19250"}],"wp:featuredmedia":[{"embeddable":true,"href":"https:\/\/www.hydraulic-cylinders.net\/ro\/wp-json\/wp\/v2\/media\/17875"}],"wp:attachment":[{"href":"https:\/\/www.hydraulic-cylinders.net\/ro\/wp-json\/wp\/v2\/media?parent=19250"}],"wp:term":[{"taxonomy":"product_brand","embeddable":true,"href":"https:\/\/www.hydraulic-cylinders.net\/ro\/wp-json\/wp\/v2\/product_brand?post=19250"},{"taxonomy":"product_cat","embeddable":true,"href":"https:\/\/www.hydraulic-cylinders.net\/ro\/wp-json\/wp\/v2\/product_cat?post=19250"},{"taxonomy":"product_tag","embeddable":true,"href":"https:\/\/www.hydraulic-cylinders.net\/ro\/wp-json\/wp\/v2\/product_tag?post=19250"}],"curies":[{"name":"wp","href":"https:\/\/api.w.org\/{rel}","templated":true}]}}