{"id":19310,"date":"2025-04-07T06:26:13","date_gmt":"2025-04-07T06:26:13","guid":{"rendered":"https:\/\/www.hydraulic-cylinders.net\/product\/boom-cylinder-for-xgma-small-excavator-xg806\/"},"modified":"2025-04-07T06:26:15","modified_gmt":"2025-04-07T06:26:15","slug":"boom-cylinder-for-xgma-small-excavator-xg806","status":"publish","type":"product","link":"https:\/\/www.hydraulic-cylinders.net\/ro\/produs\/boom-cylinder-for-xgma-small-excavator-xg806\/","title":{"rendered":"Cilindru de bra\u021b pentru excavatorul mic XGMA XG806"},"content":{"rendered":"<h1>Cilindru de bra\u021b pentru excavatorul mic XGMA XG806<\/h1>\n<h2>Prezentare general\u0103 a produsului<\/h2>\n<p>Cilindrul hidraulic pentru excavatorul mic XGMA XG806 este o component\u0103 crucial\u0103 \u00een sistemele hidraulice, special conceput pentru a controla mi\u0219carea cupelor \u00een diverse utilaje grele, inclusiv excavatoare, \u00eenc\u0103rc\u0103toare frontale \u0219i \u00eenc\u0103rc\u0103toare frontale. Acest cilindru hidraulic faciliteaz\u0103 ridicarea, cobor\u00e2rea \u0219i \u00eenclinarea cupei, sporind astfel eficien\u021ba sarcinilor de manipulare a materialelor.<\/p>\n<p>\u00cen esen\u021b\u0103, cilindrii cupei sunt cilindri hidraulici specializa\u021bi care permit un control precis asupra proceselor de excavare \u0219i \u00eenc\u0103rcare. Ace\u0219tia func\u021bioneaz\u0103 prin transformarea presiunii hidraulice \u00een for\u021b\u0103 mecanic\u0103, permi\u021b\u00e2nd operatorilor s\u0103 \u00eendeplineasc\u0103 eficient sarcini precum s\u0103parea, ridicarea \u0219i transportul materialelor. Designul acestor cilindri asigur\u0103 fiabilitate \u0219i performan\u021b\u0103 \u00een condi\u021bii solicitante, f\u0103c\u00e2ndu-i indispensabili \u00een sectoarele construc\u021biilor \u0219i agriculturii.<\/p>\n<p><img decoding=\"async\" src=\"https:\/\/www.hydraulic-cylinders.net\/wp-content\/uploads\/2025\/04\/songte-company-1.webp\" alt=\"Imaginea cilindrului bra\u021bului\"\/><\/p>\n<h2>Caracteristicile cilindrului bra\u021bului<\/h2>\n<ul>\n<li><strong>Rezisten\u021b\u0103 \u0219i durabilitate ridicate:<\/strong> Fabricat din o\u021bel sau aluminiu de \u00eenalt\u0103 rezisten\u021b\u0103, cilindrul bra\u021bului este capabil s\u0103 reziste la presiuni ridicate \u0219i sarcini grele, fiind potrivit pentru medii de lucru dure. Designul s\u0103u ia \u00een considerare rezisten\u021ba la uzur\u0103 \u0219i la coroziune, prelungindu-i \u00een cele din urm\u0103 durata de via\u021b\u0103.<\/li>\n<li><strong>Func\u021bionare hidraulic\u0103 eficient\u0103:<\/strong> Cilindrul utilizeaz\u0103 presiunea uleiului hidraulic pentru o extensie \u0219i retragere lin\u0103, permi\u021b\u00e2nd un r\u0103spuns rapid la comenzile opera\u021bionale, oferind \u00een acela\u0219i timp o for\u021b\u0103 substan\u021bial\u0103 de \u00eempingere \u0219i tragere, ideal\u0103 pentru manipularea obiectelor grele \u0219i a sarcinilor complexe.<\/li>\n<li><strong>Diverse tipuri:<\/strong> Disponibil \u00een configura\u021bii cu ac\u021biune simpl\u0103 (ac\u021biune hidraulic\u0103 \u00eentr-o direc\u021bie) sau cu ac\u021biune dubl\u0103 (ac\u021biune hidraulic\u0103 \u00een ambele direc\u021bii), cilindrul bra\u021bului \u00eendepline\u0219te diverse nevoi opera\u021bionale. Unele modele sunt telescopice, permi\u021b\u00e2nd o extensie mai mare f\u0103r\u0103 a cre\u0219te dimensiunile exterioare, ceea ce este perfect pentru aplica\u021bii cu spa\u021biu limitat.<\/li>\n<li><strong>Fabrica\u021bie personalizat\u0103:<\/strong> Compania noastr\u0103 este specializat\u0103 \u00een producerea de cilindri hidraulici care \u00eenlocuiesc perfect cilindrii hidraulici existen\u021bi, asigur\u00e2nd o potrivire \u0219i o func\u021bionare impecabil\u0103 pentru diverse modele de utilaje.<\/li>\n<li><strong>Asigurarea calit\u0103\u021bii:<\/strong> Fiecare cilindru este supus unor teste riguroase pentru a \u00eendeplini standardele industriei, asigur\u00e2nd fiabilitatea \u0219i performan\u021ba pe teren.<\/li>\n<\/ul>\n<p><img decoding=\"async\" src=\"https:\/\/www.hydraulic-cylinders.net\/wp-content\/uploads\/2025\/04\/songte-cylinder-head-with-all-kinds-excavator-models.webp\" alt=\"Imaginea chiulasei\"\/><\/p>\n<h2>Scenarii de aplica\u021bii<\/h2>\n<h3>1. Echipamente de construc\u021bii<\/h3>\n<p>\u00cen excavatoare, cilindrii bra\u021bului sunt vitali pentru s\u0103pare, \u00eenc\u0103rcare \u0219i mutarea solului sau a resturilor. Ac\u021biunea hidraulic\u0103 permite operatorului s\u0103 manevreze cupa cu precizie, esen\u021bial\u0103 pentru sarcinile de construc\u021bie care necesit\u0103 precizie \u00een ad\u00e2ncime \u0219i plasarea materialelor. Capacitatea de a ridica \u0219i cobor\u00ee cupa eficient accelereaz\u0103 procesele de lucru, duc\u00e2nd la o productivitate sporit\u0103 pe \u0219antierele de construc\u021bii.<\/p>\n<h3>2. Ma\u0219ini agricole<\/h3>\n<p>Utiliza\u021bi \u00een \u00eenc\u0103rc\u0103toarele frontale, cilindrii bra\u021bului faciliteaz\u0103 scoaterea, ridicarea \u0219i transportul solului, f\u00e2nului \u0219i altor materiale. Designul lor robust permite ridicarea de sarcini grele f\u0103r\u0103 a compromite integritatea ma\u0219inii. Sistemul hidraulic asigur\u0103 c\u0103 operatorii pot manipula cu u\u0219urin\u021b\u0103 volume mari de materiale, optimiz\u00e2nd eficien\u021ba opera\u021bional\u0103 \u00een sarcinile agricole.<\/p>\n<h3>3. Excavatoare<\/h3>\n<p>La excavatoare, cilindrul bra\u021bului permite cupei s\u0103 p\u0103trund\u0103 eficient \u00een sol, ating\u00e2nd ad\u00e2ncimea de excavare dorit\u0103. Aceast\u0103 func\u021bionalitate este crucial\u0103 pentru diverse aplica\u021bii de construc\u021bii, deoarece permite \u00eendep\u0103rtarea eficient\u0103 a p\u0103m\u00e2ntului \u0219i a resturilor, \u00eembun\u0103t\u0103\u021bind semnificativ procesul de excavare.<\/p>\n<h3>4. \u00cenc\u0103rc\u0103toare<\/h3>\n<p>La \u00eenc\u0103rc\u0103toarele frontale, cilindrul bra\u021bului ajut\u0103 la ridicarea \u0219i desc\u0103rcarea eficient\u0103 a materialelor. Aceast\u0103 capacitate este esen\u021bial\u0103 pentru sarcini precum \u00eenc\u0103rcarea camioanelor sau transferul materialelor \u00een diferite loca\u021bii de pe \u0219antier, asigur\u00e2nd c\u0103 opera\u021biunile se desf\u0103\u0219oar\u0103 f\u0103r\u0103 probleme \u0219i eficient.<\/p>\n<h2>Considera\u021bii de proiectare \u0219i standarde de selec\u021bie<\/h2>\n<h3>Capacitate de \u00eenc\u0103rcare<\/h3>\n<p>Atunci c\u00e2nd se selecteaz\u0103 un cilindru pentru bra\u021b, una dintre principalele considera\u021bii este capacitatea sa de \u00eenc\u0103rcare. Cilindrul trebuie s\u0103 poat\u0103 suporta greutatea maxim\u0103 pe care o va \u00eent\u00e2lni \u00een timpul func\u021bion\u0103rii. Acest lucru necesit\u0103 o evaluare atent\u0103 a condi\u021biilor de lucru \u0219i a tipului de materiale manipulate. Produc\u0103torii furnizeaz\u0103 de obicei valori de \u00eenc\u0103rcare, care ar trebui s\u0103 fie adaptate cerin\u021belor opera\u021bionale pentru a preveni defec\u021biunile.<\/p>\n<h3>Performan\u021ba de etan\u0219are<\/h3>\n<p>Etan\u0219area este esen\u021bial\u0103 \u00een sistemele hidraulice pentru a preveni scurgerile \u0219i a men\u021bine presiunea. Alegerea garniturilor - cum ar fi garniturile pistonului \u0219i garniturile tijei - trebuie f\u0103cut\u0103 \u00een func\u021bie de mediul de lucru. Garniturile fabricate din materiale precum poliuretanul \u0219i cauciucul nitrilic ofer\u0103 o rezisten\u021b\u0103 excelent\u0103 la uzur\u0103 \u0219i sunt utilizate \u00een mod obi\u0219nuit \u00een aplica\u021bii hidraulice de \u00eenalt\u0103 performan\u021b\u0103. Asigurarea unei etan\u0219\u0103ri corespunz\u0103toare va prelungi durata de via\u021b\u0103 a cilindrului \u0219i va men\u021bine eficien\u021ba opera\u021bional\u0103.<\/p>\n<h3>Durabilitate<\/h3>\n<p>Durabilitatea este primordial\u0103 \u00een proiectarea cilindrilor hidraulici. Factori precum alegerea materialelor, tratamentul suprafe\u021bei \u0219i integritatea designului contribuie la durata de via\u021b\u0103 general\u0103 a produsului. Materialele \u0219i acoperirile de suprafa\u021b\u0103 de \u00eenalt\u0103 calitate pot preveni coroziunea \u0219i uzura, asigur\u00e2nd performan\u021be fiabile \u00een timp. \u00centre\u021binerea \u0219i inspec\u021biile regulate pot spori \u0219i mai mult durabilitatea cilindrului, reduc\u00e2nd necesitatea \u00eenlocuirilor.<\/p>\n<h3>Caracteristici de siguran\u021b\u0103<\/h3>\n<p>Siguran\u021ba este o prioritate absolut\u0103 \u00een proiectarea cilindrilor hidraulici. Caracteristici precum supapele de suprapresiune \u0219i blocajele de siguran\u021b\u0103 pot preveni accidentele cauzate de presiune excesiv\u0103 sau defec\u021biuni mecanice. Operatorii trebuie instrui\u021bi pentru a \u00een\u021belege aceste mecanisme de siguran\u021b\u0103, asigur\u00e2nd utilizarea corect\u0103 a echipamentului \u0219i reduc\u00e2nd riscul de r\u0103nire la locul de munc\u0103.<\/p>\n<h3>Accesibilitate pentru \u00eentre\u021binere<\/h3>\n<p>Designul cilindrului bra\u021bului ar trebui s\u0103 permit\u0103 accesul facil \u00een timpul \u00eentre\u021binerii. Inspec\u021biile \u0219i reviziile regulate sunt esen\u021biale pentru a asigura func\u021bionarea eficient\u0103 a sistemului hidraulic. Capacitatea de a \u00eenlocui rapid garniturile sau de a verifica nivelurile fluidelor poate economisi timp \u0219i reduce timpul de nefunc\u021bionare \u00een timpul func\u021bion\u0103rii. Produc\u0103torii ar trebui s\u0103 ia \u00een considerare cerin\u021bele de \u00eentre\u021binere \u00een proiectele lor, ceea ce le face convenabile pentru operatori.<\/p>\n<p><img decoding=\"async\" src=\"https:\/\/www.hydraulic-cylinders.net\/wp-content\/uploads\/2025\/04\/songte-oil-pipes-and-spare-parts.webp\" alt=\"Imagine cu \u021bevi de petrol \u0219i piese de schimb\"\/><\/p>\n<h2>Etan\u0219are \u0219i lubrifiere<\/h2>\n<p>Etan\u0219area \u0219i lubrifierea eficiente sunt vitale pentru performan\u021ba cilindrilor hidraulici. Diverse componente de etan\u0219are, cum ar fi etan\u0219\u0103rile pistonului \u0219i etan\u0219\u0103rile tijei, sunt utilizate pentru a men\u021bine presiunea hidraulic\u0103 \u0219i a preveni scurgerile de fluid. Alegerea etan\u0219\u0103rilor fabricate din materiale durabile, precum poliuretanul \u0219i cauciucul nitrilic, \u00eembun\u0103t\u0103\u021be\u0219te semnificativ rezisten\u021ba la uzur\u0103.<\/p>\n<p>Corpul cilindrului \u0219i suprafe\u021bele filetate ale cap\u0103tului sunt prelucrate meticulos pentru a \u00eembun\u0103t\u0103\u021bi rezisten\u021ba la uzur\u0103, asigur\u00e2nd longevitatea. Lubrifierea regulat\u0103 este esen\u021bial\u0103; operatorii ar trebui s\u0103 adauge periodic ulei hidraulic pentru a men\u021bine performan\u021be optime \u0219i a reduce frecarea din interiorul cilindrului. Acest lucru nu numai c\u0103 protejeaz\u0103 componentele interne, dar asigur\u0103 \u0219i o func\u021bionare lin\u0103 sub sarcin\u0103.<\/p>\n<h2>Inspec\u021bie regulat\u0103 \u0219i m\u0103suri de \u00eentre\u021binere preventiv\u0103<\/h2>\n<ul>\n<li><strong>Inspec\u021bii frecvente:<\/strong> Verifica\u021bi periodic dac\u0103 exist\u0103 semne de uzur\u0103 sau deteriorare la nivelul cilindrului \u0219i al componentelor din jur. C\u0103uta\u021bi scurgeri de ulei, care pot indica o defec\u021biune a etan\u0219\u0103rii, \u0219i evalua\u021bi starea general\u0103 a conductelor hidraulice.<\/li>\n<li><strong>Lubrifiere adecvat\u0103:<\/strong> Asigura\u021bi-v\u0103 c\u0103 cilindrul este lubrifiat corespunz\u0103tor. Folosi\u021bi tipul de ulei hidraulic recomandat \u0219i aplica\u021bi-l conform instruc\u021biunilor produc\u0103torului pentru a men\u021bine performan\u021be optime.<\/li>\n<li><strong>\u00cenlocuirea garniturii:<\/strong> Monitoriza\u021bi starea garniturilor \u0219i \u00eenlocui\u021bi-le dup\u0103 cum este necesar. Garniturile deteriorate pot duce la scurgeri de lichid \u0219i la diminuarea performan\u021bei, a\u0219adar \u00eenlocuirea la timp este esen\u021bial\u0103 pentru a men\u021bine integritatea cilindrului.<\/li>\n<\/ul>\n<h2>Instruc\u021biuni de instalare<\/h2>\n<p>Instalarea corect\u0103 a cilindrului bra\u021bului este crucial\u0103 pentru a asigura func\u021bionalitatea \u0219i longevitatea acestuia. \u00cencepe\u021bi prin a v\u0103 asigura c\u0103 zona de lucru este curat\u0103 \u0219i lipsit\u0103 de resturi. Alinia\u021bi corect cilindrul cu suporturile de montare \u0219i fixa\u021bi-l folosind unelte de instalare adecvate pentru a preveni nealinierea.<\/p>\n<p>Utiliza\u021bi specifica\u021biile de cuplu recomandate pentru \u0219uruburile de montare pentru a asigura o fixare sigur\u0103. Verifica\u021bi conexiunile hidraulice pentru a evita scurgerile; asigura\u021bi-v\u0103 c\u0103 toate fitingurile sunt str\u00e2nse \u0219i a\u0219ezate corect. Dup\u0103 instalare, inspecta\u021bi sistemul pentru orice semne de scurgeri sau func\u021bionare anormal\u0103 \u00eenainte de a pune echipamentul \u00een func\u021biune.<\/p>\n<h2>Sarcini comune de \u00eentre\u021binere<\/h2>\n<h3>1. Inspec\u021bii regulate<\/h3>\n<p>Efectua\u021bi inspec\u021bii regulate pentru a identifica din timp orice uzur\u0103 sau deteriorare. C\u0103uta\u021bi semne de scurgeri \u00een jurul garniturilor \u0219i conexiunilor \u0219i evalua\u021bi starea general\u0103 a cilindrului \u0219i a sistemului hidraulic. Depistarea timpurie a problemelor poate preveni probleme mai semnificative pe viitor.<\/p>\n<h3>2. Lubrifiere adecvat\u0103<\/h3>\n<p>Asigura\u021bi-v\u0103 c\u0103 cilindrul este lubrifiat conform specifica\u021biilor produc\u0103torului. Lubrifierea corect\u0103 reduce frecarea \u0219i uzura pieselor mobile, prelungind durata de via\u021b\u0103 a cilindrului hidraulic. Folosi\u021bi ulei hidraulic de \u00eenalt\u0103 calitate \u0219i respecta\u021bi intervalele de \u00eentre\u021binere programate pentru lubrifiere.<\/p>\n<h3>3. \u00cenlocuirea garniturii \u0219i verific\u0103ri ale calibr\u0103rii<\/h3>\n<p>Verifica\u021bi periodic starea garniturilor \u0219i \u00eenlocui\u021bi-le dup\u0103 cum este necesar pentru a preveni scurgerile. Verific\u0103rile de calibrare asigur\u0103 func\u021bionarea cilindrului \u00een limitele specifica\u021biilor proiectate, prevenind ineficien\u021bele opera\u021bionale. Alinierea corect\u0103 \u00een timpul instal\u0103rii este crucial\u0103; lua\u021bi \u00een considerare utilizarea suporturilor de montare adecvate pentru a fixa cilindrul \u00een siguran\u021b\u0103.<\/p>\n<p><img decoding=\"async\" src=\"https:\/\/www.hydraulic-cylinders.net\/wp-content\/uploads\/2025\/04\/songte-chushion-collar.webp\" alt=\"Imagine cu guler de pern\u0103\"\/><\/p>\n<h2>Considera\u021bii de siguran\u021b\u0103 \u0219i factori de mediu<\/h2>\n<p>Atunci c\u00e2nd se lucreaz\u0103 cu cilindri hidraulici, respectarea m\u0103surilor de siguran\u021b\u0103 este esen\u021bial\u0103. Operatorii trebuie s\u0103 fie instrui\u021bi cu privire la manipularea \u0219i operarea \u00een siguran\u021b\u0103 a echipamentelor hidraulice. Asigura\u021bi-v\u0103 c\u0103 toate dispozitivele de siguran\u021b\u0103 sunt func\u021bionale, inclusiv supapele de suprapresiune, pentru a preveni accidentele cauzate de suprapresiuni nea\u0219teptate. \u00cen plus, men\u021bine\u021bi un mediu de lucru curat \u0219i sigur pentru a minimiza pericolele asociate cu scurgerile sau scurgerile de fluid hidraulic.<\/p>\n<h2>Depanare \u0219i probleme frecvente<\/h2>\n<ul>\n<li><strong>Scurgere:<\/strong> Dac\u0103 observa\u021bi o scurgere de lichid hidraulic, aceasta poate indica uzura garniturilor de etan\u0219are sau sl\u0103birea conexiunilor. Verifica\u021bi garniturile \u0219i fitingurile pentru a depista eventualele deterior\u0103ri \u0219i \u00eenlocui\u021bi-le dac\u0103 este necesar.<\/li>\n<li><strong>Performan\u021b\u0103 redus\u0103:<\/strong> Dac\u0103 cilindrul bra\u021bului nu r\u0103spunde conform a\u0219tept\u0103rilor, verifica\u021bi dac\u0103 exist\u0103 niveluri sc\u0103zute de lichid hidraulic sau dac\u0103 exist\u0103 aer \u00een sistem. Poate fi necesar\u0103 aerisirea sistemului pentru a elimina aerul prins.<\/li>\n<li><strong>Zgomote neobi\u0219nuite:<\/strong> Dac\u0103 apar zgomote ciudate \u00een timpul func\u021bion\u0103rii, acestea ar putea indica uzur\u0103 sau deteriorare intern\u0103. Trebuie efectuat\u0103 o inspec\u021bie am\u0103nun\u021bit\u0103 pentru a identifica \u0219i remedia problema.<\/li>\n<\/ul>\n<h2>Sfaturi pentru gestionarea defec\u021biunilor<\/h2>\n<p>Pentru a diagnostica \u0219i rezolva eficient problemele legate de cilindrul bra\u021bului, operatorii ar trebui s\u0103 revizuiasc\u0103 periodic datele de performan\u021b\u0103 \u0219i s\u0103 efectueze inspec\u021bii. S\u0103 elaboreze un program de \u00eentre\u021binere preventiv\u0103 pentru a identifica poten\u021bialele probleme \u00eenainte ca acestea s\u0103 duc\u0103 la defec\u021biuni semnificative. Instruirea personalului cu privire la defec\u021biunile comune \u0219i la solu\u021biile acestora poate, de asemenea, s\u0103 \u00eembun\u0103t\u0103\u021beasc\u0103 eficien\u021ba opera\u021bional\u0103 \u0219i siguran\u021ba.<\/p>\n<p><img decoding=\"async\" src=\"https:\/\/www.hydraulic-cylinders.net\/wp-content\/uploads\/2025\/04\/songte-bushings-with-all-kinds-of-excavator-models.webp\" alt=\"Imagine buc\u0219e\"\/><\/p>\n<h2>Prezentare general\u0103 a companiei<\/h2>\n<p>Suntem un produc\u0103tor specializat \u00een cilindri hidraulici de schimb, oferind o gam\u0103 complet\u0103 de produse pentru a deveni unul dintre principalii produc\u0103tori \u0219i distribuitori angro pe pie\u021bele interne \u0219i interna\u021bionale. Angajamentul nostru fa\u021b\u0103 de o calitate excep\u021bional\u0103 este sus\u021binut de o strategie sofisticat\u0103 de management al produc\u021biei, care valorific\u0103 personal tehnic calificat, echipamente digitale avansate de produc\u021bie \u0219i sisteme profesionale de testare.<\/p>\n<p>Prin \u00eembun\u0103t\u0103\u021birea continu\u0103 a platformei noastre de produc\u021bie, ne asigur\u0103m c\u0103 produsele noastre \u00eendeplinesc standarde de produc\u021bie de \u00eenalt\u0103 calitate. Capacit\u0103\u021bile noastre creative robuste ne permit s\u0103 oferim solu\u021bii eficiente, precise \u0219i de \u00eenalt\u0103 calitate, adaptate pentru a satisface nevoile diverse ale clien\u021bilor no\u0219tri.<\/p>\n<p><img decoding=\"async\" src=\"https:\/\/www.hydraulic-cylinders.net\/wp-content\/uploads\/2025\/04\/songte-company-4.webp\" alt=\"Imaginea companiei 1\"\/><br \/>\n<img decoding=\"async\" src=\"https:\/\/www.hydraulic-cylinders.net\/wp-content\/uploads\/2025\/04\/songte-company-3.webp\" alt=\"Imaginea companiei 2\"\/><\/p>\n<p>Autor: lyl<\/p>","protected":false},"excerpt":{"rendered":"<p>Boom Cylinder For XGMA Small Excavator XG806 Product Overview The Boom Cylinder for XGMA Small Excavator XG806 is a crucial component in hydraulic systems, specifically designed to control the movement of buckets in various heavy machinery including excavators, backhoe loaders, and front loaders. This hydraulic cylinder facilitates the lifting, lowering, and tilting of the bucket, [&hellip;]<\/p>","protected":false},"featured_media":17875,"comment_status":"open","ping_status":"closed","template":"","meta":{"_et_pb_use_builder":"","_et_pb_old_content":"","_et_gb_content_width":""},"product_brand":[],"product_cat":[1546],"product_tag":[1547,1496],"class_list":{"0":"post-19310","1":"product","2":"type-product","3":"status-publish","4":"has-post-thumbnail","6":"product_cat-boom-cylinders","7":"product_tag-boom-cylinders","8":"product_tag-hydraulic-cylinders","10":"first","11":"instock","12":"shipping-taxable","13":"product-type-simple"},"amp_enabled":true,"_links":{"self":[{"href":"https:\/\/www.hydraulic-cylinders.net\/ro\/wp-json\/wp\/v2\/product\/19310","targetHints":{"allow":["GET"]}}],"collection":[{"href":"https:\/\/www.hydraulic-cylinders.net\/ro\/wp-json\/wp\/v2\/product"}],"about":[{"href":"https:\/\/www.hydraulic-cylinders.net\/ro\/wp-json\/wp\/v2\/types\/product"}],"replies":[{"embeddable":true,"href":"https:\/\/www.hydraulic-cylinders.net\/ro\/wp-json\/wp\/v2\/comments?post=19310"}],"wp:featuredmedia":[{"embeddable":true,"href":"https:\/\/www.hydraulic-cylinders.net\/ro\/wp-json\/wp\/v2\/media\/17875"}],"wp:attachment":[{"href":"https:\/\/www.hydraulic-cylinders.net\/ro\/wp-json\/wp\/v2\/media?parent=19310"}],"wp:term":[{"taxonomy":"product_brand","embeddable":true,"href":"https:\/\/www.hydraulic-cylinders.net\/ro\/wp-json\/wp\/v2\/product_brand?post=19310"},{"taxonomy":"product_cat","embeddable":true,"href":"https:\/\/www.hydraulic-cylinders.net\/ro\/wp-json\/wp\/v2\/product_cat?post=19310"},{"taxonomy":"product_tag","embeddable":true,"href":"https:\/\/www.hydraulic-cylinders.net\/ro\/wp-json\/wp\/v2\/product_tag?post=19310"}],"curies":[{"name":"wp","href":"https:\/\/api.w.org\/{rel}","templated":true}]}}