{"id":19312,"date":"2025-04-07T06:26:28","date_gmt":"2025-04-07T06:26:28","guid":{"rendered":"https:\/\/www.hydraulic-cylinders.net\/product\/boom-cylinder-for-xgma-small-excavator-xg809e\/"},"modified":"2025-04-07T06:26:31","modified_gmt":"2025-04-07T06:26:31","slug":"boom-cylinder-for-xgma-small-excavator-xg809e","status":"publish","type":"product","link":"https:\/\/www.hydraulic-cylinders.net\/ro\/produs\/boom-cylinder-for-xgma-small-excavator-xg809e\/","title":{"rendered":"Cilindru bra\u021b pentru excavatorul mic XGMA XG809E"},"content":{"rendered":"<h1>Cilindru bra\u021b pentru excavatorul mic XGMA XG809E<\/h1>\n<h2>Introducere \u00een cilindrul bra\u021bului<\/h2>\n<p>Cilindrul bra\u021bului pentru excavatorul mic XGMA XG809E este o component\u0103 crucial\u0103 \u00een sistemele hidraulice ale excavatoarelor. Este special conceput pentru a controla mi\u0219carea bra\u021bului, permi\u021b\u00e2nd o varietate de opera\u021biuni. Acest cilindru hidraulic permite ridicarea, cobor\u00e2rea \u0219i \u00eenclinarea bra\u021bului, facilit\u00e2nd eficient sarcinile de manipulare a materialelor. Cilindrul cupei, un tip de cilindru hidraulic, este esen\u021bial pentru controlul mi\u0219c\u0103rii ata\u0219amentelor utilajelor grele, cum ar fi cupe, excavatoare \u0219i \u00eenc\u0103rc\u0103toare frontale. Prin valorificarea presiunii hidraulice, ace\u0219ti cilindri furnizeaz\u0103 for\u021ba necesar\u0103 pentru ridicarea \u0219i manevrarea sarcinilor grele, \u00eembun\u0103t\u0103\u021bind productivitatea pe \u0219antierele de construc\u021bii.<\/p>\n<p><img decoding=\"async\" src=\"https:\/\/www.hydraulic-cylinders.net\/wp-content\/uploads\/2025\/04\/songte-company-1.webp\" alt=\"Imaginea cilindrului bra\u021bului\"><\/p>\n<h2>Caracteristicile cilindrului bra\u021bului<\/h2>\n<ul>\n<li><strong>Rezisten\u021b\u0103 \u0219i durabilitate ridicate:<\/strong> De obicei, construi\u021bi din o\u021bel sau aluminiu de \u00eenalt\u0103 rezisten\u021b\u0103, ace\u0219ti cilindri sunt proiecta\u021bi s\u0103 reziste la presiuni ridicate \u0219i sarcini grele, ceea ce \u00eei face potrivi\u021bi pentru medii de lucru dure. Sunt proiecta\u021bi av\u00e2nd \u00een vedere rezisten\u021ba la uzur\u0103 \u0219i la coroziune, prelungindu-le durata de via\u021b\u0103.<\/li>\n<li><strong>Func\u021bionare hidraulic\u0103 eficient\u0103:<\/strong> Utiliz\u00e2nd presiunea uleiului hidraulic, cilindrul bra\u021bului asigur\u0103 o extensie \u0219i o retragere lin\u0103, permi\u021b\u00e2nd un r\u0103spuns rapid la comenzile operatorului \u0219i oferind o putere substan\u021bial\u0103 de \u00eempingere \u0219i tragere, ideal\u0103 pentru manipularea sarcinilor grele \u0219i complexe.<\/li>\n<li><strong>Diverse tipuri:<\/strong> Cilindrii bra\u021bului sunt disponibili \u00een configura\u021bii cu ac\u021biune simpl\u0103 (func\u021bioneaz\u0103 \u00eentr-o singur\u0103 direc\u021bie) sau cu ac\u021biune dubl\u0103 (func\u021bioneaz\u0103 \u00een dou\u0103 direc\u021bii), r\u0103spunz\u00e2nd diferitelor nevoi opera\u021bionale. Unele modele sunt telescopice, permi\u021b\u00e2nd o extindere semnificativ\u0103 f\u0103r\u0103 a cre\u0219te dimensiunile exterioare, fiind potrivite pentru aplica\u021bii cu spa\u021biu limitat.<\/li>\n<li><strong>Inginerie de precizie:<\/strong> Fiecare cilindru este fabricat cu precizie pentru a asigura performan\u021be \u0219i fiabilitate optime, cruciale pentru men\u021binerea eficien\u021bei \u00een aplica\u021biile din construc\u021bii \u0219i agricultur\u0103.<\/li>\n<li><strong>Compatibilitate:<\/strong> Cilindrii no\u0219tri pentru bra\u021b pot \u00eenlocui perfect cilindrii hidraulici existen\u021bi, asigur\u00e2nd o integrare \u0219i func\u021bionalitate f\u0103r\u0103 probleme pe echipamentul dumneavoastr\u0103.<\/li>\n<\/ul>\n<p><img decoding=\"async\" src=\"https:\/\/www.hydraulic-cylinders.net\/wp-content\/uploads\/2025\/04\/songte-cylinder-head-with-all-kinds-excavator-models.webp\" alt=\"Modele compatibile\"><\/p>\n<h2>Aplica\u021bii ale cilindrului bra\u021bului<\/h2>\n<h3>Echipamente de construc\u021bii<\/h3>\n<p>\u00cen utilajele de construc\u021bii, precum excavatoarele, cilindrul bra\u021bului este vital pentru s\u0103pare, \u00eenc\u0103rcare \u0219i transportul solului sau al molozului. Capacitatea de a controla \u00een\u0103l\u021bimea \u0219i unghiul bra\u021bului permite opera\u021biuni eficiente de excavare. De asemenea, excavatoarele se bazeaz\u0103 \u00een mare m\u0103sur\u0103 pe cilindrul bra\u021bului at\u00e2t pentru func\u021biile de s\u0103pare, c\u00e2t \u0219i pentru cele de ridicare, ceea ce \u00eel face o parte indispensabil\u0103 a diverselor sarcini de construc\u021bie.<\/p>\n<h3>Ma\u0219ini agricole<\/h3>\n<p>\u00cen echipamentele agricole, cum ar fi \u00eenc\u0103rc\u0103toarele frontale, cilindrii bra\u021bului sunt utiliza\u021bi pentru a scoate, ridica \u0219i transporta solul, f\u00e2nul \u0219i alte materiale. Fiabilitatea lor asigur\u0103 c\u0103 fermierii pot \u00eendeplini sarcinile eficient, sporind productivitatea \u00een diferite opera\u021biuni agricole.<\/p>\n<h3>Excavatoare<\/h3>\n<p>\u00cen cazul excavatoarelor, cilindrii bra\u021bului permit cupei s\u0103 p\u0103trund\u0103 \u00een sol, facilit\u00e2nd ac\u021biunile de s\u0103pare. Designul lor robust sus\u021bine sarcini de excavare de \u00eenalt\u0103 performan\u021b\u0103, asigur\u00e2nd c\u0103 operatorii pot gestiona eficient manipularea materialelor \u00een diverse condi\u021bii.<\/p>\n<h3>\u00cenc\u0103rc\u0103toare<\/h3>\n<p>\u00cen cazul \u00eenc\u0103rc\u0103toarelor frontale, cilindrii bra\u021bului ajut\u0103 la ridicarea \u0219i desc\u0103rcarea sarcinilor. Capacitatea lor de a oferi capacit\u0103\u021bi puternice de ridicare este esen\u021bial\u0103 pentru manipularea eficient\u0103 a materialelor, ceea ce \u00eei face cruciali pentru opera\u021biunile de construc\u021bii \u0219i logistic\u0103.<\/p>\n<h2>Considera\u021bii de proiectare \u0219i criterii de selec\u021bie<\/h2>\n<h3>Capacitate de \u00eenc\u0103rcare<\/h3>\n<p>Capacitatea de \u00eenc\u0103rcare a unui cilindru al bra\u021bului este o considera\u021bie critic\u0103 de proiectare. Acesta trebuie s\u0103 poat\u0103 suporta greutatea maxim\u0103 pe care o va \u00eent\u00e2lni echipamentul \u00een timpul func\u021bion\u0103rii. \u00cen\u021belegerea cerin\u021belor specifice privind capacitatea de \u00eenc\u0103rcare este esen\u021bial\u0103 pentru a asigura siguran\u021ba \u0219i eficien\u021ba \u00een toate aplica\u021biile.<\/p>\n<h3>Performan\u021ba de etan\u0219are<\/h3>\n<p>Etan\u0219area eficient\u0103 este vital\u0103 pentru men\u021binerea presiunii hidraulice \u00een interiorul cilindrului. Etan\u0219\u0103rile de \u00eenalt\u0103 calitate previn scurgerile \u0219i asigur\u0103 func\u021bionarea eficient\u0103 a sistemului hidraulic. Alegerea materialelor de etan\u0219are potrivite, cum ar fi poliuretanul sau cauciucul nitrilic, asigur\u0103 performan\u021be de lung\u0103 durat\u0103 \u0219i reduce nevoile de \u00eentre\u021binere.<\/p>\n<h3>Durabilitate<\/h3>\n<p>Durabilitatea este un factor cheie \u00een proiectarea cilindrilor bra\u021bului. Ace\u0219tia trebuie s\u0103 reziste la condi\u021bii extreme, inclusiv presiune ridicat\u0103, fluctua\u021bii de temperatur\u0103 \u0219i expunerea la medii dure. Selectarea materialelor \u0219i a designurilor care promoveaz\u0103 durabilitatea este esen\u021bial\u0103 pentru succesul opera\u021bional pe termen lung.<\/p>\n<h3>Caracteristici de siguran\u021b\u0103<\/h3>\n<p>M\u0103surile de siguran\u021b\u0103 ar trebui integrate \u00een proiectarea cilindrilor bra\u021bului. Acestea includ sisteme de siguran\u021b\u0103 \u0219i supape de suprapresiune care protejeaz\u0103 operatorii \u0219i utilajele de poten\u021bialele pericole. Evaluarea caracteristicilor de siguran\u021b\u0103 \u00een timpul procesului de selec\u021bie este esen\u021bial\u0103 pentru asigurarea siguran\u021bei generale a opera\u021biunilor.<\/p>\n<h3>U\u0219urin\u021b\u0103 \u00een \u00eentre\u021binere<\/h3>\n<p>Considera\u021biile privind \u00eentre\u021binerea sunt cruciale la proiectarea unui cilindru pentru bra\u021b. Caracteristicile care faciliteaz\u0103 accesul facil pentru inspec\u021bii, repara\u021bii \u0219i \u00eenlocuiri pot reduce semnificativ timpul de nefunc\u021bionare \u0219i pot spori eficien\u021ba opera\u021bional\u0103. Un cilindru bine proiectat ar trebui s\u0103 ofere proceduri de \u00eentre\u021binere simple pentru a-l men\u021bine \u00een stare optim\u0103.<\/p>\n<p><img decoding=\"async\" src=\"https:\/\/www.hydraulic-cylinders.net\/wp-content\/uploads\/2025\/04\/songte-oil-pipes-and-spare-parts.webp\" alt=\"Piese hidraulice\"><\/p>\n<h2>Etan\u0219are \u0219i lubrifiere<\/h2>\n<p>Etan\u0219area \u0219i lubrifierea corespunz\u0103toare sunt esen\u021biale pentru func\u021bionarea eficient\u0103 a cilindrilor bra\u021bului. Diverse etan\u0219\u0103ri, cum ar fi etan\u0219\u0103rile pistonului \u0219i etan\u0219\u0103rile tijei, joac\u0103 roluri cruciale \u00een prevenirea scurgerilor \u0219i men\u021binerea presiunii hidraulice. Etan\u0219\u0103rile fabricate din materiale durabile, precum poliuretanul \u0219i cauciucul nitrilic, asigur\u0103 longevitatea \u0219i fiabilitatea \u00een medii solicitante. Suprafe\u021bele corpului cilindrului \u0219i capetele filetate sunt finisate cu precizie pentru a spori rezisten\u021ba la uzur\u0103. \u00centre\u021binerea regulat\u0103, inclusiv ad\u0103ugarea la timp a uleiului hidraulic pentru lubrifiere, este necesar\u0103 pentru a men\u021bine cilindrul \u00een cea mai bun\u0103 func\u021bionare \u0219i pentru a preveni uzura prematur\u0103 sau defec\u021biunile.<\/p>\n<h2>M\u0103suri de \u00eentre\u021binere preventiv\u0103<\/h2>\n<ul>\n<li><strong>Inspec\u021bii regulate:<\/strong> Efectuarea inspec\u021biilor de rutin\u0103 ale cilindrului bra\u021bului ajut\u0103 la identificarea timpurie a oric\u0103ror semne de uzur\u0103 sau deteriorare, prevenind probleme majore pe viitor.<\/li>\n<li><strong>Lubrifiere adecvat\u0103:<\/strong> Men\u021binerea unui cilindru lubrifiat corespunz\u0103tor este esen\u021bial\u0103 pentru o func\u021bionare f\u0103r\u0103 probleme. Respectarea recomand\u0103rilor produc\u0103torului privind intervalele \u0219i tipurile de lubrifiere va cre\u0219te semnificativ durata de via\u021b\u0103 a cilindrului.<\/li>\n<li><strong>\u00cenlocuirea garniturii:<\/strong> Monitorizarea st\u0103rii garniturilor este vital\u0103. \u00cenlocuirea prompt\u0103 a garniturilor uzate sau deteriorate previne scurgerile \u0219i men\u021bine presiunea hidraulic\u0103.<\/li>\n<\/ul>\n<h2>Instruc\u021biuni de instalare<\/h2>\n<p>Instalarea corect\u0103 a cilindrului bra\u021bului este crucial\u0103 pentru o performan\u021b\u0103 optim\u0103. \u00cencepe\u021bi prin a v\u0103 asigura c\u0103 toate componentele sunt curate \u0219i f\u0103r\u0103 resturi \u00eenainte de instalare. Alinia\u021bi corect cilindrul cu punctele de montare pentru a evita solicit\u0103ri excesive asupra componentelor. Este recomandabil s\u0103 utiliza\u021bi suporturile de montare corespunz\u0103toare pentru a fixa ferm cilindrul \u00een pozi\u021bie. Respectarea specifica\u021biilor produc\u0103torului privind set\u0103rile de cuplu \u0219i tipurile de conectare va spori fiabilitatea cilindrului. Dup\u0103 instalare, efectua\u021bi o verificare am\u0103nun\u021bit\u0103 pentru a v\u0103 asigura c\u0103 totul func\u021bioneaz\u0103 corect \u00eenainte de a pune echipamentul \u00een func\u021biune.<\/p>\n<h2>Sarcini comune de \u00eentre\u021binere<\/h2>\n<ul>\n<li><strong>Inspec\u021bii regulate:<\/strong> Verifica\u021bi periodic dac\u0103 exist\u0103 scurgeri, uzur\u0103 sau orice semne neobi\u0219nuite de deteriorare. Depistarea timpurie poate preveni defec\u021biuni semnificative.<\/li>\n<li><strong>Lubrifiere adecvat\u0103:<\/strong> Asigura\u021bi-v\u0103 c\u0103 cilindrul hidraulic este lubrifiat conform instruc\u021biunilor produc\u0103torului pentru a-i men\u021bine eficien\u021ba \u0219i longevitatea.<\/li>\n<li><strong>\u00cenlocuirea garniturii:<\/strong> Verifica\u021bi garniturile pentru uzur\u0103 \u0219i \u00eenlocui\u021bi-le dup\u0103 cum este necesar pentru a men\u021bine presiunea hidraulic\u0103 \u0219i a preveni scurgerile.<\/li>\n<\/ul>\n<h2>Considera\u021bii de siguran\u021b\u0103 \u0219i factori de mediu<\/h2>\n<p>Atunci c\u00e2nd se lucreaz\u0103 cu sisteme hidraulice, siguran\u021ba este primordial\u0103. Implementarea unor m\u0103suri de siguran\u021b\u0103, cum ar fi utilizarea echipamentului de protec\u021bie, respectarea instruc\u021biunilor opera\u021bionale \u0219i asigurarea unei instruiri adecvate pentru operatori, poate preveni accidentele \u0219i r\u0103nirile. Con\u0219tientizarea factorilor de mediu care pot afecta sistemele hidraulice, cum ar fi temperaturile extreme sau mediile corozive, este, de asemenea, crucial\u0103 pentru men\u021binerea integrit\u0103\u021bii \u0219i func\u021bionalit\u0103\u021bii echipamentelor.<\/p>\n<h2>Depanare \u0219i probleme frecvente<\/h2>\n<ul>\n<li><strong>Scurgere:<\/strong> Verifica\u021bi garniturile \u0219i fitingurile pentru uzur\u0103 sau deteriorare dac\u0103 observa\u021bi scurgeri de lichid. \u00cenlocui\u021bi garniturile dup\u0103 cum este necesar \u0219i asigura\u021bi-v\u0103 c\u0103 toate conexiunile sunt fixate.<\/li>\n<li><strong>Lipsa de putere:<\/strong> Dac\u0103 cilindrul nu r\u0103spunde corespunz\u0103tor, verifica\u021bi nivelul fluidului hidraulic \u0219i asigura\u021bi-v\u0103 c\u0103 nu exist\u0103 blocaje \u00een conductele hidraulice.<\/li>\n<li><strong>Zgomote nea\u0219teptate:<\/strong> Sunetele neobi\u0219nuite din timpul func\u021bion\u0103rii pot indica uzur\u0103 sau deteriorare intern\u0103. Efectua\u021bi o inspec\u021bie am\u0103nun\u021bit\u0103 pentru a identifica sursa zgomotului \u0219i a lua m\u0103suri corective.<\/li>\n<\/ul>\n<h2>Sfaturi de depanare<\/h2>\n<p>Pentru a diagnostica \u0219i rezolva eficient problemele legate de cilindrii bra\u021bului, \u021bine\u021bi un jurnal detaliat al opera\u021biunilor \u0219i neregulilor. Verifica\u021bi periodic dac\u0103 exist\u0103 scurgeri, monitoriza\u021bi nivelurile fluidului hidraulic \u0219i asculta\u021bi sunetele neobi\u0219nuite. M\u0103surile preventive, cum ar fi respectarea strict\u0103 a programelor de \u00eentre\u021binere \u0219i utilizarea pieselor de calitate, pot reduce semnificativ probabilitatea apari\u021biei problemelor.<\/p>\n<p><img decoding=\"async\" src=\"https:\/\/www.hydraulic-cylinders.net\/wp-content\/uploads\/2025\/04\/songte-bushings-with-all-kinds-of-excavator-models.webp\" alt=\"Buc\u0219e pentru excavatoare\"><\/p>\n<h2>Despre compania noastr\u0103<\/h2>\n<p>Suntem un produc\u0103tor important de cilindri hidraulici de schimb, oferind o gam\u0103 complet\u0103 de produse care deservesc at\u00e2t pie\u021bele interne, c\u00e2t \u0219i cele interna\u021bionale. Dedicat\u0103 excelen\u021bei, compania noastr\u0103 utilizeaz\u0103 o strategie rafinat\u0103 de management al produc\u021biei \u00eentr-un atelier de fabrica\u021bie de ultim\u0103 genera\u021bie. Utiliz\u0103m personal tehnic calificat, echipamente digitale avansate de fabrica\u021bie \u0219i sisteme profesionale de testare pentru a ne \u00eembun\u0103t\u0103\u021bi capacit\u0103\u021bile de fabrica\u021bie. Prioritiz\u00e2nd eficien\u021ba ridicat\u0103, precizia \u0219i calitatea, satisfacem nevoile diverse ale clien\u021bilor no\u0219tri.<\/p>\n<p><img decoding=\"async\" src=\"https:\/\/www.hydraulic-cylinders.net\/wp-content\/uploads\/2025\/04\/songte-company-4.webp\" alt=\"Prezentare general\u0103 a companiei\"><br \/>\n<img decoding=\"async\" src=\"https:\/\/www.hydraulic-cylinders.net\/wp-content\/uploads\/2025\/04\/songte-company-3.webp\" alt=\"Facilit\u0103\u021bi ale companiei\"><\/p>\n<p>Oferim servicii personalizate care r\u0103spund cerin\u021belor specifice ale clien\u021bilor, asigur\u00e2ndu-ne c\u0103 produsele noastre \u00eendeplinesc cele mai \u00eenalte standarde interna\u021bionale. Concentr\u00e2ndu-ne pe asisten\u021ba post-v\u00e2nzare eficient\u0103, ne asigur\u0103m c\u0103 clien\u021bii no\u0219tri primesc asisten\u021b\u0103 complet\u0103 pe tot parcursul ciclului de via\u021b\u0103 al produselor noastre.<\/p>\n<p>Autor: lyl<\/p>","protected":false},"excerpt":{"rendered":"<p>Boom Cylinder For XGMA Small Excavator XG809E Introduction to Boom Cylinder The Boom Cylinder for XGMA Small Excavator XG809E is a crucial component in the hydraulic systems of excavators. It is specifically designed to control the movement of the boom, enabling a variety of operations. This hydraulic cylinder allows the boom to raise, lower, and [&hellip;]<\/p>","protected":false},"featured_media":17877,"comment_status":"open","ping_status":"closed","template":"","meta":{"_et_pb_use_builder":"","_et_pb_old_content":"","_et_gb_content_width":""},"product_brand":[],"product_cat":[1546],"product_tag":[1547,1496],"class_list":{"0":"post-19312","1":"product","2":"type-product","3":"status-publish","4":"has-post-thumbnail","6":"product_cat-boom-cylinders","7":"product_tag-boom-cylinders","8":"product_tag-hydraulic-cylinders","10":"first","11":"instock","12":"shipping-taxable","13":"product-type-simple"},"amp_enabled":true,"_links":{"self":[{"href":"https:\/\/www.hydraulic-cylinders.net\/ro\/wp-json\/wp\/v2\/product\/19312","targetHints":{"allow":["GET"]}}],"collection":[{"href":"https:\/\/www.hydraulic-cylinders.net\/ro\/wp-json\/wp\/v2\/product"}],"about":[{"href":"https:\/\/www.hydraulic-cylinders.net\/ro\/wp-json\/wp\/v2\/types\/product"}],"replies":[{"embeddable":true,"href":"https:\/\/www.hydraulic-cylinders.net\/ro\/wp-json\/wp\/v2\/comments?post=19312"}],"wp:featuredmedia":[{"embeddable":true,"href":"https:\/\/www.hydraulic-cylinders.net\/ro\/wp-json\/wp\/v2\/media\/17877"}],"wp:attachment":[{"href":"https:\/\/www.hydraulic-cylinders.net\/ro\/wp-json\/wp\/v2\/media?parent=19312"}],"wp:term":[{"taxonomy":"product_brand","embeddable":true,"href":"https:\/\/www.hydraulic-cylinders.net\/ro\/wp-json\/wp\/v2\/product_brand?post=19312"},{"taxonomy":"product_cat","embeddable":true,"href":"https:\/\/www.hydraulic-cylinders.net\/ro\/wp-json\/wp\/v2\/product_cat?post=19312"},{"taxonomy":"product_tag","embeddable":true,"href":"https:\/\/www.hydraulic-cylinders.net\/ro\/wp-json\/wp\/v2\/product_tag?post=19312"}],"curies":[{"name":"wp","href":"https:\/\/api.w.org\/{rel}","templated":true}]}}