{"id":19315,"date":"2025-04-07T06:26:36","date_gmt":"2025-04-07T06:26:36","guid":{"rendered":"https:\/\/www.hydraulic-cylinders.net\/product\/boom-cylinder-for-xgma-middle-excavator-xg822\/"},"modified":"2025-04-07T06:26:38","modified_gmt":"2025-04-07T06:26:38","slug":"boom-cylinder-for-xgma-middle-excavator-xg822","status":"publish","type":"product","link":"https:\/\/www.hydraulic-cylinders.net\/ro\/produs\/boom-cylinder-for-xgma-middle-excavator-xg822\/","title":{"rendered":"Cilindru bra\u021b pentru excavatorul mijlociu XGMA XG822"},"content":{"rendered":"<h1>Cilindru bra\u021b pentru excavatorul mijlociu XGMA XG822<\/h1>\n<h2>Prezentare general\u0103 a cilindrului bra\u021bului<\/h2>\n<p>Cilindrul bra\u021bului este o component\u0103 hidraulic\u0103 esen\u021bial\u0103, conceput\u0103 special pentru excavatorul intermediar XGMA XG822. Acest cilindru hidraulic este esen\u021bial pentru controlul mi\u0219c\u0103rii bra\u021bului excavatorului, permi\u021b\u00e2ndu-i acestuia s\u0103 efectueze o varietate de sarcini, cum ar fi ridicarea, cobor\u00e2rea \u0219i \u00eenclinarea. Designul s\u0103u permite manipularea eficient\u0103 a materialelor, fiind indispensabil \u00een proiectele de construc\u021bii \u0219i excava\u021bii.<\/p>\n<p><img decoding=\"async\" src=\"https:\/\/www.hydraulic-cylinders.net\/wp-content\/uploads\/2025\/04\/songte-company-1.webp\" alt=\"Cilindru de bra\u021b\" \/><\/p>\n<p>Cilindrul cupei este un tip de cilindru hidraulic care ac\u021bioneaz\u0103 ca coloana vertebral\u0103 a utilajelor grele, \u00een special la excavatoare, \u00eenc\u0103rc\u0103toare frontale \u0219i \u00eenc\u0103rc\u0103toare excavatoare. Func\u021bia sa principal\u0103 este de a facilita mi\u0219carea controlat\u0103 a cupei, permi\u021b\u00e2nd operatorilor s\u0103 efectueze sarcini precum s\u0103parea, ridicarea \u0219i transportul materialelor. \u00cen\u021belegerea rolului acestei componente este crucial\u0103 pentru func\u021bionarea \u0219i \u00eentre\u021binerea eficient\u0103 a echipamentelor grele.<\/p>\n<h2>Caracteristicile cilindrului bra\u021bului<\/h2>\n<ul>\n<li><strong>Rezisten\u021b\u0103 \u0219i durabilitate ridicate:<\/strong> Fabricat din o\u021bel sau aluminiu de \u00eenalt\u0103 rezisten\u021b\u0103, capabil s\u0103 reziste la presiuni ridicate \u0219i sarcini grele, potrivit pentru medii de lucru dure. Designul ia \u00een considerare rezisten\u021ba la uzur\u0103 \u0219i la coroziune pentru a prelungi durata de via\u021b\u0103.<\/li>\n<li><strong>Func\u021bionare hidraulic\u0103 eficient\u0103:<\/strong> Utilizeaz\u0103 presiunea uleiului hidraulic pentru o extensie \u0219i retragere lin\u0103, oferind un r\u0103spuns rapid la comenzile de control \u0219i o for\u021b\u0103 puternic\u0103 de \u00eempingere-tragere, ideal\u0103 pentru manipularea sarcinilor grele \u0219i a sarcinilor complexe.<\/li>\n<li><strong>Diverse tipuri:<\/strong> Disponibil \u00een variante cu ac\u021biune simpl\u0103 (folosind sistemul hidraulic \u00eentr-o singur\u0103 direc\u021bie) sau cu ac\u021biune dubl\u0103 (folosind sistemul hidraulic \u00een ambele direc\u021bii) pentru a satisface diverse nevoi opera\u021bionale. Unele modele sunt telescopice, permi\u021b\u00e2nd o extensie mai mare f\u0103r\u0103 a cre\u0219te dimensiunile exterioare, potrivite pentru aplica\u021bii cu spa\u021biu limitat.<\/li>\n<li><strong>Fabrica\u021bie personalizat\u0103:<\/strong> Produsele noastre pot \u00eenlocui perfect cilindrii hidraulici existen\u021bi, asigur\u00e2nd o integrare perfect\u0103 \u0219i performan\u021be \u00eembun\u0103t\u0103\u021bite.<\/li>\n<li><strong>Testare complet\u0103:<\/strong> Fiecare cilindru hidraulic este supus unor teste riguroase pentru a asigura fiabilitatea \u0219i performan\u021ba \u00een diferite condi\u021bii.<\/li>\n<\/ul>\n<p><img decoding=\"async\" src=\"https:\/\/www.hydraulic-cylinders.net\/wp-content\/uploads\/2025\/04\/songte-cylinder-head-with-all-kinds-excavator-models.webp\" alt=\"Modele de excavatoare\" \/><\/p>\n<h2>Aplica\u021bii ale cilindrului bra\u021bului<\/h2>\n<h3>Echipamente de construc\u021bii<\/h3>\n<p>\u00cen excavatoare, cilindrul bra\u021bului este crucial pentru s\u0103pare, \u00eenc\u0103rcare \u0219i mutarea p\u0103m\u00e2ntului sau a molozului. Acesta permite un control precis, permi\u021b\u00e2nd operatorilor s\u0103 excaveze cu acurate\u021be \u0219i eficien\u021b\u0103, fiind esen\u021bial pe \u0219antierele de construc\u021bii unde excavarea joac\u0103 un rol cheie.<\/p>\n<h3>Ma\u0219ini agricole<\/h3>\n<p>La \u00eenc\u0103rc\u0103toarele frontale, cilindrii bra\u021bului ajut\u0103 la scoberea, ridicarea \u0219i transportul solului, f\u00e2nului \u0219i altor materiale. Ace\u0219tia sporesc versatilitatea ma\u0219inii, permi\u021b\u00e2ndu-i s\u0103 \u00eendeplineasc\u0103 eficient mai multe sarcini, ceea ce este vital \u00een opera\u021biunile agricole care necesit\u0103 o manipulare eficient\u0103 a materialelor.<\/p>\n<h3>Sarcini de excavare<\/h3>\n<p>Cilindrul cupei permite cupei s\u0103 p\u0103trund\u0103 \u00een sol, facilit\u00e2nd ac\u021biunea de s\u0103pare, crucial\u0103 pentru proiectele de excavare. Aceast\u0103 capacitate permite excavatoarelor s\u0103 func\u021bioneze eficient \u00een diverse condi\u021bii de sol, ceea ce le face nepre\u021buite \u00een construc\u021bii \u0219i amenaj\u0103ri peisagistice.<\/p>\n<h3>Manipularea \u00eenc\u0103rc\u0103turii<\/h3>\n<p>\u00cen cazul \u00eenc\u0103rc\u0103toarelor frontale, cilindrii bra\u021bului contribuie la ridicarea \u0219i desc\u0103rcarea eficient\u0103 a materialelor. Aceast\u0103 func\u021bionalitate este esen\u021bial\u0103 pentru opera\u021biunile care implic\u0103 mutarea de sarcini grele, fie c\u0103 este vorba de construc\u021bii, agricultur\u0103 sau manipularea materialelor.<\/p>\n<h2>Considera\u021bii de proiectare \u0219i criterii de selec\u021bie<\/h2>\n<h3>Capacitate de \u00eenc\u0103rcare<\/h3>\n<p>Capacitatea de \u00eenc\u0103rcare a unui cilindru al bra\u021bului este o considera\u021bie critic\u0103 de proiectare, determin\u00e2nd c\u00e2t\u0103 greutate poate ridica \u0219i manipula \u00een siguran\u021b\u0103. Este esen\u021bial s\u0103 selecta\u021bi un cilindru care s\u0103 \u00eendeplineasc\u0103 sau s\u0103 dep\u0103\u0219easc\u0103 cerin\u021bele opera\u021bionale ale ma\u0219inii. Aceast\u0103 capacitate este influen\u021bat\u0103 de diametrul cilindrului, lungimea cursei \u0219i materialul utilizat \u00een construc\u021bia sa. Trebuie efectuate calcule adecvate pentru a asigura siguran\u021ba \u0219i eficien\u021ba \u00een timpul func\u021bion\u0103rii.<\/p>\n<h3>Integritatea etan\u0219\u0103rii<\/h3>\n<p>Etan\u0219area este vital\u0103 \u00een sistemele hidraulice pentru a preveni scurgerile \u0219i a men\u021bine presiunea. Calitatea etan\u0219\u0103rilor \u0219i instalarea acestora au un impact direct asupra performan\u021bei \u0219i longevit\u0103\u021bii cilindrului bra\u021bului. Etan\u0219\u0103rile de \u00eenalt\u0103 calitate, fabricate din materiale precum poliuretanul sau cauciucul nitrilic, sunt esen\u021biale pentru asigurarea unei etan\u0219\u0103ri eficiente \u00een condi\u021bii de presiune variabile. Inspec\u021biile \u0219i \u00eenlocuirile regulate ale etan\u0219\u0103rilor pot preveni defec\u021biunile premature \u0219i pot \u00eembun\u0103t\u0103\u021bi eficien\u021ba general\u0103 a sistemului hidraulic.<\/p>\n<h3>Durabilitate \u0219i rezisten\u021b\u0103 la uzur\u0103<\/h3>\n<p>Durabilitatea este un factor semnificativ atunci c\u00e2nd alege\u021bi un cilindru pentru bra\u021b, deoarece acesta func\u021bioneaz\u0103 \u00een medii solicitante. Materialele utilizate \u00een fabrica\u021bie trebuie s\u0103 fie rezistente la uzur\u0103 \u0219i coroziune. Aliajele \u0219i acoperirile de \u00eenalt\u0103 rezisten\u021b\u0103 pot spori semnificativ longevitatea cilindrului, reduc\u00e2nd timpii de nefunc\u021bionare \u0219i costurile de \u00eentre\u021binere. \u00centre\u021binerea regulat\u0103 joac\u0103 un rol vital \u00een p\u0103strarea durabilit\u0103\u021bii cilindrului, asigur\u00e2ndu-se c\u0103 acesta poate rezista rigorilor utiliz\u0103rii intense.<\/p>\n<h3>Caracteristici de siguran\u021b\u0103<\/h3>\n<p>Caracteristicile de siguran\u021b\u0103 sunt primordiale \u00een proiectarea cilindrilor hidraulici. Incorporarea supapelor de siguran\u021b\u0103, a sistemelor de eliberare a presiunii \u0219i a mecanismelor avansate de control poate preveni accidentele \u0219i spori siguran\u021ba \u00een func\u021bionare. Asigurarea faptului c\u0103 cilindrul bra\u021bului respect\u0103 standardele de siguran\u021b\u0103 din industrie este crucial\u0103 pentru protejarea operatorilor \u0219i a echipamentelor \u00een timpul func\u021bion\u0103rii.<\/p>\n<h3>Accesibilitate pentru \u00eentre\u021binere<\/h3>\n<p>Proiectarea pentru accesibilitate \u00een timpul \u00eentre\u021binerii permite inspec\u021bii, repara\u021bii \u0219i \u00eenlocuiri mai u\u0219oare ale pieselor. Caracteristici precum capace deta\u0219abile, elemente de fixare standardizate \u0219i puncte de lubrifiere accesibile pot reduce semnificativ timpul \u0219i costurile de \u00eentre\u021binere. Luarea \u00een considerare a u\u0219urin\u021bei \u00eentre\u021binerii \u00een faza de proiectare poate duce la o performan\u021b\u0103 \u0219i o fiabilitate mai bune pe termen lung.<\/p>\n<p><img decoding=\"async\" src=\"https:\/\/www.hydraulic-cylinders.net\/wp-content\/uploads\/2025\/04\/songte-oil-pipes-and-spare-parts.webp\" alt=\"Piese hidraulice\" \/><\/p>\n<h2>Etan\u0219area \u0219i lubrifierea cilindrului<\/h2>\n<p>Etan\u0219area este esen\u021bial\u0103 pentru men\u021binerea eficien\u021bei \u0219i a longevit\u0103\u021bii cilindrilor hidraulici. Diverse etan\u0219\u0103ri, cum ar fi etan\u0219\u0103rile pistonului \u0219i etan\u0219\u0103rile tijei, sunt utilizate pentru a preveni scurgerile de fluid hidraulic. Etan\u0219\u0103rile fabricate din materiale durabile, precum poliuretanul \u0219i cauciucul nitrilic, ofer\u0103 o rezisten\u021b\u0103 excelent\u0103 la uzur\u0103. Corpul cilindrului \u0219i capetele filetate trebuie supuse unor prelucr\u0103ri fine pentru a spori rezisten\u021ba la uzur\u0103 \u0219i a asigura o etan\u0219are str\u00e2ns\u0103, ceea ce este crucial pentru men\u021binerea presiunii \u00een sistem.<\/p>\n<p>Lubrifierea regulat\u0103 este necesar\u0103 pentru a men\u021bine func\u021bionarea f\u0103r\u0103 probleme a componentelor hidraulice. Trebuie ad\u0103ugat\u0103 periodic o cantitate adecvat\u0103 de ulei hidraulic pentru a asigura func\u021bionarea corect\u0103 \u0219i a preveni supra\u00eenc\u0103lzirea. Alegerea fluidului hidraulic potrivit este, de asemenea, important\u0103, deoarece afecteaz\u0103 performan\u021ba general\u0103 \u0219i longevitatea sistemului hidraulic. Tehnicile adecvate de lubrifiere pot preveni uzura excesiv\u0103 \u0219i pot prelungi durata de via\u021b\u0103 a cilindrului bra\u021bului.<\/p>\n<h2>Inspec\u021bie regulat\u0103 \u0219i m\u0103suri de \u00eentre\u021binere preventiv\u0103<\/h2>\n<ul>\n<li><strong>Inspec\u021bii regulate:<\/strong> Efectuarea inspec\u021biilor de rutin\u0103 ajut\u0103 la identificarea poten\u021bialelor probleme \u00eenainte ca acestea s\u0103 duc\u0103 la defec\u021biuni majore. Operatorii ar trebui s\u0103 verifice dac\u0103 exist\u0103 scurgeri, fisuri \u0219i zgomote anormale \u00een timpul func\u021bion\u0103rii echipamentului.<\/li>\n<li><strong>Lubrifiere adecvat\u0103:<\/strong> Asigurarea lubrifierii adecvate a sistemului hidraulic previne frecarea \u0219i uzura excesiv\u0103. Operatorii ar trebui s\u0103 verifice \u00een mod regulat nivelurile de ulei \u0219i s\u0103 \u00eenlocuiasc\u0103 fluidele dup\u0103 cum este necesar.<\/li>\n<li><strong>\u00cenlocuirea garniturii:<\/strong> Garniturile se degradeaz\u0103 \u00een timp \u0219i trebuie \u00eenlocuite periodic pentru a men\u021bine integritatea sistemului. Monitorizarea st\u0103rii garniturilor poate ajuta la prevenirea scurgerilor \u0219i a pierderilor de presiune.<\/li>\n<\/ul>\n<h2>Instruc\u021biuni de instalare<\/h2>\n<p>Instalarea corect\u0103 a cilindrului bra\u021bului este esen\u021bial\u0103 pentru o performan\u021b\u0103 optim\u0103. \u00cencepe\u021bi prin alinierea corect\u0103 a cilindrului cu punctele de montare ale ma\u0219inii pentru a asigura o func\u021bionare lin\u0103. Folosi\u021bi suporturi de montare adecvate pentru a fixa cilindrul \u0219i a preveni nealinierea \u00een timpul func\u021bion\u0103rii.<\/p>\n<p>\u00cenainte de instalare, inspecta\u021bi toate componentele pentru a depista eventuale deterior\u0103ri sau uzur\u0103. Asigura\u021bi-v\u0103 c\u0103 furtunurile \u0219i conexiunile hidraulice sunt curate \u0219i f\u0103r\u0103 reziduuri. Dup\u0103 conectarea furtunurilor, aerisi\u021bi sistemul hidraulic pentru a elimina aerul prins, care poate afecta performan\u021ba.<\/p>\n<p>Dup\u0103 instalare, testa\u021bi cilindrul func\u021bion\u00e2ndu-l sub sarcin\u0103 pentru a v\u0103 asigura c\u0103 func\u021bioneaz\u0103 corect \u0219i f\u0103r\u0103 scurgeri. Se recomand\u0103 o reinspec\u021bie regulat\u0103 dup\u0103 instalare pentru a v\u0103 asigura c\u0103 toate componentele r\u0103m\u00e2n fixate \u0219i func\u021bionale.<\/p>\n<h2>Sarcini comune de \u00eentre\u021binere<\/h2>\n<h3>Inspec\u021bii regulate<\/h3>\n<p>Efectuarea inspec\u021biilor regulate este esen\u021bial\u0103 pentru men\u021binerea integrit\u0103\u021bii cilindrului bra\u021bului. Aceasta include verificarea semnelor vizibile de uzur\u0103, scurgeri sau deteriorare. Identificarea timpurie a acestor probleme poate preveni repara\u021bii costisitoare \u0219i timpii de nefunc\u021bionare. Operatorii ar trebui s\u0103 elaboreze un program de inspec\u021bie de rutin\u0103 pentru a asigura supravegherea consecvent\u0103 a componentelor hidraulice.<\/p>\n<h3>Lubrifiere adecvat\u0103<\/h3>\n<p>Lubrifierea este vital\u0103 pentru buna func\u021bionare a cilindrilor hidraulici. Operatorii trebuie s\u0103 se asigure c\u0103 nivelurile de ulei hidraulic sunt men\u021binute \u0219i c\u0103 se utilizeaz\u0103 tipul corect de ulei. Schimb\u0103rile \u0219i verific\u0103rile regulate ale uleiului pot preveni defec\u021biunile mecanice \u0219i pot men\u021bine eficien\u021ba opera\u021bional\u0103.<\/p>\n<h3>\u00cenlocuirea garniturii \u0219i verific\u0103ri ale calibr\u0103rii<\/h3>\n<p>\u00cenlocuirea regulat\u0103 a garniturilor este crucial\u0103 pentru prevenirea scurgerilor de fluide \u0219i men\u021binerea presiunii \u00een sistem. Operatorii ar trebui s\u0103 monitorizeze garniturile pentru semne de uzur\u0103 \u0219i s\u0103 le \u00eenlocuiasc\u0103 dup\u0103 cum este necesar. De asemenea, trebuie efectuate verific\u0103ri de calibrare a sistemului hidraulic pentru a se asigura c\u0103 toate componentele func\u021bioneaz\u0103 \u00een conformitate cu specifica\u021biile necesare, ceea ce este esen\u021bial pentru siguran\u021b\u0103 \u0219i eficien\u021b\u0103.<\/p>\n<p><img decoding=\"async\" src=\"https:\/\/www.hydraulic-cylinders.net\/wp-content\/uploads\/2025\/04\/songte-chushion-collar.webp\" alt=\"Guler de pern\u0103\" \/><\/p>\n<h2>Considera\u021bii de siguran\u021b\u0103 \u0219i factori de mediu<\/h2>\n<p>Atunci c\u00e2nd se lucreaz\u0103 cu sisteme hidraulice, m\u0103surile de siguran\u021b\u0103 sunt primordiale. Operatorii trebuie s\u0103 fie instrui\u021bi \u00een practicile de manipulare \u00een siguran\u021b\u0103, \u00een special \u00een \u00een\u021belegerea func\u021biilor \u0219i limitelor componentelor hidraulice. Trebuie purtat echipament de siguran\u021b\u0103 adecvat \u0219i trebuie stabilite protocoale de siguran\u021b\u0103 pentru a preveni accidentele. De asemenea, trebuie lua\u021bi \u00een considerare factorii de mediu, cum ar fi eliminarea fluidelor hidraulice \u0219i impactul scurgerilor asupra zonelor \u00eenconjur\u0103toare.<\/p>\n<h2>Depanare \u0219i probleme frecvente<\/h2>\n<ul>\n<li><strong>Scurgere:<\/strong> Scurgerile de fluid pot indica o defec\u021biune a garniturii sau o deteriorare a cilindrului. Inspecta\u021bi garniturile \u0219i \u00eenlocui\u021bi-le dac\u0103 este necesar.<\/li>\n<li><strong>Pierdere de presiune:<\/strong> O sc\u0103dere a presiunii hidraulice poate rezulta din scurgeri sau niveluri insuficiente de lichid. Verifica\u021bi periodic nivelurile de lichid \u0219i inspecta\u021bi sistemul pentru scurgeri.<\/li>\n<li><strong>Zgomot neobi\u0219nuit:<\/strong> Zgomotele din timpul func\u021bion\u0103rii pot sugera defec\u021biuni mecanice sau lips\u0103 de lubrifiere. Verifica\u021bi cilindrul pentru uzur\u0103 \u0219i asigura\u021bi-v\u0103 c\u0103 este asigurat\u0103 o lubrifiere adecvat\u0103.<\/li>\n<\/ul>\n<h2>Sfaturi pentru rezolvarea eficient\u0103 a defec\u021biunilor<\/h2>\n<p>Pentru a aborda eficient problemele, operatorii ar trebui s\u0103 urmeze o abordare sistematic\u0103 a depan\u0103rii. \u00cencepe\u021bi prin documentarea simptomelor \u0219i a modific\u0103rilor de performan\u021b\u0103. Aceste informa\u021bii pot ajuta la diagnosticarea mai eficient\u0103 a problemelor. \u00centre\u021binerea regulat\u0103 \u0219i repara\u021biile la timp pot preveni escaladarea problemelor minore \u00een defec\u021biuni majore.<\/p>\n<p>Implementarea unor m\u0103suri preventive, cum ar fi inspec\u021biile regulate \u0219i programele de \u00eentre\u021binere, poate reduce semnificativ probabilitatea apari\u021biei problemelor. Instruirea operatorilor cu privire la utilizarea corect\u0103 \u0219i practicile de \u00eentre\u021binere este, de asemenea, esen\u021bial\u0103 pentru minimizarea poten\u021bialelor probleme.<\/p>\n<p><img decoding=\"async\" src=\"https:\/\/www.hydraulic-cylinders.net\/wp-content\/uploads\/2025\/04\/songte-bushings-with-all-kinds-of-excavator-models.webp\" alt=\"Buc\u0219e\" \/><\/p>\n<h2>Despre compania noastr\u0103<\/h2>\n<p>Suntem un produc\u0103tor important de cilindri hidraulici de schimb, cu o gam\u0103 complet\u0103 de produse care deservesc pie\u021bele interne \u0219i interna\u021bionale. Angajamentul nostru fa\u021b\u0103 de excelen\u021ba \u00een calitate este sus\u021binut de procese de fabrica\u021bie rafinate \u0219i de o strategie robust\u0103 de management al produc\u021biei. \u00cembun\u0103t\u0103\u021bim continuu platforma noastr\u0103 de fabrica\u021bie prin utilizarea de personal calificat, echipamente digitale de fabrica\u021bie \u0219i sisteme de testare specializate.<\/p>\n<p>Capacit\u0103\u021bile noastre avansate ne permit s\u0103 satisfacem diversele nevoi ale clien\u021bilor cu eficien\u021b\u0103, precizie \u0219i calitate \u00eenalt\u0103. Oferim servicii profesionale, certific\u0103ri interna\u021bionale \u0219i solu\u021bii personalizate care se aliniaz\u0103 perfect cerin\u021belor clien\u021bilor. Serviciul nostru post-v\u00e2nzare garanteaz\u0103 c\u0103 clien\u021bii primesc suport \u0219i asisten\u021b\u0103 continu\u0103, consolid\u00e2nd angajamentul nostru fa\u021b\u0103 de calitate \u0219i fiabilitate.<\/p>\n<p><img decoding=\"async\" src=\"https:\/\/www.hydraulic-cylinders.net\/wp-content\/uploads\/2025\/04\/songte-company-4.webp\" alt=\"Prezentare general\u0103 a companiei\" \/><br \/>\n<img decoding=\"async\" src=\"https:\/\/www.hydraulic-cylinders.net\/wp-content\/uploads\/2025\/04\/songte-company-3.webp\" alt=\"Unitate de produc\u021bie\" \/><\/p>\n<p>Autor: lyl<\/p>","protected":false},"excerpt":{"rendered":"<p>Boom Cylinder For XGMA Middle Excavator XG822 Overview of Boom Cylinder The Boom Cylinder is an essential hydraulic component designed specifically for the XGMA Middle Excavator XG822. This hydraulic cylinder is pivotal for controlling the movement of the excavator&#8217;s boom, enabling it to perform a variety of tasks such as lifting, lowering, and tilting. The [&hellip;]<\/p>","protected":false},"featured_media":17880,"comment_status":"open","ping_status":"closed","template":"","meta":{"_et_pb_use_builder":"","_et_pb_old_content":"","_et_gb_content_width":""},"product_brand":[],"product_cat":[1546],"product_tag":[1547,1496],"class_list":{"0":"post-19315","1":"product","2":"type-product","3":"status-publish","4":"has-post-thumbnail","6":"product_cat-boom-cylinders","7":"product_tag-boom-cylinders","8":"product_tag-hydraulic-cylinders","10":"first","11":"instock","12":"shipping-taxable","13":"product-type-simple"},"amp_enabled":true,"_links":{"self":[{"href":"https:\/\/www.hydraulic-cylinders.net\/ro\/wp-json\/wp\/v2\/product\/19315","targetHints":{"allow":["GET"]}}],"collection":[{"href":"https:\/\/www.hydraulic-cylinders.net\/ro\/wp-json\/wp\/v2\/product"}],"about":[{"href":"https:\/\/www.hydraulic-cylinders.net\/ro\/wp-json\/wp\/v2\/types\/product"}],"replies":[{"embeddable":true,"href":"https:\/\/www.hydraulic-cylinders.net\/ro\/wp-json\/wp\/v2\/comments?post=19315"}],"wp:featuredmedia":[{"embeddable":true,"href":"https:\/\/www.hydraulic-cylinders.net\/ro\/wp-json\/wp\/v2\/media\/17880"}],"wp:attachment":[{"href":"https:\/\/www.hydraulic-cylinders.net\/ro\/wp-json\/wp\/v2\/media?parent=19315"}],"wp:term":[{"taxonomy":"product_brand","embeddable":true,"href":"https:\/\/www.hydraulic-cylinders.net\/ro\/wp-json\/wp\/v2\/product_brand?post=19315"},{"taxonomy":"product_cat","embeddable":true,"href":"https:\/\/www.hydraulic-cylinders.net\/ro\/wp-json\/wp\/v2\/product_cat?post=19315"},{"taxonomy":"product_tag","embeddable":true,"href":"https:\/\/www.hydraulic-cylinders.net\/ro\/wp-json\/wp\/v2\/product_tag?post=19315"}],"curies":[{"name":"wp","href":"https:\/\/api.w.org\/{rel}","templated":true}]}}