{"id":19316,"date":"2025-04-07T06:26:38","date_gmt":"2025-04-07T06:26:38","guid":{"rendered":"https:\/\/www.hydraulic-cylinders.net\/product\/boom-cylinder-for-xgma-middle-excavator-xg822lc\/"},"modified":"2025-04-07T06:26:41","modified_gmt":"2025-04-07T06:26:41","slug":"boom-cylinder-for-xgma-middle-excavator-xg822lc","status":"publish","type":"product","link":"https:\/\/www.hydraulic-cylinders.net\/ro\/produs\/boom-cylinder-for-xgma-middle-excavator-xg822lc\/","title":{"rendered":"Cilindru bra\u021b pentru excavatorul mijlociu XGMA XG822LC"},"content":{"rendered":"<h1>Cilindru bra\u021b pentru excavatorul mijlociu XGMA XG822LC<\/h1>\n<h2>Prezentare general\u0103 a produsului<\/h2>\n<p>Cel\/Cea\/Cei\/Cele <strong>Cilindru bra\u021b pentru excavatorul mijlociu XGMA XG822LC<\/strong> este o component\u0103 esen\u021bial\u0103 \u00een sistemele hidraulice utilizate \u00een utilajele grele. Acest cilindru hidraulic controleaz\u0103 \u00een mod specific mi\u0219carea bra\u021bului excavatoarelor, buldoexcavatoarelor \u0219i \u00eenc\u0103rc\u0103toarelor frontale. Permi\u021b\u00e2nd ridicarea, cobor\u00e2rea \u0219i \u00eenclinarea bra\u021bului, faciliteaz\u0103 sarcinile eficiente de manipulare a materialelor.<\/p>\n<p><img decoding=\"async\" src=\"https:\/\/www.hydraulic-cylinders.net\/wp-content\/uploads\/2025\/04\/songte-company-1.webp\" alt=\"Prezentare general\u0103 a cilindrului hidraulic\" \/><\/p>\n<h3>Definirea cilindrului cupei<\/h3>\n<p>Un cilindru hidraulic pentru cup\u0103 este un tip de cilindru hidraulic conceput pentru controlul mi\u0219c\u0103rii cupei \u00een echipamentele grele. Acesta joac\u0103 un rol crucial \u00een performan\u021ba excavatoarelor, permi\u021b\u00e2nd s\u0103parea, ridicarea \u0219i transportul precis al materialelor. Presiunea hidraulic\u0103 generat\u0103 \u00een interiorul cilindrului permite o func\u021bionare lin\u0103 \u0219i eficient\u0103, ceea ce \u00eel face o component\u0103 vital\u0103 \u00een diverse aplica\u021bii de construc\u021bii \u0219i agricultur\u0103.<\/p>\n<h2>Caracteristici ale produsului<\/h2>\n<ul>\n<li><strong>Rezisten\u021b\u0103 \u0219i durabilitate ridicate:<\/strong> Fabrica\u021bi din o\u021bel sau aluminiu de \u00eenalt\u0103 rezisten\u021b\u0103, ace\u0219ti cilindri pot rezista la presiuni ridicate \u0219i sarcini grele, fiind potrivi\u021bi pentru condi\u021bii de lucru dure.<\/li>\n<li><strong>Func\u021bionare hidraulic\u0103 eficient\u0103:<\/strong> Utiliz\u00e2nd presiunea uleiului hidraulic, acestea asigur\u0103 o extensie \u0219i o retragere lin\u0103, permi\u021b\u00e2nd r\u0103spunsuri rapide la comenzile de control.<\/li>\n<li><strong>Diverse tipuri:<\/strong> Disponibile \u00een variante cu ac\u021biune simpl\u0103 sau dubl\u0103 pentru a satisface diverse nevoi opera\u021bionale; unele modele sunt telescopice, permi\u021b\u00e2nd o extensie mai mare f\u0103r\u0103 a cre\u0219te dimensiunile exterioare.<\/li>\n<li><strong>Rezisten\u021b\u0103 la coroziune:<\/strong> Proiectate cu materiale rezistente la uzur\u0103 \u0219i coroziune, aceste cilindri au o durat\u0103 de via\u021b\u0103 mai lung\u0103 \u0219i necesit\u0103\u021bi de \u00eentre\u021binere reduse.<\/li>\n<li><strong>Aplica\u021bii versatile:<\/strong> Potrivit pentru o gam\u0103 larg\u0103 de utilaje grele, oferind for\u021ba necesar\u0103 pentru diverse sarcini.<\/li>\n<\/ul>\n<h3>Capacitate de produc\u021bie<\/h3>\n<p>Ne specializ\u0103m \u00een producerea de cilindri hidraulici de \u00eenalt\u0103 calitate pentru bra\u021b, care pot \u00eenlocui perfect cilindrii hidraulici existen\u021bi din diverse utilaje.<\/p>\n<p><img decoding=\"async\" src=\"https:\/\/www.hydraulic-cylinders.net\/wp-content\/uploads\/2025\/04\/songte-cylinder-head-with-all-kinds-excavator-models.webp\" alt=\"Capacit\u0103\u021bi de produc\u021bie\" \/><\/p>\n<h2>Scenarii de aplica\u021bii<\/h2>\n<h3>Echipamente de construc\u021bii<\/h3>\n<p>\u00cen excavatoare, cilindrii bra\u021bului sunt vitali pentru s\u0103pare, \u00eenc\u0103rcare \u0219i mutarea solului sau a resturilor. Ace\u0219tia faciliteaz\u0103 diverse ac\u021biuni, asigur\u00e2nd o func\u021bionare eficient\u0103 pe \u0219antierele de construc\u021bii. \u00cen plus, \u00een cazul \u00eenc\u0103rc\u0103toarelor excavatoare, cilindrul cupei ajut\u0103 at\u00e2t la sarcinile de s\u0103pare, c\u00e2t \u0219i la cele de ridicare, sporind productivitatea general\u0103.<\/p>\n<h3>Ma\u0219ini agricole<\/h3>\n<p>\u00cen \u00eenc\u0103rc\u0103toarele frontale, cilindrii bra\u021bului sunt utiliza\u021bi pentru scoaterea, ridicarea \u0219i transportul solului, f\u00e2nului \u0219i altor materiale, ceea ce \u00eei face indispensabili \u00een opera\u021biunile agricole. Performan\u021ba lor fiabil\u0103 asigur\u0103 finalizarea eficient\u0103 a sarcinilor agricole.<\/p>\n<h3>Excavatoare<\/h3>\n<p>Cilindrii cupei permit excavatoarelor s\u0103 p\u0103trund\u0103 eficient \u00een teren \u00een timpul opera\u021biunilor de excavare. Aceast\u0103 precizie este crucial\u0103 pentru atingerea ad\u00e2ncimilor \u0219i l\u0103\u021bimilor de excavare dorite, contribuind la acurate\u021bea proiectului.<\/p>\n<h3>\u00cenc\u0103rc\u0103toare<\/h3>\n<p>\u00cen cazul \u00eenc\u0103rc\u0103toarelor frontale, ace\u0219ti cilindri ajut\u0103 la ridicarea \u0219i desc\u0103rcarea eficient\u0103 a \u00eenc\u0103rc\u0103turilor. Rezisten\u021ba lor permite operatorilor s\u0103 gestioneze materiale grele, sporind productivitatea \u00een diverse aplica\u021bii de \u00eenc\u0103rcare.<\/p>\n<h2>Considera\u021bii de proiectare \u0219i criterii de selec\u021bie<\/h2>\n<h3>Capacitate de \u00eenc\u0103rcare<\/h3>\n<p>Atunci c\u00e2nd se selecteaz\u0103 un cilindru pentru bra\u021b, \u00een\u021belegerea capacit\u0103\u021bii sale de \u00eenc\u0103rcare este crucial\u0103. Acesta trebuie s\u0103 fie proiectat pentru a suporta sarcinile maxime a\u0219teptate \u00een timpul opera\u021biunilor. Acest lucru asigur\u0103 siguran\u021ba \u0219i eficien\u021ba opera\u021bional\u0103, prevenind defec\u021biunile premature.<\/p>\n<h3>Performan\u021ba de etan\u0219are<\/h3>\n<p>Etan\u0219area este imperativ\u0103 pentru cilindrii hidraulici. Etan\u0219\u0103rile de \u00eenalt\u0103 calitate previn scurgerile de fluid \u0219i men\u021bin presiunea \u00een sistem. Materialele de etan\u0219are adecvate, cum ar fi poliuretanul \u0219i cauciucul nitrilic, sporesc longevitatea \u0219i fiabilitatea.<\/p>\n<h3>Durabilitate<\/h3>\n<p>Durabilitatea este un factor cheie \u00een proiectarea cilindrilor bra\u021bului. Ace\u0219tia trebuie s\u0103 reziste condi\u021biilor extreme, inclusiv fluctua\u021biilor de temperatur\u0103, expunerii la contaminan\u021bi \u0219i solicit\u0103rilor mecanice. Materialele \u0219i tehnicile de construc\u021bie utilizate influen\u021beaz\u0103 foarte mult durata de via\u021b\u0103 a cilindrilor.<\/p>\n<h3>Caracteristici de siguran\u021b\u0103<\/h3>\n<p>Incorporarea caracteristicilor de siguran\u021b\u0103 \u00een proiectare, cum ar fi protec\u021bia la suprasarcin\u0103 \u0219i mecanismele de siguran\u021b\u0103, este esen\u021bial\u0103. Aceste caracteristici ajut\u0103 la prevenirea accidentelor \u0219i a defec\u021biunilor echipamentelor, protej\u00e2nd at\u00e2t operatorul, c\u00e2t \u0219i utilajele.<\/p>\n<h3>Considera\u021bii privind \u00eentre\u021binerea<\/h3>\n<p>Alegerea unui design care permite o \u00eentre\u021binere u\u0219oar\u0103 este crucial\u0103. Caracteristici precum punctele de lubrifiere accesibile \u0219i garniturile u\u0219or de \u00eenlocuit pot reduce timpii de nefunc\u021bionare \u0219i pot prelungi durata de via\u021b\u0103 a cilindrului.<\/p>\n<p><img decoding=\"async\" src=\"https:\/\/www.hydraulic-cylinders.net\/wp-content\/uploads\/2025\/04\/songte-oil-pipes-and-spare-parts.webp\" alt=\"Considera\u021bii privind \u00eentre\u021binerea\" \/><\/p>\n<h2>Etan\u0219are \u0219i lubrifiere<\/h2>\n<p>Etan\u0219area \u0219i lubrifierea eficiente sunt vitale pentru performan\u021ba cilindrilor hidraulici. Diverse etan\u0219\u0103ri, inclusiv etan\u0219\u0103ri pentru piston \u0219i etan\u0219\u0103ri pentru tij\u0103, sunt utilizate pentru a men\u021bine presiunea \u0219i a preveni scurgerile. Etan\u0219\u0103rile fabricate din materiale durabile, precum poliuretanul \u0219i cauciucul nitrilic, sporesc rezisten\u021ba la uzur\u0103 \u0219i prelungesc durata de via\u021b\u0103 a cilindrului.<\/p>\n<p>\u00cen plus, corpul cilindrului \u0219i suprafe\u021bele filetate sunt supuse unor prelucr\u0103ri precise pentru a \u00eembun\u0103t\u0103\u021bi rezisten\u021ba la uzur\u0103. Lubrifierea regulat\u0103 cu ulei hidraulic este necesar\u0103 pentru a asigura o func\u021bionare lin\u0103 \u0219i a reduce frecarea, care poate duce la uzur\u0103 prematur\u0103.<\/p>\n<h2>Inspec\u021bie regulat\u0103 \u0219i \u00eentre\u021binere preventiv\u0103<\/h2>\n<ul>\n<li><strong>Inspec\u021bii vizuale:<\/strong> Verifica\u021bi periodic dac\u0103 exist\u0103 semne de uzur\u0103, scurgeri sau deteriorare a cilindrului hidraulic. Depistarea timpurie a problemelor poate preveni defec\u021biuni majore.<\/li>\n<li><strong>Verific\u0103ri ale lubrifierii:<\/strong> Asigura\u021bi-v\u0103 c\u0103 este aplicat\u0103 o lubrifiere adecvat\u0103, conform recomand\u0103rilor produc\u0103torului, pentru a men\u021bine o func\u021bionare f\u0103r\u0103 probleme.<\/li>\n<li><strong>\u00cenlocuirea garniturii:<\/strong> Monitoriza\u021bi uzura garniturilor \u0219i \u00eenlocui\u021bi-le dup\u0103 cum este necesar. Acest lucru ajut\u0103 la men\u021binerea integrit\u0103\u021bii sistemului hidraulic.<\/li>\n<\/ul>\n<h2>Instruc\u021biuni de instalare<\/h2>\n<p>Instalarea corect\u0103 a cilindrului bra\u021bului este crucial\u0103 pentru o performan\u021b\u0103 optim\u0103. \u00cencepe\u021bi prin a v\u0103 asigura c\u0103 toate componentele sunt curate \u0219i f\u0103r\u0103 resturi. Alinia\u021bi cilindrul cu precizie cu punctele de montare, utiliz\u00e2nd consolele de montare corespunz\u0103toare pentru a-l fixa \u00een pozi\u021bie. Str\u00e2nge\u021bi elementele de fixare la set\u0103rile de cuplu specificate pentru a preveni sl\u0103birea \u00een timpul func\u021bion\u0103rii.<\/p>\n<p>Verifica\u021bi alinierea corect\u0103 pentru a v\u0103 asigura c\u0103 cilindrul func\u021bioneaz\u0103 f\u0103r\u0103 probleme, f\u0103r\u0103 solicit\u0103ri inutile. Dup\u0103 instalare, efectua\u021bi o inspec\u021bie am\u0103nun\u021bit\u0103 pentru a confirma c\u0103 nu exist\u0103 scurgeri \u0219i c\u0103 toate conexiunile sunt sigure. Testarea func\u021bion\u0103rii la presiune sc\u0103zut\u0103 poate ajuta la identificarea oric\u0103ror probleme poten\u021biale de instalare \u00eenainte de punerea \u00een func\u021biune complet\u0103.<\/p>\n<h2>Sarcini de \u00eentre\u021binere<\/h2>\n<ul>\n<li><strong>Inspec\u021bii regulate:<\/strong> Efectuarea inspec\u021biilor vizuale de rutin\u0103 poate ajuta la identificarea semnelor timpurii de uzur\u0103 sau deteriorare, permi\u021b\u00e2nd interven\u021bii la timp.<\/li>\n<li><strong>Lubrifiere adecvat\u0103:<\/strong> Respectarea programului de lubrifiere recomandat este esen\u021bial\u0103 pentru a men\u021bine o func\u021bionare lin\u0103 a cilindrului \u0219i a preveni uzura.<\/li>\n<li><strong>\u00cenlocuirea garniturii:<\/strong> \u00cenlocui\u021bi periodic garniturile care prezint\u0103 semne de uzur\u0103 pentru a preveni scurgerile \u0219i a men\u021bine presiunea hidraulic\u0103.<\/li>\n<\/ul>\n<h2>Considera\u021bii de siguran\u021b\u0103 \u0219i factori de mediu<\/h2>\n<p>M\u0103surile de siguran\u021b\u0103 sunt esen\u021biale atunci c\u00e2nd se lucreaz\u0103 cu cilindri hidraulici. Instruirea adecvat\u0103 a operatorilor cu privire la manipularea \u00een siguran\u021b\u0103 \u0219i procedurile opera\u021bionale minimizeaz\u0103 riscurile asociate echipamentelor hidraulice. \u00cen plus, respectarea instruc\u021biunilor de mediu \u00een timpul func\u021bion\u0103rii \u0219i \u00eentre\u021binerii cilindrilor hidraulici asigur\u0103 respectarea reglement\u0103rilor, protej\u00e2nd at\u00e2t lucr\u0103torii, c\u00e2t \u0219i mediul \u00eenconjur\u0103tor.<\/p>\n<h2>Depanare \u0219i probleme frecvente<\/h2>\n<ul>\n<li><strong>Scurgere:<\/strong> Scurgerile de fluid hidraulic pot ap\u0103rea din cauza garniturilor uzate sau a instal\u0103rii necorespunz\u0103toare. Acest lucru poate fi diagnosticat prin inspec\u021bii vizuale regulate \u0219i remediat prin \u00eenlocuirea garniturilor sau realinierea componentelor.<\/li>\n<li><strong>Func\u021bionare inconsistent\u0103:<\/strong> Acest lucru poate indica probleme cu presiunea hidraulic\u0103 sau blocaje. Verificarea nivelului de lichid \u0219i a filtrelor poate ajuta la remedierea problemei.<\/li>\n<li><strong>Supra\u00eenc\u0103lzire:<\/strong> Supra\u00eenc\u0103lzirea poate rezulta din lubrifierea inadecvat\u0103 sau supra\u00eenc\u0103rcarea cilindrului. Evaluarea nivelurilor de lubrifiere \u0219i asigurarea func\u021bion\u0103rii cilindrului \u00een limita capacit\u0103\u021bii sale de \u00eenc\u0103rcare pot preveni supra\u00eenc\u0103lzirea.<\/li>\n<\/ul>\n<p>M\u0103surile preventive, cum ar fi verific\u0103rile de \u00eentre\u021binere de rutin\u0103 \u0219i instruirea adecvat\u0103 a operatorilor, sunt esen\u021biale pentru a minimiza poten\u021bialele probleme.<\/p>\n<p><img decoding=\"async\" src=\"https:\/\/www.hydraulic-cylinders.net\/wp-content\/uploads\/2025\/04\/songte-bushings-with-all-kinds-of-excavator-models.webp\" alt=\"Depanare\" \/><\/p>\n<h2>Prezentare general\u0103 a companiei<\/h2>\n<p>Suntem un produc\u0103tor important de cilindri hidraulici de schimb, oferind o gam\u0103 complet\u0103 de produse. Angajamentul nostru fa\u021b\u0103 de excelen\u021b\u0103 este sus\u021binut de practici avansate de fabrica\u021bie \u0219i procese stricte de control al calit\u0103\u021bii.<\/p>\n<p>Cu accent pe ingineria de precizie \u0219i materialele de \u00eenalt\u0103 calitate, produsele noastre \u00eendeplinesc standardele \u0219i certific\u0103rile interna\u021bionale. Oferim solu\u021bii personalizate, adaptate nevoilor individuale ale clien\u021bilor, asigur\u00e2nd satisfac\u021bie maxim\u0103.<\/p>\n<p>Facilit\u0103\u021bile noastre de produc\u021bie de ultim\u0103 genera\u021bie sunt dotate cu tehnologie avansat\u0103 \u0219i personal calificat dedicat men\u021binerii celor mai \u00eenalte standarde de produc\u021bie. Ne m\u00e2ndrim cu asisten\u021ba \u0219i serviciile noastre excep\u021bionale post-v\u00e2nzare, asigur\u00e2ndu-ne c\u0103 clien\u021bii no\u0219tri primesc asisten\u021b\u0103 continu\u0103 pentru nevoile lor legate de cilindrii hidraulici.<\/p>\n<p><img decoding=\"async\" src=\"https:\/\/www.hydraulic-cylinders.net\/wp-content\/uploads\/2025\/04\/songte-company-4.webp\" alt=\"Prezentare general\u0103 a companiei\" \/><br \/>\n<img decoding=\"async\" src=\"https:\/\/www.hydraulic-cylinders.net\/wp-content\/uploads\/2025\/04\/songte-company-3.webp\" alt=\"Prezentare general\u0103 a companiei\" \/><\/p>\n<p>Autor: lyl<\/p>","protected":false},"excerpt":{"rendered":"<p>Boom Cylinder For XGMA Middle Excavator XG822LC Product Overview The Boom Cylinder For XGMA Middle Excavator XG822LC is an essential component in hydraulic systems used in heavy machinery. This hydraulic cylinder specifically controls the movement of the boom in excavators, backhoe loaders, and front loaders. By enabling the boom to lift, lower, and tilt, it [&hellip;]<\/p>","protected":false},"featured_media":17881,"comment_status":"open","ping_status":"closed","template":"","meta":{"_et_pb_use_builder":"","_et_pb_old_content":"","_et_gb_content_width":""},"product_brand":[],"product_cat":[1546],"product_tag":[1547,1496],"class_list":{"0":"post-19316","1":"product","2":"type-product","3":"status-publish","4":"has-post-thumbnail","6":"product_cat-boom-cylinders","7":"product_tag-boom-cylinders","8":"product_tag-hydraulic-cylinders","10":"first","11":"instock","12":"shipping-taxable","13":"product-type-simple"},"amp_enabled":true,"_links":{"self":[{"href":"https:\/\/www.hydraulic-cylinders.net\/ro\/wp-json\/wp\/v2\/product\/19316","targetHints":{"allow":["GET"]}}],"collection":[{"href":"https:\/\/www.hydraulic-cylinders.net\/ro\/wp-json\/wp\/v2\/product"}],"about":[{"href":"https:\/\/www.hydraulic-cylinders.net\/ro\/wp-json\/wp\/v2\/types\/product"}],"replies":[{"embeddable":true,"href":"https:\/\/www.hydraulic-cylinders.net\/ro\/wp-json\/wp\/v2\/comments?post=19316"}],"wp:featuredmedia":[{"embeddable":true,"href":"https:\/\/www.hydraulic-cylinders.net\/ro\/wp-json\/wp\/v2\/media\/17881"}],"wp:attachment":[{"href":"https:\/\/www.hydraulic-cylinders.net\/ro\/wp-json\/wp\/v2\/media?parent=19316"}],"wp:term":[{"taxonomy":"product_brand","embeddable":true,"href":"https:\/\/www.hydraulic-cylinders.net\/ro\/wp-json\/wp\/v2\/product_brand?post=19316"},{"taxonomy":"product_cat","embeddable":true,"href":"https:\/\/www.hydraulic-cylinders.net\/ro\/wp-json\/wp\/v2\/product_cat?post=19316"},{"taxonomy":"product_tag","embeddable":true,"href":"https:\/\/www.hydraulic-cylinders.net\/ro\/wp-json\/wp\/v2\/product_tag?post=19316"}],"curies":[{"name":"wp","href":"https:\/\/api.w.org\/{rel}","templated":true}]}}