{"id":19317,"date":"2025-04-07T06:26:41","date_gmt":"2025-04-07T06:26:41","guid":{"rendered":"https:\/\/www.hydraulic-cylinders.net\/product\/boom-cylinder-for-xgma-middle-excavator-xg822fl\/"},"modified":"2025-04-07T06:26:43","modified_gmt":"2025-04-07T06:26:43","slug":"boom-cylinder-for-xgma-middle-excavator-xg822fl","status":"publish","type":"product","link":"https:\/\/www.hydraulic-cylinders.net\/ro\/produs\/boom-cylinder-for-xgma-middle-excavator-xg822fl\/","title":{"rendered":"Cilindru bra\u021b pentru excavatorul mijlociu XGMA XG822FL"},"content":{"rendered":"<h1>Cilindru bra\u021b pentru excavatorul mijlociu XGMA XG822FL<\/h1>\n<h2>Introducere \u00een cilindrul bra\u021bului<\/h2>\n<p>Cilindrul bra\u021bului este o component\u0103 critic\u0103 a utilajelor grele, conceput special pentru excavatorul XGMA de tip mijlociu XG822FL. Acest cilindru hidraulic controleaz\u0103 mi\u0219carea bra\u021bului, permi\u021b\u00e2nd operatorului s\u0103 efectueze diverse sarcini, cum ar fi ridicarea, cobor\u00e2rea \u0219i \u00eenclinarea eficient\u0103 a bra\u021bului. Func\u021bionalitatea unui cilindru al bra\u021bului este esen\u021bial\u0103 pentru opera\u021biuni eficiente \u00een proiectele de construc\u021bii \u0219i excava\u021bii. Acesta func\u021bioneaz\u0103 \u00een cadrul unui sistem hidraulic, care utilizeaz\u0103 fluid sub presiune pentru a crea mi\u0219care \u0219i for\u021b\u0103. Acest lucru permite utilajelor grele s\u0103 efectueze sarcini care altfel ar necesita un efort manual semnificativ, sporind astfel productivitatea \u0219i siguran\u021ba pe \u0219antiere.<\/p>\n<p><img decoding=\"async\" src=\"https:\/\/www.hydraulic-cylinders.net\/wp-content\/uploads\/2025\/04\/songte-company-1.webp\" alt=\"Imaginea cilindrului bra\u021bului\"><\/p>\n<h2>Caracteristicile cilindrului bra\u021bului<\/h2>\n<ul>\n<li><strong>Rezisten\u021b\u0103 \u0219i durabilitate ridicate:<\/strong> Construit din o\u021bel sau aluminiu de \u00eenalt\u0103 rezisten\u021b\u0103, cilindrul bra\u021bului este conceput s\u0103 reziste la presiuni ridicate \u0219i sarcini grele, fiind potrivit pentru medii de lucru dificile. Este proiectat pentru rezisten\u021b\u0103 la uzur\u0103 \u0219i protec\u021bie \u00eempotriva coroziunii, rezult\u00e2nd o durat\u0103 de via\u021b\u0103 extins\u0103.<\/li>\n<li><strong>Func\u021bionare hidraulic\u0103 eficient\u0103:<\/strong> Cilindrul utilizeaz\u0103 presiunea fluidului hidraulic pentru o extensie \u0219i retragere lin\u0103, permi\u021b\u00e2nd un r\u0103spuns rapid la comenzile operatorului, oferind \u00een acela\u0219i timp for\u021be semnificative de \u00eempingere \u0219i tragere, potrivite pentru manipularea materialelor grele \u0219i a sarcinilor complexe.<\/li>\n<li><strong>Varietate de tipuri:<\/strong> Op\u021biunile includ cilindri cu ac\u021biune simpl\u0103 (care func\u021bioneaz\u0103 \u00eentr-o singur\u0103 direc\u021bie) \u0219i cilindri cu ac\u021biune dubl\u0103 (care func\u021bioneaz\u0103 \u00een ambele direc\u021bii) pentru a satisface diverse nevoi opera\u021bionale. Unele modele sunt telescopice, permi\u021b\u00e2nd o extensie mai mare f\u0103r\u0103 a cre\u0219te dimensiunile exterioare, ceea ce este ideal pentru aplica\u021bii cu spa\u021biu limitat.<\/li>\n<li><strong>Aplica\u021bii versatile:<\/strong> Cilindrul bra\u021bului poate fi utilizat \u00een diverse utilaje, sporindu-i utilitatea \u00een diferite sectoare.<\/li>\n<li><strong>Fabrica\u021bie personalizat\u0103:<\/strong> Produsele noastre pot \u00eenlocui perfect cilindrii hidraulici existen\u021bi cu performan\u021be echivalente sau superioare, asigur\u00e2nd compatibilitate \u0219i fiabilitate.<\/li>\n<\/ul>\n<p><img decoding=\"async\" src=\"https:\/\/www.hydraulic-cylinders.net\/wp-content\/uploads\/2025\/04\/songte-cylinder-head-with-all-kinds-excavator-models.webp\" alt=\"Cilindru hidraulic pentru excavatoare\"><\/p>\n<h2>Aplica\u021bii ale cilindrului bra\u021bului<\/h2>\n<h3>Echipamente de construc\u021bii<\/h3>\n<p>\u00cen cadrul excavatoarelor, cilindrii bra\u021bului sunt vitali pentru s\u0103pare, \u00eenc\u0103rcare \u0219i mutarea p\u0103m\u00e2ntului sau a resturilor. Designul lor faciliteaz\u0103 aplicarea precis\u0103 a for\u021bei, permi\u021b\u00e2nd operatorilor s\u0103 gestioneze eficient volume mari de materiale. \u00cen cazul \u00eenc\u0103rc\u0103toarelor excavatoare, cilindrul bra\u021bului ajut\u0103 nu numai la excavare, ci \u0219i la opera\u021biunile de ridicare, sporind productivitatea pe \u0219antierele de construc\u021bii.<\/p>\n<h3>Ma\u0219ini agricole<\/h3>\n<p>\u00cen cazul \u00eenc\u0103rc\u0103toarelor frontale, cilindrii bra\u021bului sunt esen\u021biali pentru scobere, ridicare \u0219i transportul solului, f\u00e2nului \u0219i altor materiale. Puterea hidraulic\u0103 furnizat\u0103 de ace\u0219ti cilindri permite o func\u021bionare f\u0103r\u0103 probleme, ceea ce \u00eei face indispensabili \u00een fluxurile de lucru agricole unde timpul \u0219i eficien\u021ba sunt primordiale.<\/p>\n<h3>Excavatoare<\/h3>\n<p>La excavatoare, cilindrul bra\u021bului permite cupei s\u0103 p\u0103trund\u0103 eficient \u00een sol, facilit\u00e2nd procesul de s\u0103pare. Mecanismul hidraulic permite un control precis asupra ad\u00e2ncimii \u0219i unghiului de excavare, esen\u021bial pentru diverse condi\u021bii de \u0219antier \u0219i cerin\u021be ale proiectului.<\/p>\n<h3>\u00cenc\u0103rc\u0103toare<\/h3>\n<p>\u00cenc\u0103rc\u0103toarele frontale utilizeaz\u0103 cilindri ai bra\u021bului pentru a ajuta la ridicarea \u0219i desc\u0103rcarea eficient\u0103 a \u00eenc\u0103rc\u0103turilor. Designul cilindrului bra\u021bului asigur\u0103 manipularea precis\u0103 a materialelor grele, \u00eembun\u0103t\u0103\u021bind semnificativ eficien\u021ba opera\u021bional\u0103 \u0219i reduc\u00e2nd efortul fizic asupra operatorilor.<\/p>\n<h2>Considera\u021bii de proiectare \u0219i criterii de selec\u021bie<\/h2>\n<ul>\n<li><strong>Capacitate de \u00eenc\u0103rcare:<\/strong> Proiectarea unui cilindru al bra\u021bului trebuie s\u0103 ia \u00een considerare sarcina maxim\u0103 pe care o va suporta. Aceasta implic\u0103 analizarea greut\u0103\u021bii materialelor \u0219i asigurarea faptului c\u0103 cilindrul poate suporta presiunile \u0219i for\u021bele corespunz\u0103toare f\u0103r\u0103 defec\u021biuni.<\/li>\n<li><strong>Capacitate de etan\u0219are:<\/strong> Etan\u0219area eficient\u0103 este crucial\u0103 pentru longevitatea \u0219i eficien\u021ba cilindrilor hidraulici. Etan\u0219\u0103rile de calitate previn scurgerile de fluid \u0219i contaminarea, care pot duce la defectarea sistemului. Alegerea materialelor de etan\u0219are, cum ar fi poliuretanul \u0219i cauciucul nitrilic, joac\u0103 un rol semnificativ \u00een performan\u021ba cilindrului.<\/li>\n<li><strong>Durabilitate:<\/strong> Cilindrii bra\u021bului ar trebui construi\u021bi pentru a rezista la condi\u021bii dure de func\u021bionare. Aceasta include rezisten\u021ba la uzur\u0103, coroziune \u0219i oboseal\u0103 \u00een timp. Materialele de \u00eenalt\u0103 calitate \u0219i procesele avansate de fabrica\u021bie contribuie la durabilitatea produsului.<\/li>\n<li><strong>Caracteristici de siguran\u021b\u0103:<\/strong> Considera\u021biile de siguran\u021b\u0103 sunt primordiale \u00een sistemele hidraulice. Cilindrii bra\u021bului trebuie s\u0103 fie echipa\u021bi cu mecanisme de siguran\u021b\u0103 care s\u0103 previn\u0103 func\u021bionarea accidental\u0103 \u0219i s\u0103 ofere sisteme de siguran\u021b\u0103 \u00een caz de pierdere de presiune sau defec\u021biune mecanic\u0103.<\/li>\n<li><strong>Accesibilitate pentru \u00eentre\u021binere:<\/strong> Un design care permite \u00eentre\u021binerea \u0219i inspec\u021bia u\u0219oar\u0103 poate prelungi semnificativ durata de via\u021b\u0103 a cilindrului bra\u021bului. Componentele ar trebui s\u0103 fie accesibile pentru verific\u0103ri \u0219i repara\u021bii de rutin\u0103, f\u0103r\u0103 demontare extins\u0103.<\/li>\n<\/ul>\n<p><img decoding=\"async\" src=\"https:\/\/www.hydraulic-cylinders.net\/wp-content\/uploads\/2025\/04\/songte-oil-pipes-and-spare-parts.webp\" alt=\"Piese hidraulice\"><\/p>\n<h2>Etan\u0219area \u0219i lubrifierea cilindrului<\/h2>\n<p>Pentru a asigura performan\u021be optime, \u00een cilindrii bra\u021bului se utilizeaz\u0103 diverse componente de etan\u0219are, inclusiv etan\u0219\u0103ri ale pistonului \u0219i etan\u0219\u0103ri ale tijei. Alegerea materialelor de etan\u0219are, cum ar fi poliuretanul sau cauciucul nitrilic de \u00eenalt\u0103 calitate, este esen\u021bial\u0103 pentru men\u021binerea integrit\u0103\u021bii hidraulice \u0219i prevenirea scurgerilor. Corpul cilindrului \u0219i suprafe\u021bele filetate ale cap\u0103tului sunt supuse unor procese de prelucrare fin\u0103 pentru a spori rezisten\u021ba la uzur\u0103 \u0219i a \u00eembun\u0103t\u0103\u021bi durabilitatea general\u0103. Lubrifierea regulat\u0103 cu ulei hidraulic este necesar\u0103 pentru a men\u021bine func\u021bionarea lin\u0103 a cilindrului \u0219i a preveni uzura prematur\u0103 a componentelor interne. Practicile adecvate de lubrifiere ajut\u0103, de asemenea, la r\u0103cirea sistemului hidraulic, prelungindu-i \u0219i mai mult durata de via\u021b\u0103.<\/p>\n<h2>M\u0103suri de \u00eentre\u021binere preventiv\u0103<\/h2>\n<ul>\n<li><strong>Inspec\u021bii regulate:<\/strong> Verific\u0103rile frecvente pentru uzur\u0103, scurgeri sau orice semne de defec\u021biune pot ajuta la identificarea problemelor \u00eenainte ca acestea s\u0103 devin\u0103 grave. Aceasta include examinarea etan\u0219\u0103rilor, a integrit\u0103\u021bii tijelor \u0219i a conexiunilor hidraulice.<\/li>\n<li><strong>Lubrifiere adecvat\u0103:<\/strong> Asigurarea lubrifierii adecvate a cilindrului cu uleiul hidraulic potrivit este crucial\u0103. Schimb\u0103rile regulate de ulei \u0219i verific\u0103rile pentru contaminare pot \u00eembun\u0103t\u0103\u021bi performan\u021ba \u0219i durabilitatea.<\/li>\n<li><strong>\u00cenlocuirea garniturii:<\/strong> Garniturile trebuie \u00eenlocuite periodic, \u00een func\u021bie de mediul de operare \u0219i de frecven\u021ba de utilizare. Garniturile uzate pot duce la pierderi semnificative de fluid hidraulic, afect\u00e2nd eficien\u021ba general\u0103 a sistemului.<\/li>\n<\/ul>\n<h2>Instruc\u021biuni de instalare<\/h2>\n<p>Instalarea corect\u0103 a cilindrului bra\u021bului este vital\u0103 pentru performan\u021be optime \u0219i longevitate. \u00cen timpul instal\u0103rii, asigura\u021bi-v\u0103 c\u0103 cilindrul este aliniat corect cu utilajul pentru a preveni solicit\u0103ri excesive asupra cilindrului \u0219i a suporturilor acestuia. Utiliza\u021bi console de montare adecvate pentru a fixa ferm cilindrul \u00een pozi\u021bie, evit\u00e2nd mi\u0219carea care ar putea duce la nealiniere. De asemenea, este esen\u021bial s\u0103 respecta\u021bi specifica\u021biile produc\u0103torului privind conexiunile hidraulice \u0219i set\u0103rile de cuplu pentru a asigura o configura\u021bie f\u0103r\u0103 scurgeri. Dup\u0103 instalare, efectua\u021bi o verificare am\u0103nun\u021bit\u0103 pentru orice semne de scurgeri \u0219i testa\u021bi sistemul hidraulic pentru a confirma func\u021bionarea corect\u0103.<\/p>\n<h2>Sarcini de \u00eentre\u021binere<\/h2>\n<ul>\n<li><strong>Verific\u0103ri regulate:<\/strong> Efectua\u021bi inspec\u021bii de rutin\u0103 pentru a identifica din timp orice probleme poten\u021biale. C\u0103uta\u021bi scurgeri, zgomote neobi\u0219nuite \u0219i semne de uzur\u0103 la garnituri \u0219i tije.<\/li>\n<li><strong>Lubrifiere adecvat\u0103:<\/strong> Asigura\u021bi-v\u0103 c\u0103 nivelul uleiului hidraulic este corespunz\u0103tor \u0219i \u00eenlocui\u021bi-l dup\u0103 cum este necesar pentru a men\u021bine condi\u021bii optime de lubrifiere.<\/li>\n<li><strong>\u00cenlocuirea \u0219i calibrarea garniturii:<\/strong> \u00cenlocui\u021bi periodic garniturile care prezint\u0103 semne de uzur\u0103 \u0219i verifica\u021bi calibrarea sistemului hidraulic pentru a v\u0103 asigura c\u0103 func\u021bioneaz\u0103 corect. Un sistem calibrat necorespunz\u0103tor poate duce la ineficien\u021be \u0219i poten\u021biale daune.<\/li>\n<\/ul>\n<h2>Considera\u021bii de siguran\u021b\u0103 \u0219i factori de mediu<\/h2>\n<p>Atunci c\u00e2nd se utilizeaz\u0103 cilindri ai bra\u021bului, m\u0103surile de siguran\u021b\u0103 sunt cruciale pentru a preveni accidentele \u0219i a asigura un mediu de lucru sigur. Operatorii trebuie s\u0103 fie instrui\u021bi cu privire la utilizarea corect\u0103 a sistemelor hidraulice \u0219i la poten\u021bialele pericole asociate acestora. \u00cen plus, trebuie acordat\u0103 aten\u021bie respect\u0103rii reglement\u0103rilor de mediu, asigur\u00e2ndu-se c\u0103 fluidele hidraulice sunt gestionate \u00een mod responsabil pentru a preveni contaminarea solului \u0219i a surselor de ap\u0103. Trebuie implementate m\u0103suri adecvate de izolare pentru a gestiona orice scurgeri sau devers\u0103ri care pot ap\u0103rea \u00een timpul func\u021bion\u0103rii sau \u00eentre\u021binerii.<\/p>\n<h2>Diagnosticarea defec\u021biunilor \u0219i probleme frecvente<\/h2>\n<ul>\n<li><strong>Scurgere:<\/strong> Una dintre cele mai frecvente probleme ale cilindrilor hidraulici este scurgerea de la garnituri sau fitinguri. Acest lucru poate duce la reducerea performan\u021bei \u0219i a eficien\u021bei. Inspec\u021bia regulat\u0103 a garniturilor \u0219i conexiunilor este necesar\u0103 pentru a identifica \u0219i remedia prompt scurgerile.<\/li>\n<li><strong>Mi\u0219care f\u0103r\u0103 r\u0103spuns:<\/strong> Dac\u0103 cilindrul bra\u021bului nu r\u0103spunde conform a\u0219tept\u0103rilor, acest lucru poate indica probleme cu presiunea hidraulic\u0103 sau daune interne. Diagnosticarea sistemului hidraulic \u0219i verificarea existen\u021bei unor obstruc\u021bii sau blocaje pot ajuta la remedierea problemei.<\/li>\n<li><strong>Zgomot excesiv:<\/strong> Sunetele neobi\u0219nuite din timpul func\u021bion\u0103rii pot semnala uzur\u0103 sau deteriorare a cilindrului sau a sistemului hidraulic. Investigarea sursei zgomotului \u0219i \u00eenlocuirea componentelor uzate pot preveni deteriorarea ulterioar\u0103.<\/li>\n<\/ul>\n<h2>Sfaturi de depanare<\/h2>\n<p>Pentru a diagnostica \u0219i rezolva eficient problemele legate de cilindrul bra\u021bului, lua\u021bi \u00een considerare urm\u0103toarele sfaturi de depanare: \u00cen primul r\u00e2nd, verifica\u021bi periodic dac\u0103 exist\u0103 semne de scurgeri sau deterior\u0103ri. Remedia\u021bi orice scurgeri imediat ce sunt identificate pentru a preveni pierderea de fluid hidraulic. \u00cen al doilea r\u00e2nd, asigura\u021bi-v\u0103 c\u0103 presiunea hidraulic\u0103 se \u00eencadreaz\u0103 \u00een intervalul recomandat pentru o performan\u021b\u0103 optim\u0103. Dac\u0103 presiunea este sc\u0103zut\u0103, investiga\u021bi cauzele posibile, cum ar fi conductele blocate sau componentele uzate. \u00cen cele din urm\u0103, men\u021bine\u021bi un mediu de lucru curat pentru a preveni p\u0103trunderea contaminan\u021bilor \u00een sistemul hidraulic, ceea ce poate duce la uzur\u0103 \u0219i defec\u021biuni \u00een timp.<\/p>\n<p><img decoding=\"async\" src=\"https:\/\/www.hydraulic-cylinders.net\/wp-content\/uploads\/2025\/04\/songte-bushings-with-all-kinds-of-excavator-models.webp\" alt=\"Buc\u0219e pentru excavator\"><\/p>\n<h2>Despre compania noastr\u0103<\/h2>\n<p>Suntem un produc\u0103tor important de cilindri hidraulici de schimb, oferind o gam\u0103 larg\u0103 de produse care deservesc at\u00e2t pie\u021bele interne, c\u00e2t \u0219i cele interna\u021bionale. Angajamentul nostru fa\u021b\u0103 de excelen\u021b\u0103 se reflect\u0103 \u00een procesele noastre meticuloase de fabrica\u021bie \u0219i concentrarea pe produc\u021bia de \u00eenalt\u0103 calitate. Valorific\u00e2nd tehnologia avansat\u0103, personalul calificat \u0219i strategiile robuste de management al produc\u021biei, ne \u00eembun\u0103t\u0103\u021bim continuu capacit\u0103\u021bile de produc\u021bie pentru a satisface nevoile diverse ale clien\u021bilor no\u0219tri. Produsele noastre sunt proiectate cu precizie \u0219i fabricate pentru fiabilitate, asigur\u00e2ndu-ne c\u0103 oferim solu\u021bii de top.<\/p>\n<p><img decoding=\"async\" src=\"https:\/\/www.hydraulic-cylinders.net\/wp-content\/uploads\/2025\/04\/songte-company-4.webp\" alt=\"Imaginea companiei\"><br \/>\n<img decoding=\"async\" src=\"https:\/\/www.hydraulic-cylinders.net\/wp-content\/uploads\/2025\/04\/songte-company-3.webp\" alt=\"Imaginea companiei\"><\/p>\n<h2>Concluzie<\/h2>\n<p>Cu o gam\u0103 complet\u0103 de cilindri hidraulici \u0219i o concentrare pe calitate, ne angaj\u0103m s\u0103 oferim produse fiabile pentru a satisface nevoile clien\u021bilor no\u0219tri. Certific\u0103rile noastre interna\u021bionale, serviciile personalizate, echipamentele de produc\u021bie avansate \u0219i asisten\u021ba post-v\u00e2nzare dedicat\u0103 subliniaz\u0103 pozi\u021bia noastr\u0103 de partener de \u00eencredere \u00een industria cilindrilor hidraulici.<\/p>\n<p>Autor: lyl<\/p>","protected":false},"excerpt":{"rendered":"<p>Boom Cylinder For XGMA Middle Excavator XG822FL Introduction to Boom Cylinder The Boom Cylinder is a critical component of heavy machinery, specifically designed for the XGMA Middle Excavator XG822FL. This hydraulic cylinder controls the movement of the boom, enabling the operator to perform various tasks such as lifting, lowering, and tilting the boom effectively. The [&hellip;]<\/p>","protected":false},"featured_media":17867,"comment_status":"open","ping_status":"closed","template":"","meta":{"_et_pb_use_builder":"","_et_pb_old_content":"","_et_gb_content_width":""},"product_brand":[],"product_cat":[1546],"product_tag":[1547,1496],"class_list":{"0":"post-19317","1":"product","2":"type-product","3":"status-publish","4":"has-post-thumbnail","6":"product_cat-boom-cylinders","7":"product_tag-boom-cylinders","8":"product_tag-hydraulic-cylinders","10":"first","11":"instock","12":"shipping-taxable","13":"product-type-simple"},"amp_enabled":true,"_links":{"self":[{"href":"https:\/\/www.hydraulic-cylinders.net\/ro\/wp-json\/wp\/v2\/product\/19317","targetHints":{"allow":["GET"]}}],"collection":[{"href":"https:\/\/www.hydraulic-cylinders.net\/ro\/wp-json\/wp\/v2\/product"}],"about":[{"href":"https:\/\/www.hydraulic-cylinders.net\/ro\/wp-json\/wp\/v2\/types\/product"}],"replies":[{"embeddable":true,"href":"https:\/\/www.hydraulic-cylinders.net\/ro\/wp-json\/wp\/v2\/comments?post=19317"}],"wp:featuredmedia":[{"embeddable":true,"href":"https:\/\/www.hydraulic-cylinders.net\/ro\/wp-json\/wp\/v2\/media\/17867"}],"wp:attachment":[{"href":"https:\/\/www.hydraulic-cylinders.net\/ro\/wp-json\/wp\/v2\/media?parent=19317"}],"wp:term":[{"taxonomy":"product_brand","embeddable":true,"href":"https:\/\/www.hydraulic-cylinders.net\/ro\/wp-json\/wp\/v2\/product_brand?post=19317"},{"taxonomy":"product_cat","embeddable":true,"href":"https:\/\/www.hydraulic-cylinders.net\/ro\/wp-json\/wp\/v2\/product_cat?post=19317"},{"taxonomy":"product_tag","embeddable":true,"href":"https:\/\/www.hydraulic-cylinders.net\/ro\/wp-json\/wp\/v2\/product_tag?post=19317"}],"curies":[{"name":"wp","href":"https:\/\/api.w.org\/{rel}","templated":true}]}}