{"id":19319,"date":"2025-04-07T06:26:45","date_gmt":"2025-04-07T06:26:45","guid":{"rendered":"https:\/\/www.hydraulic-cylinders.net\/product\/boom-cylinder-for-xgma-middle-excavator-xg825el\/"},"modified":"2025-04-07T06:26:48","modified_gmt":"2025-04-07T06:26:48","slug":"boom-cylinder-for-xgma-middle-excavator-xg825el","status":"publish","type":"product","link":"https:\/\/www.hydraulic-cylinders.net\/ro\/produs\/boom-cylinder-for-xgma-middle-excavator-xg825el\/","title":{"rendered":"Cilindru bra\u021b pentru excavatorul mijlociu XGMA XG825EL"},"content":{"rendered":"<h1>Cilindru bra\u021b pentru excavatorul mijlociu XGMA XG825EL<\/h1>\n<h2>Prezentare general\u0103 a produsului<\/h2>\n<p>Cilindrul bra\u021bului este o component\u0103 hidraulic\u0103 esen\u021bial\u0103, special conceput\u0103 pentru excavatorul intermediar XGMA XG825EL. Acest cilindru hidraulic joac\u0103 un rol esen\u021bial \u00een controlul mi\u0219c\u0103rii bra\u021bului excavatorului, permi\u021b\u00e2nd ridicarea, cobor\u00e2rea \u0219i \u00eenclinarea precis\u0103 a cupei. Ca actuator hidraulic, utilizeaz\u0103 fluid hidraulic pentru a genera for\u021ba necesar\u0103 pentru sarcini grele. Eficacitatea cilindrului bra\u021bului influen\u021beaz\u0103 direct performan\u021ba excavatorului \u00een diverse aplica\u021bii de construc\u021bii \u0219i terasamente.<\/p>\n<p><img decoding=\"async\" src=\"https:\/\/www.hydraulic-cylinders.net\/wp-content\/uploads\/2025\/04\/songte-company-1.webp\" alt=\"Cilindru de bra\u021b\"><\/p>\n<h2>Caracteristici cheie<\/h2>\n<ul>\n<li><strong>Rezisten\u021b\u0103 \u0219i durabilitate ridicate:<\/strong> Construit din o\u021bel sau aluminiu de \u00eenalt\u0103 rezisten\u021b\u0103, cilindrul bra\u021bului este conceput s\u0103 reziste la presiuni ridicate \u0219i sarcini grele. Durabilitatea sa asigur\u0103 func\u021bionalitatea \u00een condi\u021bii dure de lucru, lu\u00e2nd \u00een considerare rezisten\u021ba la uzur\u0103 \u0219i protec\u021bia \u00eempotriva coroziunii, prelungindu-i durata de via\u021b\u0103.<\/li>\n<li><strong>Func\u021bionare hidraulic\u0103 eficient\u0103:<\/strong> Cilindrul func\u021bioneaz\u0103 lin sub presiunea uleiului hidraulic, oferind un r\u0103spuns rapid la comenzile de control. Aceast\u0103 caracteristic\u0103 ofer\u0103 o for\u021b\u0103 puternic\u0103 de tragere \u0219i \u00eempingere, ideal\u0103 pentru manipularea materialelor grele \u0219i a sarcinilor complexe.<\/li>\n<li><strong>Diverse tipuri:<\/strong> Cilindrul bra\u021bului este disponibil \u00een diverse tipuri, inclusiv cilindri hidraulici cu ac\u021biune simpl\u0103 (care func\u021bioneaz\u0103 \u00eentr-o singur\u0103 direc\u021bie) sau cu ac\u021biune dubl\u0103 (care func\u021bioneaz\u0103 \u00een ambele direc\u021bii). Anumite modele sunt telescopice, permi\u021b\u00e2nd o extensie mai mare f\u0103r\u0103 a cre\u0219te dimensiunile exterioare, ceea ce le face potrivite pentru aplica\u021bii cu spa\u021biu limitat.<\/li>\n<li><strong>Fabrica\u021bie personalizat\u0103:<\/strong> Compania noastr\u0103 este specializat\u0103 \u00een produc\u021bia de cilindri hidraulici pentru bra\u021b care \u00eenlocuiesc perfect cilindrii hidraulici existen\u021bi, asigur\u00e2nd compatibilitate \u0219i eficien\u021b\u0103.<\/li>\n<li><strong>Design avansat:<\/strong> Fiecare cilindru este proiectat cu precizie pentru a \u00eendeplini cerin\u021bele exigente ale sarcinilor moderne de excavare, asigur\u00e2nd fiabilitate \u0219i performan\u021b\u0103.<\/li>\n<\/ul>\n<p><img decoding=\"async\" src=\"https:\/\/www.hydraulic-cylinders.net\/wp-content\/uploads\/2025\/04\/songte-cylinder-head-with-all-kinds-excavator-models.webp\" alt=\"Modele de excavatoare\"><\/p>\n<h2>Aplica\u021bii<\/h2>\n<h3>Echipamente de construc\u021bii<\/h3>\n<p>\u00cen echipamentele de construc\u021bii, cilindrii bra\u021bului sunt componente critice g\u0103site \u00een excavatoare, esen\u021biale pentru s\u0103pare, \u00eenc\u0103rcare \u0219i mutarea p\u0103m\u00e2ntului sau a molozului. Ace\u0219tia ofer\u0103 for\u021ba necesar\u0103 pentru ridicarea \u0219i cobor\u00e2rea bra\u021bului, permi\u021b\u00e2nd sarcini de excavare eficiente \u0219i eficace. \u00cen cazul \u00eenc\u0103rc\u0103toarelor excavatoare, cilindrii bra\u021bului ajut\u0103 at\u00e2t la opera\u021biunile de s\u0103pare, c\u00e2t \u0219i la cele de ridicare, sporind versatilitatea utilajelor.<\/p>\n<h3>Ma\u0219ini agricole<\/h3>\n<p>\u00cen agricultur\u0103, \u00eenc\u0103rc\u0103toarele frontale utilizeaz\u0103 cilindri ai bra\u021bului pentru a scoate, ridica \u0219i transporta sol, f\u00e2n \u0219i diverse materiale. Capacitatea lor de a manevra \u0219i regla unghiul cupei permite operatorilor s\u0103 efectueze sarcini precum \u00eenc\u0103rcarea \u0219i desc\u0103rcarea eficient. Puterea hidraulic\u0103 faciliteaz\u0103 manipularea sarcinilor grele, f\u0103c\u00e2nd opera\u021biunile agricole mai line \u0219i mai productive.<\/p>\n<h3>Excavatoare<\/h3>\n<p>La excavatoare, cilindrul cupei permite cupei s\u0103 p\u0103trund\u0103 \u00een sol \u00een timpul opera\u021biunilor de s\u0103pare. Aceast\u0103 capacitate este crucial\u0103 pentru o excavare eficient\u0103, deoarece permite operatorilor s\u0103 ajung\u0103 la niveluri mai ad\u00e2nci de sol \u0219i s\u0103 mute volume mai mari de p\u0103m\u00e2nt. Performan\u021ba cilindrului afecteaz\u0103 direct viteza \u0219i eficien\u021ba procesului de excavare.<\/p>\n<h3>\u00cenc\u0103rc\u0103toare<\/h3>\n<p>\u00cen cazul \u00eenc\u0103rc\u0103toarelor frontale, cilindrii bra\u021bului joac\u0103 un rol vital \u00een ridicarea \u0219i desc\u0103rcarea eficient\u0103 a \u00eenc\u0103rc\u0103turilor. Ace\u0219tia furnizeaz\u0103 for\u021ba hidraulic\u0103 necesar\u0103 pentru a ridica \u0219i \u00eenclina cupa, asigur\u00e2nd c\u0103 materialele pot fi \u00eenc\u0103rcate \u00een camioane sau mutate cu u\u0219urin\u021b\u0103 \u00een diferite loca\u021bii. Aceast\u0103 func\u021bionalitate este esen\u021bial\u0103 \u00een sectoarele construc\u021biilor \u0219i manipul\u0103rii materialelor.<\/p>\n<h2>Considera\u021bii de proiectare<\/h2>\n<h3>Capacitate de \u00eenc\u0103rcare<\/h3>\n<p>Capacitatea de \u00eenc\u0103rcare a cilindrului bra\u021bului este o considera\u021bie critic\u0103 de proiectare. Aceasta determin\u0103 greutatea maxim\u0103 pe care cilindrul o poate suporta f\u0103r\u0103 defec\u021biuni. Evaluarea corect\u0103 a cerin\u021belor de \u00eenc\u0103rcare este esen\u021bial\u0103 pentru a asigura utilizarea cilindrului \u00een limitele sale, prevenind astfel deteriorarea \u0219i asigur\u00e2nd siguran\u021ba \u00een timpul opera\u021biunilor. Produc\u0103torii trebuie s\u0103 respecte standarde inginere\u0219ti stricte pentru a garanta fiabilitatea \u0219i eficien\u021ba \u00een aplica\u021biile cu cerere mare.<\/p>\n<h3>Sigilare<\/h3>\n<p>Etan\u0219area eficient\u0103 este crucial\u0103 pentru performan\u021ba cilindrilor hidraulici. Etan\u0219\u0103rile de \u00eenalt\u0103 calitate previn scurgerile de fluid hidraulic, ceea ce este esen\u021bial pentru men\u021binerea presiunii \u0219i a eficien\u021bei. Utilizarea materialelor de etan\u0219are avansate, cum ar fi poliuretanul sau cauciucul nitrilic, spore\u0219te durabilitatea \u0219i reduce uzura, asigur\u00e2nd func\u021bionalitate pe termen lung \u00een diverse condi\u021bii de lucru. Designul adecvat al etan\u0219\u0103rilor contribuie, de asemenea, la siguran\u021ba \u0219i eficacitatea general\u0103 a sistemului hidraulic.<\/p>\n<h3>Durabilitate<\/h3>\n<p>Durabilitatea este un aspect vital al proiect\u0103rii cilindrilor hidraulici. Luarea \u00een considerare a unor factori precum selec\u021bia materialelor, tratamentele de suprafa\u021b\u0103 \u0219i acoperirile de protec\u021bie poate prelungi semnificativ durata de via\u021b\u0103 a cilindrului. Inginerii trebuie s\u0103 se concentreze pe crearea unui design robust care s\u0103 poat\u0103 rezista la medii dificile, inclusiv expunerea la elemente corozive \u0219i fluctua\u021bii extreme de temperatur\u0103. Inspec\u021biile regulate \u0219i rutinele de \u00eentre\u021binere sunt esen\u021biale pentru asigurarea durabilit\u0103\u021bii pe termen lung.<\/p>\n<h3>Siguran\u0163\u0103<\/h3>\n<p>Siguran\u021ba este primordial\u0103 \u00een proiectarea cilindrilor bra\u021bului. Inginerii trebuie s\u0103 ia \u00een considerare poten\u021bialele puncte de defec\u021biune \u0219i s\u0103 \u00eencorporeze caracteristici de siguran\u021b\u0103 pentru a atenua riscurile. Acestea includ supape de suprapresiune pentru a preveni situa\u021biile de suprapresiune \u0219i op\u021biuni robuste de montare pentru a asigura stabilitatea \u00een timpul func\u021bion\u0103rii. Respectarea standardelor interna\u021bionale de siguran\u021b\u0103 este necesar\u0103 pentru a proteja operatorii \u0219i echipamentele de pe teren.<\/p>\n<h3>Mentenabilitate<\/h3>\n<p>Proiectarea pentru mentenan\u021b\u0103 asigur\u0103 c\u0103 cilindrii hidraulici pot fi repara\u021bi u\u0219or \u0219i eficient. Considera\u021bii precum accesul facil la componente, etichetarea clar\u0103 pentru sarcinile de \u00eentre\u021binere \u0219i utilizarea pieselor standardizate pot simplifica procesele de repara\u021bii. \u00centre\u021binerea regulat\u0103 este esen\u021bial\u0103 pentru prevenirea defec\u021biunilor nea\u0219teptate \u0219i prelungirea duratei de via\u021b\u0103 a echipamentului.<\/p>\n<p><img decoding=\"async\" src=\"https:\/\/www.hydraulic-cylinders.net\/wp-content\/uploads\/2025\/04\/songte-oil-pipes-and-spare-parts.webp\" alt=\"Piese hidraulice\"><\/p>\n<h2>Etan\u0219are \u0219i lubrifiere<\/h2>\n<p>Etan\u0219area \u0219i lubrifierea corespunz\u0103toare sunt cruciale pentru func\u021bionarea eficient\u0103 a cilindrilor hidraulici. Diverse etan\u0219\u0103ri, inclusiv etan\u0219\u0103ri pentru piston \u0219i etan\u0219\u0103ri pentru tij\u0103, sunt utilizate pentru a preveni scurgerile de fluid \u0219i a men\u021bine presiunea \u00een interiorul cilindrului. Materialele de etan\u0219are precum poliuretanul \u0219i cauciucul nitrilic sunt selectate pentru rezisten\u021ba \u0219i durabilitatea lor la uzur\u0103. \u00cen plus, corpul cilindrului \u0219i capetele filetate sunt supuse unor prelucr\u0103ri fine pentru a spori rezisten\u021ba la uzur\u0103. Lubrifierea regulat\u0103 cu ulei hidraulic este necesar\u0103 pentru a asigura o func\u021bionare lin\u0103 \u0219i pentru a preveni uzura excesiv\u0103 a pieselor \u00een mi\u0219care.<\/p>\n<h2>M\u0103suri de \u00eentre\u021binere preventiv\u0103<\/h2>\n<ul>\n<li><strong>Inspec\u021bii regulate:<\/strong> Programa\u021bi verific\u0103ri de rutin\u0103 pentru semne de uzur\u0103, scurgeri \u0219i alte probleme poten\u021biale pentru a asigura performan\u021b\u0103 \u0219i siguran\u021b\u0103 optime.<\/li>\n<li><strong>Lubrifiere adecvat\u0103:<\/strong> Men\u021bine\u021bi niveluri adecvate de lubrifiere \u0219i utiliza\u021bi uleiuri hidraulice recomandate pentru a facilita o func\u021bionare lin\u0103 \u0219i a reduce frecarea.<\/li>\n<li><strong>\u00cenlocuirea garniturii:<\/strong> Monitoriza\u021bi uzura garniturilor de etan\u0219are \u0219i \u00eenlocui\u021bi-le dup\u0103 cum este necesar pentru a preveni scurgerile de fluid \u0219i a men\u021bine presiunea hidraulic\u0103.<\/li>\n<\/ul>\n<h2>Instruc\u021biuni de instalare<\/h2>\n<p>Instalarea unui cilindru de bra\u021b necesit\u0103 o aten\u021bie deosebit\u0103 detaliilor pentru a asigura o performan\u021b\u0103 optim\u0103. \u00cencepe\u021bi prin alinierea cilindrului cu suporturile de montare de pe excavator, asigur\u00e2ndu-v\u0103 c\u0103 toate componentele sunt pozi\u021bionate corect. Folosi\u021bi accesoriile de montare adecvate pentru a fixa cilindrul \u00een pozi\u021bie, evit\u00e2nd orice nealiniere care ar putea duce la probleme opera\u021bionale. Dup\u0103 fixarea cilindrului, conecta\u021bi conductele hidraulice, asigur\u00e2ndu-v\u0103 c\u0103 toate fitingurile sunt str\u00e2nse \u0219i f\u0103r\u0103 scurgeri. \u00cen cele din urm\u0103, efectua\u021bi o verificare a sistemului pentru a verifica dac\u0103 cilindrul func\u021bioneaz\u0103 lin \u0219i eficient, f\u0103r\u0103 nicio obstruc\u021bie.<\/p>\n<h2>Sarcini comune de \u00eentre\u021binere<\/h2>\n<ul>\n<li><strong>Verific\u0103ri regulate:<\/strong> Efectua\u021bi inspec\u021bii de rutin\u0103 pentru a identifica orice uzur\u0103 sau deteriorare. Acest lucru ajut\u0103 la detectarea problemelor \u00eenainte ca acestea s\u0103 se transforme \u00een probleme majore.<\/li>\n<li><strong>Lubrifiere adecvat\u0103:<\/strong> Asigurarea unei lubrifieri adecvate este esen\u021bial\u0103 pentru longevitatea cilindrului hidraulic. Verifica\u021bi periodic nivelurile de ulei \u0219i completa\u021bi-le dup\u0103 cum este necesar.<\/li>\n<li><strong>\u00cenlocuirea garniturii:<\/strong> Monitoriza\u021bi starea garniturilor \u0219i \u00eenlocui\u021bi-le dup\u0103 cum este necesar pentru a men\u021bine integritatea hidraulic\u0103 \u0219i a preveni scurgerile.<\/li>\n<\/ul>\n<h2>Considera\u021bii de siguran\u021b\u0103 \u0219i factori de mediu<\/h2>\n<p>Atunci c\u00e2nd se utilizeaz\u0103 cilindri ai bra\u021bului, m\u0103surile de siguran\u021b\u0103 sunt primordiale. Operatorii trebuie s\u0103 fie instrui\u021bi s\u0103 recunoasc\u0103 \u0219i s\u0103 atenueze poten\u021bialele pericole asociate cu echipamentele hidraulice. Aceasta include \u00een\u021belegerea riscurilor de scurgeri de fluid hidraulic, a sistemelor de \u00eenalt\u0103 presiune \u0219i a tehnicilor de ridicare \u00een siguran\u021b\u0103. \u00cen plus, trebuie luate \u00een considerare considera\u021biile de mediu, cum ar fi eliminarea corect\u0103 a fluidelor hidraulice \u0219i impactul utilajelor asupra ecosistemului \u00eenconjur\u0103tor.<\/p>\n<h2>Diagnosticarea defec\u021biunilor \u0219i probleme frecvente<\/h2>\n<ul>\n<li><strong>Scurgere:<\/strong> Identifica\u021bi sursa scurgerilor prin inspectarea garniturilor \u0219i a conexiunilor. Repararea prompt\u0103 a scurgerilor este crucial\u0103 pentru men\u021binerea eficien\u021bei sistemului.<\/li>\n<li><strong>Mi\u0219care inconsistent\u0103:<\/strong> Dac\u0103 cilindrul func\u021bioneaz\u0103 neuniform, verifica\u021bi nivelurile fluidului hidraulic \u0219i inspecta\u021bi pentru a depista blocaje sau deterior\u0103ri interne.<\/li>\n<li><strong>Supra\u00eenc\u0103lzire:<\/strong> Monitoriza\u021bi temperatura sistemului hidraulic. Supra\u00eenc\u0103lzirea poate indica degradarea fluidului sau lubrifiere inadecvat\u0103.<\/li>\n<\/ul>\n<h2>Sfaturi de depanare<\/h2>\n<p>Pentru o diagnosticare eficient\u0103 a defec\u021biunilor, operatorii ar trebui s\u0103 se familiarizeze cu simptomele \u0219i solu\u021biile comune. Verific\u0103rile regulate de \u00eentre\u021binere pot preveni apari\u021bia multor probleme, cum ar fi \u00eenlocuirea garniturilor uzate \u00eenainte ca acestea s\u0103 provoace scurgeri. O instruire adecvat\u0103 \u00een sistemele hidraulice permite operatorilor s\u0103 recunoasc\u0103 semnele timpurii ale defec\u021biunilor, permi\u021b\u00e2nd interven\u021bii la timp care sporesc longevitatea \u0219i performan\u021ba cilindrilor bra\u021bului.<\/p>\n<p><img decoding=\"async\" src=\"https:\/\/www.hydraulic-cylinders.net\/wp-content\/uploads\/2025\/04\/songte-bushings-with-all-kinds-of-excavator-models.webp\" alt=\"Buc\u0219e pentru excavator\"><\/p>\n<h2>Despre compania noastr\u0103<\/h2>\n<p>Suntem un produc\u0103tor important de cilindri hidraulici de schimb, cunoscu\u021bi pentru gama noastr\u0103 divers\u0103 de produse. Compania noastr\u0103 s-a impus ca un juc\u0103tor important at\u00e2t pe pie\u021bele interne, c\u00e2t \u0219i pe cele interna\u021bionale. Ader\u0103m la principiile excelen\u021bei, valorific\u00e2nd strategii avansate de management al produc\u021biei \u00een cadrul atelierelor noastre specializate. Concentrarea noastr\u0103 pe tehnicieni califica\u021bi, echipamente digitale de produc\u021bie de ultim\u0103 genera\u021bie \u0219i un sistem riguros de testare asigur\u0103 \u00eembun\u0103t\u0103\u021birea continu\u0103 a platformei noastre de produc\u021bie \u0219i a calit\u0103\u021bii produselor. Cu un angajament fa\u021b\u0103 de eficien\u021b\u0103, precizie \u0219i standarde de \u00eenalt\u0103 calitate, satisfacem o gam\u0103 larg\u0103 de cerin\u021be ale clien\u021bilor.<\/p>\n<p><img decoding=\"async\" src=\"https:\/\/www.hydraulic-cylinders.net\/wp-content\/uploads\/2025\/04\/songte-company-4.webp\" alt=\"Compania noastr\u0103\"><br \/>\n<img decoding=\"async\" src=\"https:\/\/www.hydraulic-cylinders.net\/wp-content\/uploads\/2025\/04\/songte-company-3.webp\" alt=\"Prezentare general\u0103 a companiei\"><\/p>\n<p>Autor: lyl<\/p>","protected":false},"excerpt":{"rendered":"<p>Boom Cylinder For XGMA Middle Excavator XG825EL Product Overview The Boom Cylinder is an essential hydraulic component specifically designed for the XGMA Middle Excavator XG825EL. This hydraulic cylinder plays a critical role in controlling the movement of the excavator&#8217;s boom, allowing for precise lifting, lowering, and tilting of the bucket. As a hydraulic actuator, it [&hellip;]<\/p>","protected":false},"featured_media":17869,"comment_status":"open","ping_status":"closed","template":"","meta":{"_et_pb_use_builder":"","_et_pb_old_content":"","_et_gb_content_width":""},"product_brand":[],"product_cat":[1546],"product_tag":[1547,1496],"class_list":{"0":"post-19319","1":"product","2":"type-product","3":"status-publish","4":"has-post-thumbnail","6":"product_cat-boom-cylinders","7":"product_tag-boom-cylinders","8":"product_tag-hydraulic-cylinders","10":"first","11":"instock","12":"shipping-taxable","13":"product-type-simple"},"amp_enabled":true,"_links":{"self":[{"href":"https:\/\/www.hydraulic-cylinders.net\/ro\/wp-json\/wp\/v2\/product\/19319","targetHints":{"allow":["GET"]}}],"collection":[{"href":"https:\/\/www.hydraulic-cylinders.net\/ro\/wp-json\/wp\/v2\/product"}],"about":[{"href":"https:\/\/www.hydraulic-cylinders.net\/ro\/wp-json\/wp\/v2\/types\/product"}],"replies":[{"embeddable":true,"href":"https:\/\/www.hydraulic-cylinders.net\/ro\/wp-json\/wp\/v2\/comments?post=19319"}],"wp:featuredmedia":[{"embeddable":true,"href":"https:\/\/www.hydraulic-cylinders.net\/ro\/wp-json\/wp\/v2\/media\/17869"}],"wp:attachment":[{"href":"https:\/\/www.hydraulic-cylinders.net\/ro\/wp-json\/wp\/v2\/media?parent=19319"}],"wp:term":[{"taxonomy":"product_brand","embeddable":true,"href":"https:\/\/www.hydraulic-cylinders.net\/ro\/wp-json\/wp\/v2\/product_brand?post=19319"},{"taxonomy":"product_cat","embeddable":true,"href":"https:\/\/www.hydraulic-cylinders.net\/ro\/wp-json\/wp\/v2\/product_cat?post=19319"},{"taxonomy":"product_tag","embeddable":true,"href":"https:\/\/www.hydraulic-cylinders.net\/ro\/wp-json\/wp\/v2\/product_tag?post=19319"}],"curies":[{"name":"wp","href":"https:\/\/api.w.org\/{rel}","templated":true}]}}