{"id":19320,"date":"2025-04-07T06:26:50","date_gmt":"2025-04-07T06:26:50","guid":{"rendered":"https:\/\/www.hydraulic-cylinders.net\/product\/boom-cylinder-for-xgma-large-excavator-xg833eh\/"},"modified":"2025-04-07T06:26:52","modified_gmt":"2025-04-07T06:26:52","slug":"boom-cylinder-for-xgma-large-excavator-xg833eh","status":"publish","type":"product","link":"https:\/\/www.hydraulic-cylinders.net\/ro\/produs\/boom-cylinder-for-xgma-large-excavator-xg833eh\/","title":{"rendered":"Cilindru bra\u021b pentru excavatorul mare XGMA XG833EH"},"content":{"rendered":"<h1>Cilindru bra\u021b pentru excavatorul mare XGMA XG833EH<\/h1>\n<h2>Prezentare general\u0103 a produsului<\/h2>\n<p>Cilindrul bra\u021bului pentru excavatorul mare XGMA XG833EH este o component\u0103 crucial\u0103 \u00een sistemele hidraulice, special conceput\u0103 pentru a controla mi\u0219carea bra\u021bului \u00een utilajele grele. Acest cilindru hidraulic permite extinderea, retragerea \u0219i \u00eenclinarea bra\u021bului, facilit\u00e2nd sarcini eficiente de manipulare a materialelor \u00een construc\u021bii, minerit \u0219i alte aplica\u021bii grele. Acesta joac\u0103 un rol vital \u00een func\u021bionarea excavatoarelor, a \u00eenc\u0103rc\u0103toarelor excavatoare \u0219i a \u00eenc\u0103rc\u0103toarelor frontale, asigur\u00e2nd precizie \u0219i stabilitate \u00een timpul utiliz\u0103rii.<\/p>\n<p><img decoding=\"async\" src=\"https:\/\/www.hydraulic-cylinders.net\/wp-content\/uploads\/2025\/04\/songte-company-1.webp\" alt=\"Cilindru de bra\u021b pentru excavatoare\"><\/p>\n<h3>Defini\u021bie \u0219i func\u021bionalitate<\/h3>\n<p>Cilindrul cupei, un tip de cilindru hidraulic, este special conceput pentru a gestiona mi\u0219c\u0103rile cupei pe utilaje grele. Utiliz\u00e2nd fluid hidraulic sub presiune, ace\u0219ti cilindri creeaz\u0103 o for\u021b\u0103 puternic\u0103 pentru a ridica, cobor\u00ee \u0219i \u00eenclina cupa. Designul lor permite o func\u021bionare lin\u0103 \u0219i \u00eembun\u0103t\u0103\u021be\u0219te eficien\u021ba general\u0103 a echipamentului, f\u0103c\u00e2ndu-i esen\u021biali pentru diverse sarcini de transport de materiale. Cilindrii hidraulici, precum cilindrul bra\u021bului, sunt vitali pentru efectuarea sarcinilor grele de ridicare \u0219i mutare, unde precizia \u0219i puterea sunt esen\u021biale.<\/p>\n<h2>Caracteristici cheie<\/h2>\n<ul>\n<li><strong>Rezisten\u021b\u0103 \u0219i durabilitate ridicate:<\/strong> Construi\u021bi din o\u021bel sau aluminiu de \u00eenalt\u0103 rezisten\u021b\u0103, ace\u0219ti cilindri sunt proiecta\u021bi s\u0103 reziste la presiuni ridicate \u0219i sarcini grele, fiind potrivi\u021bi pentru medii de lucru dure, cu rezisten\u021b\u0103 la uzur\u0103 \u0219i protec\u021bie \u00eempotriva coroziunii pentru a prelungi durata de via\u021b\u0103.<\/li>\n<li><strong>Func\u021bionare hidraulic\u0103 eficient\u0103:<\/strong> Cilindrul func\u021bioneaz\u0103 f\u0103r\u0103 probleme folosind presiunea uleiului hidraulic pentru timpi de r\u0103spuns rapizi, oferind o putere formidabil\u0103 de \u00eempingere \u0219i tragere pentru gestionarea sarcinilor grele sau complexe.<\/li>\n<li><strong>Diverse tipuri:<\/strong> Disponibile \u00een configura\u021bii cu ac\u021biune simpl\u0103 (func\u021bioneaz\u0103 \u00eentr-o singur\u0103 direc\u021bie) sau cu ac\u021biune dubl\u0103 (func\u021bioneaz\u0103 \u00een ambele direc\u021bii), anumite modele sunt dotate cu design telescopic pentru o raz\u0103 de ac\u021biune extins\u0103 f\u0103r\u0103 a cre\u0219te dimensiunile exterioare, ideale pentru spa\u021bii restr\u00e2nse.<\/li>\n<\/ul>\n<h3>Capacit\u0103\u021bi de produc\u021bie<\/h3>\n<p>Ne specializ\u0103m \u00een producerea de cilindri hidraulici de \u00eenalt\u0103 calitate pentru bra\u021b, care \u00eenlocuiesc perfect cilindrii hidraulici existen\u021bi, asigur\u00e2nd performan\u021be optime \u00een diverse aplica\u021bii.<\/p>\n<p><img decoding=\"async\" src=\"https:\/\/www.hydraulic-cylinders.net\/wp-content\/uploads\/2025\/04\/songte-cylinder-head-with-all-kinds-excavator-models.webp\" alt=\"Fabricarea cilindrilor hidraulici\"><\/p>\n<h2>Aplica\u021bii<\/h2>\n<h3>Echipamente de construc\u021bii<\/h3>\n<p>\u00cen excavatoare, cilindrii bra\u021bului sunt indispensabili pentru s\u0103pare, \u00eenc\u0103rcare \u0219i mutarea solului sau a resturilor. Ace\u0219tia permit bra\u021bului excavatorului s\u0103 se extind\u0103 \u0219i s\u0103 p\u0103trund\u0103 eficient \u00een sol. \u00cen cazul \u00eenc\u0103rc\u0103toarelor basculante, ace\u0219ti cilindri faciliteaz\u0103 at\u00e2t opera\u021biunile de excavare, c\u00e2t \u0219i cele de ridicare, ceea ce le face unelte versatile \u00een industria construc\u021biilor.<\/p>\n<h3>Ma\u0219ini agricole<\/h3>\n<p>\u00cen \u00eenc\u0103rc\u0103toarele frontale, cilindrii bra\u021bului sunt utiliza\u021bi pentru scoaterea, ridicarea \u0219i transportul solului, f\u00e2nului \u0219i altor materiale, juc\u00e2nd un rol crucial \u00een sarcinile agricole. Fiabilitatea lor asigur\u0103 c\u0103 fermierii \u00ee\u0219i pot gestiona eficient volumul de munc\u0103 cu timpi de nefunc\u021bionare minimi.<\/p>\n<h3>Excavatoare<\/h3>\n<p>Cilindrii bra\u021bului permit excavatoarelor s\u0103 efectueze ac\u021biuni de s\u0103pare, permi\u021b\u00e2nd cupei s\u0103 p\u0103trund\u0103 \u00een sol. Aceast\u0103 func\u021bionalitate este esen\u021bial\u0103 \u00een diverse proiecte de excavare, de la construc\u021bii reziden\u021biale p\u00e2n\u0103 la dezvolt\u0103ri de infrastructur\u0103 la scar\u0103 larg\u0103.<\/p>\n<h3>\u00cenc\u0103rc\u0103toare<\/h3>\n<p>La \u00eenc\u0103rc\u0103toarele frontale, cilindrii bra\u021bului ajut\u0103 la ridicarea \u0219i desc\u0103rcarea eficient\u0103 a \u00eenc\u0103rc\u0103turilor. Designul lor robust asigur\u0103 c\u0103 materialele grele pot fi mutate cu u\u0219urin\u021b\u0103, sporind productivitatea pe \u0219antiere.<\/p>\n<h2>Considera\u021bii de proiectare \u0219i standarde de selec\u021bie<\/h2>\n<h3>Capacitate de \u00eenc\u0103rcare<\/h3>\n<p>La proiectarea unui cilindru pentru bra\u021b, capacitatea de \u00eenc\u0103rcare este un factor critic. Aceasta determin\u0103 c\u00e2t\u0103 greutate poate ridica \u0219i manipula cilindrul \u00een siguran\u021b\u0103. Aceast\u0103 considera\u021bie este esen\u021bial\u0103 pentru asigurarea siguran\u021bei \u0219i func\u021bionalit\u0103\u021bii utilajelor grele care utilizeaz\u0103 cilindrul. Inginerii trebuie s\u0103 calculeze sarcinile maxime a\u0219teptate \u00een timpul func\u021bion\u0103rii, lu\u00e2nd \u00een considerare factori precum distribu\u021bia greut\u0103\u021bii \u0219i tipul de lucrare efectuat\u0103. Capacitatea mare de \u00eenc\u0103rcare necesit\u0103 materiale robuste \u0219i inginerie pentru a preveni defec\u021biunile \u00een timpul utiliz\u0103rii.<\/p>\n<h3>Performan\u021ba de etan\u0219are<\/h3>\n<p>Etan\u0219area este vital\u0103 \u00een cilindrii hidraulici pentru a preveni scurgerile de fluid \u0219i a men\u021bine presiunea. Etan\u0219\u0103rile eficiente trebuie s\u0103 reziste la presiuni \u0219i temperaturi ridicate, rezist\u00e2nd \u00een acela\u0219i timp la uzur\u0103. Etan\u0219\u0103rile fabricate din materiale durabile, cum ar fi poliuretanul sau cauciucul nitrilic, asigur\u0103 longevitatea \u0219i eficien\u021ba. Etan\u0219area corect\u0103 afecteaz\u0103 performan\u021ba \u0219i fiabilitatea general\u0103 a sistemului hidraulic, ceea ce o face o considera\u021bie esen\u021bial\u0103 de proiectare.<\/p>\n<h3>Durabilitate<\/h3>\n<p>Durabilitatea este primordial\u0103 atunci c\u00e2nd se alege un cilindru pentru bra\u021b, \u00een special \u00een medii solicitante. Un cilindru durabil poate rezista la condi\u021bii dure, cum ar fi temperaturi extreme, praf, noroi \u0219i substan\u021be chimice. Produc\u0103torii ob\u021bin durabilitate prin selec\u021bia materialelor \u0219i tehnici avansate de inginerie, asigur\u00e2nd c\u0103 cilindrul poate func\u021biona \u00een mod fiabil pe perioade lungi de timp.<\/p>\n<h3>Caracteristici de siguran\u021b\u0103<\/h3>\n<p>Incorporarea caracteristicilor de siguran\u021b\u0103 \u00een proiectarea cilindrilor bra\u021bului este crucial\u0103 pentru prevenirea accidentelor \u00een timpul func\u021bion\u0103rii. Supapele de siguran\u021b\u0103, sistemele de eliberare a presiunii \u0219i mecanismele de oprire de urgen\u021b\u0103 contribuie la siguran\u021ba general\u0103 a sistemelor hidraulice. Asigurarea faptului c\u0103 aceste caracteristici fac parte din proiectare ajut\u0103 la atenuarea riscurilor asociate cu utilizarea utilajelor grele.<\/p>\n<h3>Considera\u021bii privind \u00eentre\u021binerea<\/h3>\n<p>Proiectarea pentru mentenan\u021b\u0103 u\u0219oar\u0103 asigur\u0103 c\u0103 cilindrii bra\u021bului pot fi \u00eentre\u021binu\u021bi cu u\u0219urin\u021b\u0103. Aceasta include asigurarea accesului pentru inspec\u021bii, lubrifiere \u0219i repara\u021bii. \u00centre\u021binerea regulat\u0103 este esen\u021bial\u0103 pentru prelungirea duratei de via\u021b\u0103 a cilindrului \u0219i men\u021binerea performan\u021bei acestuia. Caracteristicile care faciliteaz\u0103 \u00eentre\u021binerea contribuie la reducerea costurilor opera\u021bionale \u0219i la cre\u0219terea siguran\u021bei.<\/p>\n<p><img decoding=\"async\" src=\"https:\/\/www.hydraulic-cylinders.net\/wp-content\/uploads\/2025\/04\/songte-oil-pipes-and-spare-parts.webp\" alt=\"Piese cilindru hidraulic\"><\/p>\n<h2>Etan\u0219are \u0219i lubrifiere<\/h2>\n<p>Etan\u0219area \u0219i lubrifierea eficiente sunt esen\u021biale pentru performan\u021ba optim\u0103 a cilindrilor bra\u021bului. Diverse componente de etan\u0219are, cum ar fi etan\u0219\u0103rile pistonului \u0219i etan\u0219\u0103rile tijei, sunt vitale pentru a preveni scurgerile de fluid hidraulic. Garniturile fabricate din materiale rezistente la uzur\u0103, cum ar fi poliuretanul \u0219i cauciucul nitrilic, sunt utilizate \u00een mod obi\u0219nuit pentru a asigura durabilitatea. \u00cen plus, corpul cilindrului \u0219i suprafe\u021bele filetate ale cap\u0103tului sunt prelucrate fin pentru a spori rezisten\u021ba la uzur\u0103. Lubrifierea regulat\u0103 cu ulei hidraulic este necesar\u0103 pentru a men\u021bine o func\u021bionare lin\u0103 \u0219i a preveni uzura pieselor mobile, asigur\u00e2nd longevitatea cilindrului.<\/p>\n<h2>M\u0103suri de \u00eentre\u021binere preventiv\u0103<\/h2>\n<ul>\n<li><strong>Inspec\u021bii regulate:<\/strong> Efectua\u021bi inspec\u021bii de rutin\u0103 pentru a identifica din timp uzura \u0219i poten\u021bialele probleme. Verific\u0103rile regulate ajut\u0103 la prevenirea defec\u021biunilor majore \u0219i la prelungirea duratei de via\u021b\u0103 a cilindrului hidraulic.<\/li>\n<li><strong>Lubrifiere adecvat\u0103:<\/strong> Asigura\u021bi-v\u0103 c\u0103 cilindrul este lubrifiat corespunz\u0103tor cu tipul corect de ulei hidraulic. Aceast\u0103 practic\u0103 minimizeaz\u0103 frecarea \u0219i uzura componentelor mobile, promov\u00e2nd o func\u021bionare eficient\u0103.<\/li>\n<li><strong>\u00cenlocuirea etan\u0219\u0103rii:<\/strong> Monitoriza\u021bi starea garniturilor \u0219i \u00eenlocui\u021bi-le dup\u0103 cum este necesar. Garniturile uzate sau deteriorate pot duce la scurgeri, compromi\u021b\u00e2nd performan\u021ba \u0219i siguran\u021ba.<\/li>\n<\/ul>\n<h2>Instruc\u021biuni de instalare<\/h2>\n<p>Instalarea corect\u0103 a cilindrilor bra\u021bului este crucial\u0103 pentru performan\u021ba \u0219i longevitatea acestora. \u00cencepe\u021bi prin a v\u0103 asigura c\u0103 suprafe\u021bele de montare sunt curate \u0219i f\u0103r\u0103 resturi. Utiliza\u021bi uneltele de aliniere adecvate pentru a v\u0103 asigura c\u0103 cilindrul este aliniat corect cu utilajul pentru a preveni solicit\u0103rile excesive. La fixarea cilindrului, utiliza\u021bi console de montare adecvate pentru a-l stabiliza \u00een mod corespunz\u0103tor. Urma\u021bi specifica\u021biile produc\u0103torului pentru set\u0103rile de cuplu pentru a evita deteriorarea cilindrului \u00een timpul instal\u0103rii. Verifica\u021bi periodic alinierea \u0219i fixa\u021bi suporturile pentru a v\u0103 asigura c\u0103 cilindrul func\u021bioneaz\u0103 f\u0103r\u0103 probleme \u0219i eficient.<\/p>\n<h2>Sarcini comune de \u00eentre\u021binere<\/h2>\n<h3>Inspec\u021bii regulate<\/h3>\n<p>Efectuarea inspec\u021biilor regulate este vital\u0103 pentru identificarea poten\u021bialelor probleme \u00eenainte ca acestea s\u0103 se agraveze. Inspecta\u021bi cilindrul pentru semne de uzur\u0103, scurgeri sau coroziune. Acorda\u021bi o aten\u021bie deosebit\u0103 garniturilor \u0219i componentelor de montare pentru a v\u0103 asigura c\u0103 totul func\u021bioneaz\u0103 corect. Documenta\u021bi orice constat\u0103ri pentru a urm\u0103ri starea \u00een timp \u0219i a remedia problemele prompt.<\/p>\n<h3>Lubrifiere adecvat\u0103<\/h3>\n<p>Men\u021binerea unei lubrifieri adecvate este esen\u021bial\u0103 pentru buna func\u021bionare a cilindrilor hidraulici. Folosi\u021bi uleiul hidraulic recomandat de produc\u0103tor \u0219i asigura\u021bi-v\u0103 c\u0103 acesta este umplut la nivelul corect. Lubrifierea regulat\u0103 reduce frecarea \u0219i uzura, permi\u021b\u00e2nd cilindrului s\u0103 func\u021bioneze eficient. Stabili\u021bi un program de lubrifiere bazat pe utilizarea \u0219i condi\u021biile de mediu pentru a asigura o \u00eentre\u021binere consecvent\u0103.<\/p>\n<h3>\u00cenlocuirea garniturii \u0219i verific\u0103ri ale calibr\u0103rii<\/h3>\n<p>\u00cenlocui\u021bi garniturile la primul semn de uzur\u0103 sau scurgeri pentru a men\u021bine integritatea sistemului hidraulic. Programa\u021bi verific\u0103ri regulate de calibrare pentru a v\u0103 asigura c\u0103 cilindrul func\u021bioneaz\u0103 \u00een parametrii specifica\u021bi. Alinierea \u0219i func\u021bionarea corect\u0103 sunt esen\u021biale pentru siguran\u021b\u0103 \u0219i performan\u021b\u0103, iar orice abatere trebuie abordat\u0103 imediat.<\/p>\n<p><img decoding=\"async\" src=\"https:\/\/www.hydraulic-cylinders.net\/wp-content\/uploads\/2025\/04\/songte-chushion-collar.webp\" alt=\"Guler de pern\u0103 cilindric\u0103\"><\/p>\n<h2>Considera\u021bii de siguran\u021b\u0103 \u0219i factori de mediu<\/h2>\n<p>Atunci c\u00e2nd se utilizeaz\u0103 cilindri hidraulici, este imperativ s\u0103 se respecte m\u0103surile de siguran\u021b\u0103 pentru a preveni accidentele. Operatorii trebuie s\u0103 fie instrui\u021bi \u00een utilizarea corect\u0103 a utilajelor \u0219i s\u0103 \u00een\u021beleag\u0103 poten\u021bialele pericole asociate cu sistemele hidraulice. \u00cen plus, utilizarea fluidelor hidraulice ecologice poate atenua impactul asupra mediului, promov\u00e2nd sustenabilitatea \u0219i siguran\u021ba \u00een opera\u021biuni.<\/p>\n<h2>Depanarea problemelor comune<\/h2>\n<ul>\n<li><strong>Scurgere:<\/strong> Dac\u0103 observa\u021bi scurgeri de lichid hidraulic din cilindru, verifica\u021bi dac\u0103 garniturile sunt deteriorate \u0219i \u00eenlocui\u021bi-le dup\u0103 cum este necesar. Asigura\u021bi-v\u0103 c\u0103 cilindrul este instalat corect \u0219i c\u0103 toate conexiunile sunt str\u00e2nse.<\/li>\n<li><strong>Putere insuficient\u0103:<\/strong> Dac\u0103 cilindrul nu func\u021bioneaz\u0103 conform a\u0219tept\u0103rilor, verifica\u021bi dac\u0103 nivelul fluidului hidraulic este adecvat \u0219i dac\u0103 sistemul nu prezint\u0103 blocaje. Verifica\u021bi dac\u0103 exist\u0103 scurgeri de aer \u00een conductele hidraulice.<\/li>\n<li><strong>Zgomote ciudate:<\/strong> Zgomotele neobi\u0219nuite \u00een timpul func\u021bion\u0103rii pot indica probleme mecanice sau lubrifiere inadecvat\u0103. Verifica\u021bi dac\u0103 exist\u0103 uzur\u0103 \u0219i asigura\u021bi-v\u0103 c\u0103 cilindrul este lubrifiat corespunz\u0103tor pentru a preveni deteriorarea.<\/li>\n<\/ul>\n<h2>Sfaturi de depanare<\/h2>\n<p>Pentru a depana eficient problemele, \u00eentre\u021bine\u021bi \u0219i inspecta\u021bi periodic sistemul hidraulic. P\u0103stra\u021bi un jurnal al oric\u0103ror probleme \u00eent\u00e2lnite pentru a identifica tipare care ar putea sugera probleme subiacente. Implementa\u021bi m\u0103suri preventive, cum ar fi verific\u0103ri de rutin\u0103 \u0219i \u00eenlocuirea la timp a garniturilor, pentru a minimiza problemele \u0219i a asigura func\u021bionarea eficient\u0103 a sistemului hidraulic.<\/p>\n<p><img decoding=\"async\" src=\"https:\/\/www.hydraulic-cylinders.net\/wp-content\/uploads\/2025\/04\/songte-bushings-with-all-kinds-of-excavator-models.webp\" alt=\"Buc\u0219e pentru excavator\"><\/p>\n<h2>Prezentare general\u0103 a companiei<\/h2>\n<p>Suntem un produc\u0103tor important de cilindri hidraulici de schimb, oferind o gam\u0103 larg\u0103 de produse care deservesc at\u00e2t pie\u021bele interne, c\u00e2t \u0219i cele interna\u021bionale. Dedicat\u0103 excelen\u021bei, compania noastr\u0103 utilizeaz\u0103 strategii de fabrica\u021bie rafinate \u0219i tehnologie avansat\u0103 pentru a asigura o calitate superioar\u0103 a produselor. Echipa noastr\u0103 este format\u0103 din profesioni\u0219ti califica\u021bi, dedica\u021bi \u00eembun\u0103t\u0103\u021birii platformei noastre de fabrica\u021bie, asigur\u00e2ndu-ne c\u0103 satisfacem diversele nevoi ale clien\u021bilor cu eficien\u021b\u0103, precizie \u0219i calitate ridicate.<\/p>\n<p><img decoding=\"async\" src=\"https:\/\/www.hydraulic-cylinders.net\/wp-content\/uploads\/2025\/04\/songte-company-4.webp\" alt=\"Procesul de fabrica\u021bie al companiei\"><br \/>\n<img decoding=\"async\" src=\"https:\/\/www.hydraulic-cylinders.net\/wp-content\/uploads\/2025\/04\/songte-company-3.webp\" alt=\"Produc\u021bia de cilindri hidraulici\"><\/p>\n<p>Our commitment to professionalism is reflected in our international certifications, custom services, advanced production equipment, and robust after-sales support. We strive to provide solutions tailored to our customers&#8217; specific requirements, ensuring their satisfaction and the long-term performance of our products.<\/p>\n<p>Autor: lyl<\/p>","protected":false},"excerpt":{"rendered":"<p>Boom Cylinder For XGMA Large Excavator XG833EH Product Overview The Boom Cylinder for the XGMA Large Excavator XG833EH is a crucial component in hydraulic systems, specifically designed to control the movement of the boom arm in heavy machinery. This hydraulic cylinder allows the boom to extend, retract, and tilt, facilitating efficient material handling tasks in [&hellip;]<\/p>","protected":false},"featured_media":17870,"comment_status":"open","ping_status":"closed","template":"","meta":{"_et_pb_use_builder":"","_et_pb_old_content":"","_et_gb_content_width":""},"product_brand":[],"product_cat":[1546],"product_tag":[1547,1496],"class_list":{"0":"post-19320","1":"product","2":"type-product","3":"status-publish","4":"has-post-thumbnail","6":"product_cat-boom-cylinders","7":"product_tag-boom-cylinders","8":"product_tag-hydraulic-cylinders","10":"first","11":"instock","12":"shipping-taxable","13":"product-type-simple"},"amp_enabled":true,"_links":{"self":[{"href":"https:\/\/www.hydraulic-cylinders.net\/ro\/wp-json\/wp\/v2\/product\/19320","targetHints":{"allow":["GET"]}}],"collection":[{"href":"https:\/\/www.hydraulic-cylinders.net\/ro\/wp-json\/wp\/v2\/product"}],"about":[{"href":"https:\/\/www.hydraulic-cylinders.net\/ro\/wp-json\/wp\/v2\/types\/product"}],"replies":[{"embeddable":true,"href":"https:\/\/www.hydraulic-cylinders.net\/ro\/wp-json\/wp\/v2\/comments?post=19320"}],"wp:featuredmedia":[{"embeddable":true,"href":"https:\/\/www.hydraulic-cylinders.net\/ro\/wp-json\/wp\/v2\/media\/17870"}],"wp:attachment":[{"href":"https:\/\/www.hydraulic-cylinders.net\/ro\/wp-json\/wp\/v2\/media?parent=19320"}],"wp:term":[{"taxonomy":"product_brand","embeddable":true,"href":"https:\/\/www.hydraulic-cylinders.net\/ro\/wp-json\/wp\/v2\/product_brand?post=19320"},{"taxonomy":"product_cat","embeddable":true,"href":"https:\/\/www.hydraulic-cylinders.net\/ro\/wp-json\/wp\/v2\/product_cat?post=19320"},{"taxonomy":"product_tag","embeddable":true,"href":"https:\/\/www.hydraulic-cylinders.net\/ro\/wp-json\/wp\/v2\/product_tag?post=19320"}],"curies":[{"name":"wp","href":"https:\/\/api.w.org\/{rel}","templated":true}]}}