{"id":19325,"date":"2025-04-07T06:27:02","date_gmt":"2025-04-07T06:27:02","guid":{"rendered":"https:\/\/www.hydraulic-cylinders.net\/product\/boom-cylinder-for-xgma-wheel-excavator-xg815w\/"},"modified":"2025-04-07T06:27:05","modified_gmt":"2025-04-07T06:27:05","slug":"boom-cylinder-for-xgma-wheel-excavator-xg815w","status":"publish","type":"product","link":"https:\/\/www.hydraulic-cylinders.net\/ro\/produs\/boom-cylinder-for-xgma-wheel-excavator-xg815w\/","title":{"rendered":"Cilindru de bra\u021b pentru excavatorul pe ro\u021bi XGMA XG815W"},"content":{"rendered":"<h1>Cilindru de bra\u021b pentru excavatorul pe ro\u021bi XGMA XG815W<\/h1>\n<h2>Introducere \u00een cilindrul bra\u021bului<\/h2>\n<p>Cilindrul bra\u021bului este o component\u0103 vital\u0103 a utilajelor grele, \u00een special la excavatoare, \u00eenc\u0103rc\u0103toare frontale \u0219i \u00eenc\u0103rc\u0103toare. Este un tip de cilindru hidraulic special conceput pentru a controla mi\u0219carea cupei, permi\u021b\u00e2ndu-i s\u0103 ridice, s\u0103 coboare \u0219i s\u0103 \u00eencline dup\u0103 cum este necesar pentru diverse sarcini de manipulare a materialelor. Acest cilindru hidraulic este crucial pentru func\u021bionarea eficient\u0103 a excavatoarelor, deoarece ofer\u0103 for\u021ba necesar\u0103 pentru manipularea sarcinilor grele \u0219i navigarea pe terenuri dificile. Cilindrul bra\u021bului func\u021bioneaz\u0103 sub presiune ridicat\u0103, fiind esen\u021bial pentru sarcinile care necesit\u0103 precizie \u0219i rezisten\u021b\u0103.<\/p>\n<p><img decoding=\"async\" src=\"https:\/\/www.hydraulic-cylinders.net\/wp-content\/uploads\/2025\/04\/songte-company-1.webp\" alt=\"Cilindru de bra\u021b pentru excavatoare\"><\/p>\n<h2>Caracteristicile cilindrului bra\u021bului<\/h2>\n<ul>\n<li><strong>Rezisten\u021b\u0103 \u0219i durabilitate ridicate:<\/strong> Fabricat din o\u021bel sau aluminiu de \u00eenalt\u0103 rezisten\u021b\u0103, cilindrul bra\u021bului poate rezista la presiuni ridicate \u0219i sarcini grele, fiind potrivit pentru medii de lucru dure. Designul s\u0103u pune accent pe rezisten\u021ba la uzur\u0103 \u0219i protec\u021bia \u00eempotriva coroziunii, sporindu-i durata de via\u021b\u0103.<\/li>\n<li><strong>Func\u021bionare hidraulic\u0103 eficient\u0103:<\/strong> Cilindrul utilizeaz\u0103 presiunea uleiului hidraulic pentru o extensie \u0219i retragere lin\u0103, permi\u021b\u00e2nd un r\u0103spuns rapid la comenzile de control \u0219i oferind o putere mare de \u00eempingere \u0219i tragere, ideal\u0103 pentru manipularea materialelor grele \u0219i a sarcinilor complexe.<\/li>\n<li><strong>Diverse tipuri:<\/strong> \u00cen func\u021bie de nevoile opera\u021bionale, op\u021biunile includ cilindri cu ac\u021biune simpl\u0103 (for\u021b\u0103 hidraulic\u0103 \u00eentr-o direc\u021bie) sau cu ac\u021biune dubl\u0103 (for\u021b\u0103 hidraulic\u0103 \u00een ambele direc\u021bii). Unele modele sunt telescopice, permi\u021b\u00e2nd o extensie mai mare f\u0103r\u0103 a cre\u0219te dimensiunile exterioare, potrivite pentru aplica\u021bii cu spa\u021biu limitat.<\/li>\n<\/ul>\n<p>Produsele noastre sunt proiectate pentru a \u00eenlocui perfect cilindrii hidraulici existen\u021bi.<\/p>\n<p><img decoding=\"async\" src=\"https:\/\/www.hydraulic-cylinders.net\/wp-content\/uploads\/2025\/04\/songte-cylinder-head-with-all-kinds-excavator-models.webp\" alt=\"Chiulas\u0103 hidraulic\u0103\"><\/p>\n<h2>Scenarii de aplica\u021bii<\/h2>\n<h3>Echipamente de construc\u021bii<\/h3>\n<p>\u00cen excavatoare, cilindrii bra\u021bului joac\u0103 un rol esen\u021bial \u00een s\u0103parea, \u00eenc\u0103rcarea \u0219i mutarea solului sau a resturilor. Ace\u0219tia permit cupei s\u0103 p\u0103trund\u0103 eficient \u00een sol, ceea ce le face indispensabile pentru \u0219antierele de construc\u021bii. \u00cen cazul \u00eenc\u0103rc\u0103toarelor excavatoare, ace\u0219ti cilindri ajut\u0103 nu numai la excavare, ci \u0219i la ridicarea \u0219i mutarea materialelor, oferind versatilitate \u00een diverse sarcini de construc\u021bie.<\/p>\n<h3>Ma\u0219ini agricole<\/h3>\n<p>\u00cen cazul \u00eenc\u0103rc\u0103toarelor frontale, cilindrii bra\u021bului sunt utiliza\u021bi pentru scoaterea, ridicarea \u0219i transportul solului, f\u00e2nului \u0219i altor materiale. Designul lor robust le permite s\u0103 gestioneze sarcini semnificative, ceea ce este esen\u021bial \u00een opera\u021biunile agricole unde eficien\u021ba \u0219i fiabilitatea sunt primordiale.<\/p>\n<h3>Excavatoare<\/h3>\n<p>Cilindrul bra\u021bului permite cupei s\u0103 p\u0103trund\u0103 eficient \u00een sol, facilit\u00e2nd ac\u021biunile de s\u0103pare. Aceast\u0103 func\u021bie este vital\u0103 pentru sarcini precum s\u0103parea de \u0219an\u021buri, preg\u0103tirea \u0219antierului \u0219i alte sarcini de excavare, asigur\u00e2nd c\u0103 operatorii \u00ee\u0219i pot executa sarcinile eficient.<\/p>\n<h3>\u00cenc\u0103rc\u0103toare<\/h3>\n<p>La \u00eenc\u0103rc\u0103toarele frontale, cilindrii bra\u021bului ajut\u0103 la ridicarea \u0219i desc\u0103rcarea eficient\u0103 a \u00eenc\u0103rc\u0103turilor. Puterea lor hidraulic\u0103 permite operatorilor s\u0103 gestioneze cu u\u0219urin\u021b\u0103 \u00eenc\u0103rc\u0103turile grele, \u00eembun\u0103t\u0103\u021bind productivitatea pe \u0219antierele unde este necesar\u0103 o manipulare rapid\u0103 a materialelor.<\/p>\n<h2>Considera\u021bii de proiectare \u0219i standarde de selec\u021bie<\/h2>\n<h3>Capacitate de \u00eenc\u0103rcare<\/h3>\n<p>Capacitatea de \u00eenc\u0103rcare a unui cilindru al bra\u021bului este un factor critic \u00een proiectarea sa, deoarece acesta trebuie s\u0103 poat\u0103 sus\u021bine greutatea materialelor manipulate f\u0103r\u0103 riscul de defec\u021biune. Produc\u0103torii efectueaz\u0103 adesea teste riguroase pentru a se asigura c\u0103 cilindrii lor pot suporta \u00een siguran\u021b\u0103 sarcinile specificate.<\/p>\n<h3>Integritatea sigiliului<\/h3>\n<p>Etan\u0219area eficient\u0103 este vital\u0103 pentru a preveni scurgerile de fluid hidraulic, care pot duce la sc\u0103derea eficien\u021bei \u0219i la poten\u021biale pericole. Un cilindru al bra\u021bului bine proiectat \u00eencorporeaz\u0103 etan\u0219\u0103ri de \u00eenalt\u0103 calitate, fabricate din materiale durabile, asigur\u00e2nd performan\u021b\u0103 \u0219i fiabilitate pe termen lung.<\/p>\n<h3>Durabilitate<\/h3>\n<p>Durabilitatea este o considera\u021bie cheie \u00een proiectare, deoarece cilindrii bra\u021bului sunt adesea supu\u0219i unor condi\u021bii dure. Produc\u0103torii utilizeaz\u0103 materiale de \u00eenalt\u0103 calitate \u0219i tehnici avansate de construc\u021bie pentru a spori rezisten\u021ba la uzur\u0103 \u0219i coroziune, prelungind durata de via\u021b\u0103 a produsului.<\/p>\n<h3>Siguran\u0163\u0103<\/h3>\n<p>Caracteristicile de siguran\u021b\u0103 sunt primordiale \u00een proiectarea cilindrilor bra\u021bului. Acestea pot include supape de suprapresiune \u0219i dispozitive de siguran\u021b\u0103 care asigur\u0103 func\u021bionarea sistemului \u00een parametri de siguran\u021b\u0103, prevenind accidentele \u00een timpul func\u021bion\u0103rii.<\/p>\n<h3>Accesibilitate pentru \u00eentre\u021binere<\/h3>\n<p>Proiectarea cilindrilor bra\u021bului av\u00e2nd \u00een vedere \u00eentre\u021binerea este crucial\u0103 pentru asigurarea longevit\u0103\u021bii. Componentele accesibile permit inspec\u021bii, repara\u021bii \u0219i \u00eenlocuiri mai u\u0219oare ale pieselor, reduc\u00e2nd la minimum timpul de nefunc\u021bionare a utilajelor.<\/p>\n<p><img decoding=\"async\" src=\"https:\/\/www.hydraulic-cylinders.net\/wp-content\/uploads\/2025\/04\/songte-oil-pipes-and-spare-parts.webp\" alt=\"Conducte de petrol \u0219i piese de schimb\"><\/p>\n<h2>Etan\u0219are \u0219i lubrifiere<\/h2>\n<p>Etan\u0219area \u0219i lubrifierea corespunz\u0103toare sunt esen\u021biale pentru func\u021bionarea eficient\u0103 a cilindrilor bra\u021bului. Diverse componente de etan\u0219are, cum ar fi etan\u0219\u0103rile pistonului \u0219i etan\u0219\u0103rile tijei, sunt utilizate pentru a asigura o etan\u0219are etan\u0219\u0103, prevenind scurgerile de fluid hidraulic. Produc\u0103torii folosesc adesea poliuretan sau cauciuc nitrilic pentru etan\u0219\u0103ri datorit\u0103 rezisten\u021bei la abraziune \u0219i durabilit\u0103\u021bii lor. Corpul cilindrului \u0219i capetele filetate sunt prelucrate fin pentru a spori rezisten\u021ba la uzur\u0103, ceea ce este crucial pentru utilizarea pe termen lung. Lubrifierea regulat\u0103 cu ulei hidraulic este necesar\u0103 pentru a men\u021bine o func\u021bionare lin\u0103 \u0219i a preveni uzura.<\/p>\n<h2>Inspec\u021bie regulat\u0103 \u0219i \u00eentre\u021binere preventiv\u0103<\/h2>\n<ul>\n<li><strong>Inspec\u021bii regulate:<\/strong> Verifica\u021bi frecvent pentru semne de uzur\u0103, scurgeri sau deterior\u0103ri. Depistarea timpurie a acestor probleme poate preveni probleme mai semnificative \u0219i repara\u021bii costisitoare.<\/li>\n<li><strong>Lubrifiere adecvat\u0103:<\/strong> Asigura\u021bi-v\u0103 c\u0103 nivelurile uleiului hidraulic sunt adecvate \u0219i c\u0103 uleiul este curat. Acest lucru previne frecarea \u0219i prelunge\u0219te durata de via\u021b\u0103 a cilindrului.<\/li>\n<li><strong>\u00cenlocuirea garniturii:<\/strong> Examina\u021bi periodic garniturile pentru a depista eventualele deterior\u0103ri \u0219i \u00eenlocui\u021bi-le dup\u0103 cum este necesar pentru a men\u021bine eficien\u021ba hidraulic\u0103 \u0219i a preveni scurgerile.<\/li>\n<\/ul>\n<h2>Instruc\u021biuni de instalare<\/h2>\n<p>Instalarea corect\u0103 a cilindrului bra\u021bului este crucial\u0103 pentru o performan\u021b\u0103 optim\u0103. \u00cencepe\u021bi prin a v\u0103 asigura c\u0103 zona de lucru este curat\u0103 \u0219i lipsit\u0103 de resturi. Alinia\u021bi corect cilindrul \u0219i utiliza\u021bi suporturile de montare adecvate pentru a-l fixa \u00een pozi\u021bie. Asigura\u021bi-v\u0103 c\u0103 toate conexiunile hidraulice sunt str\u00e2nse \u0219i f\u0103r\u0103 scurgeri. Dup\u0103 instalare, efectua\u021bi un test de func\u021bionare pentru a verifica dac\u0103 cilindrul func\u021bioneaz\u0103 f\u0103r\u0103 probleme \u0219i eficient. Monitoriza\u021bi periodic instalarea pentru orice semne de nealiniere sau uzur\u0103.<\/p>\n<h2>Sarcini comune de \u00eentre\u021binere<\/h2>\n<ul>\n<li><strong>Inspec\u021bii regulate:<\/strong> Efectua\u021bi verific\u0103ri de rutin\u0103 pentru a identifica din timp orice uzur\u0103 sau deteriorare. Aceast\u0103 abordare proactiv\u0103 ajut\u0103 la men\u021binerea integrit\u0103\u021bii opera\u021bionale a cilindrului.<\/li>\n<li><strong>Lubrifiere adecvat\u0103:<\/strong> Men\u021bine\u021bi nivelurile uleiului hidraulic \u0219i asigura\u021bi-v\u0103 c\u0103 uleiul este curat. Lubrifierea adecvat\u0103 reduce uzura \u0219i \u00eembun\u0103t\u0103\u021be\u0219te performan\u021ba.<\/li>\n<li><strong>\u00cenlocuirea garniturii \u0219i verific\u0103ri ale calibr\u0103rii:<\/strong> Evalua\u021bi periodic starea garniturilor de etan\u0219are \u0219i \u00eenlocui\u021bi-le dup\u0103 cum este necesar pentru a preveni scurgerile. Calibrarea regulat\u0103 asigur\u0103 func\u021bionarea cilindrului \u00een parametrii proiecta\u021bi.<\/li>\n<\/ul>\n<h2>Considera\u021bii de siguran\u021b\u0103 \u0219i factori de mediu<\/h2>\n<p>Atunci c\u00e2nd se utilizeaz\u0103 cilindri ai bra\u021bului, este esen\u021bial s\u0103 se acorde prioritate siguran\u021bei. Asigura\u021bi-v\u0103 c\u0103 to\u021bi operatorii sunt instrui\u021bi \u00een practicile de manipulare \u00een siguran\u021b\u0103 \u0219i \u00een\u021beleg riscurile asociate sistemelor hidraulice. Implementarea m\u0103surilor de siguran\u021b\u0103, cum ar fi purtarea echipamentului de protec\u021bie \u0219i efectuarea de audituri regulate de siguran\u021b\u0103, ajut\u0103 la reducerea la minimum a accidentelor \u0219i a r\u0103nilor.<\/p>\n<h2>Diagnosticarea defec\u021biunilor \u0219i probleme frecvente<\/h2>\n<ul>\n<li><strong>Scurgeri hidraulice:<\/strong> Problemele frecvente includ scurgeri la punctele de etan\u0219are, ceea ce poate duce la o performan\u021b\u0103 sc\u0103zut\u0103. Verifica\u021bi periodic etan\u0219\u0103rile pentru a depista semne de uzur\u0103.<\/li>\n<li><strong>Mi\u0219care lent\u0103:<\/strong> Dac\u0103 cilindrul func\u021bioneaz\u0103 lent, acest lucru poate indica niveluri sc\u0103zute de lichid hidraulic sau aer \u00een sistem. Verifica\u021bi nivelurile de lichid \u0219i aerisi\u021bi sistemul, dac\u0103 este necesar.<\/li>\n<li><strong>Zgomote neobi\u0219nuite:<\/strong> Zgomotele din timpul func\u021bion\u0103rii ar putea indica deterior\u0103ri interne sau lubrifiere inadecvat\u0103. Investiga\u021bi orice sunete neobi\u0219nuite \u0219i remedia\u021bi-le prompt.<\/li>\n<\/ul>\n<h2>Sfaturi de depanare<\/h2>\n<p>Pentru a diagnostica \u0219i rezolva eficient problemele legate de cilindrii bra\u021bului, \u00eencepe\u021bi prin observarea simptomelor. Remedierea prompt\u0103 a scurgerilor poate preveni daune suplimentare \u0219i poate reduce costurile opera\u021bionale. \u00centre\u021binerea regulat\u0103, inclusiv verificarea garniturilor \u0219i a lubrifierii, poate preveni apari\u021bia multor probleme comune.<\/p>\n<p><img decoding=\"async\" src=\"https:\/\/www.hydraulic-cylinders.net\/wp-content\/uploads\/2025\/04\/songte-bushings-with-all-kinds-of-excavator-models.webp\" alt=\"Buc\u0219e pentru excavatoare\"><\/p>\n<h2>Despre compania noastr\u0103<\/h2>\n<p>Suntem un produc\u0103tor important de cilindri hidraulici de schimb, oferind o gam\u0103 larg\u0103 de produse care ne pozi\u021bioneaz\u0103 ca lider at\u00e2t pe pie\u021bele interne, c\u00e2t \u0219i pe cele interna\u021bionale. Angajamentul nostru fa\u021b\u0103 de o calitate excep\u021bional\u0103 este sus\u021binut de o strategie de fabrica\u021bie rafinat\u0103 \u0219i de o concentrare pe managementul produc\u021biei de \u00eenalt\u0103 precizie. Prin utilizarea de personal tehnic calificat, echipamente digitale avansate de fabrica\u021bie \u0219i sisteme profesionale de testare, ne \u00eembun\u0103t\u0103\u021bim continuu capacit\u0103\u021bile de fabrica\u021bie. Abordarea noastr\u0103 eficient\u0103, precis\u0103 \u0219i de \u00eenalt\u0103 calitate ne permite s\u0103 satisfacem eficient diversele nevoi ale clien\u021bilor.<\/p>\n<p><img decoding=\"async\" src=\"https:\/\/www.hydraulic-cylinders.net\/wp-content\/uploads\/2025\/04\/songte-company-4.webp\" alt=\"Prezentare general\u0103 a companiei\"><br \/>\n<img decoding=\"async\" src=\"https:\/\/www.hydraulic-cylinders.net\/wp-content\/uploads\/2025\/04\/songte-company-3.webp\" alt=\"Unitate de produc\u021bie\"><\/p>\n<p>Autor: lyl<\/p>","protected":false},"excerpt":{"rendered":"<p>Boom Cylinder For XGMA Wheel Excavator XG815W Introduction to Boom Cylinder The boom cylinder is a vital component of heavy machinery, particularly in excavators, backhoe loaders, and front loaders. It is a type of hydraulic cylinder specifically designed to control the movement of the bucket, allowing it to lift, lower, and tilt as needed for [&hellip;]<\/p>","protected":false},"featured_media":17875,"comment_status":"open","ping_status":"closed","template":"","meta":{"_et_pb_use_builder":"","_et_pb_old_content":"","_et_gb_content_width":""},"product_brand":[],"product_cat":[1546],"product_tag":[1547,1496],"class_list":{"0":"post-19325","1":"product","2":"type-product","3":"status-publish","4":"has-post-thumbnail","6":"product_cat-boom-cylinders","7":"product_tag-boom-cylinders","8":"product_tag-hydraulic-cylinders","10":"first","11":"instock","12":"shipping-taxable","13":"product-type-simple"},"amp_enabled":true,"_links":{"self":[{"href":"https:\/\/www.hydraulic-cylinders.net\/ro\/wp-json\/wp\/v2\/product\/19325","targetHints":{"allow":["GET"]}}],"collection":[{"href":"https:\/\/www.hydraulic-cylinders.net\/ro\/wp-json\/wp\/v2\/product"}],"about":[{"href":"https:\/\/www.hydraulic-cylinders.net\/ro\/wp-json\/wp\/v2\/types\/product"}],"replies":[{"embeddable":true,"href":"https:\/\/www.hydraulic-cylinders.net\/ro\/wp-json\/wp\/v2\/comments?post=19325"}],"wp:featuredmedia":[{"embeddable":true,"href":"https:\/\/www.hydraulic-cylinders.net\/ro\/wp-json\/wp\/v2\/media\/17875"}],"wp:attachment":[{"href":"https:\/\/www.hydraulic-cylinders.net\/ro\/wp-json\/wp\/v2\/media?parent=19325"}],"wp:term":[{"taxonomy":"product_brand","embeddable":true,"href":"https:\/\/www.hydraulic-cylinders.net\/ro\/wp-json\/wp\/v2\/product_brand?post=19325"},{"taxonomy":"product_cat","embeddable":true,"href":"https:\/\/www.hydraulic-cylinders.net\/ro\/wp-json\/wp\/v2\/product_cat?post=19325"},{"taxonomy":"product_tag","embeddable":true,"href":"https:\/\/www.hydraulic-cylinders.net\/ro\/wp-json\/wp\/v2\/product_tag?post=19325"}],"curies":[{"name":"wp","href":"https:\/\/api.w.org\/{rel}","templated":true}]}}